{"id":12401,"date":"2023-12-13T18:35:18","date_gmt":"2023-12-13T07:35:18","guid":{"rendered":"https:\/\/ozponcho.com.au\/p\/autumn-winter-women-clothing-v-neck-pullover-diamond-stitching-tassel-cape-knitted-sweater\/"},"modified":"2026-04-02T13:25:42","modified_gmt":"2026-04-02T02:25:42","slug":"stylish-blue-knit-cape","status":"publish","type":"product","link":"https:\/\/ozponcho.com.au\/nb\/p\/stilig-bla-strikkekappe\/","title":{"rendered":"Elegant bl\u00e5 ponchogenser med frynser"},"content":{"rendered":"<p>G\u00e5 de kj\u00f8lige \u00e5rstidene i m\u00f8te med eleganse i v\u00e5r elegante, bl\u00e5 poncho-genser. Dette stilige h\u00f8st- og vinterplagget har et karakteristisk rutete chevronm\u00f8nster og lekne frynsedetaljer som skaper en moteriktig bohemstil. V-hals-designet og de lange dolmanermene gir en behagelig, l\u00f8s passform som er perfekt til lag p\u00e5 lag. Denne ponchoen er strikket i myk akryl av h\u00f8y kvalitet og holder deg varm og trendy. Med sin allsidighet passer den perfekt til b\u00e5de jeans og leggings, noe som gj\u00f8r den til et must i enhver moteriktig garderobe. Oppgrader stilen din og hold deg varm med denne vakre, bl\u00e5 ponchogenseren.<\/p>\n<div>Stil: Avslappet<\/div>\n<div>Passform: L\u00f8s<\/div>\n<div>Stoff: Jersey<\/div>\n<div>M\u00f8nster: Chevron<\/div>\n<div>Element: Frynser<\/div>\n<div>Lengde p\u00e5 toppen: Lang<\/div>\n<div>Utringning: Rund hals<\/div>\n<div>Type erme: Dolman-erme<\/div>\n<div>Ermelengde: Lang erme<\/div>\n<div>Hovedkomposisjon: Akryl<\/div>\n<div>Sesong: H\u00f8st\/vinter<\/div>\n<p><img decoding=\"async\" src=\"https:\/\/ozponcho.com.au\/wp-content\/uploads\/2024\/03\/1148256255710593024.png\" \/><img decoding=\"async\" src=\"https:\/\/ozponcho.com.au\/wp-content\/uploads\/2024\/03\/O1CN01aK3m5U1FWkvXk4s9N_2848600495-0-cib.jpg\" \/><img decoding=\"async\" src=\"https:\/\/ozponcho.com.au\/wp-content\/uploads\/2024\/03\/O1CN01uv1onE1FWkvUTFF3Q_2848600495-0-cib.jpg\" \/><img decoding=\"async\" src=\"https:\/\/ozponcho.com.au\/wp-content\/uploads\/2024\/03\/O1CN013Bc2Yi1FWkvWKlUA3_2848600495-0-cib.jpg\" \/><img decoding=\"async\" src=\"https:\/\/ozponcho.com.au\/wp-content\/uploads\/2024\/03\/O1CN01JvvDmT1FWkvYBSloj_2848600495-0-cib.jpg\" \/><img decoding=\"async\" src=\"https:\/\/ozponcho.com.au\/wp-content\/uploads\/2024\/03\/O1CN01s3JzAl1FWkvWKnQlT_2848600495-0-cib.jpg\" \/><img decoding=\"async\" src=\"https:\/\/ozponcho.com.au\/wp-content\/uploads\/2024\/03\/O1CN01YnPL9M1FWkvTGy97X_2848600495-0-cib.jpg\" \/><img decoding=\"async\" src=\"https:\/\/ozponcho.com.au\/wp-content\/uploads\/2024\/03\/O1CN01hQp8HQ1FWkvZtyrDi_2848600495-0-cib.jpg\" \/><img decoding=\"async\" src=\"https:\/\/ozponcho.com.au\/wp-content\/uploads\/2024\/03\/O1CN01gjgJVQ1FWkvUY8xf7_2848600495-0-cib.jpg\" \/><img decoding=\"async\" src=\"https:\/\/ozponcho.com.au\/wp-content\/uploads\/2024\/03\/O1CN01nUlFpO1FWkvRGDSVR_2848600495-0-cib.jpg\" \/><img decoding=\"async\" src=\"https:\/\/ozponcho.com.au\/wp-content\/uploads\/2024\/03\/O1CN01G3RIZg1FWkvUYA2L7_2848600495-0-cib.jpg\" \/><img decoding=\"async\" src=\"https:\/\/ozponcho.com.au\/wp-content\/uploads\/2024\/03\/O1CN01ZM4bvq1FWkvZ3vEXw_2848600495-0-cib.jpg\" \/><img decoding=\"async\" src=\"https:\/\/ozponcho.com.au\/wp-content\/uploads\/2024\/03\/O1CN01m8FEpb1FWkvUTGmtI_2848600495-0-cib.jpg\" \/><img decoding=\"async\" src=\"https:\/\/ozponcho.com.au\/wp-content\/uploads\/2024\/03\/O1CN010yP6C81FWkvKp4ufn_2848600495-0-cib.jpg\" \/><img decoding=\"async\" src=\"https:\/\/ozponcho.com.au\/wp-content\/uploads\/2024\/03\/O1CN01g2DuvD1FWkvQfhPjF_2848600495-0-cib.jpg\" \/><\/p>","protected":false},"excerpt":{"rendered":"<p>Embrace the chilly seasons with elegance in our chic, blue poncho sweater. This stylish autumn-winter essential is adorned with a distinctive diamond chevron pattern and playful fringe details, creating a fashionable bohemian vibe. The v-neck design and dolman long sleeves provide a comfortable, loose fit, perfect for layering. Knitted from soft, high-quality acrylic, this poncho [&#8230;]","protected":false},"featured_media":12364,"template":"","meta":[],"product_brand":[],"product_cat":[15,228,214,210],"product_tag":[],"class_list":{"0":"post-12401","1":"product","2":"type-product","3":"status-publish","4":"has-post-thumbnail","6":"product_cat-main-category","7":"product_cat-poncho-sweater","8":"product_cat-knitted-crochet-poncho","9":"product_cat-poncho-women","11":"first","12":"outofstock","13":"shipping-taxable","14":"purchasable","15":"product-type-variable","16":"has-default-attributes"},"yoast_head":"<!-- This site is optimized with the Yoast SEO plugin v25.9 - https:\/\/yoast.com\/wordpress\/plugins\/seo\/ -->\n<title>Chic Fringed Blue Poncho Sweater | Australia #1 Poncho Shop<\/title>\n<meta name=\"description\" content=\"Looking for a Chic Fringed Blue Poncho Sweater ? You&#039;ve come to the right place \ud83d\ude04 We offers a wide selection of Chic Fringed Blue Poncho Sweater, perfect for you.\" \/>\n<meta name=\"robots\" content=\"index, follow, max-snippet:-1, max-image-preview:large, max-video-preview:-1\" \/>\n<link rel=\"canonical\" href=\"https:\/\/ozponcho.com.au\/nb\/p\/stilig-bla-strikkekappe\/\" \/>\n<meta property=\"og:locale\" content=\"nb_NO\" \/>\n<meta property=\"og:type\" content=\"article\" \/>\n<meta property=\"og:title\" content=\"Chic Fringed Blue Poncho Sweater | Australia #1 Poncho Shop\" \/>\n<meta property=\"og:description\" content=\"Looking for a Chic Fringed Blue Poncho Sweater ? You&#039;ve come to the right place \ud83d\ude04 We offers a wide selection of Chic Fringed Blue Poncho Sweater, perfect for you.\" \/>\n<meta property=\"og:url\" content=\"https:\/\/ozponcho.com.au\/nb\/p\/stilig-bla-strikkekappe\/\" \/>\n<meta property=\"og:site_name\" content=\"OZ Poncho\" \/>\n<meta property=\"article:modified_time\" content=\"2026-04-02T02:25:42+00:00\" \/>\n<meta property=\"og:image\" content=\"https:\/\/ozponcho.com.au\/wp-content\/uploads\/2023\/12\/O1CN01aK3m5U1FWkvXk4s9N_2848600495-0-cib.jpg\" \/>\n\t<meta property=\"og:image:width\" content=\"1000\" \/>\n\t<meta property=\"og:image:height\" content=\"1000\" \/>\n\t<meta property=\"og:image:type\" content=\"image\/jpeg\" \/>\n<meta name=\"twitter:card\" content=\"summary_large_image\" \/>\n<meta name=\"twitter:label1\" content=\"Ansl. lesetid\" \/>\n\t<meta name=\"twitter:data1\" content=\"4 minutter\" \/>\n<script type=\"application\/ld+json\" class=\"yoast-schema-graph\">{\"@context\":\"https:\/\/schema.org\",\"@graph\":[{\"@type\":\"WebPage\",\"@id\":\"https:\/\/ozponcho.com.au\/p\/stylish-blue-knit-cape\/\",\"url\":\"https:\/\/ozponcho.com.au\/p\/stylish-blue-knit-cape\/\",\"name\":\"Chic Fringed Blue Poncho Sweater | Australia #1 Poncho Shop\",\"isPartOf\":{\"@id\":\"https:\/\/ozponcho.com.au\/#website\"},\"primaryImageOfPage\":{\"@id\":\"https:\/\/ozponcho.com.au\/p\/stylish-blue-knit-cape\/#primaryimage\"},\"image\":{\"@id\":\"https:\/\/ozponcho.com.au\/p\/stylish-blue-knit-cape\/#primaryimage\"},\"thumbnailUrl\":\"https:\/\/ozponcho.com.au\/wp-content\/uploads\/2023\/12\/O1CN01aK3m5U1FWkvXk4s9N_2848600495-0-cib.jpg\",\"datePublished\":\"2023-12-13T07:35:18+00:00\",\"dateModified\":\"2026-04-02T02:25:42+00:00\",\"description\":\"Looking for a Chic Fringed Blue Poncho Sweater ? You've come to the right place \ud83d\ude04 We offers a wide selection of Chic Fringed Blue Poncho Sweater, perfect for you.\",\"breadcrumb\":{\"@id\":\"https:\/\/ozponcho.com.au\/p\/stylish-blue-knit-cape\/#breadcrumb\"},\"inLanguage\":\"nb-NO\",\"potentialAction\":[{\"@type\":\"ReadAction\",\"target\":[\"https:\/\/ozponcho.com.au\/p\/stylish-blue-knit-cape\/\"]}]},{\"@type\":\"ImageObject\",\"inLanguage\":\"nb-NO\",\"@id\":\"https:\/\/ozponcho.com.au\/p\/stylish-blue-knit-cape\/#primaryimage\",\"url\":\"https:\/\/ozponcho.com.au\/wp-content\/uploads\/2023\/12\/O1CN01aK3m5U1FWkvXk4s9N_2848600495-0-cib.jpg\",\"contentUrl\":\"https:\/\/ozponcho.com.au\/wp-content\/uploads\/2023\/12\/O1CN01aK3m5U1FWkvXk4s9N_2848600495-0-cib.jpg\",\"width\":1000,\"height\":1000,\"caption\":\"Chic Fringed Blue Poncho Sweater\"},{\"@type\":\"BreadcrumbList\",\"@id\":\"https:\/\/ozponcho.com.au\/p\/stylish-blue-knit-cape\/#breadcrumb\",\"itemListElement\":[{\"@type\":\"ListItem\",\"position\":1,\"name\":\"Home\",\"item\":\"https:\/\/ozponcho.com.au\/\"},{\"@type\":\"ListItem\",\"position\":2,\"name\":\"Shop\",\"item\":\"https:\/\/ozponcho.com.au\/shop\/\"},{\"@type\":\"ListItem\",\"position\":3,\"name\":\"Chic Fringed Blue Poncho Sweater\"}]},{\"@type\":\"WebSite\",\"@id\":\"https:\/\/ozponcho.com.au\/#website\",\"url\":\"https:\/\/ozponcho.com.au\/\",\"name\":\"OZ Poncho\",\"description\":\"\",\"potentialAction\":[{\"@type\":\"SearchAction\",\"target\":{\"@type\":\"EntryPoint\",\"urlTemplate\":\"https:\/\/ozponcho.com.au\/?s={search_term_string}\"},\"query-input\":{\"@type\":\"PropertyValueSpecification\",\"valueRequired\":true,\"valueName\":\"search_term_string\"}}],\"inLanguage\":\"nb-NO\"}]}<\/script>\n<!-- \/ Yoast SEO plugin. -->","yoast_head_json":{"title":"Elegant bl\u00e5 Poncho-genser med frynser | Australia #1 Poncho Shop","description":"Leter du etter en Chic Fringed Blue Poncho Genser? Du har kommet til rett sted \ud83d\ude04 Vi tilbyr et bredt utvalg av Chic Fringed Blue Poncho Sweater, perfekt for deg.","robots":{"index":"index","follow":"follow","max-snippet":"max-snippet:-1","max-image-preview":"max-image-preview:large","max-video-preview":"max-video-preview:-1"},"canonical":"https:\/\/ozponcho.com.au\/nb\/p\/stilig-bla-strikkekappe\/","og_locale":"nb_NO","og_type":"article","og_title":"Chic Fringed Blue Poncho Sweater | Australia #1 Poncho Shop","og_description":"Looking for a Chic Fringed Blue Poncho Sweater ? You've come to the right place \ud83d\ude04 We offers a wide selection of Chic Fringed Blue Poncho Sweater, perfect for you.","og_url":"https:\/\/ozponcho.com.au\/nb\/p\/stilig-bla-strikkekappe\/","og_site_name":"OZ Poncho","article_modified_time":"2026-04-02T02:25:42+00:00","og_image":[{"width":1000,"height":1000,"url":"https:\/\/ozponcho.com.au\/wp-content\/uploads\/2023\/12\/O1CN01aK3m5U1FWkvXk4s9N_2848600495-0-cib.jpg","type":"image\/jpeg"}],"twitter_card":"summary_large_image","twitter_misc":{"Ansl. lesetid":"4 minutter"},"schema":{"@context":"https:\/\/schema.org","@graph":[{"@type":"WebPage","@id":"https:\/\/ozponcho.com.au\/p\/stylish-blue-knit-cape\/","url":"https:\/\/ozponcho.com.au\/p\/stylish-blue-knit-cape\/","name":"Elegant bl\u00e5 Poncho-genser med frynser | Australia #1 Poncho Shop","isPartOf":{"@id":"https:\/\/ozponcho.com.au\/#website"},"primaryImageOfPage":{"@id":"https:\/\/ozponcho.com.au\/p\/stylish-blue-knit-cape\/#primaryimage"},"image":{"@id":"https:\/\/ozponcho.com.au\/p\/stylish-blue-knit-cape\/#primaryimage"},"thumbnailUrl":"https:\/\/ozponcho.com.au\/wp-content\/uploads\/2023\/12\/O1CN01aK3m5U1FWkvXk4s9N_2848600495-0-cib.jpg","datePublished":"2023-12-13T07:35:18+00:00","dateModified":"2026-04-02T02:25:42+00:00","description":"Leter du etter en Chic Fringed Blue Poncho Genser? Du har kommet til rett sted \ud83d\ude04 Vi tilbyr et bredt utvalg av Chic Fringed Blue Poncho Sweater, perfekt for deg.","breadcrumb":{"@id":"https:\/\/ozponcho.com.au\/p\/stylish-blue-knit-cape\/#breadcrumb"},"inLanguage":"nb-NO","potentialAction":[{"@type":"ReadAction","target":["https:\/\/ozponcho.com.au\/p\/stylish-blue-knit-cape\/"]}]},{"@type":"ImageObject","inLanguage":"nb-NO","@id":"https:\/\/ozponcho.com.au\/p\/stylish-blue-knit-cape\/#primaryimage","url":"https:\/\/ozponcho.com.au\/wp-content\/uploads\/2023\/12\/O1CN01aK3m5U1FWkvXk4s9N_2848600495-0-cib.jpg","contentUrl":"https:\/\/ozponcho.com.au\/wp-content\/uploads\/2023\/12\/O1CN01aK3m5U1FWkvXk4s9N_2848600495-0-cib.jpg","width":1000,"height":1000,"caption":"Chic Fringed Blue Poncho Sweater"},{"@type":"BreadcrumbList","@id":"https:\/\/ozponcho.com.au\/p\/stylish-blue-knit-cape\/#breadcrumb","itemListElement":[{"@type":"ListItem","position":1,"name":"Home","item":"https:\/\/ozponcho.com.au\/"},{"@type":"ListItem","position":2,"name":"Shop","item":"https:\/\/ozponcho.com.au\/shop\/"},{"@type":"ListItem","position":3,"name":"Chic Fringed Blue Poncho Sweater"}]},{"@type":"WebSite","@id":"https:\/\/ozponcho.com.au\/#website","url":"https:\/\/ozponcho.com.au\/","name":"OZ Poncho","description":"","potentialAction":[{"@type":"SearchAction","target":{"@type":"EntryPoint","urlTemplate":"https:\/\/ozponcho.com.au\/?s={search_term_string}"},"query-input":{"@type":"PropertyValueSpecification","valueRequired":true,"valueName":"search_term_string"}}],"inLanguage":"nb-NO"}]}},"_links":{"self":[{"href":"https:\/\/ozponcho.com.au\/nb\/wp-json\/wp\/v2\/product\/12401","targetHints":{"allow":["GET"]}}],"collection":[{"href":"https:\/\/ozponcho.com.au\/nb\/wp-json\/wp\/v2\/product"}],"about":[{"href":"https:\/\/ozponcho.com.au\/nb\/wp-json\/wp\/v2\/types\/product"}],"wp:featuredmedia":[{"embeddable":true,"href":"https:\/\/ozponcho.com.au\/nb\/wp-json\/wp\/v2\/media\/12364"}],"wp:attachment":[{"href":"https:\/\/ozponcho.com.au\/nb\/wp-json\/wp\/v2\/media?parent=12401"}],"wp:term":[{"taxonomy":"product_brand","embeddable":true,"href":"https:\/\/ozponcho.com.au\/nb\/wp-json\/wp\/v2\/product_brand?post=12401"},{"taxonomy":"product_cat","embeddable":true,"href":"https:\/\/ozponcho.com.au\/nb\/wp-json\/wp\/v2\/product_cat?post=12401"},{"taxonomy":"product_tag","embeddable":true,"href":"https:\/\/ozponcho.com.au\/nb\/wp-json\/wp\/v2\/product_tag?post=12401"}],"curies":[{"name":"wp","href":"https:\/\/api.w.org\/{rel}","templated":true}]}}