{"id":12359,"date":"2023-12-13T18:35:07","date_gmt":"2023-12-13T07:35:07","guid":{"rendered":"https:\/\/ozponcho.com.au\/p\/vacation-hand-crocheting-tassel-shawl-cardigan-bikini-sexy-size-floral-block-cloak\/"},"modified":"2025-04-07T12:46:26","modified_gmt":"2025-04-07T01:46:26","slug":"casual-fringe-floral-shawl","status":"publish","type":"product","link":"https:\/\/ozponcho.com.au\/nb\/p\/uformelt-sjal-med-frynser-og-blomster\/","title":{"rendered":"Bohemisk poncho med blomster og dusk"},"content":{"rendered":"<p>Pakk deg inn i bohemsk sjarm med denne elegante gr\u00e5 ponchoen, som er perfekt for \u00e5 tilf\u00f8re garderoben din et snev av avslappet raffinement. Med sine vakre bl\u00e5 blomsterapplikasjoner og lekne frynser kan denne allsidige plagget ogs\u00e5 brukes som sjal og cardigan, noe som gj\u00f8r den til en perfekt f\u00f8lgesvenn p\u00e5 v\u00e5r- og h\u00f8stutflukter. Den l\u00f8se 3\/4-ermete designen i myk akrylbomullsblanding s\u00f8rger for komfort og bevegelsesfrihet. Uansett om du slapper av p\u00e5 stranden eller drar p\u00e5 ferie, vil denne forlokkende ponchoen med sitt unike, h\u00e5ndheklede utseende garantert gi deg en ekstra stil.<\/p>\n<div>Stil: Avslappet<\/div>\n<div>Passform: L\u00f8s<\/div>\n<div>Stoff: Bomullsblandinger<\/div>\n<div>M\u00f8nster: Trykt<\/div>\n<div>Element: Frynser<\/div>\n<div>Lengde p\u00e5 toppen: Lang<\/div>\n<div>Hylsetype: Andre<\/div>\n<div>Ermelengde: 3\/4 erme<\/div>\n<div>Type lukking: Andre<\/div>\n<div>Hovedkomposisjon: Akryl<\/div>\n<div>Sesong: V\u00e5r\/h\u00f8st<\/div>\n<p><img decoding=\"async\" src=\"https:\/\/ozponcho.com.au\/wp-content\/uploads\/2024\/03\/981873554716884992.png\" \/><img decoding=\"async\" src=\"https:\/\/ozponcho.com.au\/wp-content\/uploads\/2024\/03\/O1CN01oKwhKC1K28OJmOIY0_3521621105-0-cib.jpg\" \/><img decoding=\"async\" src=\"https:\/\/ozponcho.com.au\/wp-content\/uploads\/2024\/03\/O1CN01kjlWmS1K28OJmOQpV_3521621105-0-cib.jpg\" \/><img decoding=\"async\" src=\"https:\/\/ozponcho.com.au\/wp-content\/uploads\/2024\/03\/O1CN01eFX64C1K28OJmQVkX_3521621105-0-cib.jpg\" \/><img decoding=\"async\" src=\"https:\/\/ozponcho.com.au\/wp-content\/uploads\/2024\/03\/O1CN0182Fau61K28OJmOIX9_3521621105-0-cib.jpg\" \/><img decoding=\"async\" src=\"https:\/\/ozponcho.com.au\/wp-content\/uploads\/2024\/03\/O1CN01wlYeCZ1K28OBigxR0_3521621105-0-cib.jpg\" \/><img decoding=\"async\" src=\"https:\/\/ozponcho.com.au\/wp-content\/uploads\/2024\/03\/O1CN017FSFba1K28OCfmU4H_3521621105-0-cib.jpg\" \/><\/p>","protected":false},"excerpt":{"rendered":"<p>Wrap yourself in bohemian charm with this elegant grey poncho, perfect for adding a touch of casual sophistication to your wardrobe. Featuring beautiful blue floral appliqu\u00c3\u00a9s and playful fringe tassels, this versatile piece doubles as a shawl cardigan, making it an ideal companion for spring and fall outings. Composed of soft acrylic cotton blends, its [&#8230;]","protected":false},"featured_media":12315,"template":"","meta":[],"product_brand":[],"product_cat":[225,15,228,214,210],"product_tag":[],"class_list":{"0":"post-12359","1":"product","2":"type-product","3":"status-publish","4":"has-post-thumbnail","6":"product_cat-grey-poncho","7":"product_cat-main-category","8":"product_cat-poncho-sweater","9":"product_cat-knitted-crochet-poncho","10":"product_cat-poncho-women","12":"first","13":"outofstock","14":"shipping-taxable","15":"purchasable","16":"product-type-variable"},"yoast_head":"<!-- This site is optimized with the Yoast SEO plugin v25.9 - https:\/\/yoast.com\/wordpress\/plugins\/seo\/ -->\n<title>Bohemian Floral Tassel Poncho | Australia #1 Poncho Shop<\/title>\n<meta name=\"description\" content=\"Looking for a Bohemian Floral Tassel Poncho ? You&#039;ve come to the right place \ud83d\ude04 We offers a wide selection of Bohemian Floral Tassel Poncho, perfect for you.\" \/>\n<meta name=\"robots\" content=\"index, follow, max-snippet:-1, max-image-preview:large, max-video-preview:-1\" \/>\n<link rel=\"canonical\" href=\"https:\/\/ozponcho.com.au\/nb\/p\/uformelt-sjal-med-frynser-og-blomster\/\" \/>\n<meta property=\"og:locale\" content=\"nb_NO\" \/>\n<meta property=\"og:type\" content=\"article\" \/>\n<meta property=\"og:title\" content=\"Bohemian Floral Tassel Poncho | Australia #1 Poncho Shop\" \/>\n<meta property=\"og:description\" content=\"Looking for a Bohemian Floral Tassel Poncho ? You&#039;ve come to the right place \ud83d\ude04 We offers a wide selection of Bohemian Floral Tassel Poncho, perfect for you.\" \/>\n<meta property=\"og:url\" content=\"https:\/\/ozponcho.com.au\/nb\/p\/uformelt-sjal-med-frynser-og-blomster\/\" \/>\n<meta property=\"og:site_name\" content=\"OZ Poncho\" \/>\n<meta property=\"article:modified_time\" content=\"2025-04-07T01:46:26+00:00\" \/>\n<meta property=\"og:image\" content=\"https:\/\/ozponcho.com.au\/wp-content\/uploads\/2023\/12\/O1CN01bJBqRL1K28OG04wFW_3521621105-0-cib.jpg\" \/>\n\t<meta property=\"og:image:width\" content=\"1000\" \/>\n\t<meta property=\"og:image:height\" content=\"1000\" \/>\n\t<meta property=\"og:image:type\" content=\"image\/jpeg\" \/>\n<meta name=\"twitter:card\" content=\"summary_large_image\" \/>\n<meta name=\"twitter:label1\" content=\"Ansl. lesetid\" \/>\n\t<meta name=\"twitter:data1\" content=\"1 minutt\" \/>\n<script type=\"application\/ld+json\" class=\"yoast-schema-graph\">{\"@context\":\"https:\/\/schema.org\",\"@graph\":[{\"@type\":\"WebPage\",\"@id\":\"https:\/\/ozponcho.com.au\/p\/casual-fringe-floral-shawl\/\",\"url\":\"https:\/\/ozponcho.com.au\/p\/casual-fringe-floral-shawl\/\",\"name\":\"Bohemian Floral Tassel Poncho | Australia #1 Poncho Shop\",\"isPartOf\":{\"@id\":\"https:\/\/ozponcho.com.au\/#website\"},\"primaryImageOfPage\":{\"@id\":\"https:\/\/ozponcho.com.au\/p\/casual-fringe-floral-shawl\/#primaryimage\"},\"image\":{\"@id\":\"https:\/\/ozponcho.com.au\/p\/casual-fringe-floral-shawl\/#primaryimage\"},\"thumbnailUrl\":\"https:\/\/ozponcho.com.au\/wp-content\/uploads\/2023\/12\/O1CN01bJBqRL1K28OG04wFW_3521621105-0-cib.jpg\",\"datePublished\":\"2023-12-13T07:35:07+00:00\",\"dateModified\":\"2025-04-07T01:46:26+00:00\",\"description\":\"Looking for a Bohemian Floral Tassel Poncho ? You've come to the right place \ud83d\ude04 We offers a wide selection of Bohemian Floral Tassel Poncho, perfect for you.\",\"breadcrumb\":{\"@id\":\"https:\/\/ozponcho.com.au\/p\/casual-fringe-floral-shawl\/#breadcrumb\"},\"inLanguage\":\"nb-NO\",\"potentialAction\":[{\"@type\":\"ReadAction\",\"target\":[\"https:\/\/ozponcho.com.au\/p\/casual-fringe-floral-shawl\/\"]}]},{\"@type\":\"ImageObject\",\"inLanguage\":\"nb-NO\",\"@id\":\"https:\/\/ozponcho.com.au\/p\/casual-fringe-floral-shawl\/#primaryimage\",\"url\":\"https:\/\/ozponcho.com.au\/wp-content\/uploads\/2023\/12\/O1CN01bJBqRL1K28OG04wFW_3521621105-0-cib.jpg\",\"contentUrl\":\"https:\/\/ozponcho.com.au\/wp-content\/uploads\/2023\/12\/O1CN01bJBqRL1K28OG04wFW_3521621105-0-cib.jpg\",\"width\":1000,\"height\":1000,\"caption\":\"Bohemian Floral Tassel Poncho\"},{\"@type\":\"BreadcrumbList\",\"@id\":\"https:\/\/ozponcho.com.au\/p\/casual-fringe-floral-shawl\/#breadcrumb\",\"itemListElement\":[{\"@type\":\"ListItem\",\"position\":1,\"name\":\"Home\",\"item\":\"https:\/\/ozponcho.com.au\/\"},{\"@type\":\"ListItem\",\"position\":2,\"name\":\"Shop\",\"item\":\"https:\/\/ozponcho.com.au\/shop\/\"},{\"@type\":\"ListItem\",\"position\":3,\"name\":\"Bohemian Floral Tassel Poncho\"}]},{\"@type\":\"WebSite\",\"@id\":\"https:\/\/ozponcho.com.au\/#website\",\"url\":\"https:\/\/ozponcho.com.au\/\",\"name\":\"OZ Poncho\",\"description\":\"\",\"potentialAction\":[{\"@type\":\"SearchAction\",\"target\":{\"@type\":\"EntryPoint\",\"urlTemplate\":\"https:\/\/ozponcho.com.au\/?s={search_term_string}\"},\"query-input\":{\"@type\":\"PropertyValueSpecification\",\"valueRequired\":true,\"valueName\":\"search_term_string\"}}],\"inLanguage\":\"nb-NO\"}]}<\/script>\n<!-- \/ Yoast SEO plugin. -->","yoast_head_json":{"title":"Bohemian Floral Tassel Poncho | Australia #1 Poncho Shop","description":"Leter du etter en Bohemian Floral Tassel Poncho? Du har kommet til rett sted \ud83d\ude04 Vi tilbyr et bredt utvalg av Bohemian Floral Tassel Poncho, perfekt for deg.","robots":{"index":"index","follow":"follow","max-snippet":"max-snippet:-1","max-image-preview":"max-image-preview:large","max-video-preview":"max-video-preview:-1"},"canonical":"https:\/\/ozponcho.com.au\/nb\/p\/uformelt-sjal-med-frynser-og-blomster\/","og_locale":"nb_NO","og_type":"article","og_title":"Bohemian Floral Tassel Poncho | Australia #1 Poncho Shop","og_description":"Looking for a Bohemian Floral Tassel Poncho ? You've come to the right place \ud83d\ude04 We offers a wide selection of Bohemian Floral Tassel Poncho, perfect for you.","og_url":"https:\/\/ozponcho.com.au\/nb\/p\/uformelt-sjal-med-frynser-og-blomster\/","og_site_name":"OZ Poncho","article_modified_time":"2025-04-07T01:46:26+00:00","og_image":[{"width":1000,"height":1000,"url":"https:\/\/ozponcho.com.au\/wp-content\/uploads\/2023\/12\/O1CN01bJBqRL1K28OG04wFW_3521621105-0-cib.jpg","type":"image\/jpeg"}],"twitter_card":"summary_large_image","twitter_misc":{"Ansl. lesetid":"1 minutt"},"schema":{"@context":"https:\/\/schema.org","@graph":[{"@type":"WebPage","@id":"https:\/\/ozponcho.com.au\/p\/casual-fringe-floral-shawl\/","url":"https:\/\/ozponcho.com.au\/p\/casual-fringe-floral-shawl\/","name":"Bohemian Floral Tassel Poncho | Australia #1 Poncho Shop","isPartOf":{"@id":"https:\/\/ozponcho.com.au\/#website"},"primaryImageOfPage":{"@id":"https:\/\/ozponcho.com.au\/p\/casual-fringe-floral-shawl\/#primaryimage"},"image":{"@id":"https:\/\/ozponcho.com.au\/p\/casual-fringe-floral-shawl\/#primaryimage"},"thumbnailUrl":"https:\/\/ozponcho.com.au\/wp-content\/uploads\/2023\/12\/O1CN01bJBqRL1K28OG04wFW_3521621105-0-cib.jpg","datePublished":"2023-12-13T07:35:07+00:00","dateModified":"2025-04-07T01:46:26+00:00","description":"Leter du etter en Bohemian Floral Tassel Poncho? Du har kommet til rett sted \ud83d\ude04 Vi tilbyr et bredt utvalg av Bohemian Floral Tassel Poncho, perfekt for deg.","breadcrumb":{"@id":"https:\/\/ozponcho.com.au\/p\/casual-fringe-floral-shawl\/#breadcrumb"},"inLanguage":"nb-NO","potentialAction":[{"@type":"ReadAction","target":["https:\/\/ozponcho.com.au\/p\/casual-fringe-floral-shawl\/"]}]},{"@type":"ImageObject","inLanguage":"nb-NO","@id":"https:\/\/ozponcho.com.au\/p\/casual-fringe-floral-shawl\/#primaryimage","url":"https:\/\/ozponcho.com.au\/wp-content\/uploads\/2023\/12\/O1CN01bJBqRL1K28OG04wFW_3521621105-0-cib.jpg","contentUrl":"https:\/\/ozponcho.com.au\/wp-content\/uploads\/2023\/12\/O1CN01bJBqRL1K28OG04wFW_3521621105-0-cib.jpg","width":1000,"height":1000,"caption":"Bohemian Floral Tassel Poncho"},{"@type":"BreadcrumbList","@id":"https:\/\/ozponcho.com.au\/p\/casual-fringe-floral-shawl\/#breadcrumb","itemListElement":[{"@type":"ListItem","position":1,"name":"Home","item":"https:\/\/ozponcho.com.au\/"},{"@type":"ListItem","position":2,"name":"Shop","item":"https:\/\/ozponcho.com.au\/shop\/"},{"@type":"ListItem","position":3,"name":"Bohemian Floral Tassel Poncho"}]},{"@type":"WebSite","@id":"https:\/\/ozponcho.com.au\/#website","url":"https:\/\/ozponcho.com.au\/","name":"OZ Poncho","description":"","potentialAction":[{"@type":"SearchAction","target":{"@type":"EntryPoint","urlTemplate":"https:\/\/ozponcho.com.au\/?s={search_term_string}"},"query-input":{"@type":"PropertyValueSpecification","valueRequired":true,"valueName":"search_term_string"}}],"inLanguage":"nb-NO"}]}},"_links":{"self":[{"href":"https:\/\/ozponcho.com.au\/nb\/wp-json\/wp\/v2\/product\/12359","targetHints":{"allow":["GET"]}}],"collection":[{"href":"https:\/\/ozponcho.com.au\/nb\/wp-json\/wp\/v2\/product"}],"about":[{"href":"https:\/\/ozponcho.com.au\/nb\/wp-json\/wp\/v2\/types\/product"}],"wp:featuredmedia":[{"embeddable":true,"href":"https:\/\/ozponcho.com.au\/nb\/wp-json\/wp\/v2\/media\/12315"}],"wp:attachment":[{"href":"https:\/\/ozponcho.com.au\/nb\/wp-json\/wp\/v2\/media?parent=12359"}],"wp:term":[{"taxonomy":"product_brand","embeddable":true,"href":"https:\/\/ozponcho.com.au\/nb\/wp-json\/wp\/v2\/product_brand?post=12359"},{"taxonomy":"product_cat","embeddable":true,"href":"https:\/\/ozponcho.com.au\/nb\/wp-json\/wp\/v2\/product_cat?post=12359"},{"taxonomy":"product_tag","embeddable":true,"href":"https:\/\/ozponcho.com.au\/nb\/wp-json\/wp\/v2\/product_tag?post=12359"}],"curies":[{"name":"wp","href":"https:\/\/api.w.org\/{rel}","templated":true}]}}