{"id":12355,"date":"2023-12-13T18:35:07","date_gmt":"2023-12-13T07:35:07","guid":{"rendered":"https:\/\/ozponcho.com.au\/p\/autumn-winter-light-luxury-fur-collar-tassel-shawl-sweater-coat\/"},"modified":"2024-04-19T18:39:14","modified_gmt":"2024-04-19T07:39:14","slug":"luxury-tassel-pink-shawl-coat","status":"publish","type":"product","link":"https:\/\/ozponcho.com.au\/nb\/p\/luksurios-rosa-sjalfrakk-med-dusk\/","title":{"rendered":"Rosa poncho med pelskrage og frynser"},"content":{"rendered":"<p>Pakk deg inn i eleganse med denne Autumn Winter Light Luxury Poncho, et uts\u00f8kt tilskudd til garderoben din som kombinerer avslappet komfort med elegant stil. Den pastellrosa fargen utstr\u00e5ler femininitet, mens den overd\u00e5dige kragen i fuskepels tilf\u00f8rer et snev av glamour. Den er laget av behagelig jersey og har en gener\u00f8s, l\u00f8s passform som gj\u00f8r den perfekt som lag-p\u00e5-lag-plagg i overgangssesongene v\u00e5r og h\u00f8st. Det stilige frynseelementet gir en boho-flair, noe som gj\u00f8r den til et ideelt valg for motebevisste personer som \u00f8nsker en blanding av luksus og avslappet sjarm. Unn deg denne langermete genseren og forvandle din look i det kalde v\u00e6ret med dens unektelige tiltrekningskraft.<\/p>\n<div>Stil: Avslappet<\/div>\n<div>Passform: L\u00f8s<\/div>\n<div>Stoff: Jersey<\/div>\n<div>M\u00f8nster: Ensfarget<\/div>\n<div>Element: Frynser<\/div>\n<div>Lengde p\u00e5 toppen: Lang<\/div>\n<div>Ermetype: Vanlig<\/div>\n<div>Ermelengde: Lang erme<\/div>\n<div>Type lukking: Andre<\/div>\n<div>Hovedkomposisjon: Akryl<\/div>\n<div>Sesong: V\u00e5r\/h\u00f8st<\/div>\n<p><img decoding=\"async\" src=\"https:\/\/ozponcho.com.au\/wp-content\/uploads\/2024\/03\/978391699053084672.png\" \/><img decoding=\"async\" src=\"https:\/\/ozponcho.com.au\/wp-content\/uploads\/2024\/03\/O1CN01nfF4zf1HIfpFgcYHj_2331630735-0-cib.jpg\" \/><img decoding=\"async\" src=\"https:\/\/ozponcho.com.au\/wp-content\/uploads\/2024\/03\/O1CN014lrPfP1HIfpNCa7eX_2331630735-0-cib.jpg\" \/><img decoding=\"async\" src=\"https:\/\/ozponcho.com.au\/wp-content\/uploads\/2024\/03\/O1CN010QZ2AU1HIfpHIYjBK_2331630735-0-cib.jpg\" \/><img decoding=\"async\" src=\"https:\/\/ozponcho.com.au\/wp-content\/uploads\/2024\/03\/O1CN01hGNPNw1HIfpJo11NO_2331630735-0-cib.jpg\" \/><img decoding=\"async\" src=\"https:\/\/ozponcho.com.au\/wp-content\/uploads\/2024\/03\/O1CN01bhgF9x1HIfpFge1iz_2331630735-0-cib.jpg\" \/><img decoding=\"async\" src=\"https:\/\/ozponcho.com.au\/wp-content\/uploads\/2024\/03\/O1CN01Rcdcn91HIfpNCbC8h_2331630735-0-cib.jpg\" \/><\/p>","protected":false},"excerpt":{"rendered":"<p>Wrap yourself in elegance with this Autumn Winter Light Luxury Poncho, an exquisite addition to your wardrobe that marries casual comfort with chic style. The pastel pink hue exudes femininity, while the sumptuous faux fur collar adds a touch of glamour. Crafted from cozy jersey fabric, it offers a generous loose fit, perfect for layering [&#8230;]","protected":false},"featured_media":12292,"template":"","meta":[],"product_brand":[],"product_cat":[218,15,222,228,214,210],"product_tag":[],"class_list":{"0":"post-12355","1":"product","2":"type-product","3":"status-publish","4":"has-post-thumbnail","6":"product_cat-fur-poncho","7":"product_cat-main-category","8":"product_cat-pink-poncho","9":"product_cat-poncho-sweater","10":"product_cat-knitted-crochet-poncho","11":"product_cat-poncho-women","13":"first","14":"outofstock","15":"shipping-taxable","16":"purchasable","17":"product-type-variable"},"yoast_head":"<!-- This site is optimized with the Yoast SEO plugin v25.9 - https:\/\/yoast.com\/wordpress\/plugins\/seo\/ -->\n<title>Pink Fur-Collar Fringe Poncho | Australia #1 Poncho Shop<\/title>\n<meta name=\"description\" content=\"Looking for a Pink Fur-Collar Fringe Poncho ? You&#039;ve come to the right place \ud83d\ude04 We offers a wide selection of Pink Fur-Collar Fringe Poncho, perfect for you.\" \/>\n<meta name=\"robots\" content=\"index, follow, max-snippet:-1, max-image-preview:large, max-video-preview:-1\" \/>\n<link rel=\"canonical\" href=\"https:\/\/ozponcho.com.au\/nb\/p\/luksurios-rosa-sjalfrakk-med-dusk\/\" \/>\n<meta property=\"og:locale\" content=\"nb_NO\" \/>\n<meta property=\"og:type\" content=\"article\" \/>\n<meta property=\"og:title\" content=\"Pink Fur-Collar Fringe Poncho | Australia #1 Poncho Shop\" \/>\n<meta property=\"og:description\" content=\"Looking for a Pink Fur-Collar Fringe Poncho ? You&#039;ve come to the right place \ud83d\ude04 We offers a wide selection of Pink Fur-Collar Fringe Poncho, perfect for you.\" \/>\n<meta property=\"og:url\" content=\"https:\/\/ozponcho.com.au\/nb\/p\/luksurios-rosa-sjalfrakk-med-dusk\/\" \/>\n<meta property=\"og:site_name\" content=\"OZ Poncho\" \/>\n<meta property=\"article:modified_time\" content=\"2024-04-19T07:39:14+00:00\" \/>\n<meta property=\"og:image\" content=\"https:\/\/ozponcho.com.au\/wp-content\/uploads\/2023\/12\/O1CN01SE2Eg01HIfpNCanHU_2331630735-0-cib.jpg\" \/>\n\t<meta property=\"og:image:width\" content=\"1340\" \/>\n\t<meta property=\"og:image:height\" content=\"1785\" \/>\n\t<meta property=\"og:image:type\" content=\"image\/jpeg\" \/>\n<meta name=\"twitter:card\" content=\"summary_large_image\" \/>\n<meta name=\"twitter:label1\" content=\"Ansl. lesetid\" \/>\n\t<meta name=\"twitter:data1\" content=\"3 minutter\" \/>\n<script type=\"application\/ld+json\" class=\"yoast-schema-graph\">{\"@context\":\"https:\/\/schema.org\",\"@graph\":[{\"@type\":\"WebPage\",\"@id\":\"https:\/\/ozponcho.com.au\/p\/luxury-tassel-pink-shawl-coat\/\",\"url\":\"https:\/\/ozponcho.com.au\/p\/luxury-tassel-pink-shawl-coat\/\",\"name\":\"Pink Fur-Collar Fringe Poncho | Australia #1 Poncho Shop\",\"isPartOf\":{\"@id\":\"https:\/\/ozponcho.com.au\/#website\"},\"primaryImageOfPage\":{\"@id\":\"https:\/\/ozponcho.com.au\/p\/luxury-tassel-pink-shawl-coat\/#primaryimage\"},\"image\":{\"@id\":\"https:\/\/ozponcho.com.au\/p\/luxury-tassel-pink-shawl-coat\/#primaryimage\"},\"thumbnailUrl\":\"https:\/\/ozponcho.com.au\/wp-content\/uploads\/2023\/12\/O1CN01SE2Eg01HIfpNCanHU_2331630735-0-cib.jpg\",\"datePublished\":\"2023-12-13T07:35:07+00:00\",\"dateModified\":\"2024-04-19T07:39:14+00:00\",\"description\":\"Looking for a Pink Fur-Collar Fringe Poncho ? You've come to the right place \ud83d\ude04 We offers a wide selection of Pink Fur-Collar Fringe Poncho, perfect for you.\",\"breadcrumb\":{\"@id\":\"https:\/\/ozponcho.com.au\/p\/luxury-tassel-pink-shawl-coat\/#breadcrumb\"},\"inLanguage\":\"nb-NO\",\"potentialAction\":[{\"@type\":\"ReadAction\",\"target\":[\"https:\/\/ozponcho.com.au\/p\/luxury-tassel-pink-shawl-coat\/\"]}]},{\"@type\":\"ImageObject\",\"inLanguage\":\"nb-NO\",\"@id\":\"https:\/\/ozponcho.com.au\/p\/luxury-tassel-pink-shawl-coat\/#primaryimage\",\"url\":\"https:\/\/ozponcho.com.au\/wp-content\/uploads\/2023\/12\/O1CN01SE2Eg01HIfpNCanHU_2331630735-0-cib.jpg\",\"contentUrl\":\"https:\/\/ozponcho.com.au\/wp-content\/uploads\/2023\/12\/O1CN01SE2Eg01HIfpNCanHU_2331630735-0-cib.jpg\",\"width\":1340,\"height\":1785,\"caption\":\"Pink Fur-Collar Fringe Poncho\"},{\"@type\":\"BreadcrumbList\",\"@id\":\"https:\/\/ozponcho.com.au\/p\/luxury-tassel-pink-shawl-coat\/#breadcrumb\",\"itemListElement\":[{\"@type\":\"ListItem\",\"position\":1,\"name\":\"Home\",\"item\":\"https:\/\/ozponcho.com.au\/\"},{\"@type\":\"ListItem\",\"position\":2,\"name\":\"Shop\",\"item\":\"https:\/\/ozponcho.com.au\/shop\/\"},{\"@type\":\"ListItem\",\"position\":3,\"name\":\"Pink Fur-Collar Fringe Poncho\"}]},{\"@type\":\"WebSite\",\"@id\":\"https:\/\/ozponcho.com.au\/#website\",\"url\":\"https:\/\/ozponcho.com.au\/\",\"name\":\"OZ Poncho\",\"description\":\"\",\"potentialAction\":[{\"@type\":\"SearchAction\",\"target\":{\"@type\":\"EntryPoint\",\"urlTemplate\":\"https:\/\/ozponcho.com.au\/?s={search_term_string}\"},\"query-input\":{\"@type\":\"PropertyValueSpecification\",\"valueRequired\":true,\"valueName\":\"search_term_string\"}}],\"inLanguage\":\"nb-NO\"}]}<\/script>\n<!-- \/ Yoast SEO plugin. -->","yoast_head_json":{"title":"Rosa poncho med pelskrage og frynser | Australia #1 Poncho Shop","description":"Leter du etter en Pink Fur-Collar Fringe Poncho? Du har kommet til rett sted \ud83d\ude04 Vi tilbyr et bredt utvalg av Pink Fur-Collar Fringe Poncho, perfekt for deg.","robots":{"index":"index","follow":"follow","max-snippet":"max-snippet:-1","max-image-preview":"max-image-preview:large","max-video-preview":"max-video-preview:-1"},"canonical":"https:\/\/ozponcho.com.au\/nb\/p\/luksurios-rosa-sjalfrakk-med-dusk\/","og_locale":"nb_NO","og_type":"article","og_title":"Pink Fur-Collar Fringe Poncho | Australia #1 Poncho Shop","og_description":"Looking for a Pink Fur-Collar Fringe Poncho ? You've come to the right place \ud83d\ude04 We offers a wide selection of Pink Fur-Collar Fringe Poncho, perfect for you.","og_url":"https:\/\/ozponcho.com.au\/nb\/p\/luksurios-rosa-sjalfrakk-med-dusk\/","og_site_name":"OZ Poncho","article_modified_time":"2024-04-19T07:39:14+00:00","og_image":[{"width":1340,"height":1785,"url":"https:\/\/ozponcho.com.au\/wp-content\/uploads\/2023\/12\/O1CN01SE2Eg01HIfpNCanHU_2331630735-0-cib.jpg","type":"image\/jpeg"}],"twitter_card":"summary_large_image","twitter_misc":{"Ansl. lesetid":"3 minutter"},"schema":{"@context":"https:\/\/schema.org","@graph":[{"@type":"WebPage","@id":"https:\/\/ozponcho.com.au\/p\/luxury-tassel-pink-shawl-coat\/","url":"https:\/\/ozponcho.com.au\/p\/luxury-tassel-pink-shawl-coat\/","name":"Rosa poncho med pelskrage og frynser | Australia #1 Poncho Shop","isPartOf":{"@id":"https:\/\/ozponcho.com.au\/#website"},"primaryImageOfPage":{"@id":"https:\/\/ozponcho.com.au\/p\/luxury-tassel-pink-shawl-coat\/#primaryimage"},"image":{"@id":"https:\/\/ozponcho.com.au\/p\/luxury-tassel-pink-shawl-coat\/#primaryimage"},"thumbnailUrl":"https:\/\/ozponcho.com.au\/wp-content\/uploads\/2023\/12\/O1CN01SE2Eg01HIfpNCanHU_2331630735-0-cib.jpg","datePublished":"2023-12-13T07:35:07+00:00","dateModified":"2024-04-19T07:39:14+00:00","description":"Leter du etter en Pink Fur-Collar Fringe Poncho? Du har kommet til rett sted \ud83d\ude04 Vi tilbyr et bredt utvalg av Pink Fur-Collar Fringe Poncho, perfekt for deg.","breadcrumb":{"@id":"https:\/\/ozponcho.com.au\/p\/luxury-tassel-pink-shawl-coat\/#breadcrumb"},"inLanguage":"nb-NO","potentialAction":[{"@type":"ReadAction","target":["https:\/\/ozponcho.com.au\/p\/luxury-tassel-pink-shawl-coat\/"]}]},{"@type":"ImageObject","inLanguage":"nb-NO","@id":"https:\/\/ozponcho.com.au\/p\/luxury-tassel-pink-shawl-coat\/#primaryimage","url":"https:\/\/ozponcho.com.au\/wp-content\/uploads\/2023\/12\/O1CN01SE2Eg01HIfpNCanHU_2331630735-0-cib.jpg","contentUrl":"https:\/\/ozponcho.com.au\/wp-content\/uploads\/2023\/12\/O1CN01SE2Eg01HIfpNCanHU_2331630735-0-cib.jpg","width":1340,"height":1785,"caption":"Pink Fur-Collar Fringe Poncho"},{"@type":"BreadcrumbList","@id":"https:\/\/ozponcho.com.au\/p\/luxury-tassel-pink-shawl-coat\/#breadcrumb","itemListElement":[{"@type":"ListItem","position":1,"name":"Home","item":"https:\/\/ozponcho.com.au\/"},{"@type":"ListItem","position":2,"name":"Shop","item":"https:\/\/ozponcho.com.au\/shop\/"},{"@type":"ListItem","position":3,"name":"Pink Fur-Collar Fringe Poncho"}]},{"@type":"WebSite","@id":"https:\/\/ozponcho.com.au\/#website","url":"https:\/\/ozponcho.com.au\/","name":"OZ Poncho","description":"","potentialAction":[{"@type":"SearchAction","target":{"@type":"EntryPoint","urlTemplate":"https:\/\/ozponcho.com.au\/?s={search_term_string}"},"query-input":{"@type":"PropertyValueSpecification","valueRequired":true,"valueName":"search_term_string"}}],"inLanguage":"nb-NO"}]}},"_links":{"self":[{"href":"https:\/\/ozponcho.com.au\/nb\/wp-json\/wp\/v2\/product\/12355","targetHints":{"allow":["GET"]}}],"collection":[{"href":"https:\/\/ozponcho.com.au\/nb\/wp-json\/wp\/v2\/product"}],"about":[{"href":"https:\/\/ozponcho.com.au\/nb\/wp-json\/wp\/v2\/types\/product"}],"wp:featuredmedia":[{"embeddable":true,"href":"https:\/\/ozponcho.com.au\/nb\/wp-json\/wp\/v2\/media\/12292"}],"wp:attachment":[{"href":"https:\/\/ozponcho.com.au\/nb\/wp-json\/wp\/v2\/media?parent=12355"}],"wp:term":[{"taxonomy":"product_brand","embeddable":true,"href":"https:\/\/ozponcho.com.au\/nb\/wp-json\/wp\/v2\/product_brand?post=12355"},{"taxonomy":"product_cat","embeddable":true,"href":"https:\/\/ozponcho.com.au\/nb\/wp-json\/wp\/v2\/product_cat?post=12355"},{"taxonomy":"product_tag","embeddable":true,"href":"https:\/\/ozponcho.com.au\/nb\/wp-json\/wp\/v2\/product_tag?post=12355"}],"curies":[{"name":"wp","href":"https:\/\/api.w.org\/{rel}","templated":true}]}}