{"id":12252,"date":"2023-12-13T18:34:15","date_gmt":"2023-12-13T07:34:15","guid":{"rendered":"https:\/\/ozponcho.com.au\/p\/autumn-winter-knitwear-fur-collar-solid-color-batwing-sleeve-tassel-cape\/"},"modified":"2024-04-19T19:22:25","modified_gmt":"2024-04-19T08:22:25","slug":"chic-autumn-winter-cape","status":"publish","type":"product","link":"https:\/\/ozponcho.com.au\/nb\/p\/elegant-host-vinterkappe\/","title":{"rendered":"Elfenbensfarget poncho med pelskrage"},"content":{"rendered":"<p>Denne ponchoen med pelskrage i elfenben er en perfekt kombinasjon av varme og stil. Ponchoen er laget av myk jerseystrikk og prydet med en overd\u00e5dig kant i fuskepels, og har en uformell, men elegant silhuett med flaggermus- og dolmanermer og innbydende duskdetaljer. Ponchoen er perfekt for h\u00f8st og vinter, og holder deg varm uten at det g\u00e5r p\u00e5 bekostning av stilen. Denne allsidige ponchoen er et must for deg som setter pris p\u00e5 et snev av luksus i hverdagen.<\/p>\n<p>Stil: Avslappet<\/p>\n<p>Passform: L\u00f8s<\/p>\n<p>Stoff: Jersey<\/p>\n<p>M\u00f8nster: Ensfarget<\/p>\n<p>Element: Ikke<\/p>\n<p>Lengde p\u00e5 toppen: Lang<\/p>\n<p>Type erme: Dolman-erme<\/p>\n<p>Ermelengde: Lang erme<\/p>\n<p>Type lukking: Andre<\/p>\n<p>Hovedkomposisjon: Akryl<\/p>\n<p>Sesong: H\u00f8st\/vinter<\/p>\n<p><img decoding=\"async\" src=\"https:\/\/ozponcho.com.au\/wp-content\/uploads\/2024\/03\/1166434260739948544.png\" \/><\/p>","protected":false},"excerpt":{"rendered":"<p>Elevate your cool-weather wardrobe with this Ivory Fur-Collar Poncho, a perfect blend of warmth and style. Crafted from soft jersey knit and adorned with a sumptuous faux fur trim, this poncho offers a casual, yet elegant silhouette with its batwing, dolman sleeves and inviting tassel details. Ideal for autumn and winter, it promises to keep [&#8230;]","protected":false},"featured_media":12218,"template":"","meta":[],"product_brand":[],"product_cat":[218,15,228,214,210],"product_tag":[],"class_list":{"0":"post-12252","1":"product","2":"type-product","3":"status-publish","4":"has-post-thumbnail","6":"product_cat-fur-poncho","7":"product_cat-main-category","8":"product_cat-poncho-sweater","9":"product_cat-knitted-crochet-poncho","10":"product_cat-poncho-women","12":"first","13":"outofstock","14":"shipping-taxable","15":"purchasable","16":"product-type-variable"},"yoast_head":"<!-- This site is optimized with the Yoast SEO plugin v25.9 - https:\/\/yoast.com\/wordpress\/plugins\/seo\/ -->\n<title>Ivory Fur-Collar Poncho | Australia #1 Poncho Shop<\/title>\n<meta name=\"description\" content=\"Looking for a Ivory Fur-Collar Poncho ? You&#039;ve come to the right place \ud83d\ude04 We offers a wide selection of Ivory Fur-Collar Poncho, perfect for you.\" \/>\n<meta name=\"robots\" content=\"index, follow, max-snippet:-1, max-image-preview:large, max-video-preview:-1\" \/>\n<link rel=\"canonical\" href=\"https:\/\/ozponcho.com.au\/nb\/p\/elegant-host-vinterkappe\/\" \/>\n<meta property=\"og:locale\" content=\"nb_NO\" \/>\n<meta property=\"og:type\" content=\"article\" \/>\n<meta property=\"og:title\" content=\"Ivory Fur-Collar Poncho | Australia #1 Poncho Shop\" \/>\n<meta property=\"og:description\" content=\"Looking for a Ivory Fur-Collar Poncho ? You&#039;ve come to the right place \ud83d\ude04 We offers a wide selection of Ivory Fur-Collar Poncho, perfect for you.\" \/>\n<meta property=\"og:url\" content=\"https:\/\/ozponcho.com.au\/nb\/p\/elegant-host-vinterkappe\/\" \/>\n<meta property=\"og:site_name\" content=\"OZ Poncho\" \/>\n<meta property=\"article:modified_time\" content=\"2024-04-19T08:22:25+00:00\" \/>\n<meta property=\"og:image\" content=\"https:\/\/ozponcho.com.au\/wp-content\/uploads\/2023\/12\/O1CN013IeZG51HIfyASF5kY_2331630735-0-cib.jpg\" \/>\n\t<meta property=\"og:image:width\" content=\"1200\" \/>\n\t<meta property=\"og:image:height\" content=\"1200\" \/>\n\t<meta property=\"og:image:type\" content=\"image\/jpeg\" \/>\n<meta name=\"twitter:card\" content=\"summary_large_image\" \/>\n<meta name=\"twitter:label1\" content=\"Ansl. lesetid\" \/>\n\t<meta name=\"twitter:data1\" content=\"1 minutt\" \/>\n<script type=\"application\/ld+json\" class=\"yoast-schema-graph\">{\"@context\":\"https:\/\/schema.org\",\"@graph\":[{\"@type\":\"WebPage\",\"@id\":\"https:\/\/ozponcho.com.au\/p\/chic-autumn-winter-cape\/\",\"url\":\"https:\/\/ozponcho.com.au\/p\/chic-autumn-winter-cape\/\",\"name\":\"Ivory Fur-Collar Poncho | Australia #1 Poncho Shop\",\"isPartOf\":{\"@id\":\"https:\/\/ozponcho.com.au\/#website\"},\"primaryImageOfPage\":{\"@id\":\"https:\/\/ozponcho.com.au\/p\/chic-autumn-winter-cape\/#primaryimage\"},\"image\":{\"@id\":\"https:\/\/ozponcho.com.au\/p\/chic-autumn-winter-cape\/#primaryimage\"},\"thumbnailUrl\":\"https:\/\/ozponcho.com.au\/wp-content\/uploads\/2023\/12\/O1CN013IeZG51HIfyASF5kY_2331630735-0-cib.jpg\",\"datePublished\":\"2023-12-13T07:34:15+00:00\",\"dateModified\":\"2024-04-19T08:22:25+00:00\",\"description\":\"Looking for a Ivory Fur-Collar Poncho ? You've come to the right place \ud83d\ude04 We offers a wide selection of Ivory Fur-Collar Poncho, perfect for you.\",\"breadcrumb\":{\"@id\":\"https:\/\/ozponcho.com.au\/p\/chic-autumn-winter-cape\/#breadcrumb\"},\"inLanguage\":\"nb-NO\",\"potentialAction\":[{\"@type\":\"ReadAction\",\"target\":[\"https:\/\/ozponcho.com.au\/p\/chic-autumn-winter-cape\/\"]}]},{\"@type\":\"ImageObject\",\"inLanguage\":\"nb-NO\",\"@id\":\"https:\/\/ozponcho.com.au\/p\/chic-autumn-winter-cape\/#primaryimage\",\"url\":\"https:\/\/ozponcho.com.au\/wp-content\/uploads\/2023\/12\/O1CN013IeZG51HIfyASF5kY_2331630735-0-cib.jpg\",\"contentUrl\":\"https:\/\/ozponcho.com.au\/wp-content\/uploads\/2023\/12\/O1CN013IeZG51HIfyASF5kY_2331630735-0-cib.jpg\",\"width\":1200,\"height\":1200,\"caption\":\"Ivory Fur-Collar Poncho\"},{\"@type\":\"BreadcrumbList\",\"@id\":\"https:\/\/ozponcho.com.au\/p\/chic-autumn-winter-cape\/#breadcrumb\",\"itemListElement\":[{\"@type\":\"ListItem\",\"position\":1,\"name\":\"Home\",\"item\":\"https:\/\/ozponcho.com.au\/\"},{\"@type\":\"ListItem\",\"position\":2,\"name\":\"Shop\",\"item\":\"https:\/\/ozponcho.com.au\/shop\/\"},{\"@type\":\"ListItem\",\"position\":3,\"name\":\"Ivory Fur-Collar Poncho\"}]},{\"@type\":\"WebSite\",\"@id\":\"https:\/\/ozponcho.com.au\/#website\",\"url\":\"https:\/\/ozponcho.com.au\/\",\"name\":\"OZ Poncho\",\"description\":\"\",\"potentialAction\":[{\"@type\":\"SearchAction\",\"target\":{\"@type\":\"EntryPoint\",\"urlTemplate\":\"https:\/\/ozponcho.com.au\/?s={search_term_string}\"},\"query-input\":{\"@type\":\"PropertyValueSpecification\",\"valueRequired\":true,\"valueName\":\"search_term_string\"}}],\"inLanguage\":\"nb-NO\"}]}<\/script>\n<!-- \/ Yoast SEO plugin. -->","yoast_head_json":{"title":"Elfenbensfarget poncho med pelskrage | Australia #1 Poncho Shop","description":"Leter du etter en Ivory Fur-Collar Poncho? Du har kommet til rett sted \ud83d\ude04 Vi tilbyr et bredt utvalg av Ivory Fur-Collar Poncho, perfekt for deg.","robots":{"index":"index","follow":"follow","max-snippet":"max-snippet:-1","max-image-preview":"max-image-preview:large","max-video-preview":"max-video-preview:-1"},"canonical":"https:\/\/ozponcho.com.au\/nb\/p\/elegant-host-vinterkappe\/","og_locale":"nb_NO","og_type":"article","og_title":"Ivory Fur-Collar Poncho | Australia #1 Poncho Shop","og_description":"Looking for a Ivory Fur-Collar Poncho ? You've come to the right place \ud83d\ude04 We offers a wide selection of Ivory Fur-Collar Poncho, perfect for you.","og_url":"https:\/\/ozponcho.com.au\/nb\/p\/elegant-host-vinterkappe\/","og_site_name":"OZ Poncho","article_modified_time":"2024-04-19T08:22:25+00:00","og_image":[{"width":1200,"height":1200,"url":"https:\/\/ozponcho.com.au\/wp-content\/uploads\/2023\/12\/O1CN013IeZG51HIfyASF5kY_2331630735-0-cib.jpg","type":"image\/jpeg"}],"twitter_card":"summary_large_image","twitter_misc":{"Ansl. lesetid":"1 minutt"},"schema":{"@context":"https:\/\/schema.org","@graph":[{"@type":"WebPage","@id":"https:\/\/ozponcho.com.au\/p\/chic-autumn-winter-cape\/","url":"https:\/\/ozponcho.com.au\/p\/chic-autumn-winter-cape\/","name":"Elfenbensfarget poncho med pelskrage | Australia #1 Poncho Shop","isPartOf":{"@id":"https:\/\/ozponcho.com.au\/#website"},"primaryImageOfPage":{"@id":"https:\/\/ozponcho.com.au\/p\/chic-autumn-winter-cape\/#primaryimage"},"image":{"@id":"https:\/\/ozponcho.com.au\/p\/chic-autumn-winter-cape\/#primaryimage"},"thumbnailUrl":"https:\/\/ozponcho.com.au\/wp-content\/uploads\/2023\/12\/O1CN013IeZG51HIfyASF5kY_2331630735-0-cib.jpg","datePublished":"2023-12-13T07:34:15+00:00","dateModified":"2024-04-19T08:22:25+00:00","description":"Leter du etter en Ivory Fur-Collar Poncho? Du har kommet til rett sted \ud83d\ude04 Vi tilbyr et bredt utvalg av Ivory Fur-Collar Poncho, perfekt for deg.","breadcrumb":{"@id":"https:\/\/ozponcho.com.au\/p\/chic-autumn-winter-cape\/#breadcrumb"},"inLanguage":"nb-NO","potentialAction":[{"@type":"ReadAction","target":["https:\/\/ozponcho.com.au\/p\/chic-autumn-winter-cape\/"]}]},{"@type":"ImageObject","inLanguage":"nb-NO","@id":"https:\/\/ozponcho.com.au\/p\/chic-autumn-winter-cape\/#primaryimage","url":"https:\/\/ozponcho.com.au\/wp-content\/uploads\/2023\/12\/O1CN013IeZG51HIfyASF5kY_2331630735-0-cib.jpg","contentUrl":"https:\/\/ozponcho.com.au\/wp-content\/uploads\/2023\/12\/O1CN013IeZG51HIfyASF5kY_2331630735-0-cib.jpg","width":1200,"height":1200,"caption":"Ivory Fur-Collar Poncho"},{"@type":"BreadcrumbList","@id":"https:\/\/ozponcho.com.au\/p\/chic-autumn-winter-cape\/#breadcrumb","itemListElement":[{"@type":"ListItem","position":1,"name":"Home","item":"https:\/\/ozponcho.com.au\/"},{"@type":"ListItem","position":2,"name":"Shop","item":"https:\/\/ozponcho.com.au\/shop\/"},{"@type":"ListItem","position":3,"name":"Ivory Fur-Collar Poncho"}]},{"@type":"WebSite","@id":"https:\/\/ozponcho.com.au\/#website","url":"https:\/\/ozponcho.com.au\/","name":"OZ Poncho","description":"","potentialAction":[{"@type":"SearchAction","target":{"@type":"EntryPoint","urlTemplate":"https:\/\/ozponcho.com.au\/?s={search_term_string}"},"query-input":{"@type":"PropertyValueSpecification","valueRequired":true,"valueName":"search_term_string"}}],"inLanguage":"nb-NO"}]}},"_links":{"self":[{"href":"https:\/\/ozponcho.com.au\/nb\/wp-json\/wp\/v2\/product\/12252","targetHints":{"allow":["GET"]}}],"collection":[{"href":"https:\/\/ozponcho.com.au\/nb\/wp-json\/wp\/v2\/product"}],"about":[{"href":"https:\/\/ozponcho.com.au\/nb\/wp-json\/wp\/v2\/types\/product"}],"wp:featuredmedia":[{"embeddable":true,"href":"https:\/\/ozponcho.com.au\/nb\/wp-json\/wp\/v2\/media\/12218"}],"wp:attachment":[{"href":"https:\/\/ozponcho.com.au\/nb\/wp-json\/wp\/v2\/media?parent=12252"}],"wp:term":[{"taxonomy":"product_brand","embeddable":true,"href":"https:\/\/ozponcho.com.au\/nb\/wp-json\/wp\/v2\/product_brand?post=12252"},{"taxonomy":"product_cat","embeddable":true,"href":"https:\/\/ozponcho.com.au\/nb\/wp-json\/wp\/v2\/product_cat?post=12252"},{"taxonomy":"product_tag","embeddable":true,"href":"https:\/\/ozponcho.com.au\/nb\/wp-json\/wp\/v2\/product_tag?post=12252"}],"curies":[{"name":"wp","href":"https:\/\/api.w.org\/{rel}","templated":true}]}}