{"id":28,"date":"2022-11-26T15:52:19","date_gmt":"2022-11-26T04:52:19","guid":{"rendered":"https:\/\/ozponcho.com.au\/?page_id=28"},"modified":"2022-11-26T16:21:02","modified_gmt":"2022-11-26T05:21:02","slug":"refund-and-returns-policy","status":"publish","type":"page","link":"https:\/\/ozponcho.com.au\/nb\/retningslinjer-for-refusjon-og-retur\/","title":{"rendered":"Retningslinjer for refusjon og retur"},"content":{"rendered":"<h2>Jeg vil gjerne <strong>retur<\/strong> eller <strong>utveksling*<\/strong> en vare som ikke passer meg.<\/h2>\n<p><strong>Trinn 1:<\/strong> Hvis du \u00f8nsker \u00e5 <strong>retur<\/strong> eller <strong>bytte<\/strong> varen din (for \u00e5 f\u00e5 en annen st\u00f8rrelse eller farge), m\u00e5 du s\u00f8rge for at du oppfyller f\u00f8lgende betingelser:<\/p>\n<ul>\n<li>Du har 14 dager p\u00e5 deg til \u00e5 returnere pakken til oss etter at du har mottatt den.<\/li>\n<li>Etiketter m\u00e5 festes p\u00e5 varen p\u00e5 samme m\u00e5te som den ble mottatt.<\/li>\n<li>Varen m\u00e5 v\u00e6re i originalemballasjen.<\/li>\n<\/ul>\n<p><strong>Trinn 2:<\/strong> Contact us by email at contact@ozponcho.com.au or directly via our contact.<\/p>\n<p>S\u00f8rg for at f\u00f8lgende informasjon vises i e-posten din: din\u00a0<strong>Bestillingsnummer<\/strong>, <strong>navn p\u00e5 de returnerte varene<\/strong>, samt <strong>hva du \u00f8nsker \u00e5 f\u00e5 ut av returen<\/strong> (refusjon, kupong eller bytte til en annen st\u00f8rrelse\/farge).<\/p>\n<p><strong>Trinn 3:<\/strong>\u00a0Vi svarer deg innen 48 timer med postadressen du skal returnere varene til.<\/p>\n<p>Bli informert om at\u00a0<strong>returforsendelseskostnadene forblir p\u00e5 din regning<\/strong>.<\/p>\n<p><em>Varene m\u00e5 returneres i original stand. Varer som er vasket eller slitt (uten etikett) kan ikke returneres eller refunderes.<\/em><\/p>\n<p><strong>Trinn 4<\/strong>: Bekreft til oss via e-post at produktet ditt er sendt, og gi oss f\u00f8lgende opplysninger\u00a0<strong>pakkens forsendelsesnummer<\/strong>.<\/p>\n<p>Dette gj\u00f8r det mulig for oss \u00e5 betale eventuelle tollavgifter.\u00a0<strong>Hvis vi ikke har denne informasjonen, kan vi ikke betale tollavgiftene, og pakken vil automatisk bli returnert til deg.<\/strong>.<\/p>\n<p><strong>Trinn 5:<\/strong> S\u00e5 snart vi mottar varene, vil de bli inspisert og i henhold til dine \u00f8nsker:<\/p>\n<ul>\n<li>Refusjon av varene dine: Du vil motta en e-post for \u00e5 bekrefte refusjonen av bestillingen din.<\/li>\n<li>Bytte varene dine: Varer vil bli byttet av de som er angitt p\u00e5 returskjemaet ditt, du vil motta en e-post som bekrefter byttet samt et nytt ordrenummer.<\/li>\n<\/ul>\nOZ Poncho reserves the right to refuse returns sent or communicated after the delay of return, or articles which are not in the same condition as when they were received. Once the return is approved, you will be refunded through the <strong>samme betalingsm\u00e5te som ble brukt ved kj\u00f8pet<\/strong>. Den maksimale refusjonsfristen er 10 dager. V\u00e6r oppmerksom p\u00e5 at refusjonsforsinkelsen p\u00e5 bankkontoen din alltid avhenger av banken din.<\/p>","protected":false},"excerpt":{"rendered":"<p>I would like to return or exchange* an item that does not suit me. Step 1: If you would like to return or exchange your item (to get a different size or color), please make sure that you meet the following conditions: You have 14 days following the reception of your package to return it [&#8230;]","protected":false},"author":1,"featured_media":0,"parent":0,"menu_order":0,"comment_status":"closed","ping_status":"closed","template":"page-blank-title-center.php","meta":{"footnotes":""},"class_list":["post-28","page","type-page","status-publish","hentry"],"yoast_head":"<!-- This site is optimized with the Yoast SEO plugin v25.9 - https:\/\/yoast.com\/wordpress\/plugins\/seo\/ -->\n<title>Refund and Returns Policy | OZ Poncho<\/title>\n<meta name=\"robots\" content=\"noindex, follow\" \/>\n<meta property=\"og:locale\" content=\"nb_NO\" \/>\n<meta property=\"og:type\" content=\"article\" \/>\n<meta property=\"og:title\" content=\"Refund and Returns Policy | OZ Poncho\" \/>\n<meta property=\"og:description\" content=\"I would like to return or exchange* an item that does not suit me. Step 1: If you would like to return or exchange your item (to get a different size or color), please make sure that you meet the following conditions: You have 14 days following the reception of your package to return it [...]\" \/>\n<meta property=\"og:url\" content=\"https:\/\/ozponcho.com.au\/nb\/retningslinjer-for-refusjon-og-retur\/\" \/>\n<meta property=\"og:site_name\" content=\"OZ Poncho\" \/>\n<meta property=\"article:modified_time\" content=\"2022-11-26T05:21:02+00:00\" \/>\n<meta name=\"twitter:card\" content=\"summary_large_image\" \/>\n<meta name=\"twitter:label1\" content=\"Ansl. lesetid\" \/>\n\t<meta name=\"twitter:data1\" content=\"2 minutter\" \/>\n<script type=\"application\/ld+json\" class=\"yoast-schema-graph\">{\"@context\":\"https:\/\/schema.org\",\"@graph\":[{\"@type\":\"WebPage\",\"@id\":\"https:\/\/ozponcho.com.au\/refund-and-returns-policy\/\",\"url\":\"https:\/\/ozponcho.com.au\/refund-and-returns-policy\/\",\"name\":\"Refund and Returns Policy | OZ Poncho\",\"isPartOf\":{\"@id\":\"https:\/\/ozponcho.com.au\/#website\"},\"datePublished\":\"2022-11-26T04:52:19+00:00\",\"dateModified\":\"2022-11-26T05:21:02+00:00\",\"breadcrumb\":{\"@id\":\"https:\/\/ozponcho.com.au\/refund-and-returns-policy\/#breadcrumb\"},\"inLanguage\":\"nb-NO\",\"potentialAction\":[{\"@type\":\"ReadAction\",\"target\":[\"https:\/\/ozponcho.com.au\/refund-and-returns-policy\/\"]}]},{\"@type\":\"BreadcrumbList\",\"@id\":\"https:\/\/ozponcho.com.au\/refund-and-returns-policy\/#breadcrumb\",\"itemListElement\":[{\"@type\":\"ListItem\",\"position\":1,\"name\":\"Home\",\"item\":\"https:\/\/ozponcho.com.au\/\"},{\"@type\":\"ListItem\",\"position\":2,\"name\":\"Refund and Returns Policy\"}]},{\"@type\":\"WebSite\",\"@id\":\"https:\/\/ozponcho.com.au\/#website\",\"url\":\"https:\/\/ozponcho.com.au\/\",\"name\":\"OZ Poncho\",\"description\":\"\",\"potentialAction\":[{\"@type\":\"SearchAction\",\"target\":{\"@type\":\"EntryPoint\",\"urlTemplate\":\"https:\/\/ozponcho.com.au\/?s={search_term_string}\"},\"query-input\":{\"@type\":\"PropertyValueSpecification\",\"valueRequired\":true,\"valueName\":\"search_term_string\"}}],\"inLanguage\":\"nb-NO\"}]}<\/script>\n<!-- \/ Yoast SEO plugin. -->","yoast_head_json":{"title":"Retningslinjer for retur og refusjon | OZ Poncho","robots":{"index":"noindex","follow":"follow"},"og_locale":"nb_NO","og_type":"article","og_title":"Refund and Returns Policy | OZ Poncho","og_description":"I would like to return or exchange* an item that does not suit me. Step 1: If you would like to return or exchange your item (to get a different size or color), please make sure that you meet the following conditions: You have 14 days following the reception of your package to return it [...]","og_url":"https:\/\/ozponcho.com.au\/nb\/retningslinjer-for-refusjon-og-retur\/","og_site_name":"OZ Poncho","article_modified_time":"2022-11-26T05:21:02+00:00","twitter_card":"summary_large_image","twitter_misc":{"Ansl. lesetid":"2 minutter"},"schema":{"@context":"https:\/\/schema.org","@graph":[{"@type":"WebPage","@id":"https:\/\/ozponcho.com.au\/refund-and-returns-policy\/","url":"https:\/\/ozponcho.com.au\/refund-and-returns-policy\/","name":"Retningslinjer for retur og refusjon | OZ Poncho","isPartOf":{"@id":"https:\/\/ozponcho.com.au\/#website"},"datePublished":"2022-11-26T04:52:19+00:00","dateModified":"2022-11-26T05:21:02+00:00","breadcrumb":{"@id":"https:\/\/ozponcho.com.au\/refund-and-returns-policy\/#breadcrumb"},"inLanguage":"nb-NO","potentialAction":[{"@type":"ReadAction","target":["https:\/\/ozponcho.com.au\/refund-and-returns-policy\/"]}]},{"@type":"BreadcrumbList","@id":"https:\/\/ozponcho.com.au\/refund-and-returns-policy\/#breadcrumb","itemListElement":[{"@type":"ListItem","position":1,"name":"Home","item":"https:\/\/ozponcho.com.au\/"},{"@type":"ListItem","position":2,"name":"Refund and Returns Policy"}]},{"@type":"WebSite","@id":"https:\/\/ozponcho.com.au\/#website","url":"https:\/\/ozponcho.com.au\/","name":"OZ Poncho","description":"","potentialAction":[{"@type":"SearchAction","target":{"@type":"EntryPoint","urlTemplate":"https:\/\/ozponcho.com.au\/?s={search_term_string}"},"query-input":{"@type":"PropertyValueSpecification","valueRequired":true,"valueName":"search_term_string"}}],"inLanguage":"nb-NO"}]}},"_links":{"self":[{"href":"https:\/\/ozponcho.com.au\/nb\/wp-json\/wp\/v2\/pages\/28","targetHints":{"allow":["GET"]}}],"collection":[{"href":"https:\/\/ozponcho.com.au\/nb\/wp-json\/wp\/v2\/pages"}],"about":[{"href":"https:\/\/ozponcho.com.au\/nb\/wp-json\/wp\/v2\/types\/page"}],"author":[{"embeddable":true,"href":"https:\/\/ozponcho.com.au\/nb\/wp-json\/wp\/v2\/users\/1"}],"replies":[{"embeddable":true,"href":"https:\/\/ozponcho.com.au\/nb\/wp-json\/wp\/v2\/comments?post=28"}],"version-history":[{"count":0,"href":"https:\/\/ozponcho.com.au\/nb\/wp-json\/wp\/v2\/pages\/28\/revisions"}],"wp:attachment":[{"href":"https:\/\/ozponcho.com.au\/nb\/wp-json\/wp\/v2\/media?parent=28"}],"curies":[{"name":"wp","href":"https:\/\/api.w.org\/{rel}","templated":true}]}}