{"id":23,"date":"2022-11-26T15:51:17","date_gmt":"2022-11-26T04:51:17","guid":{"rendered":"https:\/\/ozponcho.com.au\/?page_id=23"},"modified":"2023-11-08T21:11:28","modified_gmt":"2023-11-08T10:11:28","slug":"privacy-policy","status":"publish","type":"page","link":"https:\/\/ozponcho.com.au\/nb\/personvernerklaering\/","title":{"rendered":"Retningslinjer for personvern"},"content":{"rendered":"<p>This Privacy Policy describes how your personal information is collected, used,and shared when you visit or make a purchase from ozponcho.com.au (the \u201cSite\u201d).<\/p>\n<h2>PERSONOPPLYSNINGER VI SAMLER INN<\/h2>\n<p>N\u00e5r du bes\u00f8ker nettstedet, samler vi automatisk inn visse opplysninger om enheten din, inkludert informasjon om nettleseren din, IP-adresse, tidssone og noen av informasjonskapslene som er installert p\u00e5 enheten din. N\u00e5r du surfer p\u00e5 nettstedet, samler vi i tillegg inn informasjon om de enkelte nettsidene eller produktene du ser p\u00e5, hvilke nettsteder eller s\u00f8keord som henviste deg til nettstedet, og informasjon om hvordan du samhandler med nettstedet. Vi kaller denne automatisk innsamlede informasjonen for \"enhetsinformasjon\".<\/p>\n<p>Vi samler inn enhetsinformasjon ved hjelp av f\u00f8lgende teknologier:<\/p>\n<ul>\n<li>\"Informasjonskapsler\" er datafiler som plasseres p\u00e5 enheten eller datamaskinen din, og som ofte inneholder en anonym, unik identifikator. Hvis du vil ha mer informasjon om informasjonskapsler og hvordan du deaktiverer dem, kan du g\u00e5 til http:\/\/www.allaboutcookies.org.<\/li>\n<li>\"Loggfiler\" sporer handlinger som skjer p\u00e5 nettstedet, og samler inn data, inkludert din IP-adresse, nettlesertype, Internett-leverand\u00f8r, henvisnings-\/utgangssider og dato-\/klokkeslettstempler.<\/li>\n<li>\"Web beacons\", \"tags\" og \"piksler\" er elektroniske filer som brukes til \u00e5 registrere informasjon om hvordan du surfer p\u00e5 nettstedet.<\/li>\n<\/ul>\n<p>I tillegg, n\u00e5r du foretar et kj\u00f8p eller fors\u00f8ker \u00e5 foreta et kj\u00f8p via nettstedet, samler vi inn visse opplysninger fra deg, inkludert navn, faktureringsadresse, leveringsadresse, betalingsinformasjon (inkludert kredittkortnummer).\n<p>N\u00e5r vi snakker om \"personopplysninger\" i denne personvernerkl\u00e6ringen, snakker vi b\u00e5de om enhetsinformasjon og bestillingsinformasjon.<\/p>\n<h2>HVORDAN BRUKER VI PERSONOPPLYSNINGENE DINE?<\/h2>\n<p>Vi bruker bestillingsinformasjonen som vi samler inn, generelt til \u00e5 oppfylle bestillinger som er lagt inn via nettstedet (inkludert behandling av betalingsinformasjonen din, tilrettelegging for frakt og levering av fakturaer og\/eller ordrebekreftelser). I tillegg bruker vi denne bestillingsinformasjonen til \u00e5:<\/p>\n<ul>\n<li>Kommunisere med deg;<\/li>\n<li>Screene bestillingene v\u00e5re for potensiell risiko eller svindel; og<\/li>\n<li>N\u00e5r det er i tr\u00e5d med de preferansene du har delt med oss, gi deg informasjon eller reklame knyttet til v\u00e5re produkter eller tjenester.<\/li>\n<\/ul>\n<p>Vi bruker enhetsinformasjonen vi samler inn for \u00e5 avdekke potensielle risikoer og svindel (spesielt IP-adressen din), og mer generelt for \u00e5 forbedre og optimalisere nettstedet v\u00e5rt (for eksempel ved \u00e5 generere analyser om hvordan kundene v\u00e5re surfer og samhandler med nettstedet, og for \u00e5 vurdere hvor vellykkede markedsf\u00f8rings- og reklamekampanjene v\u00e5re er).<\/p>\n<h2>DELING AV PERSONOPPLYSNINGER<\/h2>\n<p>Vi deler personopplysningene dine med tredjeparter som hjelper oss med \u00e5 bruke personopplysningene dine, som beskrevet ovenfor. Vi bruker for eksempel Shopify til \u00e5 drive nettbutikken v\u00e5r - du kan lese mer om hvordan Shopify bruker personopplysningene dine her: https:\/\/www.shopify.com\/legal\/privacy. Vi bruker ogs\u00e5 Google Analytics for \u00e5 hjelpe oss med \u00e5 forst\u00e5 hvordan kundene v\u00e5re bruker nettstedet - du kan lese mer om hvordan Google bruker personopplysningene dine her: https:\/\/www.google.com\/intl\/en\/policies\/privacy\/. Du kan ogs\u00e5 velge bort Google Analytics her: https:\/\/tools.google.com\/dlpage\/gaoptout.<\/p>\n<p>Til slutt kan vi ogs\u00e5 dele personopplysningene dine for \u00e5 overholde gjeldende lover og forskrifter, for \u00e5 svare p\u00e5 en stevning, ransakingsordre eller annen lovlig foresp\u00f8rsel om informasjon vi mottar, eller for \u00e5 beskytte rettighetene v\u00e5re p\u00e5 annen m\u00e5te.<\/p>\n<h2>ATFERDSBASERT REKLAME<\/h2>\n<p>Som beskrevet ovenfor bruker vi personopplysningene dine til \u00e5 gi deg m\u00e5lrettet reklame eller markedsf\u00f8ringskommunikasjon som vi tror kan v\u00e6re av interesse for deg. Hvis du vil ha mer informasjon om hvordan m\u00e5lrettet annonsering fungerer, kan du g\u00e5 til Network Advertising Initiatives (\"NAI\") informasjonsside p\u00e5 http:\/\/www.networkadvertising.org\/understanding-online-advertising\/how-does-it-work.<\/p>\n<p>I tillegg kan du velge bort noen av disse tjenestene ved \u00e5 g\u00e5 til Digital Advertising Alliance's opt-out portal p\u00e5: http:\/\/optout.aboutads.info\/.<\/p>\n<h2>IKKE SPOR<\/h2>\n<p>V\u00e6r oppmerksom p\u00e5 at vi ikke endrer nettstedets praksis for datainnsamling og -bruk n\u00e5r vi ser et Do Not Track-signal fra nettleseren din.<\/p>\n<h2>DINE RETTIGHETER<\/h2>\n<p>Hvis du er bosatt i Europa, har du rett til \u00e5 f\u00e5 tilgang til personopplysningene vi har om deg, og til \u00e5 be om at personopplysningene dine korrigeres, oppdateres eller slettes. Hvis du \u00f8nsker \u00e5 ut\u00f8ve denne retten, kan du kontakte oss via kontaktinformasjonen nedenfor.<\/p>\n<p>Hvis du er bosatt i Europa, gj\u00f8r vi oppmerksom p\u00e5 at vi behandler opplysningene dine for \u00e5 oppfylle kontrakter vi kan ha med deg (for eksempel hvis du foretar en bestilling via nettstedet), eller for \u00e5 ivareta v\u00e5re legitime forretningsinteresser som er nevnt ovenfor. I tillegg gj\u00f8r vi oppmerksom p\u00e5 at opplysningene dine vil bli overf\u00f8rt utenfor Europa, inkludert til Canada og USA.<\/p>\n<h2>LAGRING AV DATA<\/h2>\n<p>N\u00e5r du legger inn en bestilling via nettstedet, vil vi oppbevare bestillingsinformasjonen din i v\u00e5re registre med mindre og inntil du ber oss om \u00e5 slette denne informasjonen.<\/p>\n<h2>ENDRINGER<\/h2>\n<p>Vi kan oppdatere denne personvernerkl\u00e6ringen fra tid til annen, for eksempel for \u00e5 gjenspeile endringer i v\u00e5r praksis eller av andre driftsmessige, juridiske eller regulatoriske \u00e5rsaker.<\/p>\n<h2>KONTAKT OSS<\/h2>\n<p>For more information about our privacy practices, if you have questions, or if you would like to make a complaint, please contact us by e-mail at contact@ozponcho.com.au or by mail using the details provided below:<\/p>\nOZ Poncho\n36 Hurtle Square<br \/>\nAdelaide SA 5000<br \/>\nAustralia<\/p>","protected":false},"excerpt":{"rendered":"<p>This Privacy Policy describes how your personal information is collected, used,and shared when you visit or make a purchase from (the \u201cSite\u201d). PERSONAL INFORMATION WE COLLECT When you visit the Site, we automatically collect certain information about your device, including information about your web browser, IP address, time zone, and some of the cookies that [&#8230;]","protected":false},"author":1,"featured_media":0,"parent":0,"menu_order":0,"comment_status":"closed","ping_status":"closed","template":"page-blank-title-center.php","meta":{"footnotes":""},"class_list":["post-23","page","type-page","status-publish","hentry"],"yoast_head":"<!-- This site is optimized with the Yoast SEO plugin v25.9 - https:\/\/yoast.com\/wordpress\/plugins\/seo\/ -->\n<title>Privacy Policy | OZ Poncho<\/title>\n<meta name=\"robots\" content=\"noindex, follow\" \/>\n<meta property=\"og:locale\" content=\"nb_NO\" \/>\n<meta property=\"og:type\" content=\"article\" \/>\n<meta property=\"og:title\" content=\"Privacy Policy | OZ Poncho\" \/>\n<meta property=\"og:description\" content=\"This Privacy Policy describes how your personal information is collected, used,and shared when you visit or make a purchase from (the \u201cSite\u201d). PERSONAL INFORMATION WE COLLECT When you visit the Site, we automatically collect certain information about your device, including information about your web browser, IP address, time zone, and some of the cookies that [...]\" \/>\n<meta property=\"og:url\" content=\"https:\/\/ozponcho.com.au\/nb\/personvernerklaering\/\" \/>\n<meta property=\"og:site_name\" content=\"OZ Poncho\" \/>\n<meta property=\"article:modified_time\" content=\"2023-11-08T10:11:28+00:00\" \/>\n<meta name=\"twitter:card\" content=\"summary_large_image\" \/>\n<meta name=\"twitter:label1\" content=\"Ansl. lesetid\" \/>\n\t<meta name=\"twitter:data1\" content=\"4 minutter\" \/>\n<script type=\"application\/ld+json\" class=\"yoast-schema-graph\">{\"@context\":\"https:\/\/schema.org\",\"@graph\":[{\"@type\":\"WebPage\",\"@id\":\"https:\/\/ozponcho.com.au\/privacy-policy\/\",\"url\":\"https:\/\/ozponcho.com.au\/privacy-policy\/\",\"name\":\"Privacy Policy | OZ Poncho\",\"isPartOf\":{\"@id\":\"https:\/\/ozponcho.com.au\/#website\"},\"datePublished\":\"2022-11-26T04:51:17+00:00\",\"dateModified\":\"2023-11-08T10:11:28+00:00\",\"breadcrumb\":{\"@id\":\"https:\/\/ozponcho.com.au\/privacy-policy\/#breadcrumb\"},\"inLanguage\":\"nb-NO\",\"potentialAction\":[{\"@type\":\"ReadAction\",\"target\":[\"https:\/\/ozponcho.com.au\/privacy-policy\/\"]}]},{\"@type\":\"BreadcrumbList\",\"@id\":\"https:\/\/ozponcho.com.au\/privacy-policy\/#breadcrumb\",\"itemListElement\":[{\"@type\":\"ListItem\",\"position\":1,\"name\":\"Home\",\"item\":\"https:\/\/ozponcho.com.au\/\"},{\"@type\":\"ListItem\",\"position\":2,\"name\":\"Privacy Policy\"}]},{\"@type\":\"WebSite\",\"@id\":\"https:\/\/ozponcho.com.au\/#website\",\"url\":\"https:\/\/ozponcho.com.au\/\",\"name\":\"OZ Poncho\",\"description\":\"\",\"potentialAction\":[{\"@type\":\"SearchAction\",\"target\":{\"@type\":\"EntryPoint\",\"urlTemplate\":\"https:\/\/ozponcho.com.au\/?s={search_term_string}\"},\"query-input\":{\"@type\":\"PropertyValueSpecification\",\"valueRequired\":true,\"valueName\":\"search_term_string\"}}],\"inLanguage\":\"nb-NO\"}]}<\/script>\n<!-- \/ Yoast SEO plugin. -->","yoast_head_json":{"title":"Personvernerkl\u00e6ring | OZ Poncho","robots":{"index":"noindex","follow":"follow"},"og_locale":"nb_NO","og_type":"article","og_title":"Privacy Policy | OZ Poncho","og_description":"This Privacy Policy describes how your personal information is collected, used,and shared when you visit or make a purchase from (the \u201cSite\u201d). PERSONAL INFORMATION WE COLLECT When you visit the Site, we automatically collect certain information about your device, including information about your web browser, IP address, time zone, and some of the cookies that [...]","og_url":"https:\/\/ozponcho.com.au\/nb\/personvernerklaering\/","og_site_name":"OZ Poncho","article_modified_time":"2023-11-08T10:11:28+00:00","twitter_card":"summary_large_image","twitter_misc":{"Ansl. lesetid":"4 minutter"},"schema":{"@context":"https:\/\/schema.org","@graph":[{"@type":"WebPage","@id":"https:\/\/ozponcho.com.au\/privacy-policy\/","url":"https:\/\/ozponcho.com.au\/privacy-policy\/","name":"Personvernerkl\u00e6ring | OZ Poncho","isPartOf":{"@id":"https:\/\/ozponcho.com.au\/#website"},"datePublished":"2022-11-26T04:51:17+00:00","dateModified":"2023-11-08T10:11:28+00:00","breadcrumb":{"@id":"https:\/\/ozponcho.com.au\/privacy-policy\/#breadcrumb"},"inLanguage":"nb-NO","potentialAction":[{"@type":"ReadAction","target":["https:\/\/ozponcho.com.au\/privacy-policy\/"]}]},{"@type":"BreadcrumbList","@id":"https:\/\/ozponcho.com.au\/privacy-policy\/#breadcrumb","itemListElement":[{"@type":"ListItem","position":1,"name":"Home","item":"https:\/\/ozponcho.com.au\/"},{"@type":"ListItem","position":2,"name":"Privacy Policy"}]},{"@type":"WebSite","@id":"https:\/\/ozponcho.com.au\/#website","url":"https:\/\/ozponcho.com.au\/","name":"OZ Poncho","description":"","potentialAction":[{"@type":"SearchAction","target":{"@type":"EntryPoint","urlTemplate":"https:\/\/ozponcho.com.au\/?s={search_term_string}"},"query-input":{"@type":"PropertyValueSpecification","valueRequired":true,"valueName":"search_term_string"}}],"inLanguage":"nb-NO"}]}},"_links":{"self":[{"href":"https:\/\/ozponcho.com.au\/nb\/wp-json\/wp\/v2\/pages\/23","targetHints":{"allow":["GET"]}}],"collection":[{"href":"https:\/\/ozponcho.com.au\/nb\/wp-json\/wp\/v2\/pages"}],"about":[{"href":"https:\/\/ozponcho.com.au\/nb\/wp-json\/wp\/v2\/types\/page"}],"author":[{"embeddable":true,"href":"https:\/\/ozponcho.com.au\/nb\/wp-json\/wp\/v2\/users\/1"}],"replies":[{"embeddable":true,"href":"https:\/\/ozponcho.com.au\/nb\/wp-json\/wp\/v2\/comments?post=23"}],"version-history":[{"count":0,"href":"https:\/\/ozponcho.com.au\/nb\/wp-json\/wp\/v2\/pages\/23\/revisions"}],"wp:attachment":[{"href":"https:\/\/ozponcho.com.au\/nb\/wp-json\/wp\/v2\/media?parent=23"}],"curies":[{"name":"wp","href":"https:\/\/api.w.org\/{rel}","templated":true}]}}