{"id":21,"date":"2022-11-26T14:06:36","date_gmt":"2022-11-26T03:06:36","guid":{"rendered":"https:\/\/ozponcho.com.au\/?page_id=21"},"modified":"2023-01-29T03:41:47","modified_gmt":"2023-01-28T16:41:47","slug":"customer-reviews","status":"publish","type":"page","link":"https:\/\/ozponcho.com.au\/nb\/kundeanmeldelser\/","title":{"rendered":"Kundeomtaler"},"content":{"rendered":"<p>Velkommen til siden for kundeanmeldelser av Oz Poncho Clothing! Her kan du lese hva v\u00e5re fantastiske kunder har \u00e5 si om v\u00e5re ponchoer og andre produkter.<\/p>\n<h2>V\u00e5rt engasjement for kundetilfredshet<\/h2>\n<p>Hos Poncho Clothing er vi opptatt av \u00e5 gi kundene v\u00e5re en best mulig opplevelse n\u00e5r de handler hos oss. Vi er stolte av ponchoene og de andre produktene v\u00e5re, og vi vil at kundene v\u00e5re ogs\u00e5 skal v\u00e6re stolte av dem. Derfor tar vi kundeservice og kundetilfredshet p\u00e5 alvor. Vi svarer raskt p\u00e5 kundehenvendelser, og vi samarbeider alltid gjerne med kundene for \u00e5 sikre at de er forn\u00f8yde med kj\u00f8pet. Vi tilbyr ogs\u00e5 en 30-dagers tilfredshetsgaranti, slik at kundene kan handle i trygg forvissning om at de kan returnere en vare hvis den ikke lever opp til forventningene.<\/p>\n<h2>Nylige kundeomtaler<\/h2>\n<p>Vi er stolte over \u00e5 kunne dele de fantastiske anmeldelsene vi har f\u00e5tt fra kunder som har kj\u00f8pt og likt ponchoene v\u00e5re! Les videre for \u00e5 finne ut hvorfor de elsker dem s\u00e5 h\u00f8yt.<\/p>\n<p>\"Jeg elsker Poncho Clothing-ponchoen min. Den er s\u00e5 behagelig og ser bra ut ogs\u00e5! Den er den perfekte kombinasjonen av stil og funksjonalitet.\" - Jane<\/p>\n<p>\"Jeg kj\u00f8pte Poncho Clothing-ponchoen til datteren min, og hun elsker den. Den passer henne perfekt, og hun bruker den hele tiden. Kvaliteten p\u00e5 materialet er ogs\u00e5 veldig bra.\" - Michael<\/p>\n<p>\"Jeg elsker ponchoen min fra Poncho Clothing! Den er s\u00e5 koselig og stilig. Jeg f\u00e5r komplimenter hver gang jeg har den p\u00e5 meg. Jeg anbefaler dette produktet p\u00e5 det sterkeste til alle som leter etter en flott poncho.\" - Abigail, Texas<\/p>\n<p>Vi er glade for \u00e5 h\u00f8re at kundene v\u00e5re elsker ponchoene fra Poncho Clothing! Vi er s\u00e5 takknemlige for deres st\u00f8tte og ser frem til \u00e5 fortsette \u00e5 gi dem markedets beste ponchoer.<\/p>\n<p>Takk for at du bes\u00f8ker siden med kundeanmeldelser. Vi h\u00e5per du har hatt glede av \u00e5 lese disse anmeldelsene og at du vil vurdere \u00e5 kj\u00f8pe en av ponchoene v\u00e5re selv. Vi er sikre p\u00e5 at du vil elske den like mye som kundene v\u00e5re gj\u00f8r!<\/p>","protected":false},"excerpt":{"rendered":"<p>Welcome to the Customer Reviews page of Oz Poncho Clothing! Here, you can read what our amazing customers have to say about our ponchos and other products. Our commitment to customer satisfaction At Poncho Clothing, we strive to provide our customers with the best possible experience when shopping with us. We are proud of our [&#8230;]","protected":false},"author":1,"featured_media":0,"parent":0,"menu_order":0,"comment_status":"closed","ping_status":"closed","template":"page-blank-title-center.php","meta":{"footnotes":""},"class_list":["post-21","page","type-page","status-publish","hentry"],"yoast_head":"<!-- This site is optimized with the Yoast SEO plugin v25.9 - https:\/\/yoast.com\/wordpress\/plugins\/seo\/ -->\n<title>Customer Reviews | OZ Poncho<\/title>\n<meta name=\"robots\" content=\"index, follow, max-snippet:-1, max-image-preview:large, max-video-preview:-1\" \/>\n<link rel=\"canonical\" href=\"https:\/\/ozponcho.com.au\/nb\/kundeanmeldelser\/\" \/>\n<meta property=\"og:locale\" content=\"nb_NO\" \/>\n<meta property=\"og:type\" content=\"article\" \/>\n<meta property=\"og:title\" content=\"Customer Reviews | OZ Poncho\" \/>\n<meta property=\"og:description\" content=\"Welcome to the Customer Reviews page of Oz Poncho Clothing! Here, you can read what our amazing customers have to say about our ponchos and other products. Our commitment to customer satisfaction At Poncho Clothing, we strive to provide our customers with the best possible experience when shopping with us. We are proud of our [...]\" \/>\n<meta property=\"og:url\" content=\"https:\/\/ozponcho.com.au\/nb\/kundeanmeldelser\/\" \/>\n<meta property=\"og:site_name\" content=\"OZ Poncho\" \/>\n<meta property=\"article:modified_time\" content=\"2023-01-28T16:41:47+00:00\" \/>\n<meta name=\"twitter:card\" content=\"summary_large_image\" \/>\n<meta name=\"twitter:label1\" content=\"Ansl. lesetid\" \/>\n\t<meta name=\"twitter:data1\" content=\"2 minutter\" \/>\n<script type=\"application\/ld+json\" class=\"yoast-schema-graph\">{\"@context\":\"https:\/\/schema.org\",\"@graph\":[{\"@type\":\"WebPage\",\"@id\":\"https:\/\/ozponcho.com.au\/customer-reviews\/\",\"url\":\"https:\/\/ozponcho.com.au\/customer-reviews\/\",\"name\":\"Customer Reviews | OZ Poncho\",\"isPartOf\":{\"@id\":\"https:\/\/ozponcho.com.au\/#website\"},\"datePublished\":\"2022-11-26T03:06:36+00:00\",\"dateModified\":\"2023-01-28T16:41:47+00:00\",\"breadcrumb\":{\"@id\":\"https:\/\/ozponcho.com.au\/customer-reviews\/#breadcrumb\"},\"inLanguage\":\"nb-NO\",\"potentialAction\":[{\"@type\":\"ReadAction\",\"target\":[\"https:\/\/ozponcho.com.au\/customer-reviews\/\"]}]},{\"@type\":\"BreadcrumbList\",\"@id\":\"https:\/\/ozponcho.com.au\/customer-reviews\/#breadcrumb\",\"itemListElement\":[{\"@type\":\"ListItem\",\"position\":1,\"name\":\"Home\",\"item\":\"https:\/\/ozponcho.com.au\/\"},{\"@type\":\"ListItem\",\"position\":2,\"name\":\"Customer Reviews\"}]},{\"@type\":\"WebSite\",\"@id\":\"https:\/\/ozponcho.com.au\/#website\",\"url\":\"https:\/\/ozponcho.com.au\/\",\"name\":\"OZ Poncho\",\"description\":\"\",\"potentialAction\":[{\"@type\":\"SearchAction\",\"target\":{\"@type\":\"EntryPoint\",\"urlTemplate\":\"https:\/\/ozponcho.com.au\/?s={search_term_string}\"},\"query-input\":{\"@type\":\"PropertyValueSpecification\",\"valueRequired\":true,\"valueName\":\"search_term_string\"}}],\"inLanguage\":\"nb-NO\"}]}<\/script>\n<!-- \/ Yoast SEO plugin. -->","yoast_head_json":{"title":"Kundeanmeldelser | OZ Poncho","robots":{"index":"index","follow":"follow","max-snippet":"max-snippet:-1","max-image-preview":"max-image-preview:large","max-video-preview":"max-video-preview:-1"},"canonical":"https:\/\/ozponcho.com.au\/nb\/kundeanmeldelser\/","og_locale":"nb_NO","og_type":"article","og_title":"Customer Reviews | OZ Poncho","og_description":"Welcome to the Customer Reviews page of Oz Poncho Clothing! Here, you can read what our amazing customers have to say about our ponchos and other products. Our commitment to customer satisfaction At Poncho Clothing, we strive to provide our customers with the best possible experience when shopping with us. We are proud of our [...]","og_url":"https:\/\/ozponcho.com.au\/nb\/kundeanmeldelser\/","og_site_name":"OZ Poncho","article_modified_time":"2023-01-28T16:41:47+00:00","twitter_card":"summary_large_image","twitter_misc":{"Ansl. lesetid":"2 minutter"},"schema":{"@context":"https:\/\/schema.org","@graph":[{"@type":"WebPage","@id":"https:\/\/ozponcho.com.au\/customer-reviews\/","url":"https:\/\/ozponcho.com.au\/customer-reviews\/","name":"Kundeanmeldelser | OZ Poncho","isPartOf":{"@id":"https:\/\/ozponcho.com.au\/#website"},"datePublished":"2022-11-26T03:06:36+00:00","dateModified":"2023-01-28T16:41:47+00:00","breadcrumb":{"@id":"https:\/\/ozponcho.com.au\/customer-reviews\/#breadcrumb"},"inLanguage":"nb-NO","potentialAction":[{"@type":"ReadAction","target":["https:\/\/ozponcho.com.au\/customer-reviews\/"]}]},{"@type":"BreadcrumbList","@id":"https:\/\/ozponcho.com.au\/customer-reviews\/#breadcrumb","itemListElement":[{"@type":"ListItem","position":1,"name":"Home","item":"https:\/\/ozponcho.com.au\/"},{"@type":"ListItem","position":2,"name":"Customer Reviews"}]},{"@type":"WebSite","@id":"https:\/\/ozponcho.com.au\/#website","url":"https:\/\/ozponcho.com.au\/","name":"OZ Poncho","description":"","potentialAction":[{"@type":"SearchAction","target":{"@type":"EntryPoint","urlTemplate":"https:\/\/ozponcho.com.au\/?s={search_term_string}"},"query-input":{"@type":"PropertyValueSpecification","valueRequired":true,"valueName":"search_term_string"}}],"inLanguage":"nb-NO"}]}},"_links":{"self":[{"href":"https:\/\/ozponcho.com.au\/nb\/wp-json\/wp\/v2\/pages\/21","targetHints":{"allow":["GET"]}}],"collection":[{"href":"https:\/\/ozponcho.com.au\/nb\/wp-json\/wp\/v2\/pages"}],"about":[{"href":"https:\/\/ozponcho.com.au\/nb\/wp-json\/wp\/v2\/types\/page"}],"author":[{"embeddable":true,"href":"https:\/\/ozponcho.com.au\/nb\/wp-json\/wp\/v2\/users\/1"}],"replies":[{"embeddable":true,"href":"https:\/\/ozponcho.com.au\/nb\/wp-json\/wp\/v2\/comments?post=21"}],"version-history":[{"count":0,"href":"https:\/\/ozponcho.com.au\/nb\/wp-json\/wp\/v2\/pages\/21\/revisions"}],"wp:attachment":[{"href":"https:\/\/ozponcho.com.au\/nb\/wp-json\/wp\/v2\/media?parent=21"}],"curies":[{"name":"wp","href":"https:\/\/api.w.org\/{rel}","templated":true}]}}