{"id":17781,"date":"2024-01-21T19:46:27","date_gmt":"2024-01-21T08:46:27","guid":{"rendered":"https:\/\/ozponcho.com.au\/?post_type=product&#038;p=17781"},"modified":"2025-03-05T12:22:03","modified_gmt":"2025-03-05T01:22:03","slug":"trendy-mens-streetwear-cloak","status":"publish","type":"product","link":"https:\/\/ozponcho.com.au\/hu\/p\/trendy-mens-streetwear-cloak\/","title":{"rendered":"F\u00e9rfi alkalmi pamut poncs\u00f3"},"content":{"rendered":"<p>Elevate your style with our versatile Men&#8217;s Casual Cotton Poncho, a must-have for the fashion-forward individual. Crafted from premium cotton for maximum comfort, this poncho features a distinctive scarf collar and an on-trend asymmetrical cut, perfect for creating an effortlessly chic look. Suitable for spring and autumn wear, it&#8217;s the ideal outerwear to transition seamlessly from day to night, while enhancing your wardrobe with a touch of vintage charm. With a palette of essential colors to choose from, snag this stylish poncho today and make a bold statement wherever you go!<\/p>\n<h2>SPECIFIK\u00c1CI\u00d3K<\/h2>\n<p>Anyag: Pamut<\/p>\n<p><img decoding=\"async\" src=\"https:\/\/ozponcho.com.au\/wp-content\/uploads\/2024\/03\/S5e82af3f2e72444b8f49dc8aeee2ef38S.webp\" \/><\/p>","protected":false},"excerpt":{"rendered":"<p>Elevate your style with our versatile Men&#8217;s Casual Cotton Poncho, a must-have for the fashion-forward individual. Crafted from premium cotton for maximum comfort, this poncho features a distinctive scarf collar and an on-trend asymmetrical cut, perfect for creating an effortlessly chic look. Suitable for spring and autumn wear, it&#8217;s the ideal outerwear to transition seamlessly [&#8230;]","protected":false},"featured_media":17783,"template":"","meta":[],"product_brand":[],"product_cat":[219,229,15,228,211],"product_tag":[],"class_list":{"0":"post-17781","1":"product","2":"type-product","3":"status-publish","4":"has-post-thumbnail","6":"product_cat-black-poncho","7":"product_cat-blanket-poncho","8":"product_cat-main-category","9":"product_cat-poncho-sweater","10":"product_cat-poncho-men","12":"first","13":"instock","14":"shipping-taxable","15":"purchasable","16":"product-type-variable"},"yoast_head":"<!-- This site is optimized with the Yoast SEO plugin v25.9 - https:\/\/yoast.com\/wordpress\/plugins\/seo\/ -->\n<title>Men&#039;s Casual Cotton Poncho | Magyarorsz\u00e1g #1 Poncho Shop<\/title>\n<meta name=\"description\" content=\"Looking for a Men&#039;s Casual Cotton Poncho ? You&#039;ve come to the right place \ud83d\ude04 We offers a wide selection of Men&#039;s Casual Cotton Poncho, perfect for you.\" \/>\n<meta name=\"robots\" content=\"index, follow, max-snippet:-1, max-image-preview:large, max-video-preview:-1\" \/>\n<link rel=\"canonical\" href=\"https:\/\/ozponcho.com.au\/hu\/p\/trendy-mens-streetwear-cloak\/\" \/>\n<meta property=\"og:locale\" content=\"hu_HU\" \/>\n<meta property=\"og:type\" content=\"article\" \/>\n<meta property=\"og:title\" content=\"Men&#039;s Casual Cotton Poncho | Magyarorsz\u00e1g #1 Poncho Shop\" \/>\n<meta property=\"og:description\" content=\"Looking for a Men&#039;s Casual Cotton Poncho ? You&#039;ve come to the right place \ud83d\ude04 We offers a wide selection of Men&#039;s Casual Cotton Poncho, perfect for you.\" \/>\n<meta property=\"og:url\" content=\"https:\/\/ozponcho.com.au\/hu\/p\/trendy-mens-streetwear-cloak\/\" \/>\n<meta property=\"og:site_name\" content=\"OZ Poncho\" \/>\n<meta property=\"article:modified_time\" content=\"2025-03-05T01:22:03+00:00\" \/>\n<meta property=\"og:image\" content=\"https:\/\/ozponcho.com.au\/wp-content\/uploads\/2024\/01\/Se39caff6aa5f401281b86c340fc6f178f-2.webp\" \/>\n\t<meta property=\"og:image:width\" content=\"800\" \/>\n\t<meta property=\"og:image:height\" content=\"800\" \/>\n\t<meta property=\"og:image:type\" content=\"image\/webp\" \/>\n<meta name=\"twitter:card\" content=\"summary_large_image\" \/>\n<meta name=\"twitter:label1\" content=\"Becs\u00fclt olvas\u00e1si id\u0151\" \/>\n\t<meta name=\"twitter:data1\" content=\"1 perc\" \/>\n<script type=\"application\/ld+json\" class=\"yoast-schema-graph\">{\"@context\":\"https:\/\/schema.org\",\"@graph\":[{\"@type\":\"WebPage\",\"@id\":\"https:\/\/ozponcho.com.au\/p\/trendy-mens-streetwear-cloak\/\",\"url\":\"https:\/\/ozponcho.com.au\/p\/trendy-mens-streetwear-cloak\/\",\"name\":\"Men's Casual Cotton Poncho | Magyarorsz\u00e1g #1 Poncho Shop\",\"isPartOf\":{\"@id\":\"https:\/\/ozponcho.com.au\/#website\"},\"primaryImageOfPage\":{\"@id\":\"https:\/\/ozponcho.com.au\/p\/trendy-mens-streetwear-cloak\/#primaryimage\"},\"image\":{\"@id\":\"https:\/\/ozponcho.com.au\/p\/trendy-mens-streetwear-cloak\/#primaryimage\"},\"thumbnailUrl\":\"https:\/\/ozponcho.com.au\/wp-content\/uploads\/2024\/01\/Se39caff6aa5f401281b86c340fc6f178f-2.webp\",\"datePublished\":\"2024-01-21T08:46:27+00:00\",\"dateModified\":\"2025-03-05T01:22:03+00:00\",\"description\":\"Looking for a Men's Casual Cotton Poncho ? You've come to the right place \ud83d\ude04 We offers a wide selection of Men's Casual Cotton Poncho, perfect for you.\",\"breadcrumb\":{\"@id\":\"https:\/\/ozponcho.com.au\/p\/trendy-mens-streetwear-cloak\/#breadcrumb\"},\"inLanguage\":\"hu\",\"potentialAction\":[{\"@type\":\"ReadAction\",\"target\":[\"https:\/\/ozponcho.com.au\/p\/trendy-mens-streetwear-cloak\/\"]}]},{\"@type\":\"ImageObject\",\"inLanguage\":\"hu\",\"@id\":\"https:\/\/ozponcho.com.au\/p\/trendy-mens-streetwear-cloak\/#primaryimage\",\"url\":\"https:\/\/ozponcho.com.au\/wp-content\/uploads\/2024\/01\/Se39caff6aa5f401281b86c340fc6f178f-2.webp\",\"contentUrl\":\"https:\/\/ozponcho.com.au\/wp-content\/uploads\/2024\/01\/Se39caff6aa5f401281b86c340fc6f178f-2.webp\",\"width\":800,\"height\":800,\"caption\":\"Men's Casual Cotton Poncho\"},{\"@type\":\"BreadcrumbList\",\"@id\":\"https:\/\/ozponcho.com.au\/p\/trendy-mens-streetwear-cloak\/#breadcrumb\",\"itemListElement\":[{\"@type\":\"ListItem\",\"position\":1,\"name\":\"Home\",\"item\":\"https:\/\/ozponcho.com.au\/\"},{\"@type\":\"ListItem\",\"position\":2,\"name\":\"Shop\",\"item\":\"https:\/\/ozponcho.com.au\/shop\/\"},{\"@type\":\"ListItem\",\"position\":3,\"name\":\"Men&#8217;s Casual Cotton Poncho\"}]},{\"@type\":\"WebSite\",\"@id\":\"https:\/\/ozponcho.com.au\/#website\",\"url\":\"https:\/\/ozponcho.com.au\/\",\"name\":\"OZ Poncho\",\"description\":\"\",\"potentialAction\":[{\"@type\":\"SearchAction\",\"target\":{\"@type\":\"EntryPoint\",\"urlTemplate\":\"https:\/\/ozponcho.com.au\/?s={search_term_string}\"},\"query-input\":{\"@type\":\"PropertyValueSpecification\",\"valueRequired\":true,\"valueName\":\"search_term_string\"}}],\"inLanguage\":\"hu\"}]}<\/script>\n<!-- \/ Yoast SEO plugin. -->","yoast_head_json":{"title":"F\u00e9rfi alkalmi pamut poncs\u00f3 | Magyarorsz\u00e1g #1 Poncs\u00f3 Shop","description":"F\u00e9rfi alkalmi pamut poncs\u00f3t keres ? A legjobb helyen j\u00e1rsz \ud83d\ude04 F\u00e9rfi alkalmi pamut poncs\u00f3 sz\u00e9les v\u00e1laszt\u00e9k\u00e1t k\u00edn\u00e1ljuk, t\u00f6k\u00e9letes az \u00d6n sz\u00e1m\u00e1ra.","robots":{"index":"index","follow":"follow","max-snippet":"max-snippet:-1","max-image-preview":"max-image-preview:large","max-video-preview":"max-video-preview:-1"},"canonical":"https:\/\/ozponcho.com.au\/hu\/p\/trendy-mens-streetwear-cloak\/","og_locale":"hu_HU","og_type":"article","og_title":"Men's Casual Cotton Poncho | Magyarorsz\u00e1g #1 Poncho Shop","og_description":"Looking for a Men's Casual Cotton Poncho ? You've come to the right place \ud83d\ude04 We offers a wide selection of Men's Casual Cotton Poncho, perfect for you.","og_url":"https:\/\/ozponcho.com.au\/hu\/p\/trendy-mens-streetwear-cloak\/","og_site_name":"OZ Poncho","article_modified_time":"2025-03-05T01:22:03+00:00","og_image":[{"width":800,"height":800,"url":"https:\/\/ozponcho.com.au\/wp-content\/uploads\/2024\/01\/Se39caff6aa5f401281b86c340fc6f178f-2.webp","type":"image\/webp"}],"twitter_card":"summary_large_image","twitter_misc":{"Becs\u00fclt olvas\u00e1si id\u0151":"1 perc"},"schema":{"@context":"https:\/\/schema.org","@graph":[{"@type":"WebPage","@id":"https:\/\/ozponcho.com.au\/p\/trendy-mens-streetwear-cloak\/","url":"https:\/\/ozponcho.com.au\/p\/trendy-mens-streetwear-cloak\/","name":"F\u00e9rfi alkalmi pamut poncs\u00f3 | Magyarorsz\u00e1g #1 Poncs\u00f3 Shop","isPartOf":{"@id":"https:\/\/ozponcho.com.au\/#website"},"primaryImageOfPage":{"@id":"https:\/\/ozponcho.com.au\/p\/trendy-mens-streetwear-cloak\/#primaryimage"},"image":{"@id":"https:\/\/ozponcho.com.au\/p\/trendy-mens-streetwear-cloak\/#primaryimage"},"thumbnailUrl":"https:\/\/ozponcho.com.au\/wp-content\/uploads\/2024\/01\/Se39caff6aa5f401281b86c340fc6f178f-2.webp","datePublished":"2024-01-21T08:46:27+00:00","dateModified":"2025-03-05T01:22:03+00:00","description":"F\u00e9rfi alkalmi pamut poncs\u00f3t keres ? A legjobb helyen j\u00e1rsz \ud83d\ude04 F\u00e9rfi alkalmi pamut poncs\u00f3 sz\u00e9les v\u00e1laszt\u00e9k\u00e1t k\u00edn\u00e1ljuk, t\u00f6k\u00e9letes az \u00d6n sz\u00e1m\u00e1ra.","breadcrumb":{"@id":"https:\/\/ozponcho.com.au\/p\/trendy-mens-streetwear-cloak\/#breadcrumb"},"inLanguage":"hu","potentialAction":[{"@type":"ReadAction","target":["https:\/\/ozponcho.com.au\/p\/trendy-mens-streetwear-cloak\/"]}]},{"@type":"ImageObject","inLanguage":"hu","@id":"https:\/\/ozponcho.com.au\/p\/trendy-mens-streetwear-cloak\/#primaryimage","url":"https:\/\/ozponcho.com.au\/wp-content\/uploads\/2024\/01\/Se39caff6aa5f401281b86c340fc6f178f-2.webp","contentUrl":"https:\/\/ozponcho.com.au\/wp-content\/uploads\/2024\/01\/Se39caff6aa5f401281b86c340fc6f178f-2.webp","width":800,"height":800,"caption":"Men's Casual Cotton Poncho"},{"@type":"BreadcrumbList","@id":"https:\/\/ozponcho.com.au\/p\/trendy-mens-streetwear-cloak\/#breadcrumb","itemListElement":[{"@type":"ListItem","position":1,"name":"Home","item":"https:\/\/ozponcho.com.au\/"},{"@type":"ListItem","position":2,"name":"Shop","item":"https:\/\/ozponcho.com.au\/shop\/"},{"@type":"ListItem","position":3,"name":"Men&#8217;s Casual Cotton Poncho"}]},{"@type":"WebSite","@id":"https:\/\/ozponcho.com.au\/#website","url":"https:\/\/ozponcho.com.au\/","name":"OZ Poncho","description":"","potentialAction":[{"@type":"SearchAction","target":{"@type":"EntryPoint","urlTemplate":"https:\/\/ozponcho.com.au\/?s={search_term_string}"},"query-input":{"@type":"PropertyValueSpecification","valueRequired":true,"valueName":"search_term_string"}}],"inLanguage":"hu"}]}},"_links":{"self":[{"href":"https:\/\/ozponcho.com.au\/hu\/wp-json\/wp\/v2\/product\/17781","targetHints":{"allow":["GET"]}}],"collection":[{"href":"https:\/\/ozponcho.com.au\/hu\/wp-json\/wp\/v2\/product"}],"about":[{"href":"https:\/\/ozponcho.com.au\/hu\/wp-json\/wp\/v2\/types\/product"}],"wp:featuredmedia":[{"embeddable":true,"href":"https:\/\/ozponcho.com.au\/hu\/wp-json\/wp\/v2\/media\/17783"}],"wp:attachment":[{"href":"https:\/\/ozponcho.com.au\/hu\/wp-json\/wp\/v2\/media?parent=17781"}],"wp:term":[{"taxonomy":"product_brand","embeddable":true,"href":"https:\/\/ozponcho.com.au\/hu\/wp-json\/wp\/v2\/product_brand?post=17781"},{"taxonomy":"product_cat","embeddable":true,"href":"https:\/\/ozponcho.com.au\/hu\/wp-json\/wp\/v2\/product_cat?post=17781"},{"taxonomy":"product_tag","embeddable":true,"href":"https:\/\/ozponcho.com.au\/hu\/wp-json\/wp\/v2\/product_tag?post=17781"}],"curies":[{"name":"wp","href":"https:\/\/api.w.org\/{rel}","templated":true}]}}