{"id":17616,"date":"2024-01-21T19:44:57","date_gmt":"2024-01-21T08:44:57","guid":{"rendered":"https:\/\/ozponcho.com.au\/?post_type=product&#038;p=17616"},"modified":"2025-02-19T07:46:49","modified_gmt":"2025-02-18T20:46:49","slug":"casual-autumn-poncho-cloak","status":"publish","type":"product","link":"https:\/\/ozponcho.com.au\/hu\/p\/alkalmi-oszi-poncso-kopeny\/","title":{"rendered":"F\u00e9rfi k\u00f6t\u00f6tt poncs\u00f3 pul\u00f3ver"},"content":{"rendered":"<p>Fogadd az \u00e9vszakok v\u00e1ltoz\u00e1s\u00e1t ezzel a st\u00edlusos k\u00f6t\u00f6tt poncs\u00f3 pul\u00f3verrel. T\u00f6k\u00e9letes tavaszi vagy \u0151szi viselet, k\u00f6nny\u0171 pamutb\u00e9l\u00e9se \u00e9s akril anyaga \u00e9ppen a megfelel\u0151 mennyis\u00e9g\u0171 meleget biztos\u00edtja a k\u00e9nyelem fel\u00e1ldoz\u00e1sa n\u00e9lk\u00fcl. A laza garb\u00f3nyak\u00fa kialak\u00edt\u00e1s \u00e9s a teljes ujjhossz\u00fas\u00e1g\u00fa ujjak b\u00e1rmilyen \u00f6lt\u00f6z\u00e9khez hozz\u00e1adnak egy kis eleganci\u00e1t, m\u00edg a fodros d\u00edsz\u00edt\u00e9s \u00e9s a felt\u0171n\u0151 kock\u00e1s minta minden alkalomra kiemelked\u0151 darabot tesz bel\u0151le. Ak\u00e1r otthon pihensz, ak\u00e1r egy laza partira m\u00e9sz, ez a poncs\u00f3 biztosan a ruhat\u00e1rad \u00e1lland\u00f3 darabja lesz. V\u00e1s\u00e1roljon most, \u00e9s burkolja be mag\u00e1t k\u00f6nnyed st\u00edlusba.<\/p>\n<h2>SPECIFIK\u00c1CI\u00d3K<\/h2>\n<div>\n<div>\n<div>\n<div>\n<p>Anyag: Pamut \u00e9s akril<\/p>\n<div>\n<div>\n<div>\n<div><img decoding=\"async\" src=\"https:\/\/ozponcho.com.au\/wp-content\/uploads\/2024\/03\/S2ddfdaa1f2ed4ab797e4b1ececfa23f1l.webp\" \/><\/div>\n<div><img decoding=\"async\" src=\"https:\/\/ozponcho.com.au\/wp-content\/uploads\/2024\/03\/Sf4a696f691824d348e360e46da02b886c.webp\" \/><\/div>\n<div><img decoding=\"async\" src=\"https:\/\/ozponcho.com.au\/wp-content\/uploads\/2024\/03\/Se736eb43403f49c79d1c2079ca47c5683.webp\" \/><\/div>\n<div><img decoding=\"async\" src=\"https:\/\/ozponcho.com.au\/wp-content\/uploads\/2024\/03\/Se3716d32a9a54912b28811b2db860589J.webp\" \/><\/div>\n<\/div>\n<\/div>\n<\/div>\n<\/div>\n<\/div>\n<\/div>\n<\/div>","protected":false},"excerpt":{"rendered":"<p>Embrace the change of seasons with this stylish Knitted Poncho Sweater. Perfect for spring or autumn wear, its lightweight cotton lining and acrylic fabric provide just the right amount of warmth without sacrificing comfort. The loose turtleneck design and full flare sleeves add a touch of flair to any outfit, while the frayed decoration and [&#8230;]","protected":false},"featured_media":17622,"template":"","meta":[],"product_brand":[],"product_cat":[229,226,15,228,214,211],"product_tag":[],"class_list":{"0":"post-17616","1":"product","2":"type-product","3":"status-publish","4":"has-post-thumbnail","6":"product_cat-blanket-poncho","7":"product_cat-brown-poncho","8":"product_cat-main-category","9":"product_cat-poncho-sweater","10":"product_cat-knitted-crochet-poncho","11":"product_cat-poncho-men","13":"first","14":"instock","15":"shipping-taxable","16":"purchasable","17":"product-type-variable"},"yoast_head":"<!-- This site is optimized with the Yoast SEO plugin v25.9 - https:\/\/yoast.com\/wordpress\/plugins\/seo\/ -->\n<title>Men&#039;s Knitted Poncho Sweater | Magyarorsz\u00e1g #1 Poncho Shop<\/title>\n<meta name=\"description\" content=\"Looking for a Men&#039;s Knitted Poncho Sweater ? You&#039;ve come to the right place \ud83d\ude04 We offers a wide selection of Men&#039;s Knitted Poncho Sweater, perfect for you.\" \/>\n<meta name=\"robots\" content=\"index, follow, max-snippet:-1, max-image-preview:large, max-video-preview:-1\" \/>\n<link rel=\"canonical\" href=\"https:\/\/ozponcho.com.au\/hu\/p\/alkalmi-oszi-poncso-kopeny\/\" \/>\n<meta property=\"og:locale\" content=\"hu_HU\" \/>\n<meta property=\"og:type\" content=\"article\" \/>\n<meta property=\"og:title\" content=\"Men&#039;s Knitted Poncho Sweater | Magyarorsz\u00e1g #1 Poncho Shop\" \/>\n<meta property=\"og:description\" content=\"Looking for a Men&#039;s Knitted Poncho Sweater ? You&#039;ve come to the right place \ud83d\ude04 We offers a wide selection of Men&#039;s Knitted Poncho Sweater, perfect for you.\" \/>\n<meta property=\"og:url\" content=\"https:\/\/ozponcho.com.au\/hu\/p\/alkalmi-oszi-poncso-kopeny\/\" \/>\n<meta property=\"og:site_name\" content=\"OZ Poncho\" \/>\n<meta property=\"article:modified_time\" content=\"2025-02-18T20:46:49+00:00\" \/>\n<meta property=\"og:image\" content=\"https:\/\/ozponcho.com.au\/wp-content\/uploads\/2024\/01\/S74ab19f70a0449cbbdfc17d3fed3126en.webp\" \/>\n\t<meta property=\"og:image:width\" content=\"1000\" \/>\n\t<meta property=\"og:image:height\" content=\"1000\" \/>\n\t<meta property=\"og:image:type\" content=\"image\/webp\" \/>\n<meta name=\"twitter:card\" content=\"summary_large_image\" \/>\n<meta name=\"twitter:label1\" content=\"Becs\u00fclt olvas\u00e1si id\u0151\" \/>\n\t<meta name=\"twitter:data1\" content=\"2 perc\" \/>\n<script type=\"application\/ld+json\" class=\"yoast-schema-graph\">{\"@context\":\"https:\/\/schema.org\",\"@graph\":[{\"@type\":\"WebPage\",\"@id\":\"https:\/\/ozponcho.com.au\/p\/casual-autumn-poncho-cloak\/\",\"url\":\"https:\/\/ozponcho.com.au\/p\/casual-autumn-poncho-cloak\/\",\"name\":\"Men's Knitted Poncho Sweater | Magyarorsz\u00e1g #1 Poncho Shop\",\"isPartOf\":{\"@id\":\"https:\/\/ozponcho.com.au\/#website\"},\"primaryImageOfPage\":{\"@id\":\"https:\/\/ozponcho.com.au\/p\/casual-autumn-poncho-cloak\/#primaryimage\"},\"image\":{\"@id\":\"https:\/\/ozponcho.com.au\/p\/casual-autumn-poncho-cloak\/#primaryimage\"},\"thumbnailUrl\":\"https:\/\/ozponcho.com.au\/wp-content\/uploads\/2024\/01\/S74ab19f70a0449cbbdfc17d3fed3126en.webp\",\"datePublished\":\"2024-01-21T08:44:57+00:00\",\"dateModified\":\"2025-02-18T20:46:49+00:00\",\"description\":\"Looking for a Men's Knitted Poncho Sweater ? You've come to the right place \ud83d\ude04 We offers a wide selection of Men's Knitted Poncho Sweater, perfect for you.\",\"breadcrumb\":{\"@id\":\"https:\/\/ozponcho.com.au\/p\/casual-autumn-poncho-cloak\/#breadcrumb\"},\"inLanguage\":\"hu\",\"potentialAction\":[{\"@type\":\"ReadAction\",\"target\":[\"https:\/\/ozponcho.com.au\/p\/casual-autumn-poncho-cloak\/\"]}]},{\"@type\":\"ImageObject\",\"inLanguage\":\"hu\",\"@id\":\"https:\/\/ozponcho.com.au\/p\/casual-autumn-poncho-cloak\/#primaryimage\",\"url\":\"https:\/\/ozponcho.com.au\/wp-content\/uploads\/2024\/01\/S74ab19f70a0449cbbdfc17d3fed3126en.webp\",\"contentUrl\":\"https:\/\/ozponcho.com.au\/wp-content\/uploads\/2024\/01\/S74ab19f70a0449cbbdfc17d3fed3126en.webp\",\"width\":1000,\"height\":1000,\"caption\":\"Men's Knitted Poncho Sweater\"},{\"@type\":\"BreadcrumbList\",\"@id\":\"https:\/\/ozponcho.com.au\/p\/casual-autumn-poncho-cloak\/#breadcrumb\",\"itemListElement\":[{\"@type\":\"ListItem\",\"position\":1,\"name\":\"Home\",\"item\":\"https:\/\/ozponcho.com.au\/\"},{\"@type\":\"ListItem\",\"position\":2,\"name\":\"Shop\",\"item\":\"https:\/\/ozponcho.com.au\/shop\/\"},{\"@type\":\"ListItem\",\"position\":3,\"name\":\"Men&#8217;s Knitted Poncho Sweater\"}]},{\"@type\":\"WebSite\",\"@id\":\"https:\/\/ozponcho.com.au\/#website\",\"url\":\"https:\/\/ozponcho.com.au\/\",\"name\":\"OZ Poncho\",\"description\":\"\",\"potentialAction\":[{\"@type\":\"SearchAction\",\"target\":{\"@type\":\"EntryPoint\",\"urlTemplate\":\"https:\/\/ozponcho.com.au\/?s={search_term_string}\"},\"query-input\":{\"@type\":\"PropertyValueSpecification\",\"valueRequired\":true,\"valueName\":\"search_term_string\"}}],\"inLanguage\":\"hu\"}]}<\/script>\n<!-- \/ Yoast SEO plugin. -->","yoast_head_json":{"title":"F\u00e9rfi k\u00f6t\u00f6tt poncs\u00f3 pul\u00f3ver | Magyarorsz\u00e1g #1 Poncs\u00f3 Shop","description":"F\u00e9rfi k\u00f6t\u00f6tt poncs\u00f3 pul\u00f3vert keresel ? A legjobb helyen j\u00e1rsz \ud83d\ude04 F\u00e9rfi k\u00f6t\u00f6tt poncs\u00f3 pul\u00f3verek sz\u00e9les v\u00e1laszt\u00e9k\u00e1t k\u00edn\u00e1ljuk, t\u00f6k\u00e9letes az \u00d6n sz\u00e1m\u00e1ra.","robots":{"index":"index","follow":"follow","max-snippet":"max-snippet:-1","max-image-preview":"max-image-preview:large","max-video-preview":"max-video-preview:-1"},"canonical":"https:\/\/ozponcho.com.au\/hu\/p\/alkalmi-oszi-poncso-kopeny\/","og_locale":"hu_HU","og_type":"article","og_title":"Men's Knitted Poncho Sweater | Magyarorsz\u00e1g #1 Poncho Shop","og_description":"Looking for a Men's Knitted Poncho Sweater ? You've come to the right place \ud83d\ude04 We offers a wide selection of Men's Knitted Poncho Sweater, perfect for you.","og_url":"https:\/\/ozponcho.com.au\/hu\/p\/alkalmi-oszi-poncso-kopeny\/","og_site_name":"OZ Poncho","article_modified_time":"2025-02-18T20:46:49+00:00","og_image":[{"width":1000,"height":1000,"url":"https:\/\/ozponcho.com.au\/wp-content\/uploads\/2024\/01\/S74ab19f70a0449cbbdfc17d3fed3126en.webp","type":"image\/webp"}],"twitter_card":"summary_large_image","twitter_misc":{"Becs\u00fclt olvas\u00e1si id\u0151":"2 perc"},"schema":{"@context":"https:\/\/schema.org","@graph":[{"@type":"WebPage","@id":"https:\/\/ozponcho.com.au\/p\/casual-autumn-poncho-cloak\/","url":"https:\/\/ozponcho.com.au\/p\/casual-autumn-poncho-cloak\/","name":"F\u00e9rfi k\u00f6t\u00f6tt poncs\u00f3 pul\u00f3ver | Magyarorsz\u00e1g #1 Poncs\u00f3 Shop","isPartOf":{"@id":"https:\/\/ozponcho.com.au\/#website"},"primaryImageOfPage":{"@id":"https:\/\/ozponcho.com.au\/p\/casual-autumn-poncho-cloak\/#primaryimage"},"image":{"@id":"https:\/\/ozponcho.com.au\/p\/casual-autumn-poncho-cloak\/#primaryimage"},"thumbnailUrl":"https:\/\/ozponcho.com.au\/wp-content\/uploads\/2024\/01\/S74ab19f70a0449cbbdfc17d3fed3126en.webp","datePublished":"2024-01-21T08:44:57+00:00","dateModified":"2025-02-18T20:46:49+00:00","description":"F\u00e9rfi k\u00f6t\u00f6tt poncs\u00f3 pul\u00f3vert keresel ? A legjobb helyen j\u00e1rsz \ud83d\ude04 F\u00e9rfi k\u00f6t\u00f6tt poncs\u00f3 pul\u00f3verek sz\u00e9les v\u00e1laszt\u00e9k\u00e1t k\u00edn\u00e1ljuk, t\u00f6k\u00e9letes az \u00d6n sz\u00e1m\u00e1ra.","breadcrumb":{"@id":"https:\/\/ozponcho.com.au\/p\/casual-autumn-poncho-cloak\/#breadcrumb"},"inLanguage":"hu","potentialAction":[{"@type":"ReadAction","target":["https:\/\/ozponcho.com.au\/p\/casual-autumn-poncho-cloak\/"]}]},{"@type":"ImageObject","inLanguage":"hu","@id":"https:\/\/ozponcho.com.au\/p\/casual-autumn-poncho-cloak\/#primaryimage","url":"https:\/\/ozponcho.com.au\/wp-content\/uploads\/2024\/01\/S74ab19f70a0449cbbdfc17d3fed3126en.webp","contentUrl":"https:\/\/ozponcho.com.au\/wp-content\/uploads\/2024\/01\/S74ab19f70a0449cbbdfc17d3fed3126en.webp","width":1000,"height":1000,"caption":"Men's Knitted Poncho Sweater"},{"@type":"BreadcrumbList","@id":"https:\/\/ozponcho.com.au\/p\/casual-autumn-poncho-cloak\/#breadcrumb","itemListElement":[{"@type":"ListItem","position":1,"name":"Home","item":"https:\/\/ozponcho.com.au\/"},{"@type":"ListItem","position":2,"name":"Shop","item":"https:\/\/ozponcho.com.au\/shop\/"},{"@type":"ListItem","position":3,"name":"Men&#8217;s Knitted Poncho Sweater"}]},{"@type":"WebSite","@id":"https:\/\/ozponcho.com.au\/#website","url":"https:\/\/ozponcho.com.au\/","name":"OZ Poncho","description":"","potentialAction":[{"@type":"SearchAction","target":{"@type":"EntryPoint","urlTemplate":"https:\/\/ozponcho.com.au\/?s={search_term_string}"},"query-input":{"@type":"PropertyValueSpecification","valueRequired":true,"valueName":"search_term_string"}}],"inLanguage":"hu"}]}},"_links":{"self":[{"href":"https:\/\/ozponcho.com.au\/hu\/wp-json\/wp\/v2\/product\/17616","targetHints":{"allow":["GET"]}}],"collection":[{"href":"https:\/\/ozponcho.com.au\/hu\/wp-json\/wp\/v2\/product"}],"about":[{"href":"https:\/\/ozponcho.com.au\/hu\/wp-json\/wp\/v2\/types\/product"}],"wp:featuredmedia":[{"embeddable":true,"href":"https:\/\/ozponcho.com.au\/hu\/wp-json\/wp\/v2\/media\/17622"}],"wp:attachment":[{"href":"https:\/\/ozponcho.com.au\/hu\/wp-json\/wp\/v2\/media?parent=17616"}],"wp:term":[{"taxonomy":"product_brand","embeddable":true,"href":"https:\/\/ozponcho.com.au\/hu\/wp-json\/wp\/v2\/product_brand?post=17616"},{"taxonomy":"product_cat","embeddable":true,"href":"https:\/\/ozponcho.com.au\/hu\/wp-json\/wp\/v2\/product_cat?post=17616"},{"taxonomy":"product_tag","embeddable":true,"href":"https:\/\/ozponcho.com.au\/hu\/wp-json\/wp\/v2\/product_tag?post=17616"}],"curies":[{"name":"wp","href":"https:\/\/api.w.org\/{rel}","templated":true}]}}