{"id":17587,"date":"2024-01-21T19:44:37","date_gmt":"2024-01-21T08:44:37","guid":{"rendered":"https:\/\/ozponcho.com.au\/?post_type=product&#038;p=17587"},"modified":"2025-12-01T05:20:50","modified_gmt":"2025-11-30T18:20:50","slug":"men-tribal-hooded-poncho","status":"publish","type":"product","link":"https:\/\/ozponcho.com.au\/hu\/p\/ferfi-torzsi-kapucnis-poncso\/","title":{"rendered":"T\u00f6rzsi poncs\u00f3 kapucnis k\u00f6peny"},"content":{"rendered":"<p>B\u00fajjon bele a kapucnis poncs\u00f3 id\u0151tlen st\u00edlus\u00e1ba \u00e9s meleg\u00e9be, amelyet a modern f\u00e9rfi sz\u00e1m\u00e1ra terveztek, a t\u00f6rzsi eszt\u00e9tik\u00e1ra utal\u00f3 b\u00f3lint\u00e1ssal. A poli\u00e9szter \u00e9s akrilsz\u00e1lak gazdag kever\u00e9k\u00e9b\u0151l k\u00e9sz\u00fclt poncs\u00f3 k\u00e9nyelmet \u00e9s tart\u00f3ss\u00e1got egyar\u00e1nt k\u00edn\u00e1l. Felt\u0171n\u0151 fekete-feh\u00e9r geometrikus mint\u00e1ja d\u00e9lnyugati b\u00e1jt sug\u00e1roz, amely t\u00f6k\u00e9letes a cs\u00edp\u0151s \u0151szi napokon vagy a h\u0171v\u00f6s tavaszi \u00e9jszak\u00e1kon. A tov\u00e1bbi v\u00e9delmet \u00e9s k\u00e9nyelmet biztos\u00edt\u00f3 kapucnival, valamint a g\u00e9pi k\u00f6t\u00e9s k\u00e9nyelm\u00e9vel a ruhat\u00e1r elengedhetetlen kieg\u00e9sz\u00edt\u0151je. L\u00e9pjen ki magabiztosan \u00e9s kultur\u00e1lisan eleg\u00e1nsan ebben a sokoldal\u00fa darabban.<\/p>\n<h2>SPECIFIK\u00c1CI\u00d3K<\/h2>\n<p>\u00c2<\/p>\n<p>M\u00e1rkan\u00e9v: moringcute<\/p>\n<p>Anyag: Poli\u00e9szter<\/p>\n<p>Anyag: Akril<\/p>\n<p>Vastags\u00e1g: STANDARD<\/p>\n<p>St\u00edlus: .<\/p>\n<p>Eredet: K\u00cdNA<\/p>\n<p>CN: Guangdong<\/p>\n<p>Alkalmazhat\u00f3 helysz\u00edn: Napi<\/p>\n<p>Alkalmazhat\u00f3 szezon: Tavaszi \u00e9s \u0151szi<\/p>\n<p>T\u00e9tel t\u00edpusa: Pul\u00f3verek<\/p>\n<p>Csukly\u00e1s: .<\/p>\n<p>Nemek: F\u00c9RFIAK<\/p>\n<p>Mintat\u00edpus: Nyomtat\u00e1s:<\/p>\n<p>Technika: sz\u00e1m\u00edt\u00f3g\u00e9pes k\u00f6t\u00f6tt<\/p>\n<p>\u00c2<\/p>\n<div>\n<div>\n<div>F\u00e9rfi ruh\u00e1zat 2022 Tavaszi \u0151szi f\u00e9rfi poncs\u00f3 s\u00e1l kab\u00e1tok Retro nemzeti mint\u00e1s nyomtatott k\u00f6t\u00f6tt k\u00f6t\u00e9s kapucnis kab\u00e1tok k\u00f6peny k\u00f6peny Outwear<br \/>\n1.a min\u0151s\u00e9g \u00e9s a szolg\u00e1ltat\u00e1s: az els\u0151 (a legfontosabb)<br \/>\n2.the \u00e1r: a legjobb<br \/>\n3.Wholesale \u00e9s Drop Shipping :welcome<br \/>\n4. Email: \u00fcdv\u00f6z\u00f6lj\u00fck a kapcsolatot vel\u00fcnk<\/div>\n<\/div>\n<\/div>","protected":false},"excerpt":{"rendered":"<p>Wrap yourself in the timeless style and warmth of our hooded poncho, designed for the modern man with a nod to tribal aesthetics. Crafted from a rich blend of polyester and acrylic fibers, this poncho offers both comfort and durability. Its striking black and white geometric pattern exudes a Southwestern charm, perfect for those crisp [&#8230;]","protected":false},"featured_media":17590,"template":"","meta":[],"product_brand":[],"product_cat":[219,227,15,228,211],"product_tag":[],"class_list":{"0":"post-17587","1":"product","2":"type-product","3":"status-publish","4":"has-post-thumbnail","6":"product_cat-black-poncho","7":"product_cat-hooded-poncho","8":"product_cat-main-category","9":"product_cat-poncho-sweater","10":"product_cat-poncho-men","12":"first","13":"instock","14":"shipping-taxable","15":"purchasable","16":"product-type-variable"},"yoast_head":"<!-- This site is optimized with the Yoast SEO plugin v25.9 - https:\/\/yoast.com\/wordpress\/plugins\/seo\/ -->\n<title>Tribal Poncho Hooded Cape | Magyarorsz\u00e1g #1 Poncho Shop<\/title>\n<meta name=\"description\" content=\"Looking for a Tribal Poncho Hooded Cape ? You&#039;ve come to the right place \ud83d\ude04 We offers a wide selection of Tribal Poncho Hooded Cape, perfect for you.\" \/>\n<meta name=\"robots\" content=\"index, follow, max-snippet:-1, max-image-preview:large, max-video-preview:-1\" \/>\n<link rel=\"canonical\" href=\"https:\/\/ozponcho.com.au\/hu\/p\/ferfi-torzsi-kapucnis-poncso\/\" \/>\n<meta property=\"og:locale\" content=\"hu_HU\" \/>\n<meta property=\"og:type\" content=\"article\" \/>\n<meta property=\"og:title\" content=\"Tribal Poncho Hooded Cape | Magyarorsz\u00e1g #1 Poncho Shop\" \/>\n<meta property=\"og:description\" content=\"Looking for a Tribal Poncho Hooded Cape ? You&#039;ve come to the right place \ud83d\ude04 We offers a wide selection of Tribal Poncho Hooded Cape, perfect for you.\" \/>\n<meta property=\"og:url\" content=\"https:\/\/ozponcho.com.au\/hu\/p\/ferfi-torzsi-kapucnis-poncso\/\" \/>\n<meta property=\"og:site_name\" content=\"OZ Poncho\" \/>\n<meta property=\"article:modified_time\" content=\"2025-11-30T18:20:50+00:00\" \/>\n<meta property=\"og:image\" content=\"https:\/\/ozponcho.com.au\/wp-content\/uploads\/2024\/01\/Sf9547fa8d970490e834b8aca704450c3S-3.webp\" \/>\n\t<meta property=\"og:image:width\" content=\"800\" \/>\n\t<meta property=\"og:image:height\" content=\"800\" \/>\n\t<meta property=\"og:image:type\" content=\"image\/webp\" \/>\n<meta name=\"twitter:card\" content=\"summary_large_image\" \/>\n<meta name=\"twitter:label1\" content=\"Becs\u00fclt olvas\u00e1si id\u0151\" \/>\n\t<meta name=\"twitter:data1\" content=\"1 perc\" \/>\n<script type=\"application\/ld+json\" class=\"yoast-schema-graph\">{\"@context\":\"https:\/\/schema.org\",\"@graph\":[{\"@type\":\"WebPage\",\"@id\":\"https:\/\/ozponcho.com.au\/p\/men-tribal-hooded-poncho\/\",\"url\":\"https:\/\/ozponcho.com.au\/p\/men-tribal-hooded-poncho\/\",\"name\":\"Tribal Poncho Hooded Cape | Magyarorsz\u00e1g #1 Poncho Shop\",\"isPartOf\":{\"@id\":\"https:\/\/ozponcho.com.au\/#website\"},\"primaryImageOfPage\":{\"@id\":\"https:\/\/ozponcho.com.au\/p\/men-tribal-hooded-poncho\/#primaryimage\"},\"image\":{\"@id\":\"https:\/\/ozponcho.com.au\/p\/men-tribal-hooded-poncho\/#primaryimage\"},\"thumbnailUrl\":\"https:\/\/ozponcho.com.au\/wp-content\/uploads\/2024\/01\/Sf9547fa8d970490e834b8aca704450c3S-3.webp\",\"datePublished\":\"2024-01-21T08:44:37+00:00\",\"dateModified\":\"2025-11-30T18:20:50+00:00\",\"description\":\"Looking for a Tribal Poncho Hooded Cape ? You've come to the right place \ud83d\ude04 We offers a wide selection of Tribal Poncho Hooded Cape, perfect for you.\",\"breadcrumb\":{\"@id\":\"https:\/\/ozponcho.com.au\/p\/men-tribal-hooded-poncho\/#breadcrumb\"},\"inLanguage\":\"hu\",\"potentialAction\":[{\"@type\":\"ReadAction\",\"target\":[\"https:\/\/ozponcho.com.au\/p\/men-tribal-hooded-poncho\/\"]}]},{\"@type\":\"ImageObject\",\"inLanguage\":\"hu\",\"@id\":\"https:\/\/ozponcho.com.au\/p\/men-tribal-hooded-poncho\/#primaryimage\",\"url\":\"https:\/\/ozponcho.com.au\/wp-content\/uploads\/2024\/01\/Sf9547fa8d970490e834b8aca704450c3S-3.webp\",\"contentUrl\":\"https:\/\/ozponcho.com.au\/wp-content\/uploads\/2024\/01\/Sf9547fa8d970490e834b8aca704450c3S-3.webp\",\"width\":800,\"height\":800,\"caption\":\"Tribal Poncho Hooded Cape\"},{\"@type\":\"BreadcrumbList\",\"@id\":\"https:\/\/ozponcho.com.au\/p\/men-tribal-hooded-poncho\/#breadcrumb\",\"itemListElement\":[{\"@type\":\"ListItem\",\"position\":1,\"name\":\"Home\",\"item\":\"https:\/\/ozponcho.com.au\/\"},{\"@type\":\"ListItem\",\"position\":2,\"name\":\"Shop\",\"item\":\"https:\/\/ozponcho.com.au\/shop\/\"},{\"@type\":\"ListItem\",\"position\":3,\"name\":\"Tribal Poncho Hooded Cape\"}]},{\"@type\":\"WebSite\",\"@id\":\"https:\/\/ozponcho.com.au\/#website\",\"url\":\"https:\/\/ozponcho.com.au\/\",\"name\":\"OZ Poncho\",\"description\":\"\",\"potentialAction\":[{\"@type\":\"SearchAction\",\"target\":{\"@type\":\"EntryPoint\",\"urlTemplate\":\"https:\/\/ozponcho.com.au\/?s={search_term_string}\"},\"query-input\":{\"@type\":\"PropertyValueSpecification\",\"valueRequired\":true,\"valueName\":\"search_term_string\"}}],\"inLanguage\":\"hu\"}]}<\/script>\n<!-- \/ Yoast SEO plugin. -->","yoast_head_json":{"title":"T\u00f6rzsi poncs\u00f3 kapucnis k\u00f6peny | Magyarorsz\u00e1g #1 Poncs\u00f3 Shop","description":"T\u00f6rzsi Poncho kapucnis k\u00f6penyt keres ? A legjobb helyre j\u00f6tt\u00e9l \ud83d\ude04 Tribal Poncho kapucnis k\u00f6peny sz\u00e9les v\u00e1laszt\u00e9k\u00e1t k\u00edn\u00e1ljuk, t\u00f6k\u00e9letes az \u00d6n sz\u00e1m\u00e1ra.","robots":{"index":"index","follow":"follow","max-snippet":"max-snippet:-1","max-image-preview":"max-image-preview:large","max-video-preview":"max-video-preview:-1"},"canonical":"https:\/\/ozponcho.com.au\/hu\/p\/ferfi-torzsi-kapucnis-poncso\/","og_locale":"hu_HU","og_type":"article","og_title":"Tribal Poncho Hooded Cape | Magyarorsz\u00e1g #1 Poncho Shop","og_description":"Looking for a Tribal Poncho Hooded Cape ? You've come to the right place \ud83d\ude04 We offers a wide selection of Tribal Poncho Hooded Cape, perfect for you.","og_url":"https:\/\/ozponcho.com.au\/hu\/p\/ferfi-torzsi-kapucnis-poncso\/","og_site_name":"OZ Poncho","article_modified_time":"2025-11-30T18:20:50+00:00","og_image":[{"width":800,"height":800,"url":"https:\/\/ozponcho.com.au\/wp-content\/uploads\/2024\/01\/Sf9547fa8d970490e834b8aca704450c3S-3.webp","type":"image\/webp"}],"twitter_card":"summary_large_image","twitter_misc":{"Becs\u00fclt olvas\u00e1si id\u0151":"1 perc"},"schema":{"@context":"https:\/\/schema.org","@graph":[{"@type":"WebPage","@id":"https:\/\/ozponcho.com.au\/p\/men-tribal-hooded-poncho\/","url":"https:\/\/ozponcho.com.au\/p\/men-tribal-hooded-poncho\/","name":"T\u00f6rzsi poncs\u00f3 kapucnis k\u00f6peny | Magyarorsz\u00e1g #1 Poncs\u00f3 Shop","isPartOf":{"@id":"https:\/\/ozponcho.com.au\/#website"},"primaryImageOfPage":{"@id":"https:\/\/ozponcho.com.au\/p\/men-tribal-hooded-poncho\/#primaryimage"},"image":{"@id":"https:\/\/ozponcho.com.au\/p\/men-tribal-hooded-poncho\/#primaryimage"},"thumbnailUrl":"https:\/\/ozponcho.com.au\/wp-content\/uploads\/2024\/01\/Sf9547fa8d970490e834b8aca704450c3S-3.webp","datePublished":"2024-01-21T08:44:37+00:00","dateModified":"2025-11-30T18:20:50+00:00","description":"T\u00f6rzsi Poncho kapucnis k\u00f6penyt keres ? A legjobb helyre j\u00f6tt\u00e9l \ud83d\ude04 Tribal Poncho kapucnis k\u00f6peny sz\u00e9les v\u00e1laszt\u00e9k\u00e1t k\u00edn\u00e1ljuk, t\u00f6k\u00e9letes az \u00d6n sz\u00e1m\u00e1ra.","breadcrumb":{"@id":"https:\/\/ozponcho.com.au\/p\/men-tribal-hooded-poncho\/#breadcrumb"},"inLanguage":"hu","potentialAction":[{"@type":"ReadAction","target":["https:\/\/ozponcho.com.au\/p\/men-tribal-hooded-poncho\/"]}]},{"@type":"ImageObject","inLanguage":"hu","@id":"https:\/\/ozponcho.com.au\/p\/men-tribal-hooded-poncho\/#primaryimage","url":"https:\/\/ozponcho.com.au\/wp-content\/uploads\/2024\/01\/Sf9547fa8d970490e834b8aca704450c3S-3.webp","contentUrl":"https:\/\/ozponcho.com.au\/wp-content\/uploads\/2024\/01\/Sf9547fa8d970490e834b8aca704450c3S-3.webp","width":800,"height":800,"caption":"Tribal Poncho Hooded Cape"},{"@type":"BreadcrumbList","@id":"https:\/\/ozponcho.com.au\/p\/men-tribal-hooded-poncho\/#breadcrumb","itemListElement":[{"@type":"ListItem","position":1,"name":"Home","item":"https:\/\/ozponcho.com.au\/"},{"@type":"ListItem","position":2,"name":"Shop","item":"https:\/\/ozponcho.com.au\/shop\/"},{"@type":"ListItem","position":3,"name":"Tribal Poncho Hooded Cape"}]},{"@type":"WebSite","@id":"https:\/\/ozponcho.com.au\/#website","url":"https:\/\/ozponcho.com.au\/","name":"OZ Poncho","description":"","potentialAction":[{"@type":"SearchAction","target":{"@type":"EntryPoint","urlTemplate":"https:\/\/ozponcho.com.au\/?s={search_term_string}"},"query-input":{"@type":"PropertyValueSpecification","valueRequired":true,"valueName":"search_term_string"}}],"inLanguage":"hu"}]}},"_links":{"self":[{"href":"https:\/\/ozponcho.com.au\/hu\/wp-json\/wp\/v2\/product\/17587","targetHints":{"allow":["GET"]}}],"collection":[{"href":"https:\/\/ozponcho.com.au\/hu\/wp-json\/wp\/v2\/product"}],"about":[{"href":"https:\/\/ozponcho.com.au\/hu\/wp-json\/wp\/v2\/types\/product"}],"wp:featuredmedia":[{"embeddable":true,"href":"https:\/\/ozponcho.com.au\/hu\/wp-json\/wp\/v2\/media\/17590"}],"wp:attachment":[{"href":"https:\/\/ozponcho.com.au\/hu\/wp-json\/wp\/v2\/media?parent=17587"}],"wp:term":[{"taxonomy":"product_brand","embeddable":true,"href":"https:\/\/ozponcho.com.au\/hu\/wp-json\/wp\/v2\/product_brand?post=17587"},{"taxonomy":"product_cat","embeddable":true,"href":"https:\/\/ozponcho.com.au\/hu\/wp-json\/wp\/v2\/product_cat?post=17587"},{"taxonomy":"product_tag","embeddable":true,"href":"https:\/\/ozponcho.com.au\/hu\/wp-json\/wp\/v2\/product_tag?post=17587"}],"curies":[{"name":"wp","href":"https:\/\/api.w.org\/{rel}","templated":true}]}}