{"id":17514,"date":"2024-01-21T19:43:47","date_gmt":"2024-01-21T08:43:47","guid":{"rendered":"https:\/\/ozponcho.com.au\/?post_type=product&#038;p=17514"},"modified":"2024-03-08T16:25:18","modified_gmt":"2024-03-08T05:25:18","slug":"unisex-turtleneck-shawl-cloak","status":"publish","type":"product","link":"https:\/\/ozponcho.com.au\/hu\/p\/uniszex-garbo-sal-kopeny\/","title":{"rendered":"Geometrikus rojtos poncs\u00f3 pul\u00f3ver"},"content":{"rendered":"<p>B\u00fajj melegs\u00e9gbe \u00e9s st\u00edlusba ezen a t\u00e9len a geometrikus rojtos poncs\u00f3 pul\u00f3ver\u00fcnkkel. Ez a pamut \u00e9s poli\u00e9szter kever\u00e9k\u00e9b\u0151l gondosan megmunk\u00e1lt, nemtelen k\u00f6peny a hidegebb h\u00f3napokban p\u00e1ratlan k\u00e9nyelmet biztos\u00edt a divatot kedvel\u0151 egy\u00e9neknek. Trendi, laza szab\u00e1sa \u00e9s leny\u0171g\u00f6z\u0151 fekete-feh\u00e9r geometrikus mint\u00e1ja kifinomults\u00e1got sug\u00e1roz, m\u00edg a j\u00e1t\u00e9kos bohemian hangulatot a bohemian rojtok adj\u00e1k hozz\u00e1. A sokoldal\u00fas\u00e1got szem el\u0151tt tartva tervezt\u00e9k, \u00edgy ez a darab k\u00f6nnyed\u00e9n \u00e1tv\u00e1ltozik az alkalmi kir\u00e1ndul\u00e1sokr\u00f3l a st\u00edlusos esti \u00f6sszej\u00f6vetelekre. Dobja fel ruhat\u00e1r\u00e1t ezzel a kihagyhatatlan kieg\u00e9sz\u00edt\u0151vel, \u00e9s magabiztosan viselje a h\u0171v\u00f6s id\u0151t.<\/p>\n<h2>SPECIFIK\u00c1CI\u00d3K<\/h2>\n<p>Anyag: Pamut \u00e9s poli\u00e9szter<\/p>\n<p><img decoding=\"async\" src=\"https:\/\/ozponcho.com.au\/wp-content\/uploads\/2024\/03\/S1f86316178d1470daae52f6107ea9a790.webp\" \/><\/p>","protected":false},"excerpt":{"rendered":"<p>Wrap yourself in warmth and style this winter with our Geometric Tassel Poncho Sweater. Carefully crafted with a blend of cotton and polyester, this genderless cloak provides fashion-forward individuals with unmatched comfort during the colder months. Its trendy loose fit and stunning black and white geometric pattern exude sophistication while the playful tassels add a [&#8230;]","protected":false},"featured_media":17513,"template":"","meta":[],"product_brand":[],"product_cat":[219,15,228,214,211],"product_tag":[],"class_list":{"0":"post-17514","1":"product","2":"type-product","3":"status-publish","4":"has-post-thumbnail","6":"product_cat-black-poncho","7":"product_cat-main-category","8":"product_cat-poncho-sweater","9":"product_cat-knitted-crochet-poncho","10":"product_cat-poncho-men","12":"first","13":"instock","14":"shipping-taxable","15":"purchasable","16":"product-type-variable"},"yoast_head":"<!-- This site is optimized with the Yoast SEO plugin v25.9 - https:\/\/yoast.com\/wordpress\/plugins\/seo\/ -->\n<title>Geometric Tassel Poncho Sweater | Magyarorsz\u00e1g #1 Poncho Shop<\/title>\n<meta name=\"description\" content=\"Looking for a Geometric Tassel Poncho Sweater ? You&#039;ve come to the right place \ud83d\ude04 We offers a wide selection of Geometric Tassel Poncho Sweater, perfect for you.\" \/>\n<meta name=\"robots\" content=\"index, follow, max-snippet:-1, max-image-preview:large, max-video-preview:-1\" \/>\n<link rel=\"canonical\" href=\"https:\/\/ozponcho.com.au\/hu\/p\/uniszex-garbo-sal-kopeny\/\" \/>\n<meta property=\"og:locale\" content=\"hu_HU\" \/>\n<meta property=\"og:type\" content=\"article\" \/>\n<meta property=\"og:title\" content=\"Geometric Tassel Poncho Sweater | Magyarorsz\u00e1g #1 Poncho Shop\" \/>\n<meta property=\"og:description\" content=\"Looking for a Geometric Tassel Poncho Sweater ? You&#039;ve come to the right place \ud83d\ude04 We offers a wide selection of Geometric Tassel Poncho Sweater, perfect for you.\" \/>\n<meta property=\"og:url\" content=\"https:\/\/ozponcho.com.au\/hu\/p\/uniszex-garbo-sal-kopeny\/\" \/>\n<meta property=\"og:site_name\" content=\"OZ Poncho\" \/>\n<meta property=\"article:modified_time\" content=\"2024-03-08T05:25:18+00:00\" \/>\n<meta property=\"og:image\" content=\"https:\/\/ozponcho.com.au\/wp-content\/uploads\/2024\/01\/Sf452e455f1924b70ac61aee9a86e08adf.webp\" \/>\n\t<meta property=\"og:image:width\" content=\"1000\" \/>\n\t<meta property=\"og:image:height\" content=\"1000\" \/>\n\t<meta property=\"og:image:type\" content=\"image\/webp\" \/>\n<meta name=\"twitter:card\" content=\"summary_large_image\" \/>\n<meta name=\"twitter:label1\" content=\"Becs\u00fclt olvas\u00e1si id\u0151\" \/>\n\t<meta name=\"twitter:data1\" content=\"1 perc\" \/>\n<script type=\"application\/ld+json\" class=\"yoast-schema-graph\">{\"@context\":\"https:\/\/schema.org\",\"@graph\":[{\"@type\":\"WebPage\",\"@id\":\"https:\/\/ozponcho.com.au\/p\/unisex-turtleneck-shawl-cloak\/\",\"url\":\"https:\/\/ozponcho.com.au\/p\/unisex-turtleneck-shawl-cloak\/\",\"name\":\"Geometric Tassel Poncho Sweater | Magyarorsz\u00e1g #1 Poncho Shop\",\"isPartOf\":{\"@id\":\"https:\/\/ozponcho.com.au\/#website\"},\"primaryImageOfPage\":{\"@id\":\"https:\/\/ozponcho.com.au\/p\/unisex-turtleneck-shawl-cloak\/#primaryimage\"},\"image\":{\"@id\":\"https:\/\/ozponcho.com.au\/p\/unisex-turtleneck-shawl-cloak\/#primaryimage\"},\"thumbnailUrl\":\"https:\/\/ozponcho.com.au\/wp-content\/uploads\/2024\/01\/Sf452e455f1924b70ac61aee9a86e08adf.webp\",\"datePublished\":\"2024-01-21T08:43:47+00:00\",\"dateModified\":\"2024-03-08T05:25:18+00:00\",\"description\":\"Looking for a Geometric Tassel Poncho Sweater ? You've come to the right place \ud83d\ude04 We offers a wide selection of Geometric Tassel Poncho Sweater, perfect for you.\",\"breadcrumb\":{\"@id\":\"https:\/\/ozponcho.com.au\/p\/unisex-turtleneck-shawl-cloak\/#breadcrumb\"},\"inLanguage\":\"hu\",\"potentialAction\":[{\"@type\":\"ReadAction\",\"target\":[\"https:\/\/ozponcho.com.au\/p\/unisex-turtleneck-shawl-cloak\/\"]}]},{\"@type\":\"ImageObject\",\"inLanguage\":\"hu\",\"@id\":\"https:\/\/ozponcho.com.au\/p\/unisex-turtleneck-shawl-cloak\/#primaryimage\",\"url\":\"https:\/\/ozponcho.com.au\/wp-content\/uploads\/2024\/01\/Sf452e455f1924b70ac61aee9a86e08adf.webp\",\"contentUrl\":\"https:\/\/ozponcho.com.au\/wp-content\/uploads\/2024\/01\/Sf452e455f1924b70ac61aee9a86e08adf.webp\",\"width\":1000,\"height\":1000,\"caption\":\"Geometric Tassel Poncho Sweater\"},{\"@type\":\"BreadcrumbList\",\"@id\":\"https:\/\/ozponcho.com.au\/p\/unisex-turtleneck-shawl-cloak\/#breadcrumb\",\"itemListElement\":[{\"@type\":\"ListItem\",\"position\":1,\"name\":\"Home\",\"item\":\"https:\/\/ozponcho.com.au\/\"},{\"@type\":\"ListItem\",\"position\":2,\"name\":\"Shop\",\"item\":\"https:\/\/ozponcho.com.au\/shop\/\"},{\"@type\":\"ListItem\",\"position\":3,\"name\":\"Geometric Tassel Poncho Sweater\"}]},{\"@type\":\"WebSite\",\"@id\":\"https:\/\/ozponcho.com.au\/#website\",\"url\":\"https:\/\/ozponcho.com.au\/\",\"name\":\"OZ Poncho\",\"description\":\"\",\"potentialAction\":[{\"@type\":\"SearchAction\",\"target\":{\"@type\":\"EntryPoint\",\"urlTemplate\":\"https:\/\/ozponcho.com.au\/?s={search_term_string}\"},\"query-input\":{\"@type\":\"PropertyValueSpecification\",\"valueRequired\":true,\"valueName\":\"search_term_string\"}}],\"inLanguage\":\"hu\"}]}<\/script>\n<!-- \/ Yoast SEO plugin. -->","yoast_head_json":{"title":"Geometrikus rojtos poncs\u00f3 pul\u00f3ver | Magyarorsz\u00e1g #1 Poncho Shop","description":"Geometrikus rojtos poncs\u00f3 pul\u00f3vert keresel ? A legjobb helyen j\u00e1rsz \ud83d\ude04 Geometrikus rojtos poncs\u00f3 pul\u00f3verek sz\u00e9les v\u00e1laszt\u00e9k\u00e1t k\u00edn\u00e1ljuk, t\u00f6k\u00e9letes az \u00d6n sz\u00e1m\u00e1ra.","robots":{"index":"index","follow":"follow","max-snippet":"max-snippet:-1","max-image-preview":"max-image-preview:large","max-video-preview":"max-video-preview:-1"},"canonical":"https:\/\/ozponcho.com.au\/hu\/p\/uniszex-garbo-sal-kopeny\/","og_locale":"hu_HU","og_type":"article","og_title":"Geometric Tassel Poncho Sweater | Magyarorsz\u00e1g #1 Poncho Shop","og_description":"Looking for a Geometric Tassel Poncho Sweater ? You've come to the right place \ud83d\ude04 We offers a wide selection of Geometric Tassel Poncho Sweater, perfect for you.","og_url":"https:\/\/ozponcho.com.au\/hu\/p\/uniszex-garbo-sal-kopeny\/","og_site_name":"OZ Poncho","article_modified_time":"2024-03-08T05:25:18+00:00","og_image":[{"width":1000,"height":1000,"url":"https:\/\/ozponcho.com.au\/wp-content\/uploads\/2024\/01\/Sf452e455f1924b70ac61aee9a86e08adf.webp","type":"image\/webp"}],"twitter_card":"summary_large_image","twitter_misc":{"Becs\u00fclt olvas\u00e1si id\u0151":"1 perc"},"schema":{"@context":"https:\/\/schema.org","@graph":[{"@type":"WebPage","@id":"https:\/\/ozponcho.com.au\/p\/unisex-turtleneck-shawl-cloak\/","url":"https:\/\/ozponcho.com.au\/p\/unisex-turtleneck-shawl-cloak\/","name":"Geometrikus rojtos poncs\u00f3 pul\u00f3ver | Magyarorsz\u00e1g #1 Poncho Shop","isPartOf":{"@id":"https:\/\/ozponcho.com.au\/#website"},"primaryImageOfPage":{"@id":"https:\/\/ozponcho.com.au\/p\/unisex-turtleneck-shawl-cloak\/#primaryimage"},"image":{"@id":"https:\/\/ozponcho.com.au\/p\/unisex-turtleneck-shawl-cloak\/#primaryimage"},"thumbnailUrl":"https:\/\/ozponcho.com.au\/wp-content\/uploads\/2024\/01\/Sf452e455f1924b70ac61aee9a86e08adf.webp","datePublished":"2024-01-21T08:43:47+00:00","dateModified":"2024-03-08T05:25:18+00:00","description":"Geometrikus rojtos poncs\u00f3 pul\u00f3vert keresel ? A legjobb helyen j\u00e1rsz \ud83d\ude04 Geometrikus rojtos poncs\u00f3 pul\u00f3verek sz\u00e9les v\u00e1laszt\u00e9k\u00e1t k\u00edn\u00e1ljuk, t\u00f6k\u00e9letes az \u00d6n sz\u00e1m\u00e1ra.","breadcrumb":{"@id":"https:\/\/ozponcho.com.au\/p\/unisex-turtleneck-shawl-cloak\/#breadcrumb"},"inLanguage":"hu","potentialAction":[{"@type":"ReadAction","target":["https:\/\/ozponcho.com.au\/p\/unisex-turtleneck-shawl-cloak\/"]}]},{"@type":"ImageObject","inLanguage":"hu","@id":"https:\/\/ozponcho.com.au\/p\/unisex-turtleneck-shawl-cloak\/#primaryimage","url":"https:\/\/ozponcho.com.au\/wp-content\/uploads\/2024\/01\/Sf452e455f1924b70ac61aee9a86e08adf.webp","contentUrl":"https:\/\/ozponcho.com.au\/wp-content\/uploads\/2024\/01\/Sf452e455f1924b70ac61aee9a86e08adf.webp","width":1000,"height":1000,"caption":"Geometric Tassel Poncho Sweater"},{"@type":"BreadcrumbList","@id":"https:\/\/ozponcho.com.au\/p\/unisex-turtleneck-shawl-cloak\/#breadcrumb","itemListElement":[{"@type":"ListItem","position":1,"name":"Home","item":"https:\/\/ozponcho.com.au\/"},{"@type":"ListItem","position":2,"name":"Shop","item":"https:\/\/ozponcho.com.au\/shop\/"},{"@type":"ListItem","position":3,"name":"Geometric Tassel Poncho Sweater"}]},{"@type":"WebSite","@id":"https:\/\/ozponcho.com.au\/#website","url":"https:\/\/ozponcho.com.au\/","name":"OZ Poncho","description":"","potentialAction":[{"@type":"SearchAction","target":{"@type":"EntryPoint","urlTemplate":"https:\/\/ozponcho.com.au\/?s={search_term_string}"},"query-input":{"@type":"PropertyValueSpecification","valueRequired":true,"valueName":"search_term_string"}}],"inLanguage":"hu"}]}},"_links":{"self":[{"href":"https:\/\/ozponcho.com.au\/hu\/wp-json\/wp\/v2\/product\/17514","targetHints":{"allow":["GET"]}}],"collection":[{"href":"https:\/\/ozponcho.com.au\/hu\/wp-json\/wp\/v2\/product"}],"about":[{"href":"https:\/\/ozponcho.com.au\/hu\/wp-json\/wp\/v2\/types\/product"}],"wp:featuredmedia":[{"embeddable":true,"href":"https:\/\/ozponcho.com.au\/hu\/wp-json\/wp\/v2\/media\/17513"}],"wp:attachment":[{"href":"https:\/\/ozponcho.com.au\/hu\/wp-json\/wp\/v2\/media?parent=17514"}],"wp:term":[{"taxonomy":"product_brand","embeddable":true,"href":"https:\/\/ozponcho.com.au\/hu\/wp-json\/wp\/v2\/product_brand?post=17514"},{"taxonomy":"product_cat","embeddable":true,"href":"https:\/\/ozponcho.com.au\/hu\/wp-json\/wp\/v2\/product_cat?post=17514"},{"taxonomy":"product_tag","embeddable":true,"href":"https:\/\/ozponcho.com.au\/hu\/wp-json\/wp\/v2\/product_tag?post=17514"}],"curies":[{"name":"wp","href":"https:\/\/api.w.org\/{rel}","templated":true}]}}