{"id":17445,"date":"2024-01-21T19:43:08","date_gmt":"2024-01-21T08:43:08","guid":{"rendered":"https:\/\/ozponcho.com.au\/?post_type=product&#038;p=17445"},"modified":"2025-09-11T05:10:38","modified_gmt":"2025-09-10T18:10:38","slug":"mens-plaid-fringe-poncho","status":"publish","type":"product","link":"https:\/\/ozponcho.com.au\/hu\/p\/ferfi-kockas-rojtos-poncso\/","title":{"rendered":"F\u00e9rfi kock\u00e1s garb\u00f3 poncs\u00f3"},"content":{"rendered":"<p>Dobja fel h\u0171v\u00f6s id\u0151j\u00e1r\u00e1si ruhat\u00e1r\u00e1t ezzel az eleg\u00e1ns f\u00e9rfi kock\u00e1s garb\u00f3 poncs\u00f3val. A felt\u0171n\u0151 fekete alapot sz\u00fcrke \u00e9s piros kock\u00e1s szalagok sz\u00f6vik \u00e1t, \u00edgy a vizu\u00e1lis megjelen\u00e9s egyszerre klasszikus \u00e9s modern. A rojtos szeg\u00e9lyek egy csipetnyi boh\u00e9m sikket k\u00f6lcs\u00f6n\u00f6znek, m\u00edg a laza szab\u00e1s maxim\u00e1lis k\u00e9nyelmet biztos\u00edt. A puha, l\u00e9g\u00e1tereszt\u0151 anyagb\u00f3l k\u00e9sz\u00fclt poncs\u00f3 t\u00f6k\u00e9letesen alkalmas a ruh\u00e1k f\u00f6l\u00e9 val\u00f3 r\u00e9tegez\u00e9shez, hogy m\u00e9g melegebb\u00e9 tegye a ruh\u00e1t. Ak\u00e1r egy buliba megy, ak\u00e1r egy \u0151szi s\u00e9t\u00e1t tesz, ez a poncs\u00f3 sokoldal\u00faan felhaszn\u00e1lhat\u00f3, \u00e9s a divatot a funkci\u00f3val \u00f6tv\u00f6zi.<\/p>\n<h2>SPECIFIK\u00c1CI\u00d3K<\/h2>\n<div>\n<div>\n<div>\n<div>\n<p>Anyag: Pamut \u00e9s akril<\/p>\n<div>\n<div>\n<div>\n<div><img decoding=\"async\" src=\"https:\/\/ozponcho.com.au\/wp-content\/uploads\/2024\/03\/S2ddfdaa1f2ed4ab797e4b1ececfa23f1l.webp\" \/><img decoding=\"async\" src=\"https:\/\/ozponcho.com.au\/wp-content\/uploads\/2024\/03\/S2c66da89945f4c0eaa90750202fa58e5r.webp\" \/><\/div>\n<div><img decoding=\"async\" src=\"https:\/\/ozponcho.com.au\/wp-content\/uploads\/2024\/03\/S0f27fc1a277947f5ad12ed0ae5f1e818e.webp\" \/><\/div>\n<\/div>\n<\/div>\n<\/div>\n<\/div>\n<\/div>\n<\/div>\n<\/div>","protected":false},"excerpt":{"rendered":"<p>Elevate your cool-weather wardrobe with this stylish Men&#8217;s Plaid Turtleneck Poncho. The striking black base is interwoven with grey and red plaid, creating a visual appeal that&#8217;s both classic and contemporary. Fringed edges add a touch of bohemian chic, while the loose-fit ensures maximum comfort. Crafted from soft, breathable fabric, this poncho is perfect for [&#8230;]","protected":false},"featured_media":17453,"template":"","meta":[],"product_brand":[],"product_cat":[219,15,228,214,211],"product_tag":[],"class_list":{"0":"post-17445","1":"product","2":"type-product","3":"status-publish","4":"has-post-thumbnail","6":"product_cat-black-poncho","7":"product_cat-main-category","8":"product_cat-poncho-sweater","9":"product_cat-knitted-crochet-poncho","10":"product_cat-poncho-men","12":"first","13":"instock","14":"shipping-taxable","15":"purchasable","16":"product-type-variable"},"yoast_head":"<!-- This site is optimized with the Yoast SEO plugin v25.9 - https:\/\/yoast.com\/wordpress\/plugins\/seo\/ -->\n<title>Men&#039;s Plaid Turtleneck Poncho | Magyarorsz\u00e1g #1 Poncho Shop<\/title>\n<meta name=\"description\" content=\"Looking for a Men&#039;s Plaid Turtleneck Poncho ? You&#039;ve come to the right place \ud83d\ude04 We offers a wide selection of Men&#039;s Plaid Turtleneck Poncho, perfect for you.\" \/>\n<meta name=\"robots\" content=\"index, follow, max-snippet:-1, max-image-preview:large, max-video-preview:-1\" \/>\n<link rel=\"canonical\" href=\"https:\/\/ozponcho.com.au\/hu\/p\/ferfi-kockas-rojtos-poncso\/\" \/>\n<meta property=\"og:locale\" content=\"hu_HU\" \/>\n<meta property=\"og:type\" content=\"article\" \/>\n<meta property=\"og:title\" content=\"Men&#039;s Plaid Turtleneck Poncho | Magyarorsz\u00e1g #1 Poncho Shop\" \/>\n<meta property=\"og:description\" content=\"Looking for a Men&#039;s Plaid Turtleneck Poncho ? You&#039;ve come to the right place \ud83d\ude04 We offers a wide selection of Men&#039;s Plaid Turtleneck Poncho, perfect for you.\" \/>\n<meta property=\"og:url\" content=\"https:\/\/ozponcho.com.au\/hu\/p\/ferfi-kockas-rojtos-poncso\/\" \/>\n<meta property=\"og:site_name\" content=\"OZ Poncho\" \/>\n<meta property=\"article:modified_time\" content=\"2025-09-10T18:10:38+00:00\" \/>\n<meta property=\"og:image\" content=\"https:\/\/ozponcho.com.au\/wp-content\/uploads\/2024\/01\/Sbda7edcc96f541a38029a9863a8cf6fc2.webp\" \/>\n\t<meta property=\"og:image:width\" content=\"1000\" \/>\n\t<meta property=\"og:image:height\" content=\"1000\" \/>\n\t<meta property=\"og:image:type\" content=\"image\/webp\" \/>\n<meta name=\"twitter:card\" content=\"summary_large_image\" \/>\n<meta name=\"twitter:label1\" content=\"Becs\u00fclt olvas\u00e1si id\u0151\" \/>\n\t<meta name=\"twitter:data1\" content=\"2 perc\" \/>\n<script type=\"application\/ld+json\" class=\"yoast-schema-graph\">{\"@context\":\"https:\/\/schema.org\",\"@graph\":[{\"@type\":\"WebPage\",\"@id\":\"https:\/\/ozponcho.com.au\/p\/mens-plaid-fringe-poncho\/\",\"url\":\"https:\/\/ozponcho.com.au\/p\/mens-plaid-fringe-poncho\/\",\"name\":\"Men's Plaid Turtleneck Poncho | Magyarorsz\u00e1g #1 Poncho Shop\",\"isPartOf\":{\"@id\":\"https:\/\/ozponcho.com.au\/#website\"},\"primaryImageOfPage\":{\"@id\":\"https:\/\/ozponcho.com.au\/p\/mens-plaid-fringe-poncho\/#primaryimage\"},\"image\":{\"@id\":\"https:\/\/ozponcho.com.au\/p\/mens-plaid-fringe-poncho\/#primaryimage\"},\"thumbnailUrl\":\"https:\/\/ozponcho.com.au\/wp-content\/uploads\/2024\/01\/Sbda7edcc96f541a38029a9863a8cf6fc2.webp\",\"datePublished\":\"2024-01-21T08:43:08+00:00\",\"dateModified\":\"2025-09-10T18:10:38+00:00\",\"description\":\"Looking for a Men's Plaid Turtleneck Poncho ? You've come to the right place \ud83d\ude04 We offers a wide selection of Men's Plaid Turtleneck Poncho, perfect for you.\",\"breadcrumb\":{\"@id\":\"https:\/\/ozponcho.com.au\/p\/mens-plaid-fringe-poncho\/#breadcrumb\"},\"inLanguage\":\"hu\",\"potentialAction\":[{\"@type\":\"ReadAction\",\"target\":[\"https:\/\/ozponcho.com.au\/p\/mens-plaid-fringe-poncho\/\"]}]},{\"@type\":\"ImageObject\",\"inLanguage\":\"hu\",\"@id\":\"https:\/\/ozponcho.com.au\/p\/mens-plaid-fringe-poncho\/#primaryimage\",\"url\":\"https:\/\/ozponcho.com.au\/wp-content\/uploads\/2024\/01\/Sbda7edcc96f541a38029a9863a8cf6fc2.webp\",\"contentUrl\":\"https:\/\/ozponcho.com.au\/wp-content\/uploads\/2024\/01\/Sbda7edcc96f541a38029a9863a8cf6fc2.webp\",\"width\":1000,\"height\":1000,\"caption\":\"Men's Plaid Turtleneck Poncho\"},{\"@type\":\"BreadcrumbList\",\"@id\":\"https:\/\/ozponcho.com.au\/p\/mens-plaid-fringe-poncho\/#breadcrumb\",\"itemListElement\":[{\"@type\":\"ListItem\",\"position\":1,\"name\":\"Home\",\"item\":\"https:\/\/ozponcho.com.au\/\"},{\"@type\":\"ListItem\",\"position\":2,\"name\":\"Shop\",\"item\":\"https:\/\/ozponcho.com.au\/shop\/\"},{\"@type\":\"ListItem\",\"position\":3,\"name\":\"Men&#8217;s Plaid Turtleneck Poncho\"}]},{\"@type\":\"WebSite\",\"@id\":\"https:\/\/ozponcho.com.au\/#website\",\"url\":\"https:\/\/ozponcho.com.au\/\",\"name\":\"OZ Poncho\",\"description\":\"\",\"potentialAction\":[{\"@type\":\"SearchAction\",\"target\":{\"@type\":\"EntryPoint\",\"urlTemplate\":\"https:\/\/ozponcho.com.au\/?s={search_term_string}\"},\"query-input\":{\"@type\":\"PropertyValueSpecification\",\"valueRequired\":true,\"valueName\":\"search_term_string\"}}],\"inLanguage\":\"hu\"}]}<\/script>\n<!-- \/ Yoast SEO plugin. -->","yoast_head_json":{"title":"F\u00e9rfi kock\u00e1s garb\u00f3 poncs\u00f3 | Magyarorsz\u00e1g #1 Poncs\u00f3 Shop","description":"F\u00e9rfi kock\u00e1s garb\u00f3 poncs\u00f3t keresel ? A legjobb helyen j\u00e1rsz \ud83d\ude04 F\u00e9rfi kock\u00e1s garb\u00f3 Poncho sz\u00e9les v\u00e1laszt\u00e9k\u00e1t k\u00edn\u00e1ljuk, t\u00f6k\u00e9letes az \u00d6n sz\u00e1m\u00e1ra.","robots":{"index":"index","follow":"follow","max-snippet":"max-snippet:-1","max-image-preview":"max-image-preview:large","max-video-preview":"max-video-preview:-1"},"canonical":"https:\/\/ozponcho.com.au\/hu\/p\/ferfi-kockas-rojtos-poncso\/","og_locale":"hu_HU","og_type":"article","og_title":"Men's Plaid Turtleneck Poncho | Magyarorsz\u00e1g #1 Poncho Shop","og_description":"Looking for a Men's Plaid Turtleneck Poncho ? You've come to the right place \ud83d\ude04 We offers a wide selection of Men's Plaid Turtleneck Poncho, perfect for you.","og_url":"https:\/\/ozponcho.com.au\/hu\/p\/ferfi-kockas-rojtos-poncso\/","og_site_name":"OZ Poncho","article_modified_time":"2025-09-10T18:10:38+00:00","og_image":[{"width":1000,"height":1000,"url":"https:\/\/ozponcho.com.au\/wp-content\/uploads\/2024\/01\/Sbda7edcc96f541a38029a9863a8cf6fc2.webp","type":"image\/webp"}],"twitter_card":"summary_large_image","twitter_misc":{"Becs\u00fclt olvas\u00e1si id\u0151":"2 perc"},"schema":{"@context":"https:\/\/schema.org","@graph":[{"@type":"WebPage","@id":"https:\/\/ozponcho.com.au\/p\/mens-plaid-fringe-poncho\/","url":"https:\/\/ozponcho.com.au\/p\/mens-plaid-fringe-poncho\/","name":"F\u00e9rfi kock\u00e1s garb\u00f3 poncs\u00f3 | Magyarorsz\u00e1g #1 Poncs\u00f3 Shop","isPartOf":{"@id":"https:\/\/ozponcho.com.au\/#website"},"primaryImageOfPage":{"@id":"https:\/\/ozponcho.com.au\/p\/mens-plaid-fringe-poncho\/#primaryimage"},"image":{"@id":"https:\/\/ozponcho.com.au\/p\/mens-plaid-fringe-poncho\/#primaryimage"},"thumbnailUrl":"https:\/\/ozponcho.com.au\/wp-content\/uploads\/2024\/01\/Sbda7edcc96f541a38029a9863a8cf6fc2.webp","datePublished":"2024-01-21T08:43:08+00:00","dateModified":"2025-09-10T18:10:38+00:00","description":"F\u00e9rfi kock\u00e1s garb\u00f3 poncs\u00f3t keresel ? A legjobb helyen j\u00e1rsz \ud83d\ude04 F\u00e9rfi kock\u00e1s garb\u00f3 Poncho sz\u00e9les v\u00e1laszt\u00e9k\u00e1t k\u00edn\u00e1ljuk, t\u00f6k\u00e9letes az \u00d6n sz\u00e1m\u00e1ra.","breadcrumb":{"@id":"https:\/\/ozponcho.com.au\/p\/mens-plaid-fringe-poncho\/#breadcrumb"},"inLanguage":"hu","potentialAction":[{"@type":"ReadAction","target":["https:\/\/ozponcho.com.au\/p\/mens-plaid-fringe-poncho\/"]}]},{"@type":"ImageObject","inLanguage":"hu","@id":"https:\/\/ozponcho.com.au\/p\/mens-plaid-fringe-poncho\/#primaryimage","url":"https:\/\/ozponcho.com.au\/wp-content\/uploads\/2024\/01\/Sbda7edcc96f541a38029a9863a8cf6fc2.webp","contentUrl":"https:\/\/ozponcho.com.au\/wp-content\/uploads\/2024\/01\/Sbda7edcc96f541a38029a9863a8cf6fc2.webp","width":1000,"height":1000,"caption":"Men's Plaid Turtleneck Poncho"},{"@type":"BreadcrumbList","@id":"https:\/\/ozponcho.com.au\/p\/mens-plaid-fringe-poncho\/#breadcrumb","itemListElement":[{"@type":"ListItem","position":1,"name":"Home","item":"https:\/\/ozponcho.com.au\/"},{"@type":"ListItem","position":2,"name":"Shop","item":"https:\/\/ozponcho.com.au\/shop\/"},{"@type":"ListItem","position":3,"name":"Men&#8217;s Plaid Turtleneck Poncho"}]},{"@type":"WebSite","@id":"https:\/\/ozponcho.com.au\/#website","url":"https:\/\/ozponcho.com.au\/","name":"OZ Poncho","description":"","potentialAction":[{"@type":"SearchAction","target":{"@type":"EntryPoint","urlTemplate":"https:\/\/ozponcho.com.au\/?s={search_term_string}"},"query-input":{"@type":"PropertyValueSpecification","valueRequired":true,"valueName":"search_term_string"}}],"inLanguage":"hu"}]}},"_links":{"self":[{"href":"https:\/\/ozponcho.com.au\/hu\/wp-json\/wp\/v2\/product\/17445","targetHints":{"allow":["GET"]}}],"collection":[{"href":"https:\/\/ozponcho.com.au\/hu\/wp-json\/wp\/v2\/product"}],"about":[{"href":"https:\/\/ozponcho.com.au\/hu\/wp-json\/wp\/v2\/types\/product"}],"wp:featuredmedia":[{"embeddable":true,"href":"https:\/\/ozponcho.com.au\/hu\/wp-json\/wp\/v2\/media\/17453"}],"wp:attachment":[{"href":"https:\/\/ozponcho.com.au\/hu\/wp-json\/wp\/v2\/media?parent=17445"}],"wp:term":[{"taxonomy":"product_brand","embeddable":true,"href":"https:\/\/ozponcho.com.au\/hu\/wp-json\/wp\/v2\/product_brand?post=17445"},{"taxonomy":"product_cat","embeddable":true,"href":"https:\/\/ozponcho.com.au\/hu\/wp-json\/wp\/v2\/product_cat?post=17445"},{"taxonomy":"product_tag","embeddable":true,"href":"https:\/\/ozponcho.com.au\/hu\/wp-json\/wp\/v2\/product_tag?post=17445"}],"curies":[{"name":"wp","href":"https:\/\/api.w.org\/{rel}","templated":true}]}}