{"id":17416,"date":"2024-01-21T19:42:47","date_gmt":"2024-01-21T08:42:47","guid":{"rendered":"https:\/\/ozponcho.com.au\/?post_type=product&#038;p=17416"},"modified":"2025-06-16T02:17:02","modified_gmt":"2025-06-15T15:17:02","slug":"urban-fringe-cloak-men","status":"publish","type":"product","link":"https:\/\/ozponcho.com.au\/hu\/p\/varosi-rojtos-kopeny-ferfiak\/","title":{"rendered":"F\u00e9rfi fekete rojtos poncs\u00f3"},"content":{"rendered":"<p>Emelje fel st\u00edlus\u00e1t ezzel a megk\u00fcl\u00f6nb\u00f6ztet\u0151 f\u00e9rfi fekete rojtos poncs\u00f3val, amely t\u00f6k\u00e9letes minden divatorient\u00e1lt egy\u00e9n sz\u00e1m\u00e1ra, aki egyedi kieg\u00e9sz\u00edt\u00e9st keres a ruhat\u00e1r\u00e1hoz. A k\u00e9nyelmes pamut anyag a bojtos r\u00e9szletekkel p\u00e1rosulva koreai utcai ruhadarabok b\u00e1j\u00e1t ny\u00fajtja, m\u00edg az O-nyak\u00fa kialak\u00edt\u00e1s laza illeszked\u00e9st biztos\u00edt. Ez a k\u00f6peny minden \u00e9vszakban sokoldal\u00faan haszn\u00e1lhat\u00f3, \u00e9s k\u00fcl\u00f6nf\u00e9le alkalmakhoz igaz\u00edthat\u00f3, az alkalmi kir\u00e1ndul\u00e1sokt\u00f3l kezdve a bev\u00e1s\u00e1rl\u00f3utakig, \u00edgy biztosan felt\u0171n\u0151 lesz. Fogadja el a funkcionalit\u00e1s \u00e9s a trendteremt\u0151 eszt\u00e9tika kever\u00e9k\u00e9t, b\u00e1tor\u00edtva a mindennapi divat mer\u00e9sz megk\u00f6zel\u00edt\u00e9s\u00e9t.<\/p>\n<h2>SPECIFIK\u00c1CI\u00d3K<\/h2>\n<p>Anyag: COTTON<\/p>\n<div>\n<div>\n<div><img decoding=\"async\" src=\"https:\/\/ozponcho.com.au\/wp-content\/uploads\/2024\/03\/Sbaff36628c8041069432c30258a21f043.webp\" \/><\/div>\n<\/div>\n<\/div>","protected":false},"excerpt":{"rendered":"<p>Elevate your style with this distinctive Men&#8217;s Black Tassel Poncho, perfect for any fashion-forward individual seeking a unique addition to their wardrobe. The comfortable cotton material pairs with a tassel detail to offer an air of Korean streetwear charm, while the O-neck design ensures a relaxed fit. Versatile for any season and adaptable for diverse [&#8230;]","protected":false},"featured_media":17414,"template":"","meta":[],"product_brand":[],"product_cat":[219,15,228,211],"product_tag":[],"class_list":{"0":"post-17416","1":"product","2":"type-product","3":"status-publish","4":"has-post-thumbnail","6":"product_cat-black-poncho","7":"product_cat-main-category","8":"product_cat-poncho-sweater","9":"product_cat-poncho-men","11":"first","12":"instock","13":"shipping-taxable","14":"purchasable","15":"product-type-variable"},"yoast_head":"<!-- This site is optimized with the Yoast SEO plugin v25.9 - https:\/\/yoast.com\/wordpress\/plugins\/seo\/ -->\n<title>Men&#039;s Black Tassel Poncho | Magyarorsz\u00e1g #1 Poncho Shop<\/title>\n<meta name=\"description\" content=\"Looking for a Men&#039;s Black Tassel Poncho ? You&#039;ve come to the right place \ud83d\ude04 We offers a wide selection of Men&#039;s Black Tassel Poncho, perfect for you.\" \/>\n<meta name=\"robots\" content=\"index, follow, max-snippet:-1, max-image-preview:large, max-video-preview:-1\" \/>\n<link rel=\"canonical\" href=\"https:\/\/ozponcho.com.au\/hu\/p\/varosi-rojtos-kopeny-ferfiak\/\" \/>\n<meta property=\"og:locale\" content=\"hu_HU\" \/>\n<meta property=\"og:type\" content=\"article\" \/>\n<meta property=\"og:title\" content=\"Men&#039;s Black Tassel Poncho | Magyarorsz\u00e1g #1 Poncho Shop\" \/>\n<meta property=\"og:description\" content=\"Looking for a Men&#039;s Black Tassel Poncho ? You&#039;ve come to the right place \ud83d\ude04 We offers a wide selection of Men&#039;s Black Tassel Poncho, perfect for you.\" \/>\n<meta property=\"og:url\" content=\"https:\/\/ozponcho.com.au\/hu\/p\/varosi-rojtos-kopeny-ferfiak\/\" \/>\n<meta property=\"og:site_name\" content=\"OZ Poncho\" \/>\n<meta property=\"article:modified_time\" content=\"2025-06-15T15:17:02+00:00\" \/>\n<meta property=\"og:image\" content=\"https:\/\/ozponcho.com.au\/wp-content\/uploads\/2024\/01\/Se19ea36bcb434bee93cf85bbfa395f27o.webp\" \/>\n\t<meta property=\"og:image:width\" content=\"1000\" \/>\n\t<meta property=\"og:image:height\" content=\"1000\" \/>\n\t<meta property=\"og:image:type\" content=\"image\/webp\" \/>\n<meta name=\"twitter:card\" content=\"summary_large_image\" \/>\n<meta name=\"twitter:label1\" content=\"Becs\u00fclt olvas\u00e1si id\u0151\" \/>\n\t<meta name=\"twitter:data1\" content=\"1 perc\" \/>\n<script type=\"application\/ld+json\" class=\"yoast-schema-graph\">{\"@context\":\"https:\/\/schema.org\",\"@graph\":[{\"@type\":\"WebPage\",\"@id\":\"https:\/\/ozponcho.com.au\/p\/urban-fringe-cloak-men\/\",\"url\":\"https:\/\/ozponcho.com.au\/p\/urban-fringe-cloak-men\/\",\"name\":\"Men's Black Tassel Poncho | Magyarorsz\u00e1g #1 Poncho Shop\",\"isPartOf\":{\"@id\":\"https:\/\/ozponcho.com.au\/#website\"},\"primaryImageOfPage\":{\"@id\":\"https:\/\/ozponcho.com.au\/p\/urban-fringe-cloak-men\/#primaryimage\"},\"image\":{\"@id\":\"https:\/\/ozponcho.com.au\/p\/urban-fringe-cloak-men\/#primaryimage\"},\"thumbnailUrl\":\"https:\/\/ozponcho.com.au\/wp-content\/uploads\/2024\/01\/Se19ea36bcb434bee93cf85bbfa395f27o.webp\",\"datePublished\":\"2024-01-21T08:42:47+00:00\",\"dateModified\":\"2025-06-15T15:17:02+00:00\",\"description\":\"Looking for a Men's Black Tassel Poncho ? You've come to the right place \ud83d\ude04 We offers a wide selection of Men's Black Tassel Poncho, perfect for you.\",\"breadcrumb\":{\"@id\":\"https:\/\/ozponcho.com.au\/p\/urban-fringe-cloak-men\/#breadcrumb\"},\"inLanguage\":\"hu\",\"potentialAction\":[{\"@type\":\"ReadAction\",\"target\":[\"https:\/\/ozponcho.com.au\/p\/urban-fringe-cloak-men\/\"]}]},{\"@type\":\"ImageObject\",\"inLanguage\":\"hu\",\"@id\":\"https:\/\/ozponcho.com.au\/p\/urban-fringe-cloak-men\/#primaryimage\",\"url\":\"https:\/\/ozponcho.com.au\/wp-content\/uploads\/2024\/01\/Se19ea36bcb434bee93cf85bbfa395f27o.webp\",\"contentUrl\":\"https:\/\/ozponcho.com.au\/wp-content\/uploads\/2024\/01\/Se19ea36bcb434bee93cf85bbfa395f27o.webp\",\"width\":1000,\"height\":1000,\"caption\":\"Men's Black Tassel Poncho\"},{\"@type\":\"BreadcrumbList\",\"@id\":\"https:\/\/ozponcho.com.au\/p\/urban-fringe-cloak-men\/#breadcrumb\",\"itemListElement\":[{\"@type\":\"ListItem\",\"position\":1,\"name\":\"Home\",\"item\":\"https:\/\/ozponcho.com.au\/\"},{\"@type\":\"ListItem\",\"position\":2,\"name\":\"Shop\",\"item\":\"https:\/\/ozponcho.com.au\/shop\/\"},{\"@type\":\"ListItem\",\"position\":3,\"name\":\"Men&#8217;s Black Tassel Poncho\"}]},{\"@type\":\"WebSite\",\"@id\":\"https:\/\/ozponcho.com.au\/#website\",\"url\":\"https:\/\/ozponcho.com.au\/\",\"name\":\"OZ Poncho\",\"description\":\"\",\"potentialAction\":[{\"@type\":\"SearchAction\",\"target\":{\"@type\":\"EntryPoint\",\"urlTemplate\":\"https:\/\/ozponcho.com.au\/?s={search_term_string}\"},\"query-input\":{\"@type\":\"PropertyValueSpecification\",\"valueRequired\":true,\"valueName\":\"search_term_string\"}}],\"inLanguage\":\"hu\"}]}<\/script>\n<!-- \/ Yoast SEO plugin. -->","yoast_head_json":{"title":"F\u00e9rfi fekete rojtos poncs\u00f3 | Magyarorsz\u00e1g #1 Poncs\u00f3 Shop","description":"F\u00e9rfi fekete rojtos poncs\u00f3t keres ? A legjobb helyen j\u00e1rsz \ud83d\ude04 F\u00e9rfi fekete rojtos poncs\u00f3 sz\u00e9les v\u00e1laszt\u00e9k\u00e1t k\u00edn\u00e1ljuk, t\u00f6k\u00e9letes az \u00d6n sz\u00e1m\u00e1ra.","robots":{"index":"index","follow":"follow","max-snippet":"max-snippet:-1","max-image-preview":"max-image-preview:large","max-video-preview":"max-video-preview:-1"},"canonical":"https:\/\/ozponcho.com.au\/hu\/p\/varosi-rojtos-kopeny-ferfiak\/","og_locale":"hu_HU","og_type":"article","og_title":"Men's Black Tassel Poncho | Magyarorsz\u00e1g #1 Poncho Shop","og_description":"Looking for a Men's Black Tassel Poncho ? You've come to the right place \ud83d\ude04 We offers a wide selection of Men's Black Tassel Poncho, perfect for you.","og_url":"https:\/\/ozponcho.com.au\/hu\/p\/varosi-rojtos-kopeny-ferfiak\/","og_site_name":"OZ Poncho","article_modified_time":"2025-06-15T15:17:02+00:00","og_image":[{"width":1000,"height":1000,"url":"https:\/\/ozponcho.com.au\/wp-content\/uploads\/2024\/01\/Se19ea36bcb434bee93cf85bbfa395f27o.webp","type":"image\/webp"}],"twitter_card":"summary_large_image","twitter_misc":{"Becs\u00fclt olvas\u00e1si id\u0151":"1 perc"},"schema":{"@context":"https:\/\/schema.org","@graph":[{"@type":"WebPage","@id":"https:\/\/ozponcho.com.au\/p\/urban-fringe-cloak-men\/","url":"https:\/\/ozponcho.com.au\/p\/urban-fringe-cloak-men\/","name":"F\u00e9rfi fekete rojtos poncs\u00f3 | Magyarorsz\u00e1g #1 Poncs\u00f3 Shop","isPartOf":{"@id":"https:\/\/ozponcho.com.au\/#website"},"primaryImageOfPage":{"@id":"https:\/\/ozponcho.com.au\/p\/urban-fringe-cloak-men\/#primaryimage"},"image":{"@id":"https:\/\/ozponcho.com.au\/p\/urban-fringe-cloak-men\/#primaryimage"},"thumbnailUrl":"https:\/\/ozponcho.com.au\/wp-content\/uploads\/2024\/01\/Se19ea36bcb434bee93cf85bbfa395f27o.webp","datePublished":"2024-01-21T08:42:47+00:00","dateModified":"2025-06-15T15:17:02+00:00","description":"F\u00e9rfi fekete rojtos poncs\u00f3t keres ? A legjobb helyen j\u00e1rsz \ud83d\ude04 F\u00e9rfi fekete rojtos poncs\u00f3 sz\u00e9les v\u00e1laszt\u00e9k\u00e1t k\u00edn\u00e1ljuk, t\u00f6k\u00e9letes az \u00d6n sz\u00e1m\u00e1ra.","breadcrumb":{"@id":"https:\/\/ozponcho.com.au\/p\/urban-fringe-cloak-men\/#breadcrumb"},"inLanguage":"hu","potentialAction":[{"@type":"ReadAction","target":["https:\/\/ozponcho.com.au\/p\/urban-fringe-cloak-men\/"]}]},{"@type":"ImageObject","inLanguage":"hu","@id":"https:\/\/ozponcho.com.au\/p\/urban-fringe-cloak-men\/#primaryimage","url":"https:\/\/ozponcho.com.au\/wp-content\/uploads\/2024\/01\/Se19ea36bcb434bee93cf85bbfa395f27o.webp","contentUrl":"https:\/\/ozponcho.com.au\/wp-content\/uploads\/2024\/01\/Se19ea36bcb434bee93cf85bbfa395f27o.webp","width":1000,"height":1000,"caption":"Men's Black Tassel Poncho"},{"@type":"BreadcrumbList","@id":"https:\/\/ozponcho.com.au\/p\/urban-fringe-cloak-men\/#breadcrumb","itemListElement":[{"@type":"ListItem","position":1,"name":"Home","item":"https:\/\/ozponcho.com.au\/"},{"@type":"ListItem","position":2,"name":"Shop","item":"https:\/\/ozponcho.com.au\/shop\/"},{"@type":"ListItem","position":3,"name":"Men&#8217;s Black Tassel Poncho"}]},{"@type":"WebSite","@id":"https:\/\/ozponcho.com.au\/#website","url":"https:\/\/ozponcho.com.au\/","name":"OZ Poncho","description":"","potentialAction":[{"@type":"SearchAction","target":{"@type":"EntryPoint","urlTemplate":"https:\/\/ozponcho.com.au\/?s={search_term_string}"},"query-input":{"@type":"PropertyValueSpecification","valueRequired":true,"valueName":"search_term_string"}}],"inLanguage":"hu"}]}},"_links":{"self":[{"href":"https:\/\/ozponcho.com.au\/hu\/wp-json\/wp\/v2\/product\/17416","targetHints":{"allow":["GET"]}}],"collection":[{"href":"https:\/\/ozponcho.com.au\/hu\/wp-json\/wp\/v2\/product"}],"about":[{"href":"https:\/\/ozponcho.com.au\/hu\/wp-json\/wp\/v2\/types\/product"}],"wp:featuredmedia":[{"embeddable":true,"href":"https:\/\/ozponcho.com.au\/hu\/wp-json\/wp\/v2\/media\/17414"}],"wp:attachment":[{"href":"https:\/\/ozponcho.com.au\/hu\/wp-json\/wp\/v2\/media?parent=17416"}],"wp:term":[{"taxonomy":"product_brand","embeddable":true,"href":"https:\/\/ozponcho.com.au\/hu\/wp-json\/wp\/v2\/product_brand?post=17416"},{"taxonomy":"product_cat","embeddable":true,"href":"https:\/\/ozponcho.com.au\/hu\/wp-json\/wp\/v2\/product_cat?post=17416"},{"taxonomy":"product_tag","embeddable":true,"href":"https:\/\/ozponcho.com.au\/hu\/wp-json\/wp\/v2\/product_tag?post=17416"}],"curies":[{"name":"wp","href":"https:\/\/api.w.org\/{rel}","templated":true}]}}