{"id":17352,"date":"2024-01-21T19:42:07","date_gmt":"2024-01-21T08:42:07","guid":{"rendered":"https:\/\/ozponcho.com.au\/?post_type=product&#038;p=17352"},"modified":"2025-03-05T12:21:28","modified_gmt":"2025-03-05T01:21:28","slug":"ethnic-pattern-knit-cape","status":"publish","type":"product","link":"https:\/\/ozponcho.com.au\/hu\/p\/etnikai-mintas-kotott-kopeny\/","title":{"rendered":"T\u00f6rzsi kapucnis f\u00e9rfi poncs\u00f3"},"content":{"rendered":"<p>\u00d6lelje mag\u00e1ra a k\u00e9nyelem \u00e9s a st\u00edlus t\u00f6k\u00e9letes kever\u00e9k\u00e9t a F\u00e9rfi Poncho s\u00e1las kab\u00e1tunkkal. Ez a szemet gy\u00f6ny\u00f6rk\u00f6dtet\u0151, t\u00f6rzsi ihlet\u00e9s\u0171 poncs\u00f3 nem csak egy divatkijelent\u00e9s; ez a melegs\u00e9g \u00e9s a sokoldal\u00fas\u00e1g \u00edg\u00e9rete. A poli\u00e9szter \u00e9s akril puha kever\u00e9k\u00e9b\u0151l k\u00e9sz\u00fclt, kapucnis kialak\u00edt\u00e1s egy extra r\u00e9teg meghitts\u00e9get ad a tavaszi \u00e9s \u0151szi h\u0171v\u00f6sebb napokra. A mer\u00e9sz fekete, feh\u00e9r \u00e9s t\u00fcrkizk\u00e9k mint\u00e1zat kiemelked\u0151 darabb\u00e1 teszi a ruhat\u00e1radban. L\u00e9pjen ki magabiztosan ebben a divatos, sz\u00e1m\u00edt\u00f3g\u00e9pes k\u00f6t\u00e9s\u0171 poncs\u00f3ban, amely ide\u00e1lis a modern f\u00e9rfi sz\u00e1m\u00e1ra, aki etnikai sz\u00ednt szeretne adni mindennapi \u00f6lt\u00f6z\u00e9k\u00e9nek. Ne hagyja ki ezt a kihagyhatatlan darabot, legyen a mag\u00e1\u00e9 m\u00e9g ma!<\/p>\n<h2>SPECIFIK\u00c1CI\u00d3K<\/h2>\n<p><img decoding=\"async\" src=\"https:\/\/ozponcho.com.au\/wp-content\/uploads\/2024\/03\/S8c99e927ef0440c9a8a0ae7ecfc8b863k.webp\" \/><\/p>","protected":false},"excerpt":{"rendered":"<p>Embrace the perfect blend of comfort and style with our Men&#8217;s Poncho Shawl Jacket. This eye-catching tribal-inspired poncho is not just a fashion statement; it\u00e2\u20ac\u2122s a promise of warmth and versatility. Made from a soft blend of polyester and acrylic, the hooded design adds an extra layer of coziness for the cooler days of spring [&#8230;]","protected":false},"featured_media":17358,"template":"","meta":[],"product_brand":[],"product_cat":[219,223,227,15,228,211],"product_tag":[],"class_list":{"0":"post-17352","1":"product","2":"type-product","3":"status-publish","4":"has-post-thumbnail","6":"product_cat-black-poncho","7":"product_cat-blue-poncho","8":"product_cat-hooded-poncho","9":"product_cat-main-category","10":"product_cat-poncho-sweater","11":"product_cat-poncho-men","13":"first","14":"instock","15":"shipping-taxable","16":"purchasable","17":"product-type-variable"},"yoast_head":"<!-- This site is optimized with the Yoast SEO plugin v25.9 - https:\/\/yoast.com\/wordpress\/plugins\/seo\/ -->\n<title>Tribal Hooded Men&#039;s Poncho | Magyarorsz\u00e1g #1 Poncho Shop<\/title>\n<meta name=\"description\" content=\"Looking for a Tribal Hooded Men&#039;s Poncho ? You&#039;ve come to the right place \ud83d\ude04 We offers a wide selection of Tribal Hooded Men&#039;s Poncho, perfect for you.\" \/>\n<meta name=\"robots\" content=\"index, follow, max-snippet:-1, max-image-preview:large, max-video-preview:-1\" \/>\n<link rel=\"canonical\" href=\"https:\/\/ozponcho.com.au\/hu\/p\/etnikai-mintas-kotott-kopeny\/\" \/>\n<meta property=\"og:locale\" content=\"hu_HU\" \/>\n<meta property=\"og:type\" content=\"article\" \/>\n<meta property=\"og:title\" content=\"Tribal Hooded Men&#039;s Poncho | Magyarorsz\u00e1g #1 Poncho Shop\" \/>\n<meta property=\"og:description\" content=\"Looking for a Tribal Hooded Men&#039;s Poncho ? You&#039;ve come to the right place \ud83d\ude04 We offers a wide selection of Tribal Hooded Men&#039;s Poncho, perfect for you.\" \/>\n<meta property=\"og:url\" content=\"https:\/\/ozponcho.com.au\/hu\/p\/etnikai-mintas-kotott-kopeny\/\" \/>\n<meta property=\"og:site_name\" content=\"OZ Poncho\" \/>\n<meta property=\"article:modified_time\" content=\"2025-03-05T01:21:28+00:00\" \/>\n<meta property=\"og:image\" content=\"https:\/\/ozponcho.com.au\/wp-content\/uploads\/2024\/01\/S06647e2f65234c78b0fb23fc16a47e852.webp\" \/>\n\t<meta property=\"og:image:width\" content=\"750\" \/>\n\t<meta property=\"og:image:height\" content=\"750\" \/>\n\t<meta property=\"og:image:type\" content=\"image\/webp\" \/>\n<meta name=\"twitter:card\" content=\"summary_large_image\" \/>\n<meta name=\"twitter:label1\" content=\"Becs\u00fclt olvas\u00e1si id\u0151\" \/>\n\t<meta name=\"twitter:data1\" content=\"1 perc\" \/>\n<script type=\"application\/ld+json\" class=\"yoast-schema-graph\">{\"@context\":\"https:\/\/schema.org\",\"@graph\":[{\"@type\":\"WebPage\",\"@id\":\"https:\/\/ozponcho.com.au\/p\/ethnic-pattern-knit-cape\/\",\"url\":\"https:\/\/ozponcho.com.au\/p\/ethnic-pattern-knit-cape\/\",\"name\":\"Tribal Hooded Men's Poncho | Magyarorsz\u00e1g #1 Poncho Shop\",\"isPartOf\":{\"@id\":\"https:\/\/ozponcho.com.au\/#website\"},\"primaryImageOfPage\":{\"@id\":\"https:\/\/ozponcho.com.au\/p\/ethnic-pattern-knit-cape\/#primaryimage\"},\"image\":{\"@id\":\"https:\/\/ozponcho.com.au\/p\/ethnic-pattern-knit-cape\/#primaryimage\"},\"thumbnailUrl\":\"https:\/\/ozponcho.com.au\/wp-content\/uploads\/2024\/01\/S06647e2f65234c78b0fb23fc16a47e852.webp\",\"datePublished\":\"2024-01-21T08:42:07+00:00\",\"dateModified\":\"2025-03-05T01:21:28+00:00\",\"description\":\"Looking for a Tribal Hooded Men's Poncho ? You've come to the right place \ud83d\ude04 We offers a wide selection of Tribal Hooded Men's Poncho, perfect for you.\",\"breadcrumb\":{\"@id\":\"https:\/\/ozponcho.com.au\/p\/ethnic-pattern-knit-cape\/#breadcrumb\"},\"inLanguage\":\"hu\",\"potentialAction\":[{\"@type\":\"ReadAction\",\"target\":[\"https:\/\/ozponcho.com.au\/p\/ethnic-pattern-knit-cape\/\"]}]},{\"@type\":\"ImageObject\",\"inLanguage\":\"hu\",\"@id\":\"https:\/\/ozponcho.com.au\/p\/ethnic-pattern-knit-cape\/#primaryimage\",\"url\":\"https:\/\/ozponcho.com.au\/wp-content\/uploads\/2024\/01\/S06647e2f65234c78b0fb23fc16a47e852.webp\",\"contentUrl\":\"https:\/\/ozponcho.com.au\/wp-content\/uploads\/2024\/01\/S06647e2f65234c78b0fb23fc16a47e852.webp\",\"width\":750,\"height\":750,\"caption\":\"Tribal Hooded Men's Poncho\"},{\"@type\":\"BreadcrumbList\",\"@id\":\"https:\/\/ozponcho.com.au\/p\/ethnic-pattern-knit-cape\/#breadcrumb\",\"itemListElement\":[{\"@type\":\"ListItem\",\"position\":1,\"name\":\"Home\",\"item\":\"https:\/\/ozponcho.com.au\/\"},{\"@type\":\"ListItem\",\"position\":2,\"name\":\"Shop\",\"item\":\"https:\/\/ozponcho.com.au\/shop\/\"},{\"@type\":\"ListItem\",\"position\":3,\"name\":\"Tribal Hooded Men&#8217;s Poncho\"}]},{\"@type\":\"WebSite\",\"@id\":\"https:\/\/ozponcho.com.au\/#website\",\"url\":\"https:\/\/ozponcho.com.au\/\",\"name\":\"OZ Poncho\",\"description\":\"\",\"potentialAction\":[{\"@type\":\"SearchAction\",\"target\":{\"@type\":\"EntryPoint\",\"urlTemplate\":\"https:\/\/ozponcho.com.au\/?s={search_term_string}\"},\"query-input\":{\"@type\":\"PropertyValueSpecification\",\"valueRequired\":true,\"valueName\":\"search_term_string\"}}],\"inLanguage\":\"hu\"}]}<\/script>\n<!-- \/ Yoast SEO plugin. -->","yoast_head_json":{"title":"T\u00f6rzsi kapucnis f\u00e9rfi poncs\u00f3 | Magyarorsz\u00e1g #1 Poncs\u00f3 Shop","description":"T\u00f6rzsi kapucnis f\u00e9rfi poncs\u00f3t keres ? A legjobb helyen j\u00e1rsz \ud83d\ude04 Tribal kapucnis f\u00e9rfi poncs\u00f3 sz\u00e9les v\u00e1laszt\u00e9k\u00e1t k\u00edn\u00e1ljuk, t\u00f6k\u00e9letes az \u00d6n sz\u00e1m\u00e1ra.","robots":{"index":"index","follow":"follow","max-snippet":"max-snippet:-1","max-image-preview":"max-image-preview:large","max-video-preview":"max-video-preview:-1"},"canonical":"https:\/\/ozponcho.com.au\/hu\/p\/etnikai-mintas-kotott-kopeny\/","og_locale":"hu_HU","og_type":"article","og_title":"Tribal Hooded Men's Poncho | Magyarorsz\u00e1g #1 Poncho Shop","og_description":"Looking for a Tribal Hooded Men's Poncho ? You've come to the right place \ud83d\ude04 We offers a wide selection of Tribal Hooded Men's Poncho, perfect for you.","og_url":"https:\/\/ozponcho.com.au\/hu\/p\/etnikai-mintas-kotott-kopeny\/","og_site_name":"OZ Poncho","article_modified_time":"2025-03-05T01:21:28+00:00","og_image":[{"width":750,"height":750,"url":"https:\/\/ozponcho.com.au\/wp-content\/uploads\/2024\/01\/S06647e2f65234c78b0fb23fc16a47e852.webp","type":"image\/webp"}],"twitter_card":"summary_large_image","twitter_misc":{"Becs\u00fclt olvas\u00e1si id\u0151":"1 perc"},"schema":{"@context":"https:\/\/schema.org","@graph":[{"@type":"WebPage","@id":"https:\/\/ozponcho.com.au\/p\/ethnic-pattern-knit-cape\/","url":"https:\/\/ozponcho.com.au\/p\/ethnic-pattern-knit-cape\/","name":"T\u00f6rzsi kapucnis f\u00e9rfi poncs\u00f3 | Magyarorsz\u00e1g #1 Poncs\u00f3 Shop","isPartOf":{"@id":"https:\/\/ozponcho.com.au\/#website"},"primaryImageOfPage":{"@id":"https:\/\/ozponcho.com.au\/p\/ethnic-pattern-knit-cape\/#primaryimage"},"image":{"@id":"https:\/\/ozponcho.com.au\/p\/ethnic-pattern-knit-cape\/#primaryimage"},"thumbnailUrl":"https:\/\/ozponcho.com.au\/wp-content\/uploads\/2024\/01\/S06647e2f65234c78b0fb23fc16a47e852.webp","datePublished":"2024-01-21T08:42:07+00:00","dateModified":"2025-03-05T01:21:28+00:00","description":"T\u00f6rzsi kapucnis f\u00e9rfi poncs\u00f3t keres ? A legjobb helyen j\u00e1rsz \ud83d\ude04 Tribal kapucnis f\u00e9rfi poncs\u00f3 sz\u00e9les v\u00e1laszt\u00e9k\u00e1t k\u00edn\u00e1ljuk, t\u00f6k\u00e9letes az \u00d6n sz\u00e1m\u00e1ra.","breadcrumb":{"@id":"https:\/\/ozponcho.com.au\/p\/ethnic-pattern-knit-cape\/#breadcrumb"},"inLanguage":"hu","potentialAction":[{"@type":"ReadAction","target":["https:\/\/ozponcho.com.au\/p\/ethnic-pattern-knit-cape\/"]}]},{"@type":"ImageObject","inLanguage":"hu","@id":"https:\/\/ozponcho.com.au\/p\/ethnic-pattern-knit-cape\/#primaryimage","url":"https:\/\/ozponcho.com.au\/wp-content\/uploads\/2024\/01\/S06647e2f65234c78b0fb23fc16a47e852.webp","contentUrl":"https:\/\/ozponcho.com.au\/wp-content\/uploads\/2024\/01\/S06647e2f65234c78b0fb23fc16a47e852.webp","width":750,"height":750,"caption":"Tribal Hooded Men's Poncho"},{"@type":"BreadcrumbList","@id":"https:\/\/ozponcho.com.au\/p\/ethnic-pattern-knit-cape\/#breadcrumb","itemListElement":[{"@type":"ListItem","position":1,"name":"Home","item":"https:\/\/ozponcho.com.au\/"},{"@type":"ListItem","position":2,"name":"Shop","item":"https:\/\/ozponcho.com.au\/shop\/"},{"@type":"ListItem","position":3,"name":"Tribal Hooded Men&#8217;s Poncho"}]},{"@type":"WebSite","@id":"https:\/\/ozponcho.com.au\/#website","url":"https:\/\/ozponcho.com.au\/","name":"OZ Poncho","description":"","potentialAction":[{"@type":"SearchAction","target":{"@type":"EntryPoint","urlTemplate":"https:\/\/ozponcho.com.au\/?s={search_term_string}"},"query-input":{"@type":"PropertyValueSpecification","valueRequired":true,"valueName":"search_term_string"}}],"inLanguage":"hu"}]}},"_links":{"self":[{"href":"https:\/\/ozponcho.com.au\/hu\/wp-json\/wp\/v2\/product\/17352","targetHints":{"allow":["GET"]}}],"collection":[{"href":"https:\/\/ozponcho.com.au\/hu\/wp-json\/wp\/v2\/product"}],"about":[{"href":"https:\/\/ozponcho.com.au\/hu\/wp-json\/wp\/v2\/types\/product"}],"wp:featuredmedia":[{"embeddable":true,"href":"https:\/\/ozponcho.com.au\/hu\/wp-json\/wp\/v2\/media\/17358"}],"wp:attachment":[{"href":"https:\/\/ozponcho.com.au\/hu\/wp-json\/wp\/v2\/media?parent=17352"}],"wp:term":[{"taxonomy":"product_brand","embeddable":true,"href":"https:\/\/ozponcho.com.au\/hu\/wp-json\/wp\/v2\/product_brand?post=17352"},{"taxonomy":"product_cat","embeddable":true,"href":"https:\/\/ozponcho.com.au\/hu\/wp-json\/wp\/v2\/product_cat?post=17352"},{"taxonomy":"product_tag","embeddable":true,"href":"https:\/\/ozponcho.com.au\/hu\/wp-json\/wp\/v2\/product_tag?post=17352"}],"curies":[{"name":"wp","href":"https:\/\/api.w.org\/{rel}","templated":true}]}}