{"id":17163,"date":"2023-12-30T23:28:39","date_gmt":"2023-12-30T12:28:39","guid":{"rendered":"https:\/\/ozponcho.com.au\/?post_type=product&#038;p=17163"},"modified":"2025-06-05T17:11:31","modified_gmt":"2025-06-05T06:11:31","slug":"tactical-raincoat-multi-function-shelter","status":"publish","type":"product","link":"https:\/\/ozponcho.com.au\/hu\/p\/taktikai-esokabat-multifunkcios-menedekhely\/","title":{"rendered":"V\u00edz\u00e1ll\u00f3 katonai poncs\u00f3 k\u00fclt\u00e9ri"},"content":{"rendered":"<p>Tapasztalja meg a p\u00e1ratlan sokoldal\u00fas\u00e1got a v\u00edz\u00e1ll\u00f3 katonai poncs\u00f3val - a v\u00e9gs\u0151 szabadt\u00e9ri t\u00e1rs\u00e1val. Ez a cs\u00facsmin\u0151s\u00e9g\u0171, ripstop poncs\u00f3 megv\u00e9di \u00d6nt a heves es\u0151t\u0151l \u00e9s sz\u00e9lt\u0151l, \u00e9s v\u00e9szhelyzeti mened\u00e9kk\u00e9nt vagy f\u00f6ldsz\u0151nyegk\u00e9nt is haszn\u00e1lhat\u00f3. K\u00f6nny\u0171, m\u00e9gis robusztus kialak\u00edt\u00e1sa optim\u00e1lis \u00e1lc\u00e1z\u00e1st biztos\u00edt, alkalmas kempingez\u00e9sre, t\u00far\u00e1z\u00e1sra vagy taktikai haszn\u00e1latra. V\u00e1lassza a t\u00f6bbc\u00e9l\u00fa ponch\u00f3nkat a kiv\u00e9teles k\u00e9nyelem, tart\u00f3ss\u00e1g \u00e9s v\u00e9delem \u00e9rdek\u00e9ben b\u00e1rmilyen id\u0151j\u00e1r\u00e1si k\u00f6r\u00fclm\u00e9nyek k\u00f6z\u00f6tt. Ne hagyja, hogy a kisz\u00e1m\u00edthatatlan elemek elronts\u00e1k a kalandj\u00e1t; \u00f6lelje magabiztosan a term\u00e9szetet!<\/p>\n<h2>SPECIFIK\u00c1CI\u00d3K<\/h2>\n<p>Term\u00e9k: RainWear<\/p>\n<p>Anyag: Poli\u00e9szter<\/p>\n<p>Korcsoport: Feln\u0151ttek<\/p>\n<p>Szabadt\u00e9ri tev\u00e9kenys\u00e9g: T\u00e1boroz\u00e1s\/T\u00far\u00e1z\u00e1s<\/p>\n<p>M\u00e9ret: 220x140cm<\/p>","protected":false},"excerpt":{"rendered":"<p>Experience unmatched versatility with our Waterproof Military Poncho\u00e2\u20ac\u201dyour ultimate outdoor companion. This top-grade, ripstop poncho shields you from heavy rain and wind, doubling as an emergency shelter or ground mat. Its lightweight yet robust design provides optimal camouflage, suitable for camping, hiking, or tactical use. Opt for our multi-use poncho for exceptional comfort, durability, and [&#8230;]","protected":false},"featured_media":17162,"template":"","meta":[],"product_brand":[],"product_cat":[206,15,217,205,413,468],"product_tag":[],"class_list":{"0":"post-17163","1":"product","2":"type-product","3":"status-publish","4":"has-post-thumbnail","6":"product_cat-emergency-poncho","7":"product_cat-main-category","8":"product_cat-plastic-poncho","9":"product_cat-rain-poncho","10":"product_cat-hiking-poncho","11":"product_cat-orange-ponchos-capes","13":"first","14":"instock","15":"shipping-taxable","16":"purchasable","17":"product-type-variable"},"yoast_head":"<!-- This site is optimized with the Yoast SEO plugin v25.9 - https:\/\/yoast.com\/wordpress\/plugins\/seo\/ -->\n<title>Waterproof Military Poncho Outdoor | Magyarorsz\u00e1g #1 Poncho Shop<\/title>\n<meta name=\"description\" content=\"Looking for a Waterproof Military Poncho Outdoor ? You&#039;ve come to the right place \ud83d\ude04 We offers a wide selection of Waterproof Military Poncho Outdoor, perfect for you.\" \/>\n<meta name=\"robots\" content=\"index, follow, max-snippet:-1, max-image-preview:large, max-video-preview:-1\" \/>\n<link rel=\"canonical\" href=\"https:\/\/ozponcho.com.au\/hu\/p\/taktikai-esokabat-multifunkcios-menedekhely\/\" \/>\n<meta property=\"og:locale\" content=\"hu_HU\" \/>\n<meta property=\"og:type\" content=\"article\" \/>\n<meta property=\"og:title\" content=\"Waterproof Military Poncho Outdoor | Magyarorsz\u00e1g #1 Poncho Shop\" \/>\n<meta property=\"og:description\" content=\"Looking for a Waterproof Military Poncho Outdoor ? You&#039;ve come to the right place \ud83d\ude04 We offers a wide selection of Waterproof Military Poncho Outdoor, perfect for you.\" \/>\n<meta property=\"og:url\" content=\"https:\/\/ozponcho.com.au\/hu\/p\/taktikai-esokabat-multifunkcios-menedekhely\/\" \/>\n<meta property=\"og:site_name\" content=\"OZ Poncho\" \/>\n<meta property=\"article:modified_time\" content=\"2025-06-05T06:11:31+00:00\" \/>\n<meta property=\"og:image\" content=\"https:\/\/ozponcho.com.au\/wp-content\/uploads\/2023\/12\/S5d2dc18a68ff4f4c837f5a3399603489j-4.webp\" \/>\n\t<meta property=\"og:image:width\" content=\"1000\" \/>\n\t<meta property=\"og:image:height\" content=\"1000\" \/>\n\t<meta property=\"og:image:type\" content=\"image\/webp\" \/>\n<meta name=\"twitter:card\" content=\"summary_large_image\" \/>\n<meta name=\"twitter:label1\" content=\"Becs\u00fclt olvas\u00e1si id\u0151\" \/>\n\t<meta name=\"twitter:data1\" content=\"1 perc\" \/>\n<script type=\"application\/ld+json\" class=\"yoast-schema-graph\">{\"@context\":\"https:\/\/schema.org\",\"@graph\":[{\"@type\":\"WebPage\",\"@id\":\"https:\/\/ozponcho.com.au\/p\/tactical-raincoat-multi-function-shelter\/\",\"url\":\"https:\/\/ozponcho.com.au\/p\/tactical-raincoat-multi-function-shelter\/\",\"name\":\"Waterproof Military Poncho Outdoor | Magyarorsz\u00e1g #1 Poncho Shop\",\"isPartOf\":{\"@id\":\"https:\/\/ozponcho.com.au\/#website\"},\"primaryImageOfPage\":{\"@id\":\"https:\/\/ozponcho.com.au\/p\/tactical-raincoat-multi-function-shelter\/#primaryimage\"},\"image\":{\"@id\":\"https:\/\/ozponcho.com.au\/p\/tactical-raincoat-multi-function-shelter\/#primaryimage\"},\"thumbnailUrl\":\"https:\/\/ozponcho.com.au\/wp-content\/uploads\/2023\/12\/S5d2dc18a68ff4f4c837f5a3399603489j-4.webp\",\"datePublished\":\"2023-12-30T12:28:39+00:00\",\"dateModified\":\"2025-06-05T06:11:31+00:00\",\"description\":\"Looking for a Waterproof Military Poncho Outdoor ? You've come to the right place \ud83d\ude04 We offers a wide selection of Waterproof Military Poncho Outdoor, perfect for you.\",\"breadcrumb\":{\"@id\":\"https:\/\/ozponcho.com.au\/p\/tactical-raincoat-multi-function-shelter\/#breadcrumb\"},\"inLanguage\":\"hu\",\"potentialAction\":[{\"@type\":\"ReadAction\",\"target\":[\"https:\/\/ozponcho.com.au\/p\/tactical-raincoat-multi-function-shelter\/\"]}]},{\"@type\":\"ImageObject\",\"inLanguage\":\"hu\",\"@id\":\"https:\/\/ozponcho.com.au\/p\/tactical-raincoat-multi-function-shelter\/#primaryimage\",\"url\":\"https:\/\/ozponcho.com.au\/wp-content\/uploads\/2023\/12\/S5d2dc18a68ff4f4c837f5a3399603489j-4.webp\",\"contentUrl\":\"https:\/\/ozponcho.com.au\/wp-content\/uploads\/2023\/12\/S5d2dc18a68ff4f4c837f5a3399603489j-4.webp\",\"width\":1000,\"height\":1000,\"caption\":\"Waterproof Military Poncho Outdoor\"},{\"@type\":\"BreadcrumbList\",\"@id\":\"https:\/\/ozponcho.com.au\/p\/tactical-raincoat-multi-function-shelter\/#breadcrumb\",\"itemListElement\":[{\"@type\":\"ListItem\",\"position\":1,\"name\":\"Home\",\"item\":\"https:\/\/ozponcho.com.au\/\"},{\"@type\":\"ListItem\",\"position\":2,\"name\":\"Shop\",\"item\":\"https:\/\/ozponcho.com.au\/shop\/\"},{\"@type\":\"ListItem\",\"position\":3,\"name\":\"Waterproof Military Poncho Outdoor\"}]},{\"@type\":\"WebSite\",\"@id\":\"https:\/\/ozponcho.com.au\/#website\",\"url\":\"https:\/\/ozponcho.com.au\/\",\"name\":\"OZ Poncho\",\"description\":\"\",\"potentialAction\":[{\"@type\":\"SearchAction\",\"target\":{\"@type\":\"EntryPoint\",\"urlTemplate\":\"https:\/\/ozponcho.com.au\/?s={search_term_string}\"},\"query-input\":{\"@type\":\"PropertyValueSpecification\",\"valueRequired\":true,\"valueName\":\"search_term_string\"}}],\"inLanguage\":\"hu\"}]}<\/script>\n<!-- \/ Yoast SEO plugin. -->","yoast_head_json":{"title":"V\u00edz\u00e1ll\u00f3 katonai poncs\u00f3 Outdoor | Magyarorsz\u00e1g #1 Poncs\u00f3 Shop","description":"Keres egy v\u00edz\u00e1ll\u00f3 katonai poncs\u00f3 k\u00fclt\u00e9ri ? A legjobb helyre j\u00f6tt\u00e9l \ud83d\ude04 V\u00edz\u00e1ll\u00f3 katonai poncs\u00f3 k\u00fclt\u00e9ri sz\u00e9les v\u00e1laszt\u00e9k\u00e1t k\u00edn\u00e1ljuk, t\u00f6k\u00e9letes az \u00d6n sz\u00e1m\u00e1ra.","robots":{"index":"index","follow":"follow","max-snippet":"max-snippet:-1","max-image-preview":"max-image-preview:large","max-video-preview":"max-video-preview:-1"},"canonical":"https:\/\/ozponcho.com.au\/hu\/p\/taktikai-esokabat-multifunkcios-menedekhely\/","og_locale":"hu_HU","og_type":"article","og_title":"Waterproof Military Poncho Outdoor | Magyarorsz\u00e1g #1 Poncho Shop","og_description":"Looking for a Waterproof Military Poncho Outdoor ? You've come to the right place \ud83d\ude04 We offers a wide selection of Waterproof Military Poncho Outdoor, perfect for you.","og_url":"https:\/\/ozponcho.com.au\/hu\/p\/taktikai-esokabat-multifunkcios-menedekhely\/","og_site_name":"OZ Poncho","article_modified_time":"2025-06-05T06:11:31+00:00","og_image":[{"width":1000,"height":1000,"url":"https:\/\/ozponcho.com.au\/wp-content\/uploads\/2023\/12\/S5d2dc18a68ff4f4c837f5a3399603489j-4.webp","type":"image\/webp"}],"twitter_card":"summary_large_image","twitter_misc":{"Becs\u00fclt olvas\u00e1si id\u0151":"1 perc"},"schema":{"@context":"https:\/\/schema.org","@graph":[{"@type":"WebPage","@id":"https:\/\/ozponcho.com.au\/p\/tactical-raincoat-multi-function-shelter\/","url":"https:\/\/ozponcho.com.au\/p\/tactical-raincoat-multi-function-shelter\/","name":"V\u00edz\u00e1ll\u00f3 katonai poncs\u00f3 Outdoor | Magyarorsz\u00e1g #1 Poncs\u00f3 Shop","isPartOf":{"@id":"https:\/\/ozponcho.com.au\/#website"},"primaryImageOfPage":{"@id":"https:\/\/ozponcho.com.au\/p\/tactical-raincoat-multi-function-shelter\/#primaryimage"},"image":{"@id":"https:\/\/ozponcho.com.au\/p\/tactical-raincoat-multi-function-shelter\/#primaryimage"},"thumbnailUrl":"https:\/\/ozponcho.com.au\/wp-content\/uploads\/2023\/12\/S5d2dc18a68ff4f4c837f5a3399603489j-4.webp","datePublished":"2023-12-30T12:28:39+00:00","dateModified":"2025-06-05T06:11:31+00:00","description":"Keres egy v\u00edz\u00e1ll\u00f3 katonai poncs\u00f3 k\u00fclt\u00e9ri ? A legjobb helyre j\u00f6tt\u00e9l \ud83d\ude04 V\u00edz\u00e1ll\u00f3 katonai poncs\u00f3 k\u00fclt\u00e9ri sz\u00e9les v\u00e1laszt\u00e9k\u00e1t k\u00edn\u00e1ljuk, t\u00f6k\u00e9letes az \u00d6n sz\u00e1m\u00e1ra.","breadcrumb":{"@id":"https:\/\/ozponcho.com.au\/p\/tactical-raincoat-multi-function-shelter\/#breadcrumb"},"inLanguage":"hu","potentialAction":[{"@type":"ReadAction","target":["https:\/\/ozponcho.com.au\/p\/tactical-raincoat-multi-function-shelter\/"]}]},{"@type":"ImageObject","inLanguage":"hu","@id":"https:\/\/ozponcho.com.au\/p\/tactical-raincoat-multi-function-shelter\/#primaryimage","url":"https:\/\/ozponcho.com.au\/wp-content\/uploads\/2023\/12\/S5d2dc18a68ff4f4c837f5a3399603489j-4.webp","contentUrl":"https:\/\/ozponcho.com.au\/wp-content\/uploads\/2023\/12\/S5d2dc18a68ff4f4c837f5a3399603489j-4.webp","width":1000,"height":1000,"caption":"Waterproof Military Poncho Outdoor"},{"@type":"BreadcrumbList","@id":"https:\/\/ozponcho.com.au\/p\/tactical-raincoat-multi-function-shelter\/#breadcrumb","itemListElement":[{"@type":"ListItem","position":1,"name":"Home","item":"https:\/\/ozponcho.com.au\/"},{"@type":"ListItem","position":2,"name":"Shop","item":"https:\/\/ozponcho.com.au\/shop\/"},{"@type":"ListItem","position":3,"name":"Waterproof Military Poncho Outdoor"}]},{"@type":"WebSite","@id":"https:\/\/ozponcho.com.au\/#website","url":"https:\/\/ozponcho.com.au\/","name":"OZ Poncho","description":"","potentialAction":[{"@type":"SearchAction","target":{"@type":"EntryPoint","urlTemplate":"https:\/\/ozponcho.com.au\/?s={search_term_string}"},"query-input":{"@type":"PropertyValueSpecification","valueRequired":true,"valueName":"search_term_string"}}],"inLanguage":"hu"}]}},"_links":{"self":[{"href":"https:\/\/ozponcho.com.au\/hu\/wp-json\/wp\/v2\/product\/17163","targetHints":{"allow":["GET"]}}],"collection":[{"href":"https:\/\/ozponcho.com.au\/hu\/wp-json\/wp\/v2\/product"}],"about":[{"href":"https:\/\/ozponcho.com.au\/hu\/wp-json\/wp\/v2\/types\/product"}],"wp:featuredmedia":[{"embeddable":true,"href":"https:\/\/ozponcho.com.au\/hu\/wp-json\/wp\/v2\/media\/17162"}],"wp:attachment":[{"href":"https:\/\/ozponcho.com.au\/hu\/wp-json\/wp\/v2\/media?parent=17163"}],"wp:term":[{"taxonomy":"product_brand","embeddable":true,"href":"https:\/\/ozponcho.com.au\/hu\/wp-json\/wp\/v2\/product_brand?post=17163"},{"taxonomy":"product_cat","embeddable":true,"href":"https:\/\/ozponcho.com.au\/hu\/wp-json\/wp\/v2\/product_cat?post=17163"},{"taxonomy":"product_tag","embeddable":true,"href":"https:\/\/ozponcho.com.au\/hu\/wp-json\/wp\/v2\/product_tag?post=17163"}],"curies":[{"name":"wp","href":"https:\/\/api.w.org\/{rel}","templated":true}]}}