{"id":17046,"date":"2023-12-30T23:26:49","date_gmt":"2023-12-30T12:26:49","guid":{"rendered":"https:\/\/ozponcho.com.au\/?post_type=product&#038;p=17046"},"modified":"2024-03-08T16:25:52","modified_gmt":"2024-03-08T05:25:52","slug":"colorful-surf-bathrobe-towel","status":"publish","type":"product","link":"https:\/\/ozponcho.com.au\/hu\/p\/szines-szorfos-furdokopeny-torolkozo\/","title":{"rendered":"\u00c9l\u00e9nk kapucnis strandponcs\u00f3"},"content":{"rendered":"<p>Mer\u00fclj\u00f6n el a k\u00e9nyelemben \u00e9s a st\u00edlusban a Vibrant kapucnis strandponch\u00f3val, amely t\u00f6k\u00e9letes az \u00fasz\u00e1s ut\u00e1ni rutinhoz vagy a v\u00edzparti laz\u00edt\u00e1shoz. Mikrosz\u00e1las anyaga gyorsan sz\u00e1rad\u00f3 k\u00e9nyelmet biztos\u00edt, \u00edgy k\u00e9nyelmesen \u00e9s sz\u00e1razon tart. Az \u00e9l\u00e9nk 3D nyomtatott mint\u00e1kkal ell\u00e1tott ponch\u00f3k szem\u00e9lyes hangulattal k\u00fcl\u00f6nb\u00f6ztetik meg \u00d6nt, mivel testreszabhat\u00f3ak. A feln\u0151ttek \u00e9s gyerekek sz\u00e1m\u00e1ra egyar\u00e1nt ide\u00e1lis ponch\u00f3k nem csak praktikusak, hanem sz\u00ednpomp\u00e1sak \u00e9s sz\u00f3rakoztat\u00f3ak is a strandruha-gy\u0171jtem\u00e9nyedben. Fogadd el a k\u00f6nny\u0171, diszkr\u00e9t \u00f6lt\u00f6zk\u00f6d\u00e9s lehet\u0151s\u00e9g\u00e9t, \u00e9s t\u00e9gy magad\u00e9v\u00e1 a strandon, a medenc\u00e9ben vagy a sz\u00f6rf\u00f6z\u00e9s alkalm\u00e1val!<\/p>\n<h2>SPECIFIK\u00c1CI\u00d3K<\/h2>\n<p>Anyag: anyag: mikrosz\u00e1las sz\u00f6vet<\/p>\n<p>Jellemz\u0151: Gyorsan sz\u00e1rad\u00f3<\/p>","protected":false},"excerpt":{"rendered":"<p>Dive into comfort and style with our Vibrant Hooded Beach Poncho, perfect for your post-swim routine or lounging by the water. Its microfiber fabric offers quick-drying convenience, keeping you cozy and dry. Featuring vivid 3D printed designs, these ponchos set you apart with a personal touch, as customization is available. Ideal for adults and kids [&#8230;]","protected":false},"featured_media":17045,"template":"","meta":[],"product_brand":[],"product_cat":[15,212,208],"product_tag":[],"class_list":{"0":"post-17046","1":"product","2":"type-product","3":"status-publish","4":"has-post-thumbnail","6":"product_cat-main-category","7":"product_cat-poncho-kid","8":"product_cat-surf-poncho","10":"first","11":"instock","12":"shipping-taxable","13":"purchasable","14":"product-type-variable"},"yoast_head":"<!-- This site is optimized with the Yoast SEO plugin v25.9 - https:\/\/yoast.com\/wordpress\/plugins\/seo\/ -->\n<title>Vibrant Hooded Beach Poncho | Magyarorsz\u00e1g #1 Poncho Shop<\/title>\n<meta name=\"description\" content=\"Looking for a Vibrant Hooded Beach Poncho ? You&#039;ve come to the right place \ud83d\ude04 We offers a wide selection of Vibrant Hooded Beach Poncho, perfect for you.\" \/>\n<meta name=\"robots\" content=\"index, follow, max-snippet:-1, max-image-preview:large, max-video-preview:-1\" \/>\n<link rel=\"canonical\" href=\"https:\/\/ozponcho.com.au\/hu\/p\/szines-szorfos-furdokopeny-torolkozo\/\" \/>\n<meta property=\"og:locale\" content=\"hu_HU\" \/>\n<meta property=\"og:type\" content=\"article\" \/>\n<meta property=\"og:title\" content=\"Vibrant Hooded Beach Poncho | Magyarorsz\u00e1g #1 Poncho Shop\" \/>\n<meta property=\"og:description\" content=\"Looking for a Vibrant Hooded Beach Poncho ? You&#039;ve come to the right place \ud83d\ude04 We offers a wide selection of Vibrant Hooded Beach Poncho, perfect for you.\" \/>\n<meta property=\"og:url\" content=\"https:\/\/ozponcho.com.au\/hu\/p\/szines-szorfos-furdokopeny-torolkozo\/\" \/>\n<meta property=\"og:site_name\" content=\"OZ Poncho\" \/>\n<meta property=\"article:modified_time\" content=\"2024-03-08T05:25:52+00:00\" \/>\n<meta property=\"og:image\" content=\"https:\/\/ozponcho.com.au\/wp-content\/uploads\/2023\/12\/H12952a57ee2143b7a6e73f6e26b3c1e7a-4.webp\" \/>\n\t<meta property=\"og:image:width\" content=\"398\" \/>\n\t<meta property=\"og:image:height\" content=\"367\" \/>\n\t<meta property=\"og:image:type\" content=\"image\/webp\" \/>\n<meta name=\"twitter:card\" content=\"summary_large_image\" \/>\n<meta name=\"twitter:label1\" content=\"Becs\u00fclt olvas\u00e1si id\u0151\" \/>\n\t<meta name=\"twitter:data1\" content=\"1 perc\" \/>\n<script type=\"application\/ld+json\" class=\"yoast-schema-graph\">{\"@context\":\"https:\/\/schema.org\",\"@graph\":[{\"@type\":\"WebPage\",\"@id\":\"https:\/\/ozponcho.com.au\/p\/colorful-surf-bathrobe-towel\/\",\"url\":\"https:\/\/ozponcho.com.au\/p\/colorful-surf-bathrobe-towel\/\",\"name\":\"Vibrant Hooded Beach Poncho | Magyarorsz\u00e1g #1 Poncho Shop\",\"isPartOf\":{\"@id\":\"https:\/\/ozponcho.com.au\/#website\"},\"primaryImageOfPage\":{\"@id\":\"https:\/\/ozponcho.com.au\/p\/colorful-surf-bathrobe-towel\/#primaryimage\"},\"image\":{\"@id\":\"https:\/\/ozponcho.com.au\/p\/colorful-surf-bathrobe-towel\/#primaryimage\"},\"thumbnailUrl\":\"https:\/\/ozponcho.com.au\/wp-content\/uploads\/2023\/12\/H12952a57ee2143b7a6e73f6e26b3c1e7a-4.webp\",\"datePublished\":\"2023-12-30T12:26:49+00:00\",\"dateModified\":\"2024-03-08T05:25:52+00:00\",\"description\":\"Looking for a Vibrant Hooded Beach Poncho ? You've come to the right place \ud83d\ude04 We offers a wide selection of Vibrant Hooded Beach Poncho, perfect for you.\",\"breadcrumb\":{\"@id\":\"https:\/\/ozponcho.com.au\/p\/colorful-surf-bathrobe-towel\/#breadcrumb\"},\"inLanguage\":\"hu\",\"potentialAction\":[{\"@type\":\"ReadAction\",\"target\":[\"https:\/\/ozponcho.com.au\/p\/colorful-surf-bathrobe-towel\/\"]}]},{\"@type\":\"ImageObject\",\"inLanguage\":\"hu\",\"@id\":\"https:\/\/ozponcho.com.au\/p\/colorful-surf-bathrobe-towel\/#primaryimage\",\"url\":\"https:\/\/ozponcho.com.au\/wp-content\/uploads\/2023\/12\/H12952a57ee2143b7a6e73f6e26b3c1e7a-4.webp\",\"contentUrl\":\"https:\/\/ozponcho.com.au\/wp-content\/uploads\/2023\/12\/H12952a57ee2143b7a6e73f6e26b3c1e7a-4.webp\",\"width\":398,\"height\":367,\"caption\":\"Vibrant Hooded Beach Poncho\"},{\"@type\":\"BreadcrumbList\",\"@id\":\"https:\/\/ozponcho.com.au\/p\/colorful-surf-bathrobe-towel\/#breadcrumb\",\"itemListElement\":[{\"@type\":\"ListItem\",\"position\":1,\"name\":\"Home\",\"item\":\"https:\/\/ozponcho.com.au\/\"},{\"@type\":\"ListItem\",\"position\":2,\"name\":\"Shop\",\"item\":\"https:\/\/ozponcho.com.au\/shop\/\"},{\"@type\":\"ListItem\",\"position\":3,\"name\":\"Vibrant Hooded Beach Poncho\"}]},{\"@type\":\"WebSite\",\"@id\":\"https:\/\/ozponcho.com.au\/#website\",\"url\":\"https:\/\/ozponcho.com.au\/\",\"name\":\"OZ Poncho\",\"description\":\"\",\"potentialAction\":[{\"@type\":\"SearchAction\",\"target\":{\"@type\":\"EntryPoint\",\"urlTemplate\":\"https:\/\/ozponcho.com.au\/?s={search_term_string}\"},\"query-input\":{\"@type\":\"PropertyValueSpecification\",\"valueRequired\":true,\"valueName\":\"search_term_string\"}}],\"inLanguage\":\"hu\"}]}<\/script>\n<!-- \/ Yoast SEO plugin. -->","yoast_head_json":{"title":"Vibrant kapucnis strandponcs\u00f3 | Magyarorsz\u00e1g #1 Poncs\u00f3 Shop","description":"\u00c9l\u00e9nk sz\u00edn\u0171 kapucnis strandponch\u00f3t keres ? A legjobb helyen j\u00e1rsz \ud83d\ude04 Vibrant Hooded Beach Poncho sz\u00e9les v\u00e1laszt\u00e9k\u00e1t k\u00edn\u00e1ljuk, t\u00f6k\u00e9letes az \u00d6n sz\u00e1m\u00e1ra.","robots":{"index":"index","follow":"follow","max-snippet":"max-snippet:-1","max-image-preview":"max-image-preview:large","max-video-preview":"max-video-preview:-1"},"canonical":"https:\/\/ozponcho.com.au\/hu\/p\/szines-szorfos-furdokopeny-torolkozo\/","og_locale":"hu_HU","og_type":"article","og_title":"Vibrant Hooded Beach Poncho | Magyarorsz\u00e1g #1 Poncho Shop","og_description":"Looking for a Vibrant Hooded Beach Poncho ? You've come to the right place \ud83d\ude04 We offers a wide selection of Vibrant Hooded Beach Poncho, perfect for you.","og_url":"https:\/\/ozponcho.com.au\/hu\/p\/szines-szorfos-furdokopeny-torolkozo\/","og_site_name":"OZ Poncho","article_modified_time":"2024-03-08T05:25:52+00:00","og_image":[{"width":398,"height":367,"url":"https:\/\/ozponcho.com.au\/wp-content\/uploads\/2023\/12\/H12952a57ee2143b7a6e73f6e26b3c1e7a-4.webp","type":"image\/webp"}],"twitter_card":"summary_large_image","twitter_misc":{"Becs\u00fclt olvas\u00e1si id\u0151":"1 perc"},"schema":{"@context":"https:\/\/schema.org","@graph":[{"@type":"WebPage","@id":"https:\/\/ozponcho.com.au\/p\/colorful-surf-bathrobe-towel\/","url":"https:\/\/ozponcho.com.au\/p\/colorful-surf-bathrobe-towel\/","name":"Vibrant kapucnis strandponcs\u00f3 | Magyarorsz\u00e1g #1 Poncs\u00f3 Shop","isPartOf":{"@id":"https:\/\/ozponcho.com.au\/#website"},"primaryImageOfPage":{"@id":"https:\/\/ozponcho.com.au\/p\/colorful-surf-bathrobe-towel\/#primaryimage"},"image":{"@id":"https:\/\/ozponcho.com.au\/p\/colorful-surf-bathrobe-towel\/#primaryimage"},"thumbnailUrl":"https:\/\/ozponcho.com.au\/wp-content\/uploads\/2023\/12\/H12952a57ee2143b7a6e73f6e26b3c1e7a-4.webp","datePublished":"2023-12-30T12:26:49+00:00","dateModified":"2024-03-08T05:25:52+00:00","description":"\u00c9l\u00e9nk sz\u00edn\u0171 kapucnis strandponch\u00f3t keres ? A legjobb helyen j\u00e1rsz \ud83d\ude04 Vibrant Hooded Beach Poncho sz\u00e9les v\u00e1laszt\u00e9k\u00e1t k\u00edn\u00e1ljuk, t\u00f6k\u00e9letes az \u00d6n sz\u00e1m\u00e1ra.","breadcrumb":{"@id":"https:\/\/ozponcho.com.au\/p\/colorful-surf-bathrobe-towel\/#breadcrumb"},"inLanguage":"hu","potentialAction":[{"@type":"ReadAction","target":["https:\/\/ozponcho.com.au\/p\/colorful-surf-bathrobe-towel\/"]}]},{"@type":"ImageObject","inLanguage":"hu","@id":"https:\/\/ozponcho.com.au\/p\/colorful-surf-bathrobe-towel\/#primaryimage","url":"https:\/\/ozponcho.com.au\/wp-content\/uploads\/2023\/12\/H12952a57ee2143b7a6e73f6e26b3c1e7a-4.webp","contentUrl":"https:\/\/ozponcho.com.au\/wp-content\/uploads\/2023\/12\/H12952a57ee2143b7a6e73f6e26b3c1e7a-4.webp","width":398,"height":367,"caption":"Vibrant Hooded Beach Poncho"},{"@type":"BreadcrumbList","@id":"https:\/\/ozponcho.com.au\/p\/colorful-surf-bathrobe-towel\/#breadcrumb","itemListElement":[{"@type":"ListItem","position":1,"name":"Home","item":"https:\/\/ozponcho.com.au\/"},{"@type":"ListItem","position":2,"name":"Shop","item":"https:\/\/ozponcho.com.au\/shop\/"},{"@type":"ListItem","position":3,"name":"Vibrant Hooded Beach Poncho"}]},{"@type":"WebSite","@id":"https:\/\/ozponcho.com.au\/#website","url":"https:\/\/ozponcho.com.au\/","name":"OZ Poncho","description":"","potentialAction":[{"@type":"SearchAction","target":{"@type":"EntryPoint","urlTemplate":"https:\/\/ozponcho.com.au\/?s={search_term_string}"},"query-input":{"@type":"PropertyValueSpecification","valueRequired":true,"valueName":"search_term_string"}}],"inLanguage":"hu"}]}},"_links":{"self":[{"href":"https:\/\/ozponcho.com.au\/hu\/wp-json\/wp\/v2\/product\/17046","targetHints":{"allow":["GET"]}}],"collection":[{"href":"https:\/\/ozponcho.com.au\/hu\/wp-json\/wp\/v2\/product"}],"about":[{"href":"https:\/\/ozponcho.com.au\/hu\/wp-json\/wp\/v2\/types\/product"}],"wp:featuredmedia":[{"embeddable":true,"href":"https:\/\/ozponcho.com.au\/hu\/wp-json\/wp\/v2\/media\/17045"}],"wp:attachment":[{"href":"https:\/\/ozponcho.com.au\/hu\/wp-json\/wp\/v2\/media?parent=17046"}],"wp:term":[{"taxonomy":"product_brand","embeddable":true,"href":"https:\/\/ozponcho.com.au\/hu\/wp-json\/wp\/v2\/product_brand?post=17046"},{"taxonomy":"product_cat","embeddable":true,"href":"https:\/\/ozponcho.com.au\/hu\/wp-json\/wp\/v2\/product_cat?post=17046"},{"taxonomy":"product_tag","embeddable":true,"href":"https:\/\/ozponcho.com.au\/hu\/wp-json\/wp\/v2\/product_tag?post=17046"}],"curies":[{"name":"wp","href":"https:\/\/api.w.org\/{rel}","templated":true}]}}