{"id":16967,"date":"2023-12-30T23:25:25","date_gmt":"2023-12-30T12:25:25","guid":{"rendered":"https:\/\/ozponcho.com.au\/?post_type=product&#038;p=16967"},"modified":"2025-02-22T15:26:08","modified_gmt":"2025-02-22T04:26:08","slug":"tactical-rain-military-poncho","status":"publish","type":"product","link":"https:\/\/ozponcho.com.au\/hu\/p\/tactical-rain-military-poncho\/","title":{"rendered":"V\u00edz\u00e1ll\u00f3 katonai poncs\u00f3"},"content":{"rendered":"<p>Brace the elements with unrivaled versatility\u00e2\u20ac\u201dour Waterproof Military Poncho is a true outdoor companion. This 3-in-1 design serves as a protective raincoat, a sheltering tent, and a picnic mat. Crafted from robust 210T lattice fabric, it ensures you and your gear stay dry under the harshest downpours. The ripstop technology offers durability while maintaining light weight. Ideal for camping, fishing, or any tactical needs, it&#8217;s not just wear\u00e2\u20ac\u201dit&#8217;s wearable innovation. Don&#8217;t let rain stop your adventure; stay ready with this essential piece of outdoor gear.<\/p>\n<h2>SPECIFIK\u00c1CI\u00d3K<\/h2>\n<p>Term\u00e9k: RainWear<\/p>\n<p>Anyag: Poli\u00e9szter<\/p>\n<p>Korcsoport: Feln\u0151ttek<\/p>\n<p>Szabadt\u00e9ri tev\u00e9kenys\u00e9g: T\u00e1boroz\u00e1s \/ t\u00far\u00e1z\u00e1s<\/p>\n<p>M\u00e9ret: 220x140cm<\/p>","protected":false},"excerpt":{"rendered":"<p>Brace the elements with unrivaled versatility\u00e2\u20ac\u201dour Waterproof Military Poncho is a true outdoor companion. This 3-in-1 design serves as a protective raincoat, a sheltering tent, and a picnic mat. Crafted from robust 210T lattice fabric, it ensures you and your gear stay dry under the harshest downpours. The ripstop technology offers durability while maintaining light [&#8230;]","protected":false},"featured_media":16963,"template":"","meta":[],"product_brand":[],"product_cat":[206,220,15,217,205,413],"product_tag":[],"class_list":{"0":"post-16967","1":"product","2":"type-product","3":"status-publish","4":"has-post-thumbnail","6":"product_cat-emergency-poncho","7":"product_cat-green-poncho","8":"product_cat-main-category","9":"product_cat-plastic-poncho","10":"product_cat-rain-poncho","11":"product_cat-hiking-poncho","13":"first","14":"instock","15":"shipping-taxable","16":"purchasable","17":"product-type-variable","18":"has-default-attributes"},"yoast_head":"<!-- This site is optimized with the Yoast SEO plugin v25.9 - https:\/\/yoast.com\/wordpress\/plugins\/seo\/ -->\n<title>Waterproof Military Poncho | Magyarorsz\u00e1g #1 Poncho Shop<\/title>\n<meta name=\"description\" content=\"Looking for a Waterproof Military Poncho ? You&#039;ve come to the right place \ud83d\ude04 We offers a wide selection of Waterproof Military Poncho, perfect for you.\" \/>\n<meta name=\"robots\" content=\"index, follow, max-snippet:-1, max-image-preview:large, max-video-preview:-1\" \/>\n<link rel=\"canonical\" href=\"https:\/\/ozponcho.com.au\/hu\/p\/tactical-rain-military-poncho\/\" \/>\n<meta property=\"og:locale\" content=\"hu_HU\" \/>\n<meta property=\"og:type\" content=\"article\" \/>\n<meta property=\"og:title\" content=\"Waterproof Military Poncho | Magyarorsz\u00e1g #1 Poncho Shop\" \/>\n<meta property=\"og:description\" content=\"Looking for a Waterproof Military Poncho ? You&#039;ve come to the right place \ud83d\ude04 We offers a wide selection of Waterproof Military Poncho, perfect for you.\" \/>\n<meta property=\"og:url\" content=\"https:\/\/ozponcho.com.au\/hu\/p\/tactical-rain-military-poncho\/\" \/>\n<meta property=\"og:site_name\" content=\"OZ Poncho\" \/>\n<meta property=\"article:modified_time\" content=\"2025-02-22T04:26:08+00:00\" \/>\n<meta property=\"og:image\" content=\"https:\/\/ozponcho.com.au\/wp-content\/uploads\/2023\/12\/Sda1c7d18d20e409da37932f718c6508co-4.webp\" \/>\n\t<meta property=\"og:image:width\" content=\"1200\" \/>\n\t<meta property=\"og:image:height\" content=\"1200\" \/>\n\t<meta property=\"og:image:type\" content=\"image\/webp\" \/>\n<meta name=\"twitter:card\" content=\"summary_large_image\" \/>\n<meta name=\"twitter:label1\" content=\"Becs\u00fclt olvas\u00e1si id\u0151\" \/>\n\t<meta name=\"twitter:data1\" content=\"1 perc\" \/>\n<script type=\"application\/ld+json\" class=\"yoast-schema-graph\">{\"@context\":\"https:\/\/schema.org\",\"@graph\":[{\"@type\":\"WebPage\",\"@id\":\"https:\/\/ozponcho.com.au\/p\/tactical-rain-military-poncho\/\",\"url\":\"https:\/\/ozponcho.com.au\/p\/tactical-rain-military-poncho\/\",\"name\":\"Waterproof Military Poncho | Magyarorsz\u00e1g #1 Poncho Shop\",\"isPartOf\":{\"@id\":\"https:\/\/ozponcho.com.au\/#website\"},\"primaryImageOfPage\":{\"@id\":\"https:\/\/ozponcho.com.au\/p\/tactical-rain-military-poncho\/#primaryimage\"},\"image\":{\"@id\":\"https:\/\/ozponcho.com.au\/p\/tactical-rain-military-poncho\/#primaryimage\"},\"thumbnailUrl\":\"https:\/\/ozponcho.com.au\/wp-content\/uploads\/2023\/12\/Sda1c7d18d20e409da37932f718c6508co-4.webp\",\"datePublished\":\"2023-12-30T12:25:25+00:00\",\"dateModified\":\"2025-02-22T04:26:08+00:00\",\"description\":\"Looking for a Waterproof Military Poncho ? You've come to the right place \ud83d\ude04 We offers a wide selection of Waterproof Military Poncho, perfect for you.\",\"breadcrumb\":{\"@id\":\"https:\/\/ozponcho.com.au\/p\/tactical-rain-military-poncho\/#breadcrumb\"},\"inLanguage\":\"hu\",\"potentialAction\":[{\"@type\":\"ReadAction\",\"target\":[\"https:\/\/ozponcho.com.au\/p\/tactical-rain-military-poncho\/\"]}]},{\"@type\":\"ImageObject\",\"inLanguage\":\"hu\",\"@id\":\"https:\/\/ozponcho.com.au\/p\/tactical-rain-military-poncho\/#primaryimage\",\"url\":\"https:\/\/ozponcho.com.au\/wp-content\/uploads\/2023\/12\/Sda1c7d18d20e409da37932f718c6508co-4.webp\",\"contentUrl\":\"https:\/\/ozponcho.com.au\/wp-content\/uploads\/2023\/12\/Sda1c7d18d20e409da37932f718c6508co-4.webp\",\"width\":1200,\"height\":1200,\"caption\":\"Waterproof Military Poncho\"},{\"@type\":\"BreadcrumbList\",\"@id\":\"https:\/\/ozponcho.com.au\/p\/tactical-rain-military-poncho\/#breadcrumb\",\"itemListElement\":[{\"@type\":\"ListItem\",\"position\":1,\"name\":\"Home\",\"item\":\"https:\/\/ozponcho.com.au\/\"},{\"@type\":\"ListItem\",\"position\":2,\"name\":\"Shop\",\"item\":\"https:\/\/ozponcho.com.au\/shop\/\"},{\"@type\":\"ListItem\",\"position\":3,\"name\":\"Waterproof Military Poncho\"}]},{\"@type\":\"WebSite\",\"@id\":\"https:\/\/ozponcho.com.au\/#website\",\"url\":\"https:\/\/ozponcho.com.au\/\",\"name\":\"OZ Poncho\",\"description\":\"\",\"potentialAction\":[{\"@type\":\"SearchAction\",\"target\":{\"@type\":\"EntryPoint\",\"urlTemplate\":\"https:\/\/ozponcho.com.au\/?s={search_term_string}\"},\"query-input\":{\"@type\":\"PropertyValueSpecification\",\"valueRequired\":true,\"valueName\":\"search_term_string\"}}],\"inLanguage\":\"hu\"}]}<\/script>\n<!-- \/ Yoast SEO plugin. -->","yoast_head_json":{"title":"Waterproof Military Poncho | Magyarorsz\u00e1g #1 Poncho Shop","description":"Looking for a Waterproof Military Poncho ? You've come to the right place \ud83d\ude04 We offers a wide selection of Waterproof Military Poncho, perfect for you.","robots":{"index":"index","follow":"follow","max-snippet":"max-snippet:-1","max-image-preview":"max-image-preview:large","max-video-preview":"max-video-preview:-1"},"canonical":"https:\/\/ozponcho.com.au\/hu\/p\/tactical-rain-military-poncho\/","og_locale":"hu_HU","og_type":"article","og_title":"Waterproof Military Poncho | Magyarorsz\u00e1g #1 Poncho Shop","og_description":"Looking for a Waterproof Military Poncho ? You've come to the right place \ud83d\ude04 We offers a wide selection of Waterproof Military Poncho, perfect for you.","og_url":"https:\/\/ozponcho.com.au\/hu\/p\/tactical-rain-military-poncho\/","og_site_name":"OZ Poncho","article_modified_time":"2025-02-22T04:26:08+00:00","og_image":[{"width":1200,"height":1200,"url":"https:\/\/ozponcho.com.au\/wp-content\/uploads\/2023\/12\/Sda1c7d18d20e409da37932f718c6508co-4.webp","type":"image\/webp"}],"twitter_card":"summary_large_image","twitter_misc":{"Becs\u00fclt olvas\u00e1si id\u0151":"1 perc"},"schema":{"@context":"https:\/\/schema.org","@graph":[{"@type":"WebPage","@id":"https:\/\/ozponcho.com.au\/p\/tactical-rain-military-poncho\/","url":"https:\/\/ozponcho.com.au\/p\/tactical-rain-military-poncho\/","name":"Waterproof Military Poncho | Magyarorsz\u00e1g #1 Poncho Shop","isPartOf":{"@id":"https:\/\/ozponcho.com.au\/#website"},"primaryImageOfPage":{"@id":"https:\/\/ozponcho.com.au\/p\/tactical-rain-military-poncho\/#primaryimage"},"image":{"@id":"https:\/\/ozponcho.com.au\/p\/tactical-rain-military-poncho\/#primaryimage"},"thumbnailUrl":"https:\/\/ozponcho.com.au\/wp-content\/uploads\/2023\/12\/Sda1c7d18d20e409da37932f718c6508co-4.webp","datePublished":"2023-12-30T12:25:25+00:00","dateModified":"2025-02-22T04:26:08+00:00","description":"Looking for a Waterproof Military Poncho ? You've come to the right place \ud83d\ude04 We offers a wide selection of Waterproof Military Poncho, perfect for you.","breadcrumb":{"@id":"https:\/\/ozponcho.com.au\/p\/tactical-rain-military-poncho\/#breadcrumb"},"inLanguage":"hu","potentialAction":[{"@type":"ReadAction","target":["https:\/\/ozponcho.com.au\/p\/tactical-rain-military-poncho\/"]}]},{"@type":"ImageObject","inLanguage":"hu","@id":"https:\/\/ozponcho.com.au\/p\/tactical-rain-military-poncho\/#primaryimage","url":"https:\/\/ozponcho.com.au\/wp-content\/uploads\/2023\/12\/Sda1c7d18d20e409da37932f718c6508co-4.webp","contentUrl":"https:\/\/ozponcho.com.au\/wp-content\/uploads\/2023\/12\/Sda1c7d18d20e409da37932f718c6508co-4.webp","width":1200,"height":1200,"caption":"Waterproof Military Poncho"},{"@type":"BreadcrumbList","@id":"https:\/\/ozponcho.com.au\/p\/tactical-rain-military-poncho\/#breadcrumb","itemListElement":[{"@type":"ListItem","position":1,"name":"Home","item":"https:\/\/ozponcho.com.au\/"},{"@type":"ListItem","position":2,"name":"Shop","item":"https:\/\/ozponcho.com.au\/shop\/"},{"@type":"ListItem","position":3,"name":"Waterproof Military Poncho"}]},{"@type":"WebSite","@id":"https:\/\/ozponcho.com.au\/#website","url":"https:\/\/ozponcho.com.au\/","name":"OZ Poncho","description":"","potentialAction":[{"@type":"SearchAction","target":{"@type":"EntryPoint","urlTemplate":"https:\/\/ozponcho.com.au\/?s={search_term_string}"},"query-input":{"@type":"PropertyValueSpecification","valueRequired":true,"valueName":"search_term_string"}}],"inLanguage":"hu"}]}},"_links":{"self":[{"href":"https:\/\/ozponcho.com.au\/hu\/wp-json\/wp\/v2\/product\/16967","targetHints":{"allow":["GET"]}}],"collection":[{"href":"https:\/\/ozponcho.com.au\/hu\/wp-json\/wp\/v2\/product"}],"about":[{"href":"https:\/\/ozponcho.com.au\/hu\/wp-json\/wp\/v2\/types\/product"}],"wp:featuredmedia":[{"embeddable":true,"href":"https:\/\/ozponcho.com.au\/hu\/wp-json\/wp\/v2\/media\/16963"}],"wp:attachment":[{"href":"https:\/\/ozponcho.com.au\/hu\/wp-json\/wp\/v2\/media?parent=16967"}],"wp:term":[{"taxonomy":"product_brand","embeddable":true,"href":"https:\/\/ozponcho.com.au\/hu\/wp-json\/wp\/v2\/product_brand?post=16967"},{"taxonomy":"product_cat","embeddable":true,"href":"https:\/\/ozponcho.com.au\/hu\/wp-json\/wp\/v2\/product_cat?post=16967"},{"taxonomy":"product_tag","embeddable":true,"href":"https:\/\/ozponcho.com.au\/hu\/wp-json\/wp\/v2\/product_tag?post=16967"}],"curies":[{"name":"wp","href":"https:\/\/api.w.org\/{rel}","templated":true}]}}