{"id":16873,"date":"2023-12-30T23:23:34","date_gmt":"2023-12-30T12:23:34","guid":{"rendered":"https:\/\/ozponcho.com.au\/?post_type=product&#038;p=16873"},"modified":"2024-03-08T16:25:56","modified_gmt":"2024-03-08T05:25:56","slug":"hooded-swim-poncho-towel","status":"publish","type":"product","link":"https:\/\/ozponcho.com.au\/hu\/p\/kapucnis-uszo-poncso-torolkozo\/","title":{"rendered":"\u00c9l\u00e9nk kapucnis strandponcs\u00f3"},"content":{"rendered":"<p>Engedje szabadj\u00e1ra \u00e9l\u00e9nk oldal\u00e1t ezzel az ultra-puha, mikrosz\u00e1las strandponch\u00f3val. T\u00f6k\u00e9letes az \u00fasz\u00e1s ut\u00e1ni gyors sz\u00e1rad\u00e1shoz, kiv\u00e1l\u00f3 nedvsz\u00edv\u00f3 \u00e9s gyorsan sz\u00e1rad\u00f3 tulajdons\u00e1gokkal rendelkezik. Mer\u00e9sz nyomatai \u00e9s \u00e9l\u00e9nk mint\u00e1i megragadj\u00e1k a ny\u00e1ri kalandok esszenci\u00e1j\u00e1t, \u00edgy st\u00edlusos kieg\u00e9sz\u00edt\u0151i a strandon, a medenc\u00e9ben \u00e9s az \u00f6lt\u00f6zk\u00f6d\u00e9si forgat\u00f3k\u00f6nyvekben. A testreszabhat\u00f3 mint\u00e1knak k\u00f6sz\u00f6nhet\u0151en olyan k\u00fcls\u0151t viselhetsz, amely egyedileg a ti\u00e9d. \u00c9lvezze a k\u00f6nny\u0171, kompromisszumok n\u00e9lk\u00fcli \u00f6lt\u00f6zk\u00f6d\u00e9st ebben a szemet gy\u00f6ny\u00f6rk\u00f6dtet\u0151, funkcion\u00e1lis poncs\u00f3ban - ez az \u00faj tengerparti alapdarabja!<\/p>\n<h2>SPECIFIK\u00c1CI\u00d3K<\/h2>\n<p>M\u00e9retek: Gyermekek: 65x80cm<\/p>\n<p>Anyag: anyag: mikrosz\u00e1las sz\u00f6vet<\/p>\n<p>Jellemz\u0151: Gyorsan sz\u00e1rad\u00f3<\/p>\n<p><img decoding=\"async\" class=\"alignnone size-full wp-image-17245\" src=\"https:\/\/ozponcho.com.au\/wp-content\/uploads\/2023\/12\/Screenshot-2024-01-18-at-00.21.05.png\" alt=\"\" width=\"1882\" height=\"988\" srcset=\"https:\/\/ozponcho.com.au\/wp-content\/uploads\/2023\/12\/Screenshot-2024-01-18-at-00.21.05.png 1882w, https:\/\/ozponcho.com.au\/wp-content\/uploads\/2023\/12\/Screenshot-2024-01-18-at-00.21.05-1020x535.png 1020w, https:\/\/ozponcho.com.au\/wp-content\/uploads\/2023\/12\/Screenshot-2024-01-18-at-00.21.05-300x157.png 300w, https:\/\/ozponcho.com.au\/wp-content\/uploads\/2023\/12\/Screenshot-2024-01-18-at-00.21.05-1024x538.png 1024w, https:\/\/ozponcho.com.au\/wp-content\/uploads\/2023\/12\/Screenshot-2024-01-18-at-00.21.05-768x403.png 768w, https:\/\/ozponcho.com.au\/wp-content\/uploads\/2023\/12\/Screenshot-2024-01-18-at-00.21.05-1536x806.png 1536w\" sizes=\"(max-width: 1882px) 100vw, 1882px\" \/><\/p>","protected":false},"excerpt":{"rendered":"<p>Unleash your vibrant side with this ultra-soft, microfiber beach poncho. Perfect for quick drying after a swim, it offers supreme absorbency and rapid drying properties. Its bold prints and lively patterns capture the essence of summer adventures, making them stylish accessories for beach, pool, and changing scenarios. Customizable designs mean you can sport a look [&#8230;]","protected":false},"featured_media":16872,"template":"","meta":[],"product_brand":[],"product_cat":[223,15,208],"product_tag":[],"class_list":{"0":"post-16873","1":"product","2":"type-product","3":"status-publish","4":"has-post-thumbnail","6":"product_cat-blue-poncho","7":"product_cat-main-category","8":"product_cat-surf-poncho","10":"first","11":"instock","12":"shipping-taxable","13":"purchasable","14":"product-type-variable"},"yoast_head":"<!-- This site is optimized with the Yoast SEO plugin v25.9 - https:\/\/yoast.com\/wordpress\/plugins\/seo\/ -->\n<title>Vibrant Hooded Beach Poncho | Magyarorsz\u00e1g #1 Poncho Shop<\/title>\n<meta name=\"description\" content=\"Looking for a Vibrant Hooded Beach Poncho ? You&#039;ve come to the right place \ud83d\ude04 We offers a wide selection of Vibrant Hooded Beach Poncho, perfect for you.\" \/>\n<meta name=\"robots\" content=\"index, follow, max-snippet:-1, max-image-preview:large, max-video-preview:-1\" \/>\n<link rel=\"canonical\" href=\"https:\/\/ozponcho.com.au\/hu\/p\/kapucnis-uszo-poncso-torolkozo\/\" \/>\n<meta property=\"og:locale\" content=\"hu_HU\" \/>\n<meta property=\"og:type\" content=\"article\" \/>\n<meta property=\"og:title\" content=\"Vibrant Hooded Beach Poncho | Magyarorsz\u00e1g #1 Poncho Shop\" \/>\n<meta property=\"og:description\" content=\"Looking for a Vibrant Hooded Beach Poncho ? You&#039;ve come to the right place \ud83d\ude04 We offers a wide selection of Vibrant Hooded Beach Poncho, perfect for you.\" \/>\n<meta property=\"og:url\" content=\"https:\/\/ozponcho.com.au\/hu\/p\/kapucnis-uszo-poncso-torolkozo\/\" \/>\n<meta property=\"og:site_name\" content=\"OZ Poncho\" \/>\n<meta property=\"article:modified_time\" content=\"2024-03-08T05:25:56+00:00\" \/>\n<meta property=\"og:image\" content=\"https:\/\/ozponcho.com.au\/wp-content\/uploads\/2023\/12\/He1819e3807cd4336b7b77272831691efd-4.webp\" \/>\n\t<meta property=\"og:image:width\" content=\"1000\" \/>\n\t<meta property=\"og:image:height\" content=\"1000\" \/>\n\t<meta property=\"og:image:type\" content=\"image\/webp\" \/>\n<meta name=\"twitter:card\" content=\"summary_large_image\" \/>\n<meta name=\"twitter:label1\" content=\"Becs\u00fclt olvas\u00e1si id\u0151\" \/>\n\t<meta name=\"twitter:data1\" content=\"1 perc\" \/>\n<script type=\"application\/ld+json\" class=\"yoast-schema-graph\">{\"@context\":\"https:\/\/schema.org\",\"@graph\":[{\"@type\":\"WebPage\",\"@id\":\"https:\/\/ozponcho.com.au\/p\/hooded-swim-poncho-towel\/\",\"url\":\"https:\/\/ozponcho.com.au\/p\/hooded-swim-poncho-towel\/\",\"name\":\"Vibrant Hooded Beach Poncho | Magyarorsz\u00e1g #1 Poncho Shop\",\"isPartOf\":{\"@id\":\"https:\/\/ozponcho.com.au\/#website\"},\"primaryImageOfPage\":{\"@id\":\"https:\/\/ozponcho.com.au\/p\/hooded-swim-poncho-towel\/#primaryimage\"},\"image\":{\"@id\":\"https:\/\/ozponcho.com.au\/p\/hooded-swim-poncho-towel\/#primaryimage\"},\"thumbnailUrl\":\"https:\/\/ozponcho.com.au\/wp-content\/uploads\/2023\/12\/He1819e3807cd4336b7b77272831691efd-4.webp\",\"datePublished\":\"2023-12-30T12:23:34+00:00\",\"dateModified\":\"2024-03-08T05:25:56+00:00\",\"description\":\"Looking for a Vibrant Hooded Beach Poncho ? You've come to the right place \ud83d\ude04 We offers a wide selection of Vibrant Hooded Beach Poncho, perfect for you.\",\"breadcrumb\":{\"@id\":\"https:\/\/ozponcho.com.au\/p\/hooded-swim-poncho-towel\/#breadcrumb\"},\"inLanguage\":\"hu\",\"potentialAction\":[{\"@type\":\"ReadAction\",\"target\":[\"https:\/\/ozponcho.com.au\/p\/hooded-swim-poncho-towel\/\"]}]},{\"@type\":\"ImageObject\",\"inLanguage\":\"hu\",\"@id\":\"https:\/\/ozponcho.com.au\/p\/hooded-swim-poncho-towel\/#primaryimage\",\"url\":\"https:\/\/ozponcho.com.au\/wp-content\/uploads\/2023\/12\/He1819e3807cd4336b7b77272831691efd-4.webp\",\"contentUrl\":\"https:\/\/ozponcho.com.au\/wp-content\/uploads\/2023\/12\/He1819e3807cd4336b7b77272831691efd-4.webp\",\"width\":1000,\"height\":1000,\"caption\":\"Vibrant Hooded Beach Poncho\"},{\"@type\":\"BreadcrumbList\",\"@id\":\"https:\/\/ozponcho.com.au\/p\/hooded-swim-poncho-towel\/#breadcrumb\",\"itemListElement\":[{\"@type\":\"ListItem\",\"position\":1,\"name\":\"Home\",\"item\":\"https:\/\/ozponcho.com.au\/\"},{\"@type\":\"ListItem\",\"position\":2,\"name\":\"Shop\",\"item\":\"https:\/\/ozponcho.com.au\/shop\/\"},{\"@type\":\"ListItem\",\"position\":3,\"name\":\"Vibrant Hooded Beach Poncho\"}]},{\"@type\":\"WebSite\",\"@id\":\"https:\/\/ozponcho.com.au\/#website\",\"url\":\"https:\/\/ozponcho.com.au\/\",\"name\":\"OZ Poncho\",\"description\":\"\",\"potentialAction\":[{\"@type\":\"SearchAction\",\"target\":{\"@type\":\"EntryPoint\",\"urlTemplate\":\"https:\/\/ozponcho.com.au\/?s={search_term_string}\"},\"query-input\":{\"@type\":\"PropertyValueSpecification\",\"valueRequired\":true,\"valueName\":\"search_term_string\"}}],\"inLanguage\":\"hu\"}]}<\/script>\n<!-- \/ Yoast SEO plugin. -->","yoast_head_json":{"title":"Vibrant kapucnis strandponcs\u00f3 | Magyarorsz\u00e1g #1 Poncs\u00f3 Shop","description":"\u00c9l\u00e9nk sz\u00edn\u0171 kapucnis strandponch\u00f3t keres ? A legjobb helyen j\u00e1rsz \ud83d\ude04 Vibrant Hooded Beach Poncho sz\u00e9les v\u00e1laszt\u00e9k\u00e1t k\u00edn\u00e1ljuk, t\u00f6k\u00e9letes az \u00d6n sz\u00e1m\u00e1ra.","robots":{"index":"index","follow":"follow","max-snippet":"max-snippet:-1","max-image-preview":"max-image-preview:large","max-video-preview":"max-video-preview:-1"},"canonical":"https:\/\/ozponcho.com.au\/hu\/p\/kapucnis-uszo-poncso-torolkozo\/","og_locale":"hu_HU","og_type":"article","og_title":"Vibrant Hooded Beach Poncho | Magyarorsz\u00e1g #1 Poncho Shop","og_description":"Looking for a Vibrant Hooded Beach Poncho ? You've come to the right place \ud83d\ude04 We offers a wide selection of Vibrant Hooded Beach Poncho, perfect for you.","og_url":"https:\/\/ozponcho.com.au\/hu\/p\/kapucnis-uszo-poncso-torolkozo\/","og_site_name":"OZ Poncho","article_modified_time":"2024-03-08T05:25:56+00:00","og_image":[{"width":1000,"height":1000,"url":"https:\/\/ozponcho.com.au\/wp-content\/uploads\/2023\/12\/He1819e3807cd4336b7b77272831691efd-4.webp","type":"image\/webp"}],"twitter_card":"summary_large_image","twitter_misc":{"Becs\u00fclt olvas\u00e1si id\u0151":"1 perc"},"schema":{"@context":"https:\/\/schema.org","@graph":[{"@type":"WebPage","@id":"https:\/\/ozponcho.com.au\/p\/hooded-swim-poncho-towel\/","url":"https:\/\/ozponcho.com.au\/p\/hooded-swim-poncho-towel\/","name":"Vibrant kapucnis strandponcs\u00f3 | Magyarorsz\u00e1g #1 Poncs\u00f3 Shop","isPartOf":{"@id":"https:\/\/ozponcho.com.au\/#website"},"primaryImageOfPage":{"@id":"https:\/\/ozponcho.com.au\/p\/hooded-swim-poncho-towel\/#primaryimage"},"image":{"@id":"https:\/\/ozponcho.com.au\/p\/hooded-swim-poncho-towel\/#primaryimage"},"thumbnailUrl":"https:\/\/ozponcho.com.au\/wp-content\/uploads\/2023\/12\/He1819e3807cd4336b7b77272831691efd-4.webp","datePublished":"2023-12-30T12:23:34+00:00","dateModified":"2024-03-08T05:25:56+00:00","description":"\u00c9l\u00e9nk sz\u00edn\u0171 kapucnis strandponch\u00f3t keres ? A legjobb helyen j\u00e1rsz \ud83d\ude04 Vibrant Hooded Beach Poncho sz\u00e9les v\u00e1laszt\u00e9k\u00e1t k\u00edn\u00e1ljuk, t\u00f6k\u00e9letes az \u00d6n sz\u00e1m\u00e1ra.","breadcrumb":{"@id":"https:\/\/ozponcho.com.au\/p\/hooded-swim-poncho-towel\/#breadcrumb"},"inLanguage":"hu","potentialAction":[{"@type":"ReadAction","target":["https:\/\/ozponcho.com.au\/p\/hooded-swim-poncho-towel\/"]}]},{"@type":"ImageObject","inLanguage":"hu","@id":"https:\/\/ozponcho.com.au\/p\/hooded-swim-poncho-towel\/#primaryimage","url":"https:\/\/ozponcho.com.au\/wp-content\/uploads\/2023\/12\/He1819e3807cd4336b7b77272831691efd-4.webp","contentUrl":"https:\/\/ozponcho.com.au\/wp-content\/uploads\/2023\/12\/He1819e3807cd4336b7b77272831691efd-4.webp","width":1000,"height":1000,"caption":"Vibrant Hooded Beach Poncho"},{"@type":"BreadcrumbList","@id":"https:\/\/ozponcho.com.au\/p\/hooded-swim-poncho-towel\/#breadcrumb","itemListElement":[{"@type":"ListItem","position":1,"name":"Home","item":"https:\/\/ozponcho.com.au\/"},{"@type":"ListItem","position":2,"name":"Shop","item":"https:\/\/ozponcho.com.au\/shop\/"},{"@type":"ListItem","position":3,"name":"Vibrant Hooded Beach Poncho"}]},{"@type":"WebSite","@id":"https:\/\/ozponcho.com.au\/#website","url":"https:\/\/ozponcho.com.au\/","name":"OZ Poncho","description":"","potentialAction":[{"@type":"SearchAction","target":{"@type":"EntryPoint","urlTemplate":"https:\/\/ozponcho.com.au\/?s={search_term_string}"},"query-input":{"@type":"PropertyValueSpecification","valueRequired":true,"valueName":"search_term_string"}}],"inLanguage":"hu"}]}},"_links":{"self":[{"href":"https:\/\/ozponcho.com.au\/hu\/wp-json\/wp\/v2\/product\/16873","targetHints":{"allow":["GET"]}}],"collection":[{"href":"https:\/\/ozponcho.com.au\/hu\/wp-json\/wp\/v2\/product"}],"about":[{"href":"https:\/\/ozponcho.com.au\/hu\/wp-json\/wp\/v2\/types\/product"}],"wp:featuredmedia":[{"embeddable":true,"href":"https:\/\/ozponcho.com.au\/hu\/wp-json\/wp\/v2\/media\/16872"}],"wp:attachment":[{"href":"https:\/\/ozponcho.com.au\/hu\/wp-json\/wp\/v2\/media?parent=16873"}],"wp:term":[{"taxonomy":"product_brand","embeddable":true,"href":"https:\/\/ozponcho.com.au\/hu\/wp-json\/wp\/v2\/product_brand?post=16873"},{"taxonomy":"product_cat","embeddable":true,"href":"https:\/\/ozponcho.com.au\/hu\/wp-json\/wp\/v2\/product_cat?post=16873"},{"taxonomy":"product_tag","embeddable":true,"href":"https:\/\/ozponcho.com.au\/hu\/wp-json\/wp\/v2\/product_tag?post=16873"}],"curies":[{"name":"wp","href":"https:\/\/api.w.org\/{rel}","templated":true}]}}