{"id":16610,"date":"2023-12-30T23:19:25","date_gmt":"2023-12-30T12:19:25","guid":{"rendered":"https:\/\/ozponcho.com.au\/?post_type=product&#038;p=16610"},"modified":"2025-02-27T08:55:09","modified_gmt":"2025-02-26T21:55:09","slug":"colorful-hooded-beach-coverup","status":"publish","type":"product","link":"https:\/\/ozponcho.com.au\/hu\/p\/szines-kapucnis-strand-takaro\/","title":{"rendered":"\u00c9l\u00e9nk mikrosz\u00e1las strandponcs\u00f3"},"content":{"rendered":"<p>L\u00e9pjen ki felt\u0171n\u0151 st\u00edlusban a Vibrant Microfiber Beach Ponch\u00f3val. T\u00f6k\u00e9letes a strandol\u00f3k \u00e9s a fesztiv\u00e1lok szerelmesei sz\u00e1m\u00e1ra egyar\u00e1nt, ez a poncs\u00f3 a praktikuss\u00e1got \u00e9s a szem\u00e9lyis\u00e9get \u00f6tv\u00f6zi. A gyorsan sz\u00e1rad\u00f3 \u00e9s nedvsz\u00edv\u00f3 mikrosz\u00e1las anyagnak k\u00f6sz\u00f6nhet\u0151en ide\u00e1lis \u00fasz\u00e1shoz vagy zuhanyz\u00e1shoz, a testreszabhat\u00f3, \u00e9l\u00e9nk pszichedelikus nyomatok pedig garant\u00e1lj\u00e1k, hogy b\u00e1rhol felt\u0171n\u0151 leszel. K\u00f6nnyen \u00f6sszecsukhat\u00f3 \u00e9s k\u00f6nny\u0171 hordozni, \u00edgy a ny\u00e1r elengedhetetlen kell\u00e9ke mindazoknak, akik szeretnek felt\u0171n\u00e9st kelteni. \u00c9lvezze a k\u00e9nyelmet a st\u00edlus fel\u00e1ldoz\u00e1sa n\u00e9lk\u00fcl; tegye a mag\u00e1\u00e9v\u00e1 ezt a kihagyhatatlan poncs\u00f3t m\u00e9g ma!<\/p>\n<h2>SPECIFIK\u00c1CI\u00d3K<\/h2>\n<p>M\u00e9retek: Gyermekek: 65x80cm<\/p>\n<p>Anyag: anyag: mikrosz\u00e1las sz\u00f6vet<\/p>\n<p>Jellemz\u0151: Gyorsan sz\u00e1rad\u00f3<\/p>\n<p><img decoding=\"async\" class=\"alignnone size-full wp-image-17245\" src=\"https:\/\/ozponcho.com.au\/wp-content\/uploads\/2023\/12\/Screenshot-2024-01-18-at-00.21.05.png\" alt=\"\" width=\"1882\" height=\"988\" srcset=\"https:\/\/ozponcho.com.au\/wp-content\/uploads\/2023\/12\/Screenshot-2024-01-18-at-00.21.05.png 1882w, https:\/\/ozponcho.com.au\/wp-content\/uploads\/2023\/12\/Screenshot-2024-01-18-at-00.21.05-1020x535.png 1020w, https:\/\/ozponcho.com.au\/wp-content\/uploads\/2023\/12\/Screenshot-2024-01-18-at-00.21.05-300x157.png 300w, https:\/\/ozponcho.com.au\/wp-content\/uploads\/2023\/12\/Screenshot-2024-01-18-at-00.21.05-1024x538.png 1024w, https:\/\/ozponcho.com.au\/wp-content\/uploads\/2023\/12\/Screenshot-2024-01-18-at-00.21.05-768x403.png 768w, https:\/\/ozponcho.com.au\/wp-content\/uploads\/2023\/12\/Screenshot-2024-01-18-at-00.21.05-1536x806.png 1536w\" sizes=\"(max-width: 1882px) 100vw, 1882px\" \/><\/p>","protected":false},"excerpt":{"rendered":"<p>Step out in eye-catching style with our Vibrant Microfiber Beach Poncho. Perfect for beach-goers and festival lovers alike, this poncho combines practicality with a punch of personality. Quick-drying and absorbent, the microfiber material makes it ideal for swims or showers, and the customizable, vivid psychedelic prints ensure you stand out wherever you are. Easy to [&#8230;]","protected":false},"featured_media":16609,"template":"","meta":[],"product_brand":[],"product_cat":[15,212,208],"product_tag":[],"class_list":{"0":"post-16610","1":"product","2":"type-product","3":"status-publish","4":"has-post-thumbnail","6":"product_cat-main-category","7":"product_cat-poncho-kid","8":"product_cat-surf-poncho","10":"first","11":"instock","12":"shipping-taxable","13":"purchasable","14":"product-type-variable"},"yoast_head":"<!-- This site is optimized with the Yoast SEO plugin v25.9 - https:\/\/yoast.com\/wordpress\/plugins\/seo\/ -->\n<title>Vibrant Microfiber Beach Poncho | Magyarorsz\u00e1g #1 Poncho Shop<\/title>\n<meta name=\"description\" content=\"Looking for a Vibrant Microfiber Beach Poncho ? You&#039;ve come to the right place \ud83d\ude04 We offers a wide selection of Vibrant Microfiber Beach Poncho, perfect for you.\" \/>\n<meta name=\"robots\" content=\"index, follow, max-snippet:-1, max-image-preview:large, max-video-preview:-1\" \/>\n<link rel=\"canonical\" href=\"https:\/\/ozponcho.com.au\/hu\/p\/szines-kapucnis-strand-takaro\/\" \/>\n<meta property=\"og:locale\" content=\"hu_HU\" \/>\n<meta property=\"og:type\" content=\"article\" \/>\n<meta property=\"og:title\" content=\"Vibrant Microfiber Beach Poncho | Magyarorsz\u00e1g #1 Poncho Shop\" \/>\n<meta property=\"og:description\" content=\"Looking for a Vibrant Microfiber Beach Poncho ? You&#039;ve come to the right place \ud83d\ude04 We offers a wide selection of Vibrant Microfiber Beach Poncho, perfect for you.\" \/>\n<meta property=\"og:url\" content=\"https:\/\/ozponcho.com.au\/hu\/p\/szines-kapucnis-strand-takaro\/\" \/>\n<meta property=\"og:site_name\" content=\"OZ Poncho\" \/>\n<meta property=\"article:modified_time\" content=\"2025-02-26T21:55:09+00:00\" \/>\n<meta property=\"og:image\" content=\"https:\/\/ozponcho.com.au\/wp-content\/uploads\/2023\/12\/Ha95f0f75d60d4540bc60e8d373affae7N-4.webp\" \/>\n\t<meta property=\"og:image:width\" content=\"1000\" \/>\n\t<meta property=\"og:image:height\" content=\"1000\" \/>\n\t<meta property=\"og:image:type\" content=\"image\/webp\" \/>\n<meta name=\"twitter:card\" content=\"summary_large_image\" \/>\n<meta name=\"twitter:label1\" content=\"Becs\u00fclt olvas\u00e1si id\u0151\" \/>\n\t<meta name=\"twitter:data1\" content=\"1 perc\" \/>\n<script type=\"application\/ld+json\" class=\"yoast-schema-graph\">{\"@context\":\"https:\/\/schema.org\",\"@graph\":[{\"@type\":\"WebPage\",\"@id\":\"https:\/\/ozponcho.com.au\/p\/colorful-hooded-beach-coverup\/\",\"url\":\"https:\/\/ozponcho.com.au\/p\/colorful-hooded-beach-coverup\/\",\"name\":\"Vibrant Microfiber Beach Poncho | Magyarorsz\u00e1g #1 Poncho Shop\",\"isPartOf\":{\"@id\":\"https:\/\/ozponcho.com.au\/#website\"},\"primaryImageOfPage\":{\"@id\":\"https:\/\/ozponcho.com.au\/p\/colorful-hooded-beach-coverup\/#primaryimage\"},\"image\":{\"@id\":\"https:\/\/ozponcho.com.au\/p\/colorful-hooded-beach-coverup\/#primaryimage\"},\"thumbnailUrl\":\"https:\/\/ozponcho.com.au\/wp-content\/uploads\/2023\/12\/Ha95f0f75d60d4540bc60e8d373affae7N-4.webp\",\"datePublished\":\"2023-12-30T12:19:25+00:00\",\"dateModified\":\"2025-02-26T21:55:09+00:00\",\"description\":\"Looking for a Vibrant Microfiber Beach Poncho ? You've come to the right place \ud83d\ude04 We offers a wide selection of Vibrant Microfiber Beach Poncho, perfect for you.\",\"breadcrumb\":{\"@id\":\"https:\/\/ozponcho.com.au\/p\/colorful-hooded-beach-coverup\/#breadcrumb\"},\"inLanguage\":\"hu\",\"potentialAction\":[{\"@type\":\"ReadAction\",\"target\":[\"https:\/\/ozponcho.com.au\/p\/colorful-hooded-beach-coverup\/\"]}]},{\"@type\":\"ImageObject\",\"inLanguage\":\"hu\",\"@id\":\"https:\/\/ozponcho.com.au\/p\/colorful-hooded-beach-coverup\/#primaryimage\",\"url\":\"https:\/\/ozponcho.com.au\/wp-content\/uploads\/2023\/12\/Ha95f0f75d60d4540bc60e8d373affae7N-4.webp\",\"contentUrl\":\"https:\/\/ozponcho.com.au\/wp-content\/uploads\/2023\/12\/Ha95f0f75d60d4540bc60e8d373affae7N-4.webp\",\"width\":1000,\"height\":1000,\"caption\":\"Vibrant Microfiber Beach Poncho\"},{\"@type\":\"BreadcrumbList\",\"@id\":\"https:\/\/ozponcho.com.au\/p\/colorful-hooded-beach-coverup\/#breadcrumb\",\"itemListElement\":[{\"@type\":\"ListItem\",\"position\":1,\"name\":\"Home\",\"item\":\"https:\/\/ozponcho.com.au\/\"},{\"@type\":\"ListItem\",\"position\":2,\"name\":\"Shop\",\"item\":\"https:\/\/ozponcho.com.au\/shop\/\"},{\"@type\":\"ListItem\",\"position\":3,\"name\":\"Vibrant Microfiber Beach Poncho\"}]},{\"@type\":\"WebSite\",\"@id\":\"https:\/\/ozponcho.com.au\/#website\",\"url\":\"https:\/\/ozponcho.com.au\/\",\"name\":\"OZ Poncho\",\"description\":\"\",\"potentialAction\":[{\"@type\":\"SearchAction\",\"target\":{\"@type\":\"EntryPoint\",\"urlTemplate\":\"https:\/\/ozponcho.com.au\/?s={search_term_string}\"},\"query-input\":{\"@type\":\"PropertyValueSpecification\",\"valueRequired\":true,\"valueName\":\"search_term_string\"}}],\"inLanguage\":\"hu\"}]}<\/script>\n<!-- \/ Yoast SEO plugin. -->","yoast_head_json":{"title":"Vibrant Microfiber Beach Poncho | Magyarorsz\u00e1g #1 Poncho Shop","description":"\u00c9l\u00e9nk mikrosz\u00e1las strandponch\u00f3t keres ? A legjobb helyre j\u00f6tt\u00e9l \ud83d\ude04 Vibrant Microfiber Beach Poncho sz\u00e9les v\u00e1laszt\u00e9k\u00e1t k\u00edn\u00e1ljuk, t\u00f6k\u00e9letes az \u00d6n sz\u00e1m\u00e1ra.","robots":{"index":"index","follow":"follow","max-snippet":"max-snippet:-1","max-image-preview":"max-image-preview:large","max-video-preview":"max-video-preview:-1"},"canonical":"https:\/\/ozponcho.com.au\/hu\/p\/szines-kapucnis-strand-takaro\/","og_locale":"hu_HU","og_type":"article","og_title":"Vibrant Microfiber Beach Poncho | Magyarorsz\u00e1g #1 Poncho Shop","og_description":"Looking for a Vibrant Microfiber Beach Poncho ? You've come to the right place \ud83d\ude04 We offers a wide selection of Vibrant Microfiber Beach Poncho, perfect for you.","og_url":"https:\/\/ozponcho.com.au\/hu\/p\/szines-kapucnis-strand-takaro\/","og_site_name":"OZ Poncho","article_modified_time":"2025-02-26T21:55:09+00:00","og_image":[{"width":1000,"height":1000,"url":"https:\/\/ozponcho.com.au\/wp-content\/uploads\/2023\/12\/Ha95f0f75d60d4540bc60e8d373affae7N-4.webp","type":"image\/webp"}],"twitter_card":"summary_large_image","twitter_misc":{"Becs\u00fclt olvas\u00e1si id\u0151":"1 perc"},"schema":{"@context":"https:\/\/schema.org","@graph":[{"@type":"WebPage","@id":"https:\/\/ozponcho.com.au\/p\/colorful-hooded-beach-coverup\/","url":"https:\/\/ozponcho.com.au\/p\/colorful-hooded-beach-coverup\/","name":"Vibrant Microfiber Beach Poncho | Magyarorsz\u00e1g #1 Poncho Shop","isPartOf":{"@id":"https:\/\/ozponcho.com.au\/#website"},"primaryImageOfPage":{"@id":"https:\/\/ozponcho.com.au\/p\/colorful-hooded-beach-coverup\/#primaryimage"},"image":{"@id":"https:\/\/ozponcho.com.au\/p\/colorful-hooded-beach-coverup\/#primaryimage"},"thumbnailUrl":"https:\/\/ozponcho.com.au\/wp-content\/uploads\/2023\/12\/Ha95f0f75d60d4540bc60e8d373affae7N-4.webp","datePublished":"2023-12-30T12:19:25+00:00","dateModified":"2025-02-26T21:55:09+00:00","description":"\u00c9l\u00e9nk mikrosz\u00e1las strandponch\u00f3t keres ? A legjobb helyre j\u00f6tt\u00e9l \ud83d\ude04 Vibrant Microfiber Beach Poncho sz\u00e9les v\u00e1laszt\u00e9k\u00e1t k\u00edn\u00e1ljuk, t\u00f6k\u00e9letes az \u00d6n sz\u00e1m\u00e1ra.","breadcrumb":{"@id":"https:\/\/ozponcho.com.au\/p\/colorful-hooded-beach-coverup\/#breadcrumb"},"inLanguage":"hu","potentialAction":[{"@type":"ReadAction","target":["https:\/\/ozponcho.com.au\/p\/colorful-hooded-beach-coverup\/"]}]},{"@type":"ImageObject","inLanguage":"hu","@id":"https:\/\/ozponcho.com.au\/p\/colorful-hooded-beach-coverup\/#primaryimage","url":"https:\/\/ozponcho.com.au\/wp-content\/uploads\/2023\/12\/Ha95f0f75d60d4540bc60e8d373affae7N-4.webp","contentUrl":"https:\/\/ozponcho.com.au\/wp-content\/uploads\/2023\/12\/Ha95f0f75d60d4540bc60e8d373affae7N-4.webp","width":1000,"height":1000,"caption":"Vibrant Microfiber Beach Poncho"},{"@type":"BreadcrumbList","@id":"https:\/\/ozponcho.com.au\/p\/colorful-hooded-beach-coverup\/#breadcrumb","itemListElement":[{"@type":"ListItem","position":1,"name":"Home","item":"https:\/\/ozponcho.com.au\/"},{"@type":"ListItem","position":2,"name":"Shop","item":"https:\/\/ozponcho.com.au\/shop\/"},{"@type":"ListItem","position":3,"name":"Vibrant Microfiber Beach Poncho"}]},{"@type":"WebSite","@id":"https:\/\/ozponcho.com.au\/#website","url":"https:\/\/ozponcho.com.au\/","name":"OZ Poncho","description":"","potentialAction":[{"@type":"SearchAction","target":{"@type":"EntryPoint","urlTemplate":"https:\/\/ozponcho.com.au\/?s={search_term_string}"},"query-input":{"@type":"PropertyValueSpecification","valueRequired":true,"valueName":"search_term_string"}}],"inLanguage":"hu"}]}},"_links":{"self":[{"href":"https:\/\/ozponcho.com.au\/hu\/wp-json\/wp\/v2\/product\/16610","targetHints":{"allow":["GET"]}}],"collection":[{"href":"https:\/\/ozponcho.com.au\/hu\/wp-json\/wp\/v2\/product"}],"about":[{"href":"https:\/\/ozponcho.com.au\/hu\/wp-json\/wp\/v2\/types\/product"}],"wp:featuredmedia":[{"embeddable":true,"href":"https:\/\/ozponcho.com.au\/hu\/wp-json\/wp\/v2\/media\/16609"}],"wp:attachment":[{"href":"https:\/\/ozponcho.com.au\/hu\/wp-json\/wp\/v2\/media?parent=16610"}],"wp:term":[{"taxonomy":"product_brand","embeddable":true,"href":"https:\/\/ozponcho.com.au\/hu\/wp-json\/wp\/v2\/product_brand?post=16610"},{"taxonomy":"product_cat","embeddable":true,"href":"https:\/\/ozponcho.com.au\/hu\/wp-json\/wp\/v2\/product_cat?post=16610"},{"taxonomy":"product_tag","embeddable":true,"href":"https:\/\/ozponcho.com.au\/hu\/wp-json\/wp\/v2\/product_tag?post=16610"}],"curies":[{"name":"wp","href":"https:\/\/api.w.org\/{rel}","templated":true}]}}