{"id":16473,"date":"2023-12-30T23:17:26","date_gmt":"2023-12-30T12:17:26","guid":{"rendered":"https:\/\/ozponcho.com.au\/?post_type=product&#038;p=16473"},"modified":"2024-03-08T16:26:11","modified_gmt":"2024-03-08T05:26:11","slug":"absorbent-surf-bath-poncho","status":"publish","type":"product","link":"https:\/\/ozponcho.com.au\/hu\/p\/nedvszivo-szorfos-furdoponcso\/","title":{"rendered":"Gyorsan sz\u00e1rad\u00f3 kapucnis poncs\u00f3"},"content":{"rendered":"<p>Mer\u00fclj\u00f6n el a k\u00e9nyelemben kapucnis mikrosz\u00e1las ponch\u00f3nkkal, amely a strandon n\u00e9lk\u00fcl\u00f6zhetetlen, \u00e9s amely a st\u00edlust a funkcionalit\u00e1ssal \u00f6tv\u00f6zi. Ez a gyorsan sz\u00e1rad\u00f3 poncs\u00f3 t\u00f6k\u00e9letes az \u00e1t\u00f6lt\u00f6z\u00e9shez \u00fasz\u00e1s ut\u00e1n, vagy a tenger k\u00f6zel\u00e9ben val\u00f3 pihen\u00e9shez, mivel mag\u00e1n\u00e9letet \u00e9s meleget biztos\u00edt. Nagy felbont\u00e1s\u00fa, szem\u00e9lyre szabott nyomatokkal rendelkezik a nyugodt tr\u00f3pusi mot\u00edvumokt\u00f3l az \u00e9gi csod\u00e1kig. K\u00f6nnyen csomagolhat\u00f3 \u00e9s \u00e9l\u00e9nk diz\u00e1jn\u00fa, ez a poncs\u00f3 k\u00f6telez\u0151 darab minden strandol\u00f3, sz\u00f6rf\u00f6s \u00e9s szabadt\u00e9ri rajong\u00f3 sz\u00e1m\u00e1ra, aki a k\u00e9nyelem \u00e9s a st\u00edlus kever\u00e9k\u00e9t keresi. Tedd egyediv\u00e9 egyedi mint\u00e1kkal, amelyek kifejezik a st\u00edlusodat, mik\u00f6zben teljes m\u00e9rt\u00e9kben \u00e9lvezed a tengerparti \u00e9letet.<\/p>\n<h2>SPECIFIK\u00c1CI\u00d3K<\/h2>\n<p>M\u00e9retek: Gyermekek: 65x80cm<\/p>\n<p>Anyag: anyag: mikrosz\u00e1las sz\u00f6vet<\/p>\n<p>Jellemz\u0151: Gyorsan sz\u00e1rad\u00f3<\/p>\n<p><img decoding=\"async\" class=\"alignnone size-full wp-image-17245\" src=\"https:\/\/ozponcho.com.au\/wp-content\/uploads\/2023\/12\/Screenshot-2024-01-18-at-00.21.05.png\" alt=\"\" width=\"1882\" height=\"988\" srcset=\"https:\/\/ozponcho.com.au\/wp-content\/uploads\/2023\/12\/Screenshot-2024-01-18-at-00.21.05.png 1882w, https:\/\/ozponcho.com.au\/wp-content\/uploads\/2023\/12\/Screenshot-2024-01-18-at-00.21.05-1020x535.png 1020w, https:\/\/ozponcho.com.au\/wp-content\/uploads\/2023\/12\/Screenshot-2024-01-18-at-00.21.05-300x157.png 300w, https:\/\/ozponcho.com.au\/wp-content\/uploads\/2023\/12\/Screenshot-2024-01-18-at-00.21.05-1024x538.png 1024w, https:\/\/ozponcho.com.au\/wp-content\/uploads\/2023\/12\/Screenshot-2024-01-18-at-00.21.05-768x403.png 768w, https:\/\/ozponcho.com.au\/wp-content\/uploads\/2023\/12\/Screenshot-2024-01-18-at-00.21.05-1536x806.png 1536w\" sizes=\"(max-width: 1882px) 100vw, 1882px\" \/><\/p>","protected":false},"excerpt":{"rendered":"<p>Dive into comfort with our hooded microfiber poncho, a beach essential that marries style with functionality. Perfect for changing after a swim or lounging near the sea, this quick-dry poncho offers privacy and warmth. It features high-definition, personalized prints from serene tropical motifs to celestial wonders. Easy to pack and vibrant in design, this poncho [&#8230;]","protected":false},"featured_media":16472,"template":"","meta":[],"product_brand":[],"product_cat":[15,208,224],"product_tag":[],"class_list":{"0":"post-16473","1":"product","2":"type-product","3":"status-publish","4":"has-post-thumbnail","6":"product_cat-main-category","7":"product_cat-surf-poncho","8":"product_cat-yellow-poncho","10":"first","11":"instock","12":"shipping-taxable","13":"purchasable","14":"product-type-variable"},"yoast_head":"<!-- This site is optimized with the Yoast SEO plugin v25.9 - https:\/\/yoast.com\/wordpress\/plugins\/seo\/ -->\n<title>Quick-Dry Hooded Poncho | Magyarorsz\u00e1g #1 Poncho Shop<\/title>\n<meta name=\"description\" content=\"Looking for a Quick-Dry Hooded Poncho ? You&#039;ve come to the right place \ud83d\ude04 We offers a wide selection of Quick-Dry Hooded Poncho, perfect for you.\" \/>\n<meta name=\"robots\" content=\"index, follow, max-snippet:-1, max-image-preview:large, max-video-preview:-1\" \/>\n<link rel=\"canonical\" href=\"https:\/\/ozponcho.com.au\/hu\/p\/nedvszivo-szorfos-furdoponcso\/\" \/>\n<meta property=\"og:locale\" content=\"hu_HU\" \/>\n<meta property=\"og:type\" content=\"article\" \/>\n<meta property=\"og:title\" content=\"Quick-Dry Hooded Poncho | Magyarorsz\u00e1g #1 Poncho Shop\" \/>\n<meta property=\"og:description\" content=\"Looking for a Quick-Dry Hooded Poncho ? You&#039;ve come to the right place \ud83d\ude04 We offers a wide selection of Quick-Dry Hooded Poncho, perfect for you.\" \/>\n<meta property=\"og:url\" content=\"https:\/\/ozponcho.com.au\/hu\/p\/nedvszivo-szorfos-furdoponcso\/\" \/>\n<meta property=\"og:site_name\" content=\"OZ Poncho\" \/>\n<meta property=\"article:modified_time\" content=\"2024-03-08T05:26:11+00:00\" \/>\n<meta property=\"og:image\" content=\"https:\/\/ozponcho.com.au\/wp-content\/uploads\/2023\/12\/H9bece0075f92434d8f32ba3d5fcde7b3m-4.webp\" \/>\n\t<meta property=\"og:image:width\" content=\"1000\" \/>\n\t<meta property=\"og:image:height\" content=\"1000\" \/>\n\t<meta property=\"og:image:type\" content=\"image\/webp\" \/>\n<meta name=\"twitter:card\" content=\"summary_large_image\" \/>\n<meta name=\"twitter:label1\" content=\"Becs\u00fclt olvas\u00e1si id\u0151\" \/>\n\t<meta name=\"twitter:data1\" content=\"1 perc\" \/>\n<script type=\"application\/ld+json\" class=\"yoast-schema-graph\">{\"@context\":\"https:\/\/schema.org\",\"@graph\":[{\"@type\":\"WebPage\",\"@id\":\"https:\/\/ozponcho.com.au\/p\/absorbent-surf-bath-poncho\/\",\"url\":\"https:\/\/ozponcho.com.au\/p\/absorbent-surf-bath-poncho\/\",\"name\":\"Quick-Dry Hooded Poncho | Magyarorsz\u00e1g #1 Poncho Shop\",\"isPartOf\":{\"@id\":\"https:\/\/ozponcho.com.au\/#website\"},\"primaryImageOfPage\":{\"@id\":\"https:\/\/ozponcho.com.au\/p\/absorbent-surf-bath-poncho\/#primaryimage\"},\"image\":{\"@id\":\"https:\/\/ozponcho.com.au\/p\/absorbent-surf-bath-poncho\/#primaryimage\"},\"thumbnailUrl\":\"https:\/\/ozponcho.com.au\/wp-content\/uploads\/2023\/12\/H9bece0075f92434d8f32ba3d5fcde7b3m-4.webp\",\"datePublished\":\"2023-12-30T12:17:26+00:00\",\"dateModified\":\"2024-03-08T05:26:11+00:00\",\"description\":\"Looking for a Quick-Dry Hooded Poncho ? You've come to the right place \ud83d\ude04 We offers a wide selection of Quick-Dry Hooded Poncho, perfect for you.\",\"breadcrumb\":{\"@id\":\"https:\/\/ozponcho.com.au\/p\/absorbent-surf-bath-poncho\/#breadcrumb\"},\"inLanguage\":\"hu\",\"potentialAction\":[{\"@type\":\"ReadAction\",\"target\":[\"https:\/\/ozponcho.com.au\/p\/absorbent-surf-bath-poncho\/\"]}]},{\"@type\":\"ImageObject\",\"inLanguage\":\"hu\",\"@id\":\"https:\/\/ozponcho.com.au\/p\/absorbent-surf-bath-poncho\/#primaryimage\",\"url\":\"https:\/\/ozponcho.com.au\/wp-content\/uploads\/2023\/12\/H9bece0075f92434d8f32ba3d5fcde7b3m-4.webp\",\"contentUrl\":\"https:\/\/ozponcho.com.au\/wp-content\/uploads\/2023\/12\/H9bece0075f92434d8f32ba3d5fcde7b3m-4.webp\",\"width\":1000,\"height\":1000,\"caption\":\"Quick-Dry Hooded Poncho\"},{\"@type\":\"BreadcrumbList\",\"@id\":\"https:\/\/ozponcho.com.au\/p\/absorbent-surf-bath-poncho\/#breadcrumb\",\"itemListElement\":[{\"@type\":\"ListItem\",\"position\":1,\"name\":\"Home\",\"item\":\"https:\/\/ozponcho.com.au\/\"},{\"@type\":\"ListItem\",\"position\":2,\"name\":\"Shop\",\"item\":\"https:\/\/ozponcho.com.au\/shop\/\"},{\"@type\":\"ListItem\",\"position\":3,\"name\":\"Quick-Dry Hooded Poncho\"}]},{\"@type\":\"WebSite\",\"@id\":\"https:\/\/ozponcho.com.au\/#website\",\"url\":\"https:\/\/ozponcho.com.au\/\",\"name\":\"OZ Poncho\",\"description\":\"\",\"potentialAction\":[{\"@type\":\"SearchAction\",\"target\":{\"@type\":\"EntryPoint\",\"urlTemplate\":\"https:\/\/ozponcho.com.au\/?s={search_term_string}\"},\"query-input\":{\"@type\":\"PropertyValueSpecification\",\"valueRequired\":true,\"valueName\":\"search_term_string\"}}],\"inLanguage\":\"hu\"}]}<\/script>\n<!-- \/ Yoast SEO plugin. -->","yoast_head_json":{"title":"Gyorsan sz\u00e1rad\u00f3 kapucnis poncs\u00f3 | Magyarorsz\u00e1g #1 Poncs\u00f3 Shop","description":"Gyorsan sz\u00e1rad\u00f3 kapucnis poncs\u00f3t keres ? A legjobb helyre j\u00f6tt\u00e9l \ud83d\ude04 Gyorsan sz\u00e1rad\u00f3 kapucnis poncs\u00f3 sz\u00e9les v\u00e1laszt\u00e9k\u00e1t k\u00edn\u00e1ljuk, t\u00f6k\u00e9letes az \u00d6n sz\u00e1m\u00e1ra.","robots":{"index":"index","follow":"follow","max-snippet":"max-snippet:-1","max-image-preview":"max-image-preview:large","max-video-preview":"max-video-preview:-1"},"canonical":"https:\/\/ozponcho.com.au\/hu\/p\/nedvszivo-szorfos-furdoponcso\/","og_locale":"hu_HU","og_type":"article","og_title":"Quick-Dry Hooded Poncho | Magyarorsz\u00e1g #1 Poncho Shop","og_description":"Looking for a Quick-Dry Hooded Poncho ? You've come to the right place \ud83d\ude04 We offers a wide selection of Quick-Dry Hooded Poncho, perfect for you.","og_url":"https:\/\/ozponcho.com.au\/hu\/p\/nedvszivo-szorfos-furdoponcso\/","og_site_name":"OZ Poncho","article_modified_time":"2024-03-08T05:26:11+00:00","og_image":[{"width":1000,"height":1000,"url":"https:\/\/ozponcho.com.au\/wp-content\/uploads\/2023\/12\/H9bece0075f92434d8f32ba3d5fcde7b3m-4.webp","type":"image\/webp"}],"twitter_card":"summary_large_image","twitter_misc":{"Becs\u00fclt olvas\u00e1si id\u0151":"1 perc"},"schema":{"@context":"https:\/\/schema.org","@graph":[{"@type":"WebPage","@id":"https:\/\/ozponcho.com.au\/p\/absorbent-surf-bath-poncho\/","url":"https:\/\/ozponcho.com.au\/p\/absorbent-surf-bath-poncho\/","name":"Gyorsan sz\u00e1rad\u00f3 kapucnis poncs\u00f3 | Magyarorsz\u00e1g #1 Poncs\u00f3 Shop","isPartOf":{"@id":"https:\/\/ozponcho.com.au\/#website"},"primaryImageOfPage":{"@id":"https:\/\/ozponcho.com.au\/p\/absorbent-surf-bath-poncho\/#primaryimage"},"image":{"@id":"https:\/\/ozponcho.com.au\/p\/absorbent-surf-bath-poncho\/#primaryimage"},"thumbnailUrl":"https:\/\/ozponcho.com.au\/wp-content\/uploads\/2023\/12\/H9bece0075f92434d8f32ba3d5fcde7b3m-4.webp","datePublished":"2023-12-30T12:17:26+00:00","dateModified":"2024-03-08T05:26:11+00:00","description":"Gyorsan sz\u00e1rad\u00f3 kapucnis poncs\u00f3t keres ? A legjobb helyre j\u00f6tt\u00e9l \ud83d\ude04 Gyorsan sz\u00e1rad\u00f3 kapucnis poncs\u00f3 sz\u00e9les v\u00e1laszt\u00e9k\u00e1t k\u00edn\u00e1ljuk, t\u00f6k\u00e9letes az \u00d6n sz\u00e1m\u00e1ra.","breadcrumb":{"@id":"https:\/\/ozponcho.com.au\/p\/absorbent-surf-bath-poncho\/#breadcrumb"},"inLanguage":"hu","potentialAction":[{"@type":"ReadAction","target":["https:\/\/ozponcho.com.au\/p\/absorbent-surf-bath-poncho\/"]}]},{"@type":"ImageObject","inLanguage":"hu","@id":"https:\/\/ozponcho.com.au\/p\/absorbent-surf-bath-poncho\/#primaryimage","url":"https:\/\/ozponcho.com.au\/wp-content\/uploads\/2023\/12\/H9bece0075f92434d8f32ba3d5fcde7b3m-4.webp","contentUrl":"https:\/\/ozponcho.com.au\/wp-content\/uploads\/2023\/12\/H9bece0075f92434d8f32ba3d5fcde7b3m-4.webp","width":1000,"height":1000,"caption":"Quick-Dry Hooded Poncho"},{"@type":"BreadcrumbList","@id":"https:\/\/ozponcho.com.au\/p\/absorbent-surf-bath-poncho\/#breadcrumb","itemListElement":[{"@type":"ListItem","position":1,"name":"Home","item":"https:\/\/ozponcho.com.au\/"},{"@type":"ListItem","position":2,"name":"Shop","item":"https:\/\/ozponcho.com.au\/shop\/"},{"@type":"ListItem","position":3,"name":"Quick-Dry Hooded Poncho"}]},{"@type":"WebSite","@id":"https:\/\/ozponcho.com.au\/#website","url":"https:\/\/ozponcho.com.au\/","name":"OZ Poncho","description":"","potentialAction":[{"@type":"SearchAction","target":{"@type":"EntryPoint","urlTemplate":"https:\/\/ozponcho.com.au\/?s={search_term_string}"},"query-input":{"@type":"PropertyValueSpecification","valueRequired":true,"valueName":"search_term_string"}}],"inLanguage":"hu"}]}},"_links":{"self":[{"href":"https:\/\/ozponcho.com.au\/hu\/wp-json\/wp\/v2\/product\/16473","targetHints":{"allow":["GET"]}}],"collection":[{"href":"https:\/\/ozponcho.com.au\/hu\/wp-json\/wp\/v2\/product"}],"about":[{"href":"https:\/\/ozponcho.com.au\/hu\/wp-json\/wp\/v2\/types\/product"}],"wp:featuredmedia":[{"embeddable":true,"href":"https:\/\/ozponcho.com.au\/hu\/wp-json\/wp\/v2\/media\/16472"}],"wp:attachment":[{"href":"https:\/\/ozponcho.com.au\/hu\/wp-json\/wp\/v2\/media?parent=16473"}],"wp:term":[{"taxonomy":"product_brand","embeddable":true,"href":"https:\/\/ozponcho.com.au\/hu\/wp-json\/wp\/v2\/product_brand?post=16473"},{"taxonomy":"product_cat","embeddable":true,"href":"https:\/\/ozponcho.com.au\/hu\/wp-json\/wp\/v2\/product_cat?post=16473"},{"taxonomy":"product_tag","embeddable":true,"href":"https:\/\/ozponcho.com.au\/hu\/wp-json\/wp\/v2\/product_tag?post=16473"}],"curies":[{"name":"wp","href":"https:\/\/api.w.org\/{rel}","templated":true}]}}