{"id":16189,"date":"2023-12-30T22:39:43","date_gmt":"2023-12-30T11:39:43","guid":{"rendered":"https:\/\/ozponcho.com.au\/?post_type=product&#038;p=16189"},"modified":"2024-03-08T16:26:18","modified_gmt":"2024-03-08T05:26:18","slug":"graphic-print-beach-poncho","status":"publish","type":"product","link":"https:\/\/ozponcho.com.au\/hu\/p\/graphic-print-beach-poncho\/","title":{"rendered":"\u00c9l\u00e9nk mikrosz\u00e1las sz\u00f6rf poncs\u00f3"},"content":{"rendered":"<p>Dive into comfort with our Microfiber Surf Poncho, a must-have for any water enthusiast or festival-goer. Our ponchos offer quick-drying microfiber fabric, ensuring you stay cozy and dry after a swim. The dynamic 3D prints, ranging from celestial to natural themes, inject personality into your beachwear. Lightweight with a soft feel, these ponchos are perfect for changing privately in public places, making them an essential accessory for your next outdoor adventure. Choose to stand out with bright designs and embrace functional fashion at its finest.<\/p>\n<h2>SPECIFIK\u00c1CI\u00d3K<\/h2>\n<p>M\u00e9retek: Gyermekek: 65x80cm<\/p>\n<p>Anyag: anyag: mikrosz\u00e1las sz\u00f6vet<\/p>\n<p>Jellemz\u0151: Gyorsan sz\u00e1rad\u00f3<\/p>\n<p><img decoding=\"async\" class=\"alignnone size-full wp-image-17245\" src=\"https:\/\/ozponcho.com.au\/wp-content\/uploads\/2023\/12\/Screenshot-2024-01-18-at-00.21.05.png\" alt=\"\" width=\"1882\" height=\"988\" srcset=\"https:\/\/ozponcho.com.au\/wp-content\/uploads\/2023\/12\/Screenshot-2024-01-18-at-00.21.05.png 1882w, https:\/\/ozponcho.com.au\/wp-content\/uploads\/2023\/12\/Screenshot-2024-01-18-at-00.21.05-1020x535.png 1020w, https:\/\/ozponcho.com.au\/wp-content\/uploads\/2023\/12\/Screenshot-2024-01-18-at-00.21.05-300x157.png 300w, https:\/\/ozponcho.com.au\/wp-content\/uploads\/2023\/12\/Screenshot-2024-01-18-at-00.21.05-1024x538.png 1024w, https:\/\/ozponcho.com.au\/wp-content\/uploads\/2023\/12\/Screenshot-2024-01-18-at-00.21.05-768x403.png 768w, https:\/\/ozponcho.com.au\/wp-content\/uploads\/2023\/12\/Screenshot-2024-01-18-at-00.21.05-1536x806.png 1536w\" sizes=\"(max-width: 1882px) 100vw, 1882px\" \/><\/p>","protected":false},"excerpt":{"rendered":"<p>Dive into comfort with our Microfiber Surf Poncho, a must-have for any water enthusiast or festival-goer. Our ponchos offer quick-drying microfiber fabric, ensuring you stay cozy and dry after a swim. The dynamic 3D prints, ranging from celestial to natural themes, inject personality into your beachwear. Lightweight with a soft feel, these ponchos are perfect [&#8230;]","protected":false},"featured_media":16188,"template":"","meta":[],"product_brand":[],"product_cat":[15,208],"product_tag":[],"class_list":{"0":"post-16189","1":"product","2":"type-product","3":"status-publish","4":"has-post-thumbnail","6":"product_cat-main-category","7":"product_cat-surf-poncho","9":"first","10":"instock","11":"shipping-taxable","12":"purchasable","13":"product-type-variable"},"yoast_head":"<!-- This site is optimized with the Yoast SEO plugin v25.9 - https:\/\/yoast.com\/wordpress\/plugins\/seo\/ -->\n<title>Vibrant Microfiber Surf Poncho | Magyarorsz\u00e1g #1 Poncho Shop<\/title>\n<meta name=\"description\" content=\"Looking for a Vibrant Microfiber Surf Poncho ? You&#039;ve come to the right place \ud83d\ude04 We offers a wide selection of Vibrant Microfiber Surf Poncho, perfect for you.\" \/>\n<meta name=\"robots\" content=\"index, follow, max-snippet:-1, max-image-preview:large, max-video-preview:-1\" \/>\n<link rel=\"canonical\" href=\"https:\/\/ozponcho.com.au\/hu\/p\/graphic-print-beach-poncho\/\" \/>\n<meta property=\"og:locale\" content=\"hu_HU\" \/>\n<meta property=\"og:type\" content=\"article\" \/>\n<meta property=\"og:title\" content=\"Vibrant Microfiber Surf Poncho | Magyarorsz\u00e1g #1 Poncho Shop\" \/>\n<meta property=\"og:description\" content=\"Looking for a Vibrant Microfiber Surf Poncho ? You&#039;ve come to the right place \ud83d\ude04 We offers a wide selection of Vibrant Microfiber Surf Poncho, perfect for you.\" \/>\n<meta property=\"og:url\" content=\"https:\/\/ozponcho.com.au\/hu\/p\/graphic-print-beach-poncho\/\" \/>\n<meta property=\"og:site_name\" content=\"OZ Poncho\" \/>\n<meta property=\"article:modified_time\" content=\"2024-03-08T05:26:18+00:00\" \/>\n<meta property=\"og:image\" content=\"https:\/\/ozponcho.com.au\/wp-content\/uploads\/2023\/12\/Ha95f0f75d60d4540bc60e8d373affae7N-2.webp\" \/>\n\t<meta property=\"og:image:width\" content=\"1000\" \/>\n\t<meta property=\"og:image:height\" content=\"1000\" \/>\n\t<meta property=\"og:image:type\" content=\"image\/webp\" \/>\n<meta name=\"twitter:card\" content=\"summary_large_image\" \/>\n<meta name=\"twitter:label1\" content=\"Becs\u00fclt olvas\u00e1si id\u0151\" \/>\n\t<meta name=\"twitter:data1\" content=\"1 perc\" \/>\n<script type=\"application\/ld+json\" class=\"yoast-schema-graph\">{\"@context\":\"https:\/\/schema.org\",\"@graph\":[{\"@type\":\"WebPage\",\"@id\":\"https:\/\/ozponcho.com.au\/p\/graphic-print-beach-poncho\/\",\"url\":\"https:\/\/ozponcho.com.au\/p\/graphic-print-beach-poncho\/\",\"name\":\"Vibrant Microfiber Surf Poncho | Magyarorsz\u00e1g #1 Poncho Shop\",\"isPartOf\":{\"@id\":\"https:\/\/ozponcho.com.au\/#website\"},\"primaryImageOfPage\":{\"@id\":\"https:\/\/ozponcho.com.au\/p\/graphic-print-beach-poncho\/#primaryimage\"},\"image\":{\"@id\":\"https:\/\/ozponcho.com.au\/p\/graphic-print-beach-poncho\/#primaryimage\"},\"thumbnailUrl\":\"https:\/\/ozponcho.com.au\/wp-content\/uploads\/2023\/12\/Ha95f0f75d60d4540bc60e8d373affae7N-2.webp\",\"datePublished\":\"2023-12-30T11:39:43+00:00\",\"dateModified\":\"2024-03-08T05:26:18+00:00\",\"description\":\"Looking for a Vibrant Microfiber Surf Poncho ? You've come to the right place \ud83d\ude04 We offers a wide selection of Vibrant Microfiber Surf Poncho, perfect for you.\",\"breadcrumb\":{\"@id\":\"https:\/\/ozponcho.com.au\/p\/graphic-print-beach-poncho\/#breadcrumb\"},\"inLanguage\":\"hu\",\"potentialAction\":[{\"@type\":\"ReadAction\",\"target\":[\"https:\/\/ozponcho.com.au\/p\/graphic-print-beach-poncho\/\"]}]},{\"@type\":\"ImageObject\",\"inLanguage\":\"hu\",\"@id\":\"https:\/\/ozponcho.com.au\/p\/graphic-print-beach-poncho\/#primaryimage\",\"url\":\"https:\/\/ozponcho.com.au\/wp-content\/uploads\/2023\/12\/Ha95f0f75d60d4540bc60e8d373affae7N-2.webp\",\"contentUrl\":\"https:\/\/ozponcho.com.au\/wp-content\/uploads\/2023\/12\/Ha95f0f75d60d4540bc60e8d373affae7N-2.webp\",\"width\":1000,\"height\":1000,\"caption\":\"Vibrant Microfiber Surf Poncho\"},{\"@type\":\"BreadcrumbList\",\"@id\":\"https:\/\/ozponcho.com.au\/p\/graphic-print-beach-poncho\/#breadcrumb\",\"itemListElement\":[{\"@type\":\"ListItem\",\"position\":1,\"name\":\"Home\",\"item\":\"https:\/\/ozponcho.com.au\/\"},{\"@type\":\"ListItem\",\"position\":2,\"name\":\"Shop\",\"item\":\"https:\/\/ozponcho.com.au\/shop\/\"},{\"@type\":\"ListItem\",\"position\":3,\"name\":\"Vibrant Microfiber Surf Poncho\"}]},{\"@type\":\"WebSite\",\"@id\":\"https:\/\/ozponcho.com.au\/#website\",\"url\":\"https:\/\/ozponcho.com.au\/\",\"name\":\"OZ Poncho\",\"description\":\"\",\"potentialAction\":[{\"@type\":\"SearchAction\",\"target\":{\"@type\":\"EntryPoint\",\"urlTemplate\":\"https:\/\/ozponcho.com.au\/?s={search_term_string}\"},\"query-input\":{\"@type\":\"PropertyValueSpecification\",\"valueRequired\":true,\"valueName\":\"search_term_string\"}}],\"inLanguage\":\"hu\"}]}<\/script>\n<!-- \/ Yoast SEO plugin. -->","yoast_head_json":{"title":"Vibrant mikrosz\u00e1las sz\u00f6rf poncs\u00f3 | Magyarorsz\u00e1g #1 Poncho Shop","description":"\u00c9l\u00e9nk mikrosz\u00e1las sz\u00f6rfponch\u00f3t keres ? A legjobb helyen j\u00e1rsz \ud83d\ude04 Vibrant Microfiber Surf Poncho sz\u00e9les v\u00e1laszt\u00e9k\u00e1t k\u00edn\u00e1ljuk, t\u00f6k\u00e9letes az \u00d6n sz\u00e1m\u00e1ra.","robots":{"index":"index","follow":"follow","max-snippet":"max-snippet:-1","max-image-preview":"max-image-preview:large","max-video-preview":"max-video-preview:-1"},"canonical":"https:\/\/ozponcho.com.au\/hu\/p\/graphic-print-beach-poncho\/","og_locale":"hu_HU","og_type":"article","og_title":"Vibrant Microfiber Surf Poncho | Magyarorsz\u00e1g #1 Poncho Shop","og_description":"Looking for a Vibrant Microfiber Surf Poncho ? You've come to the right place \ud83d\ude04 We offers a wide selection of Vibrant Microfiber Surf Poncho, perfect for you.","og_url":"https:\/\/ozponcho.com.au\/hu\/p\/graphic-print-beach-poncho\/","og_site_name":"OZ Poncho","article_modified_time":"2024-03-08T05:26:18+00:00","og_image":[{"width":1000,"height":1000,"url":"https:\/\/ozponcho.com.au\/wp-content\/uploads\/2023\/12\/Ha95f0f75d60d4540bc60e8d373affae7N-2.webp","type":"image\/webp"}],"twitter_card":"summary_large_image","twitter_misc":{"Becs\u00fclt olvas\u00e1si id\u0151":"1 perc"},"schema":{"@context":"https:\/\/schema.org","@graph":[{"@type":"WebPage","@id":"https:\/\/ozponcho.com.au\/p\/graphic-print-beach-poncho\/","url":"https:\/\/ozponcho.com.au\/p\/graphic-print-beach-poncho\/","name":"Vibrant mikrosz\u00e1las sz\u00f6rf poncs\u00f3 | Magyarorsz\u00e1g #1 Poncho Shop","isPartOf":{"@id":"https:\/\/ozponcho.com.au\/#website"},"primaryImageOfPage":{"@id":"https:\/\/ozponcho.com.au\/p\/graphic-print-beach-poncho\/#primaryimage"},"image":{"@id":"https:\/\/ozponcho.com.au\/p\/graphic-print-beach-poncho\/#primaryimage"},"thumbnailUrl":"https:\/\/ozponcho.com.au\/wp-content\/uploads\/2023\/12\/Ha95f0f75d60d4540bc60e8d373affae7N-2.webp","datePublished":"2023-12-30T11:39:43+00:00","dateModified":"2024-03-08T05:26:18+00:00","description":"\u00c9l\u00e9nk mikrosz\u00e1las sz\u00f6rfponch\u00f3t keres ? A legjobb helyen j\u00e1rsz \ud83d\ude04 Vibrant Microfiber Surf Poncho sz\u00e9les v\u00e1laszt\u00e9k\u00e1t k\u00edn\u00e1ljuk, t\u00f6k\u00e9letes az \u00d6n sz\u00e1m\u00e1ra.","breadcrumb":{"@id":"https:\/\/ozponcho.com.au\/p\/graphic-print-beach-poncho\/#breadcrumb"},"inLanguage":"hu","potentialAction":[{"@type":"ReadAction","target":["https:\/\/ozponcho.com.au\/p\/graphic-print-beach-poncho\/"]}]},{"@type":"ImageObject","inLanguage":"hu","@id":"https:\/\/ozponcho.com.au\/p\/graphic-print-beach-poncho\/#primaryimage","url":"https:\/\/ozponcho.com.au\/wp-content\/uploads\/2023\/12\/Ha95f0f75d60d4540bc60e8d373affae7N-2.webp","contentUrl":"https:\/\/ozponcho.com.au\/wp-content\/uploads\/2023\/12\/Ha95f0f75d60d4540bc60e8d373affae7N-2.webp","width":1000,"height":1000,"caption":"Vibrant Microfiber Surf Poncho"},{"@type":"BreadcrumbList","@id":"https:\/\/ozponcho.com.au\/p\/graphic-print-beach-poncho\/#breadcrumb","itemListElement":[{"@type":"ListItem","position":1,"name":"Home","item":"https:\/\/ozponcho.com.au\/"},{"@type":"ListItem","position":2,"name":"Shop","item":"https:\/\/ozponcho.com.au\/shop\/"},{"@type":"ListItem","position":3,"name":"Vibrant Microfiber Surf Poncho"}]},{"@type":"WebSite","@id":"https:\/\/ozponcho.com.au\/#website","url":"https:\/\/ozponcho.com.au\/","name":"OZ Poncho","description":"","potentialAction":[{"@type":"SearchAction","target":{"@type":"EntryPoint","urlTemplate":"https:\/\/ozponcho.com.au\/?s={search_term_string}"},"query-input":{"@type":"PropertyValueSpecification","valueRequired":true,"valueName":"search_term_string"}}],"inLanguage":"hu"}]}},"_links":{"self":[{"href":"https:\/\/ozponcho.com.au\/hu\/wp-json\/wp\/v2\/product\/16189","targetHints":{"allow":["GET"]}}],"collection":[{"href":"https:\/\/ozponcho.com.au\/hu\/wp-json\/wp\/v2\/product"}],"about":[{"href":"https:\/\/ozponcho.com.au\/hu\/wp-json\/wp\/v2\/types\/product"}],"wp:featuredmedia":[{"embeddable":true,"href":"https:\/\/ozponcho.com.au\/hu\/wp-json\/wp\/v2\/media\/16188"}],"wp:attachment":[{"href":"https:\/\/ozponcho.com.au\/hu\/wp-json\/wp\/v2\/media?parent=16189"}],"wp:term":[{"taxonomy":"product_brand","embeddable":true,"href":"https:\/\/ozponcho.com.au\/hu\/wp-json\/wp\/v2\/product_brand?post=16189"},{"taxonomy":"product_cat","embeddable":true,"href":"https:\/\/ozponcho.com.au\/hu\/wp-json\/wp\/v2\/product_cat?post=16189"},{"taxonomy":"product_tag","embeddable":true,"href":"https:\/\/ozponcho.com.au\/hu\/wp-json\/wp\/v2\/product_tag?post=16189"}],"curies":[{"name":"wp","href":"https:\/\/api.w.org\/{rel}","templated":true}]}}