{"id":15956,"date":"2023-12-30T22:36:36","date_gmt":"2023-12-30T11:36:36","guid":{"rendered":"https:\/\/ozponcho.com.au\/?post_type=product&#038;p=15956"},"modified":"2024-12-16T15:50:28","modified_gmt":"2024-12-16T04:50:28","slug":"children-rainproof-hooded-cape","status":"publish","type":"product","link":"https:\/\/ozponcho.com.au\/hu\/p\/gyermek-esoallo-kapucnis-kopeny\/","title":{"rendered":"Gyerekek v\u00edz\u00e1ll\u00f3 es\u0151 poncs\u00f3"},"content":{"rendered":"<p>Hozzon \u00f6r\u00f6met az es\u0151s napokra a k\u00f6nny\u0171, v\u00edz\u00e1ll\u00f3 gyerek es\u0151s poncs\u00f3val. Ez az \u00e9l\u00e9nk s\u00e1rga p\u00f6tty\u00f6kkel d\u00edsz\u00edtett, b\u00e1jos poncs\u00f3 t\u00f6k\u00e9letesen alkalmas arra, hogy a kicsiket sz\u00e1razon tartsa a szabadt\u00e9ri tev\u00e9kenys\u00e9gek sor\u00e1n. Tart\u00f3s m\u0171anyag szerkezete megb\u00edzhat\u00f3 v\u00edz\u00e1ll\u00f3 v\u00e9delmet ny\u00fajt, m\u00edg a kapucni \u00e9s a p\u00e1ntos z\u00e1r\u00f3d\u00e1sok k\u00e9nyelmes \u00e9s k\u00e9nyelmes illeszked\u00e9st biztos\u00edtanak. K\u00f6nnyen viselhet\u0151 \u00e9s vid\u00e1m kialak\u00edt\u00e1s\u00fa, ez a t\u00f6k\u00e9letes t\u00e1rs az es\u0151s napokon gyermeke sz\u00e1m\u00e1ra. Szerelje fel gyermekeit ezzel a st\u00edlusos poncs\u00f3val, \u00e9s hagyja, hogy st\u00edlusosan csobbanjanak!<\/p>\n<h2>SPECIFIK\u00c1CI\u00d3K<\/h2>\n<p>Anyag: M\u0171anyag<\/p>\n<p>Korcsoport: Gyermekek<\/p>\n<p>Nemek: F\u00e9rfiak \u00e9s l\u00e1nyok<\/p>\n<p>T\u00edpus: Es\u0151kab\u00e1t<\/p>\n<p><img decoding=\"async\" class=\"alignnone size-full wp-image-17234\" src=\"https:\/\/ozponcho.com.au\/wp-content\/uploads\/2023\/12\/Screenshot-2024-01-17-at-17.12.02.png\" alt=\"Gyermek ruh\u00e1zat m\u00e9retdiagram\" width=\"1524\" height=\"408\" srcset=\"https:\/\/ozponcho.com.au\/wp-content\/uploads\/2023\/12\/Screenshot-2024-01-17-at-17.12.02.png 1524w, https:\/\/ozponcho.com.au\/wp-content\/uploads\/2023\/12\/Screenshot-2024-01-17-at-17.12.02-1020x273.png 1020w, https:\/\/ozponcho.com.au\/wp-content\/uploads\/2023\/12\/Screenshot-2024-01-17-at-17.12.02-300x80.png 300w, https:\/\/ozponcho.com.au\/wp-content\/uploads\/2023\/12\/Screenshot-2024-01-17-at-17.12.02-1024x274.png 1024w, https:\/\/ozponcho.com.au\/wp-content\/uploads\/2023\/12\/Screenshot-2024-01-17-at-17.12.02-768x206.png 768w\" sizes=\"(max-width: 1524px) 100vw, 1524px\" \/><\/p>\n<p><img decoding=\"async\" class=\"alignnone size-full wp-image-16947\" src=\"https:\/\/ozponcho.com.au\/wp-content\/uploads\/2023\/12\/S8d969f6d0b7a42f5beb2a4fdb06efb7f9-47.webp\" alt=\"Kid es\u0151kab\u00e1t aranyos\" width=\"800\" height=\"800\" srcset=\"https:\/\/ozponcho.com.au\/wp-content\/uploads\/2023\/12\/S8d969f6d0b7a42f5beb2a4fdb06efb7f9-47.webp 800w, https:\/\/ozponcho.com.au\/wp-content\/uploads\/2023\/12\/S8d969f6d0b7a42f5beb2a4fdb06efb7f9-47-100x100.webp 100w, https:\/\/ozponcho.com.au\/wp-content\/uploads\/2023\/12\/S8d969f6d0b7a42f5beb2a4fdb06efb7f9-47-300x300.webp 300w, https:\/\/ozponcho.com.au\/wp-content\/uploads\/2023\/12\/S8d969f6d0b7a42f5beb2a4fdb06efb7f9-47-150x150.webp 150w, https:\/\/ozponcho.com.au\/wp-content\/uploads\/2023\/12\/S8d969f6d0b7a42f5beb2a4fdb06efb7f9-47-768x768.webp 768w, https:\/\/ozponcho.com.au\/wp-content\/uploads\/2023\/12\/S8d969f6d0b7a42f5beb2a4fdb06efb7f9-47-510x510.webp 510w\" sizes=\"(max-width: 800px) 100vw, 800px\" \/><\/p>","protected":false},"excerpt":{"rendered":"<p>Bring joy to rainy days with our lightweight Kids Waterproof Rain Poncho. Adorned with vibrant yellow dots, this charming poncho is perfect for keeping your little ones dry during outdoor activities. Its durable plastic construction offers reliable waterproof protection, while the hood and snap closures ensure a snug and comfortable fit. Easy to wear and [&#8230;]","protected":false},"featured_media":15955,"template":"","meta":[],"product_brand":[],"product_cat":[15,217,212,205,224],"product_tag":[],"class_list":{"0":"post-15956","1":"product","2":"type-product","3":"status-publish","4":"has-post-thumbnail","6":"product_cat-main-category","7":"product_cat-plastic-poncho","8":"product_cat-poncho-kid","9":"product_cat-rain-poncho","10":"product_cat-yellow-poncho","12":"first","13":"instock","14":"shipping-taxable","15":"purchasable","16":"product-type-variable"},"yoast_head":"<!-- This site is optimized with the Yoast SEO plugin v25.9 - https:\/\/yoast.com\/wordpress\/plugins\/seo\/ -->\n<title>Kids Waterproof Rain Poncho | Magyarorsz\u00e1g #1 Poncho Shop<\/title>\n<meta name=\"description\" content=\"Looking for a Kids Waterproof Rain Poncho ? You&#039;ve come to the right place \ud83d\ude04 We offers a wide selection of Kids Waterproof Rain Poncho, perfect for you.\" \/>\n<meta name=\"robots\" content=\"index, follow, max-snippet:-1, max-image-preview:large, max-video-preview:-1\" \/>\n<link rel=\"canonical\" href=\"https:\/\/ozponcho.com.au\/hu\/p\/gyermek-esoallo-kapucnis-kopeny\/\" \/>\n<meta property=\"og:locale\" content=\"hu_HU\" \/>\n<meta property=\"og:type\" content=\"article\" \/>\n<meta property=\"og:title\" content=\"Kids Waterproof Rain Poncho | Magyarorsz\u00e1g #1 Poncho Shop\" \/>\n<meta property=\"og:description\" content=\"Looking for a Kids Waterproof Rain Poncho ? You&#039;ve come to the right place \ud83d\ude04 We offers a wide selection of Kids Waterproof Rain Poncho, perfect for you.\" \/>\n<meta property=\"og:url\" content=\"https:\/\/ozponcho.com.au\/hu\/p\/gyermek-esoallo-kapucnis-kopeny\/\" \/>\n<meta property=\"og:site_name\" content=\"OZ Poncho\" \/>\n<meta property=\"article:modified_time\" content=\"2024-12-16T04:50:28+00:00\" \/>\n<meta property=\"og:image\" content=\"https:\/\/ozponcho.com.au\/wp-content\/uploads\/2023\/12\/Sc53ad86ac36843899ef65808af58b4df7-2.webp\" \/>\n\t<meta property=\"og:image:width\" content=\"800\" \/>\n\t<meta property=\"og:image:height\" content=\"800\" \/>\n\t<meta property=\"og:image:type\" content=\"image\/webp\" \/>\n<meta name=\"twitter:card\" content=\"summary_large_image\" \/>\n<meta name=\"twitter:label1\" content=\"Becs\u00fclt olvas\u00e1si id\u0151\" \/>\n\t<meta name=\"twitter:data1\" content=\"1 perc\" \/>\n<script type=\"application\/ld+json\" class=\"yoast-schema-graph\">{\"@context\":\"https:\/\/schema.org\",\"@graph\":[{\"@type\":\"WebPage\",\"@id\":\"https:\/\/ozponcho.com.au\/p\/children-rainproof-hooded-cape\/\",\"url\":\"https:\/\/ozponcho.com.au\/p\/children-rainproof-hooded-cape\/\",\"name\":\"Kids Waterproof Rain Poncho | Magyarorsz\u00e1g #1 Poncho Shop\",\"isPartOf\":{\"@id\":\"https:\/\/ozponcho.com.au\/#website\"},\"primaryImageOfPage\":{\"@id\":\"https:\/\/ozponcho.com.au\/p\/children-rainproof-hooded-cape\/#primaryimage\"},\"image\":{\"@id\":\"https:\/\/ozponcho.com.au\/p\/children-rainproof-hooded-cape\/#primaryimage\"},\"thumbnailUrl\":\"https:\/\/ozponcho.com.au\/wp-content\/uploads\/2023\/12\/Sc53ad86ac36843899ef65808af58b4df7-2.webp\",\"datePublished\":\"2023-12-30T11:36:36+00:00\",\"dateModified\":\"2024-12-16T04:50:28+00:00\",\"description\":\"Looking for a Kids Waterproof Rain Poncho ? You've come to the right place \ud83d\ude04 We offers a wide selection of Kids Waterproof Rain Poncho, perfect for you.\",\"breadcrumb\":{\"@id\":\"https:\/\/ozponcho.com.au\/p\/children-rainproof-hooded-cape\/#breadcrumb\"},\"inLanguage\":\"hu\",\"potentialAction\":[{\"@type\":\"ReadAction\",\"target\":[\"https:\/\/ozponcho.com.au\/p\/children-rainproof-hooded-cape\/\"]}]},{\"@type\":\"ImageObject\",\"inLanguage\":\"hu\",\"@id\":\"https:\/\/ozponcho.com.au\/p\/children-rainproof-hooded-cape\/#primaryimage\",\"url\":\"https:\/\/ozponcho.com.au\/wp-content\/uploads\/2023\/12\/Sc53ad86ac36843899ef65808af58b4df7-2.webp\",\"contentUrl\":\"https:\/\/ozponcho.com.au\/wp-content\/uploads\/2023\/12\/Sc53ad86ac36843899ef65808af58b4df7-2.webp\",\"width\":800,\"height\":800,\"caption\":\"Kids Waterproof Rain Poncho\"},{\"@type\":\"BreadcrumbList\",\"@id\":\"https:\/\/ozponcho.com.au\/p\/children-rainproof-hooded-cape\/#breadcrumb\",\"itemListElement\":[{\"@type\":\"ListItem\",\"position\":1,\"name\":\"Home\",\"item\":\"https:\/\/ozponcho.com.au\/\"},{\"@type\":\"ListItem\",\"position\":2,\"name\":\"Shop\",\"item\":\"https:\/\/ozponcho.com.au\/shop\/\"},{\"@type\":\"ListItem\",\"position\":3,\"name\":\"Kids Waterproof Rain Poncho\"}]},{\"@type\":\"WebSite\",\"@id\":\"https:\/\/ozponcho.com.au\/#website\",\"url\":\"https:\/\/ozponcho.com.au\/\",\"name\":\"OZ Poncho\",\"description\":\"\",\"potentialAction\":[{\"@type\":\"SearchAction\",\"target\":{\"@type\":\"EntryPoint\",\"urlTemplate\":\"https:\/\/ozponcho.com.au\/?s={search_term_string}\"},\"query-input\":{\"@type\":\"PropertyValueSpecification\",\"valueRequired\":true,\"valueName\":\"search_term_string\"}}],\"inLanguage\":\"hu\"}]}<\/script>\n<!-- \/ Yoast SEO plugin. -->","yoast_head_json":{"title":"Gyerek v\u00edz\u00e1ll\u00f3 es\u0151poncs\u00f3 | Magyarorsz\u00e1g #1 Poncs\u00f3 Shop","description":"Gyerekeknek v\u00edz\u00e1ll\u00f3 es\u0151ponch\u00f3t keresel ? A legjobb helyen j\u00e1rsz \ud83d\ude04 Gyerekek v\u00edz\u00e1ll\u00f3 es\u0151poncho sz\u00e9les v\u00e1laszt\u00e9k\u00e1t k\u00edn\u00e1ljuk, t\u00f6k\u00e9letes az \u00d6n sz\u00e1m\u00e1ra.","robots":{"index":"index","follow":"follow","max-snippet":"max-snippet:-1","max-image-preview":"max-image-preview:large","max-video-preview":"max-video-preview:-1"},"canonical":"https:\/\/ozponcho.com.au\/hu\/p\/gyermek-esoallo-kapucnis-kopeny\/","og_locale":"hu_HU","og_type":"article","og_title":"Kids Waterproof Rain Poncho | Magyarorsz\u00e1g #1 Poncho Shop","og_description":"Looking for a Kids Waterproof Rain Poncho ? You've come to the right place \ud83d\ude04 We offers a wide selection of Kids Waterproof Rain Poncho, perfect for you.","og_url":"https:\/\/ozponcho.com.au\/hu\/p\/gyermek-esoallo-kapucnis-kopeny\/","og_site_name":"OZ Poncho","article_modified_time":"2024-12-16T04:50:28+00:00","og_image":[{"width":800,"height":800,"url":"https:\/\/ozponcho.com.au\/wp-content\/uploads\/2023\/12\/Sc53ad86ac36843899ef65808af58b4df7-2.webp","type":"image\/webp"}],"twitter_card":"summary_large_image","twitter_misc":{"Becs\u00fclt olvas\u00e1si id\u0151":"1 perc"},"schema":{"@context":"https:\/\/schema.org","@graph":[{"@type":"WebPage","@id":"https:\/\/ozponcho.com.au\/p\/children-rainproof-hooded-cape\/","url":"https:\/\/ozponcho.com.au\/p\/children-rainproof-hooded-cape\/","name":"Gyerek v\u00edz\u00e1ll\u00f3 es\u0151poncs\u00f3 | Magyarorsz\u00e1g #1 Poncs\u00f3 Shop","isPartOf":{"@id":"https:\/\/ozponcho.com.au\/#website"},"primaryImageOfPage":{"@id":"https:\/\/ozponcho.com.au\/p\/children-rainproof-hooded-cape\/#primaryimage"},"image":{"@id":"https:\/\/ozponcho.com.au\/p\/children-rainproof-hooded-cape\/#primaryimage"},"thumbnailUrl":"https:\/\/ozponcho.com.au\/wp-content\/uploads\/2023\/12\/Sc53ad86ac36843899ef65808af58b4df7-2.webp","datePublished":"2023-12-30T11:36:36+00:00","dateModified":"2024-12-16T04:50:28+00:00","description":"Gyerekeknek v\u00edz\u00e1ll\u00f3 es\u0151ponch\u00f3t keresel ? A legjobb helyen j\u00e1rsz \ud83d\ude04 Gyerekek v\u00edz\u00e1ll\u00f3 es\u0151poncho sz\u00e9les v\u00e1laszt\u00e9k\u00e1t k\u00edn\u00e1ljuk, t\u00f6k\u00e9letes az \u00d6n sz\u00e1m\u00e1ra.","breadcrumb":{"@id":"https:\/\/ozponcho.com.au\/p\/children-rainproof-hooded-cape\/#breadcrumb"},"inLanguage":"hu","potentialAction":[{"@type":"ReadAction","target":["https:\/\/ozponcho.com.au\/p\/children-rainproof-hooded-cape\/"]}]},{"@type":"ImageObject","inLanguage":"hu","@id":"https:\/\/ozponcho.com.au\/p\/children-rainproof-hooded-cape\/#primaryimage","url":"https:\/\/ozponcho.com.au\/wp-content\/uploads\/2023\/12\/Sc53ad86ac36843899ef65808af58b4df7-2.webp","contentUrl":"https:\/\/ozponcho.com.au\/wp-content\/uploads\/2023\/12\/Sc53ad86ac36843899ef65808af58b4df7-2.webp","width":800,"height":800,"caption":"Kids Waterproof Rain Poncho"},{"@type":"BreadcrumbList","@id":"https:\/\/ozponcho.com.au\/p\/children-rainproof-hooded-cape\/#breadcrumb","itemListElement":[{"@type":"ListItem","position":1,"name":"Home","item":"https:\/\/ozponcho.com.au\/"},{"@type":"ListItem","position":2,"name":"Shop","item":"https:\/\/ozponcho.com.au\/shop\/"},{"@type":"ListItem","position":3,"name":"Kids Waterproof Rain Poncho"}]},{"@type":"WebSite","@id":"https:\/\/ozponcho.com.au\/#website","url":"https:\/\/ozponcho.com.au\/","name":"OZ Poncho","description":"","potentialAction":[{"@type":"SearchAction","target":{"@type":"EntryPoint","urlTemplate":"https:\/\/ozponcho.com.au\/?s={search_term_string}"},"query-input":{"@type":"PropertyValueSpecification","valueRequired":true,"valueName":"search_term_string"}}],"inLanguage":"hu"}]}},"_links":{"self":[{"href":"https:\/\/ozponcho.com.au\/hu\/wp-json\/wp\/v2\/product\/15956","targetHints":{"allow":["GET"]}}],"collection":[{"href":"https:\/\/ozponcho.com.au\/hu\/wp-json\/wp\/v2\/product"}],"about":[{"href":"https:\/\/ozponcho.com.au\/hu\/wp-json\/wp\/v2\/types\/product"}],"wp:featuredmedia":[{"embeddable":true,"href":"https:\/\/ozponcho.com.au\/hu\/wp-json\/wp\/v2\/media\/15955"}],"wp:attachment":[{"href":"https:\/\/ozponcho.com.au\/hu\/wp-json\/wp\/v2\/media?parent=15956"}],"wp:term":[{"taxonomy":"product_brand","embeddable":true,"href":"https:\/\/ozponcho.com.au\/hu\/wp-json\/wp\/v2\/product_brand?post=15956"},{"taxonomy":"product_cat","embeddable":true,"href":"https:\/\/ozponcho.com.au\/hu\/wp-json\/wp\/v2\/product_cat?post=15956"},{"taxonomy":"product_tag","embeddable":true,"href":"https:\/\/ozponcho.com.au\/hu\/wp-json\/wp\/v2\/product_tag?post=15956"}],"curies":[{"name":"wp","href":"https:\/\/api.w.org\/{rel}","templated":true}]}}