{"id":15593,"date":"2023-12-30T22:31:43","date_gmt":"2023-12-30T11:31:43","guid":{"rendered":"https:\/\/ozponcho.com.au\/?post_type=product&#038;p=15593"},"modified":"2025-03-05T12:21:15","modified_gmt":"2025-03-05T01:21:15","slug":"adult-rain-protection-cover","status":"publish","type":"product","link":"https:\/\/ozponcho.com.au\/hu\/p\/felnott-esovedo-fedel\/","title":{"rendered":"V\u00e9szhelyzeti poncs\u00f3 csomag (1-20 db)"},"content":{"rendered":"<p>Birk\u00f3zzon meg az es\u0151vel k\u00f6nnyed\u00e9n a v\u00e9szhelyzeti v\u00edz\u00e1ll\u00f3 poncs\u00f3val, amely t\u00f6k\u00e9letes t\u00e1rs a v\u00e1ratlan felh\u0151szakad\u00e1shoz! Ezek a ponch\u00f3k k\u00f6nny\u0171, m\u0171anyag anyagb\u00f3l k\u00e9sz\u00fclnek, \u00e9s azonnali v\u00e9delmet ny\u00fajtanak az es\u0151 el\u0151l. Ide\u00e1lis szabadt\u00e9ri rendezv\u00e9nyekhez, kir\u00e1ndul\u00e1sokhoz vagy b\u00e1rmilyen utaz\u00e1si kalandhoz, a sz\u00e1raz \u00e9s k\u00e9nyelmes tart\u00f3zkod\u00e1shoz elengedhetetlenek. Egym\u00e9ret\u0171 kialak\u00edt\u00e1suk kompaktra \u00f6sszehajthat\u00f3, \u00edgy egyszer\u0171en eltehet\u0151 az aut\u00f3 keszty\u0171tart\u00f3j\u00e1ba vagy utaz\u00f3t\u00e1sk\u00e1j\u00e1ba. Ne hagyja, hogy az id\u0151j\u00e1r\u00e1s el\u00e1ztassa a hangulat\u00e1t vagy a ruh\u00e1it - ragadjon meg egy ilyen n\u00e9lk\u00fcl\u00f6zhetetlen ponch\u00f3t, \u00e9s fogadjon el egy es\u0151t!<\/p>","protected":false},"excerpt":{"rendered":"<p>Brave the rain with ease using our Emergency Waterproof Poncho, your perfect companion for unexpected downpours! These ponchos are made from lightweight, plastic material, offering instant shelter from the rain. Ideal for outdoor events, hikes, or any travel adventure, they&#8217;re a must-have for staying dry and comfortable. Their one-size-fits-all design folds compactly, making it simple [&#8230;]","protected":false},"featured_media":15586,"template":"","meta":[],"product_brand":[],"product_cat":[206,15,217,205,413],"product_tag":[],"class_list":{"0":"post-15593","1":"product","2":"type-product","3":"status-publish","4":"has-post-thumbnail","6":"product_cat-emergency-poncho","7":"product_cat-main-category","8":"product_cat-plastic-poncho","9":"product_cat-rain-poncho","10":"product_cat-hiking-poncho","12":"first","13":"instock","14":"shipping-taxable","15":"purchasable","16":"product-type-variable"},"yoast_head":"<!-- This site is optimized with the Yoast SEO plugin v25.9 - https:\/\/yoast.com\/wordpress\/plugins\/seo\/ -->\n<title>Emergency Poncho Pack (1-20 pcs) | Magyarorsz\u00e1g #1 Poncho Shop<\/title>\n<meta name=\"description\" content=\"Looking for a Emergency Poncho Pack (1-20 pcs) ? You&#039;ve come to the right place \ud83d\ude04 We offers a wide selection of Emergency Poncho Pack (1-20 pcs), perfect for you.\" \/>\n<meta name=\"robots\" content=\"index, follow, max-snippet:-1, max-image-preview:large, max-video-preview:-1\" \/>\n<link rel=\"canonical\" href=\"https:\/\/ozponcho.com.au\/hu\/p\/felnott-esovedo-fedel\/\" \/>\n<meta property=\"og:locale\" content=\"hu_HU\" \/>\n<meta property=\"og:type\" content=\"article\" \/>\n<meta property=\"og:title\" content=\"Emergency Poncho Pack (1-20 pcs) | Magyarorsz\u00e1g #1 Poncho Shop\" \/>\n<meta property=\"og:description\" content=\"Looking for a Emergency Poncho Pack (1-20 pcs) ? You&#039;ve come to the right place \ud83d\ude04 We offers a wide selection of Emergency Poncho Pack (1-20 pcs), perfect for you.\" \/>\n<meta property=\"og:url\" content=\"https:\/\/ozponcho.com.au\/hu\/p\/felnott-esovedo-fedel\/\" \/>\n<meta property=\"og:site_name\" content=\"OZ Poncho\" \/>\n<meta property=\"article:modified_time\" content=\"2025-03-05T01:21:15+00:00\" \/>\n<meta property=\"og:image\" content=\"https:\/\/ozponcho.com.au\/wp-content\/uploads\/2023\/12\/H9d705b7d30e04a1fa7cd8c55f2d91f6at-1.webp\" \/>\n\t<meta property=\"og:image:width\" content=\"632\" \/>\n\t<meta property=\"og:image:height\" content=\"632\" \/>\n\t<meta property=\"og:image:type\" content=\"image\/webp\" \/>\n<meta name=\"twitter:card\" content=\"summary_large_image\" \/>\n<meta name=\"twitter:label1\" content=\"Becs\u00fclt olvas\u00e1si id\u0151\" \/>\n\t<meta name=\"twitter:data1\" content=\"1 perc\" \/>\n<script type=\"application\/ld+json\" class=\"yoast-schema-graph\">{\"@context\":\"https:\/\/schema.org\",\"@graph\":[{\"@type\":\"WebPage\",\"@id\":\"https:\/\/ozponcho.com.au\/p\/adult-rain-protection-cover\/\",\"url\":\"https:\/\/ozponcho.com.au\/p\/adult-rain-protection-cover\/\",\"name\":\"Emergency Poncho Pack (1-20 pcs) | Magyarorsz\u00e1g #1 Poncho Shop\",\"isPartOf\":{\"@id\":\"https:\/\/ozponcho.com.au\/#website\"},\"primaryImageOfPage\":{\"@id\":\"https:\/\/ozponcho.com.au\/p\/adult-rain-protection-cover\/#primaryimage\"},\"image\":{\"@id\":\"https:\/\/ozponcho.com.au\/p\/adult-rain-protection-cover\/#primaryimage\"},\"thumbnailUrl\":\"https:\/\/ozponcho.com.au\/wp-content\/uploads\/2023\/12\/H9d705b7d30e04a1fa7cd8c55f2d91f6at-1.webp\",\"datePublished\":\"2023-12-30T11:31:43+00:00\",\"dateModified\":\"2025-03-05T01:21:15+00:00\",\"description\":\"Looking for a Emergency Poncho Pack (1-20 pcs) ? You've come to the right place \ud83d\ude04 We offers a wide selection of Emergency Poncho Pack (1-20 pcs), perfect for you.\",\"breadcrumb\":{\"@id\":\"https:\/\/ozponcho.com.au\/p\/adult-rain-protection-cover\/#breadcrumb\"},\"inLanguage\":\"hu\",\"potentialAction\":[{\"@type\":\"ReadAction\",\"target\":[\"https:\/\/ozponcho.com.au\/p\/adult-rain-protection-cover\/\"]}]},{\"@type\":\"ImageObject\",\"inLanguage\":\"hu\",\"@id\":\"https:\/\/ozponcho.com.au\/p\/adult-rain-protection-cover\/#primaryimage\",\"url\":\"https:\/\/ozponcho.com.au\/wp-content\/uploads\/2023\/12\/H9d705b7d30e04a1fa7cd8c55f2d91f6at-1.webp\",\"contentUrl\":\"https:\/\/ozponcho.com.au\/wp-content\/uploads\/2023\/12\/H9d705b7d30e04a1fa7cd8c55f2d91f6at-1.webp\",\"width\":632,\"height\":632,\"caption\":\"Emergency Poncho Pack (1-20 pcs)\"},{\"@type\":\"BreadcrumbList\",\"@id\":\"https:\/\/ozponcho.com.au\/p\/adult-rain-protection-cover\/#breadcrumb\",\"itemListElement\":[{\"@type\":\"ListItem\",\"position\":1,\"name\":\"Home\",\"item\":\"https:\/\/ozponcho.com.au\/\"},{\"@type\":\"ListItem\",\"position\":2,\"name\":\"Shop\",\"item\":\"https:\/\/ozponcho.com.au\/shop\/\"},{\"@type\":\"ListItem\",\"position\":3,\"name\":\"Emergency Poncho Pack (1-20 pcs)\"}]},{\"@type\":\"WebSite\",\"@id\":\"https:\/\/ozponcho.com.au\/#website\",\"url\":\"https:\/\/ozponcho.com.au\/\",\"name\":\"OZ Poncho\",\"description\":\"\",\"potentialAction\":[{\"@type\":\"SearchAction\",\"target\":{\"@type\":\"EntryPoint\",\"urlTemplate\":\"https:\/\/ozponcho.com.au\/?s={search_term_string}\"},\"query-input\":{\"@type\":\"PropertyValueSpecification\",\"valueRequired\":true,\"valueName\":\"search_term_string\"}}],\"inLanguage\":\"hu\"}]}<\/script>\n<!-- \/ Yoast SEO plugin. -->","yoast_head_json":{"title":"V\u00e9szhelyzeti poncs\u00f3 csomag (1-20 db) | Magyarorsz\u00e1g #1 Poncs\u00f3 Shop","description":"V\u00e9szhelyzeti poncs\u00f3 csomagot keres (1-20 db) ? A legjobb helyen j\u00e1rsz \ud83d\ude04 V\u00e9szhelyzeti Poncho Pack (1-20 db) sz\u00e9les v\u00e1laszt\u00e9k\u00e1t k\u00edn\u00e1ljuk, t\u00f6k\u00e9letes az \u00d6n sz\u00e1m\u00e1ra.","robots":{"index":"index","follow":"follow","max-snippet":"max-snippet:-1","max-image-preview":"max-image-preview:large","max-video-preview":"max-video-preview:-1"},"canonical":"https:\/\/ozponcho.com.au\/hu\/p\/felnott-esovedo-fedel\/","og_locale":"hu_HU","og_type":"article","og_title":"Emergency Poncho Pack (1-20 pcs) | Magyarorsz\u00e1g #1 Poncho Shop","og_description":"Looking for a Emergency Poncho Pack (1-20 pcs) ? You've come to the right place \ud83d\ude04 We offers a wide selection of Emergency Poncho Pack (1-20 pcs), perfect for you.","og_url":"https:\/\/ozponcho.com.au\/hu\/p\/felnott-esovedo-fedel\/","og_site_name":"OZ Poncho","article_modified_time":"2025-03-05T01:21:15+00:00","og_image":[{"width":632,"height":632,"url":"https:\/\/ozponcho.com.au\/wp-content\/uploads\/2023\/12\/H9d705b7d30e04a1fa7cd8c55f2d91f6at-1.webp","type":"image\/webp"}],"twitter_card":"summary_large_image","twitter_misc":{"Becs\u00fclt olvas\u00e1si id\u0151":"1 perc"},"schema":{"@context":"https:\/\/schema.org","@graph":[{"@type":"WebPage","@id":"https:\/\/ozponcho.com.au\/p\/adult-rain-protection-cover\/","url":"https:\/\/ozponcho.com.au\/p\/adult-rain-protection-cover\/","name":"V\u00e9szhelyzeti poncs\u00f3 csomag (1-20 db) | Magyarorsz\u00e1g #1 Poncs\u00f3 Shop","isPartOf":{"@id":"https:\/\/ozponcho.com.au\/#website"},"primaryImageOfPage":{"@id":"https:\/\/ozponcho.com.au\/p\/adult-rain-protection-cover\/#primaryimage"},"image":{"@id":"https:\/\/ozponcho.com.au\/p\/adult-rain-protection-cover\/#primaryimage"},"thumbnailUrl":"https:\/\/ozponcho.com.au\/wp-content\/uploads\/2023\/12\/H9d705b7d30e04a1fa7cd8c55f2d91f6at-1.webp","datePublished":"2023-12-30T11:31:43+00:00","dateModified":"2025-03-05T01:21:15+00:00","description":"V\u00e9szhelyzeti poncs\u00f3 csomagot keres (1-20 db) ? A legjobb helyen j\u00e1rsz \ud83d\ude04 V\u00e9szhelyzeti Poncho Pack (1-20 db) sz\u00e9les v\u00e1laszt\u00e9k\u00e1t k\u00edn\u00e1ljuk, t\u00f6k\u00e9letes az \u00d6n sz\u00e1m\u00e1ra.","breadcrumb":{"@id":"https:\/\/ozponcho.com.au\/p\/adult-rain-protection-cover\/#breadcrumb"},"inLanguage":"hu","potentialAction":[{"@type":"ReadAction","target":["https:\/\/ozponcho.com.au\/p\/adult-rain-protection-cover\/"]}]},{"@type":"ImageObject","inLanguage":"hu","@id":"https:\/\/ozponcho.com.au\/p\/adult-rain-protection-cover\/#primaryimage","url":"https:\/\/ozponcho.com.au\/wp-content\/uploads\/2023\/12\/H9d705b7d30e04a1fa7cd8c55f2d91f6at-1.webp","contentUrl":"https:\/\/ozponcho.com.au\/wp-content\/uploads\/2023\/12\/H9d705b7d30e04a1fa7cd8c55f2d91f6at-1.webp","width":632,"height":632,"caption":"Emergency Poncho Pack (1-20 pcs)"},{"@type":"BreadcrumbList","@id":"https:\/\/ozponcho.com.au\/p\/adult-rain-protection-cover\/#breadcrumb","itemListElement":[{"@type":"ListItem","position":1,"name":"Home","item":"https:\/\/ozponcho.com.au\/"},{"@type":"ListItem","position":2,"name":"Shop","item":"https:\/\/ozponcho.com.au\/shop\/"},{"@type":"ListItem","position":3,"name":"Emergency Poncho Pack (1-20 pcs)"}]},{"@type":"WebSite","@id":"https:\/\/ozponcho.com.au\/#website","url":"https:\/\/ozponcho.com.au\/","name":"OZ Poncho","description":"","potentialAction":[{"@type":"SearchAction","target":{"@type":"EntryPoint","urlTemplate":"https:\/\/ozponcho.com.au\/?s={search_term_string}"},"query-input":{"@type":"PropertyValueSpecification","valueRequired":true,"valueName":"search_term_string"}}],"inLanguage":"hu"}]}},"_links":{"self":[{"href":"https:\/\/ozponcho.com.au\/hu\/wp-json\/wp\/v2\/product\/15593","targetHints":{"allow":["GET"]}}],"collection":[{"href":"https:\/\/ozponcho.com.au\/hu\/wp-json\/wp\/v2\/product"}],"about":[{"href":"https:\/\/ozponcho.com.au\/hu\/wp-json\/wp\/v2\/types\/product"}],"wp:featuredmedia":[{"embeddable":true,"href":"https:\/\/ozponcho.com.au\/hu\/wp-json\/wp\/v2\/media\/15586"}],"wp:attachment":[{"href":"https:\/\/ozponcho.com.au\/hu\/wp-json\/wp\/v2\/media?parent=15593"}],"wp:term":[{"taxonomy":"product_brand","embeddable":true,"href":"https:\/\/ozponcho.com.au\/hu\/wp-json\/wp\/v2\/product_brand?post=15593"},{"taxonomy":"product_cat","embeddable":true,"href":"https:\/\/ozponcho.com.au\/hu\/wp-json\/wp\/v2\/product_cat?post=15593"},{"taxonomy":"product_tag","embeddable":true,"href":"https:\/\/ozponcho.com.au\/hu\/wp-json\/wp\/v2\/product_tag?post=15593"}],"curies":[{"name":"wp","href":"https:\/\/api.w.org\/{rel}","templated":true}]}}