{"id":15395,"date":"2023-12-30T22:29:02","date_gmt":"2023-12-30T11:29:02","guid":{"rendered":"https:\/\/ozponcho.com.au\/?post_type=product&#038;p=15395"},"modified":"2025-12-02T15:24:59","modified_gmt":"2025-12-02T04:24:59","slug":"mexican-party-poncho-kit","status":"publish","type":"product","link":"https:\/\/ozponcho.com.au\/hu\/p\/mexican-party-poncho-kit\/","title":{"rendered":"Fiesta Poncho jelmez k\u00e9szlet"},"content":{"rendered":"<p>Ignite the spirit of celebration with this vivacious Mexican Party Poncho! A perfect ensemble for festive occasions, our set includes a full-size multicolored striped poncho adorned with white tassels, a matching sombrero hat, quirky sunglasses, and a playful mustache. Whether it&#8217;s Halloween, a fiesta-themed party, or a carnival, this costume promises fun and laughter, ensuring you&#8217;re the life of the party. Durable and comfortable, it&#8217;s designed to fit most and ready to spice up your wardrobe. Don&#8217;t miss out on the opportunity to make your next event unforgettable!<\/p>\n<h2>SPECIFIK\u00c1CI\u00d3K<\/h2>\n<p>Anyag: Poli\u00e9szter<\/p>","protected":false},"excerpt":{"rendered":"<p>Ignite the spirit of celebration with this vivacious Mexican Party Poncho! A perfect ensemble for festive occasions, our set includes a full-size multicolored striped poncho adorned with white tassels, a matching sombrero hat, quirky sunglasses, and a playful mustache. Whether it&#8217;s Halloween, a fiesta-themed party, or a carnival, this costume promises fun and laughter, ensuring [&#8230;]","protected":false},"featured_media":15389,"template":"","meta":[],"product_brand":[],"product_cat":[15,209],"product_tag":[],"class_list":{"0":"post-15395","1":"product","2":"type-product","3":"status-publish","4":"has-post-thumbnail","6":"product_cat-main-category","7":"product_cat-mexican-poncho","9":"first","10":"instock","11":"shipping-taxable","12":"purchasable","13":"product-type-variable"},"yoast_head":"<!-- This site is optimized with the Yoast SEO plugin v25.9 - https:\/\/yoast.com\/wordpress\/plugins\/seo\/ -->\n<title>Fiesta Poncho Costume Set | Magyarorsz\u00e1g #1 Poncho Shop<\/title>\n<meta name=\"description\" content=\"Looking for a Fiesta Poncho Costume Set ? You&#039;ve come to the right place \ud83d\ude04 We offers a wide selection of Fiesta Poncho Costume Set, perfect for you.\" \/>\n<meta name=\"robots\" content=\"index, follow, max-snippet:-1, max-image-preview:large, max-video-preview:-1\" \/>\n<link rel=\"canonical\" href=\"https:\/\/ozponcho.com.au\/hu\/p\/mexican-party-poncho-kit\/\" \/>\n<meta property=\"og:locale\" content=\"hu_HU\" \/>\n<meta property=\"og:type\" content=\"article\" \/>\n<meta property=\"og:title\" content=\"Fiesta Poncho Costume Set | Magyarorsz\u00e1g #1 Poncho Shop\" \/>\n<meta property=\"og:description\" content=\"Looking for a Fiesta Poncho Costume Set ? You&#039;ve come to the right place \ud83d\ude04 We offers a wide selection of Fiesta Poncho Costume Set, perfect for you.\" \/>\n<meta property=\"og:url\" content=\"https:\/\/ozponcho.com.au\/hu\/p\/mexican-party-poncho-kit\/\" \/>\n<meta property=\"og:site_name\" content=\"OZ Poncho\" \/>\n<meta property=\"article:modified_time\" content=\"2025-12-02T04:24:59+00:00\" \/>\n<meta property=\"og:image\" content=\"https:\/\/ozponcho.com.au\/wp-content\/uploads\/2023\/12\/S3f060ea0f4a442868efe9df977ff2b89m-2.webp\" \/>\n\t<meta property=\"og:image:width\" content=\"1600\" \/>\n\t<meta property=\"og:image:height\" content=\"1600\" \/>\n\t<meta property=\"og:image:type\" content=\"image\/webp\" \/>\n<meta name=\"twitter:card\" content=\"summary_large_image\" \/>\n<meta name=\"twitter:label1\" content=\"Becs\u00fclt olvas\u00e1si id\u0151\" \/>\n\t<meta name=\"twitter:data1\" content=\"1 perc\" \/>\n<script type=\"application\/ld+json\" class=\"yoast-schema-graph\">{\"@context\":\"https:\/\/schema.org\",\"@graph\":[{\"@type\":\"WebPage\",\"@id\":\"https:\/\/ozponcho.com.au\/p\/mexican-party-poncho-kit\/\",\"url\":\"https:\/\/ozponcho.com.au\/p\/mexican-party-poncho-kit\/\",\"name\":\"Fiesta Poncho Costume Set | Magyarorsz\u00e1g #1 Poncho Shop\",\"isPartOf\":{\"@id\":\"https:\/\/ozponcho.com.au\/#website\"},\"primaryImageOfPage\":{\"@id\":\"https:\/\/ozponcho.com.au\/p\/mexican-party-poncho-kit\/#primaryimage\"},\"image\":{\"@id\":\"https:\/\/ozponcho.com.au\/p\/mexican-party-poncho-kit\/#primaryimage\"},\"thumbnailUrl\":\"https:\/\/ozponcho.com.au\/wp-content\/uploads\/2023\/12\/S3f060ea0f4a442868efe9df977ff2b89m-2.webp\",\"datePublished\":\"2023-12-30T11:29:02+00:00\",\"dateModified\":\"2025-12-02T04:24:59+00:00\",\"description\":\"Looking for a Fiesta Poncho Costume Set ? You've come to the right place \ud83d\ude04 We offers a wide selection of Fiesta Poncho Costume Set, perfect for you.\",\"breadcrumb\":{\"@id\":\"https:\/\/ozponcho.com.au\/p\/mexican-party-poncho-kit\/#breadcrumb\"},\"inLanguage\":\"hu\",\"potentialAction\":[{\"@type\":\"ReadAction\",\"target\":[\"https:\/\/ozponcho.com.au\/p\/mexican-party-poncho-kit\/\"]}]},{\"@type\":\"ImageObject\",\"inLanguage\":\"hu\",\"@id\":\"https:\/\/ozponcho.com.au\/p\/mexican-party-poncho-kit\/#primaryimage\",\"url\":\"https:\/\/ozponcho.com.au\/wp-content\/uploads\/2023\/12\/S3f060ea0f4a442868efe9df977ff2b89m-2.webp\",\"contentUrl\":\"https:\/\/ozponcho.com.au\/wp-content\/uploads\/2023\/12\/S3f060ea0f4a442868efe9df977ff2b89m-2.webp\",\"width\":1600,\"height\":1600,\"caption\":\"Fiesta Poncho Costume Set\"},{\"@type\":\"BreadcrumbList\",\"@id\":\"https:\/\/ozponcho.com.au\/p\/mexican-party-poncho-kit\/#breadcrumb\",\"itemListElement\":[{\"@type\":\"ListItem\",\"position\":1,\"name\":\"Home\",\"item\":\"https:\/\/ozponcho.com.au\/\"},{\"@type\":\"ListItem\",\"position\":2,\"name\":\"Shop\",\"item\":\"https:\/\/ozponcho.com.au\/shop\/\"},{\"@type\":\"ListItem\",\"position\":3,\"name\":\"Fiesta Poncho Costume Set\"}]},{\"@type\":\"WebSite\",\"@id\":\"https:\/\/ozponcho.com.au\/#website\",\"url\":\"https:\/\/ozponcho.com.au\/\",\"name\":\"OZ Poncho\",\"description\":\"\",\"potentialAction\":[{\"@type\":\"SearchAction\",\"target\":{\"@type\":\"EntryPoint\",\"urlTemplate\":\"https:\/\/ozponcho.com.au\/?s={search_term_string}\"},\"query-input\":{\"@type\":\"PropertyValueSpecification\",\"valueRequired\":true,\"valueName\":\"search_term_string\"}}],\"inLanguage\":\"hu\"}]}<\/script>\n<!-- \/ Yoast SEO plugin. -->","yoast_head_json":{"title":"Fiesta Poncho Costume Set | Magyarorsz\u00e1g #1 Poncho Shop","description":"Looking for a Fiesta Poncho Costume Set ? You've come to the right place \ud83d\ude04 We offers a wide selection of Fiesta Poncho Costume Set, perfect for you.","robots":{"index":"index","follow":"follow","max-snippet":"max-snippet:-1","max-image-preview":"max-image-preview:large","max-video-preview":"max-video-preview:-1"},"canonical":"https:\/\/ozponcho.com.au\/hu\/p\/mexican-party-poncho-kit\/","og_locale":"hu_HU","og_type":"article","og_title":"Fiesta Poncho Costume Set | Magyarorsz\u00e1g #1 Poncho Shop","og_description":"Looking for a Fiesta Poncho Costume Set ? You've come to the right place \ud83d\ude04 We offers a wide selection of Fiesta Poncho Costume Set, perfect for you.","og_url":"https:\/\/ozponcho.com.au\/hu\/p\/mexican-party-poncho-kit\/","og_site_name":"OZ Poncho","article_modified_time":"2025-12-02T04:24:59+00:00","og_image":[{"width":1600,"height":1600,"url":"https:\/\/ozponcho.com.au\/wp-content\/uploads\/2023\/12\/S3f060ea0f4a442868efe9df977ff2b89m-2.webp","type":"image\/webp"}],"twitter_card":"summary_large_image","twitter_misc":{"Becs\u00fclt olvas\u00e1si id\u0151":"1 perc"},"schema":{"@context":"https:\/\/schema.org","@graph":[{"@type":"WebPage","@id":"https:\/\/ozponcho.com.au\/p\/mexican-party-poncho-kit\/","url":"https:\/\/ozponcho.com.au\/p\/mexican-party-poncho-kit\/","name":"Fiesta Poncho Costume Set | Magyarorsz\u00e1g #1 Poncho Shop","isPartOf":{"@id":"https:\/\/ozponcho.com.au\/#website"},"primaryImageOfPage":{"@id":"https:\/\/ozponcho.com.au\/p\/mexican-party-poncho-kit\/#primaryimage"},"image":{"@id":"https:\/\/ozponcho.com.au\/p\/mexican-party-poncho-kit\/#primaryimage"},"thumbnailUrl":"https:\/\/ozponcho.com.au\/wp-content\/uploads\/2023\/12\/S3f060ea0f4a442868efe9df977ff2b89m-2.webp","datePublished":"2023-12-30T11:29:02+00:00","dateModified":"2025-12-02T04:24:59+00:00","description":"Looking for a Fiesta Poncho Costume Set ? You've come to the right place \ud83d\ude04 We offers a wide selection of Fiesta Poncho Costume Set, perfect for you.","breadcrumb":{"@id":"https:\/\/ozponcho.com.au\/p\/mexican-party-poncho-kit\/#breadcrumb"},"inLanguage":"hu","potentialAction":[{"@type":"ReadAction","target":["https:\/\/ozponcho.com.au\/p\/mexican-party-poncho-kit\/"]}]},{"@type":"ImageObject","inLanguage":"hu","@id":"https:\/\/ozponcho.com.au\/p\/mexican-party-poncho-kit\/#primaryimage","url":"https:\/\/ozponcho.com.au\/wp-content\/uploads\/2023\/12\/S3f060ea0f4a442868efe9df977ff2b89m-2.webp","contentUrl":"https:\/\/ozponcho.com.au\/wp-content\/uploads\/2023\/12\/S3f060ea0f4a442868efe9df977ff2b89m-2.webp","width":1600,"height":1600,"caption":"Fiesta Poncho Costume Set"},{"@type":"BreadcrumbList","@id":"https:\/\/ozponcho.com.au\/p\/mexican-party-poncho-kit\/#breadcrumb","itemListElement":[{"@type":"ListItem","position":1,"name":"Home","item":"https:\/\/ozponcho.com.au\/"},{"@type":"ListItem","position":2,"name":"Shop","item":"https:\/\/ozponcho.com.au\/shop\/"},{"@type":"ListItem","position":3,"name":"Fiesta Poncho Costume Set"}]},{"@type":"WebSite","@id":"https:\/\/ozponcho.com.au\/#website","url":"https:\/\/ozponcho.com.au\/","name":"OZ Poncho","description":"","potentialAction":[{"@type":"SearchAction","target":{"@type":"EntryPoint","urlTemplate":"https:\/\/ozponcho.com.au\/?s={search_term_string}"},"query-input":{"@type":"PropertyValueSpecification","valueRequired":true,"valueName":"search_term_string"}}],"inLanguage":"hu"}]}},"_links":{"self":[{"href":"https:\/\/ozponcho.com.au\/hu\/wp-json\/wp\/v2\/product\/15395","targetHints":{"allow":["GET"]}}],"collection":[{"href":"https:\/\/ozponcho.com.au\/hu\/wp-json\/wp\/v2\/product"}],"about":[{"href":"https:\/\/ozponcho.com.au\/hu\/wp-json\/wp\/v2\/types\/product"}],"wp:featuredmedia":[{"embeddable":true,"href":"https:\/\/ozponcho.com.au\/hu\/wp-json\/wp\/v2\/media\/15389"}],"wp:attachment":[{"href":"https:\/\/ozponcho.com.au\/hu\/wp-json\/wp\/v2\/media?parent=15395"}],"wp:term":[{"taxonomy":"product_brand","embeddable":true,"href":"https:\/\/ozponcho.com.au\/hu\/wp-json\/wp\/v2\/product_brand?post=15395"},{"taxonomy":"product_cat","embeddable":true,"href":"https:\/\/ozponcho.com.au\/hu\/wp-json\/wp\/v2\/product_cat?post=15395"},{"taxonomy":"product_tag","embeddable":true,"href":"https:\/\/ozponcho.com.au\/hu\/wp-json\/wp\/v2\/product_tag?post=15395"}],"curies":[{"name":"wp","href":"https:\/\/api.w.org\/{rel}","templated":true}]}}