{"id":15259,"date":"2023-12-30T22:22:37","date_gmt":"2023-12-30T11:22:37","guid":{"rendered":"https:\/\/ozponcho.com.au\/?post_type=product&#038;p=15259"},"modified":"2025-08-10T14:03:20","modified_gmt":"2025-08-10T03:03:20","slug":"children-rainproof-hooded-cape-2","status":"publish","type":"product","link":"https:\/\/ozponcho.com.au\/hu\/p\/gyermek-esoallo-kapucnis-kopeny-2\/","title":{"rendered":"Gyermek v\u00edz\u00e1ll\u00f3 poncs\u00f3 kab\u00e1t"},"content":{"rendered":"<p>Csobbanj bele a kalandba a gyerek v\u00edz\u00e1ll\u00f3 poncs\u00f3 kab\u00e1tunkkal! Ez a poncs\u00f3 \u00e9l\u00e9nk k\u00e9k csillagmint\u00e1val \u00e9s cikkcakkos kialak\u00edt\u00e1ssal ell\u00e1tott, \u00e9l\u00e9nk k\u00e9k csillagmint\u00e1val ell\u00e1tott poncs\u00f3 egy es\u0151s napot is st\u00edluss\u00e1 var\u00e1zsol a kisgyermeked sz\u00e1m\u00e1ra. T\u00f6k\u00e9letes az olyan szabadt\u00e9ri tev\u00e9kenys\u00e9gekhez, mint a t\u00far\u00e1z\u00e1s, tart\u00f3s m\u0171anyag szerkezete pedig biztos\u00edtja, hogy gyermeked sz\u00e1razon \u00e9s boldogan maradjon. A k\u00f6nny\u0171 anyag \u00e9s a kapucnis kialak\u00edt\u00e1s egyszerre ny\u00fajt k\u00e9nyelmet \u00e9s fedetts\u00e9get, \u00edgy minden id\u0151j\u00e1r\u00e1sra felk\u00e9sz\u00fclt ruhat\u00e1r k\u00f6telez\u0151 darabja. Ne hagyja, hogy az es\u0151 elrontsa a sz\u00f3rakoz\u00e1st - \u00f6lt\u00f6ztesse fel gyermek\u00e9t ezzel a st\u00edlusos es\u0151ruh\u00e1val!<\/p>\n<h2>SPECIFIK\u00c1CI\u00d3K<\/h2>\n<p>Anyag: M\u0171anyag<\/p>\n<p>Korcsoport: Gyermekek<\/p>\n<p>Nemek: F\u00e9rfiak \u00e9s l\u00e1nyok<\/p>\n<p>T\u00edpus: Es\u0151kab\u00e1t<\/p>\n<p><img decoding=\"async\" class=\"alignnone size-full wp-image-17234\" src=\"https:\/\/ozponcho.com.au\/wp-content\/uploads\/2023\/12\/Screenshot-2024-01-17-at-17.12.02.png\" alt=\"Gyermek ruh\u00e1zat m\u00e9retdiagram\" width=\"1524\" height=\"408\" srcset=\"https:\/\/ozponcho.com.au\/wp-content\/uploads\/2023\/12\/Screenshot-2024-01-17-at-17.12.02.png 1524w, https:\/\/ozponcho.com.au\/wp-content\/uploads\/2023\/12\/Screenshot-2024-01-17-at-17.12.02-1020x273.png 1020w, https:\/\/ozponcho.com.au\/wp-content\/uploads\/2023\/12\/Screenshot-2024-01-17-at-17.12.02-300x80.png 300w, https:\/\/ozponcho.com.au\/wp-content\/uploads\/2023\/12\/Screenshot-2024-01-17-at-17.12.02-1024x274.png 1024w, https:\/\/ozponcho.com.au\/wp-content\/uploads\/2023\/12\/Screenshot-2024-01-17-at-17.12.02-768x206.png 768w\" sizes=\"(max-width: 1524px) 100vw, 1524px\" \/><\/p>\n<p><img decoding=\"async\" class=\"alignnone size-full wp-image-16947\" src=\"https:\/\/ozponcho.com.au\/wp-content\/uploads\/2023\/12\/S8d969f6d0b7a42f5beb2a4fdb06efb7f9-47.webp\" alt=\"Kid es\u0151kab\u00e1t aranyos\" width=\"800\" height=\"800\" srcset=\"https:\/\/ozponcho.com.au\/wp-content\/uploads\/2023\/12\/S8d969f6d0b7a42f5beb2a4fdb06efb7f9-47.webp 800w, https:\/\/ozponcho.com.au\/wp-content\/uploads\/2023\/12\/S8d969f6d0b7a42f5beb2a4fdb06efb7f9-47-100x100.webp 100w, https:\/\/ozponcho.com.au\/wp-content\/uploads\/2023\/12\/S8d969f6d0b7a42f5beb2a4fdb06efb7f9-47-300x300.webp 300w, https:\/\/ozponcho.com.au\/wp-content\/uploads\/2023\/12\/S8d969f6d0b7a42f5beb2a4fdb06efb7f9-47-150x150.webp 150w, https:\/\/ozponcho.com.au\/wp-content\/uploads\/2023\/12\/S8d969f6d0b7a42f5beb2a4fdb06efb7f9-47-768x768.webp 768w, https:\/\/ozponcho.com.au\/wp-content\/uploads\/2023\/12\/S8d969f6d0b7a42f5beb2a4fdb06efb7f9-47-510x510.webp 510w\" sizes=\"(max-width: 800px) 100vw, 800px\" \/><\/p>","protected":false},"excerpt":{"rendered":"<p>Splash into adventure with our Kids Waterproof Poncho Jacket! Featuring a vibrant blue star pattern with a zigzag design, this poncho turns a rainy day into a style statement for your little one. Perfect for outdoor activities like hiking, its durable plastic construction ensures your child stays dry and happy. The lightweight material and hooded [&#8230;]","protected":false},"featured_media":15258,"template":"","meta":[],"product_brand":[],"product_cat":[223,227,15,217,212,205],"product_tag":[],"class_list":{"0":"post-15259","1":"product","2":"type-product","3":"status-publish","4":"has-post-thumbnail","6":"product_cat-blue-poncho","7":"product_cat-hooded-poncho","8":"product_cat-main-category","9":"product_cat-plastic-poncho","10":"product_cat-poncho-kid","11":"product_cat-rain-poncho","13":"first","14":"instock","15":"shipping-taxable","16":"purchasable","17":"product-type-variable"},"yoast_head":"<!-- This site is optimized with the Yoast SEO plugin v25.9 - https:\/\/yoast.com\/wordpress\/plugins\/seo\/ -->\n<title>Kids Waterproof Poncho Jacket | Magyarorsz\u00e1g #1 Poncho Shop<\/title>\n<meta name=\"description\" content=\"Looking for a Kids Waterproof Poncho Jacket ? You&#039;ve come to the right place \ud83d\ude04 We offers a wide selection of Kids Waterproof Poncho Jacket, perfect for you.\" \/>\n<meta name=\"robots\" content=\"index, follow, max-snippet:-1, max-image-preview:large, max-video-preview:-1\" \/>\n<link rel=\"canonical\" href=\"https:\/\/ozponcho.com.au\/hu\/p\/gyermek-esoallo-kapucnis-kopeny-2\/\" \/>\n<meta property=\"og:locale\" content=\"hu_HU\" \/>\n<meta property=\"og:type\" content=\"article\" \/>\n<meta property=\"og:title\" content=\"Kids Waterproof Poncho Jacket | Magyarorsz\u00e1g #1 Poncho Shop\" \/>\n<meta property=\"og:description\" content=\"Looking for a Kids Waterproof Poncho Jacket ? You&#039;ve come to the right place \ud83d\ude04 We offers a wide selection of Kids Waterproof Poncho Jacket, perfect for you.\" \/>\n<meta property=\"og:url\" content=\"https:\/\/ozponcho.com.au\/hu\/p\/gyermek-esoallo-kapucnis-kopeny-2\/\" \/>\n<meta property=\"og:site_name\" content=\"OZ Poncho\" \/>\n<meta property=\"article:modified_time\" content=\"2025-08-10T03:03:20+00:00\" \/>\n<meta property=\"og:image\" content=\"https:\/\/ozponcho.com.au\/wp-content\/uploads\/2023\/12\/S9b52d5cc0ac24808af4f6d225ee839edS.webp\" \/>\n\t<meta property=\"og:image:width\" content=\"1920\" \/>\n\t<meta property=\"og:image:height\" content=\"1920\" \/>\n\t<meta property=\"og:image:type\" content=\"image\/webp\" \/>\n<meta name=\"twitter:card\" content=\"summary_large_image\" \/>\n<meta name=\"twitter:label1\" content=\"Becs\u00fclt olvas\u00e1si id\u0151\" \/>\n\t<meta name=\"twitter:data1\" content=\"2 perc\" \/>\n<script type=\"application\/ld+json\" class=\"yoast-schema-graph\">{\"@context\":\"https:\/\/schema.org\",\"@graph\":[{\"@type\":\"WebPage\",\"@id\":\"https:\/\/ozponcho.com.au\/p\/children-rainproof-hooded-cape-2\/\",\"url\":\"https:\/\/ozponcho.com.au\/p\/children-rainproof-hooded-cape-2\/\",\"name\":\"Kids Waterproof Poncho Jacket | Magyarorsz\u00e1g #1 Poncho Shop\",\"isPartOf\":{\"@id\":\"https:\/\/ozponcho.com.au\/#website\"},\"primaryImageOfPage\":{\"@id\":\"https:\/\/ozponcho.com.au\/p\/children-rainproof-hooded-cape-2\/#primaryimage\"},\"image\":{\"@id\":\"https:\/\/ozponcho.com.au\/p\/children-rainproof-hooded-cape-2\/#primaryimage\"},\"thumbnailUrl\":\"https:\/\/ozponcho.com.au\/wp-content\/uploads\/2023\/12\/S9b52d5cc0ac24808af4f6d225ee839edS.webp\",\"datePublished\":\"2023-12-30T11:22:37+00:00\",\"dateModified\":\"2025-08-10T03:03:20+00:00\",\"description\":\"Looking for a Kids Waterproof Poncho Jacket ? You've come to the right place \ud83d\ude04 We offers a wide selection of Kids Waterproof Poncho Jacket, perfect for you.\",\"breadcrumb\":{\"@id\":\"https:\/\/ozponcho.com.au\/p\/children-rainproof-hooded-cape-2\/#breadcrumb\"},\"inLanguage\":\"hu\",\"potentialAction\":[{\"@type\":\"ReadAction\",\"target\":[\"https:\/\/ozponcho.com.au\/p\/children-rainproof-hooded-cape-2\/\"]}]},{\"@type\":\"ImageObject\",\"inLanguage\":\"hu\",\"@id\":\"https:\/\/ozponcho.com.au\/p\/children-rainproof-hooded-cape-2\/#primaryimage\",\"url\":\"https:\/\/ozponcho.com.au\/wp-content\/uploads\/2023\/12\/S9b52d5cc0ac24808af4f6d225ee839edS.webp\",\"contentUrl\":\"https:\/\/ozponcho.com.au\/wp-content\/uploads\/2023\/12\/S9b52d5cc0ac24808af4f6d225ee839edS.webp\",\"width\":1920,\"height\":1920,\"caption\":\"Kids Waterproof Poncho Jacket\"},{\"@type\":\"BreadcrumbList\",\"@id\":\"https:\/\/ozponcho.com.au\/p\/children-rainproof-hooded-cape-2\/#breadcrumb\",\"itemListElement\":[{\"@type\":\"ListItem\",\"position\":1,\"name\":\"Home\",\"item\":\"https:\/\/ozponcho.com.au\/\"},{\"@type\":\"ListItem\",\"position\":2,\"name\":\"Shop\",\"item\":\"https:\/\/ozponcho.com.au\/shop\/\"},{\"@type\":\"ListItem\",\"position\":3,\"name\":\"Kids Waterproof Poncho Jacket\"}]},{\"@type\":\"WebSite\",\"@id\":\"https:\/\/ozponcho.com.au\/#website\",\"url\":\"https:\/\/ozponcho.com.au\/\",\"name\":\"OZ Poncho\",\"description\":\"\",\"potentialAction\":[{\"@type\":\"SearchAction\",\"target\":{\"@type\":\"EntryPoint\",\"urlTemplate\":\"https:\/\/ozponcho.com.au\/?s={search_term_string}\"},\"query-input\":{\"@type\":\"PropertyValueSpecification\",\"valueRequired\":true,\"valueName\":\"search_term_string\"}}],\"inLanguage\":\"hu\"}]}<\/script>\n<!-- \/ Yoast SEO plugin. -->","yoast_head_json":{"title":"Gyerek v\u00edz\u00e1ll\u00f3 poncs\u00f3 kab\u00e1t | Magyarorsz\u00e1g #1 Poncs\u00f3 Shop","description":"V\u00edz\u00e1ll\u00f3 gyerek poncs\u00f3 kab\u00e1tot keresel ? A legjobb helyen j\u00e1rsz \ud83d\ude04 Gyerek v\u00edz\u00e1ll\u00f3 poncs\u00f3 kab\u00e1t sz\u00e9les v\u00e1laszt\u00e9k\u00e1t k\u00edn\u00e1ljuk, t\u00f6k\u00e9letes az \u00d6n sz\u00e1m\u00e1ra.","robots":{"index":"index","follow":"follow","max-snippet":"max-snippet:-1","max-image-preview":"max-image-preview:large","max-video-preview":"max-video-preview:-1"},"canonical":"https:\/\/ozponcho.com.au\/hu\/p\/gyermek-esoallo-kapucnis-kopeny-2\/","og_locale":"hu_HU","og_type":"article","og_title":"Kids Waterproof Poncho Jacket | Magyarorsz\u00e1g #1 Poncho Shop","og_description":"Looking for a Kids Waterproof Poncho Jacket ? You've come to the right place \ud83d\ude04 We offers a wide selection of Kids Waterproof Poncho Jacket, perfect for you.","og_url":"https:\/\/ozponcho.com.au\/hu\/p\/gyermek-esoallo-kapucnis-kopeny-2\/","og_site_name":"OZ Poncho","article_modified_time":"2025-08-10T03:03:20+00:00","og_image":[{"width":1920,"height":1920,"url":"https:\/\/ozponcho.com.au\/wp-content\/uploads\/2023\/12\/S9b52d5cc0ac24808af4f6d225ee839edS.webp","type":"image\/webp"}],"twitter_card":"summary_large_image","twitter_misc":{"Becs\u00fclt olvas\u00e1si id\u0151":"2 perc"},"schema":{"@context":"https:\/\/schema.org","@graph":[{"@type":"WebPage","@id":"https:\/\/ozponcho.com.au\/p\/children-rainproof-hooded-cape-2\/","url":"https:\/\/ozponcho.com.au\/p\/children-rainproof-hooded-cape-2\/","name":"Gyerek v\u00edz\u00e1ll\u00f3 poncs\u00f3 kab\u00e1t | Magyarorsz\u00e1g #1 Poncs\u00f3 Shop","isPartOf":{"@id":"https:\/\/ozponcho.com.au\/#website"},"primaryImageOfPage":{"@id":"https:\/\/ozponcho.com.au\/p\/children-rainproof-hooded-cape-2\/#primaryimage"},"image":{"@id":"https:\/\/ozponcho.com.au\/p\/children-rainproof-hooded-cape-2\/#primaryimage"},"thumbnailUrl":"https:\/\/ozponcho.com.au\/wp-content\/uploads\/2023\/12\/S9b52d5cc0ac24808af4f6d225ee839edS.webp","datePublished":"2023-12-30T11:22:37+00:00","dateModified":"2025-08-10T03:03:20+00:00","description":"V\u00edz\u00e1ll\u00f3 gyerek poncs\u00f3 kab\u00e1tot keresel ? A legjobb helyen j\u00e1rsz \ud83d\ude04 Gyerek v\u00edz\u00e1ll\u00f3 poncs\u00f3 kab\u00e1t sz\u00e9les v\u00e1laszt\u00e9k\u00e1t k\u00edn\u00e1ljuk, t\u00f6k\u00e9letes az \u00d6n sz\u00e1m\u00e1ra.","breadcrumb":{"@id":"https:\/\/ozponcho.com.au\/p\/children-rainproof-hooded-cape-2\/#breadcrumb"},"inLanguage":"hu","potentialAction":[{"@type":"ReadAction","target":["https:\/\/ozponcho.com.au\/p\/children-rainproof-hooded-cape-2\/"]}]},{"@type":"ImageObject","inLanguage":"hu","@id":"https:\/\/ozponcho.com.au\/p\/children-rainproof-hooded-cape-2\/#primaryimage","url":"https:\/\/ozponcho.com.au\/wp-content\/uploads\/2023\/12\/S9b52d5cc0ac24808af4f6d225ee839edS.webp","contentUrl":"https:\/\/ozponcho.com.au\/wp-content\/uploads\/2023\/12\/S9b52d5cc0ac24808af4f6d225ee839edS.webp","width":1920,"height":1920,"caption":"Kids Waterproof Poncho Jacket"},{"@type":"BreadcrumbList","@id":"https:\/\/ozponcho.com.au\/p\/children-rainproof-hooded-cape-2\/#breadcrumb","itemListElement":[{"@type":"ListItem","position":1,"name":"Home","item":"https:\/\/ozponcho.com.au\/"},{"@type":"ListItem","position":2,"name":"Shop","item":"https:\/\/ozponcho.com.au\/shop\/"},{"@type":"ListItem","position":3,"name":"Kids Waterproof Poncho Jacket"}]},{"@type":"WebSite","@id":"https:\/\/ozponcho.com.au\/#website","url":"https:\/\/ozponcho.com.au\/","name":"OZ Poncho","description":"","potentialAction":[{"@type":"SearchAction","target":{"@type":"EntryPoint","urlTemplate":"https:\/\/ozponcho.com.au\/?s={search_term_string}"},"query-input":{"@type":"PropertyValueSpecification","valueRequired":true,"valueName":"search_term_string"}}],"inLanguage":"hu"}]}},"_links":{"self":[{"href":"https:\/\/ozponcho.com.au\/hu\/wp-json\/wp\/v2\/product\/15259","targetHints":{"allow":["GET"]}}],"collection":[{"href":"https:\/\/ozponcho.com.au\/hu\/wp-json\/wp\/v2\/product"}],"about":[{"href":"https:\/\/ozponcho.com.au\/hu\/wp-json\/wp\/v2\/types\/product"}],"wp:featuredmedia":[{"embeddable":true,"href":"https:\/\/ozponcho.com.au\/hu\/wp-json\/wp\/v2\/media\/15258"}],"wp:attachment":[{"href":"https:\/\/ozponcho.com.au\/hu\/wp-json\/wp\/v2\/media?parent=15259"}],"wp:term":[{"taxonomy":"product_brand","embeddable":true,"href":"https:\/\/ozponcho.com.au\/hu\/wp-json\/wp\/v2\/product_brand?post=15259"},{"taxonomy":"product_cat","embeddable":true,"href":"https:\/\/ozponcho.com.au\/hu\/wp-json\/wp\/v2\/product_cat?post=15259"},{"taxonomy":"product_tag","embeddable":true,"href":"https:\/\/ozponcho.com.au\/hu\/wp-json\/wp\/v2\/product_tag?post=15259"}],"curies":[{"name":"wp","href":"https:\/\/api.w.org\/{rel}","templated":true}]}}