{"id":14872,"date":"2023-12-30T22:17:15","date_gmt":"2023-12-30T11:17:15","guid":{"rendered":"https:\/\/ozponcho.com.au\/?post_type=product&#038;p=14872"},"modified":"2025-09-17T20:36:33","modified_gmt":"2025-09-17T09:36:33","slug":"child-beach-bath-cape-towels","status":"publish","type":"product","link":"https:\/\/ozponcho.com.au\/hu\/p\/gyermek-strand-furdo-kopeny-torolkozo\/","title":{"rendered":"Gyerekek kapucnis poncs\u00f3 t\u00f6r\u00f6lk\u00f6z\u0151"},"content":{"rendered":"<p>Tekerd be a kicsik\u00e9t m\u00f3k\u00e1ba \u00e9s k\u00e9nyelembe a gyerekeknek sz\u00e1nt kapucnis ponch\u00f3s t\u00f6r\u00f6lk\u00f6z\u0151inkkel! Ezek az ultrapuha ponch\u00f3k t\u00f6k\u00e9letes m\u00e9retben (60*120 cm) a gyermekek sz\u00e1m\u00e1ra, \u00e9s meleg \u00f6lel\u00e9st biztos\u00edtanak f\u00fcrd\u00e9s vagy strandol\u00e1s ut\u00e1n. Az 100% mikrosz\u00e1las anyagb\u00f3l k\u00e9sz\u00fcltek, gyors sz\u00e1rad\u00e1st, kiv\u00e1l\u00f3 nedvsz\u00edv\u00f3 k\u00e9pess\u00e9get \u00e9s antibakteri\u00e1lis tulajdons\u00e1gokat biztos\u00edtanak. A k\u00fcl\u00f6nf\u00e9le elb\u0171v\u00f6l\u0151 mint\u00e1kkal, k\u00f6zt\u00fck dinoszauruszokkal \u00e9s egyszarv\u00faakkal, gyermeke im\u00e1dni fogja viselni kedvenc karakter\u00e9t. A k\u00f6nnyen hordhat\u00f3 k\u00f6peny kialak\u00edt\u00e1sa \u00e9s a v\u00e9d\u0151 kapucni teszi ezeket a ponch\u00f3kat a napv\u00e9d\u0151 \u00e9s k\u00e9nyelmes v\u00e1laszt\u00e1ss\u00e1.<\/p>\n<h2>SPECIFIK\u00c1CI\u00d3K<\/h2>\n<p>Technika: F\u00e9s\u00fclt pamut<\/p>\n<p>Eredet: K\u00edna<\/p>","protected":false},"excerpt":{"rendered":"<p>Wrap your little one in fun and coziness with our Kids Hooded Poncho Towels! Perfectly sized for children (60*120cm), these ultra-soft ponchos provide a warm embrace after bath or beach time. Made from 100% microfiber fabric, they offer quick drying, superb absorbency, and anti-bacterial properties. With a variety of delightful patterns including dinosaurs and unicorns, [&#8230;]","protected":false},"featured_media":14871,"template":"","meta":[],"product_brand":[],"product_cat":[15,222,213,212,208],"product_tag":[],"class_list":{"0":"post-14872","1":"product","2":"type-product","3":"status-publish","4":"has-post-thumbnail","6":"product_cat-main-category","7":"product_cat-pink-poncho","8":"product_cat-poncho-baby","9":"product_cat-poncho-kid","10":"product_cat-surf-poncho","12":"first","13":"instock","14":"shipping-taxable","15":"purchasable","16":"product-type-variable"},"yoast_head":"<!-- This site is optimized with the Yoast SEO plugin v25.9 - https:\/\/yoast.com\/wordpress\/plugins\/seo\/ -->\n<title>Kids Hooded Poncho Towels | Magyarorsz\u00e1g #1 Poncho Shop<\/title>\n<meta name=\"description\" content=\"Looking for a Kids Hooded Poncho Towels ? You&#039;ve come to the right place \ud83d\ude04 We offers a wide selection of Kids Hooded Poncho Towels, perfect for you.\" \/>\n<meta name=\"robots\" content=\"index, follow, max-snippet:-1, max-image-preview:large, max-video-preview:-1\" \/>\n<link rel=\"canonical\" href=\"https:\/\/ozponcho.com.au\/hu\/p\/gyermek-strand-furdo-kopeny-torolkozo\/\" \/>\n<meta property=\"og:locale\" content=\"hu_HU\" \/>\n<meta property=\"og:type\" content=\"article\" \/>\n<meta property=\"og:title\" content=\"Kids Hooded Poncho Towels | Magyarorsz\u00e1g #1 Poncho Shop\" \/>\n<meta property=\"og:description\" content=\"Looking for a Kids Hooded Poncho Towels ? You&#039;ve come to the right place \ud83d\ude04 We offers a wide selection of Kids Hooded Poncho Towels, perfect for you.\" \/>\n<meta property=\"og:url\" content=\"https:\/\/ozponcho.com.au\/hu\/p\/gyermek-strand-furdo-kopeny-torolkozo\/\" \/>\n<meta property=\"og:site_name\" content=\"OZ Poncho\" \/>\n<meta property=\"article:modified_time\" content=\"2025-09-17T09:36:33+00:00\" \/>\n<meta property=\"og:image\" content=\"https:\/\/ozponcho.com.au\/wp-content\/uploads\/2023\/12\/Sad05d5ad826f4a408eed7762e0a207cbK.webp\" \/>\n\t<meta property=\"og:image:width\" content=\"800\" \/>\n\t<meta property=\"og:image:height\" content=\"800\" \/>\n\t<meta property=\"og:image:type\" content=\"image\/webp\" \/>\n<meta name=\"twitter:card\" content=\"summary_large_image\" \/>\n<meta name=\"twitter:label1\" content=\"Becs\u00fclt olvas\u00e1si id\u0151\" \/>\n\t<meta name=\"twitter:data1\" content=\"1 perc\" \/>\n<script type=\"application\/ld+json\" class=\"yoast-schema-graph\">{\"@context\":\"https:\/\/schema.org\",\"@graph\":[{\"@type\":\"WebPage\",\"@id\":\"https:\/\/ozponcho.com.au\/p\/child-beach-bath-cape-towels\/\",\"url\":\"https:\/\/ozponcho.com.au\/p\/child-beach-bath-cape-towels\/\",\"name\":\"Kids Hooded Poncho Towels | Magyarorsz\u00e1g #1 Poncho Shop\",\"isPartOf\":{\"@id\":\"https:\/\/ozponcho.com.au\/#website\"},\"primaryImageOfPage\":{\"@id\":\"https:\/\/ozponcho.com.au\/p\/child-beach-bath-cape-towels\/#primaryimage\"},\"image\":{\"@id\":\"https:\/\/ozponcho.com.au\/p\/child-beach-bath-cape-towels\/#primaryimage\"},\"thumbnailUrl\":\"https:\/\/ozponcho.com.au\/wp-content\/uploads\/2023\/12\/Sad05d5ad826f4a408eed7762e0a207cbK.webp\",\"datePublished\":\"2023-12-30T11:17:15+00:00\",\"dateModified\":\"2025-09-17T09:36:33+00:00\",\"description\":\"Looking for a Kids Hooded Poncho Towels ? You've come to the right place \ud83d\ude04 We offers a wide selection of Kids Hooded Poncho Towels, perfect for you.\",\"breadcrumb\":{\"@id\":\"https:\/\/ozponcho.com.au\/p\/child-beach-bath-cape-towels\/#breadcrumb\"},\"inLanguage\":\"hu\",\"potentialAction\":[{\"@type\":\"ReadAction\",\"target\":[\"https:\/\/ozponcho.com.au\/p\/child-beach-bath-cape-towels\/\"]}]},{\"@type\":\"ImageObject\",\"inLanguage\":\"hu\",\"@id\":\"https:\/\/ozponcho.com.au\/p\/child-beach-bath-cape-towels\/#primaryimage\",\"url\":\"https:\/\/ozponcho.com.au\/wp-content\/uploads\/2023\/12\/Sad05d5ad826f4a408eed7762e0a207cbK.webp\",\"contentUrl\":\"https:\/\/ozponcho.com.au\/wp-content\/uploads\/2023\/12\/Sad05d5ad826f4a408eed7762e0a207cbK.webp\",\"width\":800,\"height\":800,\"caption\":\"Kids Hooded Poncho Towels\"},{\"@type\":\"BreadcrumbList\",\"@id\":\"https:\/\/ozponcho.com.au\/p\/child-beach-bath-cape-towels\/#breadcrumb\",\"itemListElement\":[{\"@type\":\"ListItem\",\"position\":1,\"name\":\"Home\",\"item\":\"https:\/\/ozponcho.com.au\/\"},{\"@type\":\"ListItem\",\"position\":2,\"name\":\"Shop\",\"item\":\"https:\/\/ozponcho.com.au\/shop\/\"},{\"@type\":\"ListItem\",\"position\":3,\"name\":\"Kids Hooded Poncho Towels\"}]},{\"@type\":\"WebSite\",\"@id\":\"https:\/\/ozponcho.com.au\/#website\",\"url\":\"https:\/\/ozponcho.com.au\/\",\"name\":\"OZ Poncho\",\"description\":\"\",\"potentialAction\":[{\"@type\":\"SearchAction\",\"target\":{\"@type\":\"EntryPoint\",\"urlTemplate\":\"https:\/\/ozponcho.com.au\/?s={search_term_string}\"},\"query-input\":{\"@type\":\"PropertyValueSpecification\",\"valueRequired\":true,\"valueName\":\"search_term_string\"}}],\"inLanguage\":\"hu\"}]}<\/script>\n<!-- \/ Yoast SEO plugin. -->","yoast_head_json":{"title":"Gyerek Poncho T\u00f6r\u00f6lk\u00f6z\u0151 | Magyarorsz\u00e1g #1 Poncho Shop","description":"Gyerekeknek val\u00f3 kapucnis poncs\u00f3 t\u00f6r\u00f6lk\u00f6z\u0151t keres ? A legjobb helyre j\u00f6tt\u00e9l \ud83d\ude04 Gyerek kapucnis Ponch\u00f3s T\u00f6r\u00f6lk\u00f6z\u0151 sz\u00e9les v\u00e1laszt\u00e9k\u00e1t k\u00edn\u00e1ljuk, t\u00f6k\u00e9letes az \u00d6n sz\u00e1m\u00e1ra.","robots":{"index":"index","follow":"follow","max-snippet":"max-snippet:-1","max-image-preview":"max-image-preview:large","max-video-preview":"max-video-preview:-1"},"canonical":"https:\/\/ozponcho.com.au\/hu\/p\/gyermek-strand-furdo-kopeny-torolkozo\/","og_locale":"hu_HU","og_type":"article","og_title":"Kids Hooded Poncho Towels | Magyarorsz\u00e1g #1 Poncho Shop","og_description":"Looking for a Kids Hooded Poncho Towels ? You've come to the right place \ud83d\ude04 We offers a wide selection of Kids Hooded Poncho Towels, perfect for you.","og_url":"https:\/\/ozponcho.com.au\/hu\/p\/gyermek-strand-furdo-kopeny-torolkozo\/","og_site_name":"OZ Poncho","article_modified_time":"2025-09-17T09:36:33+00:00","og_image":[{"width":800,"height":800,"url":"https:\/\/ozponcho.com.au\/wp-content\/uploads\/2023\/12\/Sad05d5ad826f4a408eed7762e0a207cbK.webp","type":"image\/webp"}],"twitter_card":"summary_large_image","twitter_misc":{"Becs\u00fclt olvas\u00e1si id\u0151":"1 perc"},"schema":{"@context":"https:\/\/schema.org","@graph":[{"@type":"WebPage","@id":"https:\/\/ozponcho.com.au\/p\/child-beach-bath-cape-towels\/","url":"https:\/\/ozponcho.com.au\/p\/child-beach-bath-cape-towels\/","name":"Gyerek Poncho T\u00f6r\u00f6lk\u00f6z\u0151 | Magyarorsz\u00e1g #1 Poncho Shop","isPartOf":{"@id":"https:\/\/ozponcho.com.au\/#website"},"primaryImageOfPage":{"@id":"https:\/\/ozponcho.com.au\/p\/child-beach-bath-cape-towels\/#primaryimage"},"image":{"@id":"https:\/\/ozponcho.com.au\/p\/child-beach-bath-cape-towels\/#primaryimage"},"thumbnailUrl":"https:\/\/ozponcho.com.au\/wp-content\/uploads\/2023\/12\/Sad05d5ad826f4a408eed7762e0a207cbK.webp","datePublished":"2023-12-30T11:17:15+00:00","dateModified":"2025-09-17T09:36:33+00:00","description":"Gyerekeknek val\u00f3 kapucnis poncs\u00f3 t\u00f6r\u00f6lk\u00f6z\u0151t keres ? A legjobb helyre j\u00f6tt\u00e9l \ud83d\ude04 Gyerek kapucnis Ponch\u00f3s T\u00f6r\u00f6lk\u00f6z\u0151 sz\u00e9les v\u00e1laszt\u00e9k\u00e1t k\u00edn\u00e1ljuk, t\u00f6k\u00e9letes az \u00d6n sz\u00e1m\u00e1ra.","breadcrumb":{"@id":"https:\/\/ozponcho.com.au\/p\/child-beach-bath-cape-towels\/#breadcrumb"},"inLanguage":"hu","potentialAction":[{"@type":"ReadAction","target":["https:\/\/ozponcho.com.au\/p\/child-beach-bath-cape-towels\/"]}]},{"@type":"ImageObject","inLanguage":"hu","@id":"https:\/\/ozponcho.com.au\/p\/child-beach-bath-cape-towels\/#primaryimage","url":"https:\/\/ozponcho.com.au\/wp-content\/uploads\/2023\/12\/Sad05d5ad826f4a408eed7762e0a207cbK.webp","contentUrl":"https:\/\/ozponcho.com.au\/wp-content\/uploads\/2023\/12\/Sad05d5ad826f4a408eed7762e0a207cbK.webp","width":800,"height":800,"caption":"Kids Hooded Poncho Towels"},{"@type":"BreadcrumbList","@id":"https:\/\/ozponcho.com.au\/p\/child-beach-bath-cape-towels\/#breadcrumb","itemListElement":[{"@type":"ListItem","position":1,"name":"Home","item":"https:\/\/ozponcho.com.au\/"},{"@type":"ListItem","position":2,"name":"Shop","item":"https:\/\/ozponcho.com.au\/shop\/"},{"@type":"ListItem","position":3,"name":"Kids Hooded Poncho Towels"}]},{"@type":"WebSite","@id":"https:\/\/ozponcho.com.au\/#website","url":"https:\/\/ozponcho.com.au\/","name":"OZ Poncho","description":"","potentialAction":[{"@type":"SearchAction","target":{"@type":"EntryPoint","urlTemplate":"https:\/\/ozponcho.com.au\/?s={search_term_string}"},"query-input":{"@type":"PropertyValueSpecification","valueRequired":true,"valueName":"search_term_string"}}],"inLanguage":"hu"}]}},"_links":{"self":[{"href":"https:\/\/ozponcho.com.au\/hu\/wp-json\/wp\/v2\/product\/14872","targetHints":{"allow":["GET"]}}],"collection":[{"href":"https:\/\/ozponcho.com.au\/hu\/wp-json\/wp\/v2\/product"}],"about":[{"href":"https:\/\/ozponcho.com.au\/hu\/wp-json\/wp\/v2\/types\/product"}],"wp:featuredmedia":[{"embeddable":true,"href":"https:\/\/ozponcho.com.au\/hu\/wp-json\/wp\/v2\/media\/14871"}],"wp:attachment":[{"href":"https:\/\/ozponcho.com.au\/hu\/wp-json\/wp\/v2\/media?parent=14872"}],"wp:term":[{"taxonomy":"product_brand","embeddable":true,"href":"https:\/\/ozponcho.com.au\/hu\/wp-json\/wp\/v2\/product_brand?post=14872"},{"taxonomy":"product_cat","embeddable":true,"href":"https:\/\/ozponcho.com.au\/hu\/wp-json\/wp\/v2\/product_cat?post=14872"},{"taxonomy":"product_tag","embeddable":true,"href":"https:\/\/ozponcho.com.au\/hu\/wp-json\/wp\/v2\/product_tag?post=14872"}],"curies":[{"name":"wp","href":"https:\/\/api.w.org\/{rel}","templated":true}]}}