{"id":14748,"date":"2023-12-30T22:15:45","date_gmt":"2023-12-30T11:15:45","guid":{"rendered":"https:\/\/ozponcho.com.au\/?post_type=product&#038;p=14748"},"modified":"2024-03-08T16:26:55","modified_gmt":"2024-03-08T05:26:55","slug":"child-hooded-bath-cape","status":"publish","type":"product","link":"https:\/\/ozponcho.com.au\/hu\/p\/gyermek-kapucnis-furdokopeny-2\/","title":{"rendered":"Gyerekek Poncho t\u00f6r\u00f6lk\u00f6z\u0151 rajzfilm"},"content":{"rendered":"<p>Tekerd be gyermeked a k\u00e9nyelem vil\u00e1g\u00e1ba ezekkel a vibr\u00e1l\u00f3, rajzfilmes t\u00e9m\u00e1j\u00fa gyerek Poncho t\u00f6r\u00f6lk\u00f6z\u0151kkel! A rendk\u00edv\u00fcl puha mikrosz\u00e1las anyagb\u00f3l k\u00e9sz\u00fcltek, \u00e9s t\u00f6k\u00e9letes kieg\u00e9sz\u00edt\u0151i a f\u00fcrd\u00e9s vagy strandol\u00e1s ut\u00e1ni gyors sz\u00e1rad\u00e1snak. Ezek a ponch\u00f3k im\u00e1dnival\u00f3 kapucnis mint\u00e1kkal rendelkeznek, \u00e9s \u00e9l\u00e9nk, j\u00e1t\u00e9kos sz\u00ednekben pomp\u00e1znak, k\u00e9szen arra, hogy feldobj\u00e1k kisgyermeke mindennapi kalandjait. A k\u00f6nny\u0171 viseletnek k\u00f6sz\u00f6nhet\u0151en gondtalan sz\u00e1r\u00edt\u00e1st tesznek lehet\u0151v\u00e9, \u00e9s egy egyszer\u0171 t\u00f6r\u00f6lk\u00f6z\u0151t sz\u00f3rakoztat\u00f3 k\u00f6nt\u00f6ss\u00e9 alak\u00edtanak, amelyet a gyerekek sz\u00edvesen viselnek. Ezek a t\u00f6r\u00f6lk\u00f6z\u0151k var\u00e1zslatos \u00e9lm\u00e9nny\u00e9 emelik a f\u00fcrd\u00e9si rutint, \u00e9s kihagyhatatlanok a sz\u00fcl\u0151k sz\u00e1m\u00e1ra, akik praktikus, m\u00e9gis var\u00e1zslatos megold\u00e1st keresnek.<\/p>\n<h2>SPECIFIK\u00c1CI\u00d3K<\/h2>\n<p>Technika: F\u00e9s\u00fclt pamut<\/p>\n<p>Eredet: K\u00edna<\/p>\n<div>\n<div>\n<div>\n<div>\n<div><\/div>\n<\/div>\n<\/div>\n<\/div>\n<\/div>","protected":false},"excerpt":{"rendered":"<p>Wrap your child in a world of comfort with these vibrant, cartoon-themed Kids Poncho Towels! Made from ultra-soft microfiber, they&#8217;re the perfect accessory for quick drying after bath or beach time. Featuring adorable hood designs, these ponchos come in bright playful colors, ready to light up your little one&#8217;s daily adventures. The easy wearability makes [&#8230;]","protected":false},"featured_media":14747,"template":"","meta":[],"product_brand":[],"product_cat":[223,15,213,212,208,224],"product_tag":[],"class_list":{"0":"post-14748","1":"product","2":"type-product","3":"status-publish","4":"has-post-thumbnail","6":"product_cat-blue-poncho","7":"product_cat-main-category","8":"product_cat-poncho-baby","9":"product_cat-poncho-kid","10":"product_cat-surf-poncho","11":"product_cat-yellow-poncho","13":"first","14":"instock","15":"shipping-taxable","16":"purchasable","17":"product-type-variable"},"yoast_head":"<!-- This site is optimized with the Yoast SEO plugin v25.9 - https:\/\/yoast.com\/wordpress\/plugins\/seo\/ -->\n<title>Kids Poncho Towel Cartoon | Magyarorsz\u00e1g #1 Poncho Shop<\/title>\n<meta name=\"description\" content=\"Looking for a Kids Poncho Towel Cartoon ? You&#039;ve come to the right place \ud83d\ude04 We offers a wide selection of Kids Poncho Towel Cartoon, perfect for you.\" \/>\n<meta name=\"robots\" content=\"index, follow, max-snippet:-1, max-image-preview:large, max-video-preview:-1\" \/>\n<link rel=\"canonical\" href=\"https:\/\/ozponcho.com.au\/hu\/p\/gyermek-kapucnis-furdokopeny-2\/\" \/>\n<meta property=\"og:locale\" content=\"hu_HU\" \/>\n<meta property=\"og:type\" content=\"article\" \/>\n<meta property=\"og:title\" content=\"Kids Poncho Towel Cartoon | Magyarorsz\u00e1g #1 Poncho Shop\" \/>\n<meta property=\"og:description\" content=\"Looking for a Kids Poncho Towel Cartoon ? You&#039;ve come to the right place \ud83d\ude04 We offers a wide selection of Kids Poncho Towel Cartoon, perfect for you.\" \/>\n<meta property=\"og:url\" content=\"https:\/\/ozponcho.com.au\/hu\/p\/gyermek-kapucnis-furdokopeny-2\/\" \/>\n<meta property=\"og:site_name\" content=\"OZ Poncho\" \/>\n<meta property=\"article:modified_time\" content=\"2024-03-08T05:26:55+00:00\" \/>\n<meta property=\"og:image\" content=\"https:\/\/ozponcho.com.au\/wp-content\/uploads\/2023\/12\/Sce84285e0059412dbe2ce5c1626349a1W.webp\" \/>\n\t<meta property=\"og:image:width\" content=\"800\" \/>\n\t<meta property=\"og:image:height\" content=\"800\" \/>\n\t<meta property=\"og:image:type\" content=\"image\/webp\" \/>\n<meta name=\"twitter:card\" content=\"summary_large_image\" \/>\n<meta name=\"twitter:label1\" content=\"Becs\u00fclt olvas\u00e1si id\u0151\" \/>\n\t<meta name=\"twitter:data1\" content=\"1 perc\" \/>\n<script type=\"application\/ld+json\" class=\"yoast-schema-graph\">{\"@context\":\"https:\/\/schema.org\",\"@graph\":[{\"@type\":\"WebPage\",\"@id\":\"https:\/\/ozponcho.com.au\/p\/child-hooded-bath-cape\/\",\"url\":\"https:\/\/ozponcho.com.au\/p\/child-hooded-bath-cape\/\",\"name\":\"Kids Poncho Towel Cartoon | Magyarorsz\u00e1g #1 Poncho Shop\",\"isPartOf\":{\"@id\":\"https:\/\/ozponcho.com.au\/#website\"},\"primaryImageOfPage\":{\"@id\":\"https:\/\/ozponcho.com.au\/p\/child-hooded-bath-cape\/#primaryimage\"},\"image\":{\"@id\":\"https:\/\/ozponcho.com.au\/p\/child-hooded-bath-cape\/#primaryimage\"},\"thumbnailUrl\":\"https:\/\/ozponcho.com.au\/wp-content\/uploads\/2023\/12\/Sce84285e0059412dbe2ce5c1626349a1W.webp\",\"datePublished\":\"2023-12-30T11:15:45+00:00\",\"dateModified\":\"2024-03-08T05:26:55+00:00\",\"description\":\"Looking for a Kids Poncho Towel Cartoon ? You've come to the right place \ud83d\ude04 We offers a wide selection of Kids Poncho Towel Cartoon, perfect for you.\",\"breadcrumb\":{\"@id\":\"https:\/\/ozponcho.com.au\/p\/child-hooded-bath-cape\/#breadcrumb\"},\"inLanguage\":\"hu\",\"potentialAction\":[{\"@type\":\"ReadAction\",\"target\":[\"https:\/\/ozponcho.com.au\/p\/child-hooded-bath-cape\/\"]}]},{\"@type\":\"ImageObject\",\"inLanguage\":\"hu\",\"@id\":\"https:\/\/ozponcho.com.au\/p\/child-hooded-bath-cape\/#primaryimage\",\"url\":\"https:\/\/ozponcho.com.au\/wp-content\/uploads\/2023\/12\/Sce84285e0059412dbe2ce5c1626349a1W.webp\",\"contentUrl\":\"https:\/\/ozponcho.com.au\/wp-content\/uploads\/2023\/12\/Sce84285e0059412dbe2ce5c1626349a1W.webp\",\"width\":800,\"height\":800,\"caption\":\"Kids Poncho Towel Cartoon\"},{\"@type\":\"BreadcrumbList\",\"@id\":\"https:\/\/ozponcho.com.au\/p\/child-hooded-bath-cape\/#breadcrumb\",\"itemListElement\":[{\"@type\":\"ListItem\",\"position\":1,\"name\":\"Home\",\"item\":\"https:\/\/ozponcho.com.au\/\"},{\"@type\":\"ListItem\",\"position\":2,\"name\":\"Shop\",\"item\":\"https:\/\/ozponcho.com.au\/shop\/\"},{\"@type\":\"ListItem\",\"position\":3,\"name\":\"Kids Poncho Towel Cartoon\"}]},{\"@type\":\"WebSite\",\"@id\":\"https:\/\/ozponcho.com.au\/#website\",\"url\":\"https:\/\/ozponcho.com.au\/\",\"name\":\"OZ Poncho\",\"description\":\"\",\"potentialAction\":[{\"@type\":\"SearchAction\",\"target\":{\"@type\":\"EntryPoint\",\"urlTemplate\":\"https:\/\/ozponcho.com.au\/?s={search_term_string}\"},\"query-input\":{\"@type\":\"PropertyValueSpecification\",\"valueRequired\":true,\"valueName\":\"search_term_string\"}}],\"inLanguage\":\"hu\"}]}<\/script>\n<!-- \/ Yoast SEO plugin. -->","yoast_head_json":{"title":"Gyerek Poncs\u00f3 T\u00f6r\u00f6lk\u00f6z\u0151 Cartoon | Magyarorsz\u00e1g #1 Poncho Shop","description":"Gyerekeknek Ponch\u00f3t\u00f6r\u00f6lk\u00f6z\u0151t keresel ? A legjobb helyre j\u00f6tt\u00e9l \ud83d\ude04 Gyerek Poncho T\u00f6r\u00f6lk\u00f6z\u0151 Cartoon sz\u00e9les v\u00e1laszt\u00e9k\u00e1t k\u00edn\u00e1ljuk, t\u00f6k\u00e9letes az \u00d6n sz\u00e1m\u00e1ra.","robots":{"index":"index","follow":"follow","max-snippet":"max-snippet:-1","max-image-preview":"max-image-preview:large","max-video-preview":"max-video-preview:-1"},"canonical":"https:\/\/ozponcho.com.au\/hu\/p\/gyermek-kapucnis-furdokopeny-2\/","og_locale":"hu_HU","og_type":"article","og_title":"Kids Poncho Towel Cartoon | Magyarorsz\u00e1g #1 Poncho Shop","og_description":"Looking for a Kids Poncho Towel Cartoon ? You've come to the right place \ud83d\ude04 We offers a wide selection of Kids Poncho Towel Cartoon, perfect for you.","og_url":"https:\/\/ozponcho.com.au\/hu\/p\/gyermek-kapucnis-furdokopeny-2\/","og_site_name":"OZ Poncho","article_modified_time":"2024-03-08T05:26:55+00:00","og_image":[{"width":800,"height":800,"url":"https:\/\/ozponcho.com.au\/wp-content\/uploads\/2023\/12\/Sce84285e0059412dbe2ce5c1626349a1W.webp","type":"image\/webp"}],"twitter_card":"summary_large_image","twitter_misc":{"Becs\u00fclt olvas\u00e1si id\u0151":"1 perc"},"schema":{"@context":"https:\/\/schema.org","@graph":[{"@type":"WebPage","@id":"https:\/\/ozponcho.com.au\/p\/child-hooded-bath-cape\/","url":"https:\/\/ozponcho.com.au\/p\/child-hooded-bath-cape\/","name":"Gyerek Poncs\u00f3 T\u00f6r\u00f6lk\u00f6z\u0151 Cartoon | Magyarorsz\u00e1g #1 Poncho Shop","isPartOf":{"@id":"https:\/\/ozponcho.com.au\/#website"},"primaryImageOfPage":{"@id":"https:\/\/ozponcho.com.au\/p\/child-hooded-bath-cape\/#primaryimage"},"image":{"@id":"https:\/\/ozponcho.com.au\/p\/child-hooded-bath-cape\/#primaryimage"},"thumbnailUrl":"https:\/\/ozponcho.com.au\/wp-content\/uploads\/2023\/12\/Sce84285e0059412dbe2ce5c1626349a1W.webp","datePublished":"2023-12-30T11:15:45+00:00","dateModified":"2024-03-08T05:26:55+00:00","description":"Gyerekeknek Ponch\u00f3t\u00f6r\u00f6lk\u00f6z\u0151t keresel ? A legjobb helyre j\u00f6tt\u00e9l \ud83d\ude04 Gyerek Poncho T\u00f6r\u00f6lk\u00f6z\u0151 Cartoon sz\u00e9les v\u00e1laszt\u00e9k\u00e1t k\u00edn\u00e1ljuk, t\u00f6k\u00e9letes az \u00d6n sz\u00e1m\u00e1ra.","breadcrumb":{"@id":"https:\/\/ozponcho.com.au\/p\/child-hooded-bath-cape\/#breadcrumb"},"inLanguage":"hu","potentialAction":[{"@type":"ReadAction","target":["https:\/\/ozponcho.com.au\/p\/child-hooded-bath-cape\/"]}]},{"@type":"ImageObject","inLanguage":"hu","@id":"https:\/\/ozponcho.com.au\/p\/child-hooded-bath-cape\/#primaryimage","url":"https:\/\/ozponcho.com.au\/wp-content\/uploads\/2023\/12\/Sce84285e0059412dbe2ce5c1626349a1W.webp","contentUrl":"https:\/\/ozponcho.com.au\/wp-content\/uploads\/2023\/12\/Sce84285e0059412dbe2ce5c1626349a1W.webp","width":800,"height":800,"caption":"Kids Poncho Towel Cartoon"},{"@type":"BreadcrumbList","@id":"https:\/\/ozponcho.com.au\/p\/child-hooded-bath-cape\/#breadcrumb","itemListElement":[{"@type":"ListItem","position":1,"name":"Home","item":"https:\/\/ozponcho.com.au\/"},{"@type":"ListItem","position":2,"name":"Shop","item":"https:\/\/ozponcho.com.au\/shop\/"},{"@type":"ListItem","position":3,"name":"Kids Poncho Towel Cartoon"}]},{"@type":"WebSite","@id":"https:\/\/ozponcho.com.au\/#website","url":"https:\/\/ozponcho.com.au\/","name":"OZ Poncho","description":"","potentialAction":[{"@type":"SearchAction","target":{"@type":"EntryPoint","urlTemplate":"https:\/\/ozponcho.com.au\/?s={search_term_string}"},"query-input":{"@type":"PropertyValueSpecification","valueRequired":true,"valueName":"search_term_string"}}],"inLanguage":"hu"}]}},"_links":{"self":[{"href":"https:\/\/ozponcho.com.au\/hu\/wp-json\/wp\/v2\/product\/14748","targetHints":{"allow":["GET"]}}],"collection":[{"href":"https:\/\/ozponcho.com.au\/hu\/wp-json\/wp\/v2\/product"}],"about":[{"href":"https:\/\/ozponcho.com.au\/hu\/wp-json\/wp\/v2\/types\/product"}],"wp:featuredmedia":[{"embeddable":true,"href":"https:\/\/ozponcho.com.au\/hu\/wp-json\/wp\/v2\/media\/14747"}],"wp:attachment":[{"href":"https:\/\/ozponcho.com.au\/hu\/wp-json\/wp\/v2\/media?parent=14748"}],"wp:term":[{"taxonomy":"product_brand","embeddable":true,"href":"https:\/\/ozponcho.com.au\/hu\/wp-json\/wp\/v2\/product_brand?post=14748"},{"taxonomy":"product_cat","embeddable":true,"href":"https:\/\/ozponcho.com.au\/hu\/wp-json\/wp\/v2\/product_cat?post=14748"},{"taxonomy":"product_tag","embeddable":true,"href":"https:\/\/ozponcho.com.au\/hu\/wp-json\/wp\/v2\/product_tag?post=14748"}],"curies":[{"name":"wp","href":"https:\/\/api.w.org\/{rel}","templated":true}]}}