{"id":14685,"date":"2023-12-30T22:14:53","date_gmt":"2023-12-30T11:14:53","guid":{"rendered":"https:\/\/ozponcho.com.au\/?post_type=product&#038;p=14685"},"modified":"2024-03-08T16:26:57","modified_gmt":"2024-03-08T05:26:57","slug":"childrens-beach-towel-poncho","status":"publish","type":"product","link":"https:\/\/ozponcho.com.au\/hu\/p\/childrens-beach-towel-poncho\/","title":{"rendered":"Gyermek kapucnis poncs\u00f3 t\u00f6r\u00f6lk\u00f6z\u0151"},"content":{"rendered":"<p>Wrap your little one in our cozy Kid&#8217;s Hooded Poncho Towel after a fun day at the beach or pool. This ultra-soft, microfiber towel features adorable cartoon characters and vibrant colors that kids love. Quick-drying and lightweight, it&#8217;s perfect for drying off or lounging in the sun. The hood provides extra warmth and sun protection, making it a beach essential for your child. Don&#8217;t miss out on this perfect blend of comfort and whimsy for your kid&#8217;s seaside adventures!<\/p>\n<h2>SPECIFIK\u00c1CI\u00d3K<\/h2>\n<p>Technika: F\u00e9s\u00fclt pamut<\/p>\n<p>Eredet: K\u00edna<\/p>","protected":false},"excerpt":{"rendered":"<p>Wrap your little one in our cozy Kid&#8217;s Hooded Poncho Towel after a fun day at the beach or pool. This ultra-soft, microfiber towel features adorable cartoon characters and vibrant colors that kids love. Quick-drying and lightweight, it&#8217;s perfect for drying off or lounging in the sun. The hood provides extra warmth and sun protection, [&#8230;]","protected":false},"featured_media":14684,"template":"","meta":[],"product_brand":[],"product_cat":[223,15,222,212,208],"product_tag":[],"class_list":{"0":"post-14685","1":"product","2":"type-product","3":"status-publish","4":"has-post-thumbnail","6":"product_cat-blue-poncho","7":"product_cat-main-category","8":"product_cat-pink-poncho","9":"product_cat-poncho-kid","10":"product_cat-surf-poncho","12":"first","13":"instock","14":"shipping-taxable","15":"purchasable","16":"product-type-variable"},"yoast_head":"<!-- This site is optimized with the Yoast SEO plugin v25.9 - https:\/\/yoast.com\/wordpress\/plugins\/seo\/ -->\n<title>Kid&#039;s Hooded Poncho Towel | Magyarorsz\u00e1g #1 Poncho Shop<\/title>\n<meta name=\"description\" content=\"Looking for a Kid&#039;s Hooded Poncho Towel ? You&#039;ve come to the right place \ud83d\ude04 We offers a wide selection of Kid&#039;s Hooded Poncho Towel, perfect for you.\" \/>\n<meta name=\"robots\" content=\"index, follow, max-snippet:-1, max-image-preview:large, max-video-preview:-1\" \/>\n<link rel=\"canonical\" href=\"https:\/\/ozponcho.com.au\/hu\/p\/childrens-beach-towel-poncho\/\" \/>\n<meta property=\"og:locale\" content=\"hu_HU\" \/>\n<meta property=\"og:type\" content=\"article\" \/>\n<meta property=\"og:title\" content=\"Kid&#039;s Hooded Poncho Towel | Magyarorsz\u00e1g #1 Poncho Shop\" \/>\n<meta property=\"og:description\" content=\"Looking for a Kid&#039;s Hooded Poncho Towel ? You&#039;ve come to the right place \ud83d\ude04 We offers a wide selection of Kid&#039;s Hooded Poncho Towel, perfect for you.\" \/>\n<meta property=\"og:url\" content=\"https:\/\/ozponcho.com.au\/hu\/p\/childrens-beach-towel-poncho\/\" \/>\n<meta property=\"og:site_name\" content=\"OZ Poncho\" \/>\n<meta property=\"article:modified_time\" content=\"2024-03-08T05:26:57+00:00\" \/>\n<meta property=\"og:image\" content=\"https:\/\/ozponcho.com.au\/wp-content\/uploads\/2023\/12\/S90841cdd2c484f5bac63bbaf9d14efabG.webp\" \/>\n\t<meta property=\"og:image:width\" content=\"800\" \/>\n\t<meta property=\"og:image:height\" content=\"800\" \/>\n\t<meta property=\"og:image:type\" content=\"image\/webp\" \/>\n<meta name=\"twitter:card\" content=\"summary_large_image\" \/>\n<meta name=\"twitter:label1\" content=\"Becs\u00fclt olvas\u00e1si id\u0151\" \/>\n\t<meta name=\"twitter:data1\" content=\"1 perc\" \/>\n<script type=\"application\/ld+json\" class=\"yoast-schema-graph\">{\"@context\":\"https:\/\/schema.org\",\"@graph\":[{\"@type\":\"WebPage\",\"@id\":\"https:\/\/ozponcho.com.au\/p\/childrens-beach-towel-poncho\/\",\"url\":\"https:\/\/ozponcho.com.au\/p\/childrens-beach-towel-poncho\/\",\"name\":\"Kid's Hooded Poncho Towel | Magyarorsz\u00e1g #1 Poncho Shop\",\"isPartOf\":{\"@id\":\"https:\/\/ozponcho.com.au\/#website\"},\"primaryImageOfPage\":{\"@id\":\"https:\/\/ozponcho.com.au\/p\/childrens-beach-towel-poncho\/#primaryimage\"},\"image\":{\"@id\":\"https:\/\/ozponcho.com.au\/p\/childrens-beach-towel-poncho\/#primaryimage\"},\"thumbnailUrl\":\"https:\/\/ozponcho.com.au\/wp-content\/uploads\/2023\/12\/S90841cdd2c484f5bac63bbaf9d14efabG.webp\",\"datePublished\":\"2023-12-30T11:14:53+00:00\",\"dateModified\":\"2024-03-08T05:26:57+00:00\",\"description\":\"Looking for a Kid's Hooded Poncho Towel ? You've come to the right place \ud83d\ude04 We offers a wide selection of Kid's Hooded Poncho Towel, perfect for you.\",\"breadcrumb\":{\"@id\":\"https:\/\/ozponcho.com.au\/p\/childrens-beach-towel-poncho\/#breadcrumb\"},\"inLanguage\":\"hu\",\"potentialAction\":[{\"@type\":\"ReadAction\",\"target\":[\"https:\/\/ozponcho.com.au\/p\/childrens-beach-towel-poncho\/\"]}]},{\"@type\":\"ImageObject\",\"inLanguage\":\"hu\",\"@id\":\"https:\/\/ozponcho.com.au\/p\/childrens-beach-towel-poncho\/#primaryimage\",\"url\":\"https:\/\/ozponcho.com.au\/wp-content\/uploads\/2023\/12\/S90841cdd2c484f5bac63bbaf9d14efabG.webp\",\"contentUrl\":\"https:\/\/ozponcho.com.au\/wp-content\/uploads\/2023\/12\/S90841cdd2c484f5bac63bbaf9d14efabG.webp\",\"width\":800,\"height\":800,\"caption\":\"Kid's Hooded Poncho Towel\"},{\"@type\":\"BreadcrumbList\",\"@id\":\"https:\/\/ozponcho.com.au\/p\/childrens-beach-towel-poncho\/#breadcrumb\",\"itemListElement\":[{\"@type\":\"ListItem\",\"position\":1,\"name\":\"Home\",\"item\":\"https:\/\/ozponcho.com.au\/\"},{\"@type\":\"ListItem\",\"position\":2,\"name\":\"Shop\",\"item\":\"https:\/\/ozponcho.com.au\/shop\/\"},{\"@type\":\"ListItem\",\"position\":3,\"name\":\"Kid&#8217;s Hooded Poncho Towel\"}]},{\"@type\":\"WebSite\",\"@id\":\"https:\/\/ozponcho.com.au\/#website\",\"url\":\"https:\/\/ozponcho.com.au\/\",\"name\":\"OZ Poncho\",\"description\":\"\",\"potentialAction\":[{\"@type\":\"SearchAction\",\"target\":{\"@type\":\"EntryPoint\",\"urlTemplate\":\"https:\/\/ozponcho.com.au\/?s={search_term_string}\"},\"query-input\":{\"@type\":\"PropertyValueSpecification\",\"valueRequired\":true,\"valueName\":\"search_term_string\"}}],\"inLanguage\":\"hu\"}]}<\/script>\n<!-- \/ Yoast SEO plugin. -->","yoast_head_json":{"title":"Kid's Hooded Poncho Towel | Magyarorsz\u00e1g #1 Poncho Shop","description":"Looking for a Kid's Hooded Poncho Towel ? You've come to the right place \ud83d\ude04 We offers a wide selection of Kid's Hooded Poncho Towel, perfect for you.","robots":{"index":"index","follow":"follow","max-snippet":"max-snippet:-1","max-image-preview":"max-image-preview:large","max-video-preview":"max-video-preview:-1"},"canonical":"https:\/\/ozponcho.com.au\/hu\/p\/childrens-beach-towel-poncho\/","og_locale":"hu_HU","og_type":"article","og_title":"Kid's Hooded Poncho Towel | Magyarorsz\u00e1g #1 Poncho Shop","og_description":"Looking for a Kid's Hooded Poncho Towel ? You've come to the right place \ud83d\ude04 We offers a wide selection of Kid's Hooded Poncho Towel, perfect for you.","og_url":"https:\/\/ozponcho.com.au\/hu\/p\/childrens-beach-towel-poncho\/","og_site_name":"OZ Poncho","article_modified_time":"2024-03-08T05:26:57+00:00","og_image":[{"width":800,"height":800,"url":"https:\/\/ozponcho.com.au\/wp-content\/uploads\/2023\/12\/S90841cdd2c484f5bac63bbaf9d14efabG.webp","type":"image\/webp"}],"twitter_card":"summary_large_image","twitter_misc":{"Becs\u00fclt olvas\u00e1si id\u0151":"1 perc"},"schema":{"@context":"https:\/\/schema.org","@graph":[{"@type":"WebPage","@id":"https:\/\/ozponcho.com.au\/p\/childrens-beach-towel-poncho\/","url":"https:\/\/ozponcho.com.au\/p\/childrens-beach-towel-poncho\/","name":"Kid's Hooded Poncho Towel | Magyarorsz\u00e1g #1 Poncho Shop","isPartOf":{"@id":"https:\/\/ozponcho.com.au\/#website"},"primaryImageOfPage":{"@id":"https:\/\/ozponcho.com.au\/p\/childrens-beach-towel-poncho\/#primaryimage"},"image":{"@id":"https:\/\/ozponcho.com.au\/p\/childrens-beach-towel-poncho\/#primaryimage"},"thumbnailUrl":"https:\/\/ozponcho.com.au\/wp-content\/uploads\/2023\/12\/S90841cdd2c484f5bac63bbaf9d14efabG.webp","datePublished":"2023-12-30T11:14:53+00:00","dateModified":"2024-03-08T05:26:57+00:00","description":"Looking for a Kid's Hooded Poncho Towel ? You've come to the right place \ud83d\ude04 We offers a wide selection of Kid's Hooded Poncho Towel, perfect for you.","breadcrumb":{"@id":"https:\/\/ozponcho.com.au\/p\/childrens-beach-towel-poncho\/#breadcrumb"},"inLanguage":"hu","potentialAction":[{"@type":"ReadAction","target":["https:\/\/ozponcho.com.au\/p\/childrens-beach-towel-poncho\/"]}]},{"@type":"ImageObject","inLanguage":"hu","@id":"https:\/\/ozponcho.com.au\/p\/childrens-beach-towel-poncho\/#primaryimage","url":"https:\/\/ozponcho.com.au\/wp-content\/uploads\/2023\/12\/S90841cdd2c484f5bac63bbaf9d14efabG.webp","contentUrl":"https:\/\/ozponcho.com.au\/wp-content\/uploads\/2023\/12\/S90841cdd2c484f5bac63bbaf9d14efabG.webp","width":800,"height":800,"caption":"Kid's Hooded Poncho Towel"},{"@type":"BreadcrumbList","@id":"https:\/\/ozponcho.com.au\/p\/childrens-beach-towel-poncho\/#breadcrumb","itemListElement":[{"@type":"ListItem","position":1,"name":"Home","item":"https:\/\/ozponcho.com.au\/"},{"@type":"ListItem","position":2,"name":"Shop","item":"https:\/\/ozponcho.com.au\/shop\/"},{"@type":"ListItem","position":3,"name":"Kid&#8217;s Hooded Poncho Towel"}]},{"@type":"WebSite","@id":"https:\/\/ozponcho.com.au\/#website","url":"https:\/\/ozponcho.com.au\/","name":"OZ Poncho","description":"","potentialAction":[{"@type":"SearchAction","target":{"@type":"EntryPoint","urlTemplate":"https:\/\/ozponcho.com.au\/?s={search_term_string}"},"query-input":{"@type":"PropertyValueSpecification","valueRequired":true,"valueName":"search_term_string"}}],"inLanguage":"hu"}]}},"_links":{"self":[{"href":"https:\/\/ozponcho.com.au\/hu\/wp-json\/wp\/v2\/product\/14685","targetHints":{"allow":["GET"]}}],"collection":[{"href":"https:\/\/ozponcho.com.au\/hu\/wp-json\/wp\/v2\/product"}],"about":[{"href":"https:\/\/ozponcho.com.au\/hu\/wp-json\/wp\/v2\/types\/product"}],"wp:featuredmedia":[{"embeddable":true,"href":"https:\/\/ozponcho.com.au\/hu\/wp-json\/wp\/v2\/media\/14684"}],"wp:attachment":[{"href":"https:\/\/ozponcho.com.au\/hu\/wp-json\/wp\/v2\/media?parent=14685"}],"wp:term":[{"taxonomy":"product_brand","embeddable":true,"href":"https:\/\/ozponcho.com.au\/hu\/wp-json\/wp\/v2\/product_brand?post=14685"},{"taxonomy":"product_cat","embeddable":true,"href":"https:\/\/ozponcho.com.au\/hu\/wp-json\/wp\/v2\/product_cat?post=14685"},{"taxonomy":"product_tag","embeddable":true,"href":"https:\/\/ozponcho.com.au\/hu\/wp-json\/wp\/v2\/product_tag?post=14685"}],"curies":[{"name":"wp","href":"https:\/\/api.w.org\/{rel}","templated":true}]}}