{"id":14274,"date":"2023-12-13T18:43:55","date_gmt":"2023-12-13T07:43:55","guid":{"rendered":"https:\/\/ozponcho.com.au\/p\/autumn-winter-irregular-asymmetric-turtleneck-plaid-cape-sweater-for-women\/"},"modified":"2024-04-19T19:22:21","modified_gmt":"2024-04-19T08:22:21","slug":"women-asymmetric-cape-sweater","status":"publish","type":"product","link":"https:\/\/ozponcho.com.au\/hu\/p\/noi-aszimmetrikus-kopenyes-pulover\/","title":{"rendered":"Turtleneck kock\u00e1s poncs\u00f3 pul\u00f3ver"},"content":{"rendered":"<p>Helyezze mag\u00e1t eleg\u00e1ns st\u00edlusban az \u0151szi-t\u00e9li kock\u00e1s garb\u00f3s poncs\u00f3 pul\u00f3verrel. Meleg tevesz\u00edn\u0171 \u00e1rnyalata, klasszikus fekete \u00e9s piros kock\u00e1kkal \u00e1tsz\u0151ve, meghat\u00e1rozza a szezon\u00e1lis divatot. A puha trik\u00f3b\u00f3l k\u00e9sz\u00fclt \u00e9s aszimmetrikus szeg\u00e9llyel tervezett n\u0151i poncs\u00f3 a k\u00e9nyelmet \u00e9s a laza, m\u00e9gis kifinomult hangulatot \u00f6tv\u00f6zi. A drap\u00edrozott garb\u00f3 \u00e9s a hossz\u00fa ujjak biztos\u00edtj\u00e1k a meleget a h\u0171v\u00f6s napokon, \u00edgy a ruhat\u00e1r elengedhetetlen kieg\u00e9sz\u00edt\u0151je. Ez a sokoldal\u00fa darab t\u00f6k\u00e9letesen alkalmas a r\u00e9teges \u00f6lt\u00f6zk\u00f6d\u00e9sre, \u00edgy k\u00f6nnyed\u00e9n \u00e1tv\u00e1ltozik az otthoni laz\u00edt\u00e1sb\u00f3l a szabadt\u00e9ri eleganci\u00e1ba. Dobja fel \u0151szi \u00e9s t\u00e9li megjelen\u00e9s\u00e9t ezzel a kihagyhatatlan poncs\u00f3val.<\/p>\n<div>St\u00edlus: .<\/div>\n<div>Illeszked\u00e9s: .<\/div>\n<div>Sz\u00f6vet: Jersey<\/div>\n<div>Mint\u00e1zat: .<\/div>\n<div>Elem: Nem<\/div>\n<div>Top Hossz\u00fas\u00e1g: .<\/div>\n<div>Nyakkiv\u00e1g\u00e1s: Nyakkiv\u00e1g\u00e1s: Tekn\u0151c\/magas nyak<\/div>\n<div>H\u00fcvely t\u00edpusa: Szab\u00e1lyos<\/div>\n<div>H\u00fcvely hossza: Hossz\u00fa ujj\u00fa<\/div>\n<div>F\u0151 \u00f6sszet\u00e9tel: Poli\u00e9szter<\/div>\n<div>Szezon: \u0150sz\/T\u00e9l<\/div>\n<p><img decoding=\"async\" src=\"https:\/\/ozponcho.com.au\/wp-content\/uploads\/2024\/03\/1178997431866490880.png\" \/><img decoding=\"async\" src=\"https:\/\/ozponcho.com.au\/wp-content\/uploads\/2024\/03\/O1CN01lgiwes1HIfsU26wqn_2331630735-0-cib.jpg\" \/><\/p>","protected":false},"excerpt":{"rendered":"<p>Cozy up in elegant style with the Autumn-Winter Plaid Turtleneck Poncho Sweater. Its warm camel hue, interwoven with classic black and red checks, defines seasonal fashion. Crafted from soft jersey and designed with an asymmetric hem, this women&#8217;s poncho combines comfort with a casual yet sophisticated flair. The draped turtleneck and long sleeves ensure warmth [&#8230;]","protected":false},"featured_media":14253,"template":"","meta":[],"product_brand":[],"product_cat":[219,229,226,15,230,228,210,221,224],"product_tag":[],"class_list":{"0":"post-14274","1":"product","2":"type-product","3":"status-publish","4":"has-post-thumbnail","6":"product_cat-black-poncho","7":"product_cat-blanket-poncho","8":"product_cat-brown-poncho","9":"product_cat-main-category","10":"product_cat-poncho-dress","11":"product_cat-poncho-sweater","12":"product_cat-poncho-women","13":"product_cat-red-poncho","14":"product_cat-yellow-poncho","16":"first","17":"outofstock","18":"shipping-taxable","19":"purchasable","20":"product-type-variable"},"yoast_head":"<!-- This site is optimized with the Yoast SEO plugin v25.9 - https:\/\/yoast.com\/wordpress\/plugins\/seo\/ -->\n<title>Turtleneck Plaid Poncho Sweater | Magyarorsz\u00e1g #1 Poncho Shop<\/title>\n<meta name=\"description\" content=\"Looking for a Turtleneck Plaid Poncho Sweater ? You&#039;ve come to the right place \ud83d\ude04 We offers a wide selection of Turtleneck Plaid Poncho Sweater, perfect for you.\" \/>\n<meta name=\"robots\" content=\"index, follow, max-snippet:-1, max-image-preview:large, max-video-preview:-1\" \/>\n<link rel=\"canonical\" href=\"https:\/\/ozponcho.com.au\/hu\/p\/noi-aszimmetrikus-kopenyes-pulover\/\" \/>\n<meta property=\"og:locale\" content=\"hu_HU\" \/>\n<meta property=\"og:type\" content=\"article\" \/>\n<meta property=\"og:title\" content=\"Turtleneck Plaid Poncho Sweater | Magyarorsz\u00e1g #1 Poncho Shop\" \/>\n<meta property=\"og:description\" content=\"Looking for a Turtleneck Plaid Poncho Sweater ? You&#039;ve come to the right place \ud83d\ude04 We offers a wide selection of Turtleneck Plaid Poncho Sweater, perfect for you.\" \/>\n<meta property=\"og:url\" content=\"https:\/\/ozponcho.com.au\/hu\/p\/noi-aszimmetrikus-kopenyes-pulover\/\" \/>\n<meta property=\"og:site_name\" content=\"OZ Poncho\" \/>\n<meta property=\"article:modified_time\" content=\"2024-04-19T08:22:21+00:00\" \/>\n<meta property=\"og:image\" content=\"https:\/\/ozponcho.com.au\/wp-content\/uploads\/2023\/12\/O1CN01XozCOb1HIfsWtfvBP_2331630735-0-cib.jpg\" \/>\n\t<meta property=\"og:image:width\" content=\"1340\" \/>\n\t<meta property=\"og:image:height\" content=\"1785\" \/>\n\t<meta property=\"og:image:type\" content=\"image\/jpeg\" \/>\n<meta name=\"twitter:card\" content=\"summary_large_image\" \/>\n<meta name=\"twitter:label1\" content=\"Becs\u00fclt olvas\u00e1si id\u0151\" \/>\n\t<meta name=\"twitter:data1\" content=\"1 perc\" \/>\n<script type=\"application\/ld+json\" class=\"yoast-schema-graph\">{\"@context\":\"https:\/\/schema.org\",\"@graph\":[{\"@type\":\"WebPage\",\"@id\":\"https:\/\/ozponcho.com.au\/p\/women-asymmetric-cape-sweater\/\",\"url\":\"https:\/\/ozponcho.com.au\/p\/women-asymmetric-cape-sweater\/\",\"name\":\"Turtleneck Plaid Poncho Sweater | Magyarorsz\u00e1g #1 Poncho Shop\",\"isPartOf\":{\"@id\":\"https:\/\/ozponcho.com.au\/#website\"},\"primaryImageOfPage\":{\"@id\":\"https:\/\/ozponcho.com.au\/p\/women-asymmetric-cape-sweater\/#primaryimage\"},\"image\":{\"@id\":\"https:\/\/ozponcho.com.au\/p\/women-asymmetric-cape-sweater\/#primaryimage\"},\"thumbnailUrl\":\"https:\/\/ozponcho.com.au\/wp-content\/uploads\/2023\/12\/O1CN01XozCOb1HIfsWtfvBP_2331630735-0-cib.jpg\",\"datePublished\":\"2023-12-13T07:43:55+00:00\",\"dateModified\":\"2024-04-19T08:22:21+00:00\",\"description\":\"Looking for a Turtleneck Plaid Poncho Sweater ? You've come to the right place \ud83d\ude04 We offers a wide selection of Turtleneck Plaid Poncho Sweater, perfect for you.\",\"breadcrumb\":{\"@id\":\"https:\/\/ozponcho.com.au\/p\/women-asymmetric-cape-sweater\/#breadcrumb\"},\"inLanguage\":\"hu\",\"potentialAction\":[{\"@type\":\"ReadAction\",\"target\":[\"https:\/\/ozponcho.com.au\/p\/women-asymmetric-cape-sweater\/\"]}]},{\"@type\":\"ImageObject\",\"inLanguage\":\"hu\",\"@id\":\"https:\/\/ozponcho.com.au\/p\/women-asymmetric-cape-sweater\/#primaryimage\",\"url\":\"https:\/\/ozponcho.com.au\/wp-content\/uploads\/2023\/12\/O1CN01XozCOb1HIfsWtfvBP_2331630735-0-cib.jpg\",\"contentUrl\":\"https:\/\/ozponcho.com.au\/wp-content\/uploads\/2023\/12\/O1CN01XozCOb1HIfsWtfvBP_2331630735-0-cib.jpg\",\"width\":1340,\"height\":1785,\"caption\":\"Turtleneck Plaid Poncho Sweater\"},{\"@type\":\"BreadcrumbList\",\"@id\":\"https:\/\/ozponcho.com.au\/p\/women-asymmetric-cape-sweater\/#breadcrumb\",\"itemListElement\":[{\"@type\":\"ListItem\",\"position\":1,\"name\":\"Home\",\"item\":\"https:\/\/ozponcho.com.au\/\"},{\"@type\":\"ListItem\",\"position\":2,\"name\":\"Shop\",\"item\":\"https:\/\/ozponcho.com.au\/shop\/\"},{\"@type\":\"ListItem\",\"position\":3,\"name\":\"Turtleneck Plaid Poncho Sweater\"}]},{\"@type\":\"WebSite\",\"@id\":\"https:\/\/ozponcho.com.au\/#website\",\"url\":\"https:\/\/ozponcho.com.au\/\",\"name\":\"OZ Poncho\",\"description\":\"\",\"potentialAction\":[{\"@type\":\"SearchAction\",\"target\":{\"@type\":\"EntryPoint\",\"urlTemplate\":\"https:\/\/ozponcho.com.au\/?s={search_term_string}\"},\"query-input\":{\"@type\":\"PropertyValueSpecification\",\"valueRequired\":true,\"valueName\":\"search_term_string\"}}],\"inLanguage\":\"hu\"}]}<\/script>\n<!-- \/ Yoast SEO plugin. -->","yoast_head_json":{"title":"Garb\u00f3 kock\u00e1s poncs\u00f3 pul\u00f3ver | Magyarorsz\u00e1g #1 Poncs\u00f3 Shop","description":"Garb\u00f3 kock\u00e1s poncs\u00f3s pulcsit keresel ? A legjobb helyen j\u00e1rsz \ud83d\ude04 A Turtleneck Plaid Poncho Sweater sz\u00e9les v\u00e1laszt\u00e9k\u00e1t k\u00edn\u00e1ljuk, t\u00f6k\u00e9letes az \u00d6n sz\u00e1m\u00e1ra.","robots":{"index":"index","follow":"follow","max-snippet":"max-snippet:-1","max-image-preview":"max-image-preview:large","max-video-preview":"max-video-preview:-1"},"canonical":"https:\/\/ozponcho.com.au\/hu\/p\/noi-aszimmetrikus-kopenyes-pulover\/","og_locale":"hu_HU","og_type":"article","og_title":"Turtleneck Plaid Poncho Sweater | Magyarorsz\u00e1g #1 Poncho Shop","og_description":"Looking for a Turtleneck Plaid Poncho Sweater ? You've come to the right place \ud83d\ude04 We offers a wide selection of Turtleneck Plaid Poncho Sweater, perfect for you.","og_url":"https:\/\/ozponcho.com.au\/hu\/p\/noi-aszimmetrikus-kopenyes-pulover\/","og_site_name":"OZ Poncho","article_modified_time":"2024-04-19T08:22:21+00:00","og_image":[{"width":1340,"height":1785,"url":"https:\/\/ozponcho.com.au\/wp-content\/uploads\/2023\/12\/O1CN01XozCOb1HIfsWtfvBP_2331630735-0-cib.jpg","type":"image\/jpeg"}],"twitter_card":"summary_large_image","twitter_misc":{"Becs\u00fclt olvas\u00e1si id\u0151":"1 perc"},"schema":{"@context":"https:\/\/schema.org","@graph":[{"@type":"WebPage","@id":"https:\/\/ozponcho.com.au\/p\/women-asymmetric-cape-sweater\/","url":"https:\/\/ozponcho.com.au\/p\/women-asymmetric-cape-sweater\/","name":"Garb\u00f3 kock\u00e1s poncs\u00f3 pul\u00f3ver | Magyarorsz\u00e1g #1 Poncs\u00f3 Shop","isPartOf":{"@id":"https:\/\/ozponcho.com.au\/#website"},"primaryImageOfPage":{"@id":"https:\/\/ozponcho.com.au\/p\/women-asymmetric-cape-sweater\/#primaryimage"},"image":{"@id":"https:\/\/ozponcho.com.au\/p\/women-asymmetric-cape-sweater\/#primaryimage"},"thumbnailUrl":"https:\/\/ozponcho.com.au\/wp-content\/uploads\/2023\/12\/O1CN01XozCOb1HIfsWtfvBP_2331630735-0-cib.jpg","datePublished":"2023-12-13T07:43:55+00:00","dateModified":"2024-04-19T08:22:21+00:00","description":"Garb\u00f3 kock\u00e1s poncs\u00f3s pulcsit keresel ? A legjobb helyen j\u00e1rsz \ud83d\ude04 A Turtleneck Plaid Poncho Sweater sz\u00e9les v\u00e1laszt\u00e9k\u00e1t k\u00edn\u00e1ljuk, t\u00f6k\u00e9letes az \u00d6n sz\u00e1m\u00e1ra.","breadcrumb":{"@id":"https:\/\/ozponcho.com.au\/p\/women-asymmetric-cape-sweater\/#breadcrumb"},"inLanguage":"hu","potentialAction":[{"@type":"ReadAction","target":["https:\/\/ozponcho.com.au\/p\/women-asymmetric-cape-sweater\/"]}]},{"@type":"ImageObject","inLanguage":"hu","@id":"https:\/\/ozponcho.com.au\/p\/women-asymmetric-cape-sweater\/#primaryimage","url":"https:\/\/ozponcho.com.au\/wp-content\/uploads\/2023\/12\/O1CN01XozCOb1HIfsWtfvBP_2331630735-0-cib.jpg","contentUrl":"https:\/\/ozponcho.com.au\/wp-content\/uploads\/2023\/12\/O1CN01XozCOb1HIfsWtfvBP_2331630735-0-cib.jpg","width":1340,"height":1785,"caption":"Turtleneck Plaid Poncho Sweater"},{"@type":"BreadcrumbList","@id":"https:\/\/ozponcho.com.au\/p\/women-asymmetric-cape-sweater\/#breadcrumb","itemListElement":[{"@type":"ListItem","position":1,"name":"Home","item":"https:\/\/ozponcho.com.au\/"},{"@type":"ListItem","position":2,"name":"Shop","item":"https:\/\/ozponcho.com.au\/shop\/"},{"@type":"ListItem","position":3,"name":"Turtleneck Plaid Poncho Sweater"}]},{"@type":"WebSite","@id":"https:\/\/ozponcho.com.au\/#website","url":"https:\/\/ozponcho.com.au\/","name":"OZ Poncho","description":"","potentialAction":[{"@type":"SearchAction","target":{"@type":"EntryPoint","urlTemplate":"https:\/\/ozponcho.com.au\/?s={search_term_string}"},"query-input":{"@type":"PropertyValueSpecification","valueRequired":true,"valueName":"search_term_string"}}],"inLanguage":"hu"}]}},"_links":{"self":[{"href":"https:\/\/ozponcho.com.au\/hu\/wp-json\/wp\/v2\/product\/14274","targetHints":{"allow":["GET"]}}],"collection":[{"href":"https:\/\/ozponcho.com.au\/hu\/wp-json\/wp\/v2\/product"}],"about":[{"href":"https:\/\/ozponcho.com.au\/hu\/wp-json\/wp\/v2\/types\/product"}],"wp:featuredmedia":[{"embeddable":true,"href":"https:\/\/ozponcho.com.au\/hu\/wp-json\/wp\/v2\/media\/14253"}],"wp:attachment":[{"href":"https:\/\/ozponcho.com.au\/hu\/wp-json\/wp\/v2\/media?parent=14274"}],"wp:term":[{"taxonomy":"product_brand","embeddable":true,"href":"https:\/\/ozponcho.com.au\/hu\/wp-json\/wp\/v2\/product_brand?post=14274"},{"taxonomy":"product_cat","embeddable":true,"href":"https:\/\/ozponcho.com.au\/hu\/wp-json\/wp\/v2\/product_cat?post=14274"},{"taxonomy":"product_tag","embeddable":true,"href":"https:\/\/ozponcho.com.au\/hu\/wp-json\/wp\/v2\/product_tag?post=14274"}],"curies":[{"name":"wp","href":"https:\/\/api.w.org\/{rel}","templated":true}]}}