{"id":14226,"date":"2023-12-13T18:43:45","date_gmt":"2023-12-13T07:43:45","guid":{"rendered":"https:\/\/ozponcho.com.au\/p\/autumn-winter-mid-length-lace-tassel-shawl-sweater\/"},"modified":"2024-04-19T18:39:33","modified_gmt":"2024-04-19T07:39:33","slug":"stylish-fringe-white-poncho","status":"publish","type":"product","link":"https:\/\/ozponcho.com.au\/hu\/p\/elegans-rojtos-feher-poncso\/","title":{"rendered":"Eleg\u00e1ns feh\u00e9r rojtos poncs\u00f3"},"content":{"rendered":"<p>Fedezze fel a melegs\u00e9g \u00e9s a st\u00edlus t\u00f6k\u00e9letes kever\u00e9k\u00e9t a Chic White Tassel Ponch\u00f3val. A f\u00e9ny\u0171z\u0151 akril jersey k\u00f6t\u00e9s simogatja a b\u0151r\u00e9t, p\u00e1ratlan k\u00e9nyelmet ny\u00fajtva a cs\u00edp\u0151s \u0151szi \u00e9s t\u00e9li napokon. A modern n\u0151k sz\u00e1m\u00e1ra tervezett, k\u00f6z\u00e9phossz\u00fa s\u00e1lpul\u00f3ver eleg\u00e1ns csipke bojtokkal \u00e9s cs\u00e1b\u00edt\u00f3 egysz\u00edn\u0171 mint\u00e1val rendelkezik, amely eleganci\u00e1t sug\u00e1roz. Laza szab\u00e1sa \u00e9s hossz\u00fa dolman-ujja h\u00edzelg\u0151 drap\u00e9ri\u00e1t biztos\u00edt minden alaknak, m\u00edg a rojtok j\u00e1t\u00e9koss\u00e1got k\u00f6lcs\u00f6n\u00f6znek. Tegyen divatjelent\u00e9st \u00e9s k\u00e9nyeztesse mag\u00e1t ezzel a sokoldal\u00fa \u00e9s k\u00e9nyelmes divatelemmel.<\/p>\n<div>St\u00edlus: .<\/div>\n<div>Illeszked\u00e9s: .<\/div>\n<div>Sz\u00f6vet: Jersey<\/div>\n<div>Mint\u00e1zat: Egysz\u00edn\u0171<\/div>\n<div>Elem: Fringe<\/div>\n<div>Top Hossz\u00fas\u00e1g: Hossz\u00fa<\/div>\n<div>Nyakkiv\u00e1g\u00e1s: Nyakkiv\u00e1g\u00e1s: Crew nyakkiv\u00e1g\u00e1s<\/div>\n<div>H\u00fcvely t\u00edpusa: H\u00fcvely: Dolman ujj<\/div>\n<div>H\u00fcvely hossza: Hossz\u00fa ujj\u00fa<\/div>\n<div>F\u0151 \u00f6sszet\u00e9tel: Akril<\/div>\n<div>Szezon: Tavaszi\/\u0151szi<\/div>\n<p><img decoding=\"async\" src=\"https:\/\/ozponcho.com.au\/wp-content\/uploads\/2024\/03\/978338906619510784.png\" \/><img decoding=\"async\" src=\"https:\/\/ozponcho.com.au\/wp-content\/uploads\/2024\/03\/O1CN01OsfQMz1HIfpKFtfVs_2331630735-0-cib.jpg\" \/><img decoding=\"async\" src=\"https:\/\/ozponcho.com.au\/wp-content\/uploads\/2024\/03\/O1CN011DRlvf1HIfpNAetGS_2331630735-0-cib.jpg\" \/><img decoding=\"async\" src=\"https:\/\/ozponcho.com.au\/wp-content\/uploads\/2024\/03\/O1CN015yq2ee1HIfpM9yscK_2331630735-0-cib.jpg\" \/><img decoding=\"async\" src=\"https:\/\/ozponcho.com.au\/wp-content\/uploads\/2024\/03\/O1CN01swDB651HIfpHa4QsE_2331630735-0-cib.jpg\" \/><img decoding=\"async\" src=\"https:\/\/ozponcho.com.au\/wp-content\/uploads\/2024\/03\/O1CN01GjQb0f1HIfpJlxGTn_2331630735-0-cib.jpg\" \/><img decoding=\"async\" src=\"https:\/\/ozponcho.com.au\/wp-content\/uploads\/2024\/03\/O1CN0157cvdS1HIfpIlhyUp_2331630735-0-cib.jpg\" \/><img decoding=\"async\" src=\"https:\/\/ozponcho.com.au\/wp-content\/uploads\/2024\/03\/O1CN01qWr8ui1HIfpDWn4dp_2331630735-0-cib.jpg\" \/><img decoding=\"async\" src=\"https:\/\/ozponcho.com.au\/wp-content\/uploads\/2024\/03\/O1CN01FlG1nB1HIfpJmAM73_2331630735-0-cib.jpg\" \/><\/p>","protected":false},"excerpt":{"rendered":"<p>Discover the perfect blend of warmth and style with our Chic White Tassel Poncho. The luxurious acrylic jersey knit caresses your skin, offering unparalleled comfort for those crisp autumn and winter days. Designed for the modern woman, this mid-length shawl sweater sports eloquent lace tassels and an alluring solid pattern that exudes elegance. Its loose [&#8230;]","protected":false},"featured_media":14140,"template":"","meta":[],"product_brand":[],"product_cat":[15,228,214,210],"product_tag":[],"class_list":{"0":"post-14226","1":"product","2":"type-product","3":"status-publish","4":"has-post-thumbnail","6":"product_cat-main-category","7":"product_cat-poncho-sweater","8":"product_cat-knitted-crochet-poncho","9":"product_cat-poncho-women","11":"first","12":"outofstock","13":"shipping-taxable","14":"purchasable","15":"product-type-variable"},"yoast_head":"<!-- This site is optimized with the Yoast SEO plugin v25.9 - https:\/\/yoast.com\/wordpress\/plugins\/seo\/ -->\n<title>Chic White Tassel Poncho | Magyarorsz\u00e1g #1 Poncho Shop<\/title>\n<meta name=\"description\" content=\"Looking for a Chic White Tassel Poncho ? You&#039;ve come to the right place \ud83d\ude04 We offers a wide selection of Chic White Tassel Poncho, perfect for you.\" \/>\n<meta name=\"robots\" content=\"index, follow, max-snippet:-1, max-image-preview:large, max-video-preview:-1\" \/>\n<link rel=\"canonical\" href=\"https:\/\/ozponcho.com.au\/hu\/p\/elegans-rojtos-feher-poncso\/\" \/>\n<meta property=\"og:locale\" content=\"hu_HU\" \/>\n<meta property=\"og:type\" content=\"article\" \/>\n<meta property=\"og:title\" content=\"Chic White Tassel Poncho | Magyarorsz\u00e1g #1 Poncho Shop\" \/>\n<meta property=\"og:description\" content=\"Looking for a Chic White Tassel Poncho ? You&#039;ve come to the right place \ud83d\ude04 We offers a wide selection of Chic White Tassel Poncho, perfect for you.\" \/>\n<meta property=\"og:url\" content=\"https:\/\/ozponcho.com.au\/hu\/p\/elegans-rojtos-feher-poncso\/\" \/>\n<meta property=\"og:site_name\" content=\"OZ Poncho\" \/>\n<meta property=\"article:modified_time\" content=\"2024-04-19T07:39:33+00:00\" \/>\n<meta property=\"og:image\" content=\"https:\/\/ozponcho.com.au\/wp-content\/uploads\/2023\/12\/O1CN01B42egy1HIfpFhsQe3_2331630735-0-cib.jpg\" \/>\n\t<meta property=\"og:image:width\" content=\"1340\" \/>\n\t<meta property=\"og:image:height\" content=\"1785\" \/>\n\t<meta property=\"og:image:type\" content=\"image\/jpeg\" \/>\n<meta name=\"twitter:card\" content=\"summary_large_image\" \/>\n<meta name=\"twitter:label1\" content=\"Becs\u00fclt olvas\u00e1si id\u0151\" \/>\n\t<meta name=\"twitter:data1\" content=\"3 perc\" \/>\n<script type=\"application\/ld+json\" class=\"yoast-schema-graph\">{\"@context\":\"https:\/\/schema.org\",\"@graph\":[{\"@type\":\"WebPage\",\"@id\":\"https:\/\/ozponcho.com.au\/p\/stylish-fringe-white-poncho\/\",\"url\":\"https:\/\/ozponcho.com.au\/p\/stylish-fringe-white-poncho\/\",\"name\":\"Chic White Tassel Poncho | Magyarorsz\u00e1g #1 Poncho Shop\",\"isPartOf\":{\"@id\":\"https:\/\/ozponcho.com.au\/#website\"},\"primaryImageOfPage\":{\"@id\":\"https:\/\/ozponcho.com.au\/p\/stylish-fringe-white-poncho\/#primaryimage\"},\"image\":{\"@id\":\"https:\/\/ozponcho.com.au\/p\/stylish-fringe-white-poncho\/#primaryimage\"},\"thumbnailUrl\":\"https:\/\/ozponcho.com.au\/wp-content\/uploads\/2023\/12\/O1CN01B42egy1HIfpFhsQe3_2331630735-0-cib.jpg\",\"datePublished\":\"2023-12-13T07:43:45+00:00\",\"dateModified\":\"2024-04-19T07:39:33+00:00\",\"description\":\"Looking for a Chic White Tassel Poncho ? You've come to the right place \ud83d\ude04 We offers a wide selection of Chic White Tassel Poncho, perfect for you.\",\"breadcrumb\":{\"@id\":\"https:\/\/ozponcho.com.au\/p\/stylish-fringe-white-poncho\/#breadcrumb\"},\"inLanguage\":\"hu\",\"potentialAction\":[{\"@type\":\"ReadAction\",\"target\":[\"https:\/\/ozponcho.com.au\/p\/stylish-fringe-white-poncho\/\"]}]},{\"@type\":\"ImageObject\",\"inLanguage\":\"hu\",\"@id\":\"https:\/\/ozponcho.com.au\/p\/stylish-fringe-white-poncho\/#primaryimage\",\"url\":\"https:\/\/ozponcho.com.au\/wp-content\/uploads\/2023\/12\/O1CN01B42egy1HIfpFhsQe3_2331630735-0-cib.jpg\",\"contentUrl\":\"https:\/\/ozponcho.com.au\/wp-content\/uploads\/2023\/12\/O1CN01B42egy1HIfpFhsQe3_2331630735-0-cib.jpg\",\"width\":1340,\"height\":1785,\"caption\":\"Chic White Tassel Poncho\"},{\"@type\":\"BreadcrumbList\",\"@id\":\"https:\/\/ozponcho.com.au\/p\/stylish-fringe-white-poncho\/#breadcrumb\",\"itemListElement\":[{\"@type\":\"ListItem\",\"position\":1,\"name\":\"Home\",\"item\":\"https:\/\/ozponcho.com.au\/\"},{\"@type\":\"ListItem\",\"position\":2,\"name\":\"Shop\",\"item\":\"https:\/\/ozponcho.com.au\/shop\/\"},{\"@type\":\"ListItem\",\"position\":3,\"name\":\"Chic White Tassel Poncho\"}]},{\"@type\":\"WebSite\",\"@id\":\"https:\/\/ozponcho.com.au\/#website\",\"url\":\"https:\/\/ozponcho.com.au\/\",\"name\":\"OZ Poncho\",\"description\":\"\",\"potentialAction\":[{\"@type\":\"SearchAction\",\"target\":{\"@type\":\"EntryPoint\",\"urlTemplate\":\"https:\/\/ozponcho.com.au\/?s={search_term_string}\"},\"query-input\":{\"@type\":\"PropertyValueSpecification\",\"valueRequired\":true,\"valueName\":\"search_term_string\"}}],\"inLanguage\":\"hu\"}]}<\/script>\n<!-- \/ Yoast SEO plugin. -->","yoast_head_json":{"title":"Eleg\u00e1ns feh\u00e9r rojtos poncs\u00f3 | Magyarorsz\u00e1g #1 Poncs\u00f3 Shop","description":"Sikkes feh\u00e9r rojtos poncs\u00f3t keresel ? A legjobb helyre j\u00f6tt\u00e9l \ud83d\ude04 Chic White Tassel Poncho sz\u00e9les v\u00e1laszt\u00e9k\u00e1t k\u00edn\u00e1ljuk, t\u00f6k\u00e9letes az \u00d6n sz\u00e1m\u00e1ra.","robots":{"index":"index","follow":"follow","max-snippet":"max-snippet:-1","max-image-preview":"max-image-preview:large","max-video-preview":"max-video-preview:-1"},"canonical":"https:\/\/ozponcho.com.au\/hu\/p\/elegans-rojtos-feher-poncso\/","og_locale":"hu_HU","og_type":"article","og_title":"Chic White Tassel Poncho | Magyarorsz\u00e1g #1 Poncho Shop","og_description":"Looking for a Chic White Tassel Poncho ? You've come to the right place \ud83d\ude04 We offers a wide selection of Chic White Tassel Poncho, perfect for you.","og_url":"https:\/\/ozponcho.com.au\/hu\/p\/elegans-rojtos-feher-poncso\/","og_site_name":"OZ Poncho","article_modified_time":"2024-04-19T07:39:33+00:00","og_image":[{"width":1340,"height":1785,"url":"https:\/\/ozponcho.com.au\/wp-content\/uploads\/2023\/12\/O1CN01B42egy1HIfpFhsQe3_2331630735-0-cib.jpg","type":"image\/jpeg"}],"twitter_card":"summary_large_image","twitter_misc":{"Becs\u00fclt olvas\u00e1si id\u0151":"3 perc"},"schema":{"@context":"https:\/\/schema.org","@graph":[{"@type":"WebPage","@id":"https:\/\/ozponcho.com.au\/p\/stylish-fringe-white-poncho\/","url":"https:\/\/ozponcho.com.au\/p\/stylish-fringe-white-poncho\/","name":"Eleg\u00e1ns feh\u00e9r rojtos poncs\u00f3 | Magyarorsz\u00e1g #1 Poncs\u00f3 Shop","isPartOf":{"@id":"https:\/\/ozponcho.com.au\/#website"},"primaryImageOfPage":{"@id":"https:\/\/ozponcho.com.au\/p\/stylish-fringe-white-poncho\/#primaryimage"},"image":{"@id":"https:\/\/ozponcho.com.au\/p\/stylish-fringe-white-poncho\/#primaryimage"},"thumbnailUrl":"https:\/\/ozponcho.com.au\/wp-content\/uploads\/2023\/12\/O1CN01B42egy1HIfpFhsQe3_2331630735-0-cib.jpg","datePublished":"2023-12-13T07:43:45+00:00","dateModified":"2024-04-19T07:39:33+00:00","description":"Sikkes feh\u00e9r rojtos poncs\u00f3t keresel ? A legjobb helyre j\u00f6tt\u00e9l \ud83d\ude04 Chic White Tassel Poncho sz\u00e9les v\u00e1laszt\u00e9k\u00e1t k\u00edn\u00e1ljuk, t\u00f6k\u00e9letes az \u00d6n sz\u00e1m\u00e1ra.","breadcrumb":{"@id":"https:\/\/ozponcho.com.au\/p\/stylish-fringe-white-poncho\/#breadcrumb"},"inLanguage":"hu","potentialAction":[{"@type":"ReadAction","target":["https:\/\/ozponcho.com.au\/p\/stylish-fringe-white-poncho\/"]}]},{"@type":"ImageObject","inLanguage":"hu","@id":"https:\/\/ozponcho.com.au\/p\/stylish-fringe-white-poncho\/#primaryimage","url":"https:\/\/ozponcho.com.au\/wp-content\/uploads\/2023\/12\/O1CN01B42egy1HIfpFhsQe3_2331630735-0-cib.jpg","contentUrl":"https:\/\/ozponcho.com.au\/wp-content\/uploads\/2023\/12\/O1CN01B42egy1HIfpFhsQe3_2331630735-0-cib.jpg","width":1340,"height":1785,"caption":"Chic White Tassel Poncho"},{"@type":"BreadcrumbList","@id":"https:\/\/ozponcho.com.au\/p\/stylish-fringe-white-poncho\/#breadcrumb","itemListElement":[{"@type":"ListItem","position":1,"name":"Home","item":"https:\/\/ozponcho.com.au\/"},{"@type":"ListItem","position":2,"name":"Shop","item":"https:\/\/ozponcho.com.au\/shop\/"},{"@type":"ListItem","position":3,"name":"Chic White Tassel Poncho"}]},{"@type":"WebSite","@id":"https:\/\/ozponcho.com.au\/#website","url":"https:\/\/ozponcho.com.au\/","name":"OZ Poncho","description":"","potentialAction":[{"@type":"SearchAction","target":{"@type":"EntryPoint","urlTemplate":"https:\/\/ozponcho.com.au\/?s={search_term_string}"},"query-input":{"@type":"PropertyValueSpecification","valueRequired":true,"valueName":"search_term_string"}}],"inLanguage":"hu"}]}},"_links":{"self":[{"href":"https:\/\/ozponcho.com.au\/hu\/wp-json\/wp\/v2\/product\/14226","targetHints":{"allow":["GET"]}}],"collection":[{"href":"https:\/\/ozponcho.com.au\/hu\/wp-json\/wp\/v2\/product"}],"about":[{"href":"https:\/\/ozponcho.com.au\/hu\/wp-json\/wp\/v2\/types\/product"}],"wp:featuredmedia":[{"embeddable":true,"href":"https:\/\/ozponcho.com.au\/hu\/wp-json\/wp\/v2\/media\/14140"}],"wp:attachment":[{"href":"https:\/\/ozponcho.com.au\/hu\/wp-json\/wp\/v2\/media?parent=14226"}],"wp:term":[{"taxonomy":"product_brand","embeddable":true,"href":"https:\/\/ozponcho.com.au\/hu\/wp-json\/wp\/v2\/product_brand?post=14226"},{"taxonomy":"product_cat","embeddable":true,"href":"https:\/\/ozponcho.com.au\/hu\/wp-json\/wp\/v2\/product_cat?post=14226"},{"taxonomy":"product_tag","embeddable":true,"href":"https:\/\/ozponcho.com.au\/hu\/wp-json\/wp\/v2\/product_tag?post=14226"}],"curies":[{"name":"wp","href":"https:\/\/api.w.org\/{rel}","templated":true}]}}