{"id":14066,"date":"2023-12-13T18:43:00","date_gmt":"2023-12-13T07:43:00","guid":{"rendered":"https:\/\/ozponcho.com.au\/p\/autumn-winter-knitwear-turtleneck-irregular-asymmetric-pullover-sweater-women\/"},"modified":"2024-04-19T19:22:17","modified_gmt":"2024-04-19T08:22:17","slug":"turtleneck-checkered-poncho-sweater","status":"publish","type":"product","link":"https:\/\/ozponcho.com.au\/hu\/p\/garbo-kockas-poncso-pulover\/","title":{"rendered":"Eleg\u00e1ns aszimmetrikus k\u00f6t\u00f6tt poncs\u00f3"},"content":{"rendered":"<p>Beb\u00fajhatsz az \u0151szi-t\u00e9li k\u00f6t\u00f6tt ponch\u00f3nk eleganci\u00e1j\u00e1ba, amely a hideg id\u0151j\u00e1r\u00e1si ruhat\u00e1r elengedhetetlen kieg\u00e9sz\u00edt\u0151je. A kifinomult garb\u00f3nyakkal \u00e9s \u00e9rdekes kock\u00e1s mint\u00e1val tervezett poncs\u00f3 az akril k\u00f6t\u00f6tt\u00e1ru melegs\u00e9g\u00e9t \u00f6tv\u00f6zi a divatos aszimmetrikus szab\u00e1ssal. A dolman ujjak laza szab\u00e1st biztos\u00edtanak, amely t\u00f6k\u00e9letesen alkalmas a kedvenc ruh\u00e1id f\u00f6l\u00e9 val\u00f3 r\u00e9tegez\u00e9shez. K\u00e9nyeztesse mag\u00e1t ennek az eleg\u00e1ns poncs\u00f3 pul\u00f3vernek a k\u00e9nyelm\u00e9vel, \u00e9s emelje a divatot az \u0151szi \u00e9s t\u00e9li szezonban. Az elef\u00e1ntcsont sz\u00edn\u00f6ssze\u00e1ll\u00edt\u00e1s biztos\u00edtja, hogy ez egy sokoldal\u00fa darab, amely sz\u00e1mos st\u00edlust kieg\u00e9sz\u00edt.<\/p>\n<div>St\u00edlus: .<\/div>\n<div>Illeszked\u00e9s: .<\/div>\n<div>Sz\u00f6vet: Jersey<\/div>\n<div>Mint\u00e1zat: .<\/div>\n<div>Elem: Nem<\/div>\n<div>Top Hossz\u00fas\u00e1g: Hossz\u00fa<\/div>\n<div>Nyakkiv\u00e1g\u00e1s: Nyakkiv\u00e1g\u00e1s: Tekn\u0151c\/magas nyak<\/div>\n<div>H\u00fcvely t\u00edpusa: H\u00fcvely: Dolman ujj<\/div>\n<div>H\u00fcvely hossza: Hossz\u00fa ujj\u00fa<\/div>\n<div>F\u0151 \u00f6sszet\u00e9tel: Akril<\/div>\n<div>Szezon: \u0150sz\/T\u00e9l<\/div>\n<p><img decoding=\"async\" src=\"https:\/\/ozponcho.com.au\/wp-content\/uploads\/2024\/03\/1171462292672348160.png\" \/><img decoding=\"async\" src=\"https:\/\/ozponcho.com.au\/wp-content\/uploads\/2024\/03\/O1CN0107NCs31HIfy0Vsei0_2331630735-0-cib.jpg\" \/><\/p>","protected":false},"excerpt":{"rendered":"<p>Wrap yourself in the elegance of our Autumn Winter Knitwear Poncho, a must-have addition to your cold-weather wardrobe. Designed with a sophisticated turtleneck and an intriguing check pattern, this poncho blends the warmth of acrylic knitwear with a fashion-forward asymmetric cut. Its dolman sleeves offer a relaxed fit, perfect for layering over your favorite outfits. [&#8230;]","protected":false},"featured_media":14014,"template":"","meta":[],"product_brand":[],"product_cat":[219,216,15,230,228,214,210,215],"product_tag":[],"class_list":{"0":"post-14066","1":"product","2":"type-product","3":"status-publish","4":"has-post-thumbnail","6":"product_cat-black-poncho","7":"product_cat-cashmere-poncho","8":"product_cat-main-category","9":"product_cat-poncho-dress","10":"product_cat-poncho-sweater","11":"product_cat-knitted-crochet-poncho","12":"product_cat-poncho-women","13":"product_cat-wool-poncho","15":"first","16":"outofstock","17":"shipping-taxable","18":"purchasable","19":"product-type-variable"},"yoast_head":"<!-- This site is optimized with the Yoast SEO plugin v25.9 - https:\/\/yoast.com\/wordpress\/plugins\/seo\/ -->\n<title>Chic Asymmetric Knit Poncho | Magyarorsz\u00e1g #1 Poncho Shop<\/title>\n<meta name=\"description\" content=\"Looking for a Chic Asymmetric Knit Poncho ? You&#039;ve come to the right place \ud83d\ude04 We offers a wide selection of Chic Asymmetric Knit Poncho, perfect for you.\" \/>\n<meta name=\"robots\" content=\"index, follow, max-snippet:-1, max-image-preview:large, max-video-preview:-1\" \/>\n<link rel=\"canonical\" href=\"https:\/\/ozponcho.com.au\/hu\/p\/garbo-kockas-poncso-pulover\/\" \/>\n<meta property=\"og:locale\" content=\"hu_HU\" \/>\n<meta property=\"og:type\" content=\"article\" \/>\n<meta property=\"og:title\" content=\"Chic Asymmetric Knit Poncho | Magyarorsz\u00e1g #1 Poncho Shop\" \/>\n<meta property=\"og:description\" content=\"Looking for a Chic Asymmetric Knit Poncho ? You&#039;ve come to the right place \ud83d\ude04 We offers a wide selection of Chic Asymmetric Knit Poncho, perfect for you.\" \/>\n<meta property=\"og:url\" content=\"https:\/\/ozponcho.com.au\/hu\/p\/garbo-kockas-poncso-pulover\/\" \/>\n<meta property=\"og:site_name\" content=\"OZ Poncho\" \/>\n<meta property=\"article:modified_time\" content=\"2024-04-19T08:22:17+00:00\" \/>\n<meta property=\"og:image\" content=\"https:\/\/ozponcho.com.au\/wp-content\/uploads\/2023\/12\/O1CN013GGjM31HIfy3UteQN_2331630735-0-cib.jpg\" \/>\n\t<meta property=\"og:image:width\" content=\"1200\" \/>\n\t<meta property=\"og:image:height\" content=\"1200\" \/>\n\t<meta property=\"og:image:type\" content=\"image\/jpeg\" \/>\n<meta name=\"twitter:card\" content=\"summary_large_image\" \/>\n<meta name=\"twitter:label1\" content=\"Becs\u00fclt olvas\u00e1si id\u0151\" \/>\n\t<meta name=\"twitter:data1\" content=\"2 perc\" \/>\n<script type=\"application\/ld+json\" class=\"yoast-schema-graph\">{\"@context\":\"https:\/\/schema.org\",\"@graph\":[{\"@type\":\"WebPage\",\"@id\":\"https:\/\/ozponcho.com.au\/p\/turtleneck-checkered-poncho-sweater\/\",\"url\":\"https:\/\/ozponcho.com.au\/p\/turtleneck-checkered-poncho-sweater\/\",\"name\":\"Chic Asymmetric Knit Poncho | Magyarorsz\u00e1g #1 Poncho Shop\",\"isPartOf\":{\"@id\":\"https:\/\/ozponcho.com.au\/#website\"},\"primaryImageOfPage\":{\"@id\":\"https:\/\/ozponcho.com.au\/p\/turtleneck-checkered-poncho-sweater\/#primaryimage\"},\"image\":{\"@id\":\"https:\/\/ozponcho.com.au\/p\/turtleneck-checkered-poncho-sweater\/#primaryimage\"},\"thumbnailUrl\":\"https:\/\/ozponcho.com.au\/wp-content\/uploads\/2023\/12\/O1CN013GGjM31HIfy3UteQN_2331630735-0-cib.jpg\",\"datePublished\":\"2023-12-13T07:43:00+00:00\",\"dateModified\":\"2024-04-19T08:22:17+00:00\",\"description\":\"Looking for a Chic Asymmetric Knit Poncho ? You've come to the right place \ud83d\ude04 We offers a wide selection of Chic Asymmetric Knit Poncho, perfect for you.\",\"breadcrumb\":{\"@id\":\"https:\/\/ozponcho.com.au\/p\/turtleneck-checkered-poncho-sweater\/#breadcrumb\"},\"inLanguage\":\"hu\",\"potentialAction\":[{\"@type\":\"ReadAction\",\"target\":[\"https:\/\/ozponcho.com.au\/p\/turtleneck-checkered-poncho-sweater\/\"]}]},{\"@type\":\"ImageObject\",\"inLanguage\":\"hu\",\"@id\":\"https:\/\/ozponcho.com.au\/p\/turtleneck-checkered-poncho-sweater\/#primaryimage\",\"url\":\"https:\/\/ozponcho.com.au\/wp-content\/uploads\/2023\/12\/O1CN013GGjM31HIfy3UteQN_2331630735-0-cib.jpg\",\"contentUrl\":\"https:\/\/ozponcho.com.au\/wp-content\/uploads\/2023\/12\/O1CN013GGjM31HIfy3UteQN_2331630735-0-cib.jpg\",\"width\":1200,\"height\":1200,\"caption\":\"Chic Asymmetric Knit Poncho\"},{\"@type\":\"BreadcrumbList\",\"@id\":\"https:\/\/ozponcho.com.au\/p\/turtleneck-checkered-poncho-sweater\/#breadcrumb\",\"itemListElement\":[{\"@type\":\"ListItem\",\"position\":1,\"name\":\"Home\",\"item\":\"https:\/\/ozponcho.com.au\/\"},{\"@type\":\"ListItem\",\"position\":2,\"name\":\"Shop\",\"item\":\"https:\/\/ozponcho.com.au\/shop\/\"},{\"@type\":\"ListItem\",\"position\":3,\"name\":\"Chic Asymmetric Knit Poncho\"}]},{\"@type\":\"WebSite\",\"@id\":\"https:\/\/ozponcho.com.au\/#website\",\"url\":\"https:\/\/ozponcho.com.au\/\",\"name\":\"OZ Poncho\",\"description\":\"\",\"potentialAction\":[{\"@type\":\"SearchAction\",\"target\":{\"@type\":\"EntryPoint\",\"urlTemplate\":\"https:\/\/ozponcho.com.au\/?s={search_term_string}\"},\"query-input\":{\"@type\":\"PropertyValueSpecification\",\"valueRequired\":true,\"valueName\":\"search_term_string\"}}],\"inLanguage\":\"hu\"}]}<\/script>\n<!-- \/ Yoast SEO plugin. -->","yoast_head_json":{"title":"Eleg\u00e1ns aszimmetrikus k\u00f6t\u00f6tt poncs\u00f3 | Magyarorsz\u00e1g #1 Poncs\u00f3 Shop","description":"Keres egy eleg\u00e1ns aszimmetrikus k\u00f6t\u00f6tt poncs\u00f3t ? A legjobb helyre j\u00f6tt\u00e9l \ud83d\ude04 A Chic Asymmetric Knit Poncho sz\u00e9les v\u00e1laszt\u00e9k\u00e1t k\u00edn\u00e1ljuk, t\u00f6k\u00e9letes az \u00d6n sz\u00e1m\u00e1ra.","robots":{"index":"index","follow":"follow","max-snippet":"max-snippet:-1","max-image-preview":"max-image-preview:large","max-video-preview":"max-video-preview:-1"},"canonical":"https:\/\/ozponcho.com.au\/hu\/p\/garbo-kockas-poncso-pulover\/","og_locale":"hu_HU","og_type":"article","og_title":"Chic Asymmetric Knit Poncho | Magyarorsz\u00e1g #1 Poncho Shop","og_description":"Looking for a Chic Asymmetric Knit Poncho ? You've come to the right place \ud83d\ude04 We offers a wide selection of Chic Asymmetric Knit Poncho, perfect for you.","og_url":"https:\/\/ozponcho.com.au\/hu\/p\/garbo-kockas-poncso-pulover\/","og_site_name":"OZ Poncho","article_modified_time":"2024-04-19T08:22:17+00:00","og_image":[{"width":1200,"height":1200,"url":"https:\/\/ozponcho.com.au\/wp-content\/uploads\/2023\/12\/O1CN013GGjM31HIfy3UteQN_2331630735-0-cib.jpg","type":"image\/jpeg"}],"twitter_card":"summary_large_image","twitter_misc":{"Becs\u00fclt olvas\u00e1si id\u0151":"2 perc"},"schema":{"@context":"https:\/\/schema.org","@graph":[{"@type":"WebPage","@id":"https:\/\/ozponcho.com.au\/p\/turtleneck-checkered-poncho-sweater\/","url":"https:\/\/ozponcho.com.au\/p\/turtleneck-checkered-poncho-sweater\/","name":"Eleg\u00e1ns aszimmetrikus k\u00f6t\u00f6tt poncs\u00f3 | Magyarorsz\u00e1g #1 Poncs\u00f3 Shop","isPartOf":{"@id":"https:\/\/ozponcho.com.au\/#website"},"primaryImageOfPage":{"@id":"https:\/\/ozponcho.com.au\/p\/turtleneck-checkered-poncho-sweater\/#primaryimage"},"image":{"@id":"https:\/\/ozponcho.com.au\/p\/turtleneck-checkered-poncho-sweater\/#primaryimage"},"thumbnailUrl":"https:\/\/ozponcho.com.au\/wp-content\/uploads\/2023\/12\/O1CN013GGjM31HIfy3UteQN_2331630735-0-cib.jpg","datePublished":"2023-12-13T07:43:00+00:00","dateModified":"2024-04-19T08:22:17+00:00","description":"Keres egy eleg\u00e1ns aszimmetrikus k\u00f6t\u00f6tt poncs\u00f3t ? A legjobb helyre j\u00f6tt\u00e9l \ud83d\ude04 A Chic Asymmetric Knit Poncho sz\u00e9les v\u00e1laszt\u00e9k\u00e1t k\u00edn\u00e1ljuk, t\u00f6k\u00e9letes az \u00d6n sz\u00e1m\u00e1ra.","breadcrumb":{"@id":"https:\/\/ozponcho.com.au\/p\/turtleneck-checkered-poncho-sweater\/#breadcrumb"},"inLanguage":"hu","potentialAction":[{"@type":"ReadAction","target":["https:\/\/ozponcho.com.au\/p\/turtleneck-checkered-poncho-sweater\/"]}]},{"@type":"ImageObject","inLanguage":"hu","@id":"https:\/\/ozponcho.com.au\/p\/turtleneck-checkered-poncho-sweater\/#primaryimage","url":"https:\/\/ozponcho.com.au\/wp-content\/uploads\/2023\/12\/O1CN013GGjM31HIfy3UteQN_2331630735-0-cib.jpg","contentUrl":"https:\/\/ozponcho.com.au\/wp-content\/uploads\/2023\/12\/O1CN013GGjM31HIfy3UteQN_2331630735-0-cib.jpg","width":1200,"height":1200,"caption":"Chic Asymmetric Knit Poncho"},{"@type":"BreadcrumbList","@id":"https:\/\/ozponcho.com.au\/p\/turtleneck-checkered-poncho-sweater\/#breadcrumb","itemListElement":[{"@type":"ListItem","position":1,"name":"Home","item":"https:\/\/ozponcho.com.au\/"},{"@type":"ListItem","position":2,"name":"Shop","item":"https:\/\/ozponcho.com.au\/shop\/"},{"@type":"ListItem","position":3,"name":"Chic Asymmetric Knit Poncho"}]},{"@type":"WebSite","@id":"https:\/\/ozponcho.com.au\/#website","url":"https:\/\/ozponcho.com.au\/","name":"OZ Poncho","description":"","potentialAction":[{"@type":"SearchAction","target":{"@type":"EntryPoint","urlTemplate":"https:\/\/ozponcho.com.au\/?s={search_term_string}"},"query-input":{"@type":"PropertyValueSpecification","valueRequired":true,"valueName":"search_term_string"}}],"inLanguage":"hu"}]}},"_links":{"self":[{"href":"https:\/\/ozponcho.com.au\/hu\/wp-json\/wp\/v2\/product\/14066","targetHints":{"allow":["GET"]}}],"collection":[{"href":"https:\/\/ozponcho.com.au\/hu\/wp-json\/wp\/v2\/product"}],"about":[{"href":"https:\/\/ozponcho.com.au\/hu\/wp-json\/wp\/v2\/types\/product"}],"wp:featuredmedia":[{"embeddable":true,"href":"https:\/\/ozponcho.com.au\/hu\/wp-json\/wp\/v2\/media\/14014"}],"wp:attachment":[{"href":"https:\/\/ozponcho.com.au\/hu\/wp-json\/wp\/v2\/media?parent=14066"}],"wp:term":[{"taxonomy":"product_brand","embeddable":true,"href":"https:\/\/ozponcho.com.au\/hu\/wp-json\/wp\/v2\/product_brand?post=14066"},{"taxonomy":"product_cat","embeddable":true,"href":"https:\/\/ozponcho.com.au\/hu\/wp-json\/wp\/v2\/product_cat?post=14066"},{"taxonomy":"product_tag","embeddable":true,"href":"https:\/\/ozponcho.com.au\/hu\/wp-json\/wp\/v2\/product_tag?post=14066"}],"curies":[{"name":"wp","href":"https:\/\/api.w.org\/{rel}","templated":true}]}}