{"id":13999,"date":"2023-12-13T18:42:33","date_gmt":"2023-12-13T07:42:33","guid":{"rendered":"https:\/\/ozponcho.com.au\/p\/solid-color-cape-sweater-turtleneck-sweater\/"},"modified":"2024-04-19T18:41:31","modified_gmt":"2024-04-19T07:41:31","slug":"trendy-sweater-cape-top","status":"publish","type":"product","link":"https:\/\/ozponcho.com.au\/hu\/p\/trendi-puloveres-kopeny-felso\/","title":{"rendered":"Eleg\u00e1ns garb\u00f3 Poncho pul\u00f3ver"},"content":{"rendered":"<p>Dobja fel \u0151szi\/t\u00e9li ruhat\u00e1r\u00e1t ezzel a gy\u00f6ny\u00f6r\u0171en kidolgozott poncs\u00f3 pul\u00f3verrel, amely t\u00f6k\u00e9letes mindenkinek, aki a k\u00e9nyelem \u00e9s a st\u00edlus kever\u00e9k\u00e9t keresi. A tevebarna \u00e1rnyalat f\u00f6ldies eleganci\u00e1t sug\u00e1roz, m\u00edg a garb\u00f3 nyak\u00fa kialak\u00edt\u00e1s egyszerre ny\u00fajt meleget \u00e9s kifinomults\u00e1got. Laza szab\u00e1sa biztos\u00edtja a k\u00f6nny\u0171 mozg\u00e1st, az aszimmetrikus szeg\u00e9ly pedig j\u00e1t\u00e9kos, fodros sz\u00e9lekkel \u00e9pp a megfelel\u0151 mennyis\u00e9g\u0171 alkalmi hangulatot k\u00f6lcs\u00f6n\u00f6z. A puha trik\u00f3anyagb\u00f3l k\u00e9sz\u00fclt poncs\u00f3 azt \u00edg\u00e9ri, hogy a h\u0171v\u00f6s napokon vagy a hangulatos est\u00e9ken a kedvenc darabja lesz. Fogadja st\u00edlusosan a szezont - a sikkes garb\u00f3 poncs\u00f3 m\u00e1r v\u00e1r!<\/p>\n<div>St\u00edlus: .<\/div>\n<div>Illeszked\u00e9s: .<\/div>\n<div>Sz\u00f6vet: Jersey<\/div>\n<div>Mint\u00e1zat: Egysz\u00edn\u0171<\/div>\n<div>Elem: Nem<\/div>\n<div>Top Hossz\u00fas\u00e1g: Hossz\u00fa<\/div>\n<div>Nyakkiv\u00e1g\u00e1s: Nyakkiv\u00e1g\u00e1s: Tekn\u0151c\/magas nyak<\/div>\n<div>H\u00fcvely t\u00edpusa: Egy\u00e9b<\/div>\n<div>H\u00fcvely hossza: 3\/4 ujj\u00fa<\/div>\n<div>F\u0151 \u00f6sszet\u00e9tel: Poli\u00e9szter<\/div>\n<div>Szezon: \u0150sz\/T\u00e9l<\/div>\n<p><img decoding=\"async\" src=\"https:\/\/ozponcho.com.au\/wp-content\/uploads\/2024\/03\/1024014629132566528.png\" \/><img decoding=\"async\" src=\"https:\/\/ozponcho.com.au\/wp-content\/uploads\/2024\/03\/O1CN01XkYVwP1HIft10W6wM_2331630735-0-cib.jpg\" \/><img decoding=\"async\" src=\"https:\/\/ozponcho.com.au\/wp-content\/uploads\/2024\/03\/O1CN01DfVKr21HIft49gpDj_2331630735-0-cib.jpg\" \/><img decoding=\"async\" src=\"https:\/\/ozponcho.com.au\/wp-content\/uploads\/2024\/03\/O1CN01H5dCz71HIft6JPazc_2331630735-0-cib.jpg\" \/><img decoding=\"async\" src=\"https:\/\/ozponcho.com.au\/wp-content\/uploads\/2024\/03\/O1CN017vxmK31HIft5mY88X_2331630735-0-cib.jpg\" \/><img decoding=\"async\" src=\"https:\/\/ozponcho.com.au\/wp-content\/uploads\/2024\/03\/O1CN018qCl7i1HIftCQ6exH_2331630735-0-cib.jpg\" \/><img decoding=\"async\" src=\"https:\/\/ozponcho.com.au\/wp-content\/uploads\/2024\/03\/O1CN01Sv54t81HIft7Z5HlU_2331630735-0-cib.jpg\" \/><img decoding=\"async\" src=\"https:\/\/ozponcho.com.au\/wp-content\/uploads\/2024\/03\/O1CN01vSrg0W1HIftDFDTGX_2331630735-0-cib.jpg\" \/><\/p>","protected":false},"excerpt":{"rendered":"<p>Elevate your fall\/winter wardrobe with this beautifully crafted poncho sweater, perfect for anyone seeking a blend of comfort and style. The camel brown hue resonates with earthy elegance, while the turtleneck design offers both warmth and sophistication. Its loose fit ensures ease of movement, and the asymmetric hem with playful frayed edges adds just the [&#8230;]","protected":false},"featured_media":13972,"template":"","meta":[],"product_brand":[],"product_cat":[226,216,15,230,228,214,210],"product_tag":[],"class_list":{"0":"post-13999","1":"product","2":"type-product","3":"status-publish","4":"has-post-thumbnail","6":"product_cat-brown-poncho","7":"product_cat-cashmere-poncho","8":"product_cat-main-category","9":"product_cat-poncho-dress","10":"product_cat-poncho-sweater","11":"product_cat-knitted-crochet-poncho","12":"product_cat-poncho-women","14":"first","15":"outofstock","16":"shipping-taxable","17":"purchasable","18":"product-type-variable"},"yoast_head":"<!-- This site is optimized with the Yoast SEO plugin v25.9 - https:\/\/yoast.com\/wordpress\/plugins\/seo\/ -->\n<title>Chic Turtleneck Poncho Sweater | Magyarorsz\u00e1g #1 Poncho Shop<\/title>\n<meta name=\"description\" content=\"Looking for a Chic Turtleneck Poncho Sweater ? You&#039;ve come to the right place \ud83d\ude04 We offers a wide selection of Chic Turtleneck Poncho Sweater, perfect for you.\" \/>\n<meta name=\"robots\" content=\"index, follow, max-snippet:-1, max-image-preview:large, max-video-preview:-1\" \/>\n<link rel=\"canonical\" href=\"https:\/\/ozponcho.com.au\/hu\/p\/trendi-puloveres-kopeny-felso\/\" \/>\n<meta property=\"og:locale\" content=\"hu_HU\" \/>\n<meta property=\"og:type\" content=\"article\" \/>\n<meta property=\"og:title\" content=\"Chic Turtleneck Poncho Sweater | Magyarorsz\u00e1g #1 Poncho Shop\" \/>\n<meta property=\"og:description\" content=\"Looking for a Chic Turtleneck Poncho Sweater ? You&#039;ve come to the right place \ud83d\ude04 We offers a wide selection of Chic Turtleneck Poncho Sweater, perfect for you.\" \/>\n<meta property=\"og:url\" content=\"https:\/\/ozponcho.com.au\/hu\/p\/trendi-puloveres-kopeny-felso\/\" \/>\n<meta property=\"og:site_name\" content=\"OZ Poncho\" \/>\n<meta property=\"article:modified_time\" content=\"2024-04-19T07:41:31+00:00\" \/>\n<meta property=\"og:image\" content=\"https:\/\/ozponcho.com.au\/wp-content\/uploads\/2023\/12\/O1CN01dvvWSF1HIft10WNXj_2331630735-0-cib.jpg\" \/>\n\t<meta property=\"og:image:width\" content=\"800\" \/>\n\t<meta property=\"og:image:height\" content=\"800\" \/>\n\t<meta property=\"og:image:type\" content=\"image\/jpeg\" \/>\n<meta name=\"twitter:card\" content=\"summary_large_image\" \/>\n<meta name=\"twitter:label1\" content=\"Becs\u00fclt olvas\u00e1si id\u0151\" \/>\n\t<meta name=\"twitter:data1\" content=\"3 perc\" \/>\n<script type=\"application\/ld+json\" class=\"yoast-schema-graph\">{\"@context\":\"https:\/\/schema.org\",\"@graph\":[{\"@type\":\"WebPage\",\"@id\":\"https:\/\/ozponcho.com.au\/p\/trendy-sweater-cape-top\/\",\"url\":\"https:\/\/ozponcho.com.au\/p\/trendy-sweater-cape-top\/\",\"name\":\"Chic Turtleneck Poncho Sweater | Magyarorsz\u00e1g #1 Poncho Shop\",\"isPartOf\":{\"@id\":\"https:\/\/ozponcho.com.au\/#website\"},\"primaryImageOfPage\":{\"@id\":\"https:\/\/ozponcho.com.au\/p\/trendy-sweater-cape-top\/#primaryimage\"},\"image\":{\"@id\":\"https:\/\/ozponcho.com.au\/p\/trendy-sweater-cape-top\/#primaryimage\"},\"thumbnailUrl\":\"https:\/\/ozponcho.com.au\/wp-content\/uploads\/2023\/12\/O1CN01dvvWSF1HIft10WNXj_2331630735-0-cib.jpg\",\"datePublished\":\"2023-12-13T07:42:33+00:00\",\"dateModified\":\"2024-04-19T07:41:31+00:00\",\"description\":\"Looking for a Chic Turtleneck Poncho Sweater ? You've come to the right place \ud83d\ude04 We offers a wide selection of Chic Turtleneck Poncho Sweater, perfect for you.\",\"breadcrumb\":{\"@id\":\"https:\/\/ozponcho.com.au\/p\/trendy-sweater-cape-top\/#breadcrumb\"},\"inLanguage\":\"hu\",\"potentialAction\":[{\"@type\":\"ReadAction\",\"target\":[\"https:\/\/ozponcho.com.au\/p\/trendy-sweater-cape-top\/\"]}]},{\"@type\":\"ImageObject\",\"inLanguage\":\"hu\",\"@id\":\"https:\/\/ozponcho.com.au\/p\/trendy-sweater-cape-top\/#primaryimage\",\"url\":\"https:\/\/ozponcho.com.au\/wp-content\/uploads\/2023\/12\/O1CN01dvvWSF1HIft10WNXj_2331630735-0-cib.jpg\",\"contentUrl\":\"https:\/\/ozponcho.com.au\/wp-content\/uploads\/2023\/12\/O1CN01dvvWSF1HIft10WNXj_2331630735-0-cib.jpg\",\"width\":800,\"height\":800,\"caption\":\"Chic Turtleneck Poncho Sweater\"},{\"@type\":\"BreadcrumbList\",\"@id\":\"https:\/\/ozponcho.com.au\/p\/trendy-sweater-cape-top\/#breadcrumb\",\"itemListElement\":[{\"@type\":\"ListItem\",\"position\":1,\"name\":\"Home\",\"item\":\"https:\/\/ozponcho.com.au\/\"},{\"@type\":\"ListItem\",\"position\":2,\"name\":\"Shop\",\"item\":\"https:\/\/ozponcho.com.au\/shop\/\"},{\"@type\":\"ListItem\",\"position\":3,\"name\":\"Chic Turtleneck Poncho Sweater\"}]},{\"@type\":\"WebSite\",\"@id\":\"https:\/\/ozponcho.com.au\/#website\",\"url\":\"https:\/\/ozponcho.com.au\/\",\"name\":\"OZ Poncho\",\"description\":\"\",\"potentialAction\":[{\"@type\":\"SearchAction\",\"target\":{\"@type\":\"EntryPoint\",\"urlTemplate\":\"https:\/\/ozponcho.com.au\/?s={search_term_string}\"},\"query-input\":{\"@type\":\"PropertyValueSpecification\",\"valueRequired\":true,\"valueName\":\"search_term_string\"}}],\"inLanguage\":\"hu\"}]}<\/script>\n<!-- \/ Yoast SEO plugin. -->","yoast_head_json":{"title":"Eleg\u00e1ns garb\u00f3 Poncho pul\u00f3ver | Magyarorsz\u00e1g #1 Poncho Shop","description":"Sikkes garb\u00f3 Poncho pul\u00f3vert keresel ? Akkor j\u00f3 helyen j\u00e1rsz \ud83d\ude04 K\u00edn\u00e1lunk sz\u00e9les v\u00e1laszt\u00e9kban Chic Turtleneck Poncho pul\u00f3ver, t\u00f6k\u00e9letes az \u00d6n sz\u00e1m\u00e1ra.","robots":{"index":"index","follow":"follow","max-snippet":"max-snippet:-1","max-image-preview":"max-image-preview:large","max-video-preview":"max-video-preview:-1"},"canonical":"https:\/\/ozponcho.com.au\/hu\/p\/trendi-puloveres-kopeny-felso\/","og_locale":"hu_HU","og_type":"article","og_title":"Chic Turtleneck Poncho Sweater | Magyarorsz\u00e1g #1 Poncho Shop","og_description":"Looking for a Chic Turtleneck Poncho Sweater ? You've come to the right place \ud83d\ude04 We offers a wide selection of Chic Turtleneck Poncho Sweater, perfect for you.","og_url":"https:\/\/ozponcho.com.au\/hu\/p\/trendi-puloveres-kopeny-felso\/","og_site_name":"OZ Poncho","article_modified_time":"2024-04-19T07:41:31+00:00","og_image":[{"width":800,"height":800,"url":"https:\/\/ozponcho.com.au\/wp-content\/uploads\/2023\/12\/O1CN01dvvWSF1HIft10WNXj_2331630735-0-cib.jpg","type":"image\/jpeg"}],"twitter_card":"summary_large_image","twitter_misc":{"Becs\u00fclt olvas\u00e1si id\u0151":"3 perc"},"schema":{"@context":"https:\/\/schema.org","@graph":[{"@type":"WebPage","@id":"https:\/\/ozponcho.com.au\/p\/trendy-sweater-cape-top\/","url":"https:\/\/ozponcho.com.au\/p\/trendy-sweater-cape-top\/","name":"Eleg\u00e1ns garb\u00f3 Poncho pul\u00f3ver | Magyarorsz\u00e1g #1 Poncho Shop","isPartOf":{"@id":"https:\/\/ozponcho.com.au\/#website"},"primaryImageOfPage":{"@id":"https:\/\/ozponcho.com.au\/p\/trendy-sweater-cape-top\/#primaryimage"},"image":{"@id":"https:\/\/ozponcho.com.au\/p\/trendy-sweater-cape-top\/#primaryimage"},"thumbnailUrl":"https:\/\/ozponcho.com.au\/wp-content\/uploads\/2023\/12\/O1CN01dvvWSF1HIft10WNXj_2331630735-0-cib.jpg","datePublished":"2023-12-13T07:42:33+00:00","dateModified":"2024-04-19T07:41:31+00:00","description":"Sikkes garb\u00f3 Poncho pul\u00f3vert keresel ? Akkor j\u00f3 helyen j\u00e1rsz \ud83d\ude04 K\u00edn\u00e1lunk sz\u00e9les v\u00e1laszt\u00e9kban Chic Turtleneck Poncho pul\u00f3ver, t\u00f6k\u00e9letes az \u00d6n sz\u00e1m\u00e1ra.","breadcrumb":{"@id":"https:\/\/ozponcho.com.au\/p\/trendy-sweater-cape-top\/#breadcrumb"},"inLanguage":"hu","potentialAction":[{"@type":"ReadAction","target":["https:\/\/ozponcho.com.au\/p\/trendy-sweater-cape-top\/"]}]},{"@type":"ImageObject","inLanguage":"hu","@id":"https:\/\/ozponcho.com.au\/p\/trendy-sweater-cape-top\/#primaryimage","url":"https:\/\/ozponcho.com.au\/wp-content\/uploads\/2023\/12\/O1CN01dvvWSF1HIft10WNXj_2331630735-0-cib.jpg","contentUrl":"https:\/\/ozponcho.com.au\/wp-content\/uploads\/2023\/12\/O1CN01dvvWSF1HIft10WNXj_2331630735-0-cib.jpg","width":800,"height":800,"caption":"Chic Turtleneck Poncho Sweater"},{"@type":"BreadcrumbList","@id":"https:\/\/ozponcho.com.au\/p\/trendy-sweater-cape-top\/#breadcrumb","itemListElement":[{"@type":"ListItem","position":1,"name":"Home","item":"https:\/\/ozponcho.com.au\/"},{"@type":"ListItem","position":2,"name":"Shop","item":"https:\/\/ozponcho.com.au\/shop\/"},{"@type":"ListItem","position":3,"name":"Chic Turtleneck Poncho Sweater"}]},{"@type":"WebSite","@id":"https:\/\/ozponcho.com.au\/#website","url":"https:\/\/ozponcho.com.au\/","name":"OZ Poncho","description":"","potentialAction":[{"@type":"SearchAction","target":{"@type":"EntryPoint","urlTemplate":"https:\/\/ozponcho.com.au\/?s={search_term_string}"},"query-input":{"@type":"PropertyValueSpecification","valueRequired":true,"valueName":"search_term_string"}}],"inLanguage":"hu"}]}},"_links":{"self":[{"href":"https:\/\/ozponcho.com.au\/hu\/wp-json\/wp\/v2\/product\/13999","targetHints":{"allow":["GET"]}}],"collection":[{"href":"https:\/\/ozponcho.com.au\/hu\/wp-json\/wp\/v2\/product"}],"about":[{"href":"https:\/\/ozponcho.com.au\/hu\/wp-json\/wp\/v2\/types\/product"}],"wp:featuredmedia":[{"embeddable":true,"href":"https:\/\/ozponcho.com.au\/hu\/wp-json\/wp\/v2\/media\/13972"}],"wp:attachment":[{"href":"https:\/\/ozponcho.com.au\/hu\/wp-json\/wp\/v2\/media?parent=13999"}],"wp:term":[{"taxonomy":"product_brand","embeddable":true,"href":"https:\/\/ozponcho.com.au\/hu\/wp-json\/wp\/v2\/product_brand?post=13999"},{"taxonomy":"product_cat","embeddable":true,"href":"https:\/\/ozponcho.com.au\/hu\/wp-json\/wp\/v2\/product_cat?post=13999"},{"taxonomy":"product_tag","embeddable":true,"href":"https:\/\/ozponcho.com.au\/hu\/wp-json\/wp\/v2\/product_tag?post=13999"}],"curies":[{"name":"wp","href":"https:\/\/api.w.org\/{rel}","templated":true}]}}