{"id":13976,"date":"2023-12-13T18:42:23","date_gmt":"2023-12-13T07:42:23","guid":{"rendered":"https:\/\/ozponcho.com.au\/p\/autumn-winter-gold-silk-multicolored-tassel-shawl-sweater\/"},"modified":"2024-04-19T18:42:28","modified_gmt":"2024-04-19T07:42:28","slug":"fringed-autumn-shawl-sweater","status":"publish","type":"product","link":"https:\/\/ozponcho.com.au\/hu\/p\/rojtos-oszi-sal-pulover\/","title":{"rendered":"T\u00f6bbsz\u00edn\u0171 bojtos poncs\u00f3 pul\u00f3ver"},"content":{"rendered":"<p>Fogadd eleg\u00e1nsan az \u00e9vszakok v\u00e1ltoz\u00e1s\u00e1t ebben az \u0151szi t\u00e9li poncs\u00f3s pul\u00f3verben. Ez a puha, aranysz\u00edn\u0171 selyemf\u00e9ny\u0171 Jersey anyagb\u00f3l k\u00e9sz\u00fclt, t\u00f6bbsz\u00edn\u0171, bojtos poncs\u00f3 t\u00f6k\u00e9letes t\u00e1rsad a h\u0171v\u00f6sebb napokon. Laza szab\u00e1st \u00e9s alkalmi st\u00edlust k\u00edn\u00e1l, \u00e9s b\u00e1jos rojtos elemmel rendelkezik, amely minden l\u00e9p\u00e9sn\u00e9l t\u00e1ncol. A hossz\u00fa ujjak \u00e9s a nyakr\u00e9sz melegs\u00e9get \u00e9s k\u00e9nyelmet biztos\u00edt, \u00edgy luxus kieg\u00e9sz\u00edt\u0151je a ruhat\u00e1radnak. Ez a sokoldal\u00fa darab ide\u00e1lis v\u00e1laszt\u00e1s azoknak, akik a divat \u00e9s a funkci\u00f3 egyens\u00faly\u00e1t keresik.<\/p>\n<div>St\u00edlus: .<\/div>\n<div>Illeszked\u00e9s: .<\/div>\n<div>Sz\u00f6vet: Jersey<\/div>\n<div>Mint\u00e1zat: Nyomtatott<\/div>\n<div>Elem: Fringe<\/div>\n<div>Top Hossz\u00fas\u00e1g: Hossz\u00fa<\/div>\n<div>Nyakkiv\u00e1g\u00e1s: Nyakkiv\u00e1g\u00e1s: Crew nyakkiv\u00e1g\u00e1s<\/div>\n<div>H\u00fcvely t\u00edpusa: Egy\u00e9b<\/div>\n<div>H\u00fcvely hossza: Hossz\u00fa ujj\u00fa<\/div>\n<div>F\u0151 \u00f6sszet\u00e9tel: Poli\u00e9szter<\/div>\n<div>Szezon: \u0150sz\/T\u00e9l<\/div>\n<p><img decoding=\"async\" src=\"https:\/\/ozponcho.com.au\/wp-content\/uploads\/2024\/03\/1007679065915654144.png\" \/><img decoding=\"async\" src=\"https:\/\/ozponcho.com.au\/wp-content\/uploads\/2024\/03\/O1CN01ZRz91i1HIfpNCyMCf_2331630735-0-cib.jpg\" \/><img decoding=\"async\" src=\"https:\/\/ozponcho.com.au\/wp-content\/uploads\/2024\/03\/O1CN01p6U2RT1HIfpIo2B8z_2331630735-0-cib.jpg\" \/><img decoding=\"async\" src=\"https:\/\/ozponcho.com.au\/wp-content\/uploads\/2024\/03\/O1CN01J32jbl1HIfpMCLhpt_2331630735-0-cib.jpg\" \/><img decoding=\"async\" src=\"https:\/\/ozponcho.com.au\/wp-content\/uploads\/2024\/03\/O1CN01AloMnq1HIfpJoKQMX_2331630735-0-cib.jpg\" \/><\/p>","protected":false},"excerpt":{"rendered":"<p>Embrace the changing seasons with elegance in this Autumn Winter Poncho Sweater. Crafted from soft Jersey fabric with a golden silk luster, this multicolored, tasseled poncho is your perfect companion for cooler days. Offering a loose fit and casual style, it features a charming fringe element that dances with every step. The long sleeves and [&#8230;]","protected":false},"featured_media":13936,"template":"","meta":[],"product_brand":[],"product_cat":[225,15,228,214,210],"product_tag":[],"class_list":{"0":"post-13976","1":"product","2":"type-product","3":"status-publish","4":"has-post-thumbnail","6":"product_cat-grey-poncho","7":"product_cat-main-category","8":"product_cat-poncho-sweater","9":"product_cat-knitted-crochet-poncho","10":"product_cat-poncho-women","12":"first","13":"outofstock","14":"shipping-taxable","15":"purchasable","16":"product-type-variable"},"yoast_head":"<!-- This site is optimized with the Yoast SEO plugin v25.9 - https:\/\/yoast.com\/wordpress\/plugins\/seo\/ -->\n<title>Multicolored Tassel Poncho Sweater | Magyarorsz\u00e1g #1 Poncho Shop<\/title>\n<meta name=\"description\" content=\"Looking for a Multicolored Tassel Poncho Sweater ? You&#039;ve come to the right place \ud83d\ude04 We offers a wide selection of Multicolored Tassel Poncho Sweater, perfect for you.\" \/>\n<meta name=\"robots\" content=\"index, follow, max-snippet:-1, max-image-preview:large, max-video-preview:-1\" \/>\n<link rel=\"canonical\" href=\"https:\/\/ozponcho.com.au\/hu\/p\/rojtos-oszi-sal-pulover\/\" \/>\n<meta property=\"og:locale\" content=\"hu_HU\" \/>\n<meta property=\"og:type\" content=\"article\" \/>\n<meta property=\"og:title\" content=\"Multicolored Tassel Poncho Sweater | Magyarorsz\u00e1g #1 Poncho Shop\" \/>\n<meta property=\"og:description\" content=\"Looking for a Multicolored Tassel Poncho Sweater ? You&#039;ve come to the right place \ud83d\ude04 We offers a wide selection of Multicolored Tassel Poncho Sweater, perfect for you.\" \/>\n<meta property=\"og:url\" content=\"https:\/\/ozponcho.com.au\/hu\/p\/rojtos-oszi-sal-pulover\/\" \/>\n<meta property=\"og:site_name\" content=\"OZ Poncho\" \/>\n<meta property=\"article:modified_time\" content=\"2024-04-19T07:42:28+00:00\" \/>\n<meta property=\"og:image\" content=\"https:\/\/ozponcho.com.au\/wp-content\/uploads\/2023\/12\/O1CN01AGyWy71HIfpNCzEJx_2331630735-0-cib.jpg\" \/>\n\t<meta property=\"og:image:width\" content=\"1340\" \/>\n\t<meta property=\"og:image:height\" content=\"1785\" \/>\n\t<meta property=\"og:image:type\" content=\"image\/jpeg\" \/>\n<meta name=\"twitter:card\" content=\"summary_large_image\" \/>\n<meta name=\"twitter:label1\" content=\"Becs\u00fclt olvas\u00e1si id\u0151\" \/>\n\t<meta name=\"twitter:data1\" content=\"2 perc\" \/>\n<script type=\"application\/ld+json\" class=\"yoast-schema-graph\">{\"@context\":\"https:\/\/schema.org\",\"@graph\":[{\"@type\":\"WebPage\",\"@id\":\"https:\/\/ozponcho.com.au\/p\/fringed-autumn-shawl-sweater\/\",\"url\":\"https:\/\/ozponcho.com.au\/p\/fringed-autumn-shawl-sweater\/\",\"name\":\"Multicolored Tassel Poncho Sweater | Magyarorsz\u00e1g #1 Poncho Shop\",\"isPartOf\":{\"@id\":\"https:\/\/ozponcho.com.au\/#website\"},\"primaryImageOfPage\":{\"@id\":\"https:\/\/ozponcho.com.au\/p\/fringed-autumn-shawl-sweater\/#primaryimage\"},\"image\":{\"@id\":\"https:\/\/ozponcho.com.au\/p\/fringed-autumn-shawl-sweater\/#primaryimage\"},\"thumbnailUrl\":\"https:\/\/ozponcho.com.au\/wp-content\/uploads\/2023\/12\/O1CN01AGyWy71HIfpNCzEJx_2331630735-0-cib.jpg\",\"datePublished\":\"2023-12-13T07:42:23+00:00\",\"dateModified\":\"2024-04-19T07:42:28+00:00\",\"description\":\"Looking for a Multicolored Tassel Poncho Sweater ? You've come to the right place \ud83d\ude04 We offers a wide selection of Multicolored Tassel Poncho Sweater, perfect for you.\",\"breadcrumb\":{\"@id\":\"https:\/\/ozponcho.com.au\/p\/fringed-autumn-shawl-sweater\/#breadcrumb\"},\"inLanguage\":\"hu\",\"potentialAction\":[{\"@type\":\"ReadAction\",\"target\":[\"https:\/\/ozponcho.com.au\/p\/fringed-autumn-shawl-sweater\/\"]}]},{\"@type\":\"ImageObject\",\"inLanguage\":\"hu\",\"@id\":\"https:\/\/ozponcho.com.au\/p\/fringed-autumn-shawl-sweater\/#primaryimage\",\"url\":\"https:\/\/ozponcho.com.au\/wp-content\/uploads\/2023\/12\/O1CN01AGyWy71HIfpNCzEJx_2331630735-0-cib.jpg\",\"contentUrl\":\"https:\/\/ozponcho.com.au\/wp-content\/uploads\/2023\/12\/O1CN01AGyWy71HIfpNCzEJx_2331630735-0-cib.jpg\",\"width\":1340,\"height\":1785,\"caption\":\"Multicolored Tassel Poncho Sweater\"},{\"@type\":\"BreadcrumbList\",\"@id\":\"https:\/\/ozponcho.com.au\/p\/fringed-autumn-shawl-sweater\/#breadcrumb\",\"itemListElement\":[{\"@type\":\"ListItem\",\"position\":1,\"name\":\"Home\",\"item\":\"https:\/\/ozponcho.com.au\/\"},{\"@type\":\"ListItem\",\"position\":2,\"name\":\"Shop\",\"item\":\"https:\/\/ozponcho.com.au\/shop\/\"},{\"@type\":\"ListItem\",\"position\":3,\"name\":\"Multicolored Tassel Poncho Sweater\"}]},{\"@type\":\"WebSite\",\"@id\":\"https:\/\/ozponcho.com.au\/#website\",\"url\":\"https:\/\/ozponcho.com.au\/\",\"name\":\"OZ Poncho\",\"description\":\"\",\"potentialAction\":[{\"@type\":\"SearchAction\",\"target\":{\"@type\":\"EntryPoint\",\"urlTemplate\":\"https:\/\/ozponcho.com.au\/?s={search_term_string}\"},\"query-input\":{\"@type\":\"PropertyValueSpecification\",\"valueRequired\":true,\"valueName\":\"search_term_string\"}}],\"inLanguage\":\"hu\"}]}<\/script>\n<!-- \/ Yoast SEO plugin. -->","yoast_head_json":{"title":"T\u00f6bbsz\u00edn\u0171 rojtos poncs\u00f3 pul\u00f3ver | Magyarorsz\u00e1g #1 Poncho Shop","description":"T\u00f6bbsz\u00edn\u0171 rojtos poncs\u00f3 pul\u00f3vert keresel ? A legjobb helyen j\u00e1rsz \ud83d\ude04 T\u00f6bbsz\u00edn\u0171 rojtos poncs\u00f3 pul\u00f3ver sz\u00e9les v\u00e1laszt\u00e9k\u00e1t k\u00edn\u00e1ljuk, t\u00f6k\u00e9letes az \u00d6n sz\u00e1m\u00e1ra.","robots":{"index":"index","follow":"follow","max-snippet":"max-snippet:-1","max-image-preview":"max-image-preview:large","max-video-preview":"max-video-preview:-1"},"canonical":"https:\/\/ozponcho.com.au\/hu\/p\/rojtos-oszi-sal-pulover\/","og_locale":"hu_HU","og_type":"article","og_title":"Multicolored Tassel Poncho Sweater | Magyarorsz\u00e1g #1 Poncho Shop","og_description":"Looking for a Multicolored Tassel Poncho Sweater ? You've come to the right place \ud83d\ude04 We offers a wide selection of Multicolored Tassel Poncho Sweater, perfect for you.","og_url":"https:\/\/ozponcho.com.au\/hu\/p\/rojtos-oszi-sal-pulover\/","og_site_name":"OZ Poncho","article_modified_time":"2024-04-19T07:42:28+00:00","og_image":[{"width":1340,"height":1785,"url":"https:\/\/ozponcho.com.au\/wp-content\/uploads\/2023\/12\/O1CN01AGyWy71HIfpNCzEJx_2331630735-0-cib.jpg","type":"image\/jpeg"}],"twitter_card":"summary_large_image","twitter_misc":{"Becs\u00fclt olvas\u00e1si id\u0151":"2 perc"},"schema":{"@context":"https:\/\/schema.org","@graph":[{"@type":"WebPage","@id":"https:\/\/ozponcho.com.au\/p\/fringed-autumn-shawl-sweater\/","url":"https:\/\/ozponcho.com.au\/p\/fringed-autumn-shawl-sweater\/","name":"T\u00f6bbsz\u00edn\u0171 rojtos poncs\u00f3 pul\u00f3ver | Magyarorsz\u00e1g #1 Poncho Shop","isPartOf":{"@id":"https:\/\/ozponcho.com.au\/#website"},"primaryImageOfPage":{"@id":"https:\/\/ozponcho.com.au\/p\/fringed-autumn-shawl-sweater\/#primaryimage"},"image":{"@id":"https:\/\/ozponcho.com.au\/p\/fringed-autumn-shawl-sweater\/#primaryimage"},"thumbnailUrl":"https:\/\/ozponcho.com.au\/wp-content\/uploads\/2023\/12\/O1CN01AGyWy71HIfpNCzEJx_2331630735-0-cib.jpg","datePublished":"2023-12-13T07:42:23+00:00","dateModified":"2024-04-19T07:42:28+00:00","description":"T\u00f6bbsz\u00edn\u0171 rojtos poncs\u00f3 pul\u00f3vert keresel ? A legjobb helyen j\u00e1rsz \ud83d\ude04 T\u00f6bbsz\u00edn\u0171 rojtos poncs\u00f3 pul\u00f3ver sz\u00e9les v\u00e1laszt\u00e9k\u00e1t k\u00edn\u00e1ljuk, t\u00f6k\u00e9letes az \u00d6n sz\u00e1m\u00e1ra.","breadcrumb":{"@id":"https:\/\/ozponcho.com.au\/p\/fringed-autumn-shawl-sweater\/#breadcrumb"},"inLanguage":"hu","potentialAction":[{"@type":"ReadAction","target":["https:\/\/ozponcho.com.au\/p\/fringed-autumn-shawl-sweater\/"]}]},{"@type":"ImageObject","inLanguage":"hu","@id":"https:\/\/ozponcho.com.au\/p\/fringed-autumn-shawl-sweater\/#primaryimage","url":"https:\/\/ozponcho.com.au\/wp-content\/uploads\/2023\/12\/O1CN01AGyWy71HIfpNCzEJx_2331630735-0-cib.jpg","contentUrl":"https:\/\/ozponcho.com.au\/wp-content\/uploads\/2023\/12\/O1CN01AGyWy71HIfpNCzEJx_2331630735-0-cib.jpg","width":1340,"height":1785,"caption":"Multicolored Tassel Poncho Sweater"},{"@type":"BreadcrumbList","@id":"https:\/\/ozponcho.com.au\/p\/fringed-autumn-shawl-sweater\/#breadcrumb","itemListElement":[{"@type":"ListItem","position":1,"name":"Home","item":"https:\/\/ozponcho.com.au\/"},{"@type":"ListItem","position":2,"name":"Shop","item":"https:\/\/ozponcho.com.au\/shop\/"},{"@type":"ListItem","position":3,"name":"Multicolored Tassel Poncho Sweater"}]},{"@type":"WebSite","@id":"https:\/\/ozponcho.com.au\/#website","url":"https:\/\/ozponcho.com.au\/","name":"OZ Poncho","description":"","potentialAction":[{"@type":"SearchAction","target":{"@type":"EntryPoint","urlTemplate":"https:\/\/ozponcho.com.au\/?s={search_term_string}"},"query-input":{"@type":"PropertyValueSpecification","valueRequired":true,"valueName":"search_term_string"}}],"inLanguage":"hu"}]}},"_links":{"self":[{"href":"https:\/\/ozponcho.com.au\/hu\/wp-json\/wp\/v2\/product\/13976","targetHints":{"allow":["GET"]}}],"collection":[{"href":"https:\/\/ozponcho.com.au\/hu\/wp-json\/wp\/v2\/product"}],"about":[{"href":"https:\/\/ozponcho.com.au\/hu\/wp-json\/wp\/v2\/types\/product"}],"wp:featuredmedia":[{"embeddable":true,"href":"https:\/\/ozponcho.com.au\/hu\/wp-json\/wp\/v2\/media\/13936"}],"wp:attachment":[{"href":"https:\/\/ozponcho.com.au\/hu\/wp-json\/wp\/v2\/media?parent=13976"}],"wp:term":[{"taxonomy":"product_brand","embeddable":true,"href":"https:\/\/ozponcho.com.au\/hu\/wp-json\/wp\/v2\/product_brand?post=13976"},{"taxonomy":"product_cat","embeddable":true,"href":"https:\/\/ozponcho.com.au\/hu\/wp-json\/wp\/v2\/product_cat?post=13976"},{"taxonomy":"product_tag","embeddable":true,"href":"https:\/\/ozponcho.com.au\/hu\/wp-json\/wp\/v2\/product_tag?post=13976"}],"curies":[{"name":"wp","href":"https:\/\/api.w.org\/{rel}","templated":true}]}}