{"id":13932,"date":"2023-12-13T18:41:57","date_gmt":"2023-12-13T07:41:57","guid":{"rendered":"https:\/\/ozponcho.com.au\/p\/autumn-winter-knot-color-matching-cropped-v-neck-pullover-sweater-women\/"},"modified":"2024-04-19T18:39:58","modified_gmt":"2024-04-19T07:39:58","slug":"women-twist-sweater-poncho","status":"publish","type":"product","link":"https:\/\/ozponcho.com.au\/hu\/p\/noi-twist-pulover-poncso\/","title":{"rendered":"Eleg\u00e1ns horogsoros poncs\u00f3 pul\u00f3ver"},"content":{"rendered":"<p>Fogadja a hideget st\u00edlusosan az Eleg\u00e1ns, r\u00f6vidre szabott poncs\u00f3s pul\u00f3verrel, amely a divatra t\u00f6rekv\u0151 n\u0151k sz\u00e1m\u00e1ra k\u00f6telez\u0151 darab. Az egyedi sz\u00ednblokk diz\u00e1jn a khaki \u00e1rnyalatok csavar\u00e1s\u00e1val k\u00f6nnyed\u00e9n eleg\u00e1ns megjelen\u00e9st eredm\u00e9nyez. A puha jersey-akrilb\u00f3l k\u00e9sz\u00fclt, V-nyak\u00fa pul\u00f3ver a melegs\u00e9g \u00e9s a k\u00e9nyelem kever\u00e9k\u00e9t k\u00edn\u00e1lja, \u00edgy ide\u00e1lis az \u0151szi \u00e9s t\u00e9li szezonban. Laza szab\u00e1sa \u00e9s hossz\u00fa ujjai laza, m\u00e9gis eleg\u00e1ns eszt\u00e9tik\u00e1t k\u00f6lcs\u00f6n\u00f6znek. Dobja fel ruhat\u00e1r\u00e1t ezzel a kiv\u00e1gott pul\u00f3verponch\u00f3val, amely a kifinomults\u00e1got \u00e9s az otthonos hangulatot \u00f6tv\u00f6zi, t\u00f6k\u00e9letes b\u00e1rmilyen alkalmi kir\u00e1ndul\u00e1shoz vagy t\u00e1rsadalmi esem\u00e9nyhez.<\/p>\n<div>St\u00edlus: Eleg\u00e1ns<\/div>\n<div>Illeszked\u00e9s: .<\/div>\n<div>Sz\u00f6vet: Jersey<\/div>\n<div>Mint\u00e1zat: Sz\u00ednes blokk<\/div>\n<div>Elem: Twisted<\/div>\n<div>Top Hossz\u00fas\u00e1g: .<\/div>\n<div>Nyakkiv\u00e1g\u00e1s: V-nyak\u00fa<\/div>\n<div>H\u00fcvely t\u00edpusa: Szab\u00e1lyos<\/div>\n<div>H\u00fcvely hossza: Hossz\u00fa ujj\u00fa<\/div>\n<div>F\u0151 \u00f6sszet\u00e9tel: Akril<\/div>\n<div>Szezon: \u0150sz\/T\u00e9l<\/div>\n<p><img decoding=\"async\" src=\"https:\/\/ozponcho.com.au\/wp-content\/uploads\/2024\/03\/1007968646040911872.png\" \/><img decoding=\"async\" src=\"https:\/\/ozponcho.com.au\/wp-content\/uploads\/2024\/03\/O1CN01jRHKRq1HIfsO4wjr8_2331630735-0-cib.jpg\" \/><img decoding=\"async\" src=\"https:\/\/ozponcho.com.au\/wp-content\/uploads\/2024\/03\/O1CN01zWGXgS1HIfsSdG5qm_2331630735-0-cib.jpg\" \/><img decoding=\"async\" src=\"https:\/\/ozponcho.com.au\/wp-content\/uploads\/2024\/03\/O1CN01XHPiau1HIfsc5S00v_2331630735-0-cib.jpg\" \/><img decoding=\"async\" src=\"https:\/\/ozponcho.com.au\/wp-content\/uploads\/2024\/03\/O1CN016yebpj1HIfsPaEhkW_2331630735-0-cib.jpg\" \/><img decoding=\"async\" src=\"https:\/\/ozponcho.com.au\/wp-content\/uploads\/2024\/03\/O1CN01KnXtUg1HIfsPaEAV6_2331630735-0-cib.jpg\" \/><img decoding=\"async\" src=\"https:\/\/ozponcho.com.au\/wp-content\/uploads\/2024\/03\/O1CN01ew53YD1HIfsSdKFlI_2331630735-0-cib.jpg\" \/><\/p>","protected":false},"excerpt":{"rendered":"<p>Embrace the chill in style with our Elegant Cropped Poncho Sweater, a must-have for fashion-forward women. The unique color block design features a twist of khaki hues, creating an effortlessly chic look. Crafted from soft jersey acrylic, this V-neck pullover offers a blend of warmth and comfort, making it ideal for autumn and winter seasons. [&#8230;]","protected":false},"featured_media":13887,"template":"","meta":[],"product_brand":[],"product_cat":[226,15,228,214,210],"product_tag":[],"class_list":{"0":"post-13932","1":"product","2":"type-product","3":"status-publish","4":"has-post-thumbnail","6":"product_cat-brown-poncho","7":"product_cat-main-category","8":"product_cat-poncho-sweater","9":"product_cat-knitted-crochet-poncho","10":"product_cat-poncho-women","12":"first","13":"outofstock","14":"shipping-taxable","15":"purchasable","16":"product-type-variable"},"yoast_head":"<!-- This site is optimized with the Yoast SEO plugin v25.9 - https:\/\/yoast.com\/wordpress\/plugins\/seo\/ -->\n<title>Elegant Cropped Poncho Sweater | Magyarorsz\u00e1g #1 Poncho Shop<\/title>\n<meta name=\"description\" content=\"Looking for a Elegant Cropped Poncho Sweater ? You&#039;ve come to the right place \ud83d\ude04 We offers a wide selection of Elegant Cropped Poncho Sweater, perfect for you.\" \/>\n<meta name=\"robots\" content=\"index, follow, max-snippet:-1, max-image-preview:large, max-video-preview:-1\" \/>\n<link rel=\"canonical\" href=\"https:\/\/ozponcho.com.au\/hu\/p\/noi-twist-pulover-poncso\/\" \/>\n<meta property=\"og:locale\" content=\"hu_HU\" \/>\n<meta property=\"og:type\" content=\"article\" \/>\n<meta property=\"og:title\" content=\"Elegant Cropped Poncho Sweater | Magyarorsz\u00e1g #1 Poncho Shop\" \/>\n<meta property=\"og:description\" content=\"Looking for a Elegant Cropped Poncho Sweater ? You&#039;ve come to the right place \ud83d\ude04 We offers a wide selection of Elegant Cropped Poncho Sweater, perfect for you.\" \/>\n<meta property=\"og:url\" content=\"https:\/\/ozponcho.com.au\/hu\/p\/noi-twist-pulover-poncso\/\" \/>\n<meta property=\"og:site_name\" content=\"OZ Poncho\" \/>\n<meta property=\"article:modified_time\" content=\"2024-04-19T07:39:58+00:00\" \/>\n<meta property=\"og:image\" content=\"https:\/\/ozponcho.com.au\/wp-content\/uploads\/2023\/12\/O1CN019pFpcW1HIfsTRRJAS_2331630735-0-cib.jpg\" \/>\n\t<meta property=\"og:image:width\" content=\"1340\" \/>\n\t<meta property=\"og:image:height\" content=\"1785\" \/>\n\t<meta property=\"og:image:type\" content=\"image\/jpeg\" \/>\n<meta name=\"twitter:card\" content=\"summary_large_image\" \/>\n<meta name=\"twitter:label1\" content=\"Becs\u00fclt olvas\u00e1si id\u0151\" \/>\n\t<meta name=\"twitter:data1\" content=\"3 perc\" \/>\n<script type=\"application\/ld+json\" class=\"yoast-schema-graph\">{\"@context\":\"https:\/\/schema.org\",\"@graph\":[{\"@type\":\"WebPage\",\"@id\":\"https:\/\/ozponcho.com.au\/p\/women-twist-sweater-poncho\/\",\"url\":\"https:\/\/ozponcho.com.au\/p\/women-twist-sweater-poncho\/\",\"name\":\"Elegant Cropped Poncho Sweater | Magyarorsz\u00e1g #1 Poncho Shop\",\"isPartOf\":{\"@id\":\"https:\/\/ozponcho.com.au\/#website\"},\"primaryImageOfPage\":{\"@id\":\"https:\/\/ozponcho.com.au\/p\/women-twist-sweater-poncho\/#primaryimage\"},\"image\":{\"@id\":\"https:\/\/ozponcho.com.au\/p\/women-twist-sweater-poncho\/#primaryimage\"},\"thumbnailUrl\":\"https:\/\/ozponcho.com.au\/wp-content\/uploads\/2023\/12\/O1CN019pFpcW1HIfsTRRJAS_2331630735-0-cib.jpg\",\"datePublished\":\"2023-12-13T07:41:57+00:00\",\"dateModified\":\"2024-04-19T07:39:58+00:00\",\"description\":\"Looking for a Elegant Cropped Poncho Sweater ? You've come to the right place \ud83d\ude04 We offers a wide selection of Elegant Cropped Poncho Sweater, perfect for you.\",\"breadcrumb\":{\"@id\":\"https:\/\/ozponcho.com.au\/p\/women-twist-sweater-poncho\/#breadcrumb\"},\"inLanguage\":\"hu\",\"potentialAction\":[{\"@type\":\"ReadAction\",\"target\":[\"https:\/\/ozponcho.com.au\/p\/women-twist-sweater-poncho\/\"]}]},{\"@type\":\"ImageObject\",\"inLanguage\":\"hu\",\"@id\":\"https:\/\/ozponcho.com.au\/p\/women-twist-sweater-poncho\/#primaryimage\",\"url\":\"https:\/\/ozponcho.com.au\/wp-content\/uploads\/2023\/12\/O1CN019pFpcW1HIfsTRRJAS_2331630735-0-cib.jpg\",\"contentUrl\":\"https:\/\/ozponcho.com.au\/wp-content\/uploads\/2023\/12\/O1CN019pFpcW1HIfsTRRJAS_2331630735-0-cib.jpg\",\"width\":1340,\"height\":1785,\"caption\":\"Elegant Cropped Poncho Sweater\"},{\"@type\":\"BreadcrumbList\",\"@id\":\"https:\/\/ozponcho.com.au\/p\/women-twist-sweater-poncho\/#breadcrumb\",\"itemListElement\":[{\"@type\":\"ListItem\",\"position\":1,\"name\":\"Home\",\"item\":\"https:\/\/ozponcho.com.au\/\"},{\"@type\":\"ListItem\",\"position\":2,\"name\":\"Shop\",\"item\":\"https:\/\/ozponcho.com.au\/shop\/\"},{\"@type\":\"ListItem\",\"position\":3,\"name\":\"Elegant Cropped Poncho Sweater\"}]},{\"@type\":\"WebSite\",\"@id\":\"https:\/\/ozponcho.com.au\/#website\",\"url\":\"https:\/\/ozponcho.com.au\/\",\"name\":\"OZ Poncho\",\"description\":\"\",\"potentialAction\":[{\"@type\":\"SearchAction\",\"target\":{\"@type\":\"EntryPoint\",\"urlTemplate\":\"https:\/\/ozponcho.com.au\/?s={search_term_string}\"},\"query-input\":{\"@type\":\"PropertyValueSpecification\",\"valueRequired\":true,\"valueName\":\"search_term_string\"}}],\"inLanguage\":\"hu\"}]}<\/script>\n<!-- \/ Yoast SEO plugin. -->","yoast_head_json":{"title":"Eleg\u00e1ns Poncs\u00f3 pul\u00f3ver | Magyarorsz\u00e1g #1 Poncho Shop","description":"Eleg\u00e1ns csavart poncs\u00f3 pul\u00f3vert keresel ? A legjobb helyen j\u00e1rsz \ud83d\ude04 Eleg\u00e1ns Cropped Poncho pul\u00f3verek sz\u00e9les v\u00e1laszt\u00e9k\u00e1t k\u00edn\u00e1ljuk, t\u00f6k\u00e9letes az \u00d6n sz\u00e1m\u00e1ra.","robots":{"index":"index","follow":"follow","max-snippet":"max-snippet:-1","max-image-preview":"max-image-preview:large","max-video-preview":"max-video-preview:-1"},"canonical":"https:\/\/ozponcho.com.au\/hu\/p\/noi-twist-pulover-poncso\/","og_locale":"hu_HU","og_type":"article","og_title":"Elegant Cropped Poncho Sweater | Magyarorsz\u00e1g #1 Poncho Shop","og_description":"Looking for a Elegant Cropped Poncho Sweater ? You've come to the right place \ud83d\ude04 We offers a wide selection of Elegant Cropped Poncho Sweater, perfect for you.","og_url":"https:\/\/ozponcho.com.au\/hu\/p\/noi-twist-pulover-poncso\/","og_site_name":"OZ Poncho","article_modified_time":"2024-04-19T07:39:58+00:00","og_image":[{"width":1340,"height":1785,"url":"https:\/\/ozponcho.com.au\/wp-content\/uploads\/2023\/12\/O1CN019pFpcW1HIfsTRRJAS_2331630735-0-cib.jpg","type":"image\/jpeg"}],"twitter_card":"summary_large_image","twitter_misc":{"Becs\u00fclt olvas\u00e1si id\u0151":"3 perc"},"schema":{"@context":"https:\/\/schema.org","@graph":[{"@type":"WebPage","@id":"https:\/\/ozponcho.com.au\/p\/women-twist-sweater-poncho\/","url":"https:\/\/ozponcho.com.au\/p\/women-twist-sweater-poncho\/","name":"Eleg\u00e1ns Poncs\u00f3 pul\u00f3ver | Magyarorsz\u00e1g #1 Poncho Shop","isPartOf":{"@id":"https:\/\/ozponcho.com.au\/#website"},"primaryImageOfPage":{"@id":"https:\/\/ozponcho.com.au\/p\/women-twist-sweater-poncho\/#primaryimage"},"image":{"@id":"https:\/\/ozponcho.com.au\/p\/women-twist-sweater-poncho\/#primaryimage"},"thumbnailUrl":"https:\/\/ozponcho.com.au\/wp-content\/uploads\/2023\/12\/O1CN019pFpcW1HIfsTRRJAS_2331630735-0-cib.jpg","datePublished":"2023-12-13T07:41:57+00:00","dateModified":"2024-04-19T07:39:58+00:00","description":"Eleg\u00e1ns csavart poncs\u00f3 pul\u00f3vert keresel ? A legjobb helyen j\u00e1rsz \ud83d\ude04 Eleg\u00e1ns Cropped Poncho pul\u00f3verek sz\u00e9les v\u00e1laszt\u00e9k\u00e1t k\u00edn\u00e1ljuk, t\u00f6k\u00e9letes az \u00d6n sz\u00e1m\u00e1ra.","breadcrumb":{"@id":"https:\/\/ozponcho.com.au\/p\/women-twist-sweater-poncho\/#breadcrumb"},"inLanguage":"hu","potentialAction":[{"@type":"ReadAction","target":["https:\/\/ozponcho.com.au\/p\/women-twist-sweater-poncho\/"]}]},{"@type":"ImageObject","inLanguage":"hu","@id":"https:\/\/ozponcho.com.au\/p\/women-twist-sweater-poncho\/#primaryimage","url":"https:\/\/ozponcho.com.au\/wp-content\/uploads\/2023\/12\/O1CN019pFpcW1HIfsTRRJAS_2331630735-0-cib.jpg","contentUrl":"https:\/\/ozponcho.com.au\/wp-content\/uploads\/2023\/12\/O1CN019pFpcW1HIfsTRRJAS_2331630735-0-cib.jpg","width":1340,"height":1785,"caption":"Elegant Cropped Poncho Sweater"},{"@type":"BreadcrumbList","@id":"https:\/\/ozponcho.com.au\/p\/women-twist-sweater-poncho\/#breadcrumb","itemListElement":[{"@type":"ListItem","position":1,"name":"Home","item":"https:\/\/ozponcho.com.au\/"},{"@type":"ListItem","position":2,"name":"Shop","item":"https:\/\/ozponcho.com.au\/shop\/"},{"@type":"ListItem","position":3,"name":"Elegant Cropped Poncho Sweater"}]},{"@type":"WebSite","@id":"https:\/\/ozponcho.com.au\/#website","url":"https:\/\/ozponcho.com.au\/","name":"OZ Poncho","description":"","potentialAction":[{"@type":"SearchAction","target":{"@type":"EntryPoint","urlTemplate":"https:\/\/ozponcho.com.au\/?s={search_term_string}"},"query-input":{"@type":"PropertyValueSpecification","valueRequired":true,"valueName":"search_term_string"}}],"inLanguage":"hu"}]}},"_links":{"self":[{"href":"https:\/\/ozponcho.com.au\/hu\/wp-json\/wp\/v2\/product\/13932","targetHints":{"allow":["GET"]}}],"collection":[{"href":"https:\/\/ozponcho.com.au\/hu\/wp-json\/wp\/v2\/product"}],"about":[{"href":"https:\/\/ozponcho.com.au\/hu\/wp-json\/wp\/v2\/types\/product"}],"wp:featuredmedia":[{"embeddable":true,"href":"https:\/\/ozponcho.com.au\/hu\/wp-json\/wp\/v2\/media\/13887"}],"wp:attachment":[{"href":"https:\/\/ozponcho.com.au\/hu\/wp-json\/wp\/v2\/media?parent=13932"}],"wp:term":[{"taxonomy":"product_brand","embeddable":true,"href":"https:\/\/ozponcho.com.au\/hu\/wp-json\/wp\/v2\/product_brand?post=13932"},{"taxonomy":"product_cat","embeddable":true,"href":"https:\/\/ozponcho.com.au\/hu\/wp-json\/wp\/v2\/product_cat?post=13932"},{"taxonomy":"product_tag","embeddable":true,"href":"https:\/\/ozponcho.com.au\/hu\/wp-json\/wp\/v2\/product_tag?post=13932"}],"curies":[{"name":"wp","href":"https:\/\/api.w.org\/{rel}","templated":true}]}}