{"id":13908,"date":"2023-12-13T18:41:50","date_gmt":"2023-12-13T07:41:50","guid":{"rendered":"https:\/\/ozponcho.com.au\/p\/autumn-winter-mid-length-hairy-ball-tassel-shawl-sweater\/"},"modified":"2024-04-19T18:39:49","modified_gmt":"2024-04-19T07:39:49","slug":"casual-mid-length-poncho-shawl","status":"publish","type":"product","link":"https:\/\/ozponcho.com.au\/hu\/p\/alkalmi-kozephosszu-poncso-kendo\/","title":{"rendered":"Piros rojtos rojtos poncs\u00f3"},"content":{"rendered":"<p>Fogadd a h\u0171v\u00f6s id\u0151j\u00e1r\u00e1st st\u00edlusosan ezzel az elb\u0171v\u00f6l\u0151 \u0151szi-t\u00e9li k\u00f6z\u00e9phossz\u00fas\u00e1g\u00fa sz\u0151r\u00f6s goly\u00f3s bojtos s\u00e1las pul\u00f3verponch\u00f3val, \u00e9l\u00e9nk piros \u00e1rnyalatban. A puha, akril jersey anyagb\u00f3l gondosan kidolgozott poncs\u00f3 pazar \u00e9rz\u00e9st ny\u00fajt a b\u0151r\u00f6n. A laza szab\u00e1s\u00fa sziluett, amelyet a j\u00e1t\u00e9kos rojtos \u00e9s bojtos r\u00e9szletek eg\u00e9sz\u00edtenek ki, alkalmi eleganci\u00e1t sug\u00e1roz. Ak\u00e1r a kedvenc \u0151szi ruhadarabodra ter\u00edtve, ak\u00e1r egy t\u00e9li ruhadarabot sz\u00ednesebb\u00e9 t\u00e9ve, ez a V-nyak\u00fa poncs\u00f3 melegs\u00e9get \u00edg\u00e9r egy csipetnyi szesz\u00e9lyess\u00e9ggel. Tegyen mer\u00e9sz divatnyilatkozatot ezzel a k\u00f6telez\u0151 kieg\u00e9sz\u00edt\u0151vel a h\u0171v\u00f6sebb \u00e9vszakokban.<\/p>\n<div>St\u00edlus: .<\/div>\n<div>Illeszked\u00e9s: .<\/div>\n<div>Sz\u00f6vet: Jersey<\/div>\n<div>Mint\u00e1zat: Egysz\u00edn\u0171<\/div>\n<div>Elem: Fringe<\/div>\n<div>Top Hossz\u00fas\u00e1g: Hossz\u00fa<\/div>\n<div>Nyakkiv\u00e1g\u00e1s: V-nyak\u00fa<\/div>\n<div>H\u00fcvely t\u00edpusa: Egy\u00e9b<\/div>\n<div>H\u00fcvely hossza: Hossz\u00fa ujj\u00fa<\/div>\n<div>F\u0151 \u00f6sszet\u00e9tel: Akril<\/div>\n<div>Szezon: Tavaszi\/\u0151szi<\/div>\n<p><img decoding=\"async\" src=\"https:\/\/ozponcho.com.au\/wp-content\/uploads\/2024\/03\/991787375266889728.png\" \/><img decoding=\"async\" src=\"https:\/\/ozponcho.com.au\/wp-content\/uploads\/2024\/03\/O1CN01EzGT391HIfpDXYjuf_2331630735-0-cib.jpg\" \/><img decoding=\"async\" src=\"https:\/\/ozponcho.com.au\/wp-content\/uploads\/2024\/03\/O1CN0195AtHc1HIfpNtRuQd_2331630735-0-cib.jpg\" \/><img decoding=\"async\" src=\"https:\/\/ozponcho.com.au\/wp-content\/uploads\/2024\/03\/O1CN017jiZQJ1HIfpGJszAk_2331630735-0-cib.jpg\" \/><img decoding=\"async\" src=\"https:\/\/ozponcho.com.au\/wp-content\/uploads\/2024\/03\/O1CN01qPbFJZ1HIfpDXYXTm_2331630735-0-cib.jpg\" \/><img decoding=\"async\" src=\"https:\/\/ozponcho.com.au\/wp-content\/uploads\/2024\/03\/O1CN01VeOHxg1HIfpBNyUym_2331630735-0-cib.jpg\" \/><img decoding=\"async\" src=\"https:\/\/ozponcho.com.au\/wp-content\/uploads\/2024\/03\/O1CN01mRksEi1HIfpDXY07L_2331630735-0-cib.jpg\" \/><img decoding=\"async\" src=\"https:\/\/ozponcho.com.au\/wp-content\/uploads\/2024\/03\/O1CN01j2hcvH1HIfroopfdR_2331630735-0-cib.jpg\" \/><img decoding=\"async\" src=\"https:\/\/ozponcho.com.au\/wp-content\/uploads\/2024\/03\/O1CN01ZJZINI1HIfpBNxMDN_2331630735-0-cib.jpg\" \/><img decoding=\"async\" src=\"https:\/\/ozponcho.com.au\/wp-content\/uploads\/2024\/03\/O1CN01y2EtwR1HIfpFind1q_2331630735-0-cib.jpg\" \/><img decoding=\"async\" src=\"https:\/\/ozponcho.com.au\/wp-content\/uploads\/2024\/03\/O1CN01EnbapL1HIfpNtOkmr_2331630735-0-cib.jpg\" \/><img decoding=\"async\" src=\"https:\/\/ozponcho.com.au\/wp-content\/uploads\/2024\/03\/O1CN01gl0vTZ1HIfpLPz4xZ_2331630735-0-cib.jpg\" \/><img decoding=\"async\" src=\"https:\/\/ozponcho.com.au\/wp-content\/uploads\/2024\/03\/O1CN01qcoff71HIfpGJs6w1_2331630735-0-cib.jpg\" \/><img decoding=\"async\" src=\"https:\/\/ozponcho.com.au\/wp-content\/uploads\/2024\/03\/O1CN01z5QpEW1HIfpJmxdEQ_2331630735-0-cib.jpg\" \/><img decoding=\"async\" src=\"https:\/\/ozponcho.com.au\/wp-content\/uploads\/2024\/03\/O1CN01cSht3m1HIfriYfJhc_2331630735-0-cib.jpg\" \/><img decoding=\"async\" src=\"https:\/\/ozponcho.com.au\/wp-content\/uploads\/2024\/03\/O1CN01d5JD4d1HIfpCvCMmR_2331630735-0-cib.jpg\" \/><img decoding=\"async\" src=\"https:\/\/ozponcho.com.au\/wp-content\/uploads\/2024\/03\/O1CN01ERvgga1HIfpJmvkmf_2331630735-0-cib.jpg\" \/><img decoding=\"async\" src=\"https:\/\/ozponcho.com.au\/wp-content\/uploads\/2024\/03\/O1CN01TjtI6f1HIfpFfVKvo_2331630735-0-cib.jpg\" \/><img decoding=\"async\" src=\"https:\/\/ozponcho.com.au\/wp-content\/uploads\/2024\/03\/O1CN016gVDyf1HIfpHHXHq7_2331630735-0-cib.jpg\" \/><img decoding=\"async\" src=\"https:\/\/ozponcho.com.au\/wp-content\/uploads\/2024\/03\/O1CN01K8MpKv1HIfpHb3WMo_2331630735-0-cib.jpg\" \/><img decoding=\"async\" src=\"https:\/\/ozponcho.com.au\/wp-content\/uploads\/2024\/03\/O1CN01EvNY8f1HIfpMAuouN_2331630735-0-cib.jpg\" \/><img decoding=\"async\" src=\"https:\/\/ozponcho.com.au\/wp-content\/uploads\/2024\/03\/O1CN011fikvK1HIfpFfXLcg_2331630735-0-cib.jpg\" \/><img decoding=\"async\" src=\"https:\/\/ozponcho.com.au\/wp-content\/uploads\/2024\/03\/O1CN01WuTeYK1HIfpNBYcC3_2331630735-0-cib.jpg\" \/><img decoding=\"async\" src=\"https:\/\/ozponcho.com.au\/wp-content\/uploads\/2024\/03\/O1CN01wSPuvY1HIfpFfb2Va_2331630735-0-cib.jpg\" \/><img decoding=\"async\" src=\"https:\/\/ozponcho.com.au\/wp-content\/uploads\/2024\/03\/O1CN01eV8q621HIfpHHYxr4_2331630735-0-cib.jpg\" \/><img decoding=\"async\" src=\"https:\/\/ozponcho.com.au\/wp-content\/uploads\/2024\/03\/O1CN01Ly3spw1HIfpImcATT_2331630735-0-cib.jpg\" \/><img decoding=\"async\" src=\"https:\/\/ozponcho.com.au\/wp-content\/uploads\/2024\/03\/O1CN01X7XOfd1HIfpJmyIxJ_2331630735-0-cib.jpg\" \/><img decoding=\"async\" src=\"https:\/\/ozponcho.com.au\/wp-content\/uploads\/2024\/03\/O1CN01ZTyVvf1HIfpLQ32NA_2331630735-0-cib.jpg\" \/><img decoding=\"async\" src=\"https:\/\/ozponcho.com.au\/wp-content\/uploads\/2024\/03\/O1CN0192SBTV1HIfpFfYl5l_2331630735-0-cib.jpg\" \/><img decoding=\"async\" src=\"https:\/\/ozponcho.com.au\/wp-content\/uploads\/2024\/03\/O1CN012tcgHK1HIfpNBbIYT_2331630735-0-cib.jpg\" \/><img decoding=\"async\" src=\"https:\/\/ozponcho.com.au\/wp-content\/uploads\/2024\/03\/O1CN01IanRat1HIfpLQ2lst_2331630735-0-cib.jpg\" \/><img decoding=\"async\" src=\"https:\/\/ozponcho.com.au\/wp-content\/uploads\/2024\/03\/O1CN01jkeh8k1HIfpNBa1ae_2331630735-0-cib.jpg\" \/><img decoding=\"async\" src=\"https:\/\/ozponcho.com.au\/wp-content\/uploads\/2024\/03\/O1CN01LCrtLY1HIfpFfZdIL_2331630735-0-cib.jpg\" \/><img decoding=\"async\" src=\"https:\/\/ozponcho.com.au\/wp-content\/uploads\/2024\/03\/O1CN01orocD71HIfpBO0RdG_2331630735-0-cib.jpg\" \/><img decoding=\"async\" src=\"https:\/\/ozponcho.com.au\/wp-content\/uploads\/2024\/03\/O1CN01T9eW4q1HIfpImeqrn_2331630735-0-cib.jpg\" \/><\/p>","protected":false},"excerpt":{"rendered":"<p>Embrace the chilly weather in style with this fetching Autumn Winter Mid-Length Hairy Ball Tassel Shawl Sweater Poncho in a vibrant red hue. Crafted with care from soft, acrylic jersey fabric, this poncho offers a sumptuous feel against the skin. The loose-fitting silhouette, complemented by the playful fringe and tassel details, exudes casual elegance. Whether [&#8230;]","protected":false},"featured_media":13850,"template":"","meta":[],"product_brand":[],"product_cat":[15,228,214,210,221],"product_tag":[],"class_list":{"0":"post-13908","1":"product","2":"type-product","3":"status-publish","4":"has-post-thumbnail","6":"product_cat-main-category","7":"product_cat-poncho-sweater","8":"product_cat-knitted-crochet-poncho","9":"product_cat-poncho-women","10":"product_cat-red-poncho","12":"first","13":"outofstock","14":"shipping-taxable","15":"purchasable","16":"product-type-variable"},"yoast_head":"<!-- This site is optimized with the Yoast SEO plugin v25.9 - https:\/\/yoast.com\/wordpress\/plugins\/seo\/ -->\n<title>Red Tassel Fringe Poncho | Magyarorsz\u00e1g #1 Poncho Shop<\/title>\n<meta name=\"description\" content=\"Looking for a Red Tassel Fringe Poncho ? You&#039;ve come to the right place \ud83d\ude04 We offers a wide selection of Red Tassel Fringe Poncho, perfect for you.\" \/>\n<meta name=\"robots\" content=\"index, follow, max-snippet:-1, max-image-preview:large, max-video-preview:-1\" \/>\n<link rel=\"canonical\" href=\"https:\/\/ozponcho.com.au\/hu\/p\/alkalmi-kozephosszu-poncso-kendo\/\" \/>\n<meta property=\"og:locale\" content=\"hu_HU\" \/>\n<meta property=\"og:type\" content=\"article\" \/>\n<meta property=\"og:title\" content=\"Red Tassel Fringe Poncho | Magyarorsz\u00e1g #1 Poncho Shop\" \/>\n<meta property=\"og:description\" content=\"Looking for a Red Tassel Fringe Poncho ? You&#039;ve come to the right place \ud83d\ude04 We offers a wide selection of Red Tassel Fringe Poncho, perfect for you.\" \/>\n<meta property=\"og:url\" content=\"https:\/\/ozponcho.com.au\/hu\/p\/alkalmi-kozephosszu-poncso-kendo\/\" \/>\n<meta property=\"og:site_name\" content=\"OZ Poncho\" \/>\n<meta property=\"article:modified_time\" content=\"2024-04-19T07:39:49+00:00\" \/>\n<meta property=\"og:image\" content=\"https:\/\/ozponcho.com.au\/wp-content\/uploads\/2023\/12\/O1CN01cSht3m1HIfriYfJhc_2331630735-0-cib.jpg\" \/>\n\t<meta property=\"og:image:width\" content=\"1340\" \/>\n\t<meta property=\"og:image:height\" content=\"1785\" \/>\n\t<meta property=\"og:image:type\" content=\"image\/jpeg\" \/>\n<meta name=\"twitter:card\" content=\"summary_large_image\" \/>\n<meta name=\"twitter:label1\" content=\"Becs\u00fclt olvas\u00e1si id\u0151\" \/>\n\t<meta name=\"twitter:data1\" content=\"1 perc\" \/>\n<script type=\"application\/ld+json\" class=\"yoast-schema-graph\">{\"@context\":\"https:\/\/schema.org\",\"@graph\":[{\"@type\":\"WebPage\",\"@id\":\"https:\/\/ozponcho.com.au\/p\/casual-mid-length-poncho-shawl\/\",\"url\":\"https:\/\/ozponcho.com.au\/p\/casual-mid-length-poncho-shawl\/\",\"name\":\"Red Tassel Fringe Poncho | Magyarorsz\u00e1g #1 Poncho Shop\",\"isPartOf\":{\"@id\":\"https:\/\/ozponcho.com.au\/#website\"},\"primaryImageOfPage\":{\"@id\":\"https:\/\/ozponcho.com.au\/p\/casual-mid-length-poncho-shawl\/#primaryimage\"},\"image\":{\"@id\":\"https:\/\/ozponcho.com.au\/p\/casual-mid-length-poncho-shawl\/#primaryimage\"},\"thumbnailUrl\":\"https:\/\/ozponcho.com.au\/wp-content\/uploads\/2023\/12\/O1CN01cSht3m1HIfriYfJhc_2331630735-0-cib.jpg\",\"datePublished\":\"2023-12-13T07:41:50+00:00\",\"dateModified\":\"2024-04-19T07:39:49+00:00\",\"description\":\"Looking for a Red Tassel Fringe Poncho ? You've come to the right place \ud83d\ude04 We offers a wide selection of Red Tassel Fringe Poncho, perfect for you.\",\"breadcrumb\":{\"@id\":\"https:\/\/ozponcho.com.au\/p\/casual-mid-length-poncho-shawl\/#breadcrumb\"},\"inLanguage\":\"hu\",\"potentialAction\":[{\"@type\":\"ReadAction\",\"target\":[\"https:\/\/ozponcho.com.au\/p\/casual-mid-length-poncho-shawl\/\"]}]},{\"@type\":\"ImageObject\",\"inLanguage\":\"hu\",\"@id\":\"https:\/\/ozponcho.com.au\/p\/casual-mid-length-poncho-shawl\/#primaryimage\",\"url\":\"https:\/\/ozponcho.com.au\/wp-content\/uploads\/2023\/12\/O1CN01cSht3m1HIfriYfJhc_2331630735-0-cib.jpg\",\"contentUrl\":\"https:\/\/ozponcho.com.au\/wp-content\/uploads\/2023\/12\/O1CN01cSht3m1HIfriYfJhc_2331630735-0-cib.jpg\",\"width\":1340,\"height\":1785,\"caption\":\"Red Tassel Fringe Poncho\"},{\"@type\":\"BreadcrumbList\",\"@id\":\"https:\/\/ozponcho.com.au\/p\/casual-mid-length-poncho-shawl\/#breadcrumb\",\"itemListElement\":[{\"@type\":\"ListItem\",\"position\":1,\"name\":\"Home\",\"item\":\"https:\/\/ozponcho.com.au\/\"},{\"@type\":\"ListItem\",\"position\":2,\"name\":\"Shop\",\"item\":\"https:\/\/ozponcho.com.au\/shop\/\"},{\"@type\":\"ListItem\",\"position\":3,\"name\":\"Red Tassel Fringe Poncho\"}]},{\"@type\":\"WebSite\",\"@id\":\"https:\/\/ozponcho.com.au\/#website\",\"url\":\"https:\/\/ozponcho.com.au\/\",\"name\":\"OZ Poncho\",\"description\":\"\",\"potentialAction\":[{\"@type\":\"SearchAction\",\"target\":{\"@type\":\"EntryPoint\",\"urlTemplate\":\"https:\/\/ozponcho.com.au\/?s={search_term_string}\"},\"query-input\":{\"@type\":\"PropertyValueSpecification\",\"valueRequired\":true,\"valueName\":\"search_term_string\"}}],\"inLanguage\":\"hu\"}]}<\/script>\n<!-- \/ Yoast SEO plugin. -->","yoast_head_json":{"title":"Piros rojtos rojtos poncs\u00f3 | Magyarorsz\u00e1g #1 Poncs\u00f3 Shop","description":"Piros rojtos rojtos poncs\u00f3t keres ? A legjobb helyre j\u00f6tt\u00e9l \ud83d\ude04 Piros rojtos rojtos poncho sz\u00e9les v\u00e1laszt\u00e9k\u00e1t k\u00edn\u00e1ljuk, t\u00f6k\u00e9letes az \u00d6n sz\u00e1m\u00e1ra.","robots":{"index":"index","follow":"follow","max-snippet":"max-snippet:-1","max-image-preview":"max-image-preview:large","max-video-preview":"max-video-preview:-1"},"canonical":"https:\/\/ozponcho.com.au\/hu\/p\/alkalmi-kozephosszu-poncso-kendo\/","og_locale":"hu_HU","og_type":"article","og_title":"Red Tassel Fringe Poncho | Magyarorsz\u00e1g #1 Poncho Shop","og_description":"Looking for a Red Tassel Fringe Poncho ? You've come to the right place \ud83d\ude04 We offers a wide selection of Red Tassel Fringe Poncho, perfect for you.","og_url":"https:\/\/ozponcho.com.au\/hu\/p\/alkalmi-kozephosszu-poncso-kendo\/","og_site_name":"OZ Poncho","article_modified_time":"2024-04-19T07:39:49+00:00","og_image":[{"width":1340,"height":1785,"url":"https:\/\/ozponcho.com.au\/wp-content\/uploads\/2023\/12\/O1CN01cSht3m1HIfriYfJhc_2331630735-0-cib.jpg","type":"image\/jpeg"}],"twitter_card":"summary_large_image","twitter_misc":{"Becs\u00fclt olvas\u00e1si id\u0151":"1 perc"},"schema":{"@context":"https:\/\/schema.org","@graph":[{"@type":"WebPage","@id":"https:\/\/ozponcho.com.au\/p\/casual-mid-length-poncho-shawl\/","url":"https:\/\/ozponcho.com.au\/p\/casual-mid-length-poncho-shawl\/","name":"Piros rojtos rojtos poncs\u00f3 | Magyarorsz\u00e1g #1 Poncs\u00f3 Shop","isPartOf":{"@id":"https:\/\/ozponcho.com.au\/#website"},"primaryImageOfPage":{"@id":"https:\/\/ozponcho.com.au\/p\/casual-mid-length-poncho-shawl\/#primaryimage"},"image":{"@id":"https:\/\/ozponcho.com.au\/p\/casual-mid-length-poncho-shawl\/#primaryimage"},"thumbnailUrl":"https:\/\/ozponcho.com.au\/wp-content\/uploads\/2023\/12\/O1CN01cSht3m1HIfriYfJhc_2331630735-0-cib.jpg","datePublished":"2023-12-13T07:41:50+00:00","dateModified":"2024-04-19T07:39:49+00:00","description":"Piros rojtos rojtos poncs\u00f3t keres ? A legjobb helyre j\u00f6tt\u00e9l \ud83d\ude04 Piros rojtos rojtos poncho sz\u00e9les v\u00e1laszt\u00e9k\u00e1t k\u00edn\u00e1ljuk, t\u00f6k\u00e9letes az \u00d6n sz\u00e1m\u00e1ra.","breadcrumb":{"@id":"https:\/\/ozponcho.com.au\/p\/casual-mid-length-poncho-shawl\/#breadcrumb"},"inLanguage":"hu","potentialAction":[{"@type":"ReadAction","target":["https:\/\/ozponcho.com.au\/p\/casual-mid-length-poncho-shawl\/"]}]},{"@type":"ImageObject","inLanguage":"hu","@id":"https:\/\/ozponcho.com.au\/p\/casual-mid-length-poncho-shawl\/#primaryimage","url":"https:\/\/ozponcho.com.au\/wp-content\/uploads\/2023\/12\/O1CN01cSht3m1HIfriYfJhc_2331630735-0-cib.jpg","contentUrl":"https:\/\/ozponcho.com.au\/wp-content\/uploads\/2023\/12\/O1CN01cSht3m1HIfriYfJhc_2331630735-0-cib.jpg","width":1340,"height":1785,"caption":"Red Tassel Fringe Poncho"},{"@type":"BreadcrumbList","@id":"https:\/\/ozponcho.com.au\/p\/casual-mid-length-poncho-shawl\/#breadcrumb","itemListElement":[{"@type":"ListItem","position":1,"name":"Home","item":"https:\/\/ozponcho.com.au\/"},{"@type":"ListItem","position":2,"name":"Shop","item":"https:\/\/ozponcho.com.au\/shop\/"},{"@type":"ListItem","position":3,"name":"Red Tassel Fringe Poncho"}]},{"@type":"WebSite","@id":"https:\/\/ozponcho.com.au\/#website","url":"https:\/\/ozponcho.com.au\/","name":"OZ Poncho","description":"","potentialAction":[{"@type":"SearchAction","target":{"@type":"EntryPoint","urlTemplate":"https:\/\/ozponcho.com.au\/?s={search_term_string}"},"query-input":{"@type":"PropertyValueSpecification","valueRequired":true,"valueName":"search_term_string"}}],"inLanguage":"hu"}]}},"_links":{"self":[{"href":"https:\/\/ozponcho.com.au\/hu\/wp-json\/wp\/v2\/product\/13908","targetHints":{"allow":["GET"]}}],"collection":[{"href":"https:\/\/ozponcho.com.au\/hu\/wp-json\/wp\/v2\/product"}],"about":[{"href":"https:\/\/ozponcho.com.au\/hu\/wp-json\/wp\/v2\/types\/product"}],"wp:featuredmedia":[{"embeddable":true,"href":"https:\/\/ozponcho.com.au\/hu\/wp-json\/wp\/v2\/media\/13850"}],"wp:attachment":[{"href":"https:\/\/ozponcho.com.au\/hu\/wp-json\/wp\/v2\/media?parent=13908"}],"wp:term":[{"taxonomy":"product_brand","embeddable":true,"href":"https:\/\/ozponcho.com.au\/hu\/wp-json\/wp\/v2\/product_brand?post=13908"},{"taxonomy":"product_cat","embeddable":true,"href":"https:\/\/ozponcho.com.au\/hu\/wp-json\/wp\/v2\/product_cat?post=13908"},{"taxonomy":"product_tag","embeddable":true,"href":"https:\/\/ozponcho.com.au\/hu\/wp-json\/wp\/v2\/product_tag?post=13908"}],"curies":[{"name":"wp","href":"https:\/\/api.w.org\/{rel}","templated":true}]}}