{"id":13884,"date":"2023-12-13T18:41:35","date_gmt":"2023-12-13T07:41:35","guid":{"rendered":"https:\/\/ozponcho.com.au\/p\/autumn-winter-fur-collar-pullover-tassel-shawl-sweater-cloak\/"},"modified":"2024-04-19T18:39:17","modified_gmt":"2024-04-19T07:39:17","slug":"fringe-acrylic-shawl-cloak","status":"publish","type":"product","link":"https:\/\/ozponcho.com.au\/hu\/p\/rojtos-akril-kendo-kopeny\/","title":{"rendered":"\u0150szi rojtos sz\u0151rme poncs\u00f3"},"content":{"rendered":"<p>\u00d6lelje mag\u00e1ra az \u0151szi elegancia megtestes\u00edt\u0151j\u00e9t a k\u00e9nyelmes taupe sz\u00edn\u0171 poncs\u00f3val, amelyet f\u00e9ny\u0171z\u0151 m\u0171sz\u0151rme gall\u00e9r keretez. A pazarul puha akrilb\u00f3l k\u00e9sz\u00fclt poncs\u00f3 s\u00f6t\u00e9t \u00f6rv\u00e9nyl\u0151 mint\u00e1kkal van d\u00edsz\u00edtve, amelyek feldobj\u00e1k alkalmi, m\u00e9gis eleg\u00e1ns vonzerej\u00e9t. J\u00e1t\u00e9kos rojtos szeg\u00e9llyel \u00e9s k\u00e9nyelmes, laza szab\u00e1ssal kieg\u00e9sz\u00edtve t\u00f6k\u00e9letes a r\u00e9teges viselethez a tavaszi \u00e9s \u0151szi napokon. Kiemelje ruhat\u00e1r\u00e1t ezzel a sokoldal\u00fa \u00e9s st\u00edlusos darabbal, amely \u00edg\u00e9ri, hogy melegen tart, mik\u00f6zben biztos\u00edtja, hogy a divat \u00e9lvonal\u00e1ban maradjon.<\/p>\n<div>St\u00edlus: .<\/div>\n<div>Illeszked\u00e9s: .<\/div>\n<div>Sz\u00f6vet: Akril<\/div>\n<div>Mint\u00e1zat: Nyomtatott<\/div>\n<div>Elem: Fringe<\/div>\n<div>Top Hossz\u00fas\u00e1g: Hossz\u00fa<\/div>\n<div>Nyakkiv\u00e1g\u00e1s: Egy\u00e9b<\/div>\n<div>H\u00fcvely t\u00edpusa: H\u00fcvely: Dolman ujj<\/div>\n<div>H\u00fcvely hossza: Hossz\u00fa ujj\u00fa<\/div>\n<div>F\u0151 \u00f6sszet\u00e9tel: Akril<\/div>\n<div>Szezon: Tavaszi\/\u0151szi<\/div>\n<p><img decoding=\"async\" src=\"https:\/\/ozponcho.com.au\/wp-content\/uploads\/2024\/03\/978333003841273856.png\" \/><img decoding=\"async\" src=\"https:\/\/ozponcho.com.au\/wp-content\/uploads\/2024\/03\/O1CN01TdIpGd1HIfp6n2t9a_2331630735-0-cib.jpg\" \/><img decoding=\"async\" src=\"https:\/\/ozponcho.com.au\/wp-content\/uploads\/2024\/03\/O1CN019qymZf1HIfpGTFEAa_2331630735-0-cib.jpg\" \/><img decoding=\"async\" src=\"https:\/\/ozponcho.com.au\/wp-content\/uploads\/2024\/03\/O1CN01Asghpz1HIfpKQIxtc_2331630735-0-cib.jpg\" \/><img decoding=\"async\" src=\"https:\/\/ozponcho.com.au\/wp-content\/uploads\/2024\/03\/O1CN01q7XNIL1HIfpFp9VJM_2331630735-0-cib.jpg\" \/><img decoding=\"async\" src=\"https:\/\/ozponcho.com.au\/wp-content\/uploads\/2024\/03\/O1CN01RHWpQl1HIfpMKWR3m_2331630735-0-cib.jpg\" \/><img decoding=\"async\" src=\"https:\/\/ozponcho.com.au\/wp-content\/uploads\/2024\/03\/O1CN016XEQ8v1HIfpLZQDdB_2331630735-0-cib.jpg\" \/><\/p>","protected":false},"excerpt":{"rendered":"<p>Embrace the epitome of autumn elegance with our cozy taupe poncho, framed by a luxurious faux fur collar. Crafted from sumptuously soft acrylic, this poncho is adorned with dark swirl patterns that elevate its casual yet chic appeal. Complete with a playful fringed hem and a comfortable loose fit, it&#8217;s perfect for layering during those [&#8230;]","protected":false},"featured_media":13843,"template":"","meta":[],"product_brand":[],"product_cat":[226,216,218,225,15,230,228,210],"product_tag":[],"class_list":{"0":"post-13884","1":"product","2":"type-product","3":"status-publish","4":"has-post-thumbnail","6":"product_cat-brown-poncho","7":"product_cat-cashmere-poncho","8":"product_cat-fur-poncho","9":"product_cat-grey-poncho","10":"product_cat-main-category","11":"product_cat-poncho-dress","12":"product_cat-poncho-sweater","13":"product_cat-poncho-women","15":"first","16":"outofstock","17":"shipping-taxable","18":"purchasable","19":"product-type-variable"},"yoast_head":"<!-- This site is optimized with the Yoast SEO plugin v25.9 - https:\/\/yoast.com\/wordpress\/plugins\/seo\/ -->\n<title>Autumn Tassel Fur Poncho | Magyarorsz\u00e1g #1 Poncho Shop<\/title>\n<meta name=\"description\" content=\"Looking for a Autumn Tassel Fur Poncho ? You&#039;ve come to the right place \ud83d\ude04 We offers a wide selection of Autumn Tassel Fur Poncho, perfect for you.\" \/>\n<meta name=\"robots\" content=\"index, follow, max-snippet:-1, max-image-preview:large, max-video-preview:-1\" \/>\n<link rel=\"canonical\" href=\"https:\/\/ozponcho.com.au\/hu\/p\/rojtos-akril-kendo-kopeny\/\" \/>\n<meta property=\"og:locale\" content=\"hu_HU\" \/>\n<meta property=\"og:type\" content=\"article\" \/>\n<meta property=\"og:title\" content=\"Autumn Tassel Fur Poncho | Magyarorsz\u00e1g #1 Poncho Shop\" \/>\n<meta property=\"og:description\" content=\"Looking for a Autumn Tassel Fur Poncho ? You&#039;ve come to the right place \ud83d\ude04 We offers a wide selection of Autumn Tassel Fur Poncho, perfect for you.\" \/>\n<meta property=\"og:url\" content=\"https:\/\/ozponcho.com.au\/hu\/p\/rojtos-akril-kendo-kopeny\/\" \/>\n<meta property=\"og:site_name\" content=\"OZ Poncho\" \/>\n<meta property=\"article:modified_time\" content=\"2024-04-19T07:39:17+00:00\" \/>\n<meta property=\"og:image\" content=\"https:\/\/ozponcho.com.au\/wp-content\/uploads\/2023\/12\/O1CN012JH03V1HIfpMKWEcT_2331630735-0-cib.jpg\" \/>\n\t<meta property=\"og:image:width\" content=\"1340\" \/>\n\t<meta property=\"og:image:height\" content=\"1785\" \/>\n\t<meta property=\"og:image:type\" content=\"image\/jpeg\" \/>\n<meta name=\"twitter:card\" content=\"summary_large_image\" \/>\n<meta name=\"twitter:label1\" content=\"Becs\u00fclt olvas\u00e1si id\u0151\" \/>\n\t<meta name=\"twitter:data1\" content=\"3 perc\" \/>\n<script type=\"application\/ld+json\" class=\"yoast-schema-graph\">{\"@context\":\"https:\/\/schema.org\",\"@graph\":[{\"@type\":\"WebPage\",\"@id\":\"https:\/\/ozponcho.com.au\/p\/fringe-acrylic-shawl-cloak\/\",\"url\":\"https:\/\/ozponcho.com.au\/p\/fringe-acrylic-shawl-cloak\/\",\"name\":\"Autumn Tassel Fur Poncho | Magyarorsz\u00e1g #1 Poncho Shop\",\"isPartOf\":{\"@id\":\"https:\/\/ozponcho.com.au\/#website\"},\"primaryImageOfPage\":{\"@id\":\"https:\/\/ozponcho.com.au\/p\/fringe-acrylic-shawl-cloak\/#primaryimage\"},\"image\":{\"@id\":\"https:\/\/ozponcho.com.au\/p\/fringe-acrylic-shawl-cloak\/#primaryimage\"},\"thumbnailUrl\":\"https:\/\/ozponcho.com.au\/wp-content\/uploads\/2023\/12\/O1CN012JH03V1HIfpMKWEcT_2331630735-0-cib.jpg\",\"datePublished\":\"2023-12-13T07:41:35+00:00\",\"dateModified\":\"2024-04-19T07:39:17+00:00\",\"description\":\"Looking for a Autumn Tassel Fur Poncho ? You've come to the right place \ud83d\ude04 We offers a wide selection of Autumn Tassel Fur Poncho, perfect for you.\",\"breadcrumb\":{\"@id\":\"https:\/\/ozponcho.com.au\/p\/fringe-acrylic-shawl-cloak\/#breadcrumb\"},\"inLanguage\":\"hu\",\"potentialAction\":[{\"@type\":\"ReadAction\",\"target\":[\"https:\/\/ozponcho.com.au\/p\/fringe-acrylic-shawl-cloak\/\"]}]},{\"@type\":\"ImageObject\",\"inLanguage\":\"hu\",\"@id\":\"https:\/\/ozponcho.com.au\/p\/fringe-acrylic-shawl-cloak\/#primaryimage\",\"url\":\"https:\/\/ozponcho.com.au\/wp-content\/uploads\/2023\/12\/O1CN012JH03V1HIfpMKWEcT_2331630735-0-cib.jpg\",\"contentUrl\":\"https:\/\/ozponcho.com.au\/wp-content\/uploads\/2023\/12\/O1CN012JH03V1HIfpMKWEcT_2331630735-0-cib.jpg\",\"width\":1340,\"height\":1785,\"caption\":\"Autumn Tassel Fur Poncho\"},{\"@type\":\"BreadcrumbList\",\"@id\":\"https:\/\/ozponcho.com.au\/p\/fringe-acrylic-shawl-cloak\/#breadcrumb\",\"itemListElement\":[{\"@type\":\"ListItem\",\"position\":1,\"name\":\"Home\",\"item\":\"https:\/\/ozponcho.com.au\/\"},{\"@type\":\"ListItem\",\"position\":2,\"name\":\"Shop\",\"item\":\"https:\/\/ozponcho.com.au\/shop\/\"},{\"@type\":\"ListItem\",\"position\":3,\"name\":\"Autumn Tassel Fur Poncho\"}]},{\"@type\":\"WebSite\",\"@id\":\"https:\/\/ozponcho.com.au\/#website\",\"url\":\"https:\/\/ozponcho.com.au\/\",\"name\":\"OZ Poncho\",\"description\":\"\",\"potentialAction\":[{\"@type\":\"SearchAction\",\"target\":{\"@type\":\"EntryPoint\",\"urlTemplate\":\"https:\/\/ozponcho.com.au\/?s={search_term_string}\"},\"query-input\":{\"@type\":\"PropertyValueSpecification\",\"valueRequired\":true,\"valueName\":\"search_term_string\"}}],\"inLanguage\":\"hu\"}]}<\/script>\n<!-- \/ Yoast SEO plugin. -->","yoast_head_json":{"title":"\u0150szi rojtos sz\u0151rme poncs\u00f3 | Magyarorsz\u00e1g #1 Poncho Shop","description":"\u0150szi bojtos sz\u0151rme poncs\u00f3t keres ? A legjobb helyre j\u00f6tt\u00e9l \ud83d\ude04 \u0150szi bojtos sz\u0151rmeponcs\u00f3 sz\u00e9les v\u00e1laszt\u00e9k\u00e1t k\u00edn\u00e1ljuk, t\u00f6k\u00e9letes az \u00d6n sz\u00e1m\u00e1ra.","robots":{"index":"index","follow":"follow","max-snippet":"max-snippet:-1","max-image-preview":"max-image-preview:large","max-video-preview":"max-video-preview:-1"},"canonical":"https:\/\/ozponcho.com.au\/hu\/p\/rojtos-akril-kendo-kopeny\/","og_locale":"hu_HU","og_type":"article","og_title":"Autumn Tassel Fur Poncho | Magyarorsz\u00e1g #1 Poncho Shop","og_description":"Looking for a Autumn Tassel Fur Poncho ? You've come to the right place \ud83d\ude04 We offers a wide selection of Autumn Tassel Fur Poncho, perfect for you.","og_url":"https:\/\/ozponcho.com.au\/hu\/p\/rojtos-akril-kendo-kopeny\/","og_site_name":"OZ Poncho","article_modified_time":"2024-04-19T07:39:17+00:00","og_image":[{"width":1340,"height":1785,"url":"https:\/\/ozponcho.com.au\/wp-content\/uploads\/2023\/12\/O1CN012JH03V1HIfpMKWEcT_2331630735-0-cib.jpg","type":"image\/jpeg"}],"twitter_card":"summary_large_image","twitter_misc":{"Becs\u00fclt olvas\u00e1si id\u0151":"3 perc"},"schema":{"@context":"https:\/\/schema.org","@graph":[{"@type":"WebPage","@id":"https:\/\/ozponcho.com.au\/p\/fringe-acrylic-shawl-cloak\/","url":"https:\/\/ozponcho.com.au\/p\/fringe-acrylic-shawl-cloak\/","name":"\u0150szi rojtos sz\u0151rme poncs\u00f3 | Magyarorsz\u00e1g #1 Poncho Shop","isPartOf":{"@id":"https:\/\/ozponcho.com.au\/#website"},"primaryImageOfPage":{"@id":"https:\/\/ozponcho.com.au\/p\/fringe-acrylic-shawl-cloak\/#primaryimage"},"image":{"@id":"https:\/\/ozponcho.com.au\/p\/fringe-acrylic-shawl-cloak\/#primaryimage"},"thumbnailUrl":"https:\/\/ozponcho.com.au\/wp-content\/uploads\/2023\/12\/O1CN012JH03V1HIfpMKWEcT_2331630735-0-cib.jpg","datePublished":"2023-12-13T07:41:35+00:00","dateModified":"2024-04-19T07:39:17+00:00","description":"\u0150szi bojtos sz\u0151rme poncs\u00f3t keres ? A legjobb helyre j\u00f6tt\u00e9l \ud83d\ude04 \u0150szi bojtos sz\u0151rmeponcs\u00f3 sz\u00e9les v\u00e1laszt\u00e9k\u00e1t k\u00edn\u00e1ljuk, t\u00f6k\u00e9letes az \u00d6n sz\u00e1m\u00e1ra.","breadcrumb":{"@id":"https:\/\/ozponcho.com.au\/p\/fringe-acrylic-shawl-cloak\/#breadcrumb"},"inLanguage":"hu","potentialAction":[{"@type":"ReadAction","target":["https:\/\/ozponcho.com.au\/p\/fringe-acrylic-shawl-cloak\/"]}]},{"@type":"ImageObject","inLanguage":"hu","@id":"https:\/\/ozponcho.com.au\/p\/fringe-acrylic-shawl-cloak\/#primaryimage","url":"https:\/\/ozponcho.com.au\/wp-content\/uploads\/2023\/12\/O1CN012JH03V1HIfpMKWEcT_2331630735-0-cib.jpg","contentUrl":"https:\/\/ozponcho.com.au\/wp-content\/uploads\/2023\/12\/O1CN012JH03V1HIfpMKWEcT_2331630735-0-cib.jpg","width":1340,"height":1785,"caption":"Autumn Tassel Fur Poncho"},{"@type":"BreadcrumbList","@id":"https:\/\/ozponcho.com.au\/p\/fringe-acrylic-shawl-cloak\/#breadcrumb","itemListElement":[{"@type":"ListItem","position":1,"name":"Home","item":"https:\/\/ozponcho.com.au\/"},{"@type":"ListItem","position":2,"name":"Shop","item":"https:\/\/ozponcho.com.au\/shop\/"},{"@type":"ListItem","position":3,"name":"Autumn Tassel Fur Poncho"}]},{"@type":"WebSite","@id":"https:\/\/ozponcho.com.au\/#website","url":"https:\/\/ozponcho.com.au\/","name":"OZ Poncho","description":"","potentialAction":[{"@type":"SearchAction","target":{"@type":"EntryPoint","urlTemplate":"https:\/\/ozponcho.com.au\/?s={search_term_string}"},"query-input":{"@type":"PropertyValueSpecification","valueRequired":true,"valueName":"search_term_string"}}],"inLanguage":"hu"}]}},"_links":{"self":[{"href":"https:\/\/ozponcho.com.au\/hu\/wp-json\/wp\/v2\/product\/13884","targetHints":{"allow":["GET"]}}],"collection":[{"href":"https:\/\/ozponcho.com.au\/hu\/wp-json\/wp\/v2\/product"}],"about":[{"href":"https:\/\/ozponcho.com.au\/hu\/wp-json\/wp\/v2\/types\/product"}],"wp:featuredmedia":[{"embeddable":true,"href":"https:\/\/ozponcho.com.au\/hu\/wp-json\/wp\/v2\/media\/13843"}],"wp:attachment":[{"href":"https:\/\/ozponcho.com.au\/hu\/wp-json\/wp\/v2\/media?parent=13884"}],"wp:term":[{"taxonomy":"product_brand","embeddable":true,"href":"https:\/\/ozponcho.com.au\/hu\/wp-json\/wp\/v2\/product_brand?post=13884"},{"taxonomy":"product_cat","embeddable":true,"href":"https:\/\/ozponcho.com.au\/hu\/wp-json\/wp\/v2\/product_cat?post=13884"},{"taxonomy":"product_tag","embeddable":true,"href":"https:\/\/ozponcho.com.au\/hu\/wp-json\/wp\/v2\/product_tag?post=13884"}],"curies":[{"name":"wp","href":"https:\/\/api.w.org\/{rel}","templated":true}]}}