{"id":13798,"date":"2023-12-13T18:40:58","date_gmt":"2023-12-13T07:40:58","guid":{"rendered":"https:\/\/ozponcho.com.au\/p\/sweater-women-autumn-winter-strapless-lace-up-pullover-sweater\/"},"modified":"2024-04-19T18:39:36","modified_gmt":"2024-04-19T07:39:36","slug":"womens-casual-green-knitted-poncho","status":"publish","type":"product","link":"https:\/\/ozponcho.com.au\/hu\/p\/noi-alkalmi-zold-kotott-poncso\/","title":{"rendered":"Z\u00f6ld Poncho csipk\u00e9s pul\u00f3ver"},"content":{"rendered":"<p>A k\u00e9nyelem \u00e9s a st\u00edlus t\u00f6k\u00e9letes kever\u00e9ke ez a mohaz\u00f6ld poncs\u00f3 pul\u00f3ver, amelyet a modern n\u0151k sz\u00e1m\u00e1ra terveztek. A laza, p\u00e1nt n\u00e9lk\u00fcli kialak\u00edt\u00e1s v\u00e1ll n\u00e9lk\u00fcli megjelen\u00e9st k\u00edn\u00e1l, amely k\u00f6nnyed eleganci\u00e1t sug\u00e1roz. A hossz\u00fa ujjakkal \u00e9s egyedi, csipk\u00e9s h\u00e1tr\u00e9sszel ell\u00e1tott pul\u00f3ver hangulatos, m\u00e9gis eleg\u00e1ns elemet biztos\u00edt az \u0151szi \u00e9s t\u00e9li ruhat\u00e1radhoz. Puha jersey akrilb\u00f3l k\u00e9sz\u00fclt, ide\u00e1lis v\u00e1laszt\u00e1s azok sz\u00e1m\u00e1ra, akik egyszerre keresik a meleget \u00e9s a divatot. Ne hagyja ki ezt a n\u00e9lk\u00fcl\u00f6zhetetlen darabot, amely biztosan a szezon\u00e1lis \u00f6lt\u00f6z\u00e9k\u00e9nek f\u00e9nypontja lesz.<\/p>\n<div>St\u00edlus: .<\/div>\n<div>Illeszked\u00e9s: .<\/div>\n<div>Sz\u00f6vet: Jersey<\/div>\n<div>Mint\u00e1zat: Egysz\u00edn\u0171<\/div>\n<div>Elem: F\u0171z\u0151s<\/div>\n<div>Top Hossz\u00fas\u00e1g: .<\/div>\n<div>Nyakkiv\u00e1g\u00e1s: Nyakkiv\u00e1g\u00e1s: Crew nyakkiv\u00e1g\u00e1s<\/div>\n<div>H\u00fcvely t\u00edpusa: Szab\u00e1lyos<\/div>\n<div>H\u00fcvely hossza: Hossz\u00fa ujj\u00fa<\/div>\n<div>F\u0151 \u00f6sszet\u00e9tel: Akril<\/div>\n<div>Szezon: Tavaszi\/\u0151szi<\/div>\n<p><img decoding=\"async\" src=\"https:\/\/ozponcho.com.au\/wp-content\/uploads\/2024\/03\/978399859713245184.png\" \/><img decoding=\"async\" src=\"https:\/\/ozponcho.com.au\/wp-content\/uploads\/2024\/03\/O1CN01gRC6uy1HIfnXDJGuw_2331630735-0-cib.jpg\" \/><img decoding=\"async\" src=\"https:\/\/ozponcho.com.au\/wp-content\/uploads\/2024\/03\/O1CN01N8oLQ01HIfnPpkWaS_2331630735-0-cib.jpg\" \/><img decoding=\"async\" src=\"https:\/\/ozponcho.com.au\/wp-content\/uploads\/2024\/03\/O1CN01CABqVR1HIfnWV3gcA_2331630735-0-cib.jpg\" \/><img decoding=\"async\" src=\"https:\/\/ozponcho.com.au\/wp-content\/uploads\/2024\/03\/O1CN01fLTTse1HIfnPmSlmj_2331630735-0-cib.jpg\" \/><img decoding=\"async\" src=\"https:\/\/ozponcho.com.au\/wp-content\/uploads\/2024\/03\/O1CN01Geo2341HIfnQK4pS6_2331630735-0-cib.jpg\" \/><img decoding=\"async\" src=\"https:\/\/ozponcho.com.au\/wp-content\/uploads\/2024\/03\/O1CN01y3B03g1HIfnH62zbQ_2331630735-0-cib.jpg\" \/><img decoding=\"async\" src=\"https:\/\/ozponcho.com.au\/wp-content\/uploads\/2024\/03\/O1CN01O5ChO21HIfnUy2uH7_2331630735-0-cib.jpg\" \/><img decoding=\"async\" src=\"https:\/\/ozponcho.com.au\/wp-content\/uploads\/2024\/03\/O1CN01pL3SJe1HIfnXDNhNh_2331630735-0-cib.jpg\" \/><\/p>","protected":false},"excerpt":{"rendered":"<p>Embrace the perfect blend of comfort and style with this moss green poncho sweater, designed for the modern woman. The relaxed, strapless design offers an off-the-shoulder look that exudes effortless elegance. Featuring long sleeves and a unique lace-up back, this pullover provides a cozy yet chic element to your autumn and winter wardrobe. Crafted from [&#8230;]","protected":false},"featured_media":13695,"template":"","meta":[],"product_brand":[],"product_cat":[220,15,228,214,210],"product_tag":[],"class_list":{"0":"post-13798","1":"product","2":"type-product","3":"status-publish","4":"has-post-thumbnail","6":"product_cat-green-poncho","7":"product_cat-main-category","8":"product_cat-poncho-sweater","9":"product_cat-knitted-crochet-poncho","10":"product_cat-poncho-women","12":"first","13":"outofstock","14":"shipping-taxable","15":"purchasable","16":"product-type-variable"},"yoast_head":"<!-- This site is optimized with the Yoast SEO plugin v25.9 - https:\/\/yoast.com\/wordpress\/plugins\/seo\/ -->\n<title>Green Poncho Lace-up Sweater | Magyarorsz\u00e1g #1 Poncho Shop<\/title>\n<meta name=\"description\" content=\"Looking for a Green Poncho Lace-up Sweater ? You&#039;ve come to the right place \ud83d\ude04 We offers a wide selection of Green Poncho Lace-up Sweater, perfect for you.\" \/>\n<meta name=\"robots\" content=\"index, follow, max-snippet:-1, max-image-preview:large, max-video-preview:-1\" \/>\n<link rel=\"canonical\" href=\"https:\/\/ozponcho.com.au\/hu\/p\/noi-alkalmi-zold-kotott-poncso\/\" \/>\n<meta property=\"og:locale\" content=\"hu_HU\" \/>\n<meta property=\"og:type\" content=\"article\" \/>\n<meta property=\"og:title\" content=\"Green Poncho Lace-up Sweater | Magyarorsz\u00e1g #1 Poncho Shop\" \/>\n<meta property=\"og:description\" content=\"Looking for a Green Poncho Lace-up Sweater ? You&#039;ve come to the right place \ud83d\ude04 We offers a wide selection of Green Poncho Lace-up Sweater, perfect for you.\" \/>\n<meta property=\"og:url\" content=\"https:\/\/ozponcho.com.au\/hu\/p\/noi-alkalmi-zold-kotott-poncso\/\" \/>\n<meta property=\"og:site_name\" content=\"OZ Poncho\" \/>\n<meta property=\"article:modified_time\" content=\"2024-04-19T07:39:36+00:00\" \/>\n<meta property=\"og:image\" content=\"https:\/\/ozponcho.com.au\/wp-content\/uploads\/2023\/12\/O1CN014nEHcV1HIfnSYF3Fb_2331630735-0-cib.jpg\" \/>\n\t<meta property=\"og:image:width\" content=\"1200\" \/>\n\t<meta property=\"og:image:height\" content=\"1200\" \/>\n\t<meta property=\"og:image:type\" content=\"image\/jpeg\" \/>\n<meta name=\"twitter:card\" content=\"summary_large_image\" \/>\n<meta name=\"twitter:label1\" content=\"Becs\u00fclt olvas\u00e1si id\u0151\" \/>\n\t<meta name=\"twitter:data1\" content=\"3 perc\" \/>\n<script type=\"application\/ld+json\" class=\"yoast-schema-graph\">{\"@context\":\"https:\/\/schema.org\",\"@graph\":[{\"@type\":\"WebPage\",\"@id\":\"https:\/\/ozponcho.com.au\/p\/womens-casual-green-knitted-poncho\/\",\"url\":\"https:\/\/ozponcho.com.au\/p\/womens-casual-green-knitted-poncho\/\",\"name\":\"Green Poncho Lace-up Sweater | Magyarorsz\u00e1g #1 Poncho Shop\",\"isPartOf\":{\"@id\":\"https:\/\/ozponcho.com.au\/#website\"},\"primaryImageOfPage\":{\"@id\":\"https:\/\/ozponcho.com.au\/p\/womens-casual-green-knitted-poncho\/#primaryimage\"},\"image\":{\"@id\":\"https:\/\/ozponcho.com.au\/p\/womens-casual-green-knitted-poncho\/#primaryimage\"},\"thumbnailUrl\":\"https:\/\/ozponcho.com.au\/wp-content\/uploads\/2023\/12\/O1CN014nEHcV1HIfnSYF3Fb_2331630735-0-cib.jpg\",\"datePublished\":\"2023-12-13T07:40:58+00:00\",\"dateModified\":\"2024-04-19T07:39:36+00:00\",\"description\":\"Looking for a Green Poncho Lace-up Sweater ? You've come to the right place \ud83d\ude04 We offers a wide selection of Green Poncho Lace-up Sweater, perfect for you.\",\"breadcrumb\":{\"@id\":\"https:\/\/ozponcho.com.au\/p\/womens-casual-green-knitted-poncho\/#breadcrumb\"},\"inLanguage\":\"hu\",\"potentialAction\":[{\"@type\":\"ReadAction\",\"target\":[\"https:\/\/ozponcho.com.au\/p\/womens-casual-green-knitted-poncho\/\"]}]},{\"@type\":\"ImageObject\",\"inLanguage\":\"hu\",\"@id\":\"https:\/\/ozponcho.com.au\/p\/womens-casual-green-knitted-poncho\/#primaryimage\",\"url\":\"https:\/\/ozponcho.com.au\/wp-content\/uploads\/2023\/12\/O1CN014nEHcV1HIfnSYF3Fb_2331630735-0-cib.jpg\",\"contentUrl\":\"https:\/\/ozponcho.com.au\/wp-content\/uploads\/2023\/12\/O1CN014nEHcV1HIfnSYF3Fb_2331630735-0-cib.jpg\",\"width\":1200,\"height\":1200,\"caption\":\"Green Poncho Lace-up Sweater\"},{\"@type\":\"BreadcrumbList\",\"@id\":\"https:\/\/ozponcho.com.au\/p\/womens-casual-green-knitted-poncho\/#breadcrumb\",\"itemListElement\":[{\"@type\":\"ListItem\",\"position\":1,\"name\":\"Home\",\"item\":\"https:\/\/ozponcho.com.au\/\"},{\"@type\":\"ListItem\",\"position\":2,\"name\":\"Shop\",\"item\":\"https:\/\/ozponcho.com.au\/shop\/\"},{\"@type\":\"ListItem\",\"position\":3,\"name\":\"Green Poncho Lace-up Sweater\"}]},{\"@type\":\"WebSite\",\"@id\":\"https:\/\/ozponcho.com.au\/#website\",\"url\":\"https:\/\/ozponcho.com.au\/\",\"name\":\"OZ Poncho\",\"description\":\"\",\"potentialAction\":[{\"@type\":\"SearchAction\",\"target\":{\"@type\":\"EntryPoint\",\"urlTemplate\":\"https:\/\/ozponcho.com.au\/?s={search_term_string}\"},\"query-input\":{\"@type\":\"PropertyValueSpecification\",\"valueRequired\":true,\"valueName\":\"search_term_string\"}}],\"inLanguage\":\"hu\"}]}<\/script>\n<!-- \/ Yoast SEO plugin. -->","yoast_head_json":{"title":"Z\u00f6ld Poncs\u00f3 Csipk\u00e9s pul\u00f3ver | Magyarorsz\u00e1g #1 Poncs\u00f3 Shop","description":"Z\u00f6ld Ponch\u00f3s csipk\u00e9s pul\u00f3vert keresel ? A legjobb helyen j\u00e1rsz \ud83d\ude04 Z\u00f6ld Poncho Lace-up pul\u00f3ver sz\u00e9les v\u00e1laszt\u00e9k\u00e1t k\u00edn\u00e1ljuk, t\u00f6k\u00e9letes az \u00d6n sz\u00e1m\u00e1ra.","robots":{"index":"index","follow":"follow","max-snippet":"max-snippet:-1","max-image-preview":"max-image-preview:large","max-video-preview":"max-video-preview:-1"},"canonical":"https:\/\/ozponcho.com.au\/hu\/p\/noi-alkalmi-zold-kotott-poncso\/","og_locale":"hu_HU","og_type":"article","og_title":"Green Poncho Lace-up Sweater | Magyarorsz\u00e1g #1 Poncho Shop","og_description":"Looking for a Green Poncho Lace-up Sweater ? You've come to the right place \ud83d\ude04 We offers a wide selection of Green Poncho Lace-up Sweater, perfect for you.","og_url":"https:\/\/ozponcho.com.au\/hu\/p\/noi-alkalmi-zold-kotott-poncso\/","og_site_name":"OZ Poncho","article_modified_time":"2024-04-19T07:39:36+00:00","og_image":[{"width":1200,"height":1200,"url":"https:\/\/ozponcho.com.au\/wp-content\/uploads\/2023\/12\/O1CN014nEHcV1HIfnSYF3Fb_2331630735-0-cib.jpg","type":"image\/jpeg"}],"twitter_card":"summary_large_image","twitter_misc":{"Becs\u00fclt olvas\u00e1si id\u0151":"3 perc"},"schema":{"@context":"https:\/\/schema.org","@graph":[{"@type":"WebPage","@id":"https:\/\/ozponcho.com.au\/p\/womens-casual-green-knitted-poncho\/","url":"https:\/\/ozponcho.com.au\/p\/womens-casual-green-knitted-poncho\/","name":"Z\u00f6ld Poncs\u00f3 Csipk\u00e9s pul\u00f3ver | Magyarorsz\u00e1g #1 Poncs\u00f3 Shop","isPartOf":{"@id":"https:\/\/ozponcho.com.au\/#website"},"primaryImageOfPage":{"@id":"https:\/\/ozponcho.com.au\/p\/womens-casual-green-knitted-poncho\/#primaryimage"},"image":{"@id":"https:\/\/ozponcho.com.au\/p\/womens-casual-green-knitted-poncho\/#primaryimage"},"thumbnailUrl":"https:\/\/ozponcho.com.au\/wp-content\/uploads\/2023\/12\/O1CN014nEHcV1HIfnSYF3Fb_2331630735-0-cib.jpg","datePublished":"2023-12-13T07:40:58+00:00","dateModified":"2024-04-19T07:39:36+00:00","description":"Z\u00f6ld Ponch\u00f3s csipk\u00e9s pul\u00f3vert keresel ? A legjobb helyen j\u00e1rsz \ud83d\ude04 Z\u00f6ld Poncho Lace-up pul\u00f3ver sz\u00e9les v\u00e1laszt\u00e9k\u00e1t k\u00edn\u00e1ljuk, t\u00f6k\u00e9letes az \u00d6n sz\u00e1m\u00e1ra.","breadcrumb":{"@id":"https:\/\/ozponcho.com.au\/p\/womens-casual-green-knitted-poncho\/#breadcrumb"},"inLanguage":"hu","potentialAction":[{"@type":"ReadAction","target":["https:\/\/ozponcho.com.au\/p\/womens-casual-green-knitted-poncho\/"]}]},{"@type":"ImageObject","inLanguage":"hu","@id":"https:\/\/ozponcho.com.au\/p\/womens-casual-green-knitted-poncho\/#primaryimage","url":"https:\/\/ozponcho.com.au\/wp-content\/uploads\/2023\/12\/O1CN014nEHcV1HIfnSYF3Fb_2331630735-0-cib.jpg","contentUrl":"https:\/\/ozponcho.com.au\/wp-content\/uploads\/2023\/12\/O1CN014nEHcV1HIfnSYF3Fb_2331630735-0-cib.jpg","width":1200,"height":1200,"caption":"Green Poncho Lace-up Sweater"},{"@type":"BreadcrumbList","@id":"https:\/\/ozponcho.com.au\/p\/womens-casual-green-knitted-poncho\/#breadcrumb","itemListElement":[{"@type":"ListItem","position":1,"name":"Home","item":"https:\/\/ozponcho.com.au\/"},{"@type":"ListItem","position":2,"name":"Shop","item":"https:\/\/ozponcho.com.au\/shop\/"},{"@type":"ListItem","position":3,"name":"Green Poncho Lace-up Sweater"}]},{"@type":"WebSite","@id":"https:\/\/ozponcho.com.au\/#website","url":"https:\/\/ozponcho.com.au\/","name":"OZ Poncho","description":"","potentialAction":[{"@type":"SearchAction","target":{"@type":"EntryPoint","urlTemplate":"https:\/\/ozponcho.com.au\/?s={search_term_string}"},"query-input":{"@type":"PropertyValueSpecification","valueRequired":true,"valueName":"search_term_string"}}],"inLanguage":"hu"}]}},"_links":{"self":[{"href":"https:\/\/ozponcho.com.au\/hu\/wp-json\/wp\/v2\/product\/13798","targetHints":{"allow":["GET"]}}],"collection":[{"href":"https:\/\/ozponcho.com.au\/hu\/wp-json\/wp\/v2\/product"}],"about":[{"href":"https:\/\/ozponcho.com.au\/hu\/wp-json\/wp\/v2\/types\/product"}],"wp:featuredmedia":[{"embeddable":true,"href":"https:\/\/ozponcho.com.au\/hu\/wp-json\/wp\/v2\/media\/13695"}],"wp:attachment":[{"href":"https:\/\/ozponcho.com.au\/hu\/wp-json\/wp\/v2\/media?parent=13798"}],"wp:term":[{"taxonomy":"product_brand","embeddable":true,"href":"https:\/\/ozponcho.com.au\/hu\/wp-json\/wp\/v2\/product_brand?post=13798"},{"taxonomy":"product_cat","embeddable":true,"href":"https:\/\/ozponcho.com.au\/hu\/wp-json\/wp\/v2\/product_cat?post=13798"},{"taxonomy":"product_tag","embeddable":true,"href":"https:\/\/ozponcho.com.au\/hu\/wp-json\/wp\/v2\/product_tag?post=13798"}],"curies":[{"name":"wp","href":"https:\/\/api.w.org\/{rel}","templated":true}]}}