{"id":13681,"date":"2023-12-13T18:40:27","date_gmt":"2023-12-13T07:40:27","guid":{"rendered":"https:\/\/ozponcho.com.au\/p\/sweater-women-mid-length-turtleneck-tassel-cape-shawl-loose-plus-size-knitwear\/"},"modified":"2024-04-19T18:39:46","modified_gmt":"2024-04-19T07:39:46","slug":"turtleneck-fringe-shawl-knitwear","status":"publish","type":"product","link":"https:\/\/ozponcho.com.au\/hu\/p\/garbo-rojtos-salas-kotottaru\/","title":{"rendered":"Tassel k\u00f6t\u00f6tt poncs\u00f3 pul\u00f3ver"},"content":{"rendered":"<p>B\u00fajj melegs\u00e9gbe id\u00e9n \u0151sszel \u00e9s t\u00e9len a mi eleg\u00e1ns Tassel Knit Poncho pul\u00f3ver\u00fcnkkel. A st\u00edlus \u00e9s a k\u00e9nyelem t\u00f6k\u00e9letes kever\u00e9ke, ez a k\u00f6z\u00e9phossz\u00fa garb\u00f3 k\u00f6peny eleg\u00e1ns rojtokkal rendelkezik, amelyek kecsesen hull\u00e1mzanak a szeg\u00e9ly ment\u00e9n. A laza, laza szab\u00e1s biztos\u00edtja a k\u00f6nny\u0171 r\u00e9tegez\u00e9st b\u00e1rmilyen ruhadarab f\u00f6l\u00e9, \u00edgy sokoldal\u00faan kieg\u00e9sz\u00edti a ruhat\u00e1r\u00e1t. Puha akrilb\u00f3l k\u00e9sz\u00fclt, mag\u00e1val ragad\u00f3 mint\u00e1val, amely \u00f6tv\u00f6zi a boh\u00e9m hangulatot a v\u00e1rosi kifinomults\u00e1ggal. Emelje fel a hideg id\u0151j\u00e1r\u00e1s st\u00edlus\u00e1t m\u00e9g ma!<\/p>\n<div>St\u00edlus: .<\/div>\n<div>Illeszked\u00e9s: .<\/div>\n<div>Sz\u00f6vet: Akril<\/div>\n<div>Mint\u00e1zat: Nyomtatott<\/div>\n<div>Elem: Fringe<\/div>\n<div>Top Hossz\u00fas\u00e1g: Hossz\u00fa<\/div>\n<div>Nyakkiv\u00e1g\u00e1s: Nyakkiv\u00e1g\u00e1s: Tekn\u0151c\/magas nyak<\/div>\n<div>H\u00fcvely t\u00edpusa: Egy\u00e9b<\/div>\n<div>H\u00fcvely hossza: Hossz\u00fa ujj\u00fa<\/div>\n<div>F\u0151 \u00f6sszet\u00e9tel: Akril<\/div>\n<div>Szezon: \u0150sz\/T\u00e9l<\/div>\n<p><img decoding=\"async\" src=\"https:\/\/ozponcho.com.au\/wp-content\/uploads\/2024\/03\/976885263160573952.png\" \/><img decoding=\"async\" src=\"https:\/\/ozponcho.com.au\/wp-content\/uploads\/2024\/03\/4085223774_1553896200.jpg\" \/><img decoding=\"async\" src=\"https:\/\/ozponcho.com.au\/wp-content\/uploads\/2024\/03\/4082218101_1553896200.jpg\" \/><img decoding=\"async\" src=\"https:\/\/ozponcho.com.au\/wp-content\/uploads\/2024\/03\/4082215218_1553896200.jpg\" \/><img decoding=\"async\" src=\"https:\/\/ozponcho.com.au\/wp-content\/uploads\/2024\/03\/4085235285_1553896200.jpg\" \/><img decoding=\"async\" src=\"https:\/\/ozponcho.com.au\/wp-content\/uploads\/2024\/03\/4081775543_1553896200.jpg\" \/><img decoding=\"async\" src=\"https:\/\/ozponcho.com.au\/wp-content\/uploads\/2024\/03\/4085229981_1553896200.jpg\" \/><img decoding=\"async\" src=\"https:\/\/ozponcho.com.au\/wp-content\/uploads\/2024\/03\/4082212501_1553896200.jpg\" \/><img decoding=\"async\" src=\"https:\/\/ozponcho.com.au\/wp-content\/uploads\/2024\/03\/4082224441_1553896200.jpg\" \/><img decoding=\"async\" src=\"https:\/\/ozponcho.com.au\/wp-content\/uploads\/2024\/03\/4085247441_1553896200.jpg\" \/><img decoding=\"async\" src=\"https:\/\/ozponcho.com.au\/wp-content\/uploads\/2024\/03\/4082221611_1553896200.jpg\" \/><img decoding=\"async\" src=\"https:\/\/ozponcho.com.au\/wp-content\/uploads\/2024\/03\/4085250205_1553896200.jpg\" \/><img decoding=\"async\" src=\"https:\/\/ozponcho.com.au\/wp-content\/uploads\/2024\/03\/4085244492_1553896200.jpg\" \/><\/p>","protected":false},"excerpt":{"rendered":"<p>Wrap yourself in warmth this fall and winter with our chic Tassel Knit Poncho Sweater. A perfect blend of style and comfort, this mid-length turtleneck cape features an elegant fringe that cascades gracefully along the hem. The loose, relaxed fit ensures easy layering over any outfit, making it a versatile addition to your wardrobe. Crafted [&#8230;]","protected":false},"featured_media":13624,"template":"","meta":[],"product_brand":[],"product_cat":[229,15,228,214,210,221],"product_tag":[],"class_list":{"0":"post-13681","1":"product","2":"type-product","3":"status-publish","4":"has-post-thumbnail","6":"product_cat-blanket-poncho","7":"product_cat-main-category","8":"product_cat-poncho-sweater","9":"product_cat-knitted-crochet-poncho","10":"product_cat-poncho-women","11":"product_cat-red-poncho","13":"first","14":"outofstock","15":"shipping-taxable","16":"purchasable","17":"product-type-variable"},"yoast_head":"<!-- This site is optimized with the Yoast SEO plugin v25.9 - https:\/\/yoast.com\/wordpress\/plugins\/seo\/ -->\n<title>Tassel Knit Poncho Sweater | Magyarorsz\u00e1g #1 Poncho Shop<\/title>\n<meta name=\"description\" content=\"Looking for a Tassel Knit Poncho Sweater ? You&#039;ve come to the right place \ud83d\ude04 We offers a wide selection of Tassel Knit Poncho Sweater, perfect for you.\" \/>\n<meta name=\"robots\" content=\"index, follow, max-snippet:-1, max-image-preview:large, max-video-preview:-1\" \/>\n<link rel=\"canonical\" href=\"https:\/\/ozponcho.com.au\/hu\/p\/garbo-rojtos-salas-kotottaru\/\" \/>\n<meta property=\"og:locale\" content=\"hu_HU\" \/>\n<meta property=\"og:type\" content=\"article\" \/>\n<meta property=\"og:title\" content=\"Tassel Knit Poncho Sweater | Magyarorsz\u00e1g #1 Poncho Shop\" \/>\n<meta property=\"og:description\" content=\"Looking for a Tassel Knit Poncho Sweater ? You&#039;ve come to the right place \ud83d\ude04 We offers a wide selection of Tassel Knit Poncho Sweater, perfect for you.\" \/>\n<meta property=\"og:url\" content=\"https:\/\/ozponcho.com.au\/hu\/p\/garbo-rojtos-salas-kotottaru\/\" \/>\n<meta property=\"og:site_name\" content=\"OZ Poncho\" \/>\n<meta property=\"article:modified_time\" content=\"2024-04-19T07:39:46+00:00\" \/>\n<meta property=\"og:image\" content=\"https:\/\/ozponcho.com.au\/wp-content\/uploads\/2023\/12\/22575733193_1683639712.jpg\" \/>\n\t<meta property=\"og:image:width\" content=\"750\" \/>\n\t<meta property=\"og:image:height\" content=\"750\" \/>\n\t<meta property=\"og:image:type\" content=\"image\/jpeg\" \/>\n<meta name=\"twitter:card\" content=\"summary_large_image\" \/>\n<meta name=\"twitter:label1\" content=\"Becs\u00fclt olvas\u00e1si id\u0151\" \/>\n\t<meta name=\"twitter:data1\" content=\"4 perc\" \/>\n<script type=\"application\/ld+json\" class=\"yoast-schema-graph\">{\"@context\":\"https:\/\/schema.org\",\"@graph\":[{\"@type\":\"WebPage\",\"@id\":\"https:\/\/ozponcho.com.au\/p\/turtleneck-fringe-shawl-knitwear\/\",\"url\":\"https:\/\/ozponcho.com.au\/p\/turtleneck-fringe-shawl-knitwear\/\",\"name\":\"Tassel Knit Poncho Sweater | Magyarorsz\u00e1g #1 Poncho Shop\",\"isPartOf\":{\"@id\":\"https:\/\/ozponcho.com.au\/#website\"},\"primaryImageOfPage\":{\"@id\":\"https:\/\/ozponcho.com.au\/p\/turtleneck-fringe-shawl-knitwear\/#primaryimage\"},\"image\":{\"@id\":\"https:\/\/ozponcho.com.au\/p\/turtleneck-fringe-shawl-knitwear\/#primaryimage\"},\"thumbnailUrl\":\"https:\/\/ozponcho.com.au\/wp-content\/uploads\/2023\/12\/22575733193_1683639712.jpg\",\"datePublished\":\"2023-12-13T07:40:27+00:00\",\"dateModified\":\"2024-04-19T07:39:46+00:00\",\"description\":\"Looking for a Tassel Knit Poncho Sweater ? You've come to the right place \ud83d\ude04 We offers a wide selection of Tassel Knit Poncho Sweater, perfect for you.\",\"breadcrumb\":{\"@id\":\"https:\/\/ozponcho.com.au\/p\/turtleneck-fringe-shawl-knitwear\/#breadcrumb\"},\"inLanguage\":\"hu\",\"potentialAction\":[{\"@type\":\"ReadAction\",\"target\":[\"https:\/\/ozponcho.com.au\/p\/turtleneck-fringe-shawl-knitwear\/\"]}]},{\"@type\":\"ImageObject\",\"inLanguage\":\"hu\",\"@id\":\"https:\/\/ozponcho.com.au\/p\/turtleneck-fringe-shawl-knitwear\/#primaryimage\",\"url\":\"https:\/\/ozponcho.com.au\/wp-content\/uploads\/2023\/12\/22575733193_1683639712.jpg\",\"contentUrl\":\"https:\/\/ozponcho.com.au\/wp-content\/uploads\/2023\/12\/22575733193_1683639712.jpg\",\"width\":750,\"height\":750,\"caption\":\"Tassel Knit Poncho Sweater\"},{\"@type\":\"BreadcrumbList\",\"@id\":\"https:\/\/ozponcho.com.au\/p\/turtleneck-fringe-shawl-knitwear\/#breadcrumb\",\"itemListElement\":[{\"@type\":\"ListItem\",\"position\":1,\"name\":\"Home\",\"item\":\"https:\/\/ozponcho.com.au\/\"},{\"@type\":\"ListItem\",\"position\":2,\"name\":\"Shop\",\"item\":\"https:\/\/ozponcho.com.au\/shop\/\"},{\"@type\":\"ListItem\",\"position\":3,\"name\":\"Tassel Knit Poncho Sweater\"}]},{\"@type\":\"WebSite\",\"@id\":\"https:\/\/ozponcho.com.au\/#website\",\"url\":\"https:\/\/ozponcho.com.au\/\",\"name\":\"OZ Poncho\",\"description\":\"\",\"potentialAction\":[{\"@type\":\"SearchAction\",\"target\":{\"@type\":\"EntryPoint\",\"urlTemplate\":\"https:\/\/ozponcho.com.au\/?s={search_term_string}\"},\"query-input\":{\"@type\":\"PropertyValueSpecification\",\"valueRequired\":true,\"valueName\":\"search_term_string\"}}],\"inLanguage\":\"hu\"}]}<\/script>\n<!-- \/ Yoast SEO plugin. -->","yoast_head_json":{"title":"Tassel k\u00f6t\u00f6tt poncs\u00f3 pul\u00f3ver | Magyarorsz\u00e1g #1 Poncs\u00f3 Shop","description":"Keres egy rojtos k\u00f6t\u00f6tt poncs\u00f3 pul\u00f3vert ? A legjobb helyen j\u00e1rsz \ud83d\ude04 Tassel Knit Poncho Sweater sz\u00e9les v\u00e1laszt\u00e9k\u00e1t k\u00edn\u00e1ljuk, t\u00f6k\u00e9letes az \u00d6n sz\u00e1m\u00e1ra.","robots":{"index":"index","follow":"follow","max-snippet":"max-snippet:-1","max-image-preview":"max-image-preview:large","max-video-preview":"max-video-preview:-1"},"canonical":"https:\/\/ozponcho.com.au\/hu\/p\/garbo-rojtos-salas-kotottaru\/","og_locale":"hu_HU","og_type":"article","og_title":"Tassel Knit Poncho Sweater | Magyarorsz\u00e1g #1 Poncho Shop","og_description":"Looking for a Tassel Knit Poncho Sweater ? You've come to the right place \ud83d\ude04 We offers a wide selection of Tassel Knit Poncho Sweater, perfect for you.","og_url":"https:\/\/ozponcho.com.au\/hu\/p\/garbo-rojtos-salas-kotottaru\/","og_site_name":"OZ Poncho","article_modified_time":"2024-04-19T07:39:46+00:00","og_image":[{"width":750,"height":750,"url":"https:\/\/ozponcho.com.au\/wp-content\/uploads\/2023\/12\/22575733193_1683639712.jpg","type":"image\/jpeg"}],"twitter_card":"summary_large_image","twitter_misc":{"Becs\u00fclt olvas\u00e1si id\u0151":"4 perc"},"schema":{"@context":"https:\/\/schema.org","@graph":[{"@type":"WebPage","@id":"https:\/\/ozponcho.com.au\/p\/turtleneck-fringe-shawl-knitwear\/","url":"https:\/\/ozponcho.com.au\/p\/turtleneck-fringe-shawl-knitwear\/","name":"Tassel k\u00f6t\u00f6tt poncs\u00f3 pul\u00f3ver | Magyarorsz\u00e1g #1 Poncs\u00f3 Shop","isPartOf":{"@id":"https:\/\/ozponcho.com.au\/#website"},"primaryImageOfPage":{"@id":"https:\/\/ozponcho.com.au\/p\/turtleneck-fringe-shawl-knitwear\/#primaryimage"},"image":{"@id":"https:\/\/ozponcho.com.au\/p\/turtleneck-fringe-shawl-knitwear\/#primaryimage"},"thumbnailUrl":"https:\/\/ozponcho.com.au\/wp-content\/uploads\/2023\/12\/22575733193_1683639712.jpg","datePublished":"2023-12-13T07:40:27+00:00","dateModified":"2024-04-19T07:39:46+00:00","description":"Keres egy rojtos k\u00f6t\u00f6tt poncs\u00f3 pul\u00f3vert ? A legjobb helyen j\u00e1rsz \ud83d\ude04 Tassel Knit Poncho Sweater sz\u00e9les v\u00e1laszt\u00e9k\u00e1t k\u00edn\u00e1ljuk, t\u00f6k\u00e9letes az \u00d6n sz\u00e1m\u00e1ra.","breadcrumb":{"@id":"https:\/\/ozponcho.com.au\/p\/turtleneck-fringe-shawl-knitwear\/#breadcrumb"},"inLanguage":"hu","potentialAction":[{"@type":"ReadAction","target":["https:\/\/ozponcho.com.au\/p\/turtleneck-fringe-shawl-knitwear\/"]}]},{"@type":"ImageObject","inLanguage":"hu","@id":"https:\/\/ozponcho.com.au\/p\/turtleneck-fringe-shawl-knitwear\/#primaryimage","url":"https:\/\/ozponcho.com.au\/wp-content\/uploads\/2023\/12\/22575733193_1683639712.jpg","contentUrl":"https:\/\/ozponcho.com.au\/wp-content\/uploads\/2023\/12\/22575733193_1683639712.jpg","width":750,"height":750,"caption":"Tassel Knit Poncho Sweater"},{"@type":"BreadcrumbList","@id":"https:\/\/ozponcho.com.au\/p\/turtleneck-fringe-shawl-knitwear\/#breadcrumb","itemListElement":[{"@type":"ListItem","position":1,"name":"Home","item":"https:\/\/ozponcho.com.au\/"},{"@type":"ListItem","position":2,"name":"Shop","item":"https:\/\/ozponcho.com.au\/shop\/"},{"@type":"ListItem","position":3,"name":"Tassel Knit Poncho Sweater"}]},{"@type":"WebSite","@id":"https:\/\/ozponcho.com.au\/#website","url":"https:\/\/ozponcho.com.au\/","name":"OZ Poncho","description":"","potentialAction":[{"@type":"SearchAction","target":{"@type":"EntryPoint","urlTemplate":"https:\/\/ozponcho.com.au\/?s={search_term_string}"},"query-input":{"@type":"PropertyValueSpecification","valueRequired":true,"valueName":"search_term_string"}}],"inLanguage":"hu"}]}},"_links":{"self":[{"href":"https:\/\/ozponcho.com.au\/hu\/wp-json\/wp\/v2\/product\/13681","targetHints":{"allow":["GET"]}}],"collection":[{"href":"https:\/\/ozponcho.com.au\/hu\/wp-json\/wp\/v2\/product"}],"about":[{"href":"https:\/\/ozponcho.com.au\/hu\/wp-json\/wp\/v2\/types\/product"}],"wp:featuredmedia":[{"embeddable":true,"href":"https:\/\/ozponcho.com.au\/hu\/wp-json\/wp\/v2\/media\/13624"}],"wp:attachment":[{"href":"https:\/\/ozponcho.com.au\/hu\/wp-json\/wp\/v2\/media?parent=13681"}],"wp:term":[{"taxonomy":"product_brand","embeddable":true,"href":"https:\/\/ozponcho.com.au\/hu\/wp-json\/wp\/v2\/product_brand?post=13681"},{"taxonomy":"product_cat","embeddable":true,"href":"https:\/\/ozponcho.com.au\/hu\/wp-json\/wp\/v2\/product_cat?post=13681"},{"taxonomy":"product_tag","embeddable":true,"href":"https:\/\/ozponcho.com.au\/hu\/wp-json\/wp\/v2\/product_tag?post=13681"}],"curies":[{"name":"wp","href":"https:\/\/api.w.org\/{rel}","templated":true}]}}