{"id":13652,"date":"2023-12-13T18:40:21","date_gmt":"2023-12-13T07:40:21","guid":{"rendered":"https:\/\/ozponcho.com.au\/p\/autumn-winter-fur-collar-plaid-frayed-cardigan-shawl-knitted-coat\/"},"modified":"2024-04-19T19:21:56","modified_gmt":"2024-04-19T08:21:56","slug":"elegant-winter-check-shawl","status":"publish","type":"product","link":"https:\/\/ozponcho.com.au\/hu\/p\/elegans-teli-kockas-sal\/","title":{"rendered":"R\u00e9teges sz\u0151rm\u00e9s poncs\u00f3 kab\u00e1t"},"content":{"rendered":"<p>Fogadd el az \u0151szi \u00e9s t\u00e9li hideget a kifinomult kock\u00e1s sz\u0151rm\u00e9s poncs\u00f3 kab\u00e1tunkkal. Ez a darab \u00f6tv\u00f6zi az alkalmi k\u00e9nyelmet a magas sz\u00ednvonal\u00fa st\u00edlussal, felt\u0171n\u0151 piros-fekete kock\u00e1s mint\u00e1val. A pl\u00fcss bord\u00f3 m\u0171sz\u0151rme gall\u00e9r luxus\u00e9rzetet ny\u00fajt, mik\u00f6zben extra meleget biztos\u00edt. A puha jersey-akril anyagb\u00f3l k\u00e9sz\u00fclt, k\u00e9nyelmes, laza szab\u00e1s\u00fa \u00e9s hossz\u00fa ujj\u00fa kab\u00e1t sokoldal\u00faan kieg\u00e9sz\u00edti ruhat\u00e1r\u00e1t. Ez a poncs\u00f3 t\u00f6k\u00e9letes a r\u00e9teges \u00f6lt\u00f6zk\u00f6d\u00e9shez, \u00edgy a hidegebb h\u00f3napokban is otthonos \u00e9s divatos marad.<\/p>\n<div>St\u00edlus: .<\/div>\n<div>Illeszked\u00e9s: .<\/div>\n<div>Sz\u00f6vet: Jersey<\/div>\n<div>Mint\u00e1zat: .<\/div>\n<div>Elem: Nem<\/div>\n<div>Top Hossz\u00fas\u00e1g: Hossz\u00fa<\/div>\n<div>Nyakkiv\u00e1g\u00e1s: Nyakkiv\u00e1g\u00e1s: Crew nyakkiv\u00e1g\u00e1s<\/div>\n<div>H\u00fcvely t\u00edpusa: Szab\u00e1lyos<\/div>\n<div>H\u00fcvely hossza: Hossz\u00fa ujj\u00fa<\/div>\n<div>F\u0151 \u00f6sszet\u00e9tel: Akril<\/div>\n<div>Szezon: \u0150sz\/T\u00e9l<\/div>\n<p><img decoding=\"async\" src=\"https:\/\/ozponcho.com.au\/wp-content\/uploads\/2024\/03\/1148985387683676160.png\" \/><img decoding=\"async\" src=\"https:\/\/ozponcho.com.au\/wp-content\/uploads\/2024\/03\/O1CN01jV1kRc1HIfysc8zfQ_2331630735-0-cib.jpg\" \/><img decoding=\"async\" src=\"https:\/\/ozponcho.com.au\/wp-content\/uploads\/2024\/03\/O1CN01pNT69D1HIfyy38igh_2331630735-0-cib.jpg\" \/><img decoding=\"async\" src=\"https:\/\/ozponcho.com.au\/wp-content\/uploads\/2024\/03\/O1CN01Gq216V1HIfyz6PFWL_2331630735-0-cib.jpg\" \/><img decoding=\"async\" src=\"https:\/\/ozponcho.com.au\/wp-content\/uploads\/2024\/03\/O1CN01YSTxbO1HIfyvuAPFb_2331630735-0-cib.jpg\" \/><\/p>","protected":false},"excerpt":{"rendered":"<p>Embrace the chill of autumn and winter with our sophisticated Plaid Fur-Trim Poncho Coat. This piece merges casual comfort with high-end style, featuring a striking red and black checkered pattern. The plush burgundy faux fur collar offers a luxurious touch while providing extra warmth. Crafted from soft jersey acrylic fabric with a comfortable, loose fit [&#8230;]","protected":false},"featured_media":13621,"template":"","meta":[],"product_brand":[],"product_cat":[219,229,218,15,230,228,214,210,221],"product_tag":[],"class_list":{"0":"post-13652","1":"product","2":"type-product","3":"status-publish","4":"has-post-thumbnail","6":"product_cat-black-poncho","7":"product_cat-blanket-poncho","8":"product_cat-fur-poncho","9":"product_cat-main-category","10":"product_cat-poncho-dress","11":"product_cat-poncho-sweater","12":"product_cat-knitted-crochet-poncho","13":"product_cat-poncho-women","14":"product_cat-red-poncho","16":"first","17":"outofstock","18":"shipping-taxable","19":"purchasable","20":"product-type-variable"},"yoast_head":"<!-- This site is optimized with the Yoast SEO plugin v25.9 - https:\/\/yoast.com\/wordpress\/plugins\/seo\/ -->\n<title>Plaid Fur-Trim Poncho Coat | Magyarorsz\u00e1g #1 Poncho Shop<\/title>\n<meta name=\"description\" content=\"Looking for a Plaid Fur-Trim Poncho Coat ? You&#039;ve come to the right place \ud83d\ude04 We offers a wide selection of Plaid Fur-Trim Poncho Coat, perfect for you.\" \/>\n<meta name=\"robots\" content=\"index, follow, max-snippet:-1, max-image-preview:large, max-video-preview:-1\" \/>\n<link rel=\"canonical\" href=\"https:\/\/ozponcho.com.au\/hu\/p\/elegans-teli-kockas-sal\/\" \/>\n<meta property=\"og:locale\" content=\"hu_HU\" \/>\n<meta property=\"og:type\" content=\"article\" \/>\n<meta property=\"og:title\" content=\"Plaid Fur-Trim Poncho Coat | Magyarorsz\u00e1g #1 Poncho Shop\" \/>\n<meta property=\"og:description\" content=\"Looking for a Plaid Fur-Trim Poncho Coat ? You&#039;ve come to the right place \ud83d\ude04 We offers a wide selection of Plaid Fur-Trim Poncho Coat, perfect for you.\" \/>\n<meta property=\"og:url\" content=\"https:\/\/ozponcho.com.au\/hu\/p\/elegans-teli-kockas-sal\/\" \/>\n<meta property=\"og:site_name\" content=\"OZ Poncho\" \/>\n<meta property=\"article:modified_time\" content=\"2024-04-19T08:21:56+00:00\" \/>\n<meta property=\"og:image\" content=\"https:\/\/ozponcho.com.au\/wp-content\/uploads\/2023\/12\/O1CN01Zf7xDz1HIfyueZweu_2331630735-0-cib.jpg\" \/>\n\t<meta property=\"og:image:width\" content=\"1340\" \/>\n\t<meta property=\"og:image:height\" content=\"1785\" \/>\n\t<meta property=\"og:image:type\" content=\"image\/jpeg\" \/>\n<meta name=\"twitter:card\" content=\"summary_large_image\" \/>\n<meta name=\"twitter:label1\" content=\"Becs\u00fclt olvas\u00e1si id\u0151\" \/>\n\t<meta name=\"twitter:data1\" content=\"2 perc\" \/>\n<script type=\"application\/ld+json\" class=\"yoast-schema-graph\">{\"@context\":\"https:\/\/schema.org\",\"@graph\":[{\"@type\":\"WebPage\",\"@id\":\"https:\/\/ozponcho.com.au\/p\/elegant-winter-check-shawl\/\",\"url\":\"https:\/\/ozponcho.com.au\/p\/elegant-winter-check-shawl\/\",\"name\":\"Plaid Fur-Trim Poncho Coat | Magyarorsz\u00e1g #1 Poncho Shop\",\"isPartOf\":{\"@id\":\"https:\/\/ozponcho.com.au\/#website\"},\"primaryImageOfPage\":{\"@id\":\"https:\/\/ozponcho.com.au\/p\/elegant-winter-check-shawl\/#primaryimage\"},\"image\":{\"@id\":\"https:\/\/ozponcho.com.au\/p\/elegant-winter-check-shawl\/#primaryimage\"},\"thumbnailUrl\":\"https:\/\/ozponcho.com.au\/wp-content\/uploads\/2023\/12\/O1CN01Zf7xDz1HIfyueZweu_2331630735-0-cib.jpg\",\"datePublished\":\"2023-12-13T07:40:21+00:00\",\"dateModified\":\"2024-04-19T08:21:56+00:00\",\"description\":\"Looking for a Plaid Fur-Trim Poncho Coat ? You've come to the right place \ud83d\ude04 We offers a wide selection of Plaid Fur-Trim Poncho Coat, perfect for you.\",\"breadcrumb\":{\"@id\":\"https:\/\/ozponcho.com.au\/p\/elegant-winter-check-shawl\/#breadcrumb\"},\"inLanguage\":\"hu\",\"potentialAction\":[{\"@type\":\"ReadAction\",\"target\":[\"https:\/\/ozponcho.com.au\/p\/elegant-winter-check-shawl\/\"]}]},{\"@type\":\"ImageObject\",\"inLanguage\":\"hu\",\"@id\":\"https:\/\/ozponcho.com.au\/p\/elegant-winter-check-shawl\/#primaryimage\",\"url\":\"https:\/\/ozponcho.com.au\/wp-content\/uploads\/2023\/12\/O1CN01Zf7xDz1HIfyueZweu_2331630735-0-cib.jpg\",\"contentUrl\":\"https:\/\/ozponcho.com.au\/wp-content\/uploads\/2023\/12\/O1CN01Zf7xDz1HIfyueZweu_2331630735-0-cib.jpg\",\"width\":1340,\"height\":1785,\"caption\":\"Plaid Fur-Trim Poncho Coat\"},{\"@type\":\"BreadcrumbList\",\"@id\":\"https:\/\/ozponcho.com.au\/p\/elegant-winter-check-shawl\/#breadcrumb\",\"itemListElement\":[{\"@type\":\"ListItem\",\"position\":1,\"name\":\"Home\",\"item\":\"https:\/\/ozponcho.com.au\/\"},{\"@type\":\"ListItem\",\"position\":2,\"name\":\"Shop\",\"item\":\"https:\/\/ozponcho.com.au\/shop\/\"},{\"@type\":\"ListItem\",\"position\":3,\"name\":\"Plaid Fur-Trim Poncho Coat\"}]},{\"@type\":\"WebSite\",\"@id\":\"https:\/\/ozponcho.com.au\/#website\",\"url\":\"https:\/\/ozponcho.com.au\/\",\"name\":\"OZ Poncho\",\"description\":\"\",\"potentialAction\":[{\"@type\":\"SearchAction\",\"target\":{\"@type\":\"EntryPoint\",\"urlTemplate\":\"https:\/\/ozponcho.com.au\/?s={search_term_string}\"},\"query-input\":{\"@type\":\"PropertyValueSpecification\",\"valueRequired\":true,\"valueName\":\"search_term_string\"}}],\"inLanguage\":\"hu\"}]}<\/script>\n<!-- \/ Yoast SEO plugin. -->","yoast_head_json":{"title":"R\u00e9tes sz\u0151rme poncs\u00f3 kab\u00e1t | Magyarorsz\u00e1g #1 Poncs\u00f3 Shop","description":"Kock\u00e1s sz\u0151rm\u00e9s poncs\u00f3 kab\u00e1tot keresel ? A legjobb helyen j\u00e1rsz \ud83d\ude04 sz\u00e9les v\u00e1laszt\u00e9kban k\u00edn\u00e1lunk kock\u00e1s sz\u0151rme-ponch\u00f3s kab\u00e1tot, t\u00f6k\u00e9letes az \u00d6n sz\u00e1m\u00e1ra.","robots":{"index":"index","follow":"follow","max-snippet":"max-snippet:-1","max-image-preview":"max-image-preview:large","max-video-preview":"max-video-preview:-1"},"canonical":"https:\/\/ozponcho.com.au\/hu\/p\/elegans-teli-kockas-sal\/","og_locale":"hu_HU","og_type":"article","og_title":"Plaid Fur-Trim Poncho Coat | Magyarorsz\u00e1g #1 Poncho Shop","og_description":"Looking for a Plaid Fur-Trim Poncho Coat ? You've come to the right place \ud83d\ude04 We offers a wide selection of Plaid Fur-Trim Poncho Coat, perfect for you.","og_url":"https:\/\/ozponcho.com.au\/hu\/p\/elegans-teli-kockas-sal\/","og_site_name":"OZ Poncho","article_modified_time":"2024-04-19T08:21:56+00:00","og_image":[{"width":1340,"height":1785,"url":"https:\/\/ozponcho.com.au\/wp-content\/uploads\/2023\/12\/O1CN01Zf7xDz1HIfyueZweu_2331630735-0-cib.jpg","type":"image\/jpeg"}],"twitter_card":"summary_large_image","twitter_misc":{"Becs\u00fclt olvas\u00e1si id\u0151":"2 perc"},"schema":{"@context":"https:\/\/schema.org","@graph":[{"@type":"WebPage","@id":"https:\/\/ozponcho.com.au\/p\/elegant-winter-check-shawl\/","url":"https:\/\/ozponcho.com.au\/p\/elegant-winter-check-shawl\/","name":"R\u00e9tes sz\u0151rme poncs\u00f3 kab\u00e1t | Magyarorsz\u00e1g #1 Poncs\u00f3 Shop","isPartOf":{"@id":"https:\/\/ozponcho.com.au\/#website"},"primaryImageOfPage":{"@id":"https:\/\/ozponcho.com.au\/p\/elegant-winter-check-shawl\/#primaryimage"},"image":{"@id":"https:\/\/ozponcho.com.au\/p\/elegant-winter-check-shawl\/#primaryimage"},"thumbnailUrl":"https:\/\/ozponcho.com.au\/wp-content\/uploads\/2023\/12\/O1CN01Zf7xDz1HIfyueZweu_2331630735-0-cib.jpg","datePublished":"2023-12-13T07:40:21+00:00","dateModified":"2024-04-19T08:21:56+00:00","description":"Kock\u00e1s sz\u0151rm\u00e9s poncs\u00f3 kab\u00e1tot keresel ? A legjobb helyen j\u00e1rsz \ud83d\ude04 sz\u00e9les v\u00e1laszt\u00e9kban k\u00edn\u00e1lunk kock\u00e1s sz\u0151rme-ponch\u00f3s kab\u00e1tot, t\u00f6k\u00e9letes az \u00d6n sz\u00e1m\u00e1ra.","breadcrumb":{"@id":"https:\/\/ozponcho.com.au\/p\/elegant-winter-check-shawl\/#breadcrumb"},"inLanguage":"hu","potentialAction":[{"@type":"ReadAction","target":["https:\/\/ozponcho.com.au\/p\/elegant-winter-check-shawl\/"]}]},{"@type":"ImageObject","inLanguage":"hu","@id":"https:\/\/ozponcho.com.au\/p\/elegant-winter-check-shawl\/#primaryimage","url":"https:\/\/ozponcho.com.au\/wp-content\/uploads\/2023\/12\/O1CN01Zf7xDz1HIfyueZweu_2331630735-0-cib.jpg","contentUrl":"https:\/\/ozponcho.com.au\/wp-content\/uploads\/2023\/12\/O1CN01Zf7xDz1HIfyueZweu_2331630735-0-cib.jpg","width":1340,"height":1785,"caption":"Plaid Fur-Trim Poncho Coat"},{"@type":"BreadcrumbList","@id":"https:\/\/ozponcho.com.au\/p\/elegant-winter-check-shawl\/#breadcrumb","itemListElement":[{"@type":"ListItem","position":1,"name":"Home","item":"https:\/\/ozponcho.com.au\/"},{"@type":"ListItem","position":2,"name":"Shop","item":"https:\/\/ozponcho.com.au\/shop\/"},{"@type":"ListItem","position":3,"name":"Plaid Fur-Trim Poncho Coat"}]},{"@type":"WebSite","@id":"https:\/\/ozponcho.com.au\/#website","url":"https:\/\/ozponcho.com.au\/","name":"OZ Poncho","description":"","potentialAction":[{"@type":"SearchAction","target":{"@type":"EntryPoint","urlTemplate":"https:\/\/ozponcho.com.au\/?s={search_term_string}"},"query-input":{"@type":"PropertyValueSpecification","valueRequired":true,"valueName":"search_term_string"}}],"inLanguage":"hu"}]}},"_links":{"self":[{"href":"https:\/\/ozponcho.com.au\/hu\/wp-json\/wp\/v2\/product\/13652","targetHints":{"allow":["GET"]}}],"collection":[{"href":"https:\/\/ozponcho.com.au\/hu\/wp-json\/wp\/v2\/product"}],"about":[{"href":"https:\/\/ozponcho.com.au\/hu\/wp-json\/wp\/v2\/types\/product"}],"wp:featuredmedia":[{"embeddable":true,"href":"https:\/\/ozponcho.com.au\/hu\/wp-json\/wp\/v2\/media\/13621"}],"wp:attachment":[{"href":"https:\/\/ozponcho.com.au\/hu\/wp-json\/wp\/v2\/media?parent=13652"}],"wp:term":[{"taxonomy":"product_brand","embeddable":true,"href":"https:\/\/ozponcho.com.au\/hu\/wp-json\/wp\/v2\/product_brand?post=13652"},{"taxonomy":"product_cat","embeddable":true,"href":"https:\/\/ozponcho.com.au\/hu\/wp-json\/wp\/v2\/product_cat?post=13652"},{"taxonomy":"product_tag","embeddable":true,"href":"https:\/\/ozponcho.com.au\/hu\/wp-json\/wp\/v2\/product_tag?post=13652"}],"curies":[{"name":"wp","href":"https:\/\/api.w.org\/{rel}","templated":true}]}}