{"id":13615,"date":"2023-12-13T18:40:09","date_gmt":"2023-12-13T07:40:09","guid":{"rendered":"https:\/\/ozponcho.com.au\/p\/autumn-winter-tassel-cape-shawl-sweater-contrast-color-knitwear-women\/"},"modified":"2024-07-26T12:28:30","modified_gmt":"2024-07-26T01:28:30","slug":"elegant-fringe-autumn-shawl","status":"publish","type":"product","link":"https:\/\/ozponcho.com.au\/hu\/p\/elegans-rojtos-oszi-kendo\/","title":{"rendered":"Eleg\u00e1ns rojtos poncs\u00f3 k\u00f6t\u00f6tt ruha"},"content":{"rendered":"<p>B\u00fajjon be st\u00edlusosan id\u00e9n \u0151sszel \u00e9s t\u00e9len a Chic Tassel Poncho k\u00f6t\u00f6tt ruhadarabunkkal. T\u00f6k\u00e9letes azok sz\u00e1m\u00e1ra, akik \u00e9rt\u00e9kelik az eleganci\u00e1t \u00e9s a k\u00e9nyelmet, ez a poncs\u00f3 \u00edzl\u00e9ses ombre sz\u00edn\u00e1tmenettel rendelkezik, amely sz\u00fcrk\u00e9b\u0151l kr\u00e9msz\u00edn\u0171be v\u00e1lt \u00e1t, \u00e9s b\u00e1rmilyen ruh\u00e1t kieg\u00e9sz\u00edt. A mock neck kialak\u00edt\u00e1s \u00e9s a rojtos r\u00e9szletek kifinomults\u00e1got k\u00f6lcs\u00f6n\u00f6znek, m\u00edg a laza szab\u00e1s maxim\u00e1lis k\u00e9nyelmet biztos\u00edt. Kiv\u00e1l\u00f3 min\u0151s\u00e9g\u0171 akrilkever\u00e9kb\u0151l k\u00e9sz\u00fclt, k\u00f6nnyen \u00e1polhat\u00f3 \u00e9s tart\u00f3s. Ak\u00e1r egy h\u00e9tk\u00f6znapi kir\u00e1ndul\u00e1st \u00e9lvez, ak\u00e1r egy k\u00fcl\u00f6nleges esem\u00e9nyre \u00f6lt\u00f6zik fel, ez a sokoldal\u00fa poncs\u00f3 ide\u00e1lis kieg\u00e9sz\u00edt\u0151je ruhat\u00e1r\u00e1nak.<\/p>\n<div>St\u00edlus: Eleg\u00e1ns<\/div>\n<div>Illeszked\u00e9s: .<\/div>\n<div>Sz\u00f6vet: Jersey<\/div>\n<div>Mint\u00e1zat: Ombre<\/div>\n<div>Elem: Fringe<\/div>\n<div>Top Hossz\u00fas\u00e1g: .<\/div>\n<div>Nyakkiv\u00e1g\u00e1s: Nyakkiv\u00e1g\u00e1s: Mock Neck<\/div>\n<div>H\u00fcvely t\u00edpusa: Egy\u00e9b<\/div>\n<div>H\u00fcvely hossza: Hossz\u00fa ujj\u00fa<\/div>\n<div>F\u0151 \u00f6sszet\u00e9tel: Akril<\/div>\n<div>Szezon: \u0150sz\/T\u00e9l<\/div>\n<p><img decoding=\"async\" src=\"https:\/\/ozponcho.com.au\/wp-content\/uploads\/2024\/03\/1161291783502561280.png\" \/><img decoding=\"async\" src=\"https:\/\/ozponcho.com.au\/wp-content\/uploads\/2024\/03\/O1CN0188XXW31QYY4sPMHa7_2505411988-0-cib.jpg\" \/><img decoding=\"async\" src=\"https:\/\/ozponcho.com.au\/wp-content\/uploads\/2024\/03\/O1CN01Fe5IRM1QYY9o72Syk_2505411988-0-cib.jpg\" \/><img decoding=\"async\" src=\"https:\/\/ozponcho.com.au\/wp-content\/uploads\/2024\/03\/O1CN01wNuSsJ1QYY4kOcgZm_2505411988-0-cib.jpg\" \/><img decoding=\"async\" src=\"https:\/\/ozponcho.com.au\/wp-content\/uploads\/2024\/03\/O1CN01hqBU3A1QYY4rNRo1Q_2505411988-0-cib.jpg\" \/><img decoding=\"async\" src=\"https:\/\/ozponcho.com.au\/wp-content\/uploads\/2024\/03\/O1CN01TZFYVD1QYY4n6okNh_2505411988-0-cib.jpg\" \/><img decoding=\"async\" src=\"https:\/\/ozponcho.com.au\/wp-content\/uploads\/2024\/03\/O1CN01zAKSQA1QYY4ncGfV0_2505411988-0-cib.jpg\" \/><\/p>","protected":false},"excerpt":{"rendered":"<p>Cozy up in style this fall and winter with our Chic Tassel Poncho Knitwear. Perfect for those who value elegance and comfort, this poncho features a tasteful ombre gradient that transitions from gray to cream, complementing any outfit. The mock neck design and fringe details add a touch of sophistication, while the loose fit ensures [&#8230;]","protected":false},"featured_media":13592,"template":"","meta":[],"product_brand":[],"product_cat":[225,15,228,214,210,221],"product_tag":[],"class_list":{"0":"post-13615","1":"product","2":"type-product","3":"status-publish","4":"has-post-thumbnail","6":"product_cat-grey-poncho","7":"product_cat-main-category","8":"product_cat-poncho-sweater","9":"product_cat-knitted-crochet-poncho","10":"product_cat-poncho-women","11":"product_cat-red-poncho","13":"first","14":"outofstock","15":"shipping-taxable","16":"purchasable","17":"product-type-variable"},"yoast_head":"<!-- This site is optimized with the Yoast SEO plugin v25.9 - https:\/\/yoast.com\/wordpress\/plugins\/seo\/ -->\n<title>Chic Tassel Poncho Knitwear | Magyarorsz\u00e1g #1 Poncho Shop<\/title>\n<meta name=\"description\" content=\"Looking for a Chic Tassel Poncho Knitwear ? You&#039;ve come to the right place \ud83d\ude04 We offers a wide selection of Chic Tassel Poncho Knitwear, perfect for you.\" \/>\n<meta name=\"robots\" content=\"index, follow, max-snippet:-1, max-image-preview:large, max-video-preview:-1\" \/>\n<link rel=\"canonical\" href=\"https:\/\/ozponcho.com.au\/hu\/p\/elegans-rojtos-oszi-kendo\/\" \/>\n<meta property=\"og:locale\" content=\"hu_HU\" \/>\n<meta property=\"og:type\" content=\"article\" \/>\n<meta property=\"og:title\" content=\"Chic Tassel Poncho Knitwear | Magyarorsz\u00e1g #1 Poncho Shop\" \/>\n<meta property=\"og:description\" content=\"Looking for a Chic Tassel Poncho Knitwear ? You&#039;ve come to the right place \ud83d\ude04 We offers a wide selection of Chic Tassel Poncho Knitwear, perfect for you.\" \/>\n<meta property=\"og:url\" content=\"https:\/\/ozponcho.com.au\/hu\/p\/elegans-rojtos-oszi-kendo\/\" \/>\n<meta property=\"og:site_name\" content=\"OZ Poncho\" \/>\n<meta property=\"article:modified_time\" content=\"2024-07-26T01:28:30+00:00\" \/>\n<meta property=\"og:image\" content=\"https:\/\/ozponcho.com.au\/wp-content\/uploads\/2023\/12\/O1CN01t220KR1QYY4tQuwh0_2505411988-0-cib.jpg\" \/>\n\t<meta property=\"og:image:width\" content=\"800\" \/>\n\t<meta property=\"og:image:height\" content=\"800\" \/>\n\t<meta property=\"og:image:type\" content=\"image\/jpeg\" \/>\n<meta name=\"twitter:card\" content=\"summary_large_image\" \/>\n<meta name=\"twitter:label1\" content=\"Becs\u00fclt olvas\u00e1si id\u0151\" \/>\n\t<meta name=\"twitter:data1\" content=\"1 perc\" \/>\n<script type=\"application\/ld+json\" class=\"yoast-schema-graph\">{\"@context\":\"https:\/\/schema.org\",\"@graph\":[{\"@type\":\"WebPage\",\"@id\":\"https:\/\/ozponcho.com.au\/p\/elegant-fringe-autumn-shawl\/\",\"url\":\"https:\/\/ozponcho.com.au\/p\/elegant-fringe-autumn-shawl\/\",\"name\":\"Chic Tassel Poncho Knitwear | Magyarorsz\u00e1g #1 Poncho Shop\",\"isPartOf\":{\"@id\":\"https:\/\/ozponcho.com.au\/#website\"},\"primaryImageOfPage\":{\"@id\":\"https:\/\/ozponcho.com.au\/p\/elegant-fringe-autumn-shawl\/#primaryimage\"},\"image\":{\"@id\":\"https:\/\/ozponcho.com.au\/p\/elegant-fringe-autumn-shawl\/#primaryimage\"},\"thumbnailUrl\":\"https:\/\/ozponcho.com.au\/wp-content\/uploads\/2023\/12\/O1CN01t220KR1QYY4tQuwh0_2505411988-0-cib.jpg\",\"datePublished\":\"2023-12-13T07:40:09+00:00\",\"dateModified\":\"2024-07-26T01:28:30+00:00\",\"description\":\"Looking for a Chic Tassel Poncho Knitwear ? You've come to the right place \ud83d\ude04 We offers a wide selection of Chic Tassel Poncho Knitwear, perfect for you.\",\"breadcrumb\":{\"@id\":\"https:\/\/ozponcho.com.au\/p\/elegant-fringe-autumn-shawl\/#breadcrumb\"},\"inLanguage\":\"hu\",\"potentialAction\":[{\"@type\":\"ReadAction\",\"target\":[\"https:\/\/ozponcho.com.au\/p\/elegant-fringe-autumn-shawl\/\"]}]},{\"@type\":\"ImageObject\",\"inLanguage\":\"hu\",\"@id\":\"https:\/\/ozponcho.com.au\/p\/elegant-fringe-autumn-shawl\/#primaryimage\",\"url\":\"https:\/\/ozponcho.com.au\/wp-content\/uploads\/2023\/12\/O1CN01t220KR1QYY4tQuwh0_2505411988-0-cib.jpg\",\"contentUrl\":\"https:\/\/ozponcho.com.au\/wp-content\/uploads\/2023\/12\/O1CN01t220KR1QYY4tQuwh0_2505411988-0-cib.jpg\",\"width\":800,\"height\":800,\"caption\":\"Chic Tassel Poncho Knitwear\"},{\"@type\":\"BreadcrumbList\",\"@id\":\"https:\/\/ozponcho.com.au\/p\/elegant-fringe-autumn-shawl\/#breadcrumb\",\"itemListElement\":[{\"@type\":\"ListItem\",\"position\":1,\"name\":\"Home\",\"item\":\"https:\/\/ozponcho.com.au\/\"},{\"@type\":\"ListItem\",\"position\":2,\"name\":\"Shop\",\"item\":\"https:\/\/ozponcho.com.au\/shop\/\"},{\"@type\":\"ListItem\",\"position\":3,\"name\":\"Chic Tassel Poncho Knitwear\"}]},{\"@type\":\"WebSite\",\"@id\":\"https:\/\/ozponcho.com.au\/#website\",\"url\":\"https:\/\/ozponcho.com.au\/\",\"name\":\"OZ Poncho\",\"description\":\"\",\"potentialAction\":[{\"@type\":\"SearchAction\",\"target\":{\"@type\":\"EntryPoint\",\"urlTemplate\":\"https:\/\/ozponcho.com.au\/?s={search_term_string}\"},\"query-input\":{\"@type\":\"PropertyValueSpecification\",\"valueRequired\":true,\"valueName\":\"search_term_string\"}}],\"inLanguage\":\"hu\"}]}<\/script>\n<!-- \/ Yoast SEO plugin. -->","yoast_head_json":{"title":"Eleg\u00e1ns rojtos poncs\u00f3 k\u00f6t\u00f6tt\u00e1ru | Magyarorsz\u00e1g #1 Poncho Shop","description":"Sikkes rojtos poncs\u00f3 k\u00f6t\u00f6tt ruh\u00e1t keres ? A legjobb helyre j\u00f6tt\u00e9l \ud83d\ude04 Chic Tassel Poncho K\u00f6t\u00f6ttruha sz\u00e9les v\u00e1laszt\u00e9k\u00e1t k\u00edn\u00e1ljuk, t\u00f6k\u00e9letes az \u00d6n sz\u00e1m\u00e1ra.","robots":{"index":"index","follow":"follow","max-snippet":"max-snippet:-1","max-image-preview":"max-image-preview:large","max-video-preview":"max-video-preview:-1"},"canonical":"https:\/\/ozponcho.com.au\/hu\/p\/elegans-rojtos-oszi-kendo\/","og_locale":"hu_HU","og_type":"article","og_title":"Chic Tassel Poncho Knitwear | Magyarorsz\u00e1g #1 Poncho Shop","og_description":"Looking for a Chic Tassel Poncho Knitwear ? You've come to the right place \ud83d\ude04 We offers a wide selection of Chic Tassel Poncho Knitwear, perfect for you.","og_url":"https:\/\/ozponcho.com.au\/hu\/p\/elegans-rojtos-oszi-kendo\/","og_site_name":"OZ Poncho","article_modified_time":"2024-07-26T01:28:30+00:00","og_image":[{"width":800,"height":800,"url":"https:\/\/ozponcho.com.au\/wp-content\/uploads\/2023\/12\/O1CN01t220KR1QYY4tQuwh0_2505411988-0-cib.jpg","type":"image\/jpeg"}],"twitter_card":"summary_large_image","twitter_misc":{"Becs\u00fclt olvas\u00e1si id\u0151":"1 perc"},"schema":{"@context":"https:\/\/schema.org","@graph":[{"@type":"WebPage","@id":"https:\/\/ozponcho.com.au\/p\/elegant-fringe-autumn-shawl\/","url":"https:\/\/ozponcho.com.au\/p\/elegant-fringe-autumn-shawl\/","name":"Eleg\u00e1ns rojtos poncs\u00f3 k\u00f6t\u00f6tt\u00e1ru | Magyarorsz\u00e1g #1 Poncho Shop","isPartOf":{"@id":"https:\/\/ozponcho.com.au\/#website"},"primaryImageOfPage":{"@id":"https:\/\/ozponcho.com.au\/p\/elegant-fringe-autumn-shawl\/#primaryimage"},"image":{"@id":"https:\/\/ozponcho.com.au\/p\/elegant-fringe-autumn-shawl\/#primaryimage"},"thumbnailUrl":"https:\/\/ozponcho.com.au\/wp-content\/uploads\/2023\/12\/O1CN01t220KR1QYY4tQuwh0_2505411988-0-cib.jpg","datePublished":"2023-12-13T07:40:09+00:00","dateModified":"2024-07-26T01:28:30+00:00","description":"Sikkes rojtos poncs\u00f3 k\u00f6t\u00f6tt ruh\u00e1t keres ? A legjobb helyre j\u00f6tt\u00e9l \ud83d\ude04 Chic Tassel Poncho K\u00f6t\u00f6ttruha sz\u00e9les v\u00e1laszt\u00e9k\u00e1t k\u00edn\u00e1ljuk, t\u00f6k\u00e9letes az \u00d6n sz\u00e1m\u00e1ra.","breadcrumb":{"@id":"https:\/\/ozponcho.com.au\/p\/elegant-fringe-autumn-shawl\/#breadcrumb"},"inLanguage":"hu","potentialAction":[{"@type":"ReadAction","target":["https:\/\/ozponcho.com.au\/p\/elegant-fringe-autumn-shawl\/"]}]},{"@type":"ImageObject","inLanguage":"hu","@id":"https:\/\/ozponcho.com.au\/p\/elegant-fringe-autumn-shawl\/#primaryimage","url":"https:\/\/ozponcho.com.au\/wp-content\/uploads\/2023\/12\/O1CN01t220KR1QYY4tQuwh0_2505411988-0-cib.jpg","contentUrl":"https:\/\/ozponcho.com.au\/wp-content\/uploads\/2023\/12\/O1CN01t220KR1QYY4tQuwh0_2505411988-0-cib.jpg","width":800,"height":800,"caption":"Chic Tassel Poncho Knitwear"},{"@type":"BreadcrumbList","@id":"https:\/\/ozponcho.com.au\/p\/elegant-fringe-autumn-shawl\/#breadcrumb","itemListElement":[{"@type":"ListItem","position":1,"name":"Home","item":"https:\/\/ozponcho.com.au\/"},{"@type":"ListItem","position":2,"name":"Shop","item":"https:\/\/ozponcho.com.au\/shop\/"},{"@type":"ListItem","position":3,"name":"Chic Tassel Poncho Knitwear"}]},{"@type":"WebSite","@id":"https:\/\/ozponcho.com.au\/#website","url":"https:\/\/ozponcho.com.au\/","name":"OZ Poncho","description":"","potentialAction":[{"@type":"SearchAction","target":{"@type":"EntryPoint","urlTemplate":"https:\/\/ozponcho.com.au\/?s={search_term_string}"},"query-input":{"@type":"PropertyValueSpecification","valueRequired":true,"valueName":"search_term_string"}}],"inLanguage":"hu"}]}},"_links":{"self":[{"href":"https:\/\/ozponcho.com.au\/hu\/wp-json\/wp\/v2\/product\/13615","targetHints":{"allow":["GET"]}}],"collection":[{"href":"https:\/\/ozponcho.com.au\/hu\/wp-json\/wp\/v2\/product"}],"about":[{"href":"https:\/\/ozponcho.com.au\/hu\/wp-json\/wp\/v2\/types\/product"}],"wp:featuredmedia":[{"embeddable":true,"href":"https:\/\/ozponcho.com.au\/hu\/wp-json\/wp\/v2\/media\/13592"}],"wp:attachment":[{"href":"https:\/\/ozponcho.com.au\/hu\/wp-json\/wp\/v2\/media?parent=13615"}],"wp:term":[{"taxonomy":"product_brand","embeddable":true,"href":"https:\/\/ozponcho.com.au\/hu\/wp-json\/wp\/v2\/product_brand?post=13615"},{"taxonomy":"product_cat","embeddable":true,"href":"https:\/\/ozponcho.com.au\/hu\/wp-json\/wp\/v2\/product_cat?post=13615"},{"taxonomy":"product_tag","embeddable":true,"href":"https:\/\/ozponcho.com.au\/hu\/wp-json\/wp\/v2\/product_tag?post=13615"}],"curies":[{"name":"wp","href":"https:\/\/api.w.org\/{rel}","templated":true}]}}