{"id":13600,"date":"2023-12-13T18:40:04","date_gmt":"2023-12-13T07:40:04","guid":{"rendered":"https:\/\/ozponcho.com.au\/p\/women-clothing-autumn-winter-fur-collar-solid-color-knitted-cape-shawl\/"},"modified":"2024-07-26T12:28:23","modified_gmt":"2024-07-26T01:28:23","slug":"chic-knitted-women-cape","status":"publish","type":"product","link":"https:\/\/ozponcho.com.au\/hu\/p\/elegans-kotott-noi-kopeny\/","title":{"rendered":"Eleg\u00e1ns rojtos poncs\u00f3 kend\u0151"},"content":{"rendered":"<p>Tekerje mag\u00e1t eleganci\u00e1ba \u00e9s melegs\u00e9gbe az \u0151szi-t\u00e9li n\u0151i poncs\u00f3 s\u00e1llal - a v\u00e9gs\u0151 k\u00e9nyelmes t\u00e1rs\u00e1val. Ez a kifinomult darab sz\u0151rm\u00e9s gall\u00e9rral rendelkezik, amely b\u00e1rmilyen \u00f6lt\u00f6z\u00e9khez luxus\u00e9rzetet k\u00f6lcs\u00f6n\u00f6z, m\u00edg a laza \u00e9s k\u00e9nyelmes trik\u00f3 k\u00f6t\u00e9s biztos\u00edtja, hogy a h\u0171v\u00f6sebb napokon is k\u00e9nyelmes maradjon. A rojtos szeg\u00e9lyek j\u00e1t\u00e9kos csavart adnak a klasszikus sziluettnek, \u00edgy sokoldal\u00faan kieg\u00e9sz\u00edti mind az alkalmi, mind az \u00f6lt\u00f6zk\u00f6d\u00e9si szekr\u00e9nyt. Dobja fel st\u00edlus\u00e1t ebben a szezonban egy olyan poncs\u00f3val, amely a funkcionalit\u00e1st a divat ir\u00e1nti \u00e9rz\u00e9kkel \u00f6tv\u00f6zi.<\/p>\n<div>St\u00edlus: Eleg\u00e1ns<\/div>\n<div>Illeszked\u00e9s: .<\/div>\n<div>Sz\u00f6vet: Jersey<\/div>\n<div>Mint\u00e1zat: Egysz\u00edn\u0171<\/div>\n<div>Elem: Fringe<\/div>\n<div>Top Hossz\u00fas\u00e1g: Hossz\u00fa<\/div>\n<div>Nyakkiv\u00e1g\u00e1s: Nyakkiv\u00e1g\u00e1s: Crew nyakkiv\u00e1g\u00e1s<\/div>\n<div>H\u00fcvely t\u00edpusa: Egy\u00e9b<\/div>\n<div>H\u00fcvely hossza: Hossz\u00fa ujj\u00fa<\/div>\n<div>F\u0151 \u00f6sszet\u00e9tel: Akril<\/div>\n<div>Szezon: \u0150sz\/T\u00e9l<\/div>\n<p><img decoding=\"async\" src=\"https:\/\/ozponcho.com.au\/wp-content\/uploads\/2024\/03\/1161319882273325056.png\" \/><img decoding=\"async\" src=\"https:\/\/ozponcho.com.au\/wp-content\/uploads\/2024\/03\/O1CN01LEIIOJ1QYY4qGxh9k_2505411988-0-cib.jpg\" \/><img decoding=\"async\" src=\"https:\/\/ozponcho.com.au\/wp-content\/uploads\/2024\/03\/O1CN012rjgHE1QYY4lUFVqJ_2505411988-0-cib.jpg\" \/><img decoding=\"async\" src=\"https:\/\/ozponcho.com.au\/wp-content\/uploads\/2024\/03\/O1CN01o56FSp1QYY4iGzh8F_2505411988-0-cib.jpg\" \/><img decoding=\"async\" src=\"https:\/\/ozponcho.com.au\/wp-content\/uploads\/2024\/03\/O1CN01bKo5vY1QYY4kuwn0A_2505411988-0-cib.jpg\" \/><img decoding=\"async\" src=\"https:\/\/ozponcho.com.au\/wp-content\/uploads\/2024\/03\/O1CN013p34xl1QYY4nmSLZs_2505411988-0-cib.jpg\" \/><img decoding=\"async\" src=\"https:\/\/ozponcho.com.au\/wp-content\/uploads\/2024\/03\/O1CN01m84G3y1QYY4qGwHtw_2505411988-0-cib.jpg\" \/><\/p>","protected":false},"excerpt":{"rendered":"<p>Wrap yourself in elegance and warmth with our Autumn Winter Women&#8217;s Poncho Shawl\u00e2\u20ac\u201dyour ultimate cozy companion. This sophisticated piece features a fur collar that adds a touch of luxe to any outfit, while its loose and comfortable jersey knit ensures you stay snug during cooler days. Fringed edges offer a playful twist to the classic [&#8230;]","protected":false},"featured_media":13572,"template":"","meta":[],"product_brand":[],"product_cat":[229,218,15,230,228,214,210],"product_tag":[],"class_list":{"0":"post-13600","1":"product","2":"type-product","3":"status-publish","4":"has-post-thumbnail","6":"product_cat-blanket-poncho","7":"product_cat-fur-poncho","8":"product_cat-main-category","9":"product_cat-poncho-dress","10":"product_cat-poncho-sweater","11":"product_cat-knitted-crochet-poncho","12":"product_cat-poncho-women","14":"first","15":"outofstock","16":"shipping-taxable","17":"purchasable","18":"product-type-variable"},"yoast_head":"<!-- This site is optimized with the Yoast SEO plugin v25.9 - https:\/\/yoast.com\/wordpress\/plugins\/seo\/ -->\n<title>Elegant Fringe Poncho Shawl | Magyarorsz\u00e1g #1 Poncho Shop<\/title>\n<meta name=\"description\" content=\"Looking for a Elegant Fringe Poncho Shawl ? You&#039;ve come to the right place \ud83d\ude04 We offers a wide selection of Elegant Fringe Poncho Shawl, perfect for you.\" \/>\n<meta name=\"robots\" content=\"index, follow, max-snippet:-1, max-image-preview:large, max-video-preview:-1\" \/>\n<link rel=\"canonical\" href=\"https:\/\/ozponcho.com.au\/hu\/p\/elegans-kotott-noi-kopeny\/\" \/>\n<meta property=\"og:locale\" content=\"hu_HU\" \/>\n<meta property=\"og:type\" content=\"article\" \/>\n<meta property=\"og:title\" content=\"Elegant Fringe Poncho Shawl | Magyarorsz\u00e1g #1 Poncho Shop\" \/>\n<meta property=\"og:description\" content=\"Looking for a Elegant Fringe Poncho Shawl ? You&#039;ve come to the right place \ud83d\ude04 We offers a wide selection of Elegant Fringe Poncho Shawl, perfect for you.\" \/>\n<meta property=\"og:url\" content=\"https:\/\/ozponcho.com.au\/hu\/p\/elegans-kotott-noi-kopeny\/\" \/>\n<meta property=\"og:site_name\" content=\"OZ Poncho\" \/>\n<meta property=\"article:modified_time\" content=\"2024-07-26T01:28:23+00:00\" \/>\n<meta property=\"og:image\" content=\"https:\/\/ozponcho.com.au\/wp-content\/uploads\/2023\/12\/O1CN015BtifO1QYY4pdtUQ8_2505411988-0-cib.jpg\" \/>\n\t<meta property=\"og:image:width\" content=\"800\" \/>\n\t<meta property=\"og:image:height\" content=\"800\" \/>\n\t<meta property=\"og:image:type\" content=\"image\/jpeg\" \/>\n<meta name=\"twitter:card\" content=\"summary_large_image\" \/>\n<meta name=\"twitter:label1\" content=\"Becs\u00fclt olvas\u00e1si id\u0151\" \/>\n\t<meta name=\"twitter:data1\" content=\"3 perc\" \/>\n<script type=\"application\/ld+json\" class=\"yoast-schema-graph\">{\"@context\":\"https:\/\/schema.org\",\"@graph\":[{\"@type\":\"WebPage\",\"@id\":\"https:\/\/ozponcho.com.au\/p\/chic-knitted-women-cape\/\",\"url\":\"https:\/\/ozponcho.com.au\/p\/chic-knitted-women-cape\/\",\"name\":\"Elegant Fringe Poncho Shawl | Magyarorsz\u00e1g #1 Poncho Shop\",\"isPartOf\":{\"@id\":\"https:\/\/ozponcho.com.au\/#website\"},\"primaryImageOfPage\":{\"@id\":\"https:\/\/ozponcho.com.au\/p\/chic-knitted-women-cape\/#primaryimage\"},\"image\":{\"@id\":\"https:\/\/ozponcho.com.au\/p\/chic-knitted-women-cape\/#primaryimage\"},\"thumbnailUrl\":\"https:\/\/ozponcho.com.au\/wp-content\/uploads\/2023\/12\/O1CN015BtifO1QYY4pdtUQ8_2505411988-0-cib.jpg\",\"datePublished\":\"2023-12-13T07:40:04+00:00\",\"dateModified\":\"2024-07-26T01:28:23+00:00\",\"description\":\"Looking for a Elegant Fringe Poncho Shawl ? You've come to the right place \ud83d\ude04 We offers a wide selection of Elegant Fringe Poncho Shawl, perfect for you.\",\"breadcrumb\":{\"@id\":\"https:\/\/ozponcho.com.au\/p\/chic-knitted-women-cape\/#breadcrumb\"},\"inLanguage\":\"hu\",\"potentialAction\":[{\"@type\":\"ReadAction\",\"target\":[\"https:\/\/ozponcho.com.au\/p\/chic-knitted-women-cape\/\"]}]},{\"@type\":\"ImageObject\",\"inLanguage\":\"hu\",\"@id\":\"https:\/\/ozponcho.com.au\/p\/chic-knitted-women-cape\/#primaryimage\",\"url\":\"https:\/\/ozponcho.com.au\/wp-content\/uploads\/2023\/12\/O1CN015BtifO1QYY4pdtUQ8_2505411988-0-cib.jpg\",\"contentUrl\":\"https:\/\/ozponcho.com.au\/wp-content\/uploads\/2023\/12\/O1CN015BtifO1QYY4pdtUQ8_2505411988-0-cib.jpg\",\"width\":800,\"height\":800,\"caption\":\"Elegant Fringe Poncho Shawl\"},{\"@type\":\"BreadcrumbList\",\"@id\":\"https:\/\/ozponcho.com.au\/p\/chic-knitted-women-cape\/#breadcrumb\",\"itemListElement\":[{\"@type\":\"ListItem\",\"position\":1,\"name\":\"Home\",\"item\":\"https:\/\/ozponcho.com.au\/\"},{\"@type\":\"ListItem\",\"position\":2,\"name\":\"Shop\",\"item\":\"https:\/\/ozponcho.com.au\/shop\/\"},{\"@type\":\"ListItem\",\"position\":3,\"name\":\"Elegant Fringe Poncho Shawl\"}]},{\"@type\":\"WebSite\",\"@id\":\"https:\/\/ozponcho.com.au\/#website\",\"url\":\"https:\/\/ozponcho.com.au\/\",\"name\":\"OZ Poncho\",\"description\":\"\",\"potentialAction\":[{\"@type\":\"SearchAction\",\"target\":{\"@type\":\"EntryPoint\",\"urlTemplate\":\"https:\/\/ozponcho.com.au\/?s={search_term_string}\"},\"query-input\":{\"@type\":\"PropertyValueSpecification\",\"valueRequired\":true,\"valueName\":\"search_term_string\"}}],\"inLanguage\":\"hu\"}]}<\/script>\n<!-- \/ Yoast SEO plugin. -->","yoast_head_json":{"title":"Eleg\u00e1ns rojtos poncs\u00f3 kend\u0151 | Magyarorsz\u00e1g #1 Poncho Shop","description":"Eleg\u00e1ns rojtos poncs\u00f3 kend\u0151t keres ? A legjobb helyre j\u00f6tt\u00e9l \ud83d\ude04 Eleg\u00e1ns rojtos Poncho kend\u0151 sz\u00e9les v\u00e1laszt\u00e9k\u00e1t k\u00edn\u00e1ljuk, t\u00f6k\u00e9letes az \u00d6n sz\u00e1m\u00e1ra.","robots":{"index":"index","follow":"follow","max-snippet":"max-snippet:-1","max-image-preview":"max-image-preview:large","max-video-preview":"max-video-preview:-1"},"canonical":"https:\/\/ozponcho.com.au\/hu\/p\/elegans-kotott-noi-kopeny\/","og_locale":"hu_HU","og_type":"article","og_title":"Elegant Fringe Poncho Shawl | Magyarorsz\u00e1g #1 Poncho Shop","og_description":"Looking for a Elegant Fringe Poncho Shawl ? You've come to the right place \ud83d\ude04 We offers a wide selection of Elegant Fringe Poncho Shawl, perfect for you.","og_url":"https:\/\/ozponcho.com.au\/hu\/p\/elegans-kotott-noi-kopeny\/","og_site_name":"OZ Poncho","article_modified_time":"2024-07-26T01:28:23+00:00","og_image":[{"width":800,"height":800,"url":"https:\/\/ozponcho.com.au\/wp-content\/uploads\/2023\/12\/O1CN015BtifO1QYY4pdtUQ8_2505411988-0-cib.jpg","type":"image\/jpeg"}],"twitter_card":"summary_large_image","twitter_misc":{"Becs\u00fclt olvas\u00e1si id\u0151":"3 perc"},"schema":{"@context":"https:\/\/schema.org","@graph":[{"@type":"WebPage","@id":"https:\/\/ozponcho.com.au\/p\/chic-knitted-women-cape\/","url":"https:\/\/ozponcho.com.au\/p\/chic-knitted-women-cape\/","name":"Eleg\u00e1ns rojtos poncs\u00f3 kend\u0151 | Magyarorsz\u00e1g #1 Poncho Shop","isPartOf":{"@id":"https:\/\/ozponcho.com.au\/#website"},"primaryImageOfPage":{"@id":"https:\/\/ozponcho.com.au\/p\/chic-knitted-women-cape\/#primaryimage"},"image":{"@id":"https:\/\/ozponcho.com.au\/p\/chic-knitted-women-cape\/#primaryimage"},"thumbnailUrl":"https:\/\/ozponcho.com.au\/wp-content\/uploads\/2023\/12\/O1CN015BtifO1QYY4pdtUQ8_2505411988-0-cib.jpg","datePublished":"2023-12-13T07:40:04+00:00","dateModified":"2024-07-26T01:28:23+00:00","description":"Eleg\u00e1ns rojtos poncs\u00f3 kend\u0151t keres ? A legjobb helyre j\u00f6tt\u00e9l \ud83d\ude04 Eleg\u00e1ns rojtos Poncho kend\u0151 sz\u00e9les v\u00e1laszt\u00e9k\u00e1t k\u00edn\u00e1ljuk, t\u00f6k\u00e9letes az \u00d6n sz\u00e1m\u00e1ra.","breadcrumb":{"@id":"https:\/\/ozponcho.com.au\/p\/chic-knitted-women-cape\/#breadcrumb"},"inLanguage":"hu","potentialAction":[{"@type":"ReadAction","target":["https:\/\/ozponcho.com.au\/p\/chic-knitted-women-cape\/"]}]},{"@type":"ImageObject","inLanguage":"hu","@id":"https:\/\/ozponcho.com.au\/p\/chic-knitted-women-cape\/#primaryimage","url":"https:\/\/ozponcho.com.au\/wp-content\/uploads\/2023\/12\/O1CN015BtifO1QYY4pdtUQ8_2505411988-0-cib.jpg","contentUrl":"https:\/\/ozponcho.com.au\/wp-content\/uploads\/2023\/12\/O1CN015BtifO1QYY4pdtUQ8_2505411988-0-cib.jpg","width":800,"height":800,"caption":"Elegant Fringe Poncho Shawl"},{"@type":"BreadcrumbList","@id":"https:\/\/ozponcho.com.au\/p\/chic-knitted-women-cape\/#breadcrumb","itemListElement":[{"@type":"ListItem","position":1,"name":"Home","item":"https:\/\/ozponcho.com.au\/"},{"@type":"ListItem","position":2,"name":"Shop","item":"https:\/\/ozponcho.com.au\/shop\/"},{"@type":"ListItem","position":3,"name":"Elegant Fringe Poncho Shawl"}]},{"@type":"WebSite","@id":"https:\/\/ozponcho.com.au\/#website","url":"https:\/\/ozponcho.com.au\/","name":"OZ Poncho","description":"","potentialAction":[{"@type":"SearchAction","target":{"@type":"EntryPoint","urlTemplate":"https:\/\/ozponcho.com.au\/?s={search_term_string}"},"query-input":{"@type":"PropertyValueSpecification","valueRequired":true,"valueName":"search_term_string"}}],"inLanguage":"hu"}]}},"_links":{"self":[{"href":"https:\/\/ozponcho.com.au\/hu\/wp-json\/wp\/v2\/product\/13600","targetHints":{"allow":["GET"]}}],"collection":[{"href":"https:\/\/ozponcho.com.au\/hu\/wp-json\/wp\/v2\/product"}],"about":[{"href":"https:\/\/ozponcho.com.au\/hu\/wp-json\/wp\/v2\/types\/product"}],"wp:featuredmedia":[{"embeddable":true,"href":"https:\/\/ozponcho.com.au\/hu\/wp-json\/wp\/v2\/media\/13572"}],"wp:attachment":[{"href":"https:\/\/ozponcho.com.au\/hu\/wp-json\/wp\/v2\/media?parent=13600"}],"wp:term":[{"taxonomy":"product_brand","embeddable":true,"href":"https:\/\/ozponcho.com.au\/hu\/wp-json\/wp\/v2\/product_brand?post=13600"},{"taxonomy":"product_cat","embeddable":true,"href":"https:\/\/ozponcho.com.au\/hu\/wp-json\/wp\/v2\/product_cat?post=13600"},{"taxonomy":"product_tag","embeddable":true,"href":"https:\/\/ozponcho.com.au\/hu\/wp-json\/wp\/v2\/product_tag?post=13600"}],"curies":[{"name":"wp","href":"https:\/\/api.w.org\/{rel}","templated":true}]}}