{"id":13585,"date":"2023-12-13T18:39:59","date_gmt":"2023-12-13T07:39:59","guid":{"rendered":"https:\/\/ozponcho.com.au\/p\/autumn-winter-shawl-cape-solid-color-turtleneck-women-sweater\/"},"modified":"2026-01-26T21:59:38","modified_gmt":"2026-01-26T10:59:38","slug":"cozy-turtleneck-women-cape","status":"publish","type":"product","link":"https:\/\/ozponcho.com.au\/hu\/p\/kenyelmes-garbo-noi-kopeny\/","title":{"rendered":"T\u00e9li garb\u00f3 Poncho pul\u00f3ver"},"content":{"rendered":"<p>\u00d6lelje mag\u00e1ra az eleganci\u00e1t \u00e9s a meleget ezzel az \u0151szi-t\u00e9li garb\u00f3 Poncho pul\u00f3verrel, amelyet olyan n\u0151kre szabtak, akiknek fontos a k\u00e9nyelem \u00e9s a st\u00edlus. F\u00e9ny\u0171z\u0151 akrilsz\u00f6vet\u00e9vel a kasm\u00edr pazar \u00e9rint\u00e9s\u00e9t ut\u00e1nozza, \u00e9s meghitt \u00f6lel\u00e9st ny\u00fajt az \u0151szi \u00e9s t\u00e9li hideg ellen. Az egysz\u00edn\u0171, kifinomult garb\u00f3nyakkal d\u00edsz\u00edtett poncs\u00f3 id\u0151tlen diz\u00e1jnnal b\u00fcszk\u00e9lkedhet, amelyet a h\u00edzelg\u0151, laza szab\u00e1s \u00e9s az eleg\u00e1ns 3\/4-es ujjak fokoznak. T\u00f6k\u00e9letes b\u00e1rmilyen alkalmi kir\u00e1ndul\u00e1shoz, ez a poncs\u00f3 azt \u00edg\u00e9ri, hogy az \u00d6n kedvenc ruhadarabja lesz, amely melegen tart, mik\u00f6zben k\u00f6nnyed\u00e9n st\u00edlusosnak t\u0171nik.<\/p>\n<div>St\u00edlus: .<\/div>\n<div>Illeszked\u00e9s: .<\/div>\n<div>Sz\u00f6vet: Jersey<\/div>\n<div>Mint\u00e1zat: Egysz\u00edn\u0171<\/div>\n<div>Elem: Nem<\/div>\n<div>Top Hossz\u00fas\u00e1g: Hossz\u00fa<\/div>\n<div>Nyakkiv\u00e1g\u00e1s: Nyakkiv\u00e1g\u00e1s: Tekn\u0151c\/magas nyak<\/div>\n<div>H\u00fcvely t\u00edpusa: Egy\u00e9b<\/div>\n<div>H\u00fcvely hossza: 3\/4 ujj\u00fa<\/div>\n<div>F\u0151 \u00f6sszet\u00e9tel: Akril<\/div>\n<div>Szezon: \u0150sz\/T\u00e9l<\/div>\n<p><img decoding=\"async\" src=\"https:\/\/ozponcho.com.au\/wp-content\/uploads\/2024\/03\/885197871052226560.png\" \/><img decoding=\"async\" src=\"https:\/\/ozponcho.com.au\/wp-content\/uploads\/2024\/03\/O1CN013fr6451QYY4wbvqEw_2505411988-0-cib.jpg\" \/><img decoding=\"async\" src=\"https:\/\/ozponcho.com.au\/wp-content\/uploads\/2024\/03\/O1CN01M1Zyyf1QYY4lTPG0g_2505411988-0-cib.jpg\" \/><img decoding=\"async\" src=\"https:\/\/ozponcho.com.au\/wp-content\/uploads\/2024\/03\/O1CN01KkNQok1QYY4vi1tNp_2505411988-0-cib.jpg\" \/><img decoding=\"async\" src=\"https:\/\/ozponcho.com.au\/wp-content\/uploads\/2024\/03\/O1CN01ZJ1IKU1QYY4mxYjTT_2505411988-0-cib.jpg\" \/><img decoding=\"async\" src=\"https:\/\/ozponcho.com.au\/wp-content\/uploads\/2024\/03\/O1CN01t4JEYl1QYY4lTO7Kp_2505411988-0-cib.jpg\" \/><img decoding=\"async\" src=\"https:\/\/ozponcho.com.au\/wp-content\/uploads\/2024\/03\/O1CN01UtPOMC1QYY4wbzfOO_2505411988-0-cib.jpg\" \/><img decoding=\"async\" src=\"https:\/\/ozponcho.com.au\/wp-content\/uploads\/2024\/03\/O1CN01gjeiLx1QYY4r3Of8w_2505411988-0-cib.jpg\" \/><img decoding=\"async\" src=\"https:\/\/ozponcho.com.au\/wp-content\/uploads\/2024\/03\/O1CN01mniXXk1QYY4qBTQt1_2505411988-0-cib.jpg\" \/><img decoding=\"async\" src=\"https:\/\/ozponcho.com.au\/wp-content\/uploads\/2024\/03\/O1CN01R7HTbm1QYY4qBTZDe_2505411988-0-cib.jpg\" \/><\/p>","protected":false},"excerpt":{"rendered":"<p>Embrace elegance and warmth with this Autumn Winter Turtleneck Poncho Sweater, tailored for women who value both comfort and style. Its luxurious acrylic fabric simulates the sumptuous touch of cashmere, offering a cozy embrace against the chill of fall and winter. Adorned with a solid color and a sophisticated turtleneck, this poncho boasts a timeless [&#8230;]","protected":false},"featured_media":13545,"template":"","meta":[],"product_brand":[],"product_cat":[226,15,228,214,210],"product_tag":[],"class_list":{"0":"post-13585","1":"product","2":"type-product","3":"status-publish","4":"has-post-thumbnail","6":"product_cat-brown-poncho","7":"product_cat-main-category","8":"product_cat-poncho-sweater","9":"product_cat-knitted-crochet-poncho","10":"product_cat-poncho-women","12":"first","13":"instock","14":"shipping-taxable","15":"purchasable","16":"product-type-variable"},"yoast_head":"<!-- This site is optimized with the Yoast SEO plugin v25.9 - https:\/\/yoast.com\/wordpress\/plugins\/seo\/ -->\n<title>Winter Turtleneck Poncho Sweater | Magyarorsz\u00e1g #1 Poncho Shop<\/title>\n<meta name=\"description\" content=\"Looking for a Winter Turtleneck Poncho Sweater ? You&#039;ve come to the right place \ud83d\ude04 We offers a wide selection of Winter Turtleneck Poncho Sweater, perfect for you.\" \/>\n<meta name=\"robots\" content=\"index, follow, max-snippet:-1, max-image-preview:large, max-video-preview:-1\" \/>\n<link rel=\"canonical\" href=\"https:\/\/ozponcho.com.au\/hu\/p\/kenyelmes-garbo-noi-kopeny\/\" \/>\n<meta property=\"og:locale\" content=\"hu_HU\" \/>\n<meta property=\"og:type\" content=\"article\" \/>\n<meta property=\"og:title\" content=\"Winter Turtleneck Poncho Sweater | Magyarorsz\u00e1g #1 Poncho Shop\" \/>\n<meta property=\"og:description\" content=\"Looking for a Winter Turtleneck Poncho Sweater ? You&#039;ve come to the right place \ud83d\ude04 We offers a wide selection of Winter Turtleneck Poncho Sweater, perfect for you.\" \/>\n<meta property=\"og:url\" content=\"https:\/\/ozponcho.com.au\/hu\/p\/kenyelmes-garbo-noi-kopeny\/\" \/>\n<meta property=\"og:site_name\" content=\"OZ Poncho\" \/>\n<meta property=\"article:modified_time\" content=\"2026-01-26T10:59:38+00:00\" \/>\n<meta property=\"og:image\" content=\"https:\/\/ozponcho.com.au\/wp-content\/uploads\/2023\/12\/O1CN01k68OZc1QYY4j7wlHq_2505411988-0-cib.jpg\" \/>\n\t<meta property=\"og:image:width\" content=\"800\" \/>\n\t<meta property=\"og:image:height\" content=\"800\" \/>\n\t<meta property=\"og:image:type\" content=\"image\/jpeg\" \/>\n<meta name=\"twitter:card\" content=\"summary_large_image\" \/>\n<meta name=\"twitter:label1\" content=\"Becs\u00fclt olvas\u00e1si id\u0151\" \/>\n\t<meta name=\"twitter:data1\" content=\"3 perc\" \/>\n<script type=\"application\/ld+json\" class=\"yoast-schema-graph\">{\"@context\":\"https:\/\/schema.org\",\"@graph\":[{\"@type\":\"WebPage\",\"@id\":\"https:\/\/ozponcho.com.au\/p\/cozy-turtleneck-women-cape\/\",\"url\":\"https:\/\/ozponcho.com.au\/p\/cozy-turtleneck-women-cape\/\",\"name\":\"Winter Turtleneck Poncho Sweater | Magyarorsz\u00e1g #1 Poncho Shop\",\"isPartOf\":{\"@id\":\"https:\/\/ozponcho.com.au\/#website\"},\"primaryImageOfPage\":{\"@id\":\"https:\/\/ozponcho.com.au\/p\/cozy-turtleneck-women-cape\/#primaryimage\"},\"image\":{\"@id\":\"https:\/\/ozponcho.com.au\/p\/cozy-turtleneck-women-cape\/#primaryimage\"},\"thumbnailUrl\":\"https:\/\/ozponcho.com.au\/wp-content\/uploads\/2023\/12\/O1CN01k68OZc1QYY4j7wlHq_2505411988-0-cib.jpg\",\"datePublished\":\"2023-12-13T07:39:59+00:00\",\"dateModified\":\"2026-01-26T10:59:38+00:00\",\"description\":\"Looking for a Winter Turtleneck Poncho Sweater ? You've come to the right place \ud83d\ude04 We offers a wide selection of Winter Turtleneck Poncho Sweater, perfect for you.\",\"breadcrumb\":{\"@id\":\"https:\/\/ozponcho.com.au\/p\/cozy-turtleneck-women-cape\/#breadcrumb\"},\"inLanguage\":\"hu\",\"potentialAction\":[{\"@type\":\"ReadAction\",\"target\":[\"https:\/\/ozponcho.com.au\/p\/cozy-turtleneck-women-cape\/\"]}]},{\"@type\":\"ImageObject\",\"inLanguage\":\"hu\",\"@id\":\"https:\/\/ozponcho.com.au\/p\/cozy-turtleneck-women-cape\/#primaryimage\",\"url\":\"https:\/\/ozponcho.com.au\/wp-content\/uploads\/2023\/12\/O1CN01k68OZc1QYY4j7wlHq_2505411988-0-cib.jpg\",\"contentUrl\":\"https:\/\/ozponcho.com.au\/wp-content\/uploads\/2023\/12\/O1CN01k68OZc1QYY4j7wlHq_2505411988-0-cib.jpg\",\"width\":800,\"height\":800,\"caption\":\"Winter Turtleneck Poncho Sweater\"},{\"@type\":\"BreadcrumbList\",\"@id\":\"https:\/\/ozponcho.com.au\/p\/cozy-turtleneck-women-cape\/#breadcrumb\",\"itemListElement\":[{\"@type\":\"ListItem\",\"position\":1,\"name\":\"Home\",\"item\":\"https:\/\/ozponcho.com.au\/\"},{\"@type\":\"ListItem\",\"position\":2,\"name\":\"Shop\",\"item\":\"https:\/\/ozponcho.com.au\/shop\/\"},{\"@type\":\"ListItem\",\"position\":3,\"name\":\"Winter Turtleneck Poncho Sweater\"}]},{\"@type\":\"WebSite\",\"@id\":\"https:\/\/ozponcho.com.au\/#website\",\"url\":\"https:\/\/ozponcho.com.au\/\",\"name\":\"OZ Poncho\",\"description\":\"\",\"potentialAction\":[{\"@type\":\"SearchAction\",\"target\":{\"@type\":\"EntryPoint\",\"urlTemplate\":\"https:\/\/ozponcho.com.au\/?s={search_term_string}\"},\"query-input\":{\"@type\":\"PropertyValueSpecification\",\"valueRequired\":true,\"valueName\":\"search_term_string\"}}],\"inLanguage\":\"hu\"}]}<\/script>\n<!-- \/ Yoast SEO plugin. -->","yoast_head_json":{"title":"T\u00e9li garb\u00f3 Poncho pul\u00f3ver | Magyarorsz\u00e1g #1 Poncho Shop","description":"T\u00e9li garb\u00f3 Poncho pul\u00f3vert keresel ? Akkor j\u00f3 helyen j\u00e1rsz \ud83d\ude04 T\u00e9li garb\u00f3 Poncho pul\u00f3ver sz\u00e9les v\u00e1laszt\u00e9k\u00e1t k\u00edn\u00e1ljuk, t\u00f6k\u00e9letes az \u00d6n sz\u00e1m\u00e1ra.","robots":{"index":"index","follow":"follow","max-snippet":"max-snippet:-1","max-image-preview":"max-image-preview:large","max-video-preview":"max-video-preview:-1"},"canonical":"https:\/\/ozponcho.com.au\/hu\/p\/kenyelmes-garbo-noi-kopeny\/","og_locale":"hu_HU","og_type":"article","og_title":"Winter Turtleneck Poncho Sweater | Magyarorsz\u00e1g #1 Poncho Shop","og_description":"Looking for a Winter Turtleneck Poncho Sweater ? You've come to the right place \ud83d\ude04 We offers a wide selection of Winter Turtleneck Poncho Sweater, perfect for you.","og_url":"https:\/\/ozponcho.com.au\/hu\/p\/kenyelmes-garbo-noi-kopeny\/","og_site_name":"OZ Poncho","article_modified_time":"2026-01-26T10:59:38+00:00","og_image":[{"width":800,"height":800,"url":"https:\/\/ozponcho.com.au\/wp-content\/uploads\/2023\/12\/O1CN01k68OZc1QYY4j7wlHq_2505411988-0-cib.jpg","type":"image\/jpeg"}],"twitter_card":"summary_large_image","twitter_misc":{"Becs\u00fclt olvas\u00e1si id\u0151":"3 perc"},"schema":{"@context":"https:\/\/schema.org","@graph":[{"@type":"WebPage","@id":"https:\/\/ozponcho.com.au\/p\/cozy-turtleneck-women-cape\/","url":"https:\/\/ozponcho.com.au\/p\/cozy-turtleneck-women-cape\/","name":"T\u00e9li garb\u00f3 Poncho pul\u00f3ver | Magyarorsz\u00e1g #1 Poncho Shop","isPartOf":{"@id":"https:\/\/ozponcho.com.au\/#website"},"primaryImageOfPage":{"@id":"https:\/\/ozponcho.com.au\/p\/cozy-turtleneck-women-cape\/#primaryimage"},"image":{"@id":"https:\/\/ozponcho.com.au\/p\/cozy-turtleneck-women-cape\/#primaryimage"},"thumbnailUrl":"https:\/\/ozponcho.com.au\/wp-content\/uploads\/2023\/12\/O1CN01k68OZc1QYY4j7wlHq_2505411988-0-cib.jpg","datePublished":"2023-12-13T07:39:59+00:00","dateModified":"2026-01-26T10:59:38+00:00","description":"T\u00e9li garb\u00f3 Poncho pul\u00f3vert keresel ? Akkor j\u00f3 helyen j\u00e1rsz \ud83d\ude04 T\u00e9li garb\u00f3 Poncho pul\u00f3ver sz\u00e9les v\u00e1laszt\u00e9k\u00e1t k\u00edn\u00e1ljuk, t\u00f6k\u00e9letes az \u00d6n sz\u00e1m\u00e1ra.","breadcrumb":{"@id":"https:\/\/ozponcho.com.au\/p\/cozy-turtleneck-women-cape\/#breadcrumb"},"inLanguage":"hu","potentialAction":[{"@type":"ReadAction","target":["https:\/\/ozponcho.com.au\/p\/cozy-turtleneck-women-cape\/"]}]},{"@type":"ImageObject","inLanguage":"hu","@id":"https:\/\/ozponcho.com.au\/p\/cozy-turtleneck-women-cape\/#primaryimage","url":"https:\/\/ozponcho.com.au\/wp-content\/uploads\/2023\/12\/O1CN01k68OZc1QYY4j7wlHq_2505411988-0-cib.jpg","contentUrl":"https:\/\/ozponcho.com.au\/wp-content\/uploads\/2023\/12\/O1CN01k68OZc1QYY4j7wlHq_2505411988-0-cib.jpg","width":800,"height":800,"caption":"Winter Turtleneck Poncho Sweater"},{"@type":"BreadcrumbList","@id":"https:\/\/ozponcho.com.au\/p\/cozy-turtleneck-women-cape\/#breadcrumb","itemListElement":[{"@type":"ListItem","position":1,"name":"Home","item":"https:\/\/ozponcho.com.au\/"},{"@type":"ListItem","position":2,"name":"Shop","item":"https:\/\/ozponcho.com.au\/shop\/"},{"@type":"ListItem","position":3,"name":"Winter Turtleneck Poncho Sweater"}]},{"@type":"WebSite","@id":"https:\/\/ozponcho.com.au\/#website","url":"https:\/\/ozponcho.com.au\/","name":"OZ Poncho","description":"","potentialAction":[{"@type":"SearchAction","target":{"@type":"EntryPoint","urlTemplate":"https:\/\/ozponcho.com.au\/?s={search_term_string}"},"query-input":{"@type":"PropertyValueSpecification","valueRequired":true,"valueName":"search_term_string"}}],"inLanguage":"hu"}]}},"_links":{"self":[{"href":"https:\/\/ozponcho.com.au\/hu\/wp-json\/wp\/v2\/product\/13585","targetHints":{"allow":["GET"]}}],"collection":[{"href":"https:\/\/ozponcho.com.au\/hu\/wp-json\/wp\/v2\/product"}],"about":[{"href":"https:\/\/ozponcho.com.au\/hu\/wp-json\/wp\/v2\/types\/product"}],"wp:featuredmedia":[{"embeddable":true,"href":"https:\/\/ozponcho.com.au\/hu\/wp-json\/wp\/v2\/media\/13545"}],"wp:attachment":[{"href":"https:\/\/ozponcho.com.au\/hu\/wp-json\/wp\/v2\/media?parent=13585"}],"wp:term":[{"taxonomy":"product_brand","embeddable":true,"href":"https:\/\/ozponcho.com.au\/hu\/wp-json\/wp\/v2\/product_brand?post=13585"},{"taxonomy":"product_cat","embeddable":true,"href":"https:\/\/ozponcho.com.au\/hu\/wp-json\/wp\/v2\/product_cat?post=13585"},{"taxonomy":"product_tag","embeddable":true,"href":"https:\/\/ozponcho.com.au\/hu\/wp-json\/wp\/v2\/product_tag?post=13585"}],"curies":[{"name":"wp","href":"https:\/\/api.w.org\/{rel}","templated":true}]}}