{"id":13235,"date":"2023-12-13T18:38:57","date_gmt":"2023-12-13T07:38:57","guid":{"rendered":"https:\/\/ozponcho.com.au\/p\/women-clothing-casual-loose-v-neck-hooded-pullover-mid-length-sweater-waistcoat-cloak-jacket\/"},"modified":"2025-05-03T18:06:02","modified_gmt":"2025-05-03T07:06:02","slug":"womens-cozy-boho-poncho","status":"publish","type":"product","link":"https:\/\/ozponcho.com.au\/hu\/p\/noi-kenyelmes-boho-poncso\/","title":{"rendered":"Alkalmi sz\u00fcrke kapucnis poncs\u00f3"},"content":{"rendered":"<p>Fogadd el a hideget, \u00e9s t\u00f6ltsd fel a st\u00edlusodat a Casual Grey kapucnis poncs\u00f3val. Ez a poncs\u00f3 az \u0151sz \u00e9s a t\u00e9l elengedhetetlen kell\u00e9ke, \u00e9s olyan gondtalan, boh\u00e9m hangulatot \u00e1raszt, amely a szabad szellemek \u00e9s a divatrajong\u00f3k k\u00f6r\u00e9ben egyar\u00e1nt n\u00e9pszer\u0171. K\u00e9nyelmes trik\u00f3anyaga, valamint a nagyvonal\u00fa kapucni biztos\u00edtja a meleget \u00e9s a sokoldal\u00fas\u00e1got. Az eleg\u00e1ns rojtos r\u00e9szletek \u00e9s az eleg\u00e1ns egysz\u00edn\u0171 sz\u00fcrke sz\u00edn fokozza a st\u00edlusos vonzer\u0151t. Ak\u00e1r \u00fcgyeket int\u00e9z, ak\u00e1r egy pihentet\u0151 napot \u00e9lvez, ponch\u00f3nk \u00edg\u00e9ri, hogy k\u00e9nyelmes \u00e9s divatos lesz. Dobja fel ruhat\u00e1r\u00e1t ezzel a k\u00f6telez\u0151en sz\u00fcks\u00e9ges, k\u00e9nyelmes r\u00e9teggel!<\/p>\n<div>St\u00edlus: .<\/div>\n<div>Illeszked\u00e9s: .<\/div>\n<div>Sz\u00f6vet: Jersey<\/div>\n<div>Mint\u00e1zat: Egysz\u00edn\u0171<\/div>\n<div>Elem: Fringe<\/div>\n<div>Top Hossz\u00fas\u00e1g: Hossz\u00fa<\/div>\n<div>Nyakkiv\u00e1g\u00e1s: Csukly\u00e1s<\/div>\n<div>H\u00fcvely t\u00edpusa: Szab\u00e1lyos<\/div>\n<div>H\u00fcvely hossza: Hossz\u00fa ujj\u00fa<\/div>\n<div>F\u0151 \u00f6sszet\u00e9tel: Poli\u00e9szter<\/div>\n<div>Szezon: \u0150sz\/T\u00e9l<\/div>\n<p><img decoding=\"async\" src=\"https:\/\/ozponcho.com.au\/wp-content\/uploads\/2024\/03\/1163781901685620736.png\" \/><img decoding=\"async\" src=\"https:\/\/ozponcho.com.au\/wp-content\/uploads\/2024\/03\/O1CN01arJrWf1wQMtH3aaje_2455536302-0-cib.jpg\" \/><img decoding=\"async\" src=\"https:\/\/ozponcho.com.au\/wp-content\/uploads\/2024\/03\/O1CN01uzS4Or1wQMtH3aFxG_2455536302-0-cib.jpg\" \/><img decoding=\"async\" src=\"https:\/\/ozponcho.com.au\/wp-content\/uploads\/2024\/03\/O1CN01Lqnnej1wQMtNhNy31_2455536302-0-cib.jpg\" \/><img decoding=\"async\" src=\"https:\/\/ozponcho.com.au\/wp-content\/uploads\/2024\/03\/O1CN01S9wk921wQMtPLavLe_2455536302-0-cib.jpg\" \/><img decoding=\"async\" src=\"https:\/\/ozponcho.com.au\/wp-content\/uploads\/2024\/03\/O1CN01KX22a91wQMtME5f0D_2455536302-0-cib.jpg\" \/><img decoding=\"async\" src=\"https:\/\/ozponcho.com.au\/wp-content\/uploads\/2024\/03\/O1CN01lXziVy1wQMtNIACep_2455536302-0-cib.jpg\" \/><img decoding=\"async\" src=\"https:\/\/ozponcho.com.au\/wp-content\/uploads\/2024\/03\/O1CN014yFoLJ1wQMtNJZPcD_2455536302-0-cib.jpg\" \/><img decoding=\"async\" src=\"https:\/\/ozponcho.com.au\/wp-content\/uploads\/2024\/03\/O1CN01McdoXt1wQMtLI9pXJ_2455536302-0-cib.jpg\" \/><img decoding=\"async\" src=\"https:\/\/ozponcho.com.au\/wp-content\/uploads\/2024\/03\/O1CN01Lel2XD1wQMtJ7pvqV_2455536302-0-cib.jpg\" \/><img decoding=\"async\" src=\"https:\/\/ozponcho.com.au\/wp-content\/uploads\/2024\/03\/O1CN01V0YT071wQMtOXwL32_2455536302-0-cib.jpg\" \/><img decoding=\"async\" src=\"https:\/\/ozponcho.com.au\/wp-content\/uploads\/2024\/03\/O1CN01rw1Y0P1wQMtJ2vTMN_2455536302-0-cib.jpg\" \/><img decoding=\"async\" src=\"https:\/\/ozponcho.com.au\/wp-content\/uploads\/2024\/03\/O1CN01Vi7J8r1wQMtQuWF6a_2455536302-0-cib.jpg\" \/><img decoding=\"async\" src=\"https:\/\/ozponcho.com.au\/wp-content\/uploads\/2024\/03\/O1CN01AWvfTQ1wQMtPqv2Or_2455536302-0-cib.jpg\" \/><\/p>","protected":false},"excerpt":{"rendered":"<p>Embrace the chill and infuse your style with our Casual Grey Hooded Poncho. Crafted to be your go-to fall and winter essential, this poncho exudes a carefree bohemian vibe that resonates with free spirits and fashion enthusiasts alike. Its comfortable jersey fabric, coupled with a generous hood, ensures warmth and versatility. The chic fringe detailing [&#8230;]","protected":false},"featured_media":13116,"template":"","meta":[],"product_brand":[],"product_cat":[229,220,225,15,230,228,210],"product_tag":[],"class_list":{"0":"post-13235","1":"product","2":"type-product","3":"status-publish","4":"has-post-thumbnail","6":"product_cat-blanket-poncho","7":"product_cat-green-poncho","8":"product_cat-grey-poncho","9":"product_cat-main-category","10":"product_cat-poncho-dress","11":"product_cat-poncho-sweater","12":"product_cat-poncho-women","14":"first","15":"instock","16":"shipping-taxable","17":"purchasable","18":"product-type-variable"},"yoast_head":"<!-- This site is optimized with the Yoast SEO plugin v25.9 - https:\/\/yoast.com\/wordpress\/plugins\/seo\/ -->\n<title>Casual Grey Hooded Poncho | Magyarorsz\u00e1g #1 Poncho Shop<\/title>\n<meta name=\"description\" content=\"Looking for a Casual Grey Hooded Poncho ? You&#039;ve come to the right place \ud83d\ude04 We offers a wide selection of Casual Grey Hooded Poncho, perfect for you.\" \/>\n<meta name=\"robots\" content=\"index, follow, max-snippet:-1, max-image-preview:large, max-video-preview:-1\" \/>\n<link rel=\"canonical\" href=\"https:\/\/ozponcho.com.au\/hu\/p\/noi-kenyelmes-boho-poncso\/\" \/>\n<meta property=\"og:locale\" content=\"hu_HU\" \/>\n<meta property=\"og:type\" content=\"article\" \/>\n<meta property=\"og:title\" content=\"Casual Grey Hooded Poncho | Magyarorsz\u00e1g #1 Poncho Shop\" \/>\n<meta property=\"og:description\" content=\"Looking for a Casual Grey Hooded Poncho ? You&#039;ve come to the right place \ud83d\ude04 We offers a wide selection of Casual Grey Hooded Poncho, perfect for you.\" \/>\n<meta property=\"og:url\" content=\"https:\/\/ozponcho.com.au\/hu\/p\/noi-kenyelmes-boho-poncso\/\" \/>\n<meta property=\"og:site_name\" content=\"OZ Poncho\" \/>\n<meta property=\"article:modified_time\" content=\"2025-05-03T07:06:02+00:00\" \/>\n<meta property=\"og:image\" content=\"https:\/\/ozponcho.com.au\/wp-content\/uploads\/2023\/12\/O1CN01FgQknY1wQMtNIDctT_2455536302-0-cib.jpg\" \/>\n\t<meta property=\"og:image:width\" content=\"1800\" \/>\n\t<meta property=\"og:image:height\" content=\"1800\" \/>\n\t<meta property=\"og:image:type\" content=\"image\/jpeg\" \/>\n<meta name=\"twitter:card\" content=\"summary_large_image\" \/>\n<meta name=\"twitter:label1\" content=\"Becs\u00fclt olvas\u00e1si id\u0151\" \/>\n\t<meta name=\"twitter:data1\" content=\"4 perc\" \/>\n<script type=\"application\/ld+json\" class=\"yoast-schema-graph\">{\"@context\":\"https:\/\/schema.org\",\"@graph\":[{\"@type\":\"WebPage\",\"@id\":\"https:\/\/ozponcho.com.au\/p\/womens-cozy-boho-poncho\/\",\"url\":\"https:\/\/ozponcho.com.au\/p\/womens-cozy-boho-poncho\/\",\"name\":\"Casual Grey Hooded Poncho | Magyarorsz\u00e1g #1 Poncho Shop\",\"isPartOf\":{\"@id\":\"https:\/\/ozponcho.com.au\/#website\"},\"primaryImageOfPage\":{\"@id\":\"https:\/\/ozponcho.com.au\/p\/womens-cozy-boho-poncho\/#primaryimage\"},\"image\":{\"@id\":\"https:\/\/ozponcho.com.au\/p\/womens-cozy-boho-poncho\/#primaryimage\"},\"thumbnailUrl\":\"https:\/\/ozponcho.com.au\/wp-content\/uploads\/2023\/12\/O1CN01FgQknY1wQMtNIDctT_2455536302-0-cib.jpg\",\"datePublished\":\"2023-12-13T07:38:57+00:00\",\"dateModified\":\"2025-05-03T07:06:02+00:00\",\"description\":\"Looking for a Casual Grey Hooded Poncho ? You've come to the right place \ud83d\ude04 We offers a wide selection of Casual Grey Hooded Poncho, perfect for you.\",\"breadcrumb\":{\"@id\":\"https:\/\/ozponcho.com.au\/p\/womens-cozy-boho-poncho\/#breadcrumb\"},\"inLanguage\":\"hu\",\"potentialAction\":[{\"@type\":\"ReadAction\",\"target\":[\"https:\/\/ozponcho.com.au\/p\/womens-cozy-boho-poncho\/\"]}]},{\"@type\":\"ImageObject\",\"inLanguage\":\"hu\",\"@id\":\"https:\/\/ozponcho.com.au\/p\/womens-cozy-boho-poncho\/#primaryimage\",\"url\":\"https:\/\/ozponcho.com.au\/wp-content\/uploads\/2023\/12\/O1CN01FgQknY1wQMtNIDctT_2455536302-0-cib.jpg\",\"contentUrl\":\"https:\/\/ozponcho.com.au\/wp-content\/uploads\/2023\/12\/O1CN01FgQknY1wQMtNIDctT_2455536302-0-cib.jpg\",\"width\":1800,\"height\":1800,\"caption\":\"Casual Grey Hooded Poncho\"},{\"@type\":\"BreadcrumbList\",\"@id\":\"https:\/\/ozponcho.com.au\/p\/womens-cozy-boho-poncho\/#breadcrumb\",\"itemListElement\":[{\"@type\":\"ListItem\",\"position\":1,\"name\":\"Home\",\"item\":\"https:\/\/ozponcho.com.au\/\"},{\"@type\":\"ListItem\",\"position\":2,\"name\":\"Shop\",\"item\":\"https:\/\/ozponcho.com.au\/shop\/\"},{\"@type\":\"ListItem\",\"position\":3,\"name\":\"Casual Grey Hooded Poncho\"}]},{\"@type\":\"WebSite\",\"@id\":\"https:\/\/ozponcho.com.au\/#website\",\"url\":\"https:\/\/ozponcho.com.au\/\",\"name\":\"OZ Poncho\",\"description\":\"\",\"potentialAction\":[{\"@type\":\"SearchAction\",\"target\":{\"@type\":\"EntryPoint\",\"urlTemplate\":\"https:\/\/ozponcho.com.au\/?s={search_term_string}\"},\"query-input\":{\"@type\":\"PropertyValueSpecification\",\"valueRequired\":true,\"valueName\":\"search_term_string\"}}],\"inLanguage\":\"hu\"}]}<\/script>\n<!-- \/ Yoast SEO plugin. -->","yoast_head_json":{"title":"Alkalmi sz\u00fcrke kapucnis poncs\u00f3 | Magyarorsz\u00e1g #1 Poncs\u00f3 Shop","description":"Alkalmi sz\u00fcrke kapucnis poncs\u00f3t keres ? A legjobb helyen j\u00e1rsz \ud83d\ude04 Alkalmi sz\u00fcrke kapucnis poncs\u00f3 sz\u00e9les v\u00e1laszt\u00e9k\u00e1t k\u00edn\u00e1ljuk, t\u00f6k\u00e9letes az \u00d6n sz\u00e1m\u00e1ra.","robots":{"index":"index","follow":"follow","max-snippet":"max-snippet:-1","max-image-preview":"max-image-preview:large","max-video-preview":"max-video-preview:-1"},"canonical":"https:\/\/ozponcho.com.au\/hu\/p\/noi-kenyelmes-boho-poncso\/","og_locale":"hu_HU","og_type":"article","og_title":"Casual Grey Hooded Poncho | Magyarorsz\u00e1g #1 Poncho Shop","og_description":"Looking for a Casual Grey Hooded Poncho ? You've come to the right place \ud83d\ude04 We offers a wide selection of Casual Grey Hooded Poncho, perfect for you.","og_url":"https:\/\/ozponcho.com.au\/hu\/p\/noi-kenyelmes-boho-poncso\/","og_site_name":"OZ Poncho","article_modified_time":"2025-05-03T07:06:02+00:00","og_image":[{"width":1800,"height":1800,"url":"https:\/\/ozponcho.com.au\/wp-content\/uploads\/2023\/12\/O1CN01FgQknY1wQMtNIDctT_2455536302-0-cib.jpg","type":"image\/jpeg"}],"twitter_card":"summary_large_image","twitter_misc":{"Becs\u00fclt olvas\u00e1si id\u0151":"4 perc"},"schema":{"@context":"https:\/\/schema.org","@graph":[{"@type":"WebPage","@id":"https:\/\/ozponcho.com.au\/p\/womens-cozy-boho-poncho\/","url":"https:\/\/ozponcho.com.au\/p\/womens-cozy-boho-poncho\/","name":"Alkalmi sz\u00fcrke kapucnis poncs\u00f3 | Magyarorsz\u00e1g #1 Poncs\u00f3 Shop","isPartOf":{"@id":"https:\/\/ozponcho.com.au\/#website"},"primaryImageOfPage":{"@id":"https:\/\/ozponcho.com.au\/p\/womens-cozy-boho-poncho\/#primaryimage"},"image":{"@id":"https:\/\/ozponcho.com.au\/p\/womens-cozy-boho-poncho\/#primaryimage"},"thumbnailUrl":"https:\/\/ozponcho.com.au\/wp-content\/uploads\/2023\/12\/O1CN01FgQknY1wQMtNIDctT_2455536302-0-cib.jpg","datePublished":"2023-12-13T07:38:57+00:00","dateModified":"2025-05-03T07:06:02+00:00","description":"Alkalmi sz\u00fcrke kapucnis poncs\u00f3t keres ? A legjobb helyen j\u00e1rsz \ud83d\ude04 Alkalmi sz\u00fcrke kapucnis poncs\u00f3 sz\u00e9les v\u00e1laszt\u00e9k\u00e1t k\u00edn\u00e1ljuk, t\u00f6k\u00e9letes az \u00d6n sz\u00e1m\u00e1ra.","breadcrumb":{"@id":"https:\/\/ozponcho.com.au\/p\/womens-cozy-boho-poncho\/#breadcrumb"},"inLanguage":"hu","potentialAction":[{"@type":"ReadAction","target":["https:\/\/ozponcho.com.au\/p\/womens-cozy-boho-poncho\/"]}]},{"@type":"ImageObject","inLanguage":"hu","@id":"https:\/\/ozponcho.com.au\/p\/womens-cozy-boho-poncho\/#primaryimage","url":"https:\/\/ozponcho.com.au\/wp-content\/uploads\/2023\/12\/O1CN01FgQknY1wQMtNIDctT_2455536302-0-cib.jpg","contentUrl":"https:\/\/ozponcho.com.au\/wp-content\/uploads\/2023\/12\/O1CN01FgQknY1wQMtNIDctT_2455536302-0-cib.jpg","width":1800,"height":1800,"caption":"Casual Grey Hooded Poncho"},{"@type":"BreadcrumbList","@id":"https:\/\/ozponcho.com.au\/p\/womens-cozy-boho-poncho\/#breadcrumb","itemListElement":[{"@type":"ListItem","position":1,"name":"Home","item":"https:\/\/ozponcho.com.au\/"},{"@type":"ListItem","position":2,"name":"Shop","item":"https:\/\/ozponcho.com.au\/shop\/"},{"@type":"ListItem","position":3,"name":"Casual Grey Hooded Poncho"}]},{"@type":"WebSite","@id":"https:\/\/ozponcho.com.au\/#website","url":"https:\/\/ozponcho.com.au\/","name":"OZ Poncho","description":"","potentialAction":[{"@type":"SearchAction","target":{"@type":"EntryPoint","urlTemplate":"https:\/\/ozponcho.com.au\/?s={search_term_string}"},"query-input":{"@type":"PropertyValueSpecification","valueRequired":true,"valueName":"search_term_string"}}],"inLanguage":"hu"}]}},"_links":{"self":[{"href":"https:\/\/ozponcho.com.au\/hu\/wp-json\/wp\/v2\/product\/13235","targetHints":{"allow":["GET"]}}],"collection":[{"href":"https:\/\/ozponcho.com.au\/hu\/wp-json\/wp\/v2\/product"}],"about":[{"href":"https:\/\/ozponcho.com.au\/hu\/wp-json\/wp\/v2\/types\/product"}],"wp:featuredmedia":[{"embeddable":true,"href":"https:\/\/ozponcho.com.au\/hu\/wp-json\/wp\/v2\/media\/13116"}],"wp:attachment":[{"href":"https:\/\/ozponcho.com.au\/hu\/wp-json\/wp\/v2\/media?parent=13235"}],"wp:term":[{"taxonomy":"product_brand","embeddable":true,"href":"https:\/\/ozponcho.com.au\/hu\/wp-json\/wp\/v2\/product_brand?post=13235"},{"taxonomy":"product_cat","embeddable":true,"href":"https:\/\/ozponcho.com.au\/hu\/wp-json\/wp\/v2\/product_cat?post=13235"},{"taxonomy":"product_tag","embeddable":true,"href":"https:\/\/ozponcho.com.au\/hu\/wp-json\/wp\/v2\/product_tag?post=13235"}],"curies":[{"name":"wp","href":"https:\/\/api.w.org\/{rel}","templated":true}]}}