{"id":13137,"date":"2023-12-13T18:38:24","date_gmt":"2023-12-13T07:38:24","guid":{"rendered":"https:\/\/ozponcho.com.au\/p\/knitwear-autumn-winter-long-cable-knit-sweater-women-button-cardigan\/"},"modified":"2026-04-22T12:20:48","modified_gmt":"2026-04-22T01:20:48","slug":"olive-knit-sweater-poncho","status":"publish","type":"product","link":"https:\/\/ozponcho.com.au\/hu\/p\/oliva-szinu-kotott-pulover-poncso\/","title":{"rendered":"N\u0151i oliva sz\u00edn\u0171 Poncho kardig\u00e1n"},"content":{"rendered":"<p>Fogadd a h\u0171v\u00f6s \u00e9vszakokat st\u00edlusosan a n\u0151i oliva sz\u00edn\u0171 Poncho kardig\u00e1nnal. Ez a hossz\u00fa, k\u00e9nyelmes pul\u00f3ver klasszikus k\u00e1belk\u00f6t\u00e9ses kialak\u00edt\u00e1ssal b\u00fcszk\u00e9lkedhet, amely melegs\u00e9gbe burkolja \u00d6nt. Egyber\u00e9szes gombos z\u00e1r\u00f3d\u00e1ssal \u00e9s funkcion\u00e1lis zsebekkel d\u00edsz\u00edtve ide\u00e1lis kieg\u00e9sz\u00edt\u0151je b\u00e1rmely \u0151szi vagy t\u00e9li ruhat\u00e1rnak. Karcs\u00fa szab\u00e1s\u00fa sziluettje h\u00edzelg\u0151 alakot biztos\u00edt, mik\u00f6zben b\u0151s\u00e9ges k\u00e9nyelmet biztos\u00edt. Ez az ol\u00edvaz\u00f6ld kardig\u00e1nos poncs\u00f3 t\u00f6k\u00e9letes r\u00e9tegez\u00e9shez, sokoldal\u00fa darab, amely egy alkalmi k\u00e1v\u00e9z\u00e1st\u00f3l az otthon t\u00f6lt\u00f6tt meghitt est\u00e9kig elviszi \u00d6nt. Legyen a ti\u00e9d m\u00e9g ma, \u00e9s l\u00e9pj ki id\u0151tlen st\u00edlusban!<\/p>\n<div>St\u00edlus: .<\/div>\n<div>Illeszked\u00e9s: V\u00e9kony<\/div>\n<div>Sz\u00f6vet: Jersey<\/div>\n<div>Mint\u00e1zat: Egysz\u00edn\u0171<\/div>\n<div>Elem: Gomb:<\/div>","protected":false},"excerpt":{"rendered":"<p>Embrace the chilly seasons in style with our Olive Poncho Cardigan for women. This long, comfy sweater boasts a classic cable-knit design that envelops you in warmth. Accented with a single-breasted button closure and functional pockets, it&#8217;s the ideal addition to any autumn or winter wardrobe. Its slim fit silhouette ensures a flattering shape while [&#8230;]","protected":false},"featured_media":13064,"template":"","meta":[],"product_brand":[],"product_cat":[220,15,230,228,214,210],"product_tag":[],"class_list":{"0":"post-13137","1":"product","2":"type-product","3":"status-publish","4":"has-post-thumbnail","6":"product_cat-green-poncho","7":"product_cat-main-category","8":"product_cat-poncho-dress","9":"product_cat-poncho-sweater","10":"product_cat-knitted-crochet-poncho","11":"product_cat-poncho-women","13":"first","14":"instock","15":"shipping-taxable","16":"purchasable","17":"product-type-variable"},"yoast_head":"<!-- This site is optimized with the Yoast SEO plugin v25.9 - https:\/\/yoast.com\/wordpress\/plugins\/seo\/ -->\n<title>Women&#039;s Olive Poncho Cardigan | Magyarorsz\u00e1g #1 Poncho Shop<\/title>\n<meta name=\"description\" content=\"Looking for a Women&#039;s Olive Poncho Cardigan ? You&#039;ve come to the right place \ud83d\ude04 We offers a wide selection of Women&#039;s Olive Poncho Cardigan, perfect for you.\" \/>\n<meta name=\"robots\" content=\"index, follow, max-snippet:-1, max-image-preview:large, max-video-preview:-1\" \/>\n<link rel=\"canonical\" href=\"https:\/\/ozponcho.com.au\/hu\/p\/oliva-szinu-kotott-pulover-poncso\/\" \/>\n<meta property=\"og:locale\" content=\"hu_HU\" \/>\n<meta property=\"og:type\" content=\"article\" \/>\n<meta property=\"og:title\" content=\"Women&#039;s Olive Poncho Cardigan | Magyarorsz\u00e1g #1 Poncho Shop\" \/>\n<meta property=\"og:description\" content=\"Looking for a Women&#039;s Olive Poncho Cardigan ? You&#039;ve come to the right place \ud83d\ude04 We offers a wide selection of Women&#039;s Olive Poncho Cardigan, perfect for you.\" \/>\n<meta property=\"og:url\" content=\"https:\/\/ozponcho.com.au\/hu\/p\/oliva-szinu-kotott-pulover-poncso\/\" \/>\n<meta property=\"og:site_name\" content=\"OZ Poncho\" \/>\n<meta property=\"article:modified_time\" content=\"2026-04-22T01:20:48+00:00\" \/>\n<meta property=\"og:image\" content=\"https:\/\/ozponcho.com.au\/wp-content\/uploads\/2023\/12\/O1CN01SVIQ8c1QYY59JxIx1_2505411988-0-cib.jpg\" \/>\n\t<meta property=\"og:image:width\" content=\"800\" \/>\n\t<meta property=\"og:image:height\" content=\"800\" \/>\n\t<meta property=\"og:image:type\" content=\"image\/jpeg\" \/>\n<meta name=\"twitter:card\" content=\"summary_large_image\" \/>\n<meta name=\"twitter:label1\" content=\"Becs\u00fclt olvas\u00e1si id\u0151\" \/>\n\t<meta name=\"twitter:data1\" content=\"1 perc\" \/>\n<script type=\"application\/ld+json\" class=\"yoast-schema-graph\">{\"@context\":\"https:\/\/schema.org\",\"@graph\":[{\"@type\":\"WebPage\",\"@id\":\"https:\/\/ozponcho.com.au\/p\/olive-knit-sweater-poncho\/\",\"url\":\"https:\/\/ozponcho.com.au\/p\/olive-knit-sweater-poncho\/\",\"name\":\"Women's Olive Poncho Cardigan | Magyarorsz\u00e1g #1 Poncho Shop\",\"isPartOf\":{\"@id\":\"https:\/\/ozponcho.com.au\/#website\"},\"primaryImageOfPage\":{\"@id\":\"https:\/\/ozponcho.com.au\/p\/olive-knit-sweater-poncho\/#primaryimage\"},\"image\":{\"@id\":\"https:\/\/ozponcho.com.au\/p\/olive-knit-sweater-poncho\/#primaryimage\"},\"thumbnailUrl\":\"https:\/\/ozponcho.com.au\/wp-content\/uploads\/2023\/12\/O1CN01SVIQ8c1QYY59JxIx1_2505411988-0-cib.jpg\",\"datePublished\":\"2023-12-13T07:38:24+00:00\",\"dateModified\":\"2026-04-22T01:20:48+00:00\",\"description\":\"Looking for a Women's Olive Poncho Cardigan ? You've come to the right place \ud83d\ude04 We offers a wide selection of Women's Olive Poncho Cardigan, perfect for you.\",\"breadcrumb\":{\"@id\":\"https:\/\/ozponcho.com.au\/p\/olive-knit-sweater-poncho\/#breadcrumb\"},\"inLanguage\":\"hu\",\"potentialAction\":[{\"@type\":\"ReadAction\",\"target\":[\"https:\/\/ozponcho.com.au\/p\/olive-knit-sweater-poncho\/\"]}]},{\"@type\":\"ImageObject\",\"inLanguage\":\"hu\",\"@id\":\"https:\/\/ozponcho.com.au\/p\/olive-knit-sweater-poncho\/#primaryimage\",\"url\":\"https:\/\/ozponcho.com.au\/wp-content\/uploads\/2023\/12\/O1CN01SVIQ8c1QYY59JxIx1_2505411988-0-cib.jpg\",\"contentUrl\":\"https:\/\/ozponcho.com.au\/wp-content\/uploads\/2023\/12\/O1CN01SVIQ8c1QYY59JxIx1_2505411988-0-cib.jpg\",\"width\":800,\"height\":800,\"caption\":\"Women's Olive Poncho Cardigan\"},{\"@type\":\"BreadcrumbList\",\"@id\":\"https:\/\/ozponcho.com.au\/p\/olive-knit-sweater-poncho\/#breadcrumb\",\"itemListElement\":[{\"@type\":\"ListItem\",\"position\":1,\"name\":\"Home\",\"item\":\"https:\/\/ozponcho.com.au\/\"},{\"@type\":\"ListItem\",\"position\":2,\"name\":\"Shop\",\"item\":\"https:\/\/ozponcho.com.au\/shop\/\"},{\"@type\":\"ListItem\",\"position\":3,\"name\":\"Women&#8217;s Olive Poncho Cardigan\"}]},{\"@type\":\"WebSite\",\"@id\":\"https:\/\/ozponcho.com.au\/#website\",\"url\":\"https:\/\/ozponcho.com.au\/\",\"name\":\"OZ Poncho\",\"description\":\"\",\"potentialAction\":[{\"@type\":\"SearchAction\",\"target\":{\"@type\":\"EntryPoint\",\"urlTemplate\":\"https:\/\/ozponcho.com.au\/?s={search_term_string}\"},\"query-input\":{\"@type\":\"PropertyValueSpecification\",\"valueRequired\":true,\"valueName\":\"search_term_string\"}}],\"inLanguage\":\"hu\"}]}<\/script>\n<!-- \/ Yoast SEO plugin. -->","yoast_head_json":{"title":"N\u0151i oliva sz\u00edn\u0171 poncs\u00f3 kardig\u00e1n | Magyarorsz\u00e1g #1 Poncs\u00f3 Shop","description":"N\u0151i oliva sz\u00edn\u0171 poncs\u00f3 kardig\u00e1nt keresel ? A legjobb helyen j\u00e1rsz \ud83d\ude04 N\u0151i Oliva Poncho kardig\u00e1n sz\u00e9les v\u00e1laszt\u00e9k\u00e1t k\u00edn\u00e1ljuk, t\u00f6k\u00e9letes az \u00d6n sz\u00e1m\u00e1ra.","robots":{"index":"index","follow":"follow","max-snippet":"max-snippet:-1","max-image-preview":"max-image-preview:large","max-video-preview":"max-video-preview:-1"},"canonical":"https:\/\/ozponcho.com.au\/hu\/p\/oliva-szinu-kotott-pulover-poncso\/","og_locale":"hu_HU","og_type":"article","og_title":"Women's Olive Poncho Cardigan | Magyarorsz\u00e1g #1 Poncho Shop","og_description":"Looking for a Women's Olive Poncho Cardigan ? You've come to the right place \ud83d\ude04 We offers a wide selection of Women's Olive Poncho Cardigan, perfect for you.","og_url":"https:\/\/ozponcho.com.au\/hu\/p\/oliva-szinu-kotott-pulover-poncso\/","og_site_name":"OZ Poncho","article_modified_time":"2026-04-22T01:20:48+00:00","og_image":[{"width":800,"height":800,"url":"https:\/\/ozponcho.com.au\/wp-content\/uploads\/2023\/12\/O1CN01SVIQ8c1QYY59JxIx1_2505411988-0-cib.jpg","type":"image\/jpeg"}],"twitter_card":"summary_large_image","twitter_misc":{"Becs\u00fclt olvas\u00e1si id\u0151":"1 perc"},"schema":{"@context":"https:\/\/schema.org","@graph":[{"@type":"WebPage","@id":"https:\/\/ozponcho.com.au\/p\/olive-knit-sweater-poncho\/","url":"https:\/\/ozponcho.com.au\/p\/olive-knit-sweater-poncho\/","name":"N\u0151i oliva sz\u00edn\u0171 poncs\u00f3 kardig\u00e1n | Magyarorsz\u00e1g #1 Poncs\u00f3 Shop","isPartOf":{"@id":"https:\/\/ozponcho.com.au\/#website"},"primaryImageOfPage":{"@id":"https:\/\/ozponcho.com.au\/p\/olive-knit-sweater-poncho\/#primaryimage"},"image":{"@id":"https:\/\/ozponcho.com.au\/p\/olive-knit-sweater-poncho\/#primaryimage"},"thumbnailUrl":"https:\/\/ozponcho.com.au\/wp-content\/uploads\/2023\/12\/O1CN01SVIQ8c1QYY59JxIx1_2505411988-0-cib.jpg","datePublished":"2023-12-13T07:38:24+00:00","dateModified":"2026-04-22T01:20:48+00:00","description":"N\u0151i oliva sz\u00edn\u0171 poncs\u00f3 kardig\u00e1nt keresel ? A legjobb helyen j\u00e1rsz \ud83d\ude04 N\u0151i Oliva Poncho kardig\u00e1n sz\u00e9les v\u00e1laszt\u00e9k\u00e1t k\u00edn\u00e1ljuk, t\u00f6k\u00e9letes az \u00d6n sz\u00e1m\u00e1ra.","breadcrumb":{"@id":"https:\/\/ozponcho.com.au\/p\/olive-knit-sweater-poncho\/#breadcrumb"},"inLanguage":"hu","potentialAction":[{"@type":"ReadAction","target":["https:\/\/ozponcho.com.au\/p\/olive-knit-sweater-poncho\/"]}]},{"@type":"ImageObject","inLanguage":"hu","@id":"https:\/\/ozponcho.com.au\/p\/olive-knit-sweater-poncho\/#primaryimage","url":"https:\/\/ozponcho.com.au\/wp-content\/uploads\/2023\/12\/O1CN01SVIQ8c1QYY59JxIx1_2505411988-0-cib.jpg","contentUrl":"https:\/\/ozponcho.com.au\/wp-content\/uploads\/2023\/12\/O1CN01SVIQ8c1QYY59JxIx1_2505411988-0-cib.jpg","width":800,"height":800,"caption":"Women's Olive Poncho Cardigan"},{"@type":"BreadcrumbList","@id":"https:\/\/ozponcho.com.au\/p\/olive-knit-sweater-poncho\/#breadcrumb","itemListElement":[{"@type":"ListItem","position":1,"name":"Home","item":"https:\/\/ozponcho.com.au\/"},{"@type":"ListItem","position":2,"name":"Shop","item":"https:\/\/ozponcho.com.au\/shop\/"},{"@type":"ListItem","position":3,"name":"Women&#8217;s Olive Poncho Cardigan"}]},{"@type":"WebSite","@id":"https:\/\/ozponcho.com.au\/#website","url":"https:\/\/ozponcho.com.au\/","name":"OZ Poncho","description":"","potentialAction":[{"@type":"SearchAction","target":{"@type":"EntryPoint","urlTemplate":"https:\/\/ozponcho.com.au\/?s={search_term_string}"},"query-input":{"@type":"PropertyValueSpecification","valueRequired":true,"valueName":"search_term_string"}}],"inLanguage":"hu"}]}},"_links":{"self":[{"href":"https:\/\/ozponcho.com.au\/hu\/wp-json\/wp\/v2\/product\/13137","targetHints":{"allow":["GET"]}}],"collection":[{"href":"https:\/\/ozponcho.com.au\/hu\/wp-json\/wp\/v2\/product"}],"about":[{"href":"https:\/\/ozponcho.com.au\/hu\/wp-json\/wp\/v2\/types\/product"}],"wp:featuredmedia":[{"embeddable":true,"href":"https:\/\/ozponcho.com.au\/hu\/wp-json\/wp\/v2\/media\/13064"}],"wp:attachment":[{"href":"https:\/\/ozponcho.com.au\/hu\/wp-json\/wp\/v2\/media?parent=13137"}],"wp:term":[{"taxonomy":"product_brand","embeddable":true,"href":"https:\/\/ozponcho.com.au\/hu\/wp-json\/wp\/v2\/product_brand?post=13137"},{"taxonomy":"product_cat","embeddable":true,"href":"https:\/\/ozponcho.com.au\/hu\/wp-json\/wp\/v2\/product_cat?post=13137"},{"taxonomy":"product_tag","embeddable":true,"href":"https:\/\/ozponcho.com.au\/hu\/wp-json\/wp\/v2\/product_tag?post=13137"}],"curies":[{"name":"wp","href":"https:\/\/api.w.org\/{rel}","templated":true}]}}