{"id":13122,"date":"2023-12-13T18:38:18","date_gmt":"2023-12-13T07:38:18","guid":{"rendered":"https:\/\/ozponcho.com.au\/p\/autumn-winter-new-knitted-cape-shawl-tassel-hem-color-matching-sweater-for-women\/"},"modified":"2024-07-26T12:27:40","modified_gmt":"2024-07-26T01:27:40","slug":"tassel-hem-knitted-shawl","status":"publish","type":"product","link":"https:\/\/ozponcho.com.au\/hu\/p\/rojtos-szegelyu-kotott-kendo\/","title":{"rendered":"Boho rojtos poncs\u00f3 pul\u00f3ver"},"content":{"rendered":"<p>Beb\u00fajhatsz az \u0151szi-t\u00e9li elegancia megtestes\u00edt\u0151j\u00e9be a Boho Fringe Poncho pul\u00f3ver\u00fcnkkel. Ez az akrilsz\u00e1las k\u00f6t\u00f6tt anyag a figyelmet ig\u00e9nyl\u0151, b\u00e1jos r\u00f3zsasz\u00edn sz\u00ednp\u00e1ros\u00edt\u00e1ssal b\u00fcszk\u00e9lkedve puszta k\u00e9nyelmet \u00e9s meleget biztos\u00edt. T\u00f6k\u00e9letes az \u00e9l\u00e9nk kiruccan\u00e1sokhoz vagy a hangulatos est\u00e9khez, a rojtos r\u00e9szletek \u00e9s a sz\u00ednes blokkos kialak\u00edt\u00e1s egy csipetnyi szabad szellem\u0171 kifinomults\u00e1got k\u00f6lcs\u00f6n\u00f6z b\u00e1rmelyik \u00f6lt\u00f6z\u00e9knek. A sokoldal\u00fa dolman-ujjak fokozz\u00e1k a laza szab\u00e1st, \u00e9s biztos\u00edtj\u00e1k, hogy b\u00e1rhov\u00e1 is megy, st\u00edlusosan jelenjen meg. Ne hagyja ki ezt a kihagyhatatlan poncs\u00f3t, amely z\u00f6kken\u0151mentesen \u00f6tv\u00f6zi a divatot \u00e9s a funkci\u00f3t!<\/p>\n<div>St\u00edlus: Boho &amp; Nyaral\u00e1s<\/div>\n<div>Illeszked\u00e9s: Szab\u00e1lyos<\/div>\n<div>Sz\u00f6vet: Akril<\/div>\n<div>Mint\u00e1zat: Sz\u00ednes blokk<\/div>\n<div>Elem: Fringe<\/div>\n<div>Top Hossz\u00fas\u00e1g: Hossz\u00fa<\/div>\n<div>H\u00fcvely t\u00edpusa: H\u00fcvely: Dolman ujj<\/div>\n<div>H\u00fcvely hossza: 1\/2 ujj<\/div>\n<div>Z\u00e1r\u00e1si t\u00edpus: Egy\u00e9b<\/div>\n<div>F\u0151 \u00f6sszet\u00e9tel: Akril<\/div>\n<div>Anyag: anyag: akrilsz\u00e1l<\/div>\n<div>Anyag\u00f6sszet\u00e9tel: 81%-90%<\/div>\n<div>Mintat\u00edpus: Sz\u00ednegyeztet\u00e9s<\/div>\n<p><img decoding=\"async\" src=\"https:\/\/ozponcho.com.au\/wp-content\/uploads\/2024\/03\/885206388869955584.png\" \/><img decoding=\"async\" src=\"https:\/\/ozponcho.com.au\/wp-content\/uploads\/2024\/03\/O1CN013ehp791QYY4l1AHLh_2505411988-0-cib.jpg\" \/><img decoding=\"async\" src=\"https:\/\/ozponcho.com.au\/wp-content\/uploads\/2024\/03\/O1CN01By8CZJ1QYY4itTJyz_2505411988-0-cib.jpg\" \/><img decoding=\"async\" src=\"https:\/\/ozponcho.com.au\/wp-content\/uploads\/2024\/03\/O1CN0123SBvX1QYY4mecz38_2505411988-0-cib.jpg\" \/><img decoding=\"async\" src=\"https:\/\/ozponcho.com.au\/wp-content\/uploads\/2024\/03\/O1CN01aYuMPz1QYY4lWdTXn_2505411988-0-cib.jpg\" \/><img decoding=\"async\" src=\"https:\/\/ozponcho.com.au\/wp-content\/uploads\/2024\/03\/O1CN01Xme8yd1QYY4pH10DB_2505411988-0-cib.jpg\" \/><img decoding=\"async\" src=\"https:\/\/ozponcho.com.au\/wp-content\/uploads\/2024\/03\/O1CN01braUsM1QYY4mO9KC2_2505411988-0-cib.jpg\" \/><img decoding=\"async\" src=\"https:\/\/ozponcho.com.au\/wp-content\/uploads\/2024\/03\/O1CN01f1powh1QYY4pH39G0_2505411988-0-cib.jpg\" \/><\/p>","protected":false},"excerpt":{"rendered":"<p>Wrap yourself in the epitome of autumn-winter elegance with our Boho Fringe Poncho Sweater. Boasting a charming color match of pink that demands attention, this acrylic fiber knit provides sheer comfort and warmth. Perfect for those brisk getaways or cozy evenings, its fringe detail and color block design infuse a touch of free-spirited sophistication into [&#8230;]","protected":false},"featured_media":13089,"template":"","meta":[],"product_brand":[],"product_cat":[216,15,209,222,228,214,210,221],"product_tag":[],"class_list":{"0":"post-13122","1":"product","2":"type-product","3":"status-publish","4":"has-post-thumbnail","6":"product_cat-cashmere-poncho","7":"product_cat-main-category","8":"product_cat-mexican-poncho","9":"product_cat-pink-poncho","10":"product_cat-poncho-sweater","11":"product_cat-knitted-crochet-poncho","12":"product_cat-poncho-women","13":"product_cat-red-poncho","15":"first","16":"outofstock","17":"shipping-taxable","18":"purchasable","19":"product-type-variable"},"yoast_head":"<!-- This site is optimized with the Yoast SEO plugin v25.9 - https:\/\/yoast.com\/wordpress\/plugins\/seo\/ -->\n<title>Boho Fringe Poncho Sweater | Magyarorsz\u00e1g #1 Poncho Shop<\/title>\n<meta name=\"description\" content=\"Looking for a Boho Fringe Poncho Sweater ? You&#039;ve come to the right place \ud83d\ude04 We offers a wide selection of Boho Fringe Poncho Sweater, perfect for you.\" \/>\n<meta name=\"robots\" content=\"index, follow, max-snippet:-1, max-image-preview:large, max-video-preview:-1\" \/>\n<link rel=\"canonical\" href=\"https:\/\/ozponcho.com.au\/hu\/p\/rojtos-szegelyu-kotott-kendo\/\" \/>\n<meta property=\"og:locale\" content=\"hu_HU\" \/>\n<meta property=\"og:type\" content=\"article\" \/>\n<meta property=\"og:title\" content=\"Boho Fringe Poncho Sweater | Magyarorsz\u00e1g #1 Poncho Shop\" \/>\n<meta property=\"og:description\" content=\"Looking for a Boho Fringe Poncho Sweater ? You&#039;ve come to the right place \ud83d\ude04 We offers a wide selection of Boho Fringe Poncho Sweater, perfect for you.\" \/>\n<meta property=\"og:url\" content=\"https:\/\/ozponcho.com.au\/hu\/p\/rojtos-szegelyu-kotott-kendo\/\" \/>\n<meta property=\"og:site_name\" content=\"OZ Poncho\" \/>\n<meta property=\"article:modified_time\" content=\"2024-07-26T01:27:40+00:00\" \/>\n<meta property=\"og:image\" content=\"https:\/\/ozponcho.com.au\/wp-content\/uploads\/2023\/12\/O1CN01ZV69u71QYY4kcTPQa_2505411988-0-cib.jpg\" \/>\n\t<meta property=\"og:image:width\" content=\"800\" \/>\n\t<meta property=\"og:image:height\" content=\"800\" \/>\n\t<meta property=\"og:image:type\" content=\"image\/jpeg\" \/>\n<meta name=\"twitter:card\" content=\"summary_large_image\" \/>\n<meta name=\"twitter:label1\" content=\"Becs\u00fclt olvas\u00e1si id\u0151\" \/>\n\t<meta name=\"twitter:data1\" content=\"3 perc\" \/>\n<script type=\"application\/ld+json\" class=\"yoast-schema-graph\">{\"@context\":\"https:\/\/schema.org\",\"@graph\":[{\"@type\":\"WebPage\",\"@id\":\"https:\/\/ozponcho.com.au\/p\/tassel-hem-knitted-shawl\/\",\"url\":\"https:\/\/ozponcho.com.au\/p\/tassel-hem-knitted-shawl\/\",\"name\":\"Boho Fringe Poncho Sweater | Magyarorsz\u00e1g #1 Poncho Shop\",\"isPartOf\":{\"@id\":\"https:\/\/ozponcho.com.au\/#website\"},\"primaryImageOfPage\":{\"@id\":\"https:\/\/ozponcho.com.au\/p\/tassel-hem-knitted-shawl\/#primaryimage\"},\"image\":{\"@id\":\"https:\/\/ozponcho.com.au\/p\/tassel-hem-knitted-shawl\/#primaryimage\"},\"thumbnailUrl\":\"https:\/\/ozponcho.com.au\/wp-content\/uploads\/2023\/12\/O1CN01ZV69u71QYY4kcTPQa_2505411988-0-cib.jpg\",\"datePublished\":\"2023-12-13T07:38:18+00:00\",\"dateModified\":\"2024-07-26T01:27:40+00:00\",\"description\":\"Looking for a Boho Fringe Poncho Sweater ? You've come to the right place \ud83d\ude04 We offers a wide selection of Boho Fringe Poncho Sweater, perfect for you.\",\"breadcrumb\":{\"@id\":\"https:\/\/ozponcho.com.au\/p\/tassel-hem-knitted-shawl\/#breadcrumb\"},\"inLanguage\":\"hu\",\"potentialAction\":[{\"@type\":\"ReadAction\",\"target\":[\"https:\/\/ozponcho.com.au\/p\/tassel-hem-knitted-shawl\/\"]}]},{\"@type\":\"ImageObject\",\"inLanguage\":\"hu\",\"@id\":\"https:\/\/ozponcho.com.au\/p\/tassel-hem-knitted-shawl\/#primaryimage\",\"url\":\"https:\/\/ozponcho.com.au\/wp-content\/uploads\/2023\/12\/O1CN01ZV69u71QYY4kcTPQa_2505411988-0-cib.jpg\",\"contentUrl\":\"https:\/\/ozponcho.com.au\/wp-content\/uploads\/2023\/12\/O1CN01ZV69u71QYY4kcTPQa_2505411988-0-cib.jpg\",\"width\":800,\"height\":800,\"caption\":\"Boho Fringe Poncho Sweater\"},{\"@type\":\"BreadcrumbList\",\"@id\":\"https:\/\/ozponcho.com.au\/p\/tassel-hem-knitted-shawl\/#breadcrumb\",\"itemListElement\":[{\"@type\":\"ListItem\",\"position\":1,\"name\":\"Home\",\"item\":\"https:\/\/ozponcho.com.au\/\"},{\"@type\":\"ListItem\",\"position\":2,\"name\":\"Shop\",\"item\":\"https:\/\/ozponcho.com.au\/shop\/\"},{\"@type\":\"ListItem\",\"position\":3,\"name\":\"Boho Fringe Poncho Sweater\"}]},{\"@type\":\"WebSite\",\"@id\":\"https:\/\/ozponcho.com.au\/#website\",\"url\":\"https:\/\/ozponcho.com.au\/\",\"name\":\"OZ Poncho\",\"description\":\"\",\"potentialAction\":[{\"@type\":\"SearchAction\",\"target\":{\"@type\":\"EntryPoint\",\"urlTemplate\":\"https:\/\/ozponcho.com.au\/?s={search_term_string}\"},\"query-input\":{\"@type\":\"PropertyValueSpecification\",\"valueRequired\":true,\"valueName\":\"search_term_string\"}}],\"inLanguage\":\"hu\"}]}<\/script>\n<!-- \/ Yoast SEO plugin. -->","yoast_head_json":{"title":"Boho rojtos poncs\u00f3 pul\u00f3ver | Magyarorsz\u00e1g #1 Poncho Shop","description":"Boho rojtos poncs\u00f3 pul\u00f3vert keresel ? A legjobb helyre j\u00f6tt\u00e9l \ud83d\ude04 Boho Fringe Poncho Pulcsi sz\u00e9les v\u00e1laszt\u00e9k\u00e1t k\u00edn\u00e1ljuk, t\u00f6k\u00e9letes az \u00d6n sz\u00e1m\u00e1ra.","robots":{"index":"index","follow":"follow","max-snippet":"max-snippet:-1","max-image-preview":"max-image-preview:large","max-video-preview":"max-video-preview:-1"},"canonical":"https:\/\/ozponcho.com.au\/hu\/p\/rojtos-szegelyu-kotott-kendo\/","og_locale":"hu_HU","og_type":"article","og_title":"Boho Fringe Poncho Sweater | Magyarorsz\u00e1g #1 Poncho Shop","og_description":"Looking for a Boho Fringe Poncho Sweater ? You've come to the right place \ud83d\ude04 We offers a wide selection of Boho Fringe Poncho Sweater, perfect for you.","og_url":"https:\/\/ozponcho.com.au\/hu\/p\/rojtos-szegelyu-kotott-kendo\/","og_site_name":"OZ Poncho","article_modified_time":"2024-07-26T01:27:40+00:00","og_image":[{"width":800,"height":800,"url":"https:\/\/ozponcho.com.au\/wp-content\/uploads\/2023\/12\/O1CN01ZV69u71QYY4kcTPQa_2505411988-0-cib.jpg","type":"image\/jpeg"}],"twitter_card":"summary_large_image","twitter_misc":{"Becs\u00fclt olvas\u00e1si id\u0151":"3 perc"},"schema":{"@context":"https:\/\/schema.org","@graph":[{"@type":"WebPage","@id":"https:\/\/ozponcho.com.au\/p\/tassel-hem-knitted-shawl\/","url":"https:\/\/ozponcho.com.au\/p\/tassel-hem-knitted-shawl\/","name":"Boho rojtos poncs\u00f3 pul\u00f3ver | Magyarorsz\u00e1g #1 Poncho Shop","isPartOf":{"@id":"https:\/\/ozponcho.com.au\/#website"},"primaryImageOfPage":{"@id":"https:\/\/ozponcho.com.au\/p\/tassel-hem-knitted-shawl\/#primaryimage"},"image":{"@id":"https:\/\/ozponcho.com.au\/p\/tassel-hem-knitted-shawl\/#primaryimage"},"thumbnailUrl":"https:\/\/ozponcho.com.au\/wp-content\/uploads\/2023\/12\/O1CN01ZV69u71QYY4kcTPQa_2505411988-0-cib.jpg","datePublished":"2023-12-13T07:38:18+00:00","dateModified":"2024-07-26T01:27:40+00:00","description":"Boho rojtos poncs\u00f3 pul\u00f3vert keresel ? A legjobb helyre j\u00f6tt\u00e9l \ud83d\ude04 Boho Fringe Poncho Pulcsi sz\u00e9les v\u00e1laszt\u00e9k\u00e1t k\u00edn\u00e1ljuk, t\u00f6k\u00e9letes az \u00d6n sz\u00e1m\u00e1ra.","breadcrumb":{"@id":"https:\/\/ozponcho.com.au\/p\/tassel-hem-knitted-shawl\/#breadcrumb"},"inLanguage":"hu","potentialAction":[{"@type":"ReadAction","target":["https:\/\/ozponcho.com.au\/p\/tassel-hem-knitted-shawl\/"]}]},{"@type":"ImageObject","inLanguage":"hu","@id":"https:\/\/ozponcho.com.au\/p\/tassel-hem-knitted-shawl\/#primaryimage","url":"https:\/\/ozponcho.com.au\/wp-content\/uploads\/2023\/12\/O1CN01ZV69u71QYY4kcTPQa_2505411988-0-cib.jpg","contentUrl":"https:\/\/ozponcho.com.au\/wp-content\/uploads\/2023\/12\/O1CN01ZV69u71QYY4kcTPQa_2505411988-0-cib.jpg","width":800,"height":800,"caption":"Boho Fringe Poncho Sweater"},{"@type":"BreadcrumbList","@id":"https:\/\/ozponcho.com.au\/p\/tassel-hem-knitted-shawl\/#breadcrumb","itemListElement":[{"@type":"ListItem","position":1,"name":"Home","item":"https:\/\/ozponcho.com.au\/"},{"@type":"ListItem","position":2,"name":"Shop","item":"https:\/\/ozponcho.com.au\/shop\/"},{"@type":"ListItem","position":3,"name":"Boho Fringe Poncho Sweater"}]},{"@type":"WebSite","@id":"https:\/\/ozponcho.com.au\/#website","url":"https:\/\/ozponcho.com.au\/","name":"OZ Poncho","description":"","potentialAction":[{"@type":"SearchAction","target":{"@type":"EntryPoint","urlTemplate":"https:\/\/ozponcho.com.au\/?s={search_term_string}"},"query-input":{"@type":"PropertyValueSpecification","valueRequired":true,"valueName":"search_term_string"}}],"inLanguage":"hu"}]}},"_links":{"self":[{"href":"https:\/\/ozponcho.com.au\/hu\/wp-json\/wp\/v2\/product\/13122","targetHints":{"allow":["GET"]}}],"collection":[{"href":"https:\/\/ozponcho.com.au\/hu\/wp-json\/wp\/v2\/product"}],"about":[{"href":"https:\/\/ozponcho.com.au\/hu\/wp-json\/wp\/v2\/types\/product"}],"wp:featuredmedia":[{"embeddable":true,"href":"https:\/\/ozponcho.com.au\/hu\/wp-json\/wp\/v2\/media\/13089"}],"wp:attachment":[{"href":"https:\/\/ozponcho.com.au\/hu\/wp-json\/wp\/v2\/media?parent=13122"}],"wp:term":[{"taxonomy":"product_brand","embeddable":true,"href":"https:\/\/ozponcho.com.au\/hu\/wp-json\/wp\/v2\/product_brand?post=13122"},{"taxonomy":"product_cat","embeddable":true,"href":"https:\/\/ozponcho.com.au\/hu\/wp-json\/wp\/v2\/product_cat?post=13122"},{"taxonomy":"product_tag","embeddable":true,"href":"https:\/\/ozponcho.com.au\/hu\/wp-json\/wp\/v2\/product_tag?post=13122"}],"curies":[{"name":"wp","href":"https:\/\/api.w.org\/{rel}","templated":true}]}}