{"id":13105,"date":"2023-12-13T18:38:13","date_gmt":"2023-12-13T07:38:13","guid":{"rendered":"https:\/\/ozponcho.com.au\/p\/autumn-winter-fur-collar-tassel-shawl-women-knitted-cape-coat\/"},"modified":"2026-02-27T16:47:17","modified_gmt":"2026-02-27T05:47:17","slug":"winter-knit-fringe-poncho","status":"publish","type":"product","link":"https:\/\/ozponcho.com.au\/hu\/p\/teli-kotott-rojtos-poncso\/","title":{"rendered":"Sz\u0151rme-gall\u00e9ros rojtos poncs\u00f3"},"content":{"rendered":"<p>Emelje fel st\u00edlus\u00e1t id\u00e9n \u0151sszel \u00e9s t\u00e9len eleg\u00e1ns k\u00f6t\u00f6tt k\u00f6peny kab\u00e1tunkkal! Ez a poncs\u00f3 nem csak egy ruhadarab, hanem egy nyilatkozat, \u00e9s szak\u00e9rt\u0151 m\u00f3don k\u00e9sz\u00fclt, f\u00e9ny\u0171z\u0151 m\u0171sz\u0151rme gall\u00e9rral \u00e9s kifinomult bojtokkal. A puha trik\u00f3anyag k\u00e9nyelmet biztos\u00edt, m\u00edg az egysz\u00edn\u0171 minta rojtos elemmel egy csipetnyi boh\u00e9m eleganci\u00e1t k\u00f6lcs\u00f6n\u00f6z. T\u00f6k\u00e9letes azok sz\u00e1m\u00e1ra, akik a st\u00edlus fel\u00e1ldoz\u00e1sa n\u00e9lk\u00fcl szeretn\u00e9nek melegen maradni, ez a poncs\u00f3 el\u00e9g sokoldal\u00fa ahhoz, hogy b\u00e1rmilyen ruh\u00e1t kieg\u00e9sz\u00edtsen. Ne hagyja, hogy a hideg elnyomja a divat\u00e9rz\u00e9k\u00e9t - burkol\u00f3zzon ebbe a st\u00edlusos, hossz\u00fa ujj\u00fa poncs\u00f3ba, \u00e9s ford\u00edtsa el a fejeket, b\u00e1rhov\u00e1 is megy!<\/p>\n<div>St\u00edlus: .<\/div>\n<div>Illeszked\u00e9s: Szab\u00e1lyos<\/div>\n<div>Sz\u00f6vet: Jersey<\/div>\n<div>Mint\u00e1zat: Egysz\u00edn\u0171<\/div>\n<div>Elem: Fringe<\/div>\n<div>Top Hossz\u00fas\u00e1g: Hossz\u00fa<\/div>\n<div>H\u00fcvely t\u00edpusa: Szab\u00e1lyos<\/div>\n<div>H\u00fcvely hossza: Hossz\u00fa ujj\u00fa<\/div>\n<div>Z\u00e1r\u00e1si t\u00edpus: Egy\u00e9b<\/div>\n<div>F\u0151 \u00f6sszet\u00e9tel: Poli\u00e9szter<\/div>\n<div>Szezon: \u0150sz\/T\u00e9l<\/div>\n<p><img decoding=\"async\" src=\"https:\/\/ozponcho.com.au\/wp-content\/uploads\/2024\/03\/1117773284616699904.png\" \/><\/p>","protected":false},"excerpt":{"rendered":"<p>Elevate your style this autumn and winter with our chic knitted cape coat! Expertly crafted with a luxurious faux fur collar and sophisticated tassels, this poncho is not just a garment, it&#8217;s a statement. The soft jersey fabric ensures comfort, while the solid pattern with fringe element adds a touch of bohemian elegance. Perfect for [&#8230;]","protected":false},"featured_media":13063,"template":"","meta":[],"product_brand":[],"product_cat":[218,15,228,214,210],"product_tag":[],"class_list":{"0":"post-13105","1":"product","2":"type-product","3":"status-publish","4":"has-post-thumbnail","6":"product_cat-fur-poncho","7":"product_cat-main-category","8":"product_cat-poncho-sweater","9":"product_cat-knitted-crochet-poncho","10":"product_cat-poncho-women","12":"first","13":"instock","14":"shipping-taxable","15":"purchasable","16":"product-type-variable"},"yoast_head":"<!-- This site is optimized with the Yoast SEO plugin v25.9 - https:\/\/yoast.com\/wordpress\/plugins\/seo\/ -->\n<title>Fur-Collar Tassel Poncho | Magyarorsz\u00e1g #1 Poncho Shop<\/title>\n<meta name=\"description\" content=\"Looking for a Fur-Collar Tassel Poncho ? You&#039;ve come to the right place \ud83d\ude04 We offers a wide selection of Fur-Collar Tassel Poncho, perfect for you.\" \/>\n<meta name=\"robots\" content=\"index, follow, max-snippet:-1, max-image-preview:large, max-video-preview:-1\" \/>\n<link rel=\"canonical\" href=\"https:\/\/ozponcho.com.au\/hu\/p\/teli-kotott-rojtos-poncso\/\" \/>\n<meta property=\"og:locale\" content=\"hu_HU\" \/>\n<meta property=\"og:type\" content=\"article\" \/>\n<meta property=\"og:title\" content=\"Fur-Collar Tassel Poncho | Magyarorsz\u00e1g #1 Poncho Shop\" \/>\n<meta property=\"og:description\" content=\"Looking for a Fur-Collar Tassel Poncho ? You&#039;ve come to the right place \ud83d\ude04 We offers a wide selection of Fur-Collar Tassel Poncho, perfect for you.\" \/>\n<meta property=\"og:url\" content=\"https:\/\/ozponcho.com.au\/hu\/p\/teli-kotott-rojtos-poncso\/\" \/>\n<meta property=\"og:site_name\" content=\"OZ Poncho\" \/>\n<meta property=\"article:modified_time\" content=\"2026-02-27T05:47:17+00:00\" \/>\n<meta property=\"og:image\" content=\"https:\/\/ozponcho.com.au\/wp-content\/uploads\/2023\/12\/O1CN01FICPSl1QYYE3A8B7m_2505411988-0-cib.jpg\" \/>\n\t<meta property=\"og:image:width\" content=\"800\" \/>\n\t<meta property=\"og:image:height\" content=\"800\" \/>\n\t<meta property=\"og:image:type\" content=\"image\/jpeg\" \/>\n<meta name=\"twitter:card\" content=\"summary_large_image\" \/>\n<meta name=\"twitter:label1\" content=\"Becs\u00fclt olvas\u00e1si id\u0151\" \/>\n\t<meta name=\"twitter:data1\" content=\"1 perc\" \/>\n<script type=\"application\/ld+json\" class=\"yoast-schema-graph\">{\"@context\":\"https:\/\/schema.org\",\"@graph\":[{\"@type\":\"WebPage\",\"@id\":\"https:\/\/ozponcho.com.au\/p\/winter-knit-fringe-poncho\/\",\"url\":\"https:\/\/ozponcho.com.au\/p\/winter-knit-fringe-poncho\/\",\"name\":\"Fur-Collar Tassel Poncho | Magyarorsz\u00e1g #1 Poncho Shop\",\"isPartOf\":{\"@id\":\"https:\/\/ozponcho.com.au\/#website\"},\"primaryImageOfPage\":{\"@id\":\"https:\/\/ozponcho.com.au\/p\/winter-knit-fringe-poncho\/#primaryimage\"},\"image\":{\"@id\":\"https:\/\/ozponcho.com.au\/p\/winter-knit-fringe-poncho\/#primaryimage\"},\"thumbnailUrl\":\"https:\/\/ozponcho.com.au\/wp-content\/uploads\/2023\/12\/O1CN01FICPSl1QYYE3A8B7m_2505411988-0-cib.jpg\",\"datePublished\":\"2023-12-13T07:38:13+00:00\",\"dateModified\":\"2026-02-27T05:47:17+00:00\",\"description\":\"Looking for a Fur-Collar Tassel Poncho ? You've come to the right place \ud83d\ude04 We offers a wide selection of Fur-Collar Tassel Poncho, perfect for you.\",\"breadcrumb\":{\"@id\":\"https:\/\/ozponcho.com.au\/p\/winter-knit-fringe-poncho\/#breadcrumb\"},\"inLanguage\":\"hu\",\"potentialAction\":[{\"@type\":\"ReadAction\",\"target\":[\"https:\/\/ozponcho.com.au\/p\/winter-knit-fringe-poncho\/\"]}]},{\"@type\":\"ImageObject\",\"inLanguage\":\"hu\",\"@id\":\"https:\/\/ozponcho.com.au\/p\/winter-knit-fringe-poncho\/#primaryimage\",\"url\":\"https:\/\/ozponcho.com.au\/wp-content\/uploads\/2023\/12\/O1CN01FICPSl1QYYE3A8B7m_2505411988-0-cib.jpg\",\"contentUrl\":\"https:\/\/ozponcho.com.au\/wp-content\/uploads\/2023\/12\/O1CN01FICPSl1QYYE3A8B7m_2505411988-0-cib.jpg\",\"width\":800,\"height\":800,\"caption\":\"Fur-Collar Tassel Poncho\"},{\"@type\":\"BreadcrumbList\",\"@id\":\"https:\/\/ozponcho.com.au\/p\/winter-knit-fringe-poncho\/#breadcrumb\",\"itemListElement\":[{\"@type\":\"ListItem\",\"position\":1,\"name\":\"Home\",\"item\":\"https:\/\/ozponcho.com.au\/\"},{\"@type\":\"ListItem\",\"position\":2,\"name\":\"Shop\",\"item\":\"https:\/\/ozponcho.com.au\/shop\/\"},{\"@type\":\"ListItem\",\"position\":3,\"name\":\"Fur-Collar Tassel Poncho\"}]},{\"@type\":\"WebSite\",\"@id\":\"https:\/\/ozponcho.com.au\/#website\",\"url\":\"https:\/\/ozponcho.com.au\/\",\"name\":\"OZ Poncho\",\"description\":\"\",\"potentialAction\":[{\"@type\":\"SearchAction\",\"target\":{\"@type\":\"EntryPoint\",\"urlTemplate\":\"https:\/\/ozponcho.com.au\/?s={search_term_string}\"},\"query-input\":{\"@type\":\"PropertyValueSpecification\",\"valueRequired\":true,\"valueName\":\"search_term_string\"}}],\"inLanguage\":\"hu\"}]}<\/script>\n<!-- \/ Yoast SEO plugin. -->","yoast_head_json":{"title":"Sz\u0151rme-gall\u00e9ros rojtos poncs\u00f3 | Magyarorsz\u00e1g #1 Poncs\u00f3 Shop","description":"Sz\u0151rme gall\u00e9r\u00fa rojtos poncs\u00f3t keres ? A legjobb helyre j\u00f6tt\u00e9l \ud83d\ude04 Sz\u0151rme-gall\u00e9ros rojtos poncho sz\u00e9les v\u00e1laszt\u00e9k\u00e1t k\u00edn\u00e1ljuk, t\u00f6k\u00e9letes az \u00d6n sz\u00e1m\u00e1ra.","robots":{"index":"index","follow":"follow","max-snippet":"max-snippet:-1","max-image-preview":"max-image-preview:large","max-video-preview":"max-video-preview:-1"},"canonical":"https:\/\/ozponcho.com.au\/hu\/p\/teli-kotott-rojtos-poncso\/","og_locale":"hu_HU","og_type":"article","og_title":"Fur-Collar Tassel Poncho | Magyarorsz\u00e1g #1 Poncho Shop","og_description":"Looking for a Fur-Collar Tassel Poncho ? You've come to the right place \ud83d\ude04 We offers a wide selection of Fur-Collar Tassel Poncho, perfect for you.","og_url":"https:\/\/ozponcho.com.au\/hu\/p\/teli-kotott-rojtos-poncso\/","og_site_name":"OZ Poncho","article_modified_time":"2026-02-27T05:47:17+00:00","og_image":[{"width":800,"height":800,"url":"https:\/\/ozponcho.com.au\/wp-content\/uploads\/2023\/12\/O1CN01FICPSl1QYYE3A8B7m_2505411988-0-cib.jpg","type":"image\/jpeg"}],"twitter_card":"summary_large_image","twitter_misc":{"Becs\u00fclt olvas\u00e1si id\u0151":"1 perc"},"schema":{"@context":"https:\/\/schema.org","@graph":[{"@type":"WebPage","@id":"https:\/\/ozponcho.com.au\/p\/winter-knit-fringe-poncho\/","url":"https:\/\/ozponcho.com.au\/p\/winter-knit-fringe-poncho\/","name":"Sz\u0151rme-gall\u00e9ros rojtos poncs\u00f3 | Magyarorsz\u00e1g #1 Poncs\u00f3 Shop","isPartOf":{"@id":"https:\/\/ozponcho.com.au\/#website"},"primaryImageOfPage":{"@id":"https:\/\/ozponcho.com.au\/p\/winter-knit-fringe-poncho\/#primaryimage"},"image":{"@id":"https:\/\/ozponcho.com.au\/p\/winter-knit-fringe-poncho\/#primaryimage"},"thumbnailUrl":"https:\/\/ozponcho.com.au\/wp-content\/uploads\/2023\/12\/O1CN01FICPSl1QYYE3A8B7m_2505411988-0-cib.jpg","datePublished":"2023-12-13T07:38:13+00:00","dateModified":"2026-02-27T05:47:17+00:00","description":"Sz\u0151rme gall\u00e9r\u00fa rojtos poncs\u00f3t keres ? A legjobb helyre j\u00f6tt\u00e9l \ud83d\ude04 Sz\u0151rme-gall\u00e9ros rojtos poncho sz\u00e9les v\u00e1laszt\u00e9k\u00e1t k\u00edn\u00e1ljuk, t\u00f6k\u00e9letes az \u00d6n sz\u00e1m\u00e1ra.","breadcrumb":{"@id":"https:\/\/ozponcho.com.au\/p\/winter-knit-fringe-poncho\/#breadcrumb"},"inLanguage":"hu","potentialAction":[{"@type":"ReadAction","target":["https:\/\/ozponcho.com.au\/p\/winter-knit-fringe-poncho\/"]}]},{"@type":"ImageObject","inLanguage":"hu","@id":"https:\/\/ozponcho.com.au\/p\/winter-knit-fringe-poncho\/#primaryimage","url":"https:\/\/ozponcho.com.au\/wp-content\/uploads\/2023\/12\/O1CN01FICPSl1QYYE3A8B7m_2505411988-0-cib.jpg","contentUrl":"https:\/\/ozponcho.com.au\/wp-content\/uploads\/2023\/12\/O1CN01FICPSl1QYYE3A8B7m_2505411988-0-cib.jpg","width":800,"height":800,"caption":"Fur-Collar Tassel Poncho"},{"@type":"BreadcrumbList","@id":"https:\/\/ozponcho.com.au\/p\/winter-knit-fringe-poncho\/#breadcrumb","itemListElement":[{"@type":"ListItem","position":1,"name":"Home","item":"https:\/\/ozponcho.com.au\/"},{"@type":"ListItem","position":2,"name":"Shop","item":"https:\/\/ozponcho.com.au\/shop\/"},{"@type":"ListItem","position":3,"name":"Fur-Collar Tassel Poncho"}]},{"@type":"WebSite","@id":"https:\/\/ozponcho.com.au\/#website","url":"https:\/\/ozponcho.com.au\/","name":"OZ Poncho","description":"","potentialAction":[{"@type":"SearchAction","target":{"@type":"EntryPoint","urlTemplate":"https:\/\/ozponcho.com.au\/?s={search_term_string}"},"query-input":{"@type":"PropertyValueSpecification","valueRequired":true,"valueName":"search_term_string"}}],"inLanguage":"hu"}]}},"_links":{"self":[{"href":"https:\/\/ozponcho.com.au\/hu\/wp-json\/wp\/v2\/product\/13105","targetHints":{"allow":["GET"]}}],"collection":[{"href":"https:\/\/ozponcho.com.au\/hu\/wp-json\/wp\/v2\/product"}],"about":[{"href":"https:\/\/ozponcho.com.au\/hu\/wp-json\/wp\/v2\/types\/product"}],"wp:featuredmedia":[{"embeddable":true,"href":"https:\/\/ozponcho.com.au\/hu\/wp-json\/wp\/v2\/media\/13063"}],"wp:attachment":[{"href":"https:\/\/ozponcho.com.au\/hu\/wp-json\/wp\/v2\/media?parent=13105"}],"wp:term":[{"taxonomy":"product_brand","embeddable":true,"href":"https:\/\/ozponcho.com.au\/hu\/wp-json\/wp\/v2\/product_brand?post=13105"},{"taxonomy":"product_cat","embeddable":true,"href":"https:\/\/ozponcho.com.au\/hu\/wp-json\/wp\/v2\/product_cat?post=13105"},{"taxonomy":"product_tag","embeddable":true,"href":"https:\/\/ozponcho.com.au\/hu\/wp-json\/wp\/v2\/product_tag?post=13105"}],"curies":[{"name":"wp","href":"https:\/\/api.w.org\/{rel}","templated":true}]}}