{"id":13086,"date":"2023-12-13T18:38:07","date_gmt":"2023-12-13T07:38:07","guid":{"rendered":"https:\/\/ozponcho.com.au\/p\/autumn-winter-aristolochia-ringens-knitted-cape-women-thickened-warm-shawl\/"},"modified":"2026-03-06T16:43:48","modified_gmt":"2026-03-06T05:43:48","slug":"chic-winter-cape-shawl","status":"publish","type":"product","link":"https:\/\/ozponcho.com.au\/hu\/p\/elegans-teli-kopeny-kendo\/","title":{"rendered":"Eleg\u00e1ns k\u00f6t\u00f6tt poncs\u00f3 kend\u0151"},"content":{"rendered":"<p>Tekerje mag\u00e1t luxusba az Eleg\u00e1ns k\u00f6t\u00f6tt poncs\u00f3 kend\u0151nkkel. A kifinomults\u00e1g \u00e9s a melegs\u00e9g \u00e9rdek\u00e9ben tervezett poncs\u00f3 t\u00f6k\u00e9letes az eleg\u00e1ns n\u0151k sz\u00e1m\u00e1ra, akik feldobj\u00e1k \u0151szi \u00e9s t\u00e9li ruhat\u00e1rukat. Az \u00e1llatmint\u00e1s mint\u00e1val ell\u00e1tott jersey anyag \u00edzl\u00e9ses csavart k\u00edn\u00e1l a klasszikus k\u00f6t\u00f6tt ruh\u00e1khoz, m\u00edg a k\u00e9nyelmes akril anyag melegen tart a h\u0171v\u00f6s napokon. Laza szab\u00e1s\u00e1val \u00e9s hossz\u00fa dolman ujjaival egyszerre hozza a k\u00e9nyelmet \u00e9s az eleganci\u00e1t b\u00e1rmilyen \u00f6lt\u00f6z\u00e9khez. Pomp\u00e1s sz\u00fcrke \u00e9s feh\u00e9r diz\u00e1jnja, amelyet pl\u00fcss feh\u00e9r m\u0171sz\u0151rme szeg\u00e9ly eg\u00e9sz\u00edt ki, k\u00e9nyeztet\u0151 kieg\u00e9sz\u00edt\u0151v\u00e9 teszi a divatra t\u00f6rekv\u0151 egy\u00e9nek sz\u00e1m\u00e1ra.<\/p>\n<div>St\u00edlus: Eleg\u00e1ns<\/div>\n<div>Illeszked\u00e9s: .<\/div>\n<div>Sz\u00f6vet: Jersey<\/div>\n<div>Mint\u00e1zat: \u00c1llati minta: Animal Print<\/div>\n<div>Elem: Nem<\/div>\n<div>Top Hossz\u00fas\u00e1g: Hossz\u00fa<\/div>\n<div>H\u00fcvely t\u00edpusa: H\u00fcvely: Dolman ujj<\/div>\n<div>H\u00fcvely hossza: Hossz\u00fa ujj\u00fa<\/div>\n<div>Z\u00e1r\u00e1si t\u00edpus: Egy\u00e9b<\/div>\n<div>F\u0151 \u00f6sszet\u00e9tel: Akril<\/div>\n<div>Szezon: \u0150sz\/T\u00e9l<\/div>\n<p><img decoding=\"async\" src=\"https:\/\/ozponcho.com.au\/wp-content\/uploads\/2024\/03\/1143139741005250560.png\" \/><img decoding=\"async\" src=\"https:\/\/ozponcho.com.au\/wp-content\/uploads\/2024\/03\/O1CN01MJ8hsP1QYYFSgGhym_2505411988-0-cib.jpg\" \/><img decoding=\"async\" src=\"https:\/\/ozponcho.com.au\/wp-content\/uploads\/2024\/03\/O1CN012yMvT91QYYFMXQqDP_2505411988-0-cib.jpg\" \/><img decoding=\"async\" src=\"https:\/\/ozponcho.com.au\/wp-content\/uploads\/2024\/03\/O1CN01v2P9go1QYYFPCp1Sf_2505411988-0-cib.jpg\" \/><img decoding=\"async\" src=\"https:\/\/ozponcho.com.au\/wp-content\/uploads\/2024\/03\/O1CN01rIcl1O1QYYFNAGt5l_2505411988-0-cib.jpg\" \/><img decoding=\"async\" src=\"https:\/\/ozponcho.com.au\/wp-content\/uploads\/2024\/03\/O1CN01cS4OvG1QYYFQPX6Tz_2505411988-0-cib.jpg\" \/><img decoding=\"async\" src=\"https:\/\/ozponcho.com.au\/wp-content\/uploads\/2024\/03\/O1CN01RYPNj31QYYFQTPa7S_2505411988-0-cib.jpg\" \/><img decoding=\"async\" src=\"https:\/\/ozponcho.com.au\/wp-content\/uploads\/2024\/03\/O1CN01pZGlBt1QYYFSIE3O3_2505411988-0-cib.jpg\" \/><\/p>","protected":false},"excerpt":{"rendered":"<p>Wrap yourself in luxury with our Elegant Knitted Poncho Shawl. Designed for sophistication and warmth, this poncho is perfect for stylish women looking to elevate their autumn and winter wardrobe. The Jersey fabric with an animal print pattern offers a tasteful twist to classic knitwear, while the cozy acrylic material keeps you warm during chilly [&#8230;]","protected":false},"featured_media":13053,"template":"","meta":[],"product_brand":[],"product_cat":[219,229,218,225,15,228,210],"product_tag":[],"class_list":{"0":"post-13086","1":"product","2":"type-product","3":"status-publish","4":"has-post-thumbnail","6":"product_cat-black-poncho","7":"product_cat-blanket-poncho","8":"product_cat-fur-poncho","9":"product_cat-grey-poncho","10":"product_cat-main-category","11":"product_cat-poncho-sweater","12":"product_cat-poncho-women","14":"first","15":"instock","16":"shipping-taxable","17":"purchasable","18":"product-type-variable"},"yoast_head":"<!-- This site is optimized with the Yoast SEO plugin v25.9 - https:\/\/yoast.com\/wordpress\/plugins\/seo\/ -->\n<title>Elegant Knitted Poncho Shawl | Magyarorsz\u00e1g #1 Poncho Shop<\/title>\n<meta name=\"description\" content=\"Looking for a Elegant Knitted Poncho Shawl ? You&#039;ve come to the right place \ud83d\ude04 We offers a wide selection of Elegant Knitted Poncho Shawl, perfect for you.\" \/>\n<meta name=\"robots\" content=\"index, follow, max-snippet:-1, max-image-preview:large, max-video-preview:-1\" \/>\n<link rel=\"canonical\" href=\"https:\/\/ozponcho.com.au\/hu\/p\/elegans-teli-kopeny-kendo\/\" \/>\n<meta property=\"og:locale\" content=\"hu_HU\" \/>\n<meta property=\"og:type\" content=\"article\" \/>\n<meta property=\"og:title\" content=\"Elegant Knitted Poncho Shawl | Magyarorsz\u00e1g #1 Poncho Shop\" \/>\n<meta property=\"og:description\" content=\"Looking for a Elegant Knitted Poncho Shawl ? You&#039;ve come to the right place \ud83d\ude04 We offers a wide selection of Elegant Knitted Poncho Shawl, perfect for you.\" \/>\n<meta property=\"og:url\" content=\"https:\/\/ozponcho.com.au\/hu\/p\/elegans-teli-kopeny-kendo\/\" \/>\n<meta property=\"og:site_name\" content=\"OZ Poncho\" \/>\n<meta property=\"article:modified_time\" content=\"2026-03-06T05:43:48+00:00\" \/>\n<meta property=\"og:image\" content=\"https:\/\/ozponcho.com.au\/wp-content\/uploads\/2023\/12\/O1CN01yx7jlH1QYYFPC5RGL_2505411988-0-cib.jpg\" \/>\n\t<meta property=\"og:image:width\" content=\"800\" \/>\n\t<meta property=\"og:image:height\" content=\"800\" \/>\n\t<meta property=\"og:image:type\" content=\"image\/jpeg\" \/>\n<meta name=\"twitter:card\" content=\"summary_large_image\" \/>\n<meta name=\"twitter:label1\" content=\"Becs\u00fclt olvas\u00e1si id\u0151\" \/>\n\t<meta name=\"twitter:data1\" content=\"3 perc\" \/>\n<script type=\"application\/ld+json\" class=\"yoast-schema-graph\">{\"@context\":\"https:\/\/schema.org\",\"@graph\":[{\"@type\":\"WebPage\",\"@id\":\"https:\/\/ozponcho.com.au\/p\/chic-winter-cape-shawl\/\",\"url\":\"https:\/\/ozponcho.com.au\/p\/chic-winter-cape-shawl\/\",\"name\":\"Elegant Knitted Poncho Shawl | Magyarorsz\u00e1g #1 Poncho Shop\",\"isPartOf\":{\"@id\":\"https:\/\/ozponcho.com.au\/#website\"},\"primaryImageOfPage\":{\"@id\":\"https:\/\/ozponcho.com.au\/p\/chic-winter-cape-shawl\/#primaryimage\"},\"image\":{\"@id\":\"https:\/\/ozponcho.com.au\/p\/chic-winter-cape-shawl\/#primaryimage\"},\"thumbnailUrl\":\"https:\/\/ozponcho.com.au\/wp-content\/uploads\/2023\/12\/O1CN01yx7jlH1QYYFPC5RGL_2505411988-0-cib.jpg\",\"datePublished\":\"2023-12-13T07:38:07+00:00\",\"dateModified\":\"2026-03-06T05:43:48+00:00\",\"description\":\"Looking for a Elegant Knitted Poncho Shawl ? You've come to the right place \ud83d\ude04 We offers a wide selection of Elegant Knitted Poncho Shawl, perfect for you.\",\"breadcrumb\":{\"@id\":\"https:\/\/ozponcho.com.au\/p\/chic-winter-cape-shawl\/#breadcrumb\"},\"inLanguage\":\"hu\",\"potentialAction\":[{\"@type\":\"ReadAction\",\"target\":[\"https:\/\/ozponcho.com.au\/p\/chic-winter-cape-shawl\/\"]}]},{\"@type\":\"ImageObject\",\"inLanguage\":\"hu\",\"@id\":\"https:\/\/ozponcho.com.au\/p\/chic-winter-cape-shawl\/#primaryimage\",\"url\":\"https:\/\/ozponcho.com.au\/wp-content\/uploads\/2023\/12\/O1CN01yx7jlH1QYYFPC5RGL_2505411988-0-cib.jpg\",\"contentUrl\":\"https:\/\/ozponcho.com.au\/wp-content\/uploads\/2023\/12\/O1CN01yx7jlH1QYYFPC5RGL_2505411988-0-cib.jpg\",\"width\":800,\"height\":800,\"caption\":\"Elegant Knitted Poncho Shawl\"},{\"@type\":\"BreadcrumbList\",\"@id\":\"https:\/\/ozponcho.com.au\/p\/chic-winter-cape-shawl\/#breadcrumb\",\"itemListElement\":[{\"@type\":\"ListItem\",\"position\":1,\"name\":\"Home\",\"item\":\"https:\/\/ozponcho.com.au\/\"},{\"@type\":\"ListItem\",\"position\":2,\"name\":\"Shop\",\"item\":\"https:\/\/ozponcho.com.au\/shop\/\"},{\"@type\":\"ListItem\",\"position\":3,\"name\":\"Elegant Knitted Poncho Shawl\"}]},{\"@type\":\"WebSite\",\"@id\":\"https:\/\/ozponcho.com.au\/#website\",\"url\":\"https:\/\/ozponcho.com.au\/\",\"name\":\"OZ Poncho\",\"description\":\"\",\"potentialAction\":[{\"@type\":\"SearchAction\",\"target\":{\"@type\":\"EntryPoint\",\"urlTemplate\":\"https:\/\/ozponcho.com.au\/?s={search_term_string}\"},\"query-input\":{\"@type\":\"PropertyValueSpecification\",\"valueRequired\":true,\"valueName\":\"search_term_string\"}}],\"inLanguage\":\"hu\"}]}<\/script>\n<!-- \/ Yoast SEO plugin. -->","yoast_head_json":{"title":"Eleg\u00e1ns k\u00f6t\u00f6tt poncs\u00f3 kend\u0151 | Magyarorsz\u00e1g #1 Poncho Shop","description":"Eleg\u00e1ns k\u00f6t\u00f6tt poncs\u00f3 kend\u0151t keres ? A legjobb helyre j\u00f6tt\u00e9l \ud83d\ude04 Eleg\u00e1ns k\u00f6t\u00f6tt Poncho kend\u0151 sz\u00e9les v\u00e1laszt\u00e9k\u00e1t k\u00edn\u00e1ljuk, t\u00f6k\u00e9letes az \u00d6n sz\u00e1m\u00e1ra.","robots":{"index":"index","follow":"follow","max-snippet":"max-snippet:-1","max-image-preview":"max-image-preview:large","max-video-preview":"max-video-preview:-1"},"canonical":"https:\/\/ozponcho.com.au\/hu\/p\/elegans-teli-kopeny-kendo\/","og_locale":"hu_HU","og_type":"article","og_title":"Elegant Knitted Poncho Shawl | Magyarorsz\u00e1g #1 Poncho Shop","og_description":"Looking for a Elegant Knitted Poncho Shawl ? You've come to the right place \ud83d\ude04 We offers a wide selection of Elegant Knitted Poncho Shawl, perfect for you.","og_url":"https:\/\/ozponcho.com.au\/hu\/p\/elegans-teli-kopeny-kendo\/","og_site_name":"OZ Poncho","article_modified_time":"2026-03-06T05:43:48+00:00","og_image":[{"width":800,"height":800,"url":"https:\/\/ozponcho.com.au\/wp-content\/uploads\/2023\/12\/O1CN01yx7jlH1QYYFPC5RGL_2505411988-0-cib.jpg","type":"image\/jpeg"}],"twitter_card":"summary_large_image","twitter_misc":{"Becs\u00fclt olvas\u00e1si id\u0151":"3 perc"},"schema":{"@context":"https:\/\/schema.org","@graph":[{"@type":"WebPage","@id":"https:\/\/ozponcho.com.au\/p\/chic-winter-cape-shawl\/","url":"https:\/\/ozponcho.com.au\/p\/chic-winter-cape-shawl\/","name":"Eleg\u00e1ns k\u00f6t\u00f6tt poncs\u00f3 kend\u0151 | Magyarorsz\u00e1g #1 Poncho Shop","isPartOf":{"@id":"https:\/\/ozponcho.com.au\/#website"},"primaryImageOfPage":{"@id":"https:\/\/ozponcho.com.au\/p\/chic-winter-cape-shawl\/#primaryimage"},"image":{"@id":"https:\/\/ozponcho.com.au\/p\/chic-winter-cape-shawl\/#primaryimage"},"thumbnailUrl":"https:\/\/ozponcho.com.au\/wp-content\/uploads\/2023\/12\/O1CN01yx7jlH1QYYFPC5RGL_2505411988-0-cib.jpg","datePublished":"2023-12-13T07:38:07+00:00","dateModified":"2026-03-06T05:43:48+00:00","description":"Eleg\u00e1ns k\u00f6t\u00f6tt poncs\u00f3 kend\u0151t keres ? A legjobb helyre j\u00f6tt\u00e9l \ud83d\ude04 Eleg\u00e1ns k\u00f6t\u00f6tt Poncho kend\u0151 sz\u00e9les v\u00e1laszt\u00e9k\u00e1t k\u00edn\u00e1ljuk, t\u00f6k\u00e9letes az \u00d6n sz\u00e1m\u00e1ra.","breadcrumb":{"@id":"https:\/\/ozponcho.com.au\/p\/chic-winter-cape-shawl\/#breadcrumb"},"inLanguage":"hu","potentialAction":[{"@type":"ReadAction","target":["https:\/\/ozponcho.com.au\/p\/chic-winter-cape-shawl\/"]}]},{"@type":"ImageObject","inLanguage":"hu","@id":"https:\/\/ozponcho.com.au\/p\/chic-winter-cape-shawl\/#primaryimage","url":"https:\/\/ozponcho.com.au\/wp-content\/uploads\/2023\/12\/O1CN01yx7jlH1QYYFPC5RGL_2505411988-0-cib.jpg","contentUrl":"https:\/\/ozponcho.com.au\/wp-content\/uploads\/2023\/12\/O1CN01yx7jlH1QYYFPC5RGL_2505411988-0-cib.jpg","width":800,"height":800,"caption":"Elegant Knitted Poncho Shawl"},{"@type":"BreadcrumbList","@id":"https:\/\/ozponcho.com.au\/p\/chic-winter-cape-shawl\/#breadcrumb","itemListElement":[{"@type":"ListItem","position":1,"name":"Home","item":"https:\/\/ozponcho.com.au\/"},{"@type":"ListItem","position":2,"name":"Shop","item":"https:\/\/ozponcho.com.au\/shop\/"},{"@type":"ListItem","position":3,"name":"Elegant Knitted Poncho Shawl"}]},{"@type":"WebSite","@id":"https:\/\/ozponcho.com.au\/#website","url":"https:\/\/ozponcho.com.au\/","name":"OZ Poncho","description":"","potentialAction":[{"@type":"SearchAction","target":{"@type":"EntryPoint","urlTemplate":"https:\/\/ozponcho.com.au\/?s={search_term_string}"},"query-input":{"@type":"PropertyValueSpecification","valueRequired":true,"valueName":"search_term_string"}}],"inLanguage":"hu"}]}},"_links":{"self":[{"href":"https:\/\/ozponcho.com.au\/hu\/wp-json\/wp\/v2\/product\/13086","targetHints":{"allow":["GET"]}}],"collection":[{"href":"https:\/\/ozponcho.com.au\/hu\/wp-json\/wp\/v2\/product"}],"about":[{"href":"https:\/\/ozponcho.com.au\/hu\/wp-json\/wp\/v2\/types\/product"}],"wp:featuredmedia":[{"embeddable":true,"href":"https:\/\/ozponcho.com.au\/hu\/wp-json\/wp\/v2\/media\/13053"}],"wp:attachment":[{"href":"https:\/\/ozponcho.com.au\/hu\/wp-json\/wp\/v2\/media?parent=13086"}],"wp:term":[{"taxonomy":"product_brand","embeddable":true,"href":"https:\/\/ozponcho.com.au\/hu\/wp-json\/wp\/v2\/product_brand?post=13086"},{"taxonomy":"product_cat","embeddable":true,"href":"https:\/\/ozponcho.com.au\/hu\/wp-json\/wp\/v2\/product_cat?post=13086"},{"taxonomy":"product_tag","embeddable":true,"href":"https:\/\/ozponcho.com.au\/hu\/wp-json\/wp\/v2\/product_tag?post=13086"}],"curies":[{"name":"wp","href":"https:\/\/api.w.org\/{rel}","templated":true}]}}