{"id":13081,"date":"2023-12-13T18:38:05","date_gmt":"2023-12-13T07:38:05","guid":{"rendered":"https:\/\/ozponcho.com.au\/p\/autumn-winter-new-women-clothing-christmas-snowflake-sweater-single-breasted-pocket-sweater-for-women\/"},"modified":"2025-02-27T13:44:32","modified_gmt":"2025-02-27T02:44:32","slug":"chic-snowflake-knit-poncho","status":"publish","type":"product","link":"https:\/\/ozponcho.com.au\/hu\/p\/elegans-hopehely-kotott-poncso\/","title":{"rendered":"N\u0151i r\u00f3zsasz\u00edn poncs\u00f3 pul\u00f3ver"},"content":{"rendered":"<p>Dobja fel t\u00e9li ruhat\u00e1r\u00e1t ezzel a gy\u00f6ny\u00f6r\u0171 r\u00f3zsasz\u00edn poncs\u00f3 pul\u00f3verrel, amely t\u00f6k\u00e9letes a k\u00e9nyelmet \u00e9s a st\u00edlust egyar\u00e1nt \u00e9rt\u00e9kel\u0151 n\u0151k sz\u00e1m\u00e1ra. A f\u00e9ny\u0171z\u0151 poli\u00e9sztersz\u00e1las konstrukci\u00f3 biztos\u00edtja a meleget \u00e9s a hossz\u00fa \u00e9lettartamot, m\u00edg a h\u00f3pehelyminta \u00fcnnepi jelleget k\u00f6lcs\u00f6n\u00f6z. A k\u00e9nyelmet szem el\u0151tt tartva tervezt\u00e9k, egyber\u00e9szes el\u0151lappal \u00e9s t\u00e1gas zsebekkel b\u00fcszk\u00e9lkedhet. A feh\u00e9r \u00e9s s\u00f6t\u00e9tebb sz\u00e1lakkal \u00e1tsz\u0151tt r\u00f3zsasz\u00edn \u00e1rnyalatai var\u00e1zslatos darabot alkotnak, amely z\u00f6kken\u0151mentesen v\u00e1lt \u00e1t egy hangulatos otthoni napr\u00f3l egy b\u00e1jos esti sz\u00f3rakoz\u00e1sra. Ne hagyja ki ezt a sokoldal\u00fa, st\u00edlusos kieg\u00e9sz\u00edt\u0151t a t\u00e9li \u00f6ssze\u00e1ll\u00edt\u00e1s\u00e1hoz.<\/p>\n<div>Anyag: poli\u00e9szter sz\u00e1l (poli\u00e9szter)<\/div>\n<div>Anyag\u00f6sszet\u00e9tel: 100%<\/div>\n<div>Mintat\u00edpus: H\u00f3pehely<\/div>\n<p><img decoding=\"async\" src=\"https:\/\/ozponcho.com.au\/wp-content\/uploads\/2024\/03\/885174423512940544.png\" \/><img decoding=\"async\" src=\"https:\/\/ozponcho.com.au\/wp-content\/uploads\/2024\/03\/O1CN017AsnuF1QYY5Cehyqr_2505411988-0-cib.jpg\" \/><img decoding=\"async\" src=\"https:\/\/ozponcho.com.au\/wp-content\/uploads\/2024\/03\/O1CN011pWyS41QYY52Hrb8Z_2505411988-0-cib.jpg\" \/><img decoding=\"async\" src=\"https:\/\/ozponcho.com.au\/wp-content\/uploads\/2024\/03\/O1CN01oxlRPk1QYY56TMIQ6_2505411988-0-cib.jpg\" \/><img decoding=\"async\" src=\"https:\/\/ozponcho.com.au\/wp-content\/uploads\/2024\/03\/O1CN01RfYVFM1QYY58Dtzj1_2505411988-0-cib.jpg\" \/><img decoding=\"async\" src=\"https:\/\/ozponcho.com.au\/wp-content\/uploads\/2024\/03\/O1CN015LYV9e1QYY5EIegi2_2505411988-0-cib.jpg\" \/><img decoding=\"async\" src=\"https:\/\/ozponcho.com.au\/wp-content\/uploads\/2024\/03\/O1CN01tTslwg1QYY56TPW3z_2505411988-0-cib.jpg\" \/><img decoding=\"async\" src=\"https:\/\/ozponcho.com.au\/wp-content\/uploads\/2024\/03\/O1CN01rkkxQh1QYY54L182x_2505411988-0-cib.jpg\" \/><img decoding=\"async\" src=\"https:\/\/ozponcho.com.au\/wp-content\/uploads\/2024\/03\/O1CN01C7FEFF1QYY58DuCEK_2505411988-0-cib.jpg\" \/><\/p>","protected":false},"excerpt":{"rendered":"<p>Elevate your winter wardrobe with this exquisite pink poncho sweater, perfect for women who value both comfort and style. Its luxurious polyester fiber construction ensures warmth and longevity, while the snowflake pattern injects a festive touch. Designed with convenience in mind, it boasts a single-breasted front and roomy pockets. The nuanced shades of blush pink, [&#8230;]","protected":false},"featured_media":13032,"template":"","meta":[],"product_brand":[],"product_cat":[218,15,222,228,210],"product_tag":[],"class_list":{"0":"post-13081","1":"product","2":"type-product","3":"status-publish","4":"has-post-thumbnail","6":"product_cat-fur-poncho","7":"product_cat-main-category","8":"product_cat-pink-poncho","9":"product_cat-poncho-sweater","10":"product_cat-poncho-women","12":"first","13":"outofstock","14":"shipping-taxable","15":"purchasable","16":"product-type-variable"},"yoast_head":"<!-- This site is optimized with the Yoast SEO plugin v25.9 - https:\/\/yoast.com\/wordpress\/plugins\/seo\/ -->\n<title>Women&#039;s Pink Poncho Sweater | Magyarorsz\u00e1g #1 Poncho Shop<\/title>\n<meta name=\"description\" content=\"Looking for a Women&#039;s Pink Poncho Sweater ? You&#039;ve come to the right place \ud83d\ude04 We offers a wide selection of Women&#039;s Pink Poncho Sweater, perfect for you.\" \/>\n<meta name=\"robots\" content=\"index, follow, max-snippet:-1, max-image-preview:large, max-video-preview:-1\" \/>\n<link rel=\"canonical\" href=\"https:\/\/ozponcho.com.au\/hu\/p\/elegans-hopehely-kotott-poncso\/\" \/>\n<meta property=\"og:locale\" content=\"hu_HU\" \/>\n<meta property=\"og:type\" content=\"article\" \/>\n<meta property=\"og:title\" content=\"Women&#039;s Pink Poncho Sweater | Magyarorsz\u00e1g #1 Poncho Shop\" \/>\n<meta property=\"og:description\" content=\"Looking for a Women&#039;s Pink Poncho Sweater ? You&#039;ve come to the right place \ud83d\ude04 We offers a wide selection of Women&#039;s Pink Poncho Sweater, perfect for you.\" \/>\n<meta property=\"og:url\" content=\"https:\/\/ozponcho.com.au\/hu\/p\/elegans-hopehely-kotott-poncso\/\" \/>\n<meta property=\"og:site_name\" content=\"OZ Poncho\" \/>\n<meta property=\"article:modified_time\" content=\"2025-02-27T02:44:32+00:00\" \/>\n<meta property=\"og:image\" content=\"https:\/\/ozponcho.com.au\/wp-content\/uploads\/2023\/12\/O1CN01QNNlAG1QYY53lmdi0_2505411988-0-cib.jpg\" \/>\n\t<meta property=\"og:image:width\" content=\"800\" \/>\n\t<meta property=\"og:image:height\" content=\"800\" \/>\n\t<meta property=\"og:image:type\" content=\"image\/jpeg\" \/>\n<meta name=\"twitter:card\" content=\"summary_large_image\" \/>\n<meta name=\"twitter:label1\" content=\"Becs\u00fclt olvas\u00e1si id\u0151\" \/>\n\t<meta name=\"twitter:data1\" content=\"1 perc\" \/>\n<script type=\"application\/ld+json\" class=\"yoast-schema-graph\">{\"@context\":\"https:\/\/schema.org\",\"@graph\":[{\"@type\":\"WebPage\",\"@id\":\"https:\/\/ozponcho.com.au\/p\/chic-snowflake-knit-poncho\/\",\"url\":\"https:\/\/ozponcho.com.au\/p\/chic-snowflake-knit-poncho\/\",\"name\":\"Women's Pink Poncho Sweater | Magyarorsz\u00e1g #1 Poncho Shop\",\"isPartOf\":{\"@id\":\"https:\/\/ozponcho.com.au\/#website\"},\"primaryImageOfPage\":{\"@id\":\"https:\/\/ozponcho.com.au\/p\/chic-snowflake-knit-poncho\/#primaryimage\"},\"image\":{\"@id\":\"https:\/\/ozponcho.com.au\/p\/chic-snowflake-knit-poncho\/#primaryimage\"},\"thumbnailUrl\":\"https:\/\/ozponcho.com.au\/wp-content\/uploads\/2023\/12\/O1CN01QNNlAG1QYY53lmdi0_2505411988-0-cib.jpg\",\"datePublished\":\"2023-12-13T07:38:05+00:00\",\"dateModified\":\"2025-02-27T02:44:32+00:00\",\"description\":\"Looking for a Women's Pink Poncho Sweater ? You've come to the right place \ud83d\ude04 We offers a wide selection of Women's Pink Poncho Sweater, perfect for you.\",\"breadcrumb\":{\"@id\":\"https:\/\/ozponcho.com.au\/p\/chic-snowflake-knit-poncho\/#breadcrumb\"},\"inLanguage\":\"hu\",\"potentialAction\":[{\"@type\":\"ReadAction\",\"target\":[\"https:\/\/ozponcho.com.au\/p\/chic-snowflake-knit-poncho\/\"]}]},{\"@type\":\"ImageObject\",\"inLanguage\":\"hu\",\"@id\":\"https:\/\/ozponcho.com.au\/p\/chic-snowflake-knit-poncho\/#primaryimage\",\"url\":\"https:\/\/ozponcho.com.au\/wp-content\/uploads\/2023\/12\/O1CN01QNNlAG1QYY53lmdi0_2505411988-0-cib.jpg\",\"contentUrl\":\"https:\/\/ozponcho.com.au\/wp-content\/uploads\/2023\/12\/O1CN01QNNlAG1QYY53lmdi0_2505411988-0-cib.jpg\",\"width\":800,\"height\":800,\"caption\":\"Women's Pink Poncho Sweater\"},{\"@type\":\"BreadcrumbList\",\"@id\":\"https:\/\/ozponcho.com.au\/p\/chic-snowflake-knit-poncho\/#breadcrumb\",\"itemListElement\":[{\"@type\":\"ListItem\",\"position\":1,\"name\":\"Home\",\"item\":\"https:\/\/ozponcho.com.au\/\"},{\"@type\":\"ListItem\",\"position\":2,\"name\":\"Shop\",\"item\":\"https:\/\/ozponcho.com.au\/shop\/\"},{\"@type\":\"ListItem\",\"position\":3,\"name\":\"Women&#8217;s Pink Poncho Sweater\"}]},{\"@type\":\"WebSite\",\"@id\":\"https:\/\/ozponcho.com.au\/#website\",\"url\":\"https:\/\/ozponcho.com.au\/\",\"name\":\"OZ Poncho\",\"description\":\"\",\"potentialAction\":[{\"@type\":\"SearchAction\",\"target\":{\"@type\":\"EntryPoint\",\"urlTemplate\":\"https:\/\/ozponcho.com.au\/?s={search_term_string}\"},\"query-input\":{\"@type\":\"PropertyValueSpecification\",\"valueRequired\":true,\"valueName\":\"search_term_string\"}}],\"inLanguage\":\"hu\"}]}<\/script>\n<!-- \/ Yoast SEO plugin. -->","yoast_head_json":{"title":"N\u0151i r\u00f3zsasz\u00edn poncs\u00f3 pul\u00f3ver | Magyarorsz\u00e1g #1 Poncho Shop","description":"N\u0151i r\u00f3zsasz\u00edn poncs\u00f3 pul\u00f3vert keresel ? A legjobb helyen j\u00e1rsz \ud83d\ude04 N\u0151i r\u00f3zsasz\u00edn Poncho pul\u00f3verek sz\u00e9les v\u00e1laszt\u00e9k\u00e1t k\u00edn\u00e1ljuk, t\u00f6k\u00e9letes az \u00d6n sz\u00e1m\u00e1ra.","robots":{"index":"index","follow":"follow","max-snippet":"max-snippet:-1","max-image-preview":"max-image-preview:large","max-video-preview":"max-video-preview:-1"},"canonical":"https:\/\/ozponcho.com.au\/hu\/p\/elegans-hopehely-kotott-poncso\/","og_locale":"hu_HU","og_type":"article","og_title":"Women's Pink Poncho Sweater | Magyarorsz\u00e1g #1 Poncho Shop","og_description":"Looking for a Women's Pink Poncho Sweater ? You've come to the right place \ud83d\ude04 We offers a wide selection of Women's Pink Poncho Sweater, perfect for you.","og_url":"https:\/\/ozponcho.com.au\/hu\/p\/elegans-hopehely-kotott-poncso\/","og_site_name":"OZ Poncho","article_modified_time":"2025-02-27T02:44:32+00:00","og_image":[{"width":800,"height":800,"url":"https:\/\/ozponcho.com.au\/wp-content\/uploads\/2023\/12\/O1CN01QNNlAG1QYY53lmdi0_2505411988-0-cib.jpg","type":"image\/jpeg"}],"twitter_card":"summary_large_image","twitter_misc":{"Becs\u00fclt olvas\u00e1si id\u0151":"1 perc"},"schema":{"@context":"https:\/\/schema.org","@graph":[{"@type":"WebPage","@id":"https:\/\/ozponcho.com.au\/p\/chic-snowflake-knit-poncho\/","url":"https:\/\/ozponcho.com.au\/p\/chic-snowflake-knit-poncho\/","name":"N\u0151i r\u00f3zsasz\u00edn poncs\u00f3 pul\u00f3ver | Magyarorsz\u00e1g #1 Poncho Shop","isPartOf":{"@id":"https:\/\/ozponcho.com.au\/#website"},"primaryImageOfPage":{"@id":"https:\/\/ozponcho.com.au\/p\/chic-snowflake-knit-poncho\/#primaryimage"},"image":{"@id":"https:\/\/ozponcho.com.au\/p\/chic-snowflake-knit-poncho\/#primaryimage"},"thumbnailUrl":"https:\/\/ozponcho.com.au\/wp-content\/uploads\/2023\/12\/O1CN01QNNlAG1QYY53lmdi0_2505411988-0-cib.jpg","datePublished":"2023-12-13T07:38:05+00:00","dateModified":"2025-02-27T02:44:32+00:00","description":"N\u0151i r\u00f3zsasz\u00edn poncs\u00f3 pul\u00f3vert keresel ? A legjobb helyen j\u00e1rsz \ud83d\ude04 N\u0151i r\u00f3zsasz\u00edn Poncho pul\u00f3verek sz\u00e9les v\u00e1laszt\u00e9k\u00e1t k\u00edn\u00e1ljuk, t\u00f6k\u00e9letes az \u00d6n sz\u00e1m\u00e1ra.","breadcrumb":{"@id":"https:\/\/ozponcho.com.au\/p\/chic-snowflake-knit-poncho\/#breadcrumb"},"inLanguage":"hu","potentialAction":[{"@type":"ReadAction","target":["https:\/\/ozponcho.com.au\/p\/chic-snowflake-knit-poncho\/"]}]},{"@type":"ImageObject","inLanguage":"hu","@id":"https:\/\/ozponcho.com.au\/p\/chic-snowflake-knit-poncho\/#primaryimage","url":"https:\/\/ozponcho.com.au\/wp-content\/uploads\/2023\/12\/O1CN01QNNlAG1QYY53lmdi0_2505411988-0-cib.jpg","contentUrl":"https:\/\/ozponcho.com.au\/wp-content\/uploads\/2023\/12\/O1CN01QNNlAG1QYY53lmdi0_2505411988-0-cib.jpg","width":800,"height":800,"caption":"Women's Pink Poncho Sweater"},{"@type":"BreadcrumbList","@id":"https:\/\/ozponcho.com.au\/p\/chic-snowflake-knit-poncho\/#breadcrumb","itemListElement":[{"@type":"ListItem","position":1,"name":"Home","item":"https:\/\/ozponcho.com.au\/"},{"@type":"ListItem","position":2,"name":"Shop","item":"https:\/\/ozponcho.com.au\/shop\/"},{"@type":"ListItem","position":3,"name":"Women&#8217;s Pink Poncho Sweater"}]},{"@type":"WebSite","@id":"https:\/\/ozponcho.com.au\/#website","url":"https:\/\/ozponcho.com.au\/","name":"OZ Poncho","description":"","potentialAction":[{"@type":"SearchAction","target":{"@type":"EntryPoint","urlTemplate":"https:\/\/ozponcho.com.au\/?s={search_term_string}"},"query-input":{"@type":"PropertyValueSpecification","valueRequired":true,"valueName":"search_term_string"}}],"inLanguage":"hu"}]}},"_links":{"self":[{"href":"https:\/\/ozponcho.com.au\/hu\/wp-json\/wp\/v2\/product\/13081","targetHints":{"allow":["GET"]}}],"collection":[{"href":"https:\/\/ozponcho.com.au\/hu\/wp-json\/wp\/v2\/product"}],"about":[{"href":"https:\/\/ozponcho.com.au\/hu\/wp-json\/wp\/v2\/types\/product"}],"wp:featuredmedia":[{"embeddable":true,"href":"https:\/\/ozponcho.com.au\/hu\/wp-json\/wp\/v2\/media\/13032"}],"wp:attachment":[{"href":"https:\/\/ozponcho.com.au\/hu\/wp-json\/wp\/v2\/media?parent=13081"}],"wp:term":[{"taxonomy":"product_brand","embeddable":true,"href":"https:\/\/ozponcho.com.au\/hu\/wp-json\/wp\/v2\/product_brand?post=13081"},{"taxonomy":"product_cat","embeddable":true,"href":"https:\/\/ozponcho.com.au\/hu\/wp-json\/wp\/v2\/product_cat?post=13081"},{"taxonomy":"product_tag","embeddable":true,"href":"https:\/\/ozponcho.com.au\/hu\/wp-json\/wp\/v2\/product_tag?post=13081"}],"curies":[{"name":"wp","href":"https:\/\/api.w.org\/{rel}","templated":true}]}}