{"id":13058,"date":"2023-12-13T18:37:58","date_gmt":"2023-12-13T07:37:58","guid":{"rendered":"https:\/\/ozponcho.com.au\/p\/autumn-winter-fur-collar-cape-cardigan-leopard-print-shawl-sweater-women\/"},"modified":"2026-02-02T13:42:34","modified_gmt":"2026-02-02T02:42:34","slug":"elegant-fur-trim-cape","status":"publish","type":"product","link":"https:\/\/ozponcho.com.au\/hu\/p\/elegans-szormes-kopeny\/","title":{"rendered":"Eleg\u00e1ns leop\u00e1rd poncs\u00f3 pul\u00f3ver"},"content":{"rendered":"<p>Dobja fel \u0151szi \u00e9s t\u00e9li st\u00edlus\u00e1t ezzel a luxus m\u0171sz\u0151rme gall\u00e9ros k\u00f6peny-kardig\u00e1nnal, amely z\u00f6kken\u0151mentesen \u00f6tv\u00f6zi az eleganci\u00e1t a k\u00e9nyelemmel. Cs\u00e1b\u00edt\u00f3 leop\u00e1rdmint\u00e1ja \u00e9s pl\u00fcss sz\u0151rme szeg\u00e9lye sikkes, kifinomult vonzer\u0151t sug\u00e1roz, ide\u00e1lis a divatos n\u0151k sz\u00e1m\u00e1ra, akik szeretn\u00e9nek felt\u0171n\u00e9st kelteni. A puha, meleg poli\u00e9szterb\u0151l k\u00e9sz\u00fclt, laza szab\u00e1s\u00fa, dolman ujj\u00fa poncs\u00f3 sokoldal\u00faan kieg\u00e9sz\u00edti b\u00e1rmelyik ruhat\u00e1rat. T\u00f6k\u00e9letes a r\u00e9teges \u00f6lt\u00f6zk\u00f6d\u00e9shez, \u00e9s azt \u00edg\u00e9ri, hogy otthonos marad, mik\u00f6zben biztos\u00edtja, hogy kit\u0171nj\u00f6n a t\u00f6megb\u0151l. Fogadja st\u00edlusosan a hidegebb h\u00f3napokat - tegye a mag\u00e1\u00e9v\u00e1 ezt a kihagyhatatlan poncs\u00f3t m\u00e9g ma!<\/p>\n<div>St\u00edlus: Eleg\u00e1ns<\/div>\n<div>Illeszked\u00e9s: .<\/div>\n<div>Sz\u00f6vet: Poli\u00e9szter<\/div>\n<div>Mint\u00e1zat: \u00c1llati minta: Animal Print<\/div>\n<div>Elem: Nem<\/div>\n<div>Top Hossz\u00fas\u00e1g: Hossz\u00fa<\/div>\n<div>H\u00fcvely t\u00edpusa: H\u00fcvely: Dolman ujj<\/div>\n<div>H\u00fcvely hossza: Hossz\u00fa ujj\u00fa<\/div>\n<div>Z\u00e1r\u00e1si t\u00edpus: Egy\u00e9b<\/div>\n<div>F\u0151 \u00f6sszet\u00e9tel: Poli\u00e9szter<\/div>\n<div>Szezon: \u0150sz\/T\u00e9l<\/div>\n<p><img decoding=\"async\" src=\"https:\/\/ozponcho.com.au\/wp-content\/uploads\/2024\/03\/1014530194486067200.png\" \/><img decoding=\"async\" src=\"https:\/\/ozponcho.com.au\/wp-content\/uploads\/2024\/03\/1014530254175207424.jpg\" \/><img decoding=\"async\" src=\"https:\/\/ozponcho.com.au\/wp-content\/uploads\/2024\/03\/1014530254221344768.jpg\" \/><img decoding=\"async\" src=\"https:\/\/ozponcho.com.au\/wp-content\/uploads\/2024\/03\/1014530254250704896.jpg\" \/><img decoding=\"async\" src=\"https:\/\/ozponcho.com.au\/wp-content\/uploads\/2024\/03\/1014530254284259328.jpg\" \/><\/p>","protected":false},"excerpt":{"rendered":"<p>Elevate your autumn and winter style with this luxurious faux fur collar cape cardigan, seamlessly blending elegance with comfort. Its alluring leopard print and plush fur trim exude a chic, sophisticated allure, ideal for fashion-forward women wanting to make a statement. Crafted from soft, warm polyester, this loose-fitting poncho with dolman sleeves is a versatile [&#8230;]","protected":false},"featured_media":13034,"template":"","meta":[],"product_brand":[],"product_cat":[219,226,218,15,228,210],"product_tag":[],"class_list":{"0":"post-13058","1":"product","2":"type-product","3":"status-publish","4":"has-post-thumbnail","6":"product_cat-black-poncho","7":"product_cat-brown-poncho","8":"product_cat-fur-poncho","9":"product_cat-main-category","10":"product_cat-poncho-sweater","11":"product_cat-poncho-women","13":"first","14":"instock","15":"shipping-taxable","16":"purchasable","17":"product-type-variable"},"yoast_head":"<!-- This site is optimized with the Yoast SEO plugin v25.9 - https:\/\/yoast.com\/wordpress\/plugins\/seo\/ -->\n<title>Chic Leopard Poncho Sweater | Magyarorsz\u00e1g #1 Poncho Shop<\/title>\n<meta name=\"description\" content=\"Looking for a Chic Leopard Poncho Sweater ? You&#039;ve come to the right place \ud83d\ude04 We offers a wide selection of Chic Leopard Poncho Sweater, perfect for you.\" \/>\n<meta name=\"robots\" content=\"index, follow, max-snippet:-1, max-image-preview:large, max-video-preview:-1\" \/>\n<link rel=\"canonical\" href=\"https:\/\/ozponcho.com.au\/hu\/p\/elegans-szormes-kopeny\/\" \/>\n<meta property=\"og:locale\" content=\"hu_HU\" \/>\n<meta property=\"og:type\" content=\"article\" \/>\n<meta property=\"og:title\" content=\"Chic Leopard Poncho Sweater | Magyarorsz\u00e1g #1 Poncho Shop\" \/>\n<meta property=\"og:description\" content=\"Looking for a Chic Leopard Poncho Sweater ? You&#039;ve come to the right place \ud83d\ude04 We offers a wide selection of Chic Leopard Poncho Sweater, perfect for you.\" \/>\n<meta property=\"og:url\" content=\"https:\/\/ozponcho.com.au\/hu\/p\/elegans-szormes-kopeny\/\" \/>\n<meta property=\"og:site_name\" content=\"OZ Poncho\" \/>\n<meta property=\"article:modified_time\" content=\"2026-02-02T02:42:34+00:00\" \/>\n<meta property=\"og:image\" content=\"https:\/\/ozponcho.com.au\/wp-content\/uploads\/2023\/12\/O1CN01AvdBKz1QYY9gMIcYi_2505411988-0-cib.jpg\" \/>\n\t<meta property=\"og:image:width\" content=\"800\" \/>\n\t<meta property=\"og:image:height\" content=\"800\" \/>\n\t<meta property=\"og:image:type\" content=\"image\/jpeg\" \/>\n<meta name=\"twitter:card\" content=\"summary_large_image\" \/>\n<meta name=\"twitter:label1\" content=\"Becs\u00fclt olvas\u00e1si id\u0151\" \/>\n\t<meta name=\"twitter:data1\" content=\"1 perc\" \/>\n<script type=\"application\/ld+json\" class=\"yoast-schema-graph\">{\"@context\":\"https:\/\/schema.org\",\"@graph\":[{\"@type\":\"WebPage\",\"@id\":\"https:\/\/ozponcho.com.au\/p\/elegant-fur-trim-cape\/\",\"url\":\"https:\/\/ozponcho.com.au\/p\/elegant-fur-trim-cape\/\",\"name\":\"Chic Leopard Poncho Sweater | Magyarorsz\u00e1g #1 Poncho Shop\",\"isPartOf\":{\"@id\":\"https:\/\/ozponcho.com.au\/#website\"},\"primaryImageOfPage\":{\"@id\":\"https:\/\/ozponcho.com.au\/p\/elegant-fur-trim-cape\/#primaryimage\"},\"image\":{\"@id\":\"https:\/\/ozponcho.com.au\/p\/elegant-fur-trim-cape\/#primaryimage\"},\"thumbnailUrl\":\"https:\/\/ozponcho.com.au\/wp-content\/uploads\/2023\/12\/O1CN01AvdBKz1QYY9gMIcYi_2505411988-0-cib.jpg\",\"datePublished\":\"2023-12-13T07:37:58+00:00\",\"dateModified\":\"2026-02-02T02:42:34+00:00\",\"description\":\"Looking for a Chic Leopard Poncho Sweater ? You've come to the right place \ud83d\ude04 We offers a wide selection of Chic Leopard Poncho Sweater, perfect for you.\",\"breadcrumb\":{\"@id\":\"https:\/\/ozponcho.com.au\/p\/elegant-fur-trim-cape\/#breadcrumb\"},\"inLanguage\":\"hu\",\"potentialAction\":[{\"@type\":\"ReadAction\",\"target\":[\"https:\/\/ozponcho.com.au\/p\/elegant-fur-trim-cape\/\"]}]},{\"@type\":\"ImageObject\",\"inLanguage\":\"hu\",\"@id\":\"https:\/\/ozponcho.com.au\/p\/elegant-fur-trim-cape\/#primaryimage\",\"url\":\"https:\/\/ozponcho.com.au\/wp-content\/uploads\/2023\/12\/O1CN01AvdBKz1QYY9gMIcYi_2505411988-0-cib.jpg\",\"contentUrl\":\"https:\/\/ozponcho.com.au\/wp-content\/uploads\/2023\/12\/O1CN01AvdBKz1QYY9gMIcYi_2505411988-0-cib.jpg\",\"width\":800,\"height\":800,\"caption\":\"Chic Leopard Poncho Sweater\"},{\"@type\":\"BreadcrumbList\",\"@id\":\"https:\/\/ozponcho.com.au\/p\/elegant-fur-trim-cape\/#breadcrumb\",\"itemListElement\":[{\"@type\":\"ListItem\",\"position\":1,\"name\":\"Home\",\"item\":\"https:\/\/ozponcho.com.au\/\"},{\"@type\":\"ListItem\",\"position\":2,\"name\":\"Shop\",\"item\":\"https:\/\/ozponcho.com.au\/shop\/\"},{\"@type\":\"ListItem\",\"position\":3,\"name\":\"Chic Leopard Poncho Sweater\"}]},{\"@type\":\"WebSite\",\"@id\":\"https:\/\/ozponcho.com.au\/#website\",\"url\":\"https:\/\/ozponcho.com.au\/\",\"name\":\"OZ Poncho\",\"description\":\"\",\"potentialAction\":[{\"@type\":\"SearchAction\",\"target\":{\"@type\":\"EntryPoint\",\"urlTemplate\":\"https:\/\/ozponcho.com.au\/?s={search_term_string}\"},\"query-input\":{\"@type\":\"PropertyValueSpecification\",\"valueRequired\":true,\"valueName\":\"search_term_string\"}}],\"inLanguage\":\"hu\"}]}<\/script>\n<!-- \/ Yoast SEO plugin. -->","yoast_head_json":{"title":"Eleg\u00e1ns Leop\u00e1rd Poncs\u00f3 pul\u00f3ver | Magyarorsz\u00e1g #1 Poncho Shop","description":"Sikkes leop\u00e1rdos poncs\u00f3 pul\u00f3vert keresel ? A legjobb helyen j\u00e1rsz \ud83d\ude04 A Chic Leopard Poncho Pulcsi sz\u00e9les v\u00e1laszt\u00e9k\u00e1t k\u00edn\u00e1ljuk, t\u00f6k\u00e9letes az \u00d6n sz\u00e1m\u00e1ra.","robots":{"index":"index","follow":"follow","max-snippet":"max-snippet:-1","max-image-preview":"max-image-preview:large","max-video-preview":"max-video-preview:-1"},"canonical":"https:\/\/ozponcho.com.au\/hu\/p\/elegans-szormes-kopeny\/","og_locale":"hu_HU","og_type":"article","og_title":"Chic Leopard Poncho Sweater | Magyarorsz\u00e1g #1 Poncho Shop","og_description":"Looking for a Chic Leopard Poncho Sweater ? You've come to the right place \ud83d\ude04 We offers a wide selection of Chic Leopard Poncho Sweater, perfect for you.","og_url":"https:\/\/ozponcho.com.au\/hu\/p\/elegans-szormes-kopeny\/","og_site_name":"OZ Poncho","article_modified_time":"2026-02-02T02:42:34+00:00","og_image":[{"width":800,"height":800,"url":"https:\/\/ozponcho.com.au\/wp-content\/uploads\/2023\/12\/O1CN01AvdBKz1QYY9gMIcYi_2505411988-0-cib.jpg","type":"image\/jpeg"}],"twitter_card":"summary_large_image","twitter_misc":{"Becs\u00fclt olvas\u00e1si id\u0151":"1 perc"},"schema":{"@context":"https:\/\/schema.org","@graph":[{"@type":"WebPage","@id":"https:\/\/ozponcho.com.au\/p\/elegant-fur-trim-cape\/","url":"https:\/\/ozponcho.com.au\/p\/elegant-fur-trim-cape\/","name":"Eleg\u00e1ns Leop\u00e1rd Poncs\u00f3 pul\u00f3ver | Magyarorsz\u00e1g #1 Poncho Shop","isPartOf":{"@id":"https:\/\/ozponcho.com.au\/#website"},"primaryImageOfPage":{"@id":"https:\/\/ozponcho.com.au\/p\/elegant-fur-trim-cape\/#primaryimage"},"image":{"@id":"https:\/\/ozponcho.com.au\/p\/elegant-fur-trim-cape\/#primaryimage"},"thumbnailUrl":"https:\/\/ozponcho.com.au\/wp-content\/uploads\/2023\/12\/O1CN01AvdBKz1QYY9gMIcYi_2505411988-0-cib.jpg","datePublished":"2023-12-13T07:37:58+00:00","dateModified":"2026-02-02T02:42:34+00:00","description":"Sikkes leop\u00e1rdos poncs\u00f3 pul\u00f3vert keresel ? A legjobb helyen j\u00e1rsz \ud83d\ude04 A Chic Leopard Poncho Pulcsi sz\u00e9les v\u00e1laszt\u00e9k\u00e1t k\u00edn\u00e1ljuk, t\u00f6k\u00e9letes az \u00d6n sz\u00e1m\u00e1ra.","breadcrumb":{"@id":"https:\/\/ozponcho.com.au\/p\/elegant-fur-trim-cape\/#breadcrumb"},"inLanguage":"hu","potentialAction":[{"@type":"ReadAction","target":["https:\/\/ozponcho.com.au\/p\/elegant-fur-trim-cape\/"]}]},{"@type":"ImageObject","inLanguage":"hu","@id":"https:\/\/ozponcho.com.au\/p\/elegant-fur-trim-cape\/#primaryimage","url":"https:\/\/ozponcho.com.au\/wp-content\/uploads\/2023\/12\/O1CN01AvdBKz1QYY9gMIcYi_2505411988-0-cib.jpg","contentUrl":"https:\/\/ozponcho.com.au\/wp-content\/uploads\/2023\/12\/O1CN01AvdBKz1QYY9gMIcYi_2505411988-0-cib.jpg","width":800,"height":800,"caption":"Chic Leopard Poncho Sweater"},{"@type":"BreadcrumbList","@id":"https:\/\/ozponcho.com.au\/p\/elegant-fur-trim-cape\/#breadcrumb","itemListElement":[{"@type":"ListItem","position":1,"name":"Home","item":"https:\/\/ozponcho.com.au\/"},{"@type":"ListItem","position":2,"name":"Shop","item":"https:\/\/ozponcho.com.au\/shop\/"},{"@type":"ListItem","position":3,"name":"Chic Leopard Poncho Sweater"}]},{"@type":"WebSite","@id":"https:\/\/ozponcho.com.au\/#website","url":"https:\/\/ozponcho.com.au\/","name":"OZ Poncho","description":"","potentialAction":[{"@type":"SearchAction","target":{"@type":"EntryPoint","urlTemplate":"https:\/\/ozponcho.com.au\/?s={search_term_string}"},"query-input":{"@type":"PropertyValueSpecification","valueRequired":true,"valueName":"search_term_string"}}],"inLanguage":"hu"}]}},"_links":{"self":[{"href":"https:\/\/ozponcho.com.au\/hu\/wp-json\/wp\/v2\/product\/13058","targetHints":{"allow":["GET"]}}],"collection":[{"href":"https:\/\/ozponcho.com.au\/hu\/wp-json\/wp\/v2\/product"}],"about":[{"href":"https:\/\/ozponcho.com.au\/hu\/wp-json\/wp\/v2\/types\/product"}],"wp:featuredmedia":[{"embeddable":true,"href":"https:\/\/ozponcho.com.au\/hu\/wp-json\/wp\/v2\/media\/13034"}],"wp:attachment":[{"href":"https:\/\/ozponcho.com.au\/hu\/wp-json\/wp\/v2\/media?parent=13058"}],"wp:term":[{"taxonomy":"product_brand","embeddable":true,"href":"https:\/\/ozponcho.com.au\/hu\/wp-json\/wp\/v2\/product_brand?post=13058"},{"taxonomy":"product_cat","embeddable":true,"href":"https:\/\/ozponcho.com.au\/hu\/wp-json\/wp\/v2\/product_cat?post=13058"},{"taxonomy":"product_tag","embeddable":true,"href":"https:\/\/ozponcho.com.au\/hu\/wp-json\/wp\/v2\/product_tag?post=13058"}],"curies":[{"name":"wp","href":"https:\/\/api.w.org\/{rel}","templated":true}]}}