{"id":13030,"date":"2023-12-13T18:37:46","date_gmt":"2023-12-13T07:37:46","guid":{"rendered":"https:\/\/ozponcho.com.au\/p\/autumn-winter-tassel-cape-shawl-sweater-women-fur-collar-cardigan-coat\/"},"modified":"2024-07-26T12:28:26","modified_gmt":"2024-07-26T01:28:26","slug":"elegant-tassel-trim-wrap","status":"publish","type":"product","link":"https:\/\/ozponcho.com.au\/hu\/p\/elegans-rojtos-szegelyu-tekercs\/","title":{"rendered":"Eleg\u00e1ns rojtos sz\u0151rme poncs\u00f3"},"content":{"rendered":"<p>Dobja fel t\u00e9li ruhat\u00e1r\u00e1t ezzel a leny\u0171g\u00f6z\u0151 poncs\u00f3val, amely az elegancia \u00e9s a melegs\u00e9g t\u00f6k\u00e9letes kever\u00e9ke. A puha akrilsz\u00e1lakb\u00f3l k\u00e9sz\u00fclt, f\u00e9ny\u0171z\u0151en puha tapint\u00e1s\u00fa, a kiv\u00e1l\u00f3 min\u0151s\u00e9g\u0171 gyapj\u00faponch\u00f3khoz hasonl\u00f3an puha tapint\u00e1s\u00fa. A jersey anyag kecsesen drap\u00e9ri\u00e1zik, gy\u00f6ny\u00f6r\u0171, laza szab\u00e1st k\u00edn\u00e1l, amely a mozg\u00e1st\u00f3l lobog. A rojtok \u00e9s a m\u0171sz\u0151rme d\u00edsz\u00edt\u00e9sek kifinomults\u00e1got k\u00f6lcs\u00f6n\u00f6znek, \u00edgy ide\u00e1lis darab a h\u0171v\u00f6s \u0151szi est\u00e9kre vagy a der\u0171s t\u00e9li napokra. Sokoldal\u00fas\u00e1ga k\u00f6nnyed\u00e9n elvezet a h\u00e9tk\u00f6znapi kir\u00e1ndul\u00e1sokt\u00f3l a form\u00e1lisabb esem\u00e9nyekig. Burkolja be mag\u00e1t k\u00e9nyelembe, \u00e9s l\u00e9pjen ki st\u00edlusosan a divatos, rojtokkal d\u00edsz\u00edtett ponch\u00f3val.<\/p>\n<div>St\u00edlus: Eleg\u00e1ns<\/div>\n<div>Illeszked\u00e9s: .<\/div>\n<div>Sz\u00f6vet: Jersey<\/div>\n<div>Mint\u00e1zat: Cs\u00edkos<\/div>\n<div>Elem: Fringe<\/div>\n<div>Top Hossz\u00fas\u00e1g: Hossz\u00fa<\/div>\n<div>H\u00fcvely t\u00edpusa: Szab\u00e1lyos<\/div>\n<div>H\u00fcvely hossza: Hossz\u00fa ujj\u00fa<\/div>\n<div>Z\u00e1r\u00e1si t\u00edpus: Egy\u00e9b<\/div>\n<div>F\u0151 \u00f6sszet\u00e9tel: Akril<\/div>\n<div>Szezon: \u0150sz\/T\u00e9l<\/div>\n<p><img decoding=\"async\" src=\"https:\/\/ozponcho.com.au\/wp-content\/uploads\/2024\/03\/1161293646503346176.png\" \/><img decoding=\"async\" src=\"https:\/\/ozponcho.com.au\/wp-content\/uploads\/2024\/03\/O1CN01Ne086s1QYY4m2Geee_2505411988-0-cib.jpg\" \/><img decoding=\"async\" src=\"https:\/\/ozponcho.com.au\/wp-content\/uploads\/2024\/03\/O1CN01AyB5np1QYY4mbrldt_2505411988-0-cib.jpg\" \/><img decoding=\"async\" src=\"https:\/\/ozponcho.com.au\/wp-content\/uploads\/2024\/03\/O1CN01zdYgl91QYY4m2IOpY_2505411988-0-cib.jpg\" \/><img decoding=\"async\" src=\"https:\/\/ozponcho.com.au\/wp-content\/uploads\/2024\/03\/O1CN01mv4o4n1QYY4mbqh7V_2505411988-0-cib.jpg\" \/><img decoding=\"async\" src=\"https:\/\/ozponcho.com.au\/wp-content\/uploads\/2024\/03\/O1CN015EU05h1QYY4vfq0wD_2505411988-0-cib.jpg\" \/><img decoding=\"async\" src=\"https:\/\/ozponcho.com.au\/wp-content\/uploads\/2024\/03\/O1CN018nyL2M1QYY4m2JChV_2505411988-0-cib.jpg\" \/><img decoding=\"async\" src=\"https:\/\/ozponcho.com.au\/wp-content\/uploads\/2024\/03\/O1CN01K4D4jQ1QYY4okIRfc_2505411988-0-cib.jpg\" \/><\/p>","protected":false},"excerpt":{"rendered":"<p>Elevate your winter wardrobe with this stunning poncho, a perfect blend of elegance and warmth. Crafted with soft acrylic fibers, it provides a luxuriously soft touch akin to a high-quality wool poncho. The jersey fabric drapes gracefully, offering a gorgeous, loose fit that flutters with movement. Tassels and faux fur embellishments add a touch of [&#8230;]","protected":false},"featured_media":12994,"template":"","meta":[],"product_brand":[],"product_cat":[218,225,15,228,214,210,215],"product_tag":[],"class_list":{"0":"post-13030","1":"product","2":"type-product","3":"status-publish","4":"has-post-thumbnail","6":"product_cat-fur-poncho","7":"product_cat-grey-poncho","8":"product_cat-main-category","9":"product_cat-poncho-sweater","10":"product_cat-knitted-crochet-poncho","11":"product_cat-poncho-women","12":"product_cat-wool-poncho","14":"first","15":"outofstock","16":"shipping-taxable","17":"purchasable","18":"product-type-variable"},"yoast_head":"<!-- This site is optimized with the Yoast SEO plugin v25.9 - https:\/\/yoast.com\/wordpress\/plugins\/seo\/ -->\n<title>Chic Fringe Fur Poncho | Magyarorsz\u00e1g #1 Poncho Shop<\/title>\n<meta name=\"description\" content=\"Looking for a Chic Fringe Fur Poncho ? You&#039;ve come to the right place \ud83d\ude04 We offers a wide selection of Chic Fringe Fur Poncho, perfect for you.\" \/>\n<meta name=\"robots\" content=\"index, follow, max-snippet:-1, max-image-preview:large, max-video-preview:-1\" \/>\n<link rel=\"canonical\" href=\"https:\/\/ozponcho.com.au\/hu\/p\/elegans-rojtos-szegelyu-tekercs\/\" \/>\n<meta property=\"og:locale\" content=\"hu_HU\" \/>\n<meta property=\"og:type\" content=\"article\" \/>\n<meta property=\"og:title\" content=\"Chic Fringe Fur Poncho | Magyarorsz\u00e1g #1 Poncho Shop\" \/>\n<meta property=\"og:description\" content=\"Looking for a Chic Fringe Fur Poncho ? You&#039;ve come to the right place \ud83d\ude04 We offers a wide selection of Chic Fringe Fur Poncho, perfect for you.\" \/>\n<meta property=\"og:url\" content=\"https:\/\/ozponcho.com.au\/hu\/p\/elegans-rojtos-szegelyu-tekercs\/\" \/>\n<meta property=\"og:site_name\" content=\"OZ Poncho\" \/>\n<meta property=\"article:modified_time\" content=\"2024-07-26T01:28:26+00:00\" \/>\n<meta property=\"og:image\" content=\"https:\/\/ozponcho.com.au\/wp-content\/uploads\/2023\/12\/O1CN01bNlLkp1QYY4iOyPDy_2505411988-0-cib.jpg\" \/>\n\t<meta property=\"og:image:width\" content=\"800\" \/>\n\t<meta property=\"og:image:height\" content=\"800\" \/>\n\t<meta property=\"og:image:type\" content=\"image\/jpeg\" \/>\n<meta name=\"twitter:card\" content=\"summary_large_image\" \/>\n<meta name=\"twitter:label1\" content=\"Becs\u00fclt olvas\u00e1si id\u0151\" \/>\n\t<meta name=\"twitter:data1\" content=\"1 perc\" \/>\n<script type=\"application\/ld+json\" class=\"yoast-schema-graph\">{\"@context\":\"https:\/\/schema.org\",\"@graph\":[{\"@type\":\"WebPage\",\"@id\":\"https:\/\/ozponcho.com.au\/p\/elegant-tassel-trim-wrap\/\",\"url\":\"https:\/\/ozponcho.com.au\/p\/elegant-tassel-trim-wrap\/\",\"name\":\"Chic Fringe Fur Poncho | Magyarorsz\u00e1g #1 Poncho Shop\",\"isPartOf\":{\"@id\":\"https:\/\/ozponcho.com.au\/#website\"},\"primaryImageOfPage\":{\"@id\":\"https:\/\/ozponcho.com.au\/p\/elegant-tassel-trim-wrap\/#primaryimage\"},\"image\":{\"@id\":\"https:\/\/ozponcho.com.au\/p\/elegant-tassel-trim-wrap\/#primaryimage\"},\"thumbnailUrl\":\"https:\/\/ozponcho.com.au\/wp-content\/uploads\/2023\/12\/O1CN01bNlLkp1QYY4iOyPDy_2505411988-0-cib.jpg\",\"datePublished\":\"2023-12-13T07:37:46+00:00\",\"dateModified\":\"2024-07-26T01:28:26+00:00\",\"description\":\"Looking for a Chic Fringe Fur Poncho ? You've come to the right place \ud83d\ude04 We offers a wide selection of Chic Fringe Fur Poncho, perfect for you.\",\"breadcrumb\":{\"@id\":\"https:\/\/ozponcho.com.au\/p\/elegant-tassel-trim-wrap\/#breadcrumb\"},\"inLanguage\":\"hu\",\"potentialAction\":[{\"@type\":\"ReadAction\",\"target\":[\"https:\/\/ozponcho.com.au\/p\/elegant-tassel-trim-wrap\/\"]}]},{\"@type\":\"ImageObject\",\"inLanguage\":\"hu\",\"@id\":\"https:\/\/ozponcho.com.au\/p\/elegant-tassel-trim-wrap\/#primaryimage\",\"url\":\"https:\/\/ozponcho.com.au\/wp-content\/uploads\/2023\/12\/O1CN01bNlLkp1QYY4iOyPDy_2505411988-0-cib.jpg\",\"contentUrl\":\"https:\/\/ozponcho.com.au\/wp-content\/uploads\/2023\/12\/O1CN01bNlLkp1QYY4iOyPDy_2505411988-0-cib.jpg\",\"width\":800,\"height\":800,\"caption\":\"Chic Fringe Fur Poncho\"},{\"@type\":\"BreadcrumbList\",\"@id\":\"https:\/\/ozponcho.com.au\/p\/elegant-tassel-trim-wrap\/#breadcrumb\",\"itemListElement\":[{\"@type\":\"ListItem\",\"position\":1,\"name\":\"Home\",\"item\":\"https:\/\/ozponcho.com.au\/\"},{\"@type\":\"ListItem\",\"position\":2,\"name\":\"Shop\",\"item\":\"https:\/\/ozponcho.com.au\/shop\/\"},{\"@type\":\"ListItem\",\"position\":3,\"name\":\"Chic Fringe Fur Poncho\"}]},{\"@type\":\"WebSite\",\"@id\":\"https:\/\/ozponcho.com.au\/#website\",\"url\":\"https:\/\/ozponcho.com.au\/\",\"name\":\"OZ Poncho\",\"description\":\"\",\"potentialAction\":[{\"@type\":\"SearchAction\",\"target\":{\"@type\":\"EntryPoint\",\"urlTemplate\":\"https:\/\/ozponcho.com.au\/?s={search_term_string}\"},\"query-input\":{\"@type\":\"PropertyValueSpecification\",\"valueRequired\":true,\"valueName\":\"search_term_string\"}}],\"inLanguage\":\"hu\"}]}<\/script>\n<!-- \/ Yoast SEO plugin. -->","yoast_head_json":{"title":"Eleg\u00e1ns rojtos sz\u0151rmeponcs\u00f3 | Magyarorsz\u00e1g #1 Poncs\u00f3 Shop","description":"Sikkes rojtos sz\u0151rmeponcs\u00f3t keresel ? A legjobb helyre j\u00f6tt\u00e9l \ud83d\ude04 Chic Fringe Fur Poncho sz\u00e9les v\u00e1laszt\u00e9k\u00e1t k\u00edn\u00e1ljuk, t\u00f6k\u00e9letes az \u00d6n sz\u00e1m\u00e1ra.","robots":{"index":"index","follow":"follow","max-snippet":"max-snippet:-1","max-image-preview":"max-image-preview:large","max-video-preview":"max-video-preview:-1"},"canonical":"https:\/\/ozponcho.com.au\/hu\/p\/elegans-rojtos-szegelyu-tekercs\/","og_locale":"hu_HU","og_type":"article","og_title":"Chic Fringe Fur Poncho | Magyarorsz\u00e1g #1 Poncho Shop","og_description":"Looking for a Chic Fringe Fur Poncho ? You've come to the right place \ud83d\ude04 We offers a wide selection of Chic Fringe Fur Poncho, perfect for you.","og_url":"https:\/\/ozponcho.com.au\/hu\/p\/elegans-rojtos-szegelyu-tekercs\/","og_site_name":"OZ Poncho","article_modified_time":"2024-07-26T01:28:26+00:00","og_image":[{"width":800,"height":800,"url":"https:\/\/ozponcho.com.au\/wp-content\/uploads\/2023\/12\/O1CN01bNlLkp1QYY4iOyPDy_2505411988-0-cib.jpg","type":"image\/jpeg"}],"twitter_card":"summary_large_image","twitter_misc":{"Becs\u00fclt olvas\u00e1si id\u0151":"1 perc"},"schema":{"@context":"https:\/\/schema.org","@graph":[{"@type":"WebPage","@id":"https:\/\/ozponcho.com.au\/p\/elegant-tassel-trim-wrap\/","url":"https:\/\/ozponcho.com.au\/p\/elegant-tassel-trim-wrap\/","name":"Eleg\u00e1ns rojtos sz\u0151rmeponcs\u00f3 | Magyarorsz\u00e1g #1 Poncs\u00f3 Shop","isPartOf":{"@id":"https:\/\/ozponcho.com.au\/#website"},"primaryImageOfPage":{"@id":"https:\/\/ozponcho.com.au\/p\/elegant-tassel-trim-wrap\/#primaryimage"},"image":{"@id":"https:\/\/ozponcho.com.au\/p\/elegant-tassel-trim-wrap\/#primaryimage"},"thumbnailUrl":"https:\/\/ozponcho.com.au\/wp-content\/uploads\/2023\/12\/O1CN01bNlLkp1QYY4iOyPDy_2505411988-0-cib.jpg","datePublished":"2023-12-13T07:37:46+00:00","dateModified":"2024-07-26T01:28:26+00:00","description":"Sikkes rojtos sz\u0151rmeponcs\u00f3t keresel ? A legjobb helyre j\u00f6tt\u00e9l \ud83d\ude04 Chic Fringe Fur Poncho sz\u00e9les v\u00e1laszt\u00e9k\u00e1t k\u00edn\u00e1ljuk, t\u00f6k\u00e9letes az \u00d6n sz\u00e1m\u00e1ra.","breadcrumb":{"@id":"https:\/\/ozponcho.com.au\/p\/elegant-tassel-trim-wrap\/#breadcrumb"},"inLanguage":"hu","potentialAction":[{"@type":"ReadAction","target":["https:\/\/ozponcho.com.au\/p\/elegant-tassel-trim-wrap\/"]}]},{"@type":"ImageObject","inLanguage":"hu","@id":"https:\/\/ozponcho.com.au\/p\/elegant-tassel-trim-wrap\/#primaryimage","url":"https:\/\/ozponcho.com.au\/wp-content\/uploads\/2023\/12\/O1CN01bNlLkp1QYY4iOyPDy_2505411988-0-cib.jpg","contentUrl":"https:\/\/ozponcho.com.au\/wp-content\/uploads\/2023\/12\/O1CN01bNlLkp1QYY4iOyPDy_2505411988-0-cib.jpg","width":800,"height":800,"caption":"Chic Fringe Fur Poncho"},{"@type":"BreadcrumbList","@id":"https:\/\/ozponcho.com.au\/p\/elegant-tassel-trim-wrap\/#breadcrumb","itemListElement":[{"@type":"ListItem","position":1,"name":"Home","item":"https:\/\/ozponcho.com.au\/"},{"@type":"ListItem","position":2,"name":"Shop","item":"https:\/\/ozponcho.com.au\/shop\/"},{"@type":"ListItem","position":3,"name":"Chic Fringe Fur Poncho"}]},{"@type":"WebSite","@id":"https:\/\/ozponcho.com.au\/#website","url":"https:\/\/ozponcho.com.au\/","name":"OZ Poncho","description":"","potentialAction":[{"@type":"SearchAction","target":{"@type":"EntryPoint","urlTemplate":"https:\/\/ozponcho.com.au\/?s={search_term_string}"},"query-input":{"@type":"PropertyValueSpecification","valueRequired":true,"valueName":"search_term_string"}}],"inLanguage":"hu"}]}},"_links":{"self":[{"href":"https:\/\/ozponcho.com.au\/hu\/wp-json\/wp\/v2\/product\/13030","targetHints":{"allow":["GET"]}}],"collection":[{"href":"https:\/\/ozponcho.com.au\/hu\/wp-json\/wp\/v2\/product"}],"about":[{"href":"https:\/\/ozponcho.com.au\/hu\/wp-json\/wp\/v2\/types\/product"}],"wp:featuredmedia":[{"embeddable":true,"href":"https:\/\/ozponcho.com.au\/hu\/wp-json\/wp\/v2\/media\/12994"}],"wp:attachment":[{"href":"https:\/\/ozponcho.com.au\/hu\/wp-json\/wp\/v2\/media?parent=13030"}],"wp:term":[{"taxonomy":"product_brand","embeddable":true,"href":"https:\/\/ozponcho.com.au\/hu\/wp-json\/wp\/v2\/product_brand?post=13030"},{"taxonomy":"product_cat","embeddable":true,"href":"https:\/\/ozponcho.com.au\/hu\/wp-json\/wp\/v2\/product_cat?post=13030"},{"taxonomy":"product_tag","embeddable":true,"href":"https:\/\/ozponcho.com.au\/hu\/wp-json\/wp\/v2\/product_tag?post=13030"}],"curies":[{"name":"wp","href":"https:\/\/api.w.org\/{rel}","templated":true}]}}